{"id":174403,"date":"2022-06-10T11:37:20","date_gmt":"2022-06-10T09:37:20","guid":{"rendered":"https:\/\/www.groupe-sos.org\/groupe-sos\/"},"modified":"2025-10-23T10:20:46","modified_gmt":"2025-10-23T08:20:46","slug":"groupe-sos","status":"publish","type":"page","link":"https:\/\/www.groupe-sos.org\/en\/","title":{"rendered":"Groupe SOS"},"content":{"rendered":"<div id=\"field_62d69939af4f1\" class=\"container-fluid px-0 flexible_section block_hero\">   <div id=\"hero_62d69939af4f1\" class=\"hero_container px-0\">    <div class=\"hero_image_outer\"> <picture class=\"skip-lazy\">  \t\t\t\t\t<source srcset=\"https:\/\/www.groupe-sos.org\/wp-content\/uploads\/2024\/10\/Home_EN-40-years.png\" media=\"(min-width: 578px)\" class=\"skip-lazy\">  \t\t\t\t\t<img srcset=\"https:\/\/www.groupe-sos.org\/wp-content\/uploads\/2024\/10\/Home_mobile_EN-40-years.png\" alt=\"\" class=\"heroimage\" \/>  \t\t\t\t<\/picture>   <\/div>   <\/div> <\/div>\n\n<div id=\"field_pow3242120d0ec34bef\" class=\"container-fluid px-0 flexible_section block_columns\">\n <div id=\"field_pow3242120d0ec34bef_inner\" class=\"container flexible_section_inner p-5 homeaccroche\">\n\n   <div class=\"row flexible_section_content\">\n\n   <div class=\"mb-3 mb-sm-0 col-sm-6 colonne colonne1\">\n    <div class=\"colonne_inner  text-left\">\n<h1>Entrepreneurs<br \/>\nfor common good<\/h1>\n    <\/div>\n   <\/div>\n   <div class=\"col-sm-6 colonne colonne2\">\n    <div class=\"colonne_inner  text-left\">\n<p>Combatting exclusion.<br \/>\nWorking in the field so the basic needs of all are met.<br \/>\nInnovating to conquer the challenges of tomorrow.<\/p>\n<p>A non-profit group born in 1984 during the AIDS crisis. Europe\u2019s leader in social purpose entrepreneurship.<\/p>\n<p>Directly impacting 2 million beneficiaries each year.<\/p>\n    <\/div>\n   <\/div>\n  <\/div>\n\n <\/div>\n<\/div>\n\n\n<div id=\"field_pow2c1e4b6f74684bef\" class=\"container-fluid px-0 flexible_section block_customhtml\">\n <div id=\"field_pow2c1e4b6f74684bef_inner\" class=\"container flexible_section_inner\">\n\n<div class=\"row no-gutters\">\n\n <div class=\"col-12 col-sm-4 col_actionshomes pr-4\"><div class=\"col_actionshomes_inner bg-orange h-100 linkable\" data-dest=\"https:\/\/www.groupe-sos.org\/en\/les-personnes-vulnerables\/\">\n  <div class=\"col_actionshomes_top\"> \n    <h3 class=\"white p-5\">For the most vulnerable<\/h3>\n  <\/div>\n  <div class=\"col_actionshomes_top_more text-right m-0\"><a href=\"https:\/\/www.groupe-sos.org\/en\/les-personnes-vulnerables\/\" class=\"lightbluebutton\">Learn more<\/a><\/div>\n  <div class=\"col_actionshomes_bottom\" style=\"background:url(&quot;https:\/\/www.groupe-sos.org\/wp-content\/uploads\/2020\/12\/30_bdh_20190228_439.jpg&quot;) no-repeat 50% 0%;\"><\/div>\n <\/div><\/div>\n\n <div class=\"col-12 col-sm-4 col_actionshomes px-3\"><div class=\"col_actionshomes_inner bg-red h-100 linkable\" data-dest=\"https:\/\/www.groupe-sos.org\/en\/nos-actions\/les-generations-futures\/\">\n  <div class=\"col_actionshomes_top\"> \n    <h3 class=\"white p-5\">For future generations<\/h3>\n  <\/div>\n  <div class=\"col_actionshomes_top_more text-right m-0\"><a href=\"https:\/\/www.groupe-sos.org\/en\/nos-actions\/les-generations-futures\/\" class=\"lightbluebutton\">Learn more<\/a><\/div>\n  <div class=\"col_actionshomes_bottom\" style=\"background:url(&quot;https:\/\/www.groupe-sos.org\/wp-content\/uploads\/2023\/03\/jeunesse-1.jpg&quot;) no-repeat 50% 50%;background-size:cover;\"><\/div>\n <\/div><\/div>\n\n <div class=\"col-12 col-sm-4 col_actionshomes pl-4\"><div class=\"col_actionshomes_inner bg-green h-100 linkable\" data-dest=\"https:\/\/www.groupe-sos.org\/en\/nos-actions\/les-territoires\/\">\n  <div class=\"col_actionshomes_top\"> \n    <h3 class=\"white p-5\">For regions<\/h3>\n  <\/div>\n  <div class=\"col_actionshomes_top_more text-right m-0\"><a href=\"https:\/\/www.groupe-sos.org\/en\/nos-actions\/les-territoires\/\" class=\"lightbluebutton\">Learn more<\/a><\/div>\n  <div class=\"col_actionshomes_bottom\" style=\"background:url(&quot;https:\/\/www.groupe-sos.org\/wp-content\/uploads\/2023\/03\/1000-cafes_web.jpg&quot;) no-repeat 50% 50%;background-size:cover;\"><\/div>\n <\/div><\/div>\n\n<\/div> <\/div>\n<\/div>\n\n\n<div id=\"field_62d7d34f14fb7\" class=\"container-fluid px-0 flexible_section block_columns\">\n <div id=\"field_62d7d34f14fb7_inner\" class=\"container flexible_section_inner\">\n\n  <div class=\"row flexible_section_title_container\"><div class=\"col-12 flexible_section_title_col\"><h2 class=\"flexible_section_title mb-5 text-left  \">Map of our facilities and organisations<\/h2><\/div><\/div>\n   <div class=\"row flexible_section_content\">\n\n   <div class=\"blockbutton mb-3 mb-sm-0 col-sm-4 colonne colonne1\">\n    <div class=\"colonne_inner h-100 text-left\">\n<h3>Local presence and action<\/h3>\n<p>Needs emerge everywhere, all locally and regionally specific. Groupe SOS works in more than 50 countries to respond to the needs of the most vulnerable, future generations and regions. Groupe SOS acts on the ground to create solutions to social and environmental issues in collaboration with local actors and inhabitants.<br \/>\n<a class=\"lightbluebutton\" href=\"https:\/\/www.groupe-sos.org\/en\/le-groupe-sos\/our-international-projects\/\">Discover<\/a><\/p>\n    <\/div>\n   <\/div>\n   <div class=\"col-sm-8 colonne colonne2\">\n    <div class=\"colonne_inner text-center d-flex align-items-center justify-content-center\">\n    <div class=\"colonne_inner_sub \">\n<p><img decoding=\"async\" class=\"aligncenter size-large wp-image-175957\" src=\"https:\/\/www.groupe-sos.org\/wp-content\/uploads\/2023\/06\/carte-internationale-juin-2023-1024x622.png\" alt=\"\" width=\"1024\" height=\"622\" srcset=\"https:\/\/www.groupe-sos.org\/wp-content\/uploads\/2023\/06\/carte-internationale-juin-2023-1024x622.png 1024w, https:\/\/www.groupe-sos.org\/wp-content\/uploads\/2023\/06\/carte-internationale-juin-2023-300x182.png 300w, https:\/\/www.groupe-sos.org\/wp-content\/uploads\/2023\/06\/carte-internationale-juin-2023-768x467.png 768w, https:\/\/www.groupe-sos.org\/wp-content\/uploads\/2023\/06\/carte-internationale-juin-2023.png 1114w\" sizes=\"(max-width: 1024px) 100vw, 1024px\" \/><\/p>\n    <\/div>\n    <\/div>\n   <\/div>\n  <\/div>\n\n <\/div>\n<\/div>\n\n\n<div id=\"field_63037fddae501\" class=\"container-fluid px-0 flexible_section block_categorygrid\">\n <div id=\"field_63037fddae501_inner\" class=\"container flexible_section_inner\">\n\n  <div class=\"row flexible_section_title_container\"><div class=\"col-12 flexible_section_title_col\"><h2 class=\"flexible_section_title mb-5 text-left  \">News<\/h2><\/div><\/div>\n<div class=\"container-fluid px-0\" id=\"grid_63037fddae501_outer\">\n<div class=\"container px-0\">\n  <div class=\"row row-cols-1 row-cols-md-3 row-cols-lg-3 flexible_section_content\" id=\"grid_63037fddae501\">\n   <div class=\"col-sm-12 col-md-4 col-lg-4  item fullwidth first-item col-12 mb-3 elem-1\">\n<div class=\"item_content item_actus linkable h-100 item_rouge\" data-dest=\"https:\/\/www.groupe-sos.org\/en\/actualites-en\/erasmus-projects-supporting-social-inclusion-and-ecological-transition-three-groupe-sos-organisations-awarded\/\">\r\n<div class=\"item_content_thumb\">   <div class=\"grid_post_thumbnail mb-3\"><img decoding=\"async\" width=\"1707\" height=\"2560\" src=\"https:\/\/www.groupe-sos.org\/wp-content\/uploads\/2023\/05\/christian-lue-M-qfT_t-7PY-unsplash-scaled.jpg\" class=\"attachment-post-thumbnail size-post-thumbnail wp-post-image\" alt=\"union europ\u00e9enne - lgbt\" srcset=\"https:\/\/www.groupe-sos.org\/wp-content\/uploads\/2023\/05\/christian-lue-M-qfT_t-7PY-unsplash-scaled.jpg 1707w, https:\/\/www.groupe-sos.org\/wp-content\/uploads\/2023\/05\/christian-lue-M-qfT_t-7PY-unsplash-200x300.jpg 200w, https:\/\/www.groupe-sos.org\/wp-content\/uploads\/2023\/05\/christian-lue-M-qfT_t-7PY-unsplash-683x1024.jpg 683w, https:\/\/www.groupe-sos.org\/wp-content\/uploads\/2023\/05\/christian-lue-M-qfT_t-7PY-unsplash-768x1152.jpg 768w, https:\/\/www.groupe-sos.org\/wp-content\/uploads\/2023\/05\/christian-lue-M-qfT_t-7PY-unsplash-1024x1536.jpg 1024w, https:\/\/www.groupe-sos.org\/wp-content\/uploads\/2023\/05\/christian-lue-M-qfT_t-7PY-unsplash-1365x2048.jpg 1365w\" sizes=\"(max-width: 1707px) 100vw, 1707px\" \/><\/div>\n <\/div>\r\n<div class=\"item_actus_content_outer\">\r\n<p class=\"mt-1 small px-1\">13 October 2025<\/p>\r\n<h3 class=\"blue my-3 px-1\">Erasmus+ projects supporting social inclusion and ecological transition: three Groupe SOS organisations awarded\u00a0<\/h3>\r\n<div class=\"item_actus_content px-1\">Groupe SOS is strengthening its European engagement by winning three Erasmus+ projects as coordinator, through its organisations Solidarit\u00e9 \u00c9nerg\u00e9tique France&hellip;<\/div>\r\n<p class=\"item_more mt-3 p-1\"><a href=\"https:\/\/www.groupe-sos.org\/en\/actualites-en\/erasmus-projects-supporting-social-inclusion-and-ecological-transition-three-groupe-sos-organisations-awarded\/\" class=\"readmorebutton\">Read more<\/a><\/p>\r\n<\/div>\r\n<\/div>   <\/div>\n   <div class=\"col-sm-12 col-md-4 col-lg-4  item mb-3 elem-2\">\n<div class=\"item_content item_actus linkable h-100 item_jaune\" data-dest=\"https:\/\/www.groupe-sos.org\/en\/actualites-en\/lets-not-be-afraid\/\">\r\n<div class=\"item_content_thumb\">   <div class=\"grid_post_thumbnail mb-3\"><img decoding=\"async\" width=\"2560\" height=\"1498\" src=\"https:\/\/www.groupe-sos.org\/wp-content\/uploads\/2025\/07\/Europe-1-scaled.jpg\" class=\"attachment-post-thumbnail size-post-thumbnail wp-post-image\" alt=\"\" srcset=\"https:\/\/www.groupe-sos.org\/wp-content\/uploads\/2025\/07\/Europe-1-scaled.jpg 2560w, https:\/\/www.groupe-sos.org\/wp-content\/uploads\/2025\/07\/Europe-1-300x176.jpg 300w, https:\/\/www.groupe-sos.org\/wp-content\/uploads\/2025\/07\/Europe-1-1024x599.jpg 1024w, https:\/\/www.groupe-sos.org\/wp-content\/uploads\/2025\/07\/Europe-1-768x449.jpg 768w, https:\/\/www.groupe-sos.org\/wp-content\/uploads\/2025\/07\/Europe-1-1536x899.jpg 1536w, https:\/\/www.groupe-sos.org\/wp-content\/uploads\/2025\/07\/Europe-1-2048x1198.jpg 2048w\" sizes=\"(max-width: 2560px) 100vw, 2560px\" \/><\/div>\n <\/div>\r\n<div class=\"item_actus_content_outer\">\r\n<p class=\"mt-1 small px-1\">29 August 2025<\/p>\r\n<h3 class=\"blue my-3 px-1\">Let\u2019s Not Be Afraid!<\/h3>\r\n<div class=\"item_actus_content px-1\">The Call from Over 150 Business Leaders to Rebuild European Sovereignty. An opinion piece published in the French newspaper \u201cLes&hellip;<\/div>\r\n<p class=\"item_more mt-3 p-1\"><a href=\"https:\/\/www.groupe-sos.org\/en\/actualites-en\/lets-not-be-afraid\/\" class=\"readmorebutton\">Read more<\/a><\/p>\r\n<\/div>\r\n<\/div>   <\/div>\n   <div class=\"col-sm-12 col-md-4 col-lg-4  item mb-3 elem-3\">\n<div class=\"item_content item_actus linkable h-100 item_vert\" data-dest=\"https:\/\/www.groupe-sos.org\/en\/actualites-en\/hospitalisation-supporting-children-beyond-medical-care-crf-villiers-sur-marne\/\">\r\n<div class=\"item_content_thumb\">   <div class=\"grid_post_thumbnail mb-3\"><img decoding=\"async\" width=\"2016\" height=\"954\" src=\"https:\/\/www.groupe-sos.org\/wp-content\/uploads\/2025\/07\/CRF-VILLIERS.jpeg\" class=\"attachment-post-thumbnail size-post-thumbnail wp-post-image\" alt=\"\" srcset=\"https:\/\/www.groupe-sos.org\/wp-content\/uploads\/2025\/07\/CRF-VILLIERS.jpeg 2016w, https:\/\/www.groupe-sos.org\/wp-content\/uploads\/2025\/07\/CRF-VILLIERS-300x142.jpeg 300w, https:\/\/www.groupe-sos.org\/wp-content\/uploads\/2025\/07\/CRF-VILLIERS-1024x485.jpeg 1024w, https:\/\/www.groupe-sos.org\/wp-content\/uploads\/2025\/07\/CRF-VILLIERS-768x363.jpeg 768w, https:\/\/www.groupe-sos.org\/wp-content\/uploads\/2025\/07\/CRF-VILLIERS-1536x727.jpeg 1536w\" sizes=\"(max-width: 2016px) 100vw, 2016px\" \/><\/div>\n <\/div>\r\n<div class=\"item_actus_content_outer\">\r\n<p class=\"mt-1 small px-1\">23 July 2025<\/p>\r\n<h3 class=\"blue my-3 px-1\">Hospitalisation: Supporting Children Beyond Medical Care \u2013 CRF Villiers-sur-Marne\u00a0<\/h3>\r\n<div class=\"item_actus_content px-1\">Being admitted to hospital is a complex experience for a child and their family. Beyond the pain caused by illness&hellip;<\/div>\r\n<p class=\"item_more mt-3 p-1\"><a href=\"https:\/\/www.groupe-sos.org\/en\/actualites-en\/hospitalisation-supporting-children-beyond-medical-care-crf-villiers-sur-marne\/\" class=\"readmorebutton\">Read more<\/a><\/p>\r\n<\/div>\r\n<\/div>   <\/div>\n   <div class=\"col-sm-12 col-md-4 col-lg-4  item mb-3 elem-4\">\n<div class=\"item_content item_actus linkable h-100 item_bleu\" data-dest=\"https:\/\/www.groupe-sos.org\/en\/actualites-en\/africas-social-and-solidarity-economy-building-tomorrows-solutions\/\">\r\n<div class=\"item_content_thumb\">   <div class=\"grid_post_thumbnail mb-3\"><img decoding=\"async\" width=\"500\" height=\"300\" src=\"https:\/\/www.groupe-sos.org\/wp-content\/uploads\/2022\/12\/34.-PPI.png\" class=\"attachment-post-thumbnail size-post-thumbnail wp-post-image\" alt=\"Quatre femmes regardent vers la m\" srcset=\"https:\/\/www.groupe-sos.org\/wp-content\/uploads\/2022\/12\/34.-PPI.png 500w, https:\/\/www.groupe-sos.org\/wp-content\/uploads\/2022\/12\/34.-PPI-300x180.png 300w\" sizes=\"(max-width: 500px) 100vw, 500px\" \/><\/div>\n <\/div>\r\n<div class=\"item_actus_content_outer\">\r\n<p class=\"mt-1 small px-1\">17 July 2025<\/p>\r\n<h3 class=\"blue my-3 px-1\">Africa\u2019s Social and Solidarity Economy: Building Tomorrow\u2019s Solutions \u00a0<\/h3>\r\n<div class=\"item_actus_content px-1\">In a constrained funding context for international solidarity, Africa&#8217;s social and solidarity economy is a sustainable path for inclusive development&hellip;<\/div>\r\n<p class=\"item_more mt-3 p-1\"><a href=\"https:\/\/www.groupe-sos.org\/en\/actualites-en\/africas-social-and-solidarity-economy-building-tomorrows-solutions\/\" class=\"readmorebutton\">Read more<\/a><\/p>\r\n<\/div>\r\n<\/div>   <\/div>\n  <\/div>\n<\/div>\n<\/div>\n  <div class=\"row flexible_section_footer\"><div class=\"col\"><p>&nbsp;<\/p>\n<p style=\"text-align: center\"><a class=\"lightbluebutton\" href=\"https:\/\/www.groupe-sos.org\/en\/actus\/\">See more news<\/a><\/p>\n<\/div><\/div>\n\n <\/div>\n<\/div>\n\n\n<div id=\"field_powb54720eab07a423c\" class=\"container-fluid px-0 flexible_section block_innertemplate\">\n <div id=\"field_powb54720eab07a423c_inner\" class=\"container flexible_section_inner\">\n\n   <div class=\"row flexible_section_content\">\n\n  <\/div>\n\n <\/div>\n<\/div>\n\n\n<div id=\"field_pow9794ff7032db4582\" class=\"container-fluid px-0 flexible_section block_columns\">\n <div id=\"field_pow9794ff7032db4582_inner\" class=\"container flexible_section_inner\">\n\n  <div class=\"row flexible_section_title_container\"><div class=\"col-12 flexible_section_title_col\"><h2 class=\"flexible_section_title mb-5 text-left  \">Videos<\/h2><\/div><\/div>\n   <div class=\"row flexible_section_content\">\n\n   <div class=\"mb-3 mb-sm-0 mb-3 mb-sm-0 col-sm-6 colonne colonne1\">\n    <div class=\"colonne_inner  text-left\">\n\r\n\t<div class=\"youtube-video-place embed-responsive\" data-ratio=\"16by9\" data-yturl=\"https:\/\/www.youtube.com\/embed\/HNSehgD6tIs?autoplay=1&amp;rel=0&amp;showinfo=0\">\r\n\t\t<div class=\"youtube-video-place-inner\">\r\n\t\t\t<img decoding=\"async\" src=\"https:\/\/www.groupe-sos.org\/wp-content\/themes\/flexipow\/assets\/icons\/videoplayer.png\" class=\"play-youtube-button\" alt=\"youtubebutton\">\r\n\t\t\t<img decoding=\"async\" src=\"https:\/\/i.ytimg.com\/vi\/HNSehgD6tIs\/maxresdefault.jpg\" class=\"play-youtube-video w-100 skip-lazy\" alt=\"video\">\r\n\t\t<\/div>\t\r\n\t<\/div>\r\n\t\n<p>&nbsp;<\/p>\n    <\/div>\n   <\/div>\n   <div class=\"col-sm-6 colonne colonne2\">\n    <div class=\"colonne_inner  text-left\">\n\r\n\t<div class=\"youtube-video-place embed-responsive\" data-ratio=\"16by9\" data-yturl=\"https:\/\/www.youtube.com\/embed\/e2-p2gLQqBE?autoplay=1&amp;rel=0&amp;showinfo=0\">\r\n\t\t<div class=\"youtube-video-place-inner\">\r\n\t\t\t<img decoding=\"async\" src=\"https:\/\/www.groupe-sos.org\/wp-content\/themes\/flexipow\/assets\/icons\/videoplayer.png\" class=\"play-youtube-button\" alt=\"youtubebutton\">\r\n\t\t\t<img decoding=\"async\" src=\"https:\/\/i.ytimg.com\/vi\/e2-p2gLQqBE\/maxresdefault.jpg\" class=\"play-youtube-video w-100 skip-lazy\" alt=\"video\">\r\n\t\t<\/div>\t\r\n\t<\/div>\r\n\t\n    <\/div>\n   <\/div>\n  <\/div>\n\n  <div class=\"row flexible_section_footer\"><div class=\"col\"><p style=\"text-align: center\"><a class=\"lightbluebutton mt-3\" href=\"https:\/\/www.youtube.com\/c\/GroupeSOS-ESS\" target=\"_blank\" rel=\"noopener\">All videos<\/a><\/p>\n<\/div><\/div>\n\n <\/div>\n<\/div>\n\n\n\n<p><\/p>\n","protected":false},"excerpt":{"rendered":"<p>Un groupe associatif leader de l\u2019entrepreneuriat social en Europe.<\/p>\n","protected":false},"author":1,"featured_media":0,"parent":0,"menu_order":138,"comment_status":"closed","ping_status":"closed","template":"page-flexipow.php","meta":{"_acf_changed":false,"footnotes":""},"secteur":[],"class_list":["post-174403","page","type-page","status-publish","hentry"],"acf":[],"yoast_head":"<!-- This site is optimized with the Yoast SEO plugin v26.5 - https:\/\/yoast.com\/wordpress\/plugins\/seo\/ -->\n<title>Groupe SOS - Entreprendre au profit de tous<\/title>\n<meta name=\"description\" content=\"Un groupe associatif leader de l\u2019entrepreneuriat social en Europe.\" \/>\n<meta name=\"robots\" content=\"index, follow, max-snippet:-1, max-image-preview:large, max-video-preview:-1\" \/>\n<link rel=\"canonical\" href=\"https:\/\/www.groupe-sos.org\/en\/\" \/>\n<meta property=\"og:locale\" content=\"en_US\" \/>\n<meta property=\"og:type\" content=\"article\" \/>\n<meta property=\"og:title\" content=\"Groupe SOS - Entreprendre au profit de tous\" \/>\n<meta property=\"og:description\" content=\"Un groupe associatif leader de l\u2019entrepreneuriat social en Europe.\" \/>\n<meta property=\"og:url\" content=\"https:\/\/www.groupe-sos.org\/en\/\" \/>\n<meta property=\"og:site_name\" content=\"Groupe SOS\" \/>\n<meta property=\"article:publisher\" content=\"https:\/\/www.facebook.com\/GroupeSOS\/\" \/>\n<meta property=\"article:modified_time\" content=\"2025-10-23T08:20:46+00:00\" \/>\n<meta name=\"twitter:card\" content=\"summary_large_image\" \/>\n<meta name=\"twitter:site\" content=\"@groupesos\" \/>\n<meta name=\"twitter:label1\" content=\"Est. reading time\" \/>\n\t<meta name=\"twitter:data1\" content=\"3 minutes\" \/>\n<script type=\"application\/ld+json\" class=\"yoast-schema-graph\">{\"@context\":\"https:\/\/schema.org\",\"@graph\":[{\"@type\":\"WebPage\",\"@id\":\"https:\/\/www.groupe-sos.org\/en\/\",\"url\":\"https:\/\/www.groupe-sos.org\/en\/\",\"name\":\"Groupe SOS - Entreprendre au profit de tous\",\"isPartOf\":{\"@id\":\"https:\/\/www.groupe-sos.org\/en\/#website\"},\"datePublished\":\"2022-06-10T09:37:20+00:00\",\"dateModified\":\"2025-10-23T08:20:46+00:00\",\"description\":\"Un groupe associatif leader de l\u2019entrepreneuriat social en Europe.\",\"breadcrumb\":{\"@id\":\"https:\/\/www.groupe-sos.org\/en\/#breadcrumb\"},\"inLanguage\":\"en-US\",\"potentialAction\":[{\"@type\":\"ReadAction\",\"target\":[\"https:\/\/www.groupe-sos.org\/en\/\"]}]},{\"@type\":\"BreadcrumbList\",\"@id\":\"https:\/\/www.groupe-sos.org\/en\/#breadcrumb\",\"itemListElement\":[{\"@type\":\"ListItem\",\"position\":1,\"name\":\"Home\",\"item\":\"https:\/\/www.groupe-sos.org\/en\/\"},{\"@type\":\"ListItem\",\"position\":2,\"name\":\"Groupe SOS\"}]},{\"@type\":\"WebSite\",\"@id\":\"https:\/\/www.groupe-sos.org\/en\/#website\",\"url\":\"https:\/\/www.groupe-sos.org\/en\/\",\"name\":\"Groupe SOS Entreprendre au profit de tous\",\"description\":\"Entreprendre au profit de tous\",\"publisher\":{\"@id\":\"https:\/\/www.groupe-sos.org\/en\/#organization\"},\"alternateName\":\"Groupe SOS\",\"potentialAction\":[{\"@type\":\"SearchAction\",\"target\":{\"@type\":\"EntryPoint\",\"urlTemplate\":\"https:\/\/www.groupe-sos.org\/en\/?s={search_term_string}\"},\"query-input\":{\"@type\":\"PropertyValueSpecification\",\"valueRequired\":true,\"valueName\":\"search_term_string\"}}],\"inLanguage\":\"en-US\"},{\"@type\":\"Organization\",\"@id\":\"https:\/\/www.groupe-sos.org\/en\/#organization\",\"name\":\"Groupe SOS\",\"alternateName\":\"Entreprendre au profit de tous\",\"url\":\"https:\/\/www.groupe-sos.org\/en\/\",\"logo\":{\"@type\":\"ImageObject\",\"inLanguage\":\"en-US\",\"@id\":\"https:\/\/www.groupe-sos.org\/en\/#\/schema\/logo\/image\/\",\"url\":\"https:\/\/www.groupe-sos.org\/wp-content\/uploads\/2022\/06\/groupe-sos-logo-1.png\",\"contentUrl\":\"https:\/\/www.groupe-sos.org\/wp-content\/uploads\/2022\/06\/groupe-sos-logo-1.png\",\"width\":300,\"height\":60,\"caption\":\"Groupe SOS\"},\"image\":{\"@id\":\"https:\/\/www.groupe-sos.org\/en\/#\/schema\/logo\/image\/\"},\"sameAs\":[\"https:\/\/www.facebook.com\/GroupeSOS\/\",\"https:\/\/x.com\/groupesos\",\"https:\/\/www.instagram.com\/groupe_sos\/\",\"https:\/\/www.linkedin.com\/company\/groupe-sos\/?originalSubdomain=fr\"]}]}<\/script>\n<!-- \/ Yoast SEO plugin. -->","yoast_head_json":{"title":"Groupe SOS - Entreprendre au profit de tous","description":"Un groupe associatif leader de l\u2019entrepreneuriat social en Europe.","robots":{"index":"index","follow":"follow","max-snippet":"max-snippet:-1","max-image-preview":"max-image-preview:large","max-video-preview":"max-video-preview:-1"},"canonical":"https:\/\/www.groupe-sos.org\/en\/","og_locale":"en_US","og_type":"article","og_title":"Groupe SOS - Entreprendre au profit de tous","og_description":"Un groupe associatif leader de l\u2019entrepreneuriat social en Europe.","og_url":"https:\/\/www.groupe-sos.org\/en\/","og_site_name":"Groupe SOS","article_publisher":"https:\/\/www.facebook.com\/GroupeSOS\/","article_modified_time":"2025-10-23T08:20:46+00:00","twitter_card":"summary_large_image","twitter_site":"@groupesos","twitter_misc":{"Est. reading time":"3 minutes"},"schema":{"@context":"https:\/\/schema.org","@graph":[{"@type":"WebPage","@id":"https:\/\/www.groupe-sos.org\/en\/","url":"https:\/\/www.groupe-sos.org\/en\/","name":"Groupe SOS - Entreprendre au profit de tous","isPartOf":{"@id":"https:\/\/www.groupe-sos.org\/en\/#website"},"datePublished":"2022-06-10T09:37:20+00:00","dateModified":"2025-10-23T08:20:46+00:00","description":"Un groupe associatif leader de l\u2019entrepreneuriat social en Europe.","breadcrumb":{"@id":"https:\/\/www.groupe-sos.org\/en\/#breadcrumb"},"inLanguage":"en-US","potentialAction":[{"@type":"ReadAction","target":["https:\/\/www.groupe-sos.org\/en\/"]}]},{"@type":"BreadcrumbList","@id":"https:\/\/www.groupe-sos.org\/en\/#breadcrumb","itemListElement":[{"@type":"ListItem","position":1,"name":"Home","item":"https:\/\/www.groupe-sos.org\/en\/"},{"@type":"ListItem","position":2,"name":"Groupe SOS"}]},{"@type":"WebSite","@id":"https:\/\/www.groupe-sos.org\/en\/#website","url":"https:\/\/www.groupe-sos.org\/en\/","name":"Groupe SOS Entreprendre au profit de tous","description":"Entreprendre au profit de tous","publisher":{"@id":"https:\/\/www.groupe-sos.org\/en\/#organization"},"alternateName":"Groupe SOS","potentialAction":[{"@type":"SearchAction","target":{"@type":"EntryPoint","urlTemplate":"https:\/\/www.groupe-sos.org\/en\/?s={search_term_string}"},"query-input":{"@type":"PropertyValueSpecification","valueRequired":true,"valueName":"search_term_string"}}],"inLanguage":"en-US"},{"@type":"Organization","@id":"https:\/\/www.groupe-sos.org\/en\/#organization","name":"Groupe SOS","alternateName":"Entreprendre au profit de tous","url":"https:\/\/www.groupe-sos.org\/en\/","logo":{"@type":"ImageObject","inLanguage":"en-US","@id":"https:\/\/www.groupe-sos.org\/en\/#\/schema\/logo\/image\/","url":"https:\/\/www.groupe-sos.org\/wp-content\/uploads\/2022\/06\/groupe-sos-logo-1.png","contentUrl":"https:\/\/www.groupe-sos.org\/wp-content\/uploads\/2022\/06\/groupe-sos-logo-1.png","width":300,"height":60,"caption":"Groupe SOS"},"image":{"@id":"https:\/\/www.groupe-sos.org\/en\/#\/schema\/logo\/image\/"},"sameAs":["https:\/\/www.facebook.com\/GroupeSOS\/","https:\/\/x.com\/groupesos","https:\/\/www.instagram.com\/groupe_sos\/","https:\/\/www.linkedin.com\/company\/groupe-sos\/?originalSubdomain=fr"]}]}},"_links":{"self":[{"href":"https:\/\/www.groupe-sos.org\/en\/wp-json\/wp\/v2\/pages\/174403","targetHints":{"allow":["GET"]}}],"collection":[{"href":"https:\/\/www.groupe-sos.org\/en\/wp-json\/wp\/v2\/pages"}],"about":[{"href":"https:\/\/www.groupe-sos.org\/en\/wp-json\/wp\/v2\/types\/page"}],"author":[{"embeddable":true,"href":"https:\/\/www.groupe-sos.org\/en\/wp-json\/wp\/v2\/users\/1"}],"replies":[{"embeddable":true,"href":"https:\/\/www.groupe-sos.org\/en\/wp-json\/wp\/v2\/comments?post=174403"}],"version-history":[{"count":28,"href":"https:\/\/www.groupe-sos.org\/en\/wp-json\/wp\/v2\/pages\/174403\/revisions"}],"predecessor-version":[{"id":221344,"href":"https:\/\/www.groupe-sos.org\/en\/wp-json\/wp\/v2\/pages\/174403\/revisions\/221344"}],"wp:attachment":[{"href":"https:\/\/www.groupe-sos.org\/en\/wp-json\/wp\/v2\/media?parent=174403"}],"wp:term":[{"taxonomy":"secteur","embeddable":true,"href":"https:\/\/www.groupe-sos.org\/en\/wp-json\/wp\/v2\/secteur?post=174403"}],"curies":[{"name":"wp","href":"https:\/\/api.w.org\/{rel}","templated":true}]}}