{"id":174602,"date":"2022-09-01T11:25:30","date_gmt":"2022-09-01T09:25:30","guid":{"rendered":"https:\/\/www.groupe-sos.org\/le-groupe-sos\/notre-modele-economique\/"},"modified":"2024-10-04T18:13:35","modified_gmt":"2024-10-04T16:13:35","slug":"our-economic-model","status":"publish","type":"page","link":"https:\/\/www.groupe-sos.org\/en\/le-groupe-sos\/our-economic-model\/","title":{"rendered":"Our economic model"},"content":{"rendered":"<div id=\"field_pow0fe7a657642440da\" class=\"container-fluid px-0 flexible_section heropages block_hero\">\n  <div id=\"hero_pow0fe7a657642440da\" class=\"hero_container px-0\">\n   <div class=\"hero_image_outer\">\n<picture class=\"skip-lazy\">\r\n\t\t\t\t\t<source srcset=\"https:\/\/www.groupe-sos.org\/wp-content\/uploads\/2024\/10\/Home_EN-40-years.png\" media=\"(min-width: 578px)\" class=\"skip-lazy\">\r\n\t\t\t\t\t<img srcset=\"https:\/\/www.groupe-sos.org\/wp-content\/uploads\/2024\/10\/Home_mobile_EN-40-years.png\" alt=\"\" class=\"heroimage \" \/>\r\n\t\t\t\t<\/picture>   <\/div>\n  <\/div>\n<\/div>\n\n\n<div id=\"field_powd455c19096ee49a4\" class=\"container-fluid px-0 flexible_section block_columns\">\n <div id=\"field_powd455c19096ee49a4_inner\" class=\"container flexible_section_inner\">\n\n   <div class=\"row flexible_section_content\">\n\n   <div class=\"p-5 col-sm-12 colonne colonne1\">\n    <div class=\"colonne_inner  text-left\">\n<h3>Groupe SOS<\/h3>\n<h1>Our economic model<\/h1>\n    <\/div>\n   <\/div>\n  <\/div>\n\n <\/div>\n<\/div>\n\n\n<div id=\"field_powd3e6a89f332c4d29\" class=\"container-fluid px-0 flexible_section block_breadcrumb\">\n <div id=\"field_powd3e6a89f332c4d29_inner\" class=\"container flexible_section_inner\">\n\n  <div class=\"row flexible_section_content\">\n\n   <div class=\"breadcrumb_outer\" id=\"breadcrumb_powd3e6a89f332c4d29\">\n\n   <nav aria-label=\"breadcrumb\" id=\"breadcrumb_powd3e6a89f332c4d29_nav\">\n    <ol class=\"breadcrumb\">\n<li class=\"breadcrumb-item\"><a href=\"https:\/\/www.groupe-sos.org\/en\/le-groupe-sos\/\" class=\"GroupeSOS \">Groupe SOS<\/a><\/li>\n<li class=\"breadcrumb-item active\" aria-current=\"page\">Our economic model<\/li>\n      <\/ol>\n   <\/nav>\n\n   <\/div>\n\n  <\/div>\n\n <\/div>\n<\/div>\n\n\n<div id=\"field_6328667244870\" class=\"container-fluid px-0 flexible_section block_columns\">\n <div id=\"field_6328667244870_inner\" class=\"container flexible_section_inner\">\n\n   <div class=\"row flexible_section_content\">\n\n   <div class=\"mb-3 mb-sm-0 col-sm-6 colonne colonne1\">\n    <div class=\"colonne_inner  text-left\">\n<p><strong>For nearly 40 years, Groupe SOS has built a pioneering organisation with shared management skills, enabling it to fully embrace the ambitions of the Social and Solidarity Economy. This model is based on diversified activities and the pooling of their support functions allows the Group to evolve and adapt quickly, in line with the specific features of its different activities.<\/strong><\/p>\n    <\/div>\n   <\/div>\n   <div class=\"col-sm-6 colonne colonne2\">\n    <div class=\"colonne_inner  text-left\">\n<p>Because of its size, Groupe SOS can also implement, in full transparency, financial solidarity schemes between its entities to compensate the economic difficulties they may encounter from time to time. This ensures the group\u2019s independence.<\/p>\n    <\/div>\n   <\/div>\n  <\/div>\n\n <\/div>\n<\/div>\n\n\n<div id=\"field_powfda7c7323f6f4fc0\" class=\"container-fluid px-0 flexible_section block_columns\">\n <div id=\"field_powfda7c7323f6f4fc0_inner\" class=\"container flexible_section_inner\">\n\n   <div class=\"row flexible_section_content\">\n\n   <div class=\"col-sm-12 colonne colonne1\">\n    <div class=\"colonne_inner  text-left\">\n<p>Groupe SOS carries out two types of activities:<\/p>\n    <\/div>\n   <\/div>\n  <\/div>\n\n <\/div>\n<\/div>\n\n\n<div id=\"field_632866e21f335\" class=\"container-fluid px-0 flexible_section block_columns\">\n <div id=\"field_632866e21f335_inner\" class=\"container flexible_section_inner\">\n\n   <div class=\"row flexible_section_content\">\n\n   <div class=\"mb-3 mb-sm-0 col-sm-6 colonne colonne1\">\n    <div class=\"colonne_inner p-3 h-100 bordertoprouge text-left\">\n<p><strong>Activities managed under the control of public authorities (municipalities, departments, regions, State):<\/strong><\/p>\n<ul>\n<li>Social and medical-social facilities for people suffering from disabilities, exclusion&#8230; Groupe SOS Solidarit\u00e9s (Solidarity)<\/li>\n<li>Social facilities for children&#8217;s social welfare and for the judicial supervision of young people. Groupe SOS Jeunesse (Youth)<\/li>\n<\/ul>\n    <\/div>\n   <\/div>\n   <div class=\"col-sm-6 colonne colonne2\">\n    <div class=\"colonne_inner p-3 h-100 bordertopvert text-left\">\n<p><strong>Self-managed activities:<\/strong><\/p>\n<ul>\n<li>Health and medical-social facilities: non-profit hospitals, nursing homes, etc. Groupe SOS Sant\u00e9 (Health) and Groupe SOS Seniors<\/li>\n<li>Day care centers and schools<\/li>\n<li>Sustainable Shops and Services; International Action; Culture; Environmental Transition and Local Action<\/li>\n<\/ul>\n    <\/div>\n   <\/div>\n  <\/div>\n\n <\/div>\n<\/div>\n\n\n<div id=\"field_pow1ba2661b63684448\" class=\"container-fluid px-0 flexible_section block_columns\">\n <div id=\"field_pow1ba2661b63684448_inner\" class=\"container flexible_section_inner\">\n\n   <div class=\"row flexible_section_content\">\n\n   <div class=\"col-sm-12 colonne colonne1\">\n    <div class=\"colonne_inner  text-center\">\n    <\/div>\n   <\/div>\n  <\/div>\n\n <\/div>\n<\/div>\n\n\n<div id=\"field_powce4e0f7508a340c5\" class=\"container-fluid px-0 flexible_section block_columns\">\n <div id=\"field_powce4e0f7508a340c5_inner\" class=\"container flexible_section_inner\">\n\n  <div class=\"row flexible_section_title_container\"><div class=\"col-12 flexible_section_title_col\"><h2 class=\"flexible_section_title mb-5 text-left  \">Our budget<\/h2><\/div><\/div>\n   <div class=\"row flexible_section_content\">\n\n   <div class=\"mb-3 mb-sm-0 col-sm-6 colonne colonne1\">\n    <div class=\"colonne_inner  text-left\">\n<p>In 2022, Groupe SOS&#8217;s budget is 1.5 billion euros. <strong>This figure is the sum of the budgets (salaries, expenses, etc.) of all the organisations and social enterprises<\/strong> that make up Groupe SOS.<\/p>\n<p><strong>This should not be confused with the result<\/strong>: Groupe SOS&#8217;s 2021 result is +5 million euros, or about 0.4% of the total budget. Groupe SOS&#8217;s result has been stable for several years, ranging from 0 to 10 million euros.<\/p>\n    <\/div>\n   <\/div>\n   <div class=\"col-sm-6 colonne colonne2\">\n    <div class=\"colonne_inner  text-left\">\n<p><strong>Groupe SOS has no shareholders. No dividends are paid out: each year, all earnings are reinvested or saved.<\/strong> Those savings allow Groupe SOS to provide cash flow to entities in need, or, like in 2021, to distribute public grants to its staff even before their inclusion in operational budgets.<\/p>\n    <\/div>\n   <\/div>\n  <\/div>\n\n <\/div>\n<\/div>\n\n\n\ufeff\n\n\ufeff<div id=\"field_632867892cc41\" class=\"container-fluid px-0 flexible_section block_components\">\n <div id=\"field_632867892cc41_inner\" class=\"container flexible_section_inner\">\n\n   <div class=\"row flexible_section_content\">\n\n   <div class=\" col-sm-8 component component_1  \">\n     <h3>Our investors<\/h3>\n    <div class=\"colonne_inner \">\n<div id=\"modeleco1\" style=\"height:400px;\"><\/div>\n\n    <\/div>\n   <\/div>\n   <div class=\" col-sm-4 component component_2  \">\n    <div class=\"colonne_inner \">\n<div class=\"notice_darkblue\">\n<h3>To go further<\/h3>\n<ul>\n<li><a class=\"whitebutton w-100\" href=\"https:\/\/www.groupe-sos.org\/wp-content\/uploads\/2023\/07\/GroupeSOS_Rapport_integre_2022.pdf\">2022 Integrated Report<\/a><\/li>\n<\/ul>\n<\/div>\n\n    <\/div>\n   <\/div>\n  <\/div>\n\n <\/div>\n<\/div>\n<script type=\"text\/javascript\">\r\n\t\t\t\tjQuery(document).ready(function() {\r\n\t\t\t\t\t\t\t\t\t\t\t\r\n\t\t\t\t\tam4core.useTheme(am4themes_animated);\r\n\t\t\t\t\tvar chart = am4core.create(\"modeleco1\", am4charts.PieChart);\r\n\t\t\t\t\tchart.responsive.enabled = true;\r\n\t\t\t\t\tchart.responsive.rules.push({\r\n\t\t\t\t\t  relevant: function(target) {\r\n\t\t\t\t\t\tif (target.pixelWidth <= 600) {\r\n\t\t\t\t\t\t  return true;\r\n\t\t\t\t\t\t}\r\n\t\t\t\t\t\treturn false;\r\n\t\t\t\t\t  },\r\n\t\t\t\t\t  state: function(target, stateId) {\r\n\t\t\t\t\t\tif (target instanceof am4charts.Legend) {\r\n\t\t\t\t\t\t\t\t  var state = target.states.create(stateId);\r\n\t\t\t\t\t\t\t\t  state.properties.position = \"bottom\";\r\n\t\t\t\t\t\t\t\t  state.properties.maxHeight = 100;\r\n\t\t\t\t\t\t\t\t  state.properties.scrollable = true;\r\n\t\t\t\t\t\t\t\t  \r\n\t\t\t\t\t\t\t\t  return state;\r\n\t\t\t\t\t\t}\r\n\r\n\t\t\t\t\t\tif (target instanceof am4charts.PieSeries) {\r\n\t\t\t\t\t\t  var state = target.states.create(stateId);\r\n\r\n\t\t\t\t\t\t  var labelState = target.labels.template.states.create(stateId);\r\n\t\t\t\t\t\t  labelState.properties.disabled = true;\r\n\r\n\t\t\t\t\t\t  var tickState = target.ticks.template.states.create(stateId);\r\n\t\t\t\t\t\t  tickState.properties.disabled = true;\r\n\r\n\t\t\t\t\t\t  return state;\r\n\t\t\t\t\t\t}\r\n\r\n\t\t\t\t\t\treturn null;\r\n\t\t\t\t\t  }\r\n\t\t\t\t\t});\r\n\t\t\t\t\t\r\n\t\t\t\t\tchart.data = [{\"Type\":\"Local authorities\",\"Effectif\":\"23\"},{\"Type\":\"Health insurance funds\",\"Effectif\":\"41\"},{\"Type\":\"Private customers\",\"Effectif\":\"21\"},{\"Type\":\"Government (ARS, prefectures, etc.)\",\"Effectif\":\"12\"},{\"Type\":\"Other (including grants, European funding and donations)\",\"Effectif\":\"3\"}]\r\n\r\n\t\t\t\t\tvar pieSeries = chart.series.push(new am4charts.PieSeries());\r\n\t\t\t\t\tpieSeries.dataFields.value = \"Effectif\";\r\n\t\t\t\t\tpieSeries.dataFields.category = \"Type\";\r\n\t\t\t\t\tpieSeries.slices.template.stroke = am4core.color(\"#FFFFFF\");\r\n\t\t\t\t\tpieSeries.slices.template.strokeWidth = 2;\r\n\t\t\t\t\tpieSeries.slices.template.strokeOpacity = 1;\r\n\t\t\t\t\tpieSeries.slices.template.tooltipText = \"{category} : {value.value} %\";\r\n\t\t\t\t\tpieSeries.labels.template.fill = am4core.color(\"\");\r\n\t\t\t\t\t\r\n\t\t\t\t\t\r\n\t\t\t\t\t\t\r\n\t\t\t\t\t\t\tpieSeries.labels.template.disabled = true;\r\n\t\t\t\t\t\t\tpieSeries.ticks.template.disabled = true;\r\n\t\t\t\t\t\t\r\n\t\t\t\t\t\tfunction animateGraphmodeleco1() {\r\n\t\t\t\t\t\t  chart.appear();\r\n\t\t\t\t\t\t  chart.series.each(function(series) {\r\n\t\t\t\t\t\t\tseries.appear();\r\n\t\t\t\t\t\t  });\r\n\t\t\t\t\t\t}\r\n\t\t\t\t\t\t\r\n\t\t\t\t\t\tconst observer_modeleco1 = new IntersectionObserver((entries) => { \r\n\t\t\t\t\t\t\tentries.forEach((entry) => {\r\n\t\t\t\t\t\t\t\tconsole.log(entry.target);\r\n\t\t\t\t\t\t\t\tanimateGraphmodeleco1();\t\t\t\t\r\n\t\t\t\t\t\t\t})\r\n\t\t\t\t\t\t});\r\n\r\n\t\t\t\t\t\tobserver_modeleco1.observe(document.querySelector(\"#modeleco1\"));\r\n\t\t\t\t\t\t\r\n\t\t\t\t\t\tpieSeries.colors.list = [\nam4core.color(\"#041e42\"),\nam4core.color(\"#fbad51\"),\nam4core.color(\"#087564\"),\nam4core.color(\"#c7e5f6\"),\nam4core.color(\"#db4343\"),\n]\n\r\n\t\t\t\t\t\r\n\t\t\t\t\t\r\n\t\t\t\t\t\tpieSeries.hiddenState.properties.opacity = 1;\r\n\t\t\t\t\t\tpieSeries.hiddenState.properties.endAngle = -90;\r\n\t\t\t\t\t\tpieSeries.hiddenState.properties.startAngle = -90;\r\n\t\t\t\t\t\t\r\n\t\t\t\t\t\t\r\n\t\tchart.legend = new am4charts.Legend();\r\n\t\tchart.legend.position = \"bottom\";\r\n\t\tchart.legend.valueLabels.template.align = \"left\";\r\n\t\tchart.legend.valueLabels.template.textAlign = \"end\";  \r\n\t\t\r\n\t\t\tvar markerTemplate = chart.legend.markers.template;\r\n\t\t\tmarkerTemplate.width = 15;\r\n\t\t\tmarkerTemplate.height = 15;\r\n\t\t\tmarkerTemplate.cornerRadiusTopLeft = 0;\r\n\t\t\tmarkerTemplate.cornerRadiusTopRight = 0;\r\n\t\t\tmarkerTemplate.cornerRadiusBottomLeft = 0;\r\n\t\t\tmarkerTemplate.cornerRadiusBottomRight = 0;\r\n\t\t\t\r\n\t\t\n\r\n\t\t\t\t});\t\t\r\n\t\t\t<\/script>","protected":false},"excerpt":{"rendered":"<p>Depuis plus de 40 ans, le Groupe SOS a construit une organisation pr\u00e9curseur, dot\u00e9e d\u2019une agilit\u00e9 d\u00e9cisionnelle et de comp\u00e9tences de gestion efficaces et partag\u00e9es, permettant d\u2019anticiper les \u00e9volutions du monde actuel.<\/p>\n","protected":false},"author":1,"featured_media":0,"parent":174466,"menu_order":195,"comment_status":"closed","ping_status":"closed","template":"page-flexipow.php","meta":{"_acf_changed":false,"footnotes":""},"secteur":[],"class_list":["post-174602","page","type-page","status-publish","hentry"],"acf":[],"yoast_head":"<!-- This site is optimized with the Yoast SEO plugin v26.5 - https:\/\/yoast.com\/wordpress\/plugins\/seo\/ -->\n<title>Our economic model - Groupe SOS<\/title>\n<meta name=\"description\" content=\"Depuis plus de 40 ans, le Groupe SOS a construit une organisation pr\u00e9curseur, dot\u00e9e d\u2019une agilit\u00e9 d\u00e9cisionnelle et de comp\u00e9tences de gestion efficaces et partag\u00e9es, permettant d\u2019anticiper les \u00e9volutions du monde actuel.\" \/>\n<meta name=\"robots\" content=\"index, follow, max-snippet:-1, max-image-preview:large, max-video-preview:-1\" \/>\n<link rel=\"canonical\" href=\"https:\/\/www.groupe-sos.org\/en\/le-groupe-sos\/our-economic-model\/\" \/>\n<meta property=\"og:locale\" content=\"en_US\" \/>\n<meta property=\"og:type\" content=\"article\" \/>\n<meta property=\"og:title\" content=\"Our economic model - Groupe SOS\" \/>\n<meta property=\"og:description\" content=\"Depuis plus de 40 ans, le Groupe SOS a construit une organisation pr\u00e9curseur, dot\u00e9e d\u2019une agilit\u00e9 d\u00e9cisionnelle et de comp\u00e9tences de gestion efficaces et partag\u00e9es, permettant d\u2019anticiper les \u00e9volutions du monde actuel.\" \/>\n<meta property=\"og:url\" content=\"https:\/\/www.groupe-sos.org\/en\/le-groupe-sos\/our-economic-model\/\" \/>\n<meta property=\"og:site_name\" content=\"Groupe SOS\" \/>\n<meta property=\"article:publisher\" content=\"https:\/\/www.facebook.com\/GroupeSOS\/\" \/>\n<meta property=\"article:modified_time\" content=\"2024-10-04T16:13:35+00:00\" \/>\n<meta name=\"twitter:card\" content=\"summary_large_image\" \/>\n<meta name=\"twitter:site\" content=\"@groupesos\" \/>\n<meta name=\"twitter:label1\" content=\"Est. reading time\" \/>\n\t<meta name=\"twitter:data1\" content=\"3 minutes\" \/>\n<script type=\"application\/ld+json\" class=\"yoast-schema-graph\">{\"@context\":\"https:\/\/schema.org\",\"@graph\":[{\"@type\":\"WebPage\",\"@id\":\"https:\/\/www.groupe-sos.org\/en\/le-groupe-sos\/our-economic-model\/\",\"url\":\"https:\/\/www.groupe-sos.org\/en\/le-groupe-sos\/our-economic-model\/\",\"name\":\"Our economic model - Groupe SOS\",\"isPartOf\":{\"@id\":\"https:\/\/www.groupe-sos.org\/en\/#website\"},\"datePublished\":\"2022-09-01T09:25:30+00:00\",\"dateModified\":\"2024-10-04T16:13:35+00:00\",\"description\":\"Depuis plus de 40 ans, le Groupe SOS a construit une organisation pr\u00e9curseur, dot\u00e9e d\u2019une agilit\u00e9 d\u00e9cisionnelle et de comp\u00e9tences de gestion efficaces et partag\u00e9es, permettant d\u2019anticiper les \u00e9volutions du monde actuel.\",\"breadcrumb\":{\"@id\":\"https:\/\/www.groupe-sos.org\/en\/le-groupe-sos\/our-economic-model\/#breadcrumb\"},\"inLanguage\":\"en-US\",\"potentialAction\":[{\"@type\":\"ReadAction\",\"target\":[\"https:\/\/www.groupe-sos.org\/en\/le-groupe-sos\/our-economic-model\/\"]}]},{\"@type\":\"BreadcrumbList\",\"@id\":\"https:\/\/www.groupe-sos.org\/en\/le-groupe-sos\/our-economic-model\/#breadcrumb\",\"itemListElement\":[{\"@type\":\"ListItem\",\"position\":1,\"name\":\"Home\",\"item\":\"https:\/\/www.groupe-sos.org\/en\/\"},{\"@type\":\"ListItem\",\"position\":2,\"name\":\"Groupe SOS\",\"item\":\"https:\/\/www.groupe-sos.org\/en\/le-groupe-sos\/\"},{\"@type\":\"ListItem\",\"position\":3,\"name\":\"Our economic model\"}]},{\"@type\":\"WebSite\",\"@id\":\"https:\/\/www.groupe-sos.org\/en\/#website\",\"url\":\"https:\/\/www.groupe-sos.org\/en\/\",\"name\":\"Groupe SOS Entreprendre au profit de tous\",\"description\":\"Entreprendre au profit de tous\",\"publisher\":{\"@id\":\"https:\/\/www.groupe-sos.org\/en\/#organization\"},\"alternateName\":\"Groupe SOS\",\"potentialAction\":[{\"@type\":\"SearchAction\",\"target\":{\"@type\":\"EntryPoint\",\"urlTemplate\":\"https:\/\/www.groupe-sos.org\/en\/?s={search_term_string}\"},\"query-input\":{\"@type\":\"PropertyValueSpecification\",\"valueRequired\":true,\"valueName\":\"search_term_string\"}}],\"inLanguage\":\"en-US\"},{\"@type\":\"Organization\",\"@id\":\"https:\/\/www.groupe-sos.org\/en\/#organization\",\"name\":\"Groupe SOS\",\"alternateName\":\"Entreprendre au profit de tous\",\"url\":\"https:\/\/www.groupe-sos.org\/en\/\",\"logo\":{\"@type\":\"ImageObject\",\"inLanguage\":\"en-US\",\"@id\":\"https:\/\/www.groupe-sos.org\/en\/#\/schema\/logo\/image\/\",\"url\":\"https:\/\/www.groupe-sos.org\/wp-content\/uploads\/2022\/06\/groupe-sos-logo-1.png\",\"contentUrl\":\"https:\/\/www.groupe-sos.org\/wp-content\/uploads\/2022\/06\/groupe-sos-logo-1.png\",\"width\":300,\"height\":60,\"caption\":\"Groupe SOS\"},\"image\":{\"@id\":\"https:\/\/www.groupe-sos.org\/en\/#\/schema\/logo\/image\/\"},\"sameAs\":[\"https:\/\/www.facebook.com\/GroupeSOS\/\",\"https:\/\/x.com\/groupesos\",\"https:\/\/www.instagram.com\/groupe_sos\/\",\"https:\/\/www.linkedin.com\/company\/groupe-sos\/?originalSubdomain=fr\"]}]}<\/script>\n<!-- \/ Yoast SEO plugin. -->","yoast_head_json":{"title":"Our economic model - Groupe SOS","description":"Depuis plus de 40 ans, le Groupe SOS a construit une organisation pr\u00e9curseur, dot\u00e9e d\u2019une agilit\u00e9 d\u00e9cisionnelle et de comp\u00e9tences de gestion efficaces et partag\u00e9es, permettant d\u2019anticiper les \u00e9volutions du monde actuel.","robots":{"index":"index","follow":"follow","max-snippet":"max-snippet:-1","max-image-preview":"max-image-preview:large","max-video-preview":"max-video-preview:-1"},"canonical":"https:\/\/www.groupe-sos.org\/en\/le-groupe-sos\/our-economic-model\/","og_locale":"en_US","og_type":"article","og_title":"Our economic model - Groupe SOS","og_description":"Depuis plus de 40 ans, le Groupe SOS a construit une organisation pr\u00e9curseur, dot\u00e9e d\u2019une agilit\u00e9 d\u00e9cisionnelle et de comp\u00e9tences de gestion efficaces et partag\u00e9es, permettant d\u2019anticiper les \u00e9volutions du monde actuel.","og_url":"https:\/\/www.groupe-sos.org\/en\/le-groupe-sos\/our-economic-model\/","og_site_name":"Groupe SOS","article_publisher":"https:\/\/www.facebook.com\/GroupeSOS\/","article_modified_time":"2024-10-04T16:13:35+00:00","twitter_card":"summary_large_image","twitter_site":"@groupesos","twitter_misc":{"Est. reading time":"3 minutes"},"schema":{"@context":"https:\/\/schema.org","@graph":[{"@type":"WebPage","@id":"https:\/\/www.groupe-sos.org\/en\/le-groupe-sos\/our-economic-model\/","url":"https:\/\/www.groupe-sos.org\/en\/le-groupe-sos\/our-economic-model\/","name":"Our economic model - Groupe SOS","isPartOf":{"@id":"https:\/\/www.groupe-sos.org\/en\/#website"},"datePublished":"2022-09-01T09:25:30+00:00","dateModified":"2024-10-04T16:13:35+00:00","description":"Depuis plus de 40 ans, le Groupe SOS a construit une organisation pr\u00e9curseur, dot\u00e9e d\u2019une agilit\u00e9 d\u00e9cisionnelle et de comp\u00e9tences de gestion efficaces et partag\u00e9es, permettant d\u2019anticiper les \u00e9volutions du monde actuel.","breadcrumb":{"@id":"https:\/\/www.groupe-sos.org\/en\/le-groupe-sos\/our-economic-model\/#breadcrumb"},"inLanguage":"en-US","potentialAction":[{"@type":"ReadAction","target":["https:\/\/www.groupe-sos.org\/en\/le-groupe-sos\/our-economic-model\/"]}]},{"@type":"BreadcrumbList","@id":"https:\/\/www.groupe-sos.org\/en\/le-groupe-sos\/our-economic-model\/#breadcrumb","itemListElement":[{"@type":"ListItem","position":1,"name":"Home","item":"https:\/\/www.groupe-sos.org\/en\/"},{"@type":"ListItem","position":2,"name":"Groupe SOS","item":"https:\/\/www.groupe-sos.org\/en\/le-groupe-sos\/"},{"@type":"ListItem","position":3,"name":"Our economic model"}]},{"@type":"WebSite","@id":"https:\/\/www.groupe-sos.org\/en\/#website","url":"https:\/\/www.groupe-sos.org\/en\/","name":"Groupe SOS Entreprendre au profit de tous","description":"Entreprendre au profit de tous","publisher":{"@id":"https:\/\/www.groupe-sos.org\/en\/#organization"},"alternateName":"Groupe SOS","potentialAction":[{"@type":"SearchAction","target":{"@type":"EntryPoint","urlTemplate":"https:\/\/www.groupe-sos.org\/en\/?s={search_term_string}"},"query-input":{"@type":"PropertyValueSpecification","valueRequired":true,"valueName":"search_term_string"}}],"inLanguage":"en-US"},{"@type":"Organization","@id":"https:\/\/www.groupe-sos.org\/en\/#organization","name":"Groupe SOS","alternateName":"Entreprendre au profit de tous","url":"https:\/\/www.groupe-sos.org\/en\/","logo":{"@type":"ImageObject","inLanguage":"en-US","@id":"https:\/\/www.groupe-sos.org\/en\/#\/schema\/logo\/image\/","url":"https:\/\/www.groupe-sos.org\/wp-content\/uploads\/2022\/06\/groupe-sos-logo-1.png","contentUrl":"https:\/\/www.groupe-sos.org\/wp-content\/uploads\/2022\/06\/groupe-sos-logo-1.png","width":300,"height":60,"caption":"Groupe SOS"},"image":{"@id":"https:\/\/www.groupe-sos.org\/en\/#\/schema\/logo\/image\/"},"sameAs":["https:\/\/www.facebook.com\/GroupeSOS\/","https:\/\/x.com\/groupesos","https:\/\/www.instagram.com\/groupe_sos\/","https:\/\/www.linkedin.com\/company\/groupe-sos\/?originalSubdomain=fr"]}]}},"_links":{"self":[{"href":"https:\/\/www.groupe-sos.org\/en\/wp-json\/wp\/v2\/pages\/174602","targetHints":{"allow":["GET"]}}],"collection":[{"href":"https:\/\/www.groupe-sos.org\/en\/wp-json\/wp\/v2\/pages"}],"about":[{"href":"https:\/\/www.groupe-sos.org\/en\/wp-json\/wp\/v2\/types\/page"}],"author":[{"embeddable":true,"href":"https:\/\/www.groupe-sos.org\/en\/wp-json\/wp\/v2\/users\/1"}],"replies":[{"embeddable":true,"href":"https:\/\/www.groupe-sos.org\/en\/wp-json\/wp\/v2\/comments?post=174602"}],"version-history":[{"count":7,"href":"https:\/\/www.groupe-sos.org\/en\/wp-json\/wp\/v2\/pages\/174602\/revisions"}],"predecessor-version":[{"id":203445,"href":"https:\/\/www.groupe-sos.org\/en\/wp-json\/wp\/v2\/pages\/174602\/revisions\/203445"}],"up":[{"embeddable":true,"href":"https:\/\/www.groupe-sos.org\/en\/wp-json\/wp\/v2\/pages\/174466"}],"wp:attachment":[{"href":"https:\/\/www.groupe-sos.org\/en\/wp-json\/wp\/v2\/media?parent=174602"}],"wp:term":[{"taxonomy":"secteur","embeddable":true,"href":"https:\/\/www.groupe-sos.org\/en\/wp-json\/wp\/v2\/secteur?post=174602"}],"curies":[{"name":"wp","href":"https:\/\/api.w.org\/{rel}","templated":true}]}}