{"id":174737,"date":"2023-03-03T10:22:24","date_gmt":"2023-03-03T09:22:24","guid":{"rendered":"https:\/\/www.groupe-sos.org\/groupe-sos-jeunesse\/"},"modified":"2024-07-15T11:43:44","modified_gmt":"2024-07-15T09:43:44","slug":"groupe-sos-youth","status":"publish","type":"page","link":"https:\/\/www.groupe-sos.org\/en\/groupe-sos-youth\/","title":{"rendered":"Groupe SOS Youth"},"content":{"rendered":"<div id=\"field_powbd77be49b6b14a4f\" class=\"container-fluid px-0 flexible_section heropages block_hero\">\n  <div id=\"hero_powbd77be49b6b14a4f\" class=\"hero_container px-0\">\n   <div class=\"hero_image_outer\">\n    <img decoding=\"async\" src=\"https:\/\/www.groupe-sos.org\/wp-content\/uploads\/2022\/11\/jeunesse.jpg\" alt=\"\" class=\"heroimage \" \/>\n   <\/div>\n  <\/div>\n<\/div>\n\n\n<div id=\"field_powbc590befc1c143b6\" class=\"container-fluid px-0 flexible_section  block_columns\">\n <div id=\"field_powbc590befc1c143b6_inner\" class=\"container flexible_section_inner \">\n\n   <div class=\"row flexible_section_content\">\n\n   <div class=\"p-5 col-sm-12 colonne colonne1\">\n    <div class=\"colonne_inner  text-left\">\n<h3>Groupe SOS<\/h3>\n<h1>Groupe SOS Jeunesse<\/h1>\n    <\/div>\n   <\/div>\n  <\/div>\n\n <\/div>\n<\/div>\n\n\n<div id=\"field_powd3e6a89f332c4d29\" class=\"container-fluid px-0 flexible_section block_breadcrumb\">\n <div id=\"field_powd3e6a89f332c4d29_inner\" class=\"container flexible_section_inner\">\n\n  <div class=\"row flexible_section_content\">\n\n   <div class=\"breadcrumb_outer\" id=\"breadcrumb_powd3e6a89f332c4d29\">\n\n   <nav aria-label=\"breadcrumb\" id=\"breadcrumb_powd3e6a89f332c4d29_nav\">\n    <ol class=\"breadcrumb\">\n<li class=\"breadcrumb-item active\" aria-current=\"page\">Groupe SOS Youth<\/li>\n      <\/ol>\n   <\/nav>\n\n   <\/div>\n\n  <\/div>\n\n <\/div>\n<\/div>\n\n\n<div id=\"field_pow050a9049a5454a3e\" class=\"container-fluid px-0 flexible_section block_columns\">\n <div id=\"field_pow050a9049a5454a3e_inner\" class=\"container flexible_section_inner\">\n\n   <div class=\"row flexible_section_content\">\n\n   <div class=\"col-sm-12 colonne colonne1\">\n    <div class=\"colonne_inner  text-left\">\n<p><strong>Groupe SOS Jeunesse is the leading child protection organisation in France. Its mission is to educate and protect children, teenagers and young adults who are in need as a result of their family, social and economic environment.<\/strong><\/p>\n<p><strong>Supporting parenthood, welcoming minors and young adults in danger, at risk or psychologically distressed, creating alternatives to imprisonment and assisting social and work integration&#8230; designing and implementing innovative means of assistance, support and guidance: those are the motivation and compass of Groupe SOS Jeunesse.<\/strong><\/p>\n<p><strong><em>Groupe SOS Jeunesse is one of the founding organisations of Groupe SOS.<\/em><\/strong><\/p>\n    <\/div>\n   <\/div>\n  <\/div>\n\n <\/div>\n<\/div>\n\n\n<div id=\"field_pow33e87feae2d242d0\" class=\"container-fluid px-0 flexible_section block_components\">\n <div id=\"field_pow33e87feae2d242d0_inner\" class=\"container flexible_section_inner\">\n\n   <div class=\"row flexible_section_content\">\n\n   <div class=\" col-sm-4 component component_1  \">\n    <div class=\"colonne_inner \">\n  <div class=\"counters row\" id=\"counter_pow33e87feae2d242d0_1_outer\">\n   <div id=\"counter_pow33e87feae2d242d0_1_0\" class=\"counters col-12 px-3\">\n    <div class=\"counters_inner \">\n<div class=\"compteur_nosactions bg-rose\">\r\n<div class=\"h2 text-center\"><span id=\"counter_pow33e87feae2d242d0_1_0_value\">0<\/span><\/div>\r\n<div class=\"text-center\">facilities and services<\/div>\r\n<\/div>    <\/div>\n   <\/div>\n  <\/div>\n\n    <\/div>\n   <\/div>\n   <div class=\" col-sm-4 component component_2  \">\n    <div class=\"colonne_inner \">\n  <div class=\"counters row\" id=\"counter_pow33e87feae2d242d0_2_outer\">\n   <div id=\"counter_pow33e87feae2d242d0_2_0\" class=\"counters col-12 px-3\">\n    <div class=\"counters_inner \">\n<div class=\"compteur_nosactions bg-rose\">\r\n<div class=\"h2 text-center\"><span id=\"counter_pow33e87feae2d242d0_2_0_value\">0<\/span><\/div>\r\n<div class=\"text-center\">beneficiaries in 2023<\/div>\r\n<\/div>    <\/div>\n   <\/div>\n  <\/div>\n\n    <\/div>\n   <\/div>\n   <div class=\" col-sm-4 component component_3  \">\n    <div class=\"colonne_inner \">\n  <div class=\"counters row\" id=\"counter_pow33e87feae2d242d0_3_outer\">\n   <div id=\"counter_pow33e87feae2d242d0_3_0\" class=\"counters col-12 px-3\">\n    <div class=\"counters_inner \">\n<div class=\"compteur_nosactions bg-rose\">\r\n<div class=\"h2 text-center\"><span id=\"counter_pow33e87feae2d242d0_3_0_value\">0<\/span><\/div>\r\n<div class=\"text-center\">employees and 1166 volunteers<\/div>\r\n<\/div>    <\/div>\n   <\/div>\n  <\/div>\n\n    <\/div>\n   <\/div>\n  <\/div>\n\n <\/div>\n<\/div>\n<script type=\"text\/javascript\">\r\n\t\t\t\tjQuery(document).ready(function() {\r\n\t\t\t\t\t\t\r\n\r\n\t\t\tjQuery('#counter_pow33e87feae2d242d0_1_outer').one('inview', function(event, isInView) {\r\n\t\t\t\tif (isInView) {\r\n\t\t\t\t\tjQuery('#counter_pow33e87feae2d242d0_1_0_value').numerator({ toValue: 259,\r\n\t\t\teasing: 'linear',\r\n\t\t\tduration: 2000,\r\n\t\t\trounding: 0\r\n\t\t});\n\r\n\t\t\t\t} \r\n\t\t\t});\r\n\r\n\t\t\tjQuery('#counter_pow33e87feae2d242d0_2_outer').one('inview', function(event, isInView) {\r\n\t\t\t\tif (isInView) {\r\n\t\t\t\t\tjQuery('#counter_pow33e87feae2d242d0_2_0_value').numerator({ toValue: 30917,\r\n\t\t\teasing: 'linear',\r\n\t\t\tduration: 2000,\r\n\t\t\trounding: 0\r\n\t\t});\n\r\n\t\t\t\t} \r\n\t\t\t});\r\n\r\n\t\t\tjQuery('#counter_pow33e87feae2d242d0_3_outer').one('inview', function(event, isInView) {\r\n\t\t\t\tif (isInView) {\r\n\t\t\t\t\tjQuery('#counter_pow33e87feae2d242d0_3_0_value').numerator({ toValue: 3844,\r\n\t\t\teasing: 'linear',\r\n\t\t\tduration: 2000,\r\n\t\t\trounding: 0\r\n\t\t});\n\r\n\t\t\t\t} \r\n\t\t\t});\n\r\n\t\t\t\t});\t\t\r\n\t\t\t<\/script>\n\n<div id=\"field_pow846ad086a2844c7c\" class=\"container-fluid px-0 flexible_section  block_columns\">\n <div id=\"field_pow846ad086a2844c7c_inner\" class=\"container flexible_section_inner \">\n\n  <div class=\"row flexible_section_title_container\"><div class=\"col-12 flexible_section_title_col\"><h2 class=\"flexible_section_title mb-5 text-left   \">Missions<\/h2><\/div><\/div>\n   <div class=\"row flexible_section_content\">\n\n   <div class=\"mb-3 mb-sm-0 col-sm-6 colonne colonne1\">\n    <div class=\"colonne_inner bordertopjeunesse2 pt-3 text-left\">\n<h3>Educate<\/h3>\n<p>It is the art of building a relationship of trust, critical to open possibilities.<\/p>\n<p>It means offering environments, spaces and time to discover, think and feel.<\/p>\n    <\/div>\n   <\/div>\n   <div class=\"col-sm-6 colonne colonne2\">\n    <div class=\"colonne_inner bordertopjeunesse3 pt-3 text-left\">\n<h3>Protect<\/h3>\n<p>It means meeting basic and specific needs, as well as guaranteeing the respect and promotion of rights.<\/p>\n<p>It is acting thoughtfully against all forms of abuse. Implementing these missions means accepting the uncertainty inherent in any relationship, being aware of the paradox between protection and empowerment, and assuming this necessary educational challenge.<\/p>\n    <\/div>\n   <\/div>\n  <\/div>\n\n <\/div>\n<\/div>\n\n\n<div id=\"field_pow268ab2678b2d4862\" class=\"container-fluid px-0 flexible_section block_columns\">\n <div id=\"field_pow268ab2678b2d4862_inner\" class=\"container flexible_section_inner\">\n\n  <div class=\"row flexible_section_title_container\"><div class=\"col-12 flexible_section_title_col\"><h2 class=\"flexible_section_title mb-5 text-left  \">Activities<\/h2><\/div><\/div>\n   <div class=\"row flexible_section_content\">\n\n   <div class=\"mb-3 mb-sm-0 col-sm-4 colonne colonne1\">\n    <div class=\"colonne_inner bordertopjeunesse2 text-left\">\n<div class=\"fixedimage\">\n<p><img decoding=\"async\" class=\"alignnone wp-image-168450 size-full skip-lazy\" src=\"https:\/\/www.groupe-sos.org\/wp-content\/uploads\/2022\/11\/Petite-enfance-1.jpg\" alt=\"\" width=\"400\" height=\"285\" srcset=\"https:\/\/www.groupe-sos.org\/wp-content\/uploads\/2022\/11\/Petite-enfance-1.jpg 400w, https:\/\/www.groupe-sos.org\/wp-content\/uploads\/2022\/11\/Petite-enfance-1-300x214.jpg 300w\" sizes=\"(max-width: 400px) 100vw, 400px\" \/><\/p>\n<\/div>\n<h3>Early Childhood<\/h3>\n    <\/div>\n   <\/div>\n   <div class=\"mb-3 mb-sm-0 col-sm-4 colonne colonne2\">\n    <div class=\"colonne_inner bordertopjeunesse1 text-left\">\n<div class=\"fixedimage\">\n<p><img decoding=\"async\" class=\"alignnone wp-image-168446 size-full skip-lazy\" src=\"https:\/\/www.groupe-sos.org\/wp-content\/uploads\/2022\/11\/Justice-penale-des-mineurs.jpg\" alt=\"\" width=\"400\" height=\"285\" srcset=\"https:\/\/www.groupe-sos.org\/wp-content\/uploads\/2022\/11\/Justice-penale-des-mineurs.jpg 400w, https:\/\/www.groupe-sos.org\/wp-content\/uploads\/2022\/11\/Justice-penale-des-mineurs-300x214.jpg 300w\" sizes=\"(max-width: 400px) 100vw, 400px\" \/><\/p>\n<\/div>\n<h3>Juvenile Criminal Justice<\/h3>\n    <\/div>\n   <\/div>\n   <div class=\"col-sm-4 colonne colonne3\">\n    <div class=\"colonne_inner bordertopjeunesse3 text-left\">\n<div class=\"fixedimage\">\n<p><img decoding=\"async\" class=\"alignnone wp-image-168452 size-full skip-lazy\" src=\"https:\/\/www.groupe-sos.org\/wp-content\/uploads\/2022\/11\/Protection-de-lenfance.jpg\" alt=\"\" width=\"400\" height=\"285\" srcset=\"https:\/\/www.groupe-sos.org\/wp-content\/uploads\/2022\/11\/Protection-de-lenfance.jpg 400w, https:\/\/www.groupe-sos.org\/wp-content\/uploads\/2022\/11\/Protection-de-lenfance-300x214.jpg 300w\" sizes=\"(max-width: 400px) 100vw, 400px\" \/><\/p>\n<\/div>\n<h3>Child Protection<\/h3>\n    <\/div>\n   <\/div>\n  <\/div>\n\n <\/div>\n<\/div>\n\n\n<div id=\"field_pow3ec0c444fdbc4521\" class=\"container-fluid px-0 flexible_section block_columns\">\n <div id=\"field_pow3ec0c444fdbc4521_inner\" class=\"container flexible_section_inner\">\n\n   <div class=\"row flexible_section_content\">\n\n   <div class=\"mb-3 mb-sm-0 col-sm-4 colonne colonne1\">\n    <div class=\"colonne_inner bordertopjeunesse1 text-left\">\n<div class=\"fixedimage\">\n<p><img decoding=\"async\" class=\"alignnone wp-image-168444 size-full skip-lazy\" src=\"https:\/\/www.groupe-sos.org\/wp-content\/uploads\/2022\/11\/Enfance-et-handicap.jpg\" alt=\"\" width=\"400\" height=\"285\" srcset=\"https:\/\/www.groupe-sos.org\/wp-content\/uploads\/2022\/11\/Enfance-et-handicap.jpg 400w, https:\/\/www.groupe-sos.org\/wp-content\/uploads\/2022\/11\/Enfance-et-handicap-300x214.jpg 300w\" sizes=\"(max-width: 400px) 100vw, 400px\" \/><\/p>\n<\/div>\n<h3>Children and Disabilities<\/h3>\n    <\/div>\n   <\/div>\n   <div class=\"mb-3 mb-sm-0 col-sm-4 colonne colonne2\">\n    <div class=\"colonne_inner bordertopjeunesse2 text-left\">\n<div class=\"fixedimage\">\n<p><img decoding=\"async\" class=\"alignnone wp-image-168448 size-full skip-lazy\" src=\"https:\/\/www.groupe-sos.org\/wp-content\/uploads\/2022\/11\/Parrainage-et-action-educative.jpg\" alt=\"\" width=\"400\" height=\"285\" srcset=\"https:\/\/www.groupe-sos.org\/wp-content\/uploads\/2022\/11\/Parrainage-et-action-educative.jpg 400w, https:\/\/www.groupe-sos.org\/wp-content\/uploads\/2022\/11\/Parrainage-et-action-educative-300x214.jpg 300w\" sizes=\"(max-width: 400px) 100vw, 400px\" \/><\/p>\n<\/div>\n<h3>Sponsorship and Educational Actions through Sport<\/h3>\n    <\/div>\n   <\/div>\n   <div class=\"col-sm-4 colonne colonne3\">\n    <div class=\"colonne_inner text-center d-flex align-items-center justify-content-center\">\n    <div class=\"colonne_inner_sub \">\n<p><a class=\"darkbluebutton\" href=\"https:\/\/www.groupe-sos.org\/wp-content\/uploads\/2022\/07\/Rapport-dactivites_Jeunesse_2022.pdf\">Read the 2021 Activity Report<\/a><\/p>\n    <\/div>\n    <\/div>\n   <\/div>\n  <\/div>\n\n <\/div>\n<\/div>\n","protected":false},"excerpt":{"rendered":"<p>Groupe SOS Jeunesse est une association qui a pour principale mission d&#8217;\u00e9duquer et prot\u00e9ger enfants, adolescents et jeunes majeurs en difficult\u00e9s. Groupe SOS Jeunesse est le premier acteur associatif de la protection de l&#8217;enfance en France.<\/p>\n","protected":false},"author":1,"featured_media":0,"parent":0,"menu_order":194,"comment_status":"closed","ping_status":"closed","template":"page-flexipow.php","meta":{"_acf_changed":false,"footnotes":""},"secteur":[],"class_list":["post-174737","page","type-page","status-publish","hentry"],"acf":[],"yoast_head":"<!-- This site is optimized with the Yoast SEO plugin v26.5 - https:\/\/yoast.com\/wordpress\/plugins\/seo\/ -->\n<title>Groupe SOS Youth - Groupe SOS<\/title>\n<meta name=\"description\" content=\"Groupe SOS Jeunesse est une association qui a pour principale mission d&#039;\u00e9duquer et prot\u00e9ger enfants, adolescents et jeunes majeurs en difficult\u00e9s. Groupe SOS Jeunesse est le premier acteur associatif de la protection de l&#039;enfance en France.\" \/>\n<meta name=\"robots\" content=\"index, follow, max-snippet:-1, max-image-preview:large, max-video-preview:-1\" \/>\n<link rel=\"canonical\" href=\"https:\/\/www.groupe-sos.org\/en\/groupe-sos-youth\/\" \/>\n<meta property=\"og:locale\" content=\"en_US\" \/>\n<meta property=\"og:type\" content=\"article\" \/>\n<meta property=\"og:title\" content=\"Groupe SOS Youth - Groupe SOS\" \/>\n<meta property=\"og:description\" content=\"Groupe SOS Jeunesse est une association qui a pour principale mission d&#039;\u00e9duquer et prot\u00e9ger enfants, adolescents et jeunes majeurs en difficult\u00e9s. Groupe SOS Jeunesse est le premier acteur associatif de la protection de l&#039;enfance en France.\" \/>\n<meta property=\"og:url\" content=\"https:\/\/www.groupe-sos.org\/en\/groupe-sos-youth\/\" \/>\n<meta property=\"og:site_name\" content=\"Groupe SOS\" \/>\n<meta property=\"article:publisher\" content=\"https:\/\/www.facebook.com\/GroupeSOS\/\" \/>\n<meta property=\"article:modified_time\" content=\"2024-07-15T09:43:44+00:00\" \/>\n<meta name=\"twitter:card\" content=\"summary_large_image\" \/>\n<meta name=\"twitter:site\" content=\"@groupesos\" \/>\n<meta name=\"twitter:label1\" content=\"Est. reading time\" \/>\n\t<meta name=\"twitter:data1\" content=\"3 minutes\" \/>\n<script type=\"application\/ld+json\" class=\"yoast-schema-graph\">{\"@context\":\"https:\/\/schema.org\",\"@graph\":[{\"@type\":\"WebPage\",\"@id\":\"https:\/\/www.groupe-sos.org\/en\/groupe-sos-youth\/\",\"url\":\"https:\/\/www.groupe-sos.org\/en\/groupe-sos-youth\/\",\"name\":\"Groupe SOS Youth - Groupe SOS\",\"isPartOf\":{\"@id\":\"https:\/\/www.groupe-sos.org\/en\/#website\"},\"datePublished\":\"2023-03-03T09:22:24+00:00\",\"dateModified\":\"2024-07-15T09:43:44+00:00\",\"description\":\"Groupe SOS Jeunesse est une association qui a pour principale mission d'\u00e9duquer et prot\u00e9ger enfants, adolescents et jeunes majeurs en difficult\u00e9s. Groupe SOS Jeunesse est le premier acteur associatif de la protection de l'enfance en France.\",\"breadcrumb\":{\"@id\":\"https:\/\/www.groupe-sos.org\/en\/groupe-sos-youth\/#breadcrumb\"},\"inLanguage\":\"en-US\",\"potentialAction\":[{\"@type\":\"ReadAction\",\"target\":[\"https:\/\/www.groupe-sos.org\/en\/groupe-sos-youth\/\"]}]},{\"@type\":\"BreadcrumbList\",\"@id\":\"https:\/\/www.groupe-sos.org\/en\/groupe-sos-youth\/#breadcrumb\",\"itemListElement\":[{\"@type\":\"ListItem\",\"position\":1,\"name\":\"Home\",\"item\":\"https:\/\/www.groupe-sos.org\/en\/\"},{\"@type\":\"ListItem\",\"position\":2,\"name\":\"Groupe SOS Youth\"}]},{\"@type\":\"WebSite\",\"@id\":\"https:\/\/www.groupe-sos.org\/en\/#website\",\"url\":\"https:\/\/www.groupe-sos.org\/en\/\",\"name\":\"Groupe SOS Entreprendre au profit de tous\",\"description\":\"Entreprendre au profit de tous\",\"publisher\":{\"@id\":\"https:\/\/www.groupe-sos.org\/en\/#organization\"},\"alternateName\":\"Groupe SOS\",\"potentialAction\":[{\"@type\":\"SearchAction\",\"target\":{\"@type\":\"EntryPoint\",\"urlTemplate\":\"https:\/\/www.groupe-sos.org\/en\/?s={search_term_string}\"},\"query-input\":{\"@type\":\"PropertyValueSpecification\",\"valueRequired\":true,\"valueName\":\"search_term_string\"}}],\"inLanguage\":\"en-US\"},{\"@type\":\"Organization\",\"@id\":\"https:\/\/www.groupe-sos.org\/en\/#organization\",\"name\":\"Groupe SOS\",\"alternateName\":\"Entreprendre au profit de tous\",\"url\":\"https:\/\/www.groupe-sos.org\/en\/\",\"logo\":{\"@type\":\"ImageObject\",\"inLanguage\":\"en-US\",\"@id\":\"https:\/\/www.groupe-sos.org\/en\/#\/schema\/logo\/image\/\",\"url\":\"https:\/\/www.groupe-sos.org\/wp-content\/uploads\/2022\/06\/groupe-sos-logo-1.png\",\"contentUrl\":\"https:\/\/www.groupe-sos.org\/wp-content\/uploads\/2022\/06\/groupe-sos-logo-1.png\",\"width\":300,\"height\":60,\"caption\":\"Groupe SOS\"},\"image\":{\"@id\":\"https:\/\/www.groupe-sos.org\/en\/#\/schema\/logo\/image\/\"},\"sameAs\":[\"https:\/\/www.facebook.com\/GroupeSOS\/\",\"https:\/\/x.com\/groupesos\",\"https:\/\/www.instagram.com\/groupe_sos\/\",\"https:\/\/www.linkedin.com\/company\/groupe-sos\/?originalSubdomain=fr\"]}]}<\/script>\n<!-- \/ Yoast SEO plugin. -->","yoast_head_json":{"title":"Groupe SOS Youth - Groupe SOS","description":"Groupe SOS Jeunesse est une association qui a pour principale mission d'\u00e9duquer et prot\u00e9ger enfants, adolescents et jeunes majeurs en difficult\u00e9s. Groupe SOS Jeunesse est le premier acteur associatif de la protection de l'enfance en France.","robots":{"index":"index","follow":"follow","max-snippet":"max-snippet:-1","max-image-preview":"max-image-preview:large","max-video-preview":"max-video-preview:-1"},"canonical":"https:\/\/www.groupe-sos.org\/en\/groupe-sos-youth\/","og_locale":"en_US","og_type":"article","og_title":"Groupe SOS Youth - Groupe SOS","og_description":"Groupe SOS Jeunesse est une association qui a pour principale mission d'\u00e9duquer et prot\u00e9ger enfants, adolescents et jeunes majeurs en difficult\u00e9s. Groupe SOS Jeunesse est le premier acteur associatif de la protection de l'enfance en France.","og_url":"https:\/\/www.groupe-sos.org\/en\/groupe-sos-youth\/","og_site_name":"Groupe SOS","article_publisher":"https:\/\/www.facebook.com\/GroupeSOS\/","article_modified_time":"2024-07-15T09:43:44+00:00","twitter_card":"summary_large_image","twitter_site":"@groupesos","twitter_misc":{"Est. reading time":"3 minutes"},"schema":{"@context":"https:\/\/schema.org","@graph":[{"@type":"WebPage","@id":"https:\/\/www.groupe-sos.org\/en\/groupe-sos-youth\/","url":"https:\/\/www.groupe-sos.org\/en\/groupe-sos-youth\/","name":"Groupe SOS Youth - Groupe SOS","isPartOf":{"@id":"https:\/\/www.groupe-sos.org\/en\/#website"},"datePublished":"2023-03-03T09:22:24+00:00","dateModified":"2024-07-15T09:43:44+00:00","description":"Groupe SOS Jeunesse est une association qui a pour principale mission d'\u00e9duquer et prot\u00e9ger enfants, adolescents et jeunes majeurs en difficult\u00e9s. Groupe SOS Jeunesse est le premier acteur associatif de la protection de l'enfance en France.","breadcrumb":{"@id":"https:\/\/www.groupe-sos.org\/en\/groupe-sos-youth\/#breadcrumb"},"inLanguage":"en-US","potentialAction":[{"@type":"ReadAction","target":["https:\/\/www.groupe-sos.org\/en\/groupe-sos-youth\/"]}]},{"@type":"BreadcrumbList","@id":"https:\/\/www.groupe-sos.org\/en\/groupe-sos-youth\/#breadcrumb","itemListElement":[{"@type":"ListItem","position":1,"name":"Home","item":"https:\/\/www.groupe-sos.org\/en\/"},{"@type":"ListItem","position":2,"name":"Groupe SOS Youth"}]},{"@type":"WebSite","@id":"https:\/\/www.groupe-sos.org\/en\/#website","url":"https:\/\/www.groupe-sos.org\/en\/","name":"Groupe SOS Entreprendre au profit de tous","description":"Entreprendre au profit de tous","publisher":{"@id":"https:\/\/www.groupe-sos.org\/en\/#organization"},"alternateName":"Groupe SOS","potentialAction":[{"@type":"SearchAction","target":{"@type":"EntryPoint","urlTemplate":"https:\/\/www.groupe-sos.org\/en\/?s={search_term_string}"},"query-input":{"@type":"PropertyValueSpecification","valueRequired":true,"valueName":"search_term_string"}}],"inLanguage":"en-US"},{"@type":"Organization","@id":"https:\/\/www.groupe-sos.org\/en\/#organization","name":"Groupe SOS","alternateName":"Entreprendre au profit de tous","url":"https:\/\/www.groupe-sos.org\/en\/","logo":{"@type":"ImageObject","inLanguage":"en-US","@id":"https:\/\/www.groupe-sos.org\/en\/#\/schema\/logo\/image\/","url":"https:\/\/www.groupe-sos.org\/wp-content\/uploads\/2022\/06\/groupe-sos-logo-1.png","contentUrl":"https:\/\/www.groupe-sos.org\/wp-content\/uploads\/2022\/06\/groupe-sos-logo-1.png","width":300,"height":60,"caption":"Groupe SOS"},"image":{"@id":"https:\/\/www.groupe-sos.org\/en\/#\/schema\/logo\/image\/"},"sameAs":["https:\/\/www.facebook.com\/GroupeSOS\/","https:\/\/x.com\/groupesos","https:\/\/www.instagram.com\/groupe_sos\/","https:\/\/www.linkedin.com\/company\/groupe-sos\/?originalSubdomain=fr"]}]}},"_links":{"self":[{"href":"https:\/\/www.groupe-sos.org\/en\/wp-json\/wp\/v2\/pages\/174737","targetHints":{"allow":["GET"]}}],"collection":[{"href":"https:\/\/www.groupe-sos.org\/en\/wp-json\/wp\/v2\/pages"}],"about":[{"href":"https:\/\/www.groupe-sos.org\/en\/wp-json\/wp\/v2\/types\/page"}],"author":[{"embeddable":true,"href":"https:\/\/www.groupe-sos.org\/en\/wp-json\/wp\/v2\/users\/1"}],"replies":[{"embeddable":true,"href":"https:\/\/www.groupe-sos.org\/en\/wp-json\/wp\/v2\/comments?post=174737"}],"version-history":[{"count":9,"href":"https:\/\/www.groupe-sos.org\/en\/wp-json\/wp\/v2\/pages\/174737\/revisions"}],"predecessor-version":[{"id":197986,"href":"https:\/\/www.groupe-sos.org\/en\/wp-json\/wp\/v2\/pages\/174737\/revisions\/197986"}],"wp:attachment":[{"href":"https:\/\/www.groupe-sos.org\/en\/wp-json\/wp\/v2\/media?parent=174737"}],"wp:term":[{"taxonomy":"secteur","embeddable":true,"href":"https:\/\/www.groupe-sos.org\/en\/wp-json\/wp\/v2\/secteur?post=174737"}],"curies":[{"name":"wp","href":"https:\/\/api.w.org\/{rel}","templated":true}]}}