{"id":174744,"date":"2023-01-05T16:13:40","date_gmt":"2023-01-05T15:13:40","guid":{"rendered":"https:\/\/www.groupe-sos.org\/groupe-sos-seniors\/"},"modified":"2024-07-15T11:46:15","modified_gmt":"2024-07-15T09:46:15","slug":"groupe-sos-seniors","status":"publish","type":"page","link":"https:\/\/www.groupe-sos.org\/en\/groupe-sos-seniors\/","title":{"rendered":"Groupe SOS Seniors"},"content":{"rendered":"<div id=\"field_pow92e13c510d604d33\" class=\"container-fluid px-0 flexible_section heropages heropages block_hero\">\n  <div id=\"hero_pow92e13c510d604d33\" class=\"hero_container px-0\">\n   <div class=\"hero_image_outer\">\n    <img decoding=\"async\" src=\"https:\/\/www.groupe-sos.org\/wp-content\/uploads\/2022\/11\/seniors.jpg\" alt=\"\" class=\"heroimage \" \/>\n   <\/div>\n  <\/div>\n<\/div>\n\n\n<div id=\"field_powbfd364f5e41941f3\" class=\"container-fluid px-0 flexible_section  block_columns\">\n <div id=\"field_powbfd364f5e41941f3_inner\" class=\"container flexible_section_inner \">\n\n   <div class=\"row flexible_section_content\">\n\n   <div class=\"p-5 col-sm-12 colonne colonne1\">\n    <div class=\"colonne_inner  text-left\">\n<h3>Our organisations<\/h3>\n<h1>Groupe SOS Seniors<\/h1>\n    <\/div>\n   <\/div>\n  <\/div>\n\n <\/div>\n<\/div>\n\n\n<div id=\"field_powd3e6a89f332c4d29\" class=\"container-fluid px-0 flexible_section block_breadcrumb\">\n <div id=\"field_powd3e6a89f332c4d29_inner\" class=\"container flexible_section_inner\">\n\n  <div class=\"row flexible_section_content\">\n\n   <div class=\"breadcrumb_outer\" id=\"breadcrumb_powd3e6a89f332c4d29\">\n\n   <nav aria-label=\"breadcrumb\" id=\"breadcrumb_powd3e6a89f332c4d29_nav\">\n    <ol class=\"breadcrumb\">\n<li class=\"breadcrumb-item active\" aria-current=\"page\">Groupe SOS Seniors<\/li>\n      <\/ol>\n   <\/nav>\n\n   <\/div>\n\n  <\/div>\n\n <\/div>\n<\/div>\n\n\n<div id=\"field_pow79fef341cf144d24\" class=\"container-fluid px-0 flexible_section block_columns\">\n <div id=\"field_pow79fef341cf144d24_inner\" class=\"container flexible_section_inner\">\n\n   <div class=\"row flexible_section_content\">\n\n   <div class=\"col-sm-12 colonne colonne1\">\n    <div class=\"colonne_inner  text-left\">\n<p><strong>Groupe SOS Seniors, the second largest manager of non-profit nursing homes in France, is taking up the challenge of old age. In 2050, the number of people over 85 in France will have doubled, while the number of working people will have decreased. It is essential to find solutions to assist senior citizens.<\/strong><\/p>\n<p><strong>Groupe SOS Seniors is committed to helping senior citizens maintain their independence and social ties in its facilities (113 facilities and services for the elderly, including more than 70 nursing homes), while considering each person&#8217;s income level and guaranteeing the same quality of service for all; as well as at home, thanks to services that enable people to live better and longer in their own homes.<\/strong><\/p>\n<p><i><strong>Groupe SOS Seniors is one of the founding organisations of Groupe SOS and has been recognised as serving the public good. <\/strong><\/i><\/p>\n    <\/div>\n   <\/div>\n  <\/div>\n\n <\/div>\n<\/div>\n\n\n<div id=\"field_pow33e87feae2d242d0\" class=\"container-fluid px-0 flexible_section block_components\">\n <div id=\"field_pow33e87feae2d242d0_inner\" class=\"container flexible_section_inner\">\n\n   <div class=\"row flexible_section_content\">\n\n   <div class=\" col-sm-4 component component_1  \">\n    <div class=\"colonne_inner \">\n  <div class=\"counters row\" id=\"counter_pow33e87feae2d242d0_1_outer\">\n   <div id=\"counter_pow33e87feae2d242d0_1_0\" class=\"counters col-12 px-3\">\n    <div class=\"counters_inner \">\n<div class=\"compteur_nosactions bg-rose\">\r\n<div class=\"h2 text-center\"><span id=\"counter_pow33e87feae2d242d0_1_0_value\">0<\/span><\/div>\r\n<div class=\"text-center\">facilities<\/div>\r\n<\/div>    <\/div>\n   <\/div>\n  <\/div>\n\n    <\/div>\n   <\/div>\n   <div class=\" col-sm-4 component component_2  \">\n    <div class=\"colonne_inner \">\n  <div class=\"counters row\" id=\"counter_pow33e87feae2d242d0_2_outer\">\n   <div id=\"counter_pow33e87feae2d242d0_2_0\" class=\"counters col-12 px-3\">\n    <div class=\"counters_inner \">\n<div class=\"compteur_nosactions bg-rose\">\r\n<div class=\"h2 text-center\"><span id=\"counter_pow33e87feae2d242d0_2_0_value\">0<\/span><\/div>\r\n<div class=\"text-center\">senior citizens housed<\/div>\r\n<\/div>    <\/div>\n   <\/div>\n  <\/div>\n\n    <\/div>\n   <\/div>\n   <div class=\" col-sm-4 component component_3  \">\n    <div class=\"colonne_inner \">\n  <div class=\"counters row\" id=\"counter_pow33e87feae2d242d0_3_outer\">\n   <div id=\"counter_pow33e87feae2d242d0_3_0\" class=\"counters col-12 px-3\">\n    <div class=\"counters_inner \">\n<div class=\"compteur_nosactions bg-rose\">\r\n<div class=\"h2 text-center\"><span id=\"counter_pow33e87feae2d242d0_3_0_value\">0<\/span><\/div>\r\n<div class=\"text-center\">employees<\/div>\r\n<\/div>    <\/div>\n   <\/div>\n  <\/div>\n\n    <\/div>\n   <\/div>\n  <\/div>\n\n <\/div>\n<\/div>\n<script type=\"text\/javascript\">\r\n\t\t\t\tjQuery(document).ready(function() {\r\n\t\t\t\t\t\t\r\n\r\n\t\t\tjQuery('#counter_pow33e87feae2d242d0_1_outer').one('inview', function(event, isInView) {\r\n\t\t\t\tif (isInView) {\r\n\t\t\t\t\tjQuery('#counter_pow33e87feae2d242d0_1_0_value').numerator({ toValue: 114,\r\n\t\t\teasing: 'linear',\r\n\t\t\tduration: 2000,\r\n\t\t\trounding: 0\r\n\t\t});\n\r\n\t\t\t\t} \r\n\t\t\t});\r\n\r\n\t\t\tjQuery('#counter_pow33e87feae2d242d0_2_outer').one('inview', function(event, isInView) {\r\n\t\t\t\tif (isInView) {\r\n\t\t\t\t\tjQuery('#counter_pow33e87feae2d242d0_2_0_value').numerator({ toValue: 6000,\r\n\t\t\teasing: 'linear',\r\n\t\t\tduration: 2000,\r\n\t\t\trounding: 0\r\n\t\t});\n\r\n\t\t\t\t} \r\n\t\t\t});\r\n\r\n\t\t\tjQuery('#counter_pow33e87feae2d242d0_3_outer').one('inview', function(event, isInView) {\r\n\t\t\t\tif (isInView) {\r\n\t\t\t\t\tjQuery('#counter_pow33e87feae2d242d0_3_0_value').numerator({ toValue: 4500,\r\n\t\t\teasing: 'linear',\r\n\t\t\tduration: 2000,\r\n\t\t\trounding: 0\r\n\t\t});\n\r\n\t\t\t\t} \r\n\t\t\t});\n\r\n\t\t\t\t});\t\t\r\n\t\t\t<\/script>\n\n<div id=\"field_powa054ff43dd5f429d\" class=\"container-fluid px-0 flexible_section  block_columns\">\n <div id=\"field_powa054ff43dd5f429d_inner\" class=\"container flexible_section_inner \">\n\n  <div class=\"row flexible_section_title_container\"><div class=\"col-12 flexible_section_title_col\"><h2 class=\"flexible_section_title mb-5 text-center   \">Our proposals to meet the challenge of old age<\/h2><\/div><\/div>\n   <div class=\"row flexible_section_content\">\n\n   <div class=\"mb-3 mb-sm-0 col-sm-6 colonne colonne1\">\n    <div class=\"colonne_inner  text-left\">\n<p>Today, 2.1 million French people are aged 85 and over. By 2050, they will be 4.2 million and the number of dependent people will have doubled. The current housing offer is often unsuitable and not affordable to many. Nursing homes suffer from a bad reputation due to numerous shortcomings reported in the media: difficult working conditions, an increasing number of residents and insufficient funding to meet their changing needs. Home care, which is very popular with the elderly, allows seniors to remain autonomous for a long time. But while aging at home is one of the main wishes of older people, too many of them are forced to leave their homes because they cannot benefit from services that cover all their needs.<\/p>\n<p><strong>Through this Mission Statement, Groupe SOS wants to build a comprehensive support system and offer all senior citizens quality services, in collaboration with family caregivers, while respecting their dignity and regardless of their income level.<\/strong><\/p>\n<p>&nbsp;<\/p>\n    <\/div>\n   <\/div>\n   <div class=\"col-sm-6 colonne colonne2\">\n    <div class=\"colonne_inner  text-left\">\n<p style=\"text-align: center\">\r\n\t<div class=\"youtube-video-place embed-responsive\" data-ratio=\"16by9\" data-yturl=\"https:\/\/www.youtube.com\/embed\/NzNbhS587AI?autoplay=1&amp;rel=0&amp;showinfo=0\">\r\n\t\t<div class=\"youtube-video-place-inner\">\r\n\t\t\t<img decoding=\"async\" src=\"https:\/\/www.groupe-sos.org\/wp-content\/themes\/flexipow\/assets\/icons\/videoplayer.png\" class=\"play-youtube-button\" alt=\"youtubebutton\">\r\n\t\t\t<img decoding=\"async\" src=\"https:\/\/i.ytimg.com\/vi\/NzNbhS587AI\/mqdefault.jpg\" class=\"play-youtube-video w-100 skip-lazy\" alt=\"video\">\r\n\t\t<\/div>\t\r\n\t<\/div>\r\n\t<\/p>\n<p style=\"text-align: center\"><a class=\"lightbluebutton\" href=\"https:\/\/www.groupe-sos.org\/plaidoyers\/seniors\/\" target=\"_blank\" rel=\"noopener\">Discover the Mission Statement<\/a><\/p>\n    <\/div>\n   <\/div>\n  <\/div>\n\n <\/div>\n<\/div>\n\n\n\n<div class=\"wp-block-buttons is-layout-flex wp-block-buttons-is-layout-flex\"><\/div>\n\n\n<div id=\"field_pow1fcb080e7b9b444e\" class=\"container-fluid px-0 flexible_section block_columns\">\n <div id=\"field_pow1fcb080e7b9b444e_inner\" class=\"container flexible_section_inner\">\n\n   <div class=\"row flexible_section_content\">\n\n   <div class=\"mb-3 mb-sm-0 col-sm-4 colonne colonne1\">\n    <div class=\"colonne_inner  text-left\">\n<p style=\"text-align: center\"><a class=\"darkbluebutton\" href=\"https:\/\/www.groupesos-seniors.org\/\" target=\"_blank\" rel=\"noopener\">Learn more about Groupe SOS Seniors<\/a><\/p>\n    <\/div>\n   <\/div>\n   <div class=\"mb-3 mb-sm-0 col-sm-4 colonne colonne2\">\n    <div class=\"colonne_inner  text-left\">\n<p style=\"text-align: center\"><a class=\"darkbluebutton\" href=\"https:\/\/www.groupesos-seniors.org\/wp-content\/uploads\/2022\/07\/GROUPE-SOS-Rapport-dactivites-en-2021-20-06-2022-WEB-BD_compressed-avec-compression-1_compressed-1-1-1-2-1.pdf\">Download the Groupe SOS Seniors Activity Report<\/a><\/p>\n    <\/div>\n   <\/div>\n   <div class=\"col-sm-4 colonne colonne3\">\n    <div class=\"colonne_inner  text-left\">\n<p style=\"text-align: center\"><a class=\"darkbluebutton\" href=\"https:\/\/www.groupesos-seniors.org\/wp-content\/uploads\/2020\/12\/GSOS-Senior-4-pages-A4-presentation-Seniors-page-a-page-compresse.pdf\">Download the Groupe SOS Seniors presentation brochure<\/a><\/p>\n    <\/div>\n   <\/div>\n  <\/div>\n\n <\/div>\n<\/div>\n\n\n<div id=\"field_pow30247fc32f364543\" class=\"container-fluid px-0 flexible_section  block_adaptativetextandimage\">\n <div id=\"field_pow30247fc32f364543_inner\" class=\"container flexible_section_inner \">\n\n   <div class=\"row no-gutters flexible_section_content adaptativeimage  bordertopseniors1\" id=\"textimagebanner_pow30247fc32f364543\">\n\n   <div class=\"col-12 col-sm-7 order-2 order-sm-2 colonne colonne1 colonne1_pow30247fc32f364543\">\n    <div class=\"colonne_inner text-left justify-content-start\">\n<h3>Nursing homes: a new philosophy of assistance<\/h3>\n<p>Above all, a nursing home must be connected to its surroundings and once more be a lively place that motivates its inhabitants, who can work with caregivers, professionals and volunteers to improve their quality of life and make the place a new home.<\/p>\n<p>Therefore, let&#8217;s envision the nursing home as the continuation of the home. It is neither a hotel nor a hospital, but it brings together a community of stakeholders who all have a place and a role to play. This is the principle behind &#8220;My nursing home, my home&#8221;, a philosophy of assistance that has been implemented in many of the Group&#8217;s facilities.<\/p>\n    <\/div>\n   <\/div>\n   <div class=\"col-12 col-sm-5 order-1 order-sm-1 colonne colonne2 colonne2_pow30247fc32f364543\">\n   <\/div>\n  <\/div>\n\n <\/div>\n<\/div>\n\n\n<div id=\"field_pow60725b2052434d16\" class=\"container-fluid px-0 flexible_section  block_adaptativetextandimage\">\n <div id=\"field_pow60725b2052434d16_inner\" class=\"container flexible_section_inner \">\n\n   <div class=\"row no-gutters flexible_section_content adaptativeimage  bordertopseniors2 bordertopseniors2\" id=\"textimagebanner_pow60725b2052434d16\">\n\n   <div class=\"col-12 col-sm-7 order-2 order-sm-1 colonne colonne1 colonne1_pow60725b2052434d16\">\n    <div class=\"colonne_inner text-left justify-content-start\">\n<h3>Chez moi: a new concept of supported housing and services at affordable prices<\/h3>\n<p>Chez moi&#8217;s (At home) ambition is to listen and better respond to current and future societal issues: to anticipate and innovate in order to offer a diversified range of services and support to people over 60 years of age, promoting their autonomy and choice of lifestyle in an adapted and non-medicalised setting.<\/p>\n<p>It offers intergenerational housing or housing specifically dedicated to seniors, with a good quality of life and where they can evolve in an adapted and comfortable environment of 45 to 50 m\u00b2.<\/p>\n    <\/div>\n   <\/div>\n   <div class=\"col-12 col-sm-5 order-1 order-sm-2 colonne colonne2 colonne2_pow60725b2052434d16\">\n   <\/div>\n  <\/div>\n\n <\/div>\n<\/div>\n\n\n<div id=\"field_pow09d802ec33ad4ca3\" class=\"container-fluid px-0 flexible_section  block_adaptativetextandimage\">\n <div id=\"field_pow09d802ec33ad4ca3_inner\" class=\"container flexible_section_inner \">\n\n   <div class=\"row no-gutters flexible_section_content adaptativeimage  bordertopseniors3 bordertopseniors3\" id=\"textimagebanner_pow09d802ec33ad4ca3\">\n\n   <div class=\"col-12 col-sm-7 order-2 order-sm-2 colonne colonne1 colonne1_pow09d802ec33ad4ca3\">\n    <div class=\"colonne_inner text-left justify-content-start\">\n<h3>Activities and social life<\/h3>\n<p>Life in an institution is not limited to food, accommodation and care. The quality of life also depends on the activity and social life project: this means providing adapted, non-infantilising, diverse activities that help maintain physical and psychological autonomy and enhance the abilities and potential of each person.<\/p>\n    <\/div>\n   <\/div>\n   <div class=\"col-12 col-sm-5 order-1 order-sm-1 colonne colonne2 colonne2_pow09d802ec33ad4ca3\">\n   <\/div>\n  <\/div>\n\n <\/div>\n<\/div>\n\n\n<div id=\"field_pow39a5c8036e1e4abf\" class=\"container-fluid px-0 flexible_section  block_adaptativetextandimage\">\n <div id=\"field_pow39a5c8036e1e4abf_inner\" class=\"container flexible_section_inner \">\n\n   <div class=\"row no-gutters flexible_section_content adaptativeimage  bordertopseniors1 bordertopseniors1\" id=\"textimagebanner_pow39a5c8036e1e4abf\">\n\n   <div class=\"col-12 col-sm-7 order-2 order-sm-1 colonne colonne1 colonne1_pow39a5c8036e1e4abf\">\n    <div class=\"colonne_inner text-left justify-content-start\">\n<h3>The importance of catering<\/h3>\n<p>Gastronomy is an essential part of French culture and is very important to older people. Groupe SOS Seniors makes food a priority and is especially attentive to preserving the elderly\u2019s enjoyment of good food.<\/p>\n<p>Appearance, texture, taste &#8211; everything is done to enable senior citizens to appreciate the dishes prepared by the chefs of Groupe SOS Seniors, particularly with the Silver Fourchette program, which helps improve nutrition in our facilities.<\/p>\n    <\/div>\n   <\/div>\n   <div class=\"col-12 col-sm-5 order-1 order-sm-2 colonne colonne2 colonne2_pow39a5c8036e1e4abf\">\n   <\/div>\n  <\/div>\n\n <\/div>\n<\/div>\n\n\n<div id=\"field_pow1fcb080e7b9b444e\" class=\"container-fluid px-0 flexible_section block_columns\">\n <div id=\"field_pow1fcb080e7b9b444e_inner\" class=\"container flexible_section_inner\">\n\n   <div class=\"row flexible_section_content\">\n\n   <div class=\"mb-3 mb-sm-0 col-sm-4 colonne colonne1\">\n    <div class=\"colonne_inner  text-left\">\n<p style=\"text-align: center\"><a class=\"darkbluebutton\" href=\"https:\/\/www.groupesos-seniors.org\/\" target=\"_blank\" rel=\"noopener\">Learn more about Groupe SOS Seniors<\/a><\/p>\n    <\/div>\n   <\/div>\n   <div class=\"mb-3 mb-sm-0 col-sm-4 colonne colonne2\">\n    <div class=\"colonne_inner  text-left\">\n<p style=\"text-align: center\"><a class=\"darkbluebutton\" href=\"https:\/\/www.groupesos-seniors.org\/wp-content\/uploads\/2022\/07\/GROUPE-SOS-Rapport-dactivites-en-2021-20-06-2022-WEB-BD_compressed-avec-compression-1_compressed-1-1-1-2-1.pdf\">Download the Groupe SOS Seniors Activity Report<\/a><\/p>\n    <\/div>\n   <\/div>\n   <div class=\"col-sm-4 colonne colonne3\">\n    <div class=\"colonne_inner  text-left\">\n<p style=\"text-align: center\"><a class=\"darkbluebutton\" href=\"https:\/\/www.groupesos-seniors.org\/wp-content\/uploads\/2020\/12\/GSOS-Senior-4-pages-A4-presentation-Seniors-page-a-page-compresse.pdf\">Download the Groupe SOS Seniors presentation brochure<\/a><\/p>\n    <\/div>\n   <\/div>\n  <\/div>\n\n <\/div>\n<\/div>\n","protected":false},"excerpt":{"rendered":"<p>Groupe SOS Seniors est le deuxi\u00e8me gestionnaire d\u2019EHPAD associatifs en France. Cette association rel\u00e8ve le d\u00e9fi du grand \u00e2ge. Aujourd&#8217;hui, Groupe SOS Seniors g\u00e8re 113 \u00e9tablissements et services pour personnes \u00e2g\u00e9es, dont plus de 70 EHPAD.<\/p>\n","protected":false},"author":1,"featured_media":0,"parent":0,"menu_order":170,"comment_status":"closed","ping_status":"closed","template":"page-flexipow.php","meta":{"_acf_changed":false,"footnotes":""},"secteur":[],"class_list":["post-174744","page","type-page","status-publish","hentry"],"acf":[],"yoast_head":"<!-- This site is optimized with the Yoast SEO plugin v26.5 - https:\/\/yoast.com\/wordpress\/plugins\/seo\/ -->\n<title>Groupe SOS Seniors - Groupe SOS<\/title>\n<meta name=\"description\" content=\"Groupe SOS Seniors est le deuxi\u00e8me gestionnaire d\u2019EHPAD associatifs en France. Cette association rel\u00e8ve le d\u00e9fi du grand \u00e2ge. Aujourd&#039;hui, Groupe SOS Seniors g\u00e8re 113 \u00e9tablissements et services pour personnes \u00e2g\u00e9es, dont plus de 70 EHPAD.\" \/>\n<meta name=\"robots\" content=\"index, follow, max-snippet:-1, max-image-preview:large, max-video-preview:-1\" \/>\n<link rel=\"canonical\" href=\"https:\/\/www.groupe-sos.org\/en\/groupe-sos-seniors\/\" \/>\n<meta property=\"og:locale\" content=\"en_US\" \/>\n<meta property=\"og:type\" content=\"article\" \/>\n<meta property=\"og:title\" content=\"Groupe SOS Seniors - Groupe SOS\" \/>\n<meta property=\"og:description\" content=\"Groupe SOS Seniors est le deuxi\u00e8me gestionnaire d\u2019EHPAD associatifs en France. Cette association rel\u00e8ve le d\u00e9fi du grand \u00e2ge. Aujourd&#039;hui, Groupe SOS Seniors g\u00e8re 113 \u00e9tablissements et services pour personnes \u00e2g\u00e9es, dont plus de 70 EHPAD.\" \/>\n<meta property=\"og:url\" content=\"https:\/\/www.groupe-sos.org\/en\/groupe-sos-seniors\/\" \/>\n<meta property=\"og:site_name\" content=\"Groupe SOS\" \/>\n<meta property=\"article:publisher\" content=\"https:\/\/www.facebook.com\/GroupeSOS\/\" \/>\n<meta property=\"article:modified_time\" content=\"2024-07-15T09:46:15+00:00\" \/>\n<meta name=\"twitter:card\" content=\"summary_large_image\" \/>\n<meta name=\"twitter:site\" content=\"@groupesos\" \/>\n<meta name=\"twitter:label1\" content=\"Est. reading time\" \/>\n\t<meta name=\"twitter:data1\" content=\"5 minutes\" \/>\n<script type=\"application\/ld+json\" class=\"yoast-schema-graph\">{\"@context\":\"https:\/\/schema.org\",\"@graph\":[{\"@type\":\"WebPage\",\"@id\":\"https:\/\/www.groupe-sos.org\/en\/groupe-sos-seniors\/\",\"url\":\"https:\/\/www.groupe-sos.org\/en\/groupe-sos-seniors\/\",\"name\":\"Groupe SOS Seniors - Groupe SOS\",\"isPartOf\":{\"@id\":\"https:\/\/www.groupe-sos.org\/en\/#website\"},\"datePublished\":\"2023-01-05T15:13:40+00:00\",\"dateModified\":\"2024-07-15T09:46:15+00:00\",\"description\":\"Groupe SOS Seniors est le deuxi\u00e8me gestionnaire d\u2019EHPAD associatifs en France. Cette association rel\u00e8ve le d\u00e9fi du grand \u00e2ge. Aujourd'hui, Groupe SOS Seniors g\u00e8re 113 \u00e9tablissements et services pour personnes \u00e2g\u00e9es, dont plus de 70 EHPAD.\",\"breadcrumb\":{\"@id\":\"https:\/\/www.groupe-sos.org\/en\/groupe-sos-seniors\/#breadcrumb\"},\"inLanguage\":\"en-US\",\"potentialAction\":[{\"@type\":\"ReadAction\",\"target\":[\"https:\/\/www.groupe-sos.org\/en\/groupe-sos-seniors\/\"]}]},{\"@type\":\"BreadcrumbList\",\"@id\":\"https:\/\/www.groupe-sos.org\/en\/groupe-sos-seniors\/#breadcrumb\",\"itemListElement\":[{\"@type\":\"ListItem\",\"position\":1,\"name\":\"Home\",\"item\":\"https:\/\/www.groupe-sos.org\/en\/\"},{\"@type\":\"ListItem\",\"position\":2,\"name\":\"Groupe SOS Seniors\"}]},{\"@type\":\"WebSite\",\"@id\":\"https:\/\/www.groupe-sos.org\/en\/#website\",\"url\":\"https:\/\/www.groupe-sos.org\/en\/\",\"name\":\"Groupe SOS Entreprendre au profit de tous\",\"description\":\"Entreprendre au profit de tous\",\"publisher\":{\"@id\":\"https:\/\/www.groupe-sos.org\/en\/#organization\"},\"alternateName\":\"Groupe SOS\",\"potentialAction\":[{\"@type\":\"SearchAction\",\"target\":{\"@type\":\"EntryPoint\",\"urlTemplate\":\"https:\/\/www.groupe-sos.org\/en\/?s={search_term_string}\"},\"query-input\":{\"@type\":\"PropertyValueSpecification\",\"valueRequired\":true,\"valueName\":\"search_term_string\"}}],\"inLanguage\":\"en-US\"},{\"@type\":\"Organization\",\"@id\":\"https:\/\/www.groupe-sos.org\/en\/#organization\",\"name\":\"Groupe SOS\",\"alternateName\":\"Entreprendre au profit de tous\",\"url\":\"https:\/\/www.groupe-sos.org\/en\/\",\"logo\":{\"@type\":\"ImageObject\",\"inLanguage\":\"en-US\",\"@id\":\"https:\/\/www.groupe-sos.org\/en\/#\/schema\/logo\/image\/\",\"url\":\"https:\/\/www.groupe-sos.org\/wp-content\/uploads\/2022\/06\/groupe-sos-logo-1.png\",\"contentUrl\":\"https:\/\/www.groupe-sos.org\/wp-content\/uploads\/2022\/06\/groupe-sos-logo-1.png\",\"width\":300,\"height\":60,\"caption\":\"Groupe SOS\"},\"image\":{\"@id\":\"https:\/\/www.groupe-sos.org\/en\/#\/schema\/logo\/image\/\"},\"sameAs\":[\"https:\/\/www.facebook.com\/GroupeSOS\/\",\"https:\/\/x.com\/groupesos\",\"https:\/\/www.instagram.com\/groupe_sos\/\",\"https:\/\/www.linkedin.com\/company\/groupe-sos\/?originalSubdomain=fr\"]}]}<\/script>\n<!-- \/ Yoast SEO plugin. -->","yoast_head_json":{"title":"Groupe SOS Seniors - Groupe SOS","description":"Groupe SOS Seniors est le deuxi\u00e8me gestionnaire d\u2019EHPAD associatifs en France. Cette association rel\u00e8ve le d\u00e9fi du grand \u00e2ge. Aujourd'hui, Groupe SOS Seniors g\u00e8re 113 \u00e9tablissements et services pour personnes \u00e2g\u00e9es, dont plus de 70 EHPAD.","robots":{"index":"index","follow":"follow","max-snippet":"max-snippet:-1","max-image-preview":"max-image-preview:large","max-video-preview":"max-video-preview:-1"},"canonical":"https:\/\/www.groupe-sos.org\/en\/groupe-sos-seniors\/","og_locale":"en_US","og_type":"article","og_title":"Groupe SOS Seniors - Groupe SOS","og_description":"Groupe SOS Seniors est le deuxi\u00e8me gestionnaire d\u2019EHPAD associatifs en France. Cette association rel\u00e8ve le d\u00e9fi du grand \u00e2ge. Aujourd'hui, Groupe SOS Seniors g\u00e8re 113 \u00e9tablissements et services pour personnes \u00e2g\u00e9es, dont plus de 70 EHPAD.","og_url":"https:\/\/www.groupe-sos.org\/en\/groupe-sos-seniors\/","og_site_name":"Groupe SOS","article_publisher":"https:\/\/www.facebook.com\/GroupeSOS\/","article_modified_time":"2024-07-15T09:46:15+00:00","twitter_card":"summary_large_image","twitter_site":"@groupesos","twitter_misc":{"Est. reading time":"5 minutes"},"schema":{"@context":"https:\/\/schema.org","@graph":[{"@type":"WebPage","@id":"https:\/\/www.groupe-sos.org\/en\/groupe-sos-seniors\/","url":"https:\/\/www.groupe-sos.org\/en\/groupe-sos-seniors\/","name":"Groupe SOS Seniors - Groupe SOS","isPartOf":{"@id":"https:\/\/www.groupe-sos.org\/en\/#website"},"datePublished":"2023-01-05T15:13:40+00:00","dateModified":"2024-07-15T09:46:15+00:00","description":"Groupe SOS Seniors est le deuxi\u00e8me gestionnaire d\u2019EHPAD associatifs en France. Cette association rel\u00e8ve le d\u00e9fi du grand \u00e2ge. Aujourd'hui, Groupe SOS Seniors g\u00e8re 113 \u00e9tablissements et services pour personnes \u00e2g\u00e9es, dont plus de 70 EHPAD.","breadcrumb":{"@id":"https:\/\/www.groupe-sos.org\/en\/groupe-sos-seniors\/#breadcrumb"},"inLanguage":"en-US","potentialAction":[{"@type":"ReadAction","target":["https:\/\/www.groupe-sos.org\/en\/groupe-sos-seniors\/"]}]},{"@type":"BreadcrumbList","@id":"https:\/\/www.groupe-sos.org\/en\/groupe-sos-seniors\/#breadcrumb","itemListElement":[{"@type":"ListItem","position":1,"name":"Home","item":"https:\/\/www.groupe-sos.org\/en\/"},{"@type":"ListItem","position":2,"name":"Groupe SOS Seniors"}]},{"@type":"WebSite","@id":"https:\/\/www.groupe-sos.org\/en\/#website","url":"https:\/\/www.groupe-sos.org\/en\/","name":"Groupe SOS Entreprendre au profit de tous","description":"Entreprendre au profit de tous","publisher":{"@id":"https:\/\/www.groupe-sos.org\/en\/#organization"},"alternateName":"Groupe SOS","potentialAction":[{"@type":"SearchAction","target":{"@type":"EntryPoint","urlTemplate":"https:\/\/www.groupe-sos.org\/en\/?s={search_term_string}"},"query-input":{"@type":"PropertyValueSpecification","valueRequired":true,"valueName":"search_term_string"}}],"inLanguage":"en-US"},{"@type":"Organization","@id":"https:\/\/www.groupe-sos.org\/en\/#organization","name":"Groupe SOS","alternateName":"Entreprendre au profit de tous","url":"https:\/\/www.groupe-sos.org\/en\/","logo":{"@type":"ImageObject","inLanguage":"en-US","@id":"https:\/\/www.groupe-sos.org\/en\/#\/schema\/logo\/image\/","url":"https:\/\/www.groupe-sos.org\/wp-content\/uploads\/2022\/06\/groupe-sos-logo-1.png","contentUrl":"https:\/\/www.groupe-sos.org\/wp-content\/uploads\/2022\/06\/groupe-sos-logo-1.png","width":300,"height":60,"caption":"Groupe SOS"},"image":{"@id":"https:\/\/www.groupe-sos.org\/en\/#\/schema\/logo\/image\/"},"sameAs":["https:\/\/www.facebook.com\/GroupeSOS\/","https:\/\/x.com\/groupesos","https:\/\/www.instagram.com\/groupe_sos\/","https:\/\/www.linkedin.com\/company\/groupe-sos\/?originalSubdomain=fr"]}]}},"_links":{"self":[{"href":"https:\/\/www.groupe-sos.org\/en\/wp-json\/wp\/v2\/pages\/174744","targetHints":{"allow":["GET"]}}],"collection":[{"href":"https:\/\/www.groupe-sos.org\/en\/wp-json\/wp\/v2\/pages"}],"about":[{"href":"https:\/\/www.groupe-sos.org\/en\/wp-json\/wp\/v2\/types\/page"}],"author":[{"embeddable":true,"href":"https:\/\/www.groupe-sos.org\/en\/wp-json\/wp\/v2\/users\/1"}],"replies":[{"embeddable":true,"href":"https:\/\/www.groupe-sos.org\/en\/wp-json\/wp\/v2\/comments?post=174744"}],"version-history":[{"count":5,"href":"https:\/\/www.groupe-sos.org\/en\/wp-json\/wp\/v2\/pages\/174744\/revisions"}],"predecessor-version":[{"id":197988,"href":"https:\/\/www.groupe-sos.org\/en\/wp-json\/wp\/v2\/pages\/174744\/revisions\/197988"}],"wp:attachment":[{"href":"https:\/\/www.groupe-sos.org\/en\/wp-json\/wp\/v2\/media?parent=174744"}],"wp:term":[{"taxonomy":"secteur","embeddable":true,"href":"https:\/\/www.groupe-sos.org\/en\/wp-json\/wp\/v2\/secteur?post=174744"}],"curies":[{"name":"wp","href":"https:\/\/api.w.org\/{rel}","templated":true}]}}