{"id":174795,"date":"2023-01-05T16:58:05","date_gmt":"2023-01-05T15:58:05","guid":{"rendered":"https:\/\/www.groupe-sos.org\/groupe-sos-solidarites\/"},"modified":"2023-08-02T12:17:20","modified_gmt":"2023-08-02T10:17:20","slug":"groupe-sos-solidarity","status":"publish","type":"page","link":"https:\/\/www.groupe-sos.org\/en\/groupe-sos-solidarity\/","title":{"rendered":"Groupe SOS Solidarity"},"content":{"rendered":"<div id=\"field_pow32c7fc711b7149e2\" class=\"container-fluid px-0 flexible_section heropages heropages block_hero\">\n  <div id=\"hero_pow32c7fc711b7149e2\" class=\"hero_container px-0\">\n   <div class=\"hero_image_outer\">\n    <img decoding=\"async\" src=\"https:\/\/www.groupe-sos.org\/wp-content\/uploads\/2022\/11\/solidarites.jpg\" alt=\"\" class=\"heroimage \" \/>\n   <\/div>\n  <\/div>\n<\/div>\n\n\n<div id=\"field_powb296a300fdcf4e38\" class=\"container-fluid px-0 flexible_section  block_columns\">\n <div id=\"field_powb296a300fdcf4e38_inner\" class=\"container flexible_section_inner \">\n\n   <div class=\"row flexible_section_content\">\n\n   <div class=\"p-5 col-sm-12 colonne colonne1\">\n    <div class=\"colonne_inner  text-left\">\n<h3>Our organisations<\/h3>\n<h1>Groupe SOS Solidarit\u00e9s<\/h1>\n    <\/div>\n   <\/div>\n  <\/div>\n\n <\/div>\n<\/div>\n\n\n<div id=\"field_powd3e6a89f332c4d29\" class=\"container-fluid px-0 flexible_section block_breadcrumb\">\n <div id=\"field_powd3e6a89f332c4d29_inner\" class=\"container flexible_section_inner\">\n\n  <div class=\"row flexible_section_content\">\n\n   <div class=\"breadcrumb_outer\" id=\"breadcrumb_powd3e6a89f332c4d29\">\n\n   <nav aria-label=\"breadcrumb\" id=\"breadcrumb_powd3e6a89f332c4d29_nav\">\n    <ol class=\"breadcrumb\">\n<li class=\"breadcrumb-item active\" aria-current=\"page\">Groupe SOS Solidarity<\/li>\n      <\/ol>\n   <\/nav>\n\n   <\/div>\n\n  <\/div>\n\n <\/div>\n<\/div>\n\n\n<div id=\"field_powf95c32ff41a74a62\" class=\"container-fluid px-0 flexible_section block_columns\">\n <div id=\"field_powf95c32ff41a74a62_inner\" class=\"container flexible_section_inner\">\n\n   <div class=\"row flexible_section_content\">\n\n   <div class=\"col-sm-12 colonne colonne1\">\n    <div class=\"colonne_inner  text-left\">\n<p><strong>Groupe SOS Solidarit\u00e9s is a major player in the social and medical-social sector in France. Its mission: providing practical and innovative responses to the challenges of solidarity, to ensure that no one&#8217;s story is over.<\/strong><\/p>\n<p><strong>Solidarity means developing appropriate actions for those to whom society does not always give a rightful place: people suffering from addictions or violence, migrants and refugees, homeless people, sex workers, people living with HIV, people with disabilities&#8230; Groupe SOS Solidarit\u00e9s works against all forms of exclusion, and unconditionally assists people to become autonomous, according to the founding principle &#8220;A society for all, a place for everyone&#8221;.<\/strong><\/p>\n<p><em><strong>Groupe SOS Solidarit\u00e9s is one of the founding organisations of Groupe SOS.<\/strong><\/em><\/p>\n    <\/div>\n   <\/div>\n  <\/div>\n\n <\/div>\n<\/div>\n\n\n<div id=\"field_pow33e87feae2d242d0\" class=\"container-fluid px-0 flexible_section block_components\">\n <div id=\"field_pow33e87feae2d242d0_inner\" class=\"container flexible_section_inner\">\n\n   <div class=\"row flexible_section_content\">\n\n   <div class=\" col-sm-4 component component_1  \">\n    <div class=\"colonne_inner \">\n  <div class=\"counters row\" id=\"counter_pow33e87feae2d242d0_1_outer\">\n   <div id=\"counter_pow33e87feae2d242d0_1_0\" class=\"counters col-12 px-3\">\n    <div class=\"counters_inner \">\n<div class=\"compteur_nosactions bg-rose\">\r\n<div class=\"h2 text-center\"><span id=\"counter_pow33e87feae2d242d0_1_0_value\">0<\/span><\/div>\r\n<div class=\"text-center\">beneficiaries in 2021<\/div>\r\n<\/div>    <\/div>\n   <\/div>\n  <\/div>\n\n    <\/div>\n   <\/div>\n   <div class=\" col-sm-4 component component_2  \">\n    <div class=\"colonne_inner \">\n  <div class=\"counters row\" id=\"counter_pow33e87feae2d242d0_2_outer\">\n   <div id=\"counter_pow33e87feae2d242d0_2_0\" class=\"counters col-12 px-3\">\n    <div class=\"counters_inner \">\n<div class=\"compteur_nosactions bg-rose\">\r\n<div class=\"h2 text-center\"><span id=\"counter_pow33e87feae2d242d0_2_0_value\">0<\/span><\/div>\r\n<div class=\"text-center\">employees<\/div>\r\n<\/div>    <\/div>\n   <\/div>\n  <\/div>\n\n    <\/div>\n   <\/div>\n   <div class=\" col-sm-4 component component_3  \">\n    <div class=\"colonne_inner \">\n  <div class=\"counters row\" id=\"counter_pow33e87feae2d242d0_3_outer\">\n   <div id=\"counter_pow33e87feae2d242d0_3_0\" class=\"counters col-12 px-3\">\n    <div class=\"counters_inner \">\n<div class=\"compteur_nosactions bg-rose\">\r\n<div class=\"h2 text-center\"><span id=\"counter_pow33e87feae2d242d0_3_0_value\">0<\/span><\/div>\r\n<div class=\"text-center\">facilities and services in France and overseas<\/div>\r\n<\/div>    <\/div>\n   <\/div>\n  <\/div>\n\n    <\/div>\n   <\/div>\n  <\/div>\n\n <\/div>\n<\/div>\n<script type=\"text\/javascript\">\r\n\t\t\t\tjQuery(document).ready(function() {\r\n\t\t\t\t\t\t\r\n\r\n\t\t\tjQuery('#counter_pow33e87feae2d242d0_1_outer').one('inview', function(event, isInView) {\r\n\t\t\t\tif (isInView) {\r\n\t\t\t\t\tjQuery('#counter_pow33e87feae2d242d0_1_0_value').numerator({ toValue: 70000,\r\n\t\t\teasing: 'linear',\r\n\t\t\tduration: 2000,\r\n\t\t\trounding: 0\r\n\t\t});\n\r\n\t\t\t\t} \r\n\t\t\t});\r\n\r\n\t\t\tjQuery('#counter_pow33e87feae2d242d0_2_outer').one('inview', function(event, isInView) {\r\n\t\t\t\tif (isInView) {\r\n\t\t\t\t\tjQuery('#counter_pow33e87feae2d242d0_2_0_value').numerator({ toValue: 4500,\r\n\t\t\teasing: 'linear',\r\n\t\t\tduration: 2000,\r\n\t\t\trounding: 0\r\n\t\t});\n\r\n\t\t\t\t} \r\n\t\t\t});\r\n\r\n\t\t\tjQuery('#counter_pow33e87feae2d242d0_3_outer').one('inview', function(event, isInView) {\r\n\t\t\t\tif (isInView) {\r\n\t\t\t\t\tjQuery('#counter_pow33e87feae2d242d0_3_0_value').numerator({ toValue: 260,\r\n\t\t\teasing: 'linear',\r\n\t\t\tduration: 2000,\r\n\t\t\trounding: 0\r\n\t\t});\n\r\n\t\t\t\t} \r\n\t\t\t});\n\r\n\t\t\t\t});\t\t\r\n\t\t\t<\/script>\n\n<div id=\"field_pow69809420daf54c53\" class=\"container-fluid px-0 flexible_section block_columns\">\n <div id=\"field_pow69809420daf54c53_inner\" class=\"container flexible_section_inner\">\n\n   <div class=\"row flexible_section_content\">\n\n   <div class=\"col-sm-12 colonne colonne1\">\n    <div class=\"colonne_inner  text-left\">\n<p style=\"text-align: center\"><a class=\"darkbluebutton\" href=\"https:\/\/www.groupe-sos.org\/wp-content\/uploads\/2022\/11\/RA_Solidarite_2021.pdf\">Download the 2021 Activity Report<\/a><\/p>\n    <\/div>\n   <\/div>\n  <\/div>\n\n <\/div>\n<\/div>\n\n\n<div id=\"field_powa80cebc5689d49f4\" class=\"container-fluid px-0 flexible_section  block_adaptativetextandimage\">\n <div id=\"field_powa80cebc5689d49f4_inner\" class=\"container flexible_section_inner \">\n\n   <div class=\"row no-gutters flexible_section_content adaptativeimage  bordertopsolidarites1\" id=\"textimagebanner_powa80cebc5689d49f4\">\n\n   <div class=\"col-12 col-sm-7 order-2 order-sm-2 colonne colonne1 colonne1_powa80cebc5689d49f4\">\n    <div class=\"colonne_inner text-left justify-content-start\">\n<h3>Disability<\/h3>\n<p>Groupe SOS Solidarit\u00e9s offers flexible assistance solutions adapted to all ages and all forms of disability. We promote the autonomy and self-determination of the people we support by calling on the resources of each individual. We are committed to creating environments conducive to their physical, mental and social well-being. Our facilities are open to the outside world and are also places where families, caregivers, professionals and our partners can meet and work together.<\/p>\n    <\/div>\n   <\/div>\n   <div class=\"col-12 col-sm-5 order-1 order-sm-1 colonne colonne2 colonne2_powa80cebc5689d49f4\">\n   <\/div>\n  <\/div>\n\n <\/div>\n<\/div>\n\n\n<div id=\"field_pow0714a5bb1a7c4c5a\" class=\"container-fluid px-0 flexible_section  block_adaptativetextandimage\">\n <div id=\"field_pow0714a5bb1a7c4c5a_inner\" class=\"container flexible_section_inner \">\n\n   <div class=\"row no-gutters flexible_section_content adaptativeimage  bordertopsolidarites2\" id=\"textimagebanner_pow0714a5bb1a7c4c5a\">\n\n   <div class=\"col-12 col-sm-7 order-2 order-sm-1 colonne colonne1 colonne1_pow0714a5bb1a7c4c5a\">\n    <div class=\"colonne_inner text-left justify-content-start\">\n<h3>Housing and health<\/h3>\n<p>We welcome unconditionally any person in a situation of psychosocial, financial or housing difficulty. We offer people comprehensive or specific social support, assistance with care, as well as adapted accommodation or transitional housing solutions.<\/p>\n    <\/div>\n   <\/div>\n   <div class=\"col-12 col-sm-5 order-1 order-sm-2 colonne colonne2 colonne2_pow0714a5bb1a7c4c5a\">\n   <\/div>\n  <\/div>\n\n <\/div>\n<\/div>\n\n\n<div id=\"field_powe7a6c30128264be7\" class=\"container-fluid px-0 flexible_section  block_adaptativetextandimage\">\n <div id=\"field_powe7a6c30128264be7_inner\" class=\"container flexible_section_inner \">\n\n   <div class=\"row no-gutters flexible_section_content adaptativeimage  bordertopsolidarites3\" id=\"textimagebanner_powe7a6c30128264be7\">\n\n   <div class=\"col-12 col-sm-7 order-2 order-sm-2 colonne colonne1 colonne1_powe7a6c30128264be7\">\n    <div class=\"colonne_inner text-left justify-content-start\">\n<h3>Asylum and integration<\/h3>\n<p>Through our facilities and services, we promote the harmonious integration of people in exile by assisting them with their asylum procedures, guiding them towards access to legal advice and healthcare, housing and employment.<\/p>\n    <\/div>\n   <\/div>\n   <div class=\"col-12 col-sm-5 order-1 order-sm-1 colonne colonne2 colonne2_powe7a6c30128264be7\">\n   <\/div>\n  <\/div>\n\n <\/div>\n<\/div>\n\n\n<div id=\"field_pow2bfe8be00ff54494\" class=\"container-fluid px-0 flexible_section  block_adaptativetextandimage\">\n <div id=\"field_pow2bfe8be00ff54494_inner\" class=\"container flexible_section_inner \">\n\n   <div class=\"row no-gutters flexible_section_content adaptativeimage  bordertopsolidarites1 bordertopsolidarites1\" id=\"textimagebanner_pow2bfe8be00ff54494\">\n\n   <div class=\"col-12 col-sm-7 order-2 order-sm-1 colonne colonne1 colonne1_pow2bfe8be00ff54494\">\n    <div class=\"colonne_inner text-left justify-content-start\">\n<h3>Training and employment<\/h3>\n<p>Our services offer personalised support for people who are distant from employment and help them muster their abilities and skills, particularly through digital inclusion programs.<\/p>\n    <\/div>\n   <\/div>\n   <div class=\"col-12 col-sm-5 order-1 order-sm-2 colonne colonne2 colonne2_pow2bfe8be00ff54494\">\n   <\/div>\n  <\/div>\n\n <\/div>\n<\/div>\n\n\n<div id=\"field_pow6c96f0be2a0b4212\" class=\"container-fluid px-0 flexible_section  block_adaptativetextandimage\">\n <div id=\"field_pow6c96f0be2a0b4212_inner\" class=\"container flexible_section_inner \">\n\n   <div class=\"row no-gutters flexible_section_content adaptativeimage  bordertopsolidarites2\" id=\"textimagebanner_pow6c96f0be2a0b4212\">\n\n   <div class=\"col-12 col-sm-7 order-2 order-sm-2 colonne colonne1 colonne1_pow6c96f0be2a0b4212\">\n    <div class=\"colonne_inner text-left justify-content-start\">\n<h3>Women&#8217;s health<\/h3>\n<p>Women are more affected and more durably impacted by precariousness, suffering more from poor housing, low-skilled jobs, neglect of healthcare, isolation due to the amount of responsibility in single-parent families, etc. The resulting precariousness affects their self-confidence and self-esteem and is an obstacle to activity and employment. To help these women gain access to care and employment, we offer solutions adapted to their specific needs.<\/p>\n    <\/div>\n   <\/div>\n   <div class=\"col-12 col-sm-5 order-1 order-sm-1 colonne colonne2 colonne2_pow6c96f0be2a0b4212\">\n   <\/div>\n  <\/div>\n\n <\/div>\n<\/div>\n\n\n<div id=\"field_pow9793918b0d4e40f4\" class=\"container-fluid px-0 flexible_section  block_adaptativetextandimage\">\n <div id=\"field_pow9793918b0d4e40f4_inner\" class=\"container flexible_section_inner \">\n\n   <div class=\"row no-gutters flexible_section_content adaptativeimage  bordertopsolidarites3\" id=\"textimagebanner_pow9793918b0d4e40f4\">\n\n   <div class=\"col-12 col-sm-7 order-2 order-sm-1 colonne colonne1 colonne1_pow9793918b0d4e40f4\">\n    <div class=\"colonne_inner text-left justify-content-start\">\n<h3>Justice<\/h3>\n<p>The development of legal expertise was born out of the desire to make the treatment of vulnerabilities a powerful lever in the action against recidivism. It takes into account any ongoing legal procedure, so that it does not hinder the person&#8217;s recovery process nor cut them off from support.<\/p>\n    <\/div>\n   <\/div>\n   <div class=\"col-12 col-sm-5 order-1 order-sm-2 colonne colonne2 colonne2_pow9793918b0d4e40f4\">\n   <\/div>\n  <\/div>\n\n <\/div>\n<\/div>\n\n\n<div id=\"field_pow46952d980ae94e61\" class=\"container-fluid px-0 flexible_section  block_adaptativetextandimage\">\n <div id=\"field_pow46952d980ae94e61_inner\" class=\"container flexible_section_inner \">\n\n   <div class=\"row no-gutters flexible_section_content adaptativeimage  bordertopsolidarites1\" id=\"textimagebanner_pow46952d980ae94e61\">\n\n   <div class=\"col-12 col-sm-7 order-2 order-sm-2 colonne colonne1 colonne1_pow46952d980ae94e61\">\n    <div class=\"colonne_inner text-left justify-content-start\">\n<h3>Addictions<\/h3>\n<p>Through our facilities and services, we strive to offer the best possible response to the problems faced by people suffering from addiction. We work on prevention, care, social and work integration as well as risk mitigation. We also offer housing solutions as part of the care process.<\/p>\n    <\/div>\n   <\/div>\n   <div class=\"col-12 col-sm-5 order-1 order-sm-1 colonne colonne2 colonne2_pow46952d980ae94e61\">\n   <\/div>\n  <\/div>\n\n <\/div>\n<\/div>\n\n\n<div id=\"field_pow2a032ae7022e44b6\" class=\"container-fluid px-0 flexible_section  block_adaptativetextandimage\">\n <div id=\"field_pow2a032ae7022e44b6_inner\" class=\"container flexible_section_inner \">\n\n   <div class=\"row no-gutters flexible_section_content adaptativeimage  bordertopsolidarites2 bordertopsolidarites2\" id=\"textimagebanner_pow2a032ae7022e44b6\">\n\n   <div class=\"col-12 col-sm-7 order-2 order-sm-1 colonne colonne1 colonne1_pow2a032ae7022e44b6\">\n    <div class=\"colonne_inner text-left justify-content-start\">\n<h3>Community health and the fight against discrimination<\/h3>\n<p>We support those who are often vulnerable and stigmatised: LGBTI+ people, sex workers, prostitutes, people living in exile, etc., by offering prevention, health promotion and comprehensive support for people living with HIV or viral hepatitis, and populations at risk of contamination.<\/p>\n    <\/div>\n   <\/div>\n   <div class=\"col-12 col-sm-5 order-1 order-sm-2 colonne colonne2 colonne2_pow2a032ae7022e44b6\">\n   <\/div>\n  <\/div>\n\n <\/div>\n<\/div>\n\n\n<div id=\"field_pow69809420daf54c53\" class=\"container-fluid px-0 flexible_section block_columns\">\n <div id=\"field_pow69809420daf54c53_inner\" class=\"container flexible_section_inner\">\n\n   <div class=\"row flexible_section_content\">\n\n   <div class=\"col-sm-12 colonne colonne1\">\n    <div class=\"colonne_inner  text-left\">\n<p style=\"text-align: center\"><a class=\"darkbluebutton\" href=\"https:\/\/www.groupe-sos.org\/wp-content\/uploads\/2022\/11\/RA_Solidarite_2021.pdf\">Download the 2021 Activity Report<\/a><\/p>\n    <\/div>\n   <\/div>\n  <\/div>\n\n <\/div>\n<\/div>\n","protected":false},"excerpt":{"rendered":"<p>Au Groupe SOS Solidarit\u00e9s, nous sommes engag\u00e9s \u00e0 apporter des r\u00e9ponses concr\u00e8tes et innovantes aux enjeux de solidarit\u00e9s pour faire en sorte que personne ne soit au bout de son histoire, aujourd\u2019hui comme demain. <\/p>\n","protected":false},"author":1,"featured_media":0,"parent":0,"menu_order":172,"comment_status":"closed","ping_status":"closed","template":"page-flexipow.php","meta":{"_acf_changed":false,"footnotes":""},"secteur":[],"class_list":["post-174795","page","type-page","status-publish","hentry"],"acf":[],"yoast_head":"<!-- This site is optimized with the Yoast SEO plugin v26.5 - https:\/\/yoast.com\/wordpress\/plugins\/seo\/ -->\n<title>Groupe SOS Solidarity - Groupe SOS<\/title>\n<meta name=\"description\" content=\"Au Groupe SOS Solidarit\u00e9s, nous sommes engag\u00e9s \u00e0 apporter des r\u00e9ponses concr\u00e8tes et innovantes aux enjeux de solidarit\u00e9s pour faire en sorte que personne ne soit au bout de son histoire, aujourd\u2019hui comme demain.\" \/>\n<meta name=\"robots\" content=\"index, follow, max-snippet:-1, max-image-preview:large, max-video-preview:-1\" \/>\n<link rel=\"canonical\" href=\"https:\/\/www.groupe-sos.org\/en\/groupe-sos-solidarity\/\" \/>\n<meta property=\"og:locale\" content=\"en_US\" \/>\n<meta property=\"og:type\" content=\"article\" \/>\n<meta property=\"og:title\" content=\"Groupe SOS Solidarity - Groupe SOS\" \/>\n<meta property=\"og:description\" content=\"Au Groupe SOS Solidarit\u00e9s, nous sommes engag\u00e9s \u00e0 apporter des r\u00e9ponses concr\u00e8tes et innovantes aux enjeux de solidarit\u00e9s pour faire en sorte que personne ne soit au bout de son histoire, aujourd\u2019hui comme demain.\" \/>\n<meta property=\"og:url\" content=\"https:\/\/www.groupe-sos.org\/en\/groupe-sos-solidarity\/\" \/>\n<meta property=\"og:site_name\" content=\"Groupe SOS\" \/>\n<meta property=\"article:publisher\" content=\"https:\/\/www.facebook.com\/GroupeSOS\/\" \/>\n<meta property=\"article:modified_time\" content=\"2023-08-02T10:17:20+00:00\" \/>\n<meta name=\"twitter:card\" content=\"summary_large_image\" \/>\n<meta name=\"twitter:site\" content=\"@groupesos\" \/>\n<script type=\"application\/ld+json\" class=\"yoast-schema-graph\">{\"@context\":\"https:\/\/schema.org\",\"@graph\":[{\"@type\":\"WebPage\",\"@id\":\"https:\/\/www.groupe-sos.org\/en\/groupe-sos-solidarity\/\",\"url\":\"https:\/\/www.groupe-sos.org\/en\/groupe-sos-solidarity\/\",\"name\":\"Groupe SOS Solidarity - Groupe SOS\",\"isPartOf\":{\"@id\":\"https:\/\/www.groupe-sos.org\/en\/#website\"},\"datePublished\":\"2023-01-05T15:58:05+00:00\",\"dateModified\":\"2023-08-02T10:17:20+00:00\",\"description\":\"Au Groupe SOS Solidarit\u00e9s, nous sommes engag\u00e9s \u00e0 apporter des r\u00e9ponses concr\u00e8tes et innovantes aux enjeux de solidarit\u00e9s pour faire en sorte que personne ne soit au bout de son histoire, aujourd\u2019hui comme demain.\",\"breadcrumb\":{\"@id\":\"https:\/\/www.groupe-sos.org\/en\/groupe-sos-solidarity\/#breadcrumb\"},\"inLanguage\":\"en-US\",\"potentialAction\":[{\"@type\":\"ReadAction\",\"target\":[\"https:\/\/www.groupe-sos.org\/en\/groupe-sos-solidarity\/\"]}]},{\"@type\":\"BreadcrumbList\",\"@id\":\"https:\/\/www.groupe-sos.org\/en\/groupe-sos-solidarity\/#breadcrumb\",\"itemListElement\":[{\"@type\":\"ListItem\",\"position\":1,\"name\":\"Home\",\"item\":\"https:\/\/www.groupe-sos.org\/en\/\"},{\"@type\":\"ListItem\",\"position\":2,\"name\":\"Groupe SOS Solidarity\"}]},{\"@type\":\"WebSite\",\"@id\":\"https:\/\/www.groupe-sos.org\/en\/#website\",\"url\":\"https:\/\/www.groupe-sos.org\/en\/\",\"name\":\"Groupe SOS Entreprendre au profit de tous\",\"description\":\"Entreprendre au profit de tous\",\"publisher\":{\"@id\":\"https:\/\/www.groupe-sos.org\/en\/#organization\"},\"alternateName\":\"Groupe SOS\",\"potentialAction\":[{\"@type\":\"SearchAction\",\"target\":{\"@type\":\"EntryPoint\",\"urlTemplate\":\"https:\/\/www.groupe-sos.org\/en\/?s={search_term_string}\"},\"query-input\":{\"@type\":\"PropertyValueSpecification\",\"valueRequired\":true,\"valueName\":\"search_term_string\"}}],\"inLanguage\":\"en-US\"},{\"@type\":\"Organization\",\"@id\":\"https:\/\/www.groupe-sos.org\/en\/#organization\",\"name\":\"Groupe SOS\",\"alternateName\":\"Entreprendre au profit de tous\",\"url\":\"https:\/\/www.groupe-sos.org\/en\/\",\"logo\":{\"@type\":\"ImageObject\",\"inLanguage\":\"en-US\",\"@id\":\"https:\/\/www.groupe-sos.org\/en\/#\/schema\/logo\/image\/\",\"url\":\"https:\/\/www.groupe-sos.org\/wp-content\/uploads\/2022\/06\/groupe-sos-logo-1.png\",\"contentUrl\":\"https:\/\/www.groupe-sos.org\/wp-content\/uploads\/2022\/06\/groupe-sos-logo-1.png\",\"width\":300,\"height\":60,\"caption\":\"Groupe SOS\"},\"image\":{\"@id\":\"https:\/\/www.groupe-sos.org\/en\/#\/schema\/logo\/image\/\"},\"sameAs\":[\"https:\/\/www.facebook.com\/GroupeSOS\/\",\"https:\/\/x.com\/groupesos\",\"https:\/\/www.instagram.com\/groupe_sos\/\",\"https:\/\/www.linkedin.com\/company\/groupe-sos\/?originalSubdomain=fr\"]}]}<\/script>\n<!-- \/ Yoast SEO plugin. -->","yoast_head_json":{"title":"Groupe SOS Solidarity - Groupe SOS","description":"Au Groupe SOS Solidarit\u00e9s, nous sommes engag\u00e9s \u00e0 apporter des r\u00e9ponses concr\u00e8tes et innovantes aux enjeux de solidarit\u00e9s pour faire en sorte que personne ne soit au bout de son histoire, aujourd\u2019hui comme demain.","robots":{"index":"index","follow":"follow","max-snippet":"max-snippet:-1","max-image-preview":"max-image-preview:large","max-video-preview":"max-video-preview:-1"},"canonical":"https:\/\/www.groupe-sos.org\/en\/groupe-sos-solidarity\/","og_locale":"en_US","og_type":"article","og_title":"Groupe SOS Solidarity - Groupe SOS","og_description":"Au Groupe SOS Solidarit\u00e9s, nous sommes engag\u00e9s \u00e0 apporter des r\u00e9ponses concr\u00e8tes et innovantes aux enjeux de solidarit\u00e9s pour faire en sorte que personne ne soit au bout de son histoire, aujourd\u2019hui comme demain.","og_url":"https:\/\/www.groupe-sos.org\/en\/groupe-sos-solidarity\/","og_site_name":"Groupe SOS","article_publisher":"https:\/\/www.facebook.com\/GroupeSOS\/","article_modified_time":"2023-08-02T10:17:20+00:00","twitter_card":"summary_large_image","twitter_site":"@groupesos","schema":{"@context":"https:\/\/schema.org","@graph":[{"@type":"WebPage","@id":"https:\/\/www.groupe-sos.org\/en\/groupe-sos-solidarity\/","url":"https:\/\/www.groupe-sos.org\/en\/groupe-sos-solidarity\/","name":"Groupe SOS Solidarity - Groupe SOS","isPartOf":{"@id":"https:\/\/www.groupe-sos.org\/en\/#website"},"datePublished":"2023-01-05T15:58:05+00:00","dateModified":"2023-08-02T10:17:20+00:00","description":"Au Groupe SOS Solidarit\u00e9s, nous sommes engag\u00e9s \u00e0 apporter des r\u00e9ponses concr\u00e8tes et innovantes aux enjeux de solidarit\u00e9s pour faire en sorte que personne ne soit au bout de son histoire, aujourd\u2019hui comme demain.","breadcrumb":{"@id":"https:\/\/www.groupe-sos.org\/en\/groupe-sos-solidarity\/#breadcrumb"},"inLanguage":"en-US","potentialAction":[{"@type":"ReadAction","target":["https:\/\/www.groupe-sos.org\/en\/groupe-sos-solidarity\/"]}]},{"@type":"BreadcrumbList","@id":"https:\/\/www.groupe-sos.org\/en\/groupe-sos-solidarity\/#breadcrumb","itemListElement":[{"@type":"ListItem","position":1,"name":"Home","item":"https:\/\/www.groupe-sos.org\/en\/"},{"@type":"ListItem","position":2,"name":"Groupe SOS Solidarity"}]},{"@type":"WebSite","@id":"https:\/\/www.groupe-sos.org\/en\/#website","url":"https:\/\/www.groupe-sos.org\/en\/","name":"Groupe SOS Entreprendre au profit de tous","description":"Entreprendre au profit de tous","publisher":{"@id":"https:\/\/www.groupe-sos.org\/en\/#organization"},"alternateName":"Groupe SOS","potentialAction":[{"@type":"SearchAction","target":{"@type":"EntryPoint","urlTemplate":"https:\/\/www.groupe-sos.org\/en\/?s={search_term_string}"},"query-input":{"@type":"PropertyValueSpecification","valueRequired":true,"valueName":"search_term_string"}}],"inLanguage":"en-US"},{"@type":"Organization","@id":"https:\/\/www.groupe-sos.org\/en\/#organization","name":"Groupe SOS","alternateName":"Entreprendre au profit de tous","url":"https:\/\/www.groupe-sos.org\/en\/","logo":{"@type":"ImageObject","inLanguage":"en-US","@id":"https:\/\/www.groupe-sos.org\/en\/#\/schema\/logo\/image\/","url":"https:\/\/www.groupe-sos.org\/wp-content\/uploads\/2022\/06\/groupe-sos-logo-1.png","contentUrl":"https:\/\/www.groupe-sos.org\/wp-content\/uploads\/2022\/06\/groupe-sos-logo-1.png","width":300,"height":60,"caption":"Groupe SOS"},"image":{"@id":"https:\/\/www.groupe-sos.org\/en\/#\/schema\/logo\/image\/"},"sameAs":["https:\/\/www.facebook.com\/GroupeSOS\/","https:\/\/x.com\/groupesos","https:\/\/www.instagram.com\/groupe_sos\/","https:\/\/www.linkedin.com\/company\/groupe-sos\/?originalSubdomain=fr"]}]}},"_links":{"self":[{"href":"https:\/\/www.groupe-sos.org\/en\/wp-json\/wp\/v2\/pages\/174795","targetHints":{"allow":["GET"]}}],"collection":[{"href":"https:\/\/www.groupe-sos.org\/en\/wp-json\/wp\/v2\/pages"}],"about":[{"href":"https:\/\/www.groupe-sos.org\/en\/wp-json\/wp\/v2\/types\/page"}],"author":[{"embeddable":true,"href":"https:\/\/www.groupe-sos.org\/en\/wp-json\/wp\/v2\/users\/1"}],"replies":[{"embeddable":true,"href":"https:\/\/www.groupe-sos.org\/en\/wp-json\/wp\/v2\/comments?post=174795"}],"version-history":[{"count":4,"href":"https:\/\/www.groupe-sos.org\/en\/wp-json\/wp\/v2\/pages\/174795\/revisions"}],"predecessor-version":[{"id":178905,"href":"https:\/\/www.groupe-sos.org\/en\/wp-json\/wp\/v2\/pages\/174795\/revisions\/178905"}],"wp:attachment":[{"href":"https:\/\/www.groupe-sos.org\/en\/wp-json\/wp\/v2\/media?parent=174795"}],"wp:term":[{"taxonomy":"secteur","embeddable":true,"href":"https:\/\/www.groupe-sos.org\/en\/wp-json\/wp\/v2\/secteur?post=174795"}],"curies":[{"name":"wp","href":"https:\/\/api.w.org\/{rel}","templated":true}]}}