{"id":174799,"date":"2023-01-05T14:06:08","date_gmt":"2023-01-05T13:06:08","guid":{"rendered":"https:\/\/www.groupe-sos.org\/groupe-sos-sante\/"},"modified":"2024-07-15T11:42:20","modified_gmt":"2024-07-15T09:42:20","slug":"groupe-sos-sante","status":"publish","type":"page","link":"https:\/\/www.groupe-sos.org\/en\/groupe-sos-sante\/","title":{"rendered":"Groupe SOS Health"},"content":{"rendered":"<div id=\"field_powa7e5d75bf20f4b00\" class=\"container-fluid px-0 flexible_section heropages heropages block_hero\">\n  <div id=\"hero_powa7e5d75bf20f4b00\" class=\"hero_container px-0\">\n   <div class=\"hero_image_outer\">\n    <img decoding=\"async\" src=\"https:\/\/www.groupe-sos.org\/wp-content\/uploads\/2022\/11\/sante.jpg\" alt=\"\" class=\"heroimage \" \/>\n   <\/div>\n  <\/div>\n<\/div>\n\n\n<div id=\"field_powfdc1beb314f74904\" class=\"container-fluid px-0 flexible_section  block_columns\">\n <div id=\"field_powfdc1beb314f74904_inner\" class=\"container flexible_section_inner \">\n\n   <div class=\"row flexible_section_content\">\n\n   <div class=\"p-5 col-sm-12 colonne colonne1\">\n    <div class=\"colonne_inner  text-left\">\n<h3>Our organisations<\/h3>\n<h1>Groupe SOS Sant\u00e9<\/h1>\n    <\/div>\n   <\/div>\n  <\/div>\n\n <\/div>\n<\/div>\n\n\n<div id=\"field_powd3e6a89f332c4d29\" class=\"container-fluid px-0 flexible_section block_breadcrumb\">\n <div id=\"field_powd3e6a89f332c4d29_inner\" class=\"container flexible_section_inner\">\n\n  <div class=\"row flexible_section_content\">\n\n   <div class=\"breadcrumb_outer\" id=\"breadcrumb_powd3e6a89f332c4d29\">\n\n   <nav aria-label=\"breadcrumb\" id=\"breadcrumb_powd3e6a89f332c4d29_nav\">\n    <ol class=\"breadcrumb\">\n<li class=\"breadcrumb-item active\" aria-current=\"page\">Groupe SOS Health<\/li>\n      <\/ol>\n   <\/nav>\n\n   <\/div>\n\n  <\/div>\n\n <\/div>\n<\/div>\n\n\n<div id=\"field_pow79fef341cf144d24\" class=\"container-fluid px-0 flexible_section block_columns\">\n <div id=\"field_pow79fef341cf144d24_inner\" class=\"container flexible_section_inner\">\n\n   <div class=\"row flexible_section_content\">\n\n   <div class=\"col-sm-12 colonne colonne1\">\n    <div class=\"colonne_inner  text-left\">\n<p><strong>The priority of Groupe SOS Sant\u00e9, the leading French non-profit organisation managing hospitals, is to provide access to quality care for all. Our mission is to help reverse the progress of care deserts and develop excellent healthcare accessible to all, regardless of income level.<\/strong><\/p>\n<p><strong>To achieve this, Groupe SOS Sant\u00e9 defends the model of private, not-for-profit hospitals. Its facilities offer an efficient, innovative and person-centred healthcare service. Groupe SOS Sant\u00e9 also provides home nursing services, integrating technical, basic and relational care. At the same time, tomorrow&#8217;s caregivers are trained in its Nursing Assistant and Nursing Care Training Institutes. Lastly, through its Sports-Health centres, the organisation offers comprehensive care for patients, including health prevention.<\/strong><\/p>\n<p><em><strong>Groupe SOS Sant\u00e9 is one of the founding organisations of Groupe SOS.<\/strong><\/em><\/p>\n    <\/div>\n   <\/div>\n  <\/div>\n\n <\/div>\n<\/div>\n\n\n<div id=\"field_pow33e87feae2d242d0\" class=\"container-fluid px-0 flexible_section block_components\">\n <div id=\"field_pow33e87feae2d242d0_inner\" class=\"container flexible_section_inner\">\n\n   <div class=\"row flexible_section_content\">\n\n   <div class=\" col-sm-4 component component_1  \">\n    <div class=\"colonne_inner \">\n  <div class=\"counters row\" id=\"counter_pow33e87feae2d242d0_1_outer\">\n   <div id=\"counter_pow33e87feae2d242d0_1_0\" class=\"counters col-12 px-3\">\n    <div class=\"counters_inner \">\n<div class=\"compteur_nosactions bg-rose\">\r\n<div class=\"h2 text-center\"><span id=\"counter_pow33e87feae2d242d0_1_0_value\">0<\/span><\/div>\r\n<div class=\"text-center\">patients in 2023<\/div>\r\n<\/div>    <\/div>\n   <\/div>\n  <\/div>\n\n    <\/div>\n   <\/div>\n   <div class=\" col-sm-4 component component_2  \">\n    <div class=\"colonne_inner \">\n  <div class=\"counters row\" id=\"counter_pow33e87feae2d242d0_2_outer\">\n   <div id=\"counter_pow33e87feae2d242d0_2_0\" class=\"counters col-12 px-3\">\n    <div class=\"counters_inner \">\n<div class=\"compteur_nosactions bg-rose\">\r\n<div class=\"h2 text-center\"><span id=\"counter_pow33e87feae2d242d0_2_0_value\">0<\/span><\/div>\r\n<div class=\"text-center\">facilities, including 11 hospitals<\/div>\r\n<\/div>    <\/div>\n   <\/div>\n  <\/div>\n\n    <\/div>\n   <\/div>\n   <div class=\" col-sm-4 component component_3  \">\n    <div class=\"colonne_inner \">\n  <div class=\"counters row\" id=\"counter_pow33e87feae2d242d0_3_outer\">\n   <div id=\"counter_pow33e87feae2d242d0_3_0\" class=\"counters col-12 px-3\">\n    <div class=\"counters_inner \">\n<div class=\"compteur_nosactions bg-rose\">\r\n<div class=\"h2 text-center\"><span id=\"counter_pow33e87feae2d242d0_3_0_value\">0<\/span><\/div>\r\n<div class=\"text-center\">people trained<\/div>\r\n<\/div>    <\/div>\n   <\/div>\n  <\/div>\n\n    <\/div>\n   <\/div>\n  <\/div>\n\n <\/div>\n<\/div>\n<script type=\"text\/javascript\">\r\n\t\t\t\tjQuery(document).ready(function() {\r\n\t\t\t\t\t\t\r\n\r\n\t\t\tjQuery('#counter_pow33e87feae2d242d0_1_outer').one('inview', function(event, isInView) {\r\n\t\t\t\tif (isInView) {\r\n\t\t\t\t\tjQuery('#counter_pow33e87feae2d242d0_1_0_value').numerator({ toValue: 59204,\r\n\t\t\teasing: 'linear',\r\n\t\t\tduration: 2000,\r\n\t\t\trounding: 0\r\n\t\t});\n\r\n\t\t\t\t} \r\n\t\t\t});\r\n\r\n\t\t\tjQuery('#counter_pow33e87feae2d242d0_2_outer').one('inview', function(event, isInView) {\r\n\t\t\t\tif (isInView) {\r\n\t\t\t\t\tjQuery('#counter_pow33e87feae2d242d0_2_0_value').numerator({ toValue: 19,\r\n\t\t\teasing: 'linear',\r\n\t\t\tduration: 2000,\r\n\t\t\trounding: 0\r\n\t\t});\n\r\n\t\t\t\t} \r\n\t\t\t});\r\n\r\n\t\t\tjQuery('#counter_pow33e87feae2d242d0_3_outer').one('inview', function(event, isInView) {\r\n\t\t\t\tif (isInView) {\r\n\t\t\t\t\tjQuery('#counter_pow33e87feae2d242d0_3_0_value').numerator({ toValue: 693,\r\n\t\t\teasing: 'linear',\r\n\t\t\tduration: 2000,\r\n\t\t\trounding: 0\r\n\t\t});\n\r\n\t\t\t\t} \r\n\t\t\t});\n\r\n\t\t\t\t});\t\t\r\n\t\t\t<\/script>\n\n<div id=\"field_powbde3941ebdec4ed0\" class=\"container-fluid px-0 flexible_section block_columns\">\n <div id=\"field_powbde3941ebdec4ed0_inner\" class=\"container flexible_section_inner\">\n\n   <div class=\"row flexible_section_content\">\n\n   <div class=\"mb-3 mb-sm-0 col-sm-5 colonne colonne1\">\n    <div class=\"colonne_inner  text-left\">\n<h2 style=\"text-align: left\">Promoting access to quality care for all<\/h2>\n<p><strong>Groupe SOS Sant\u00e9&#8217;s goal is to make quality care available to all.<\/strong><\/p>\n<ul>\n<li><strong>It is an economic challenge<\/strong>: too many people receive poor care, or none, due to a lack of resources.<\/li>\n<li><strong>It is also a geographical challenge<\/strong>: too many people receive poor care because of the lack of medical professionals where they live.<\/li>\n<\/ul>\n<p>Groupe SOS Sant\u00e9 is therefore developing <strong>a private, not-for-profit model<\/strong> for its hospitals, to <strong>bring the patient&#8217;s out-of-pocket expenses down to zero<\/strong>.<\/p>\n<p style=\"text-align: center\">\n    <\/div>\n   <\/div>\n   <div class=\"col-sm-7 colonne colonne2\">\n    <div class=\"colonne_inner  text-left\">\n\r\n\t<div class=\"youtube-video-place embed-responsive\" data-ratio=\"16by9\" data-yturl=\"https:\/\/www.youtube.com\/embed\/PyhShjlCVlY?autoplay=1&amp;rel=0&amp;showinfo=0\">\r\n\t\t<div class=\"youtube-video-place-inner\">\r\n\t\t\t<img decoding=\"async\" src=\"https:\/\/www.groupe-sos.org\/wp-content\/themes\/flexipow\/assets\/icons\/videoplayer.png\" class=\"play-youtube-button\" alt=\"youtubebutton\">\r\n\t\t\t<img decoding=\"async\" src=\"https:\/\/i.ytimg.com\/vi\/PyhShjlCVlY\/mqdefault.jpg\" class=\"play-youtube-video w-100 skip-lazy\" alt=\"video\">\r\n\t\t<\/div>\t\r\n\t<\/div>\r\n\t\n<p>&nbsp;<\/p>\n<p style=\"text-align: center\"><a class=\"darkbluebutton\" href=\"https:\/\/www.groupe-sos.org\/plaidoyers\/sante\/\">Discover the Healthcare Mission Statement<\/a><\/p>\n    <\/div>\n   <\/div>\n  <\/div>\n\n <\/div>\n<\/div>\n\n\n<div id=\"field_powdf4c8b76dc81470b\" class=\"container-fluid px-0 flexible_section  block_adaptativetextandimage\">\n <div id=\"field_powdf4c8b76dc81470b_inner\" class=\"container flexible_section_inner \">\n\n   <div class=\"row no-gutters flexible_section_content adaptativeimage  bordertopsante1\" id=\"textimagebanner_powdf4c8b76dc81470b\">\n\n   <div class=\"col-12 col-sm-7 order-2 order-sm-2 colonne colonne1 colonne1_powdf4c8b76dc81470b\">\n    <div class=\"colonne_inner text-left justify-content-start\">\n<h3>Combating the progression of care deserts<\/h3>\n<p>Groupe SOS Sant\u00e9 helps maintain useful healthcare services in regions sometimes in danger of becoming care deserts.<\/p>\n<p>In the communities where its facilities are located, Groupe SOS provides sometimes the only healthcare service for miles around. It is therefore all the more important to offer local, high-performance services to these areas and their residents. We are taking up the challenge!<\/p>\n<p>For instance, sleep medicine centres have been opened to provide solutions for sleep disorders, which affect 1 in 3 French people. Groupe SOS Sant\u00e9 has also opened two obesity centres and developed &#8220;Maisons Sport Sant\u00e9&#8221; (health and fitness centres) to offer access to physical activity to everyone. In addition, its facilities were among the first in France to be equipped with 3D technology combining the advantages of MRI and ultrasound for the earliest possible treatment of prostate cancer.<\/p>\n    <\/div>\n   <\/div>\n   <div class=\"col-12 col-sm-5 order-1 order-sm-1 colonne colonne2 colonne2_powdf4c8b76dc81470b\">\n   <\/div>\n  <\/div>\n\n <\/div>\n<\/div>\n\n\n<div id=\"field_pow1a858250cef84f6b\" class=\"container-fluid px-0 flexible_section  block_adaptativetextandimage\">\n <div id=\"field_pow1a858250cef84f6b_inner\" class=\"container flexible_section_inner \">\n\n   <div class=\"row no-gutters flexible_section_content adaptativeimage  bordertopsante2\" id=\"textimagebanner_pow1a858250cef84f6b\">\n\n   <div class=\"col-12 col-sm-7 order-2 order-sm-1 colonne colonne1 colonne1_pow1a858250cef84f6b\">\n    <div class=\"colonne_inner text-left justify-content-start\">\n<h3>Facilitating access to home nursing<\/h3>\n<p>Access to health is not restricted to hospitals. Home nursing is an essential component of the services offered in a given area: because it encourages people to stay at home, it makes healthcare accessible to people with limited mobility, and helps prevent or postpone admission to a hospital or residential facility.<\/p>\n<p>Groupe SOS Sant\u00e9 has also developed a solid expertise in medical and social assistance at home. Through its 3 Home Nursing Services, it provides nursing care services that include technical care (injections, dressings, etc.) and basic and relational care (assistance with washing, mobility, etc.). These services can help prevent or postpone admission to a hospital or residential facility.<\/p>\n    <\/div>\n   <\/div>\n   <div class=\"col-12 col-sm-5 order-1 order-sm-2 colonne colonne2 colonne2_pow1a858250cef84f6b\">\n   <\/div>\n  <\/div>\n\n <\/div>\n<\/div>\n\n\n<div id=\"field_pow697d586b3c1d471f\" class=\"container-fluid px-0 flexible_section  block_adaptativetextandimage\">\n <div id=\"field_pow697d586b3c1d471f_inner\" class=\"container flexible_section_inner \">\n\n   <div class=\"row no-gutters flexible_section_content adaptativeimage  bordertopsante3\" id=\"textimagebanner_pow697d586b3c1d471f\">\n\n   <div class=\"col-12 col-sm-7 order-2 order-sm-2 colonne colonne1 colonne1_pow697d586b3c1d471f\">\n    <div class=\"colonne_inner text-left justify-content-start\">\n<h3>Meeting the challenge of professional healthcare<\/h3>\n<p>Healthcare facilities are currently facing a major challenge: a lack of personnel. Groupe SOS Sant\u00e9 works to train and educate the next generations of healthcare professionals.<\/p>\n<p>It also trains caregivers with 4 Nurse Assistant Training Institutes and 1 Nursing Care Training Institute, to counter the shortage of professionals.<\/p>\n<p>In 2021, Groupe SOS Sant\u00e9 served 177,000 beneficiaries (patients and trainees) and employed more than 3,000 people.<\/p>\n    <\/div>\n   <\/div>\n   <div class=\"col-12 col-sm-5 order-1 order-sm-1 colonne colonne2 colonne2_pow697d586b3c1d471f\">\n   <\/div>\n  <\/div>\n\n <\/div>\n<\/div>\n","protected":false},"excerpt":{"rendered":"<p>Au sein du Groupe SOS Sant\u00e9 nous g\u00e9rons 10 h\u00f4pitaux, situ\u00e9s dans 8 d\u00e9partements. Notre volont\u00e9\u202f: mettre des soins de qualit\u00e9 \u00e0 la port\u00e9e de toutes et tous.<\/p>\n","protected":false},"author":1,"featured_media":0,"parent":0,"menu_order":153,"comment_status":"closed","ping_status":"closed","template":"page-flexipow.php","meta":{"_acf_changed":false,"footnotes":""},"secteur":[],"class_list":["post-174799","page","type-page","status-publish","hentry"],"acf":[],"yoast_head":"<!-- This site is optimized with the Yoast SEO plugin v26.5 - https:\/\/yoast.com\/wordpress\/plugins\/seo\/ -->\n<title>Groupe SOS Health - Groupe SOS<\/title>\n<meta name=\"description\" content=\"Au sein du Groupe SOS Sant\u00e9 nous g\u00e9rons 10 h\u00f4pitaux, situ\u00e9s dans 8 d\u00e9partements. Notre volont\u00e9\u202f: mettre des soins de qualit\u00e9 \u00e0 la port\u00e9e de toutes et tous.\" \/>\n<meta name=\"robots\" content=\"index, follow, max-snippet:-1, max-image-preview:large, max-video-preview:-1\" \/>\n<link rel=\"canonical\" href=\"https:\/\/www.groupe-sos.org\/en\/groupe-sos-sante\/\" \/>\n<meta property=\"og:locale\" content=\"en_US\" \/>\n<meta property=\"og:type\" content=\"article\" \/>\n<meta property=\"og:title\" content=\"Groupe SOS Health - Groupe SOS\" \/>\n<meta property=\"og:description\" content=\"Au sein du Groupe SOS Sant\u00e9 nous g\u00e9rons 10 h\u00f4pitaux, situ\u00e9s dans 8 d\u00e9partements. Notre volont\u00e9\u202f: mettre des soins de qualit\u00e9 \u00e0 la port\u00e9e de toutes et tous.\" \/>\n<meta property=\"og:url\" content=\"https:\/\/www.groupe-sos.org\/en\/groupe-sos-sante\/\" \/>\n<meta property=\"og:site_name\" content=\"Groupe SOS\" \/>\n<meta property=\"article:publisher\" content=\"https:\/\/www.facebook.com\/GroupeSOS\/\" \/>\n<meta property=\"article:modified_time\" content=\"2024-07-15T09:42:20+00:00\" \/>\n<meta name=\"twitter:card\" content=\"summary_large_image\" \/>\n<meta name=\"twitter:site\" content=\"@groupesos\" \/>\n<meta name=\"twitter:label1\" content=\"Est. reading time\" \/>\n\t<meta name=\"twitter:data1\" content=\"4 minutes\" \/>\n<script type=\"application\/ld+json\" class=\"yoast-schema-graph\">{\"@context\":\"https:\/\/schema.org\",\"@graph\":[{\"@type\":\"WebPage\",\"@id\":\"https:\/\/www.groupe-sos.org\/en\/groupe-sos-sante\/\",\"url\":\"https:\/\/www.groupe-sos.org\/en\/groupe-sos-sante\/\",\"name\":\"Groupe SOS Health - Groupe SOS\",\"isPartOf\":{\"@id\":\"https:\/\/www.groupe-sos.org\/en\/#website\"},\"datePublished\":\"2023-01-05T13:06:08+00:00\",\"dateModified\":\"2024-07-15T09:42:20+00:00\",\"description\":\"Au sein du Groupe SOS Sant\u00e9 nous g\u00e9rons 10 h\u00f4pitaux, situ\u00e9s dans 8 d\u00e9partements. Notre volont\u00e9\u202f: mettre des soins de qualit\u00e9 \u00e0 la port\u00e9e de toutes et tous.\",\"breadcrumb\":{\"@id\":\"https:\/\/www.groupe-sos.org\/en\/groupe-sos-sante\/#breadcrumb\"},\"inLanguage\":\"en-US\",\"potentialAction\":[{\"@type\":\"ReadAction\",\"target\":[\"https:\/\/www.groupe-sos.org\/en\/groupe-sos-sante\/\"]}]},{\"@type\":\"BreadcrumbList\",\"@id\":\"https:\/\/www.groupe-sos.org\/en\/groupe-sos-sante\/#breadcrumb\",\"itemListElement\":[{\"@type\":\"ListItem\",\"position\":1,\"name\":\"Home\",\"item\":\"https:\/\/www.groupe-sos.org\/en\/\"},{\"@type\":\"ListItem\",\"position\":2,\"name\":\"Groupe SOS Health\"}]},{\"@type\":\"WebSite\",\"@id\":\"https:\/\/www.groupe-sos.org\/en\/#website\",\"url\":\"https:\/\/www.groupe-sos.org\/en\/\",\"name\":\"Groupe SOS Entreprendre au profit de tous\",\"description\":\"Entreprendre au profit de tous\",\"publisher\":{\"@id\":\"https:\/\/www.groupe-sos.org\/en\/#organization\"},\"alternateName\":\"Groupe SOS\",\"potentialAction\":[{\"@type\":\"SearchAction\",\"target\":{\"@type\":\"EntryPoint\",\"urlTemplate\":\"https:\/\/www.groupe-sos.org\/en\/?s={search_term_string}\"},\"query-input\":{\"@type\":\"PropertyValueSpecification\",\"valueRequired\":true,\"valueName\":\"search_term_string\"}}],\"inLanguage\":\"en-US\"},{\"@type\":\"Organization\",\"@id\":\"https:\/\/www.groupe-sos.org\/en\/#organization\",\"name\":\"Groupe SOS\",\"alternateName\":\"Entreprendre au profit de tous\",\"url\":\"https:\/\/www.groupe-sos.org\/en\/\",\"logo\":{\"@type\":\"ImageObject\",\"inLanguage\":\"en-US\",\"@id\":\"https:\/\/www.groupe-sos.org\/en\/#\/schema\/logo\/image\/\",\"url\":\"https:\/\/www.groupe-sos.org\/wp-content\/uploads\/2022\/06\/groupe-sos-logo-1.png\",\"contentUrl\":\"https:\/\/www.groupe-sos.org\/wp-content\/uploads\/2022\/06\/groupe-sos-logo-1.png\",\"width\":300,\"height\":60,\"caption\":\"Groupe SOS\"},\"image\":{\"@id\":\"https:\/\/www.groupe-sos.org\/en\/#\/schema\/logo\/image\/\"},\"sameAs\":[\"https:\/\/www.facebook.com\/GroupeSOS\/\",\"https:\/\/x.com\/groupesos\",\"https:\/\/www.instagram.com\/groupe_sos\/\",\"https:\/\/www.linkedin.com\/company\/groupe-sos\/?originalSubdomain=fr\"]}]}<\/script>\n<!-- \/ Yoast SEO plugin. -->","yoast_head_json":{"title":"Groupe SOS Health - Groupe SOS","description":"Au sein du Groupe SOS Sant\u00e9 nous g\u00e9rons 10 h\u00f4pitaux, situ\u00e9s dans 8 d\u00e9partements. Notre volont\u00e9\u202f: mettre des soins de qualit\u00e9 \u00e0 la port\u00e9e de toutes et tous.","robots":{"index":"index","follow":"follow","max-snippet":"max-snippet:-1","max-image-preview":"max-image-preview:large","max-video-preview":"max-video-preview:-1"},"canonical":"https:\/\/www.groupe-sos.org\/en\/groupe-sos-sante\/","og_locale":"en_US","og_type":"article","og_title":"Groupe SOS Health - Groupe SOS","og_description":"Au sein du Groupe SOS Sant\u00e9 nous g\u00e9rons 10 h\u00f4pitaux, situ\u00e9s dans 8 d\u00e9partements. Notre volont\u00e9\u202f: mettre des soins de qualit\u00e9 \u00e0 la port\u00e9e de toutes et tous.","og_url":"https:\/\/www.groupe-sos.org\/en\/groupe-sos-sante\/","og_site_name":"Groupe SOS","article_publisher":"https:\/\/www.facebook.com\/GroupeSOS\/","article_modified_time":"2024-07-15T09:42:20+00:00","twitter_card":"summary_large_image","twitter_site":"@groupesos","twitter_misc":{"Est. reading time":"4 minutes"},"schema":{"@context":"https:\/\/schema.org","@graph":[{"@type":"WebPage","@id":"https:\/\/www.groupe-sos.org\/en\/groupe-sos-sante\/","url":"https:\/\/www.groupe-sos.org\/en\/groupe-sos-sante\/","name":"Groupe SOS Health - Groupe SOS","isPartOf":{"@id":"https:\/\/www.groupe-sos.org\/en\/#website"},"datePublished":"2023-01-05T13:06:08+00:00","dateModified":"2024-07-15T09:42:20+00:00","description":"Au sein du Groupe SOS Sant\u00e9 nous g\u00e9rons 10 h\u00f4pitaux, situ\u00e9s dans 8 d\u00e9partements. Notre volont\u00e9\u202f: mettre des soins de qualit\u00e9 \u00e0 la port\u00e9e de toutes et tous.","breadcrumb":{"@id":"https:\/\/www.groupe-sos.org\/en\/groupe-sos-sante\/#breadcrumb"},"inLanguage":"en-US","potentialAction":[{"@type":"ReadAction","target":["https:\/\/www.groupe-sos.org\/en\/groupe-sos-sante\/"]}]},{"@type":"BreadcrumbList","@id":"https:\/\/www.groupe-sos.org\/en\/groupe-sos-sante\/#breadcrumb","itemListElement":[{"@type":"ListItem","position":1,"name":"Home","item":"https:\/\/www.groupe-sos.org\/en\/"},{"@type":"ListItem","position":2,"name":"Groupe SOS Health"}]},{"@type":"WebSite","@id":"https:\/\/www.groupe-sos.org\/en\/#website","url":"https:\/\/www.groupe-sos.org\/en\/","name":"Groupe SOS Entreprendre au profit de tous","description":"Entreprendre au profit de tous","publisher":{"@id":"https:\/\/www.groupe-sos.org\/en\/#organization"},"alternateName":"Groupe SOS","potentialAction":[{"@type":"SearchAction","target":{"@type":"EntryPoint","urlTemplate":"https:\/\/www.groupe-sos.org\/en\/?s={search_term_string}"},"query-input":{"@type":"PropertyValueSpecification","valueRequired":true,"valueName":"search_term_string"}}],"inLanguage":"en-US"},{"@type":"Organization","@id":"https:\/\/www.groupe-sos.org\/en\/#organization","name":"Groupe SOS","alternateName":"Entreprendre au profit de tous","url":"https:\/\/www.groupe-sos.org\/en\/","logo":{"@type":"ImageObject","inLanguage":"en-US","@id":"https:\/\/www.groupe-sos.org\/en\/#\/schema\/logo\/image\/","url":"https:\/\/www.groupe-sos.org\/wp-content\/uploads\/2022\/06\/groupe-sos-logo-1.png","contentUrl":"https:\/\/www.groupe-sos.org\/wp-content\/uploads\/2022\/06\/groupe-sos-logo-1.png","width":300,"height":60,"caption":"Groupe SOS"},"image":{"@id":"https:\/\/www.groupe-sos.org\/en\/#\/schema\/logo\/image\/"},"sameAs":["https:\/\/www.facebook.com\/GroupeSOS\/","https:\/\/x.com\/groupesos","https:\/\/www.instagram.com\/groupe_sos\/","https:\/\/www.linkedin.com\/company\/groupe-sos\/?originalSubdomain=fr"]}]}},"_links":{"self":[{"href":"https:\/\/www.groupe-sos.org\/en\/wp-json\/wp\/v2\/pages\/174799","targetHints":{"allow":["GET"]}}],"collection":[{"href":"https:\/\/www.groupe-sos.org\/en\/wp-json\/wp\/v2\/pages"}],"about":[{"href":"https:\/\/www.groupe-sos.org\/en\/wp-json\/wp\/v2\/types\/page"}],"author":[{"embeddable":true,"href":"https:\/\/www.groupe-sos.org\/en\/wp-json\/wp\/v2\/users\/1"}],"replies":[{"embeddable":true,"href":"https:\/\/www.groupe-sos.org\/en\/wp-json\/wp\/v2\/comments?post=174799"}],"version-history":[{"count":10,"href":"https:\/\/www.groupe-sos.org\/en\/wp-json\/wp\/v2\/pages\/174799\/revisions"}],"predecessor-version":[{"id":197985,"href":"https:\/\/www.groupe-sos.org\/en\/wp-json\/wp\/v2\/pages\/174799\/revisions\/197985"}],"wp:attachment":[{"href":"https:\/\/www.groupe-sos.org\/en\/wp-json\/wp\/v2\/media?parent=174799"}],"wp:term":[{"taxonomy":"secteur","embeddable":true,"href":"https:\/\/www.groupe-sos.org\/en\/wp-json\/wp\/v2\/secteur?post=174799"}],"curies":[{"name":"wp","href":"https:\/\/api.w.org\/{rel}","templated":true}]}}