{"id":174810,"date":"2023-02-27T15:32:42","date_gmt":"2023-02-27T14:32:42","guid":{"rendered":"https:\/\/www.groupe-sos.org\/commerce-et-services\/"},"modified":"2023-08-02T14:20:17","modified_gmt":"2023-08-02T12:20:17","slug":"shops-and-services","status":"publish","type":"page","link":"https:\/\/www.groupe-sos.org\/en\/shops-and-services\/","title":{"rendered":"Shops and Services"},"content":{"rendered":"<div id=\"field_powa8706e03e6884453\" class=\"container-fluid px-0 flexible_section heropages block_hero\">\n  <div id=\"hero_powa8706e03e6884453\" class=\"hero_container px-0\">\n   <div class=\"hero_image_outer\">\n    <img decoding=\"async\" src=\"https:\/\/www.groupe-sos.org\/wp-content\/uploads\/2022\/11\/commerce-et-services.jpg\" alt=\"\" class=\"heroimage \" \/>\n   <\/div>\n  <\/div>\n<\/div>\n\n\n<div id=\"field_pow2044be10baa24dcf\" class=\"container-fluid px-0 flexible_section block_columns\">\n <div id=\"field_pow2044be10baa24dcf_inner\" class=\"container flexible_section_inner\">\n\n   <div class=\"row flexible_section_content\">\n\n   <div class=\"p-5 col-sm-12 colonne colonne1\">\n    <div class=\"colonne_inner  text-left\">\n<h3>Our activities<\/h3>\n<h1>Shops and Services<\/h1>\n    <\/div>\n   <\/div>\n  <\/div>\n\n <\/div>\n<\/div>\n\n\n<div id=\"field_powd3e6a89f332c4d29\" class=\"container-fluid px-0 flexible_section block_breadcrumb\">\n <div id=\"field_powd3e6a89f332c4d29_inner\" class=\"container flexible_section_inner\">\n\n  <div class=\"row flexible_section_content\">\n\n   <div class=\"breadcrumb_outer\" id=\"breadcrumb_powd3e6a89f332c4d29\">\n\n   <nav aria-label=\"breadcrumb\" id=\"breadcrumb_powd3e6a89f332c4d29_nav\">\n    <ol class=\"breadcrumb\">\n<li class=\"breadcrumb-item active\" aria-current=\"page\">Shops and Services<\/li>\n      <\/ol>\n   <\/nav>\n\n   <\/div>\n\n  <\/div>\n\n <\/div>\n<\/div>\n\n\n<div id=\"field_powc188b1c552de4a63\" class=\"container-fluid px-0 flexible_section block_columns\">\n <div id=\"field_powc188b1c552de4a63_inner\" class=\"container flexible_section_inner\">\n\n   <div class=\"row flexible_section_content\">\n\n   <div class=\"col-sm-12 colonne colonne1\">\n    <div class=\"colonne_inner  text-left\">\n<p><strong>The conviction of Groupe SOS is that companies are an effective lever for change. With the support of the many innovations emerging within them, companies must be a source of progress in addressing the social and environmental challenges of our time. As places where individuals interact daily, get to know each other and develop vocations, they also play an essential part in the integration of everyone into society. Companies are therefore vital social hubs, both through employment and the reach of their activities. This is why Groupe SOS is redefining the raison d\u2019\u00eatre of business to give it a purpose: positive impact.<\/strong><\/p>\n    <\/div>\n   <\/div>\n  <\/div>\n\n <\/div>\n<\/div>\n\n\n<div id=\"field_pow09053a5626974dda\" class=\"container-fluid px-0 flexible_section block_columns\">\n <div id=\"field_pow09053a5626974dda_inner\" class=\"container flexible_section_inner\">\n\n  <div class=\"row flexible_section_title_container\"><div class=\"col-12 flexible_section_title_col\"><h2 class=\"flexible_section_title mb-5 text-left  \">Events<\/h2><\/div><\/div>\n   <div class=\"row flexible_section_content\">\n\n   <div class=\"mb-3 mb-sm-0 col-sm-4 colonne colonne1\">\n    <div class=\"colonne_inner bordertopjaune text-left\">\n<div class=\"fixedimage\">\n<p><img decoding=\"async\" class=\"alignnone wp-image-167439 size-full\" src=\"https:\/\/www.groupe-sos.org\/wp-content\/uploads\/2023\/02\/Te-Traiteur.jpg\" alt=\"\" width=\"400\" height=\"285\" srcset=\"https:\/\/www.groupe-sos.org\/wp-content\/uploads\/2023\/02\/Te-Traiteur.jpg 400w, https:\/\/www.groupe-sos.org\/wp-content\/uploads\/2023\/02\/Te-Traiteur-300x214.jpg 300w\" sizes=\"(max-width: 400px) 100vw, 400px\" \/><\/p>\n<\/div>\n<h3>T\u00e9<\/h3>\n<p>Experienced in the art of entertaining, refined by the know-how of its chefs and its sponsor Thierry Marx, T\u00e9 gastronomy stands out for its creative and conscious cuisine, that has a positive environmental and social impact.<\/p>\n<p><a class=\"lightbluebutton\" href=\"https:\/\/www.te-traiteur.fr\/\" target=\"_blank\" rel=\"noopener\">Learn more<\/a><\/p>\n    <\/div>\n   <\/div>\n   <div class=\"mb-3 mb-sm-0 col-sm-4 colonne colonne2\">\n    <div class=\"colonne_inner bordertopvert text-left\">\n<div class=\"fixedimage\">\n<p><img decoding=\"async\" class=\"alignnone wp-image-167433 size-full\" src=\"https:\/\/www.groupe-sos.org\/wp-content\/uploads\/2023\/02\/PavillonElysee.jpg\" alt=\"\" width=\"400\" height=\"285\" srcset=\"https:\/\/www.groupe-sos.org\/wp-content\/uploads\/2023\/02\/PavillonElysee.jpg 400w, https:\/\/www.groupe-sos.org\/wp-content\/uploads\/2023\/02\/PavillonElysee-300x214.jpg 300w\" sizes=\"(max-width: 400px) 100vw, 400px\" \/><\/p>\n<\/div>\n<h3>Le Pavillon Elys\u00e9e T\u00e9<\/h3>\n<p>The Pavillon \u00c9lys\u00e9e T\u00e9 welcomes the most intimate of receptions as well as the most connected events in a modern and elegant setting.<\/p>\n<p><a class=\"lightbluebutton\" href=\"https:\/\/www.te-traiteur.fr\/des-evenements-au-gout-du-jour\/le-pavillon-elysee-te\/\" target=\"_blank\" rel=\"noopener\">Learn more<\/a><\/p>\n    <\/div>\n   <\/div>\n   <div class=\"col-sm-4 colonne colonne3\">\n    <div class=\"colonne_inner bordertoprouge text-left\">\n<div class=\"fixedimage\">\n<p><img decoding=\"async\" class=\"alignnone wp-image-167429 size-full\" src=\"https:\/\/www.groupe-sos.org\/wp-content\/uploads\/2023\/02\/LUsine.jpg\" alt=\"\" width=\"400\" height=\"285\" srcset=\"https:\/\/www.groupe-sos.org\/wp-content\/uploads\/2023\/02\/LUsine.jpg 400w, https:\/\/www.groupe-sos.org\/wp-content\/uploads\/2023\/02\/LUsine-300x214.jpg 300w\" sizes=\"(max-width: 400px) 100vw, 400px\" \/><\/p>\n<\/div>\n<h3>L\u2019Usine T\u00e9<\/h3>\n<p>The Usine T\u00e9 is a restored former factory. Its industrial style and luxuriant vegetal decoration create a unique atypical atmosphere.<\/p>\n<p><span class=\"blue\"><a class=\"lightbluebutton\" href=\"https:\/\/www.te-traiteur.fr\/des-evenements-au-gout-du-jour\/lusine-te\/\" target=\"_blank\" rel=\"noopener\">Learn more<\/a><\/span><\/p>\n    <\/div>\n   <\/div>\n  <\/div>\n\n <\/div>\n<\/div>\n\n\n<div id=\"field_pow6355da018c0c4673\" class=\"container-fluid px-0 flexible_section block_columns\">\n <div id=\"field_pow6355da018c0c4673_inner\" class=\"container flexible_section_inner\">\n\n  <div class=\"row flexible_section_title_container\"><div class=\"col-12 flexible_section_title_col\"><h2 class=\"flexible_section_title mb-5 text-left  \">Shops <\/h2><\/div><\/div>\n   <div class=\"row flexible_section_content\">\n\n   <div class=\"mb-3 mb-sm-0 col-sm-4 colonne colonne1\">\n    <div class=\"colonne_inner bordertopbleu text-left\">\n<div class=\"fixedimage\">\n<h3><img decoding=\"async\" class=\"alignnone wp-image-167423 size-full\" src=\"https:\/\/www.groupe-sos.org\/wp-content\/uploads\/2023\/02\/Altermundi.jpg\" alt=\"\" width=\"400\" height=\"285\" srcset=\"https:\/\/www.groupe-sos.org\/wp-content\/uploads\/2023\/02\/Altermundi.jpg 400w, https:\/\/www.groupe-sos.org\/wp-content\/uploads\/2023\/02\/Altermundi-300x214.jpg 300w\" sizes=\"(max-width: 400px) 100vw, 400px\" \/><\/h3>\n<\/div>\n<h3>Altermundi<\/h3>\n<p>A pioneer on the fair-trade market, Altermundi works with a hundred suppliers, selected for their ethical approach and values, in 5 different segments (Fashion, Kids, Gifts, Home, Wellness). Today, Altermundi has 12 stores in Paris, 1 in Bordeaux and 1 e-commerce website.<\/p>\n<p><a class=\"lightbluebutton\" href=\"https:\/\/www.altermundi.com\/fr\/\" target=\"_blank\" rel=\"noopener\">Learn more<\/a><\/p>\n    <\/div>\n   <\/div>\n   <div class=\"mb-3 mb-sm-0 col-sm-4 colonne colonne2\">\n    <div class=\"colonne_inner bordertopjaune text-left\">\n<div class=\"fixedimage\">\n<p><img decoding=\"async\" class=\"alignnone wp-image-167435 size-full\" src=\"https:\/\/www.groupe-sos.org\/wp-content\/uploads\/2023\/02\/Scilicet.jpg\" alt=\"\" width=\"400\" height=\"285\" srcset=\"https:\/\/www.groupe-sos.org\/wp-content\/uploads\/2023\/02\/Scilicet.jpg 400w, https:\/\/www.groupe-sos.org\/wp-content\/uploads\/2023\/02\/Scilicet-300x214.jpg 300w\" sizes=\"(max-width: 400px) 100vw, 400px\" \/><\/p>\n<\/div>\n<h3>Scilicet<\/h3>\n<p>Located on the banks of the Seine in Paris&#8217; 1st arrondissement, Scilicet is a unique place with a festive and friendly atmosphere. This bar stands out for its sustainable and environmental commitment: beers are local or organic, wines are 100% organic, dishes are homemade with fresh products and beef has been taken off the menu.<\/p>\n<p><a class=\"lightbluebutton\" href=\"https:\/\/scilicet.fr\/\" target=\"_blank\" rel=\"noopener\">Learn more<\/a><\/p>\n    <\/div>\n   <\/div>\n   <div class=\"col-sm-4 colonne colonne3\">\n    <div class=\"colonne_inner  text-left\">\n    <\/div>\n   <\/div>\n  <\/div>\n\n <\/div>\n<\/div>\n\n\n<div id=\"field_pow85f0f9ff991d4111\" class=\"container-fluid px-0 flexible_section block_columns\">\n <div id=\"field_pow85f0f9ff991d4111_inner\" class=\"container flexible_section_inner\">\n\n  <div class=\"row flexible_section_title_container\"><div class=\"col-12 flexible_section_title_col\"><h2 class=\"flexible_section_title mb-5 text-left  \">Services<\/h2><\/div><\/div>\n   <div class=\"row flexible_section_content\">\n\n   <div class=\"mb-3 mb-sm-0 col-sm-4 colonne colonne1\">\n    <div class=\"colonne_inner bordertopvert text-left\">\n<div class=\"fixedimage\">\n<p><img decoding=\"async\" class=\"alignnone wp-image-167431 size-full\" src=\"https:\/\/www.groupe-sos.org\/wp-content\/uploads\/2023\/02\/Omega.jpg\" alt=\"\" width=\"400\" height=\"285\" srcset=\"https:\/\/www.groupe-sos.org\/wp-content\/uploads\/2023\/02\/Omega.jpg 400w, https:\/\/www.groupe-sos.org\/wp-content\/uploads\/2023\/02\/Omega-300x214.jpg 300w\" sizes=\"(max-width: 400px) 100vw, 400px\" \/><\/p>\n<\/div>\n<h3>Om\u00e9ga Restauration<\/h3>\n<p>Om\u00e9ga Restauration is a social integration company that puts its catering expertise at the service of public and private facilities in the health, medical-social and educational sectors. Its ambition is to promote a traditional, tasty and creative cuisine by favouring local quality, fresh and seasonal products.<\/p>\n    <\/div>\n   <\/div>\n   <div class=\"mb-3 mb-sm-0 col-sm-4 colonne colonne2\">\n    <div class=\"colonne_inner bordertoprouge text-left\">\n<div class=\"fixedimage\">\n<p><img decoding=\"async\" class=\"alignnone wp-image-167437 size-full\" src=\"https:\/\/www.groupe-sos.org\/wp-content\/uploads\/2023\/02\/TAA.jpg\" alt=\"\" width=\"400\" height=\"285\" srcset=\"https:\/\/www.groupe-sos.org\/wp-content\/uploads\/2023\/02\/TAA.jpg 400w, https:\/\/www.groupe-sos.org\/wp-content\/uploads\/2023\/02\/TAA-300x214.jpg 300w\" sizes=\"(max-width: 400px) 100vw, 400px\" \/><\/p>\n<\/div>\n<h3>TAA Services<\/h3>\n<p>TAA Services is a multiservice company that offers a wide range of activities to professionals and individuals in the Picardie Maritime region: housekeeping, green spaces, laundry and dry cleaning, industrial subcontracting or temporary work. A local company, TAA Services also acts in the field of integration through economic activity.<\/p>\n<p><a class=\"lightbluebutton\" href=\"https:\/\/www.taa-services.com\/\" target=\"_blank\" rel=\"noopener\">Learn more<\/a><\/p>\n    <\/div>\n   <\/div>\n   <div class=\"col-sm-4 colonne colonne3\">\n    <div class=\"colonne_inner bordertopbleu text-left\">\n<div class=\"fixedimage\">\n<p><img decoding=\"async\" class=\"alignnone wp-image-167441 size-full\" src=\"https:\/\/www.groupe-sos.org\/wp-content\/uploads\/2023\/02\/Wimoov.jpg\" alt=\"\" width=\"400\" height=\"285\" srcset=\"https:\/\/www.groupe-sos.org\/wp-content\/uploads\/2023\/02\/Wimoov.jpg 400w, https:\/\/www.groupe-sos.org\/wp-content\/uploads\/2023\/02\/Wimoov-300x214.jpg 300w\" sizes=\"(max-width: 400px) 100vw, 400px\" \/><\/p>\n<\/div>\n<h3>Wimoov<\/h3>\n<p>Wimoov&#8217;s ambition is to assist regions and vulnerable people move towards autonomous, sustainable and green mobility. The organisation offers a range of solutions to ensure that mobility is no longer an obstacle to professional and social integration.<\/p>\n<p><a class=\"lightbluebutton\" href=\"https:\/\/wimoov.org\/\" target=\"_blank\" rel=\"noopener\">Learn more<\/a><\/p>\n    <\/div>\n   <\/div>\n  <\/div>\n\n <\/div>\n<\/div>\n\n\n<div id=\"field_powfaeb1ce95fe24f72\" class=\"container-fluid px-0 flexible_section block_columns\">\n <div id=\"field_powfaeb1ce95fe24f72_inner\" class=\"container flexible_section_inner\">\n\n  <div class=\"row flexible_section_title_container\"><div class=\"col-12 flexible_section_title_col\"><h2 class=\"flexible_section_title mb-5 text-left  \">Construction<\/h2><\/div><\/div>\n   <div class=\"row flexible_section_content\">\n\n   <div class=\"mb-3 mb-sm-0 col-sm-4 colonne colonne1\">\n    <div class=\"colonne_inner bordertopjaune text-left\">\n<div class=\"fixedimage\">\n<p><img decoding=\"async\" class=\"alignnone wp-image-167421 size-full\" src=\"https:\/\/www.groupe-sos.org\/wp-content\/uploads\/2023\/02\/AIPI.jpg\" alt=\"\" width=\"400\" height=\"285\" srcset=\"https:\/\/www.groupe-sos.org\/wp-content\/uploads\/2023\/02\/AIPI.jpg 400w, https:\/\/www.groupe-sos.org\/wp-content\/uploads\/2023\/02\/AIPI-300x214.jpg 300w\" sizes=\"(max-width: 400px) 100vw, 400px\" \/><\/p>\n<\/div>\n<h3>AIPI<\/h3>\n<p>AIPI is an organisation whose goal is to promote the social and work integration of disadvantaged people through economic activity and access to housing. Its activities unfold across three axes: the production and adapted management of low-cost social housing through rehabilitation leases, vocational integration on construction sites and the fight against substandard housing.<\/p>\n<p><a class=\"lightbluebutton\" href=\"https:\/\/www.aipi-77.fr\/\" target=\"_blank\" rel=\"noopener\">Learn more<\/a><\/p>\n    <\/div>\n   <\/div>\n   <div class=\"mb-3 mb-sm-0 col-sm-4 colonne colonne2\">\n    <div class=\"colonne_inner  text-left\">\n    <\/div>\n   <\/div>\n   <div class=\"col-sm-4 colonne colonne3\">\n    <div class=\"colonne_inner  text-left\">\n    <\/div>\n   <\/div>\n  <\/div>\n\n <\/div>\n<\/div>\n\n\n<div id=\"field_powe9ce37bf9b424d45\" class=\"container-fluid px-0 flexible_section block_columns\">\n <div id=\"field_powe9ce37bf9b424d45_inner\" class=\"container flexible_section_inner\">\n\n  <div class=\"row flexible_section_title_container\"><div class=\"col-12 flexible_section_title_col\"><h2 class=\"flexible_section_title mb-5 text-left  \">Consulting<\/h2><\/div><\/div>\n   <div class=\"row flexible_section_content\">\n\n   <div class=\"mb-3 mb-sm-0 col-sm-4 colonne colonne1\">\n    <div class=\"colonne_inner bordertopvert text-left\">\n<div class=\"fixedimage\">\n<p><img decoding=\"async\" class=\"alignnone wp-image-167425 size-full\" src=\"https:\/\/www.groupe-sos.org\/wp-content\/uploads\/2023\/02\/AstreesUltralaborans.jpg\" alt=\"\" width=\"400\" height=\"285\" srcset=\"https:\/\/www.groupe-sos.org\/wp-content\/uploads\/2023\/02\/AstreesUltralaborans.jpg 400w, https:\/\/www.groupe-sos.org\/wp-content\/uploads\/2023\/02\/AstreesUltralaborans-300x214.jpg 300w\" sizes=\"(max-width: 400px) 100vw, 400px\" \/><\/p>\n<\/div>\n<h3>Astr\u00e9es<\/h3>\n<p>An organisation committed to facilitating dialogue within companies, Astr\u00e9es deciphers the evolution of work and employment and disseminates innovative social practices in France and Europe.<\/p>\n<p><a class=\"lightbluebutton\" href=\"https:\/\/astrees.org\/\" target=\"_blank\" rel=\"noopener\">Learn more<\/a><\/p>\n    <\/div>\n   <\/div>\n   <div class=\"mb-3 mb-sm-0 col-sm-4 colonne colonne2\">\n    <div class=\"colonne_inner bordertopjaune text-left\">\n<p><img decoding=\"async\" class=\"alignnone wp-image-167427 size-full\" src=\"https:\/\/www.groupe-sos.org\/wp-content\/uploads\/2023\/02\/Auxilia.jpg\" alt=\"\" width=\"400\" height=\"285\" srcset=\"https:\/\/www.groupe-sos.org\/wp-content\/uploads\/2023\/02\/Auxilia.jpg 400w, https:\/\/www.groupe-sos.org\/wp-content\/uploads\/2023\/02\/Auxilia-300x214.jpg 300w\" sizes=\"(max-width: 400px) 100vw, 400px\" \/><\/p>\n<h3>Auxilia<\/h3>\n<p>A pioneer in sustainable development, Auxilia is a consulting firm that assists regions in their environmental and social redirection policies.<\/p>\n<p><a class=\"lightbluebutton\" href=\"https:\/\/www.auxilia-conseil.com\/\" target=\"_blank\" rel=\"noopener\">Learn more<\/a><\/p>\n    <\/div>\n   <\/div>\n   <div class=\"col-sm-4 colonne colonne3\">\n    <div class=\"colonne_inner bordertopbleu text-left\">\n<p><img decoding=\"async\" class=\"alignnone wp-image-167460 size-full\" src=\"https:\/\/www.groupe-sos.org\/wp-content\/uploads\/2023\/02\/ultralaborans.jpg\" alt=\"\" width=\"400\" height=\"285\" srcset=\"https:\/\/www.groupe-sos.org\/wp-content\/uploads\/2023\/02\/ultralaborans.jpg 400w, https:\/\/www.groupe-sos.org\/wp-content\/uploads\/2023\/02\/ultralaborans-300x214.jpg 300w\" sizes=\"(max-width: 400px) 100vw, 400px\" \/><\/p>\n<h3>Ultra Laborans<\/h3>\n<p>Ultra Laborans is an exploration and consulting agency committed to the metamorphosis of regions and organisation, an expert in corporate deliberation and transformations in the workplace.<\/p>\n<p><a class=\"lightbluebutton\" href=\"https:\/\/ultralaborans.org\/\" target=\"_blank\" rel=\"noopener\">Learn more<\/a><\/p>\n    <\/div>\n   <\/div>\n  <\/div>\n\n <\/div>\n<\/div>\n","protected":false},"excerpt":{"rendered":"<p>L&#8217;entreprise incarne un levier du changement, tel est la conviction de l&#8217;association Groupe SOS Commerce et services. Gr\u00e2ce \u00e0 cette association, le Groupe SOS red\u00e9finit la raison d&#8217;\u00eatre du business pour lui donner un objectif bien pr\u00e9cis : l&#8217;impact positif.<\/p>\n","protected":false},"author":1,"featured_media":0,"parent":0,"menu_order":178,"comment_status":"closed","ping_status":"closed","template":"page-flexipow.php","meta":{"_acf_changed":false,"footnotes":""},"secteur":[],"class_list":["post-174810","page","type-page","status-publish","hentry"],"acf":[],"yoast_head":"<!-- This site is optimized with the Yoast SEO plugin v26.5 - https:\/\/yoast.com\/wordpress\/plugins\/seo\/ -->\n<title>Shops and Services - Groupe SOS<\/title>\n<meta name=\"description\" content=\"L&#039;entreprise incarne un levier du changement, tel est la conviction de l&#039;association Groupe SOS Commerce et services. Gr\u00e2ce \u00e0 cette association, le Groupe SOS red\u00e9finit la raison d&#039;\u00eatre du business pour lui donner un objectif bien pr\u00e9cis : l&#039;impact positif.\" \/>\n<meta name=\"robots\" content=\"index, follow, max-snippet:-1, max-image-preview:large, max-video-preview:-1\" \/>\n<link rel=\"canonical\" href=\"https:\/\/www.groupe-sos.org\/en\/shops-and-services\/\" \/>\n<meta property=\"og:locale\" content=\"en_US\" \/>\n<meta property=\"og:type\" content=\"article\" \/>\n<meta property=\"og:title\" content=\"Shops and Services - Groupe SOS\" \/>\n<meta property=\"og:description\" content=\"L&#039;entreprise incarne un levier du changement, tel est la conviction de l&#039;association Groupe SOS Commerce et services. Gr\u00e2ce \u00e0 cette association, le Groupe SOS red\u00e9finit la raison d&#039;\u00eatre du business pour lui donner un objectif bien pr\u00e9cis : l&#039;impact positif.\" \/>\n<meta property=\"og:url\" content=\"https:\/\/www.groupe-sos.org\/en\/shops-and-services\/\" \/>\n<meta property=\"og:site_name\" content=\"Groupe SOS\" \/>\n<meta property=\"article:publisher\" content=\"https:\/\/www.facebook.com\/GroupeSOS\/\" \/>\n<meta property=\"article:modified_time\" content=\"2023-08-02T12:20:17+00:00\" \/>\n<meta name=\"twitter:card\" content=\"summary_large_image\" \/>\n<meta name=\"twitter:site\" content=\"@groupesos\" \/>\n<script type=\"application\/ld+json\" class=\"yoast-schema-graph\">{\"@context\":\"https:\/\/schema.org\",\"@graph\":[{\"@type\":\"WebPage\",\"@id\":\"https:\/\/www.groupe-sos.org\/en\/shops-and-services\/\",\"url\":\"https:\/\/www.groupe-sos.org\/en\/shops-and-services\/\",\"name\":\"Shops and Services - Groupe SOS\",\"isPartOf\":{\"@id\":\"https:\/\/www.groupe-sos.org\/en\/#website\"},\"datePublished\":\"2023-02-27T14:32:42+00:00\",\"dateModified\":\"2023-08-02T12:20:17+00:00\",\"description\":\"L'entreprise incarne un levier du changement, tel est la conviction de l'association Groupe SOS Commerce et services. Gr\u00e2ce \u00e0 cette association, le Groupe SOS red\u00e9finit la raison d'\u00eatre du business pour lui donner un objectif bien pr\u00e9cis : l'impact positif.\",\"breadcrumb\":{\"@id\":\"https:\/\/www.groupe-sos.org\/en\/shops-and-services\/#breadcrumb\"},\"inLanguage\":\"en-US\",\"potentialAction\":[{\"@type\":\"ReadAction\",\"target\":[\"https:\/\/www.groupe-sos.org\/en\/shops-and-services\/\"]}]},{\"@type\":\"BreadcrumbList\",\"@id\":\"https:\/\/www.groupe-sos.org\/en\/shops-and-services\/#breadcrumb\",\"itemListElement\":[{\"@type\":\"ListItem\",\"position\":1,\"name\":\"Home\",\"item\":\"https:\/\/www.groupe-sos.org\/en\/\"},{\"@type\":\"ListItem\",\"position\":2,\"name\":\"Shops and Services\"}]},{\"@type\":\"WebSite\",\"@id\":\"https:\/\/www.groupe-sos.org\/en\/#website\",\"url\":\"https:\/\/www.groupe-sos.org\/en\/\",\"name\":\"Groupe SOS Entreprendre au profit de tous\",\"description\":\"Entreprendre au profit de tous\",\"publisher\":{\"@id\":\"https:\/\/www.groupe-sos.org\/en\/#organization\"},\"alternateName\":\"Groupe SOS\",\"potentialAction\":[{\"@type\":\"SearchAction\",\"target\":{\"@type\":\"EntryPoint\",\"urlTemplate\":\"https:\/\/www.groupe-sos.org\/en\/?s={search_term_string}\"},\"query-input\":{\"@type\":\"PropertyValueSpecification\",\"valueRequired\":true,\"valueName\":\"search_term_string\"}}],\"inLanguage\":\"en-US\"},{\"@type\":\"Organization\",\"@id\":\"https:\/\/www.groupe-sos.org\/en\/#organization\",\"name\":\"Groupe SOS\",\"alternateName\":\"Entreprendre au profit de tous\",\"url\":\"https:\/\/www.groupe-sos.org\/en\/\",\"logo\":{\"@type\":\"ImageObject\",\"inLanguage\":\"en-US\",\"@id\":\"https:\/\/www.groupe-sos.org\/en\/#\/schema\/logo\/image\/\",\"url\":\"https:\/\/www.groupe-sos.org\/wp-content\/uploads\/2022\/06\/groupe-sos-logo-1.png\",\"contentUrl\":\"https:\/\/www.groupe-sos.org\/wp-content\/uploads\/2022\/06\/groupe-sos-logo-1.png\",\"width\":300,\"height\":60,\"caption\":\"Groupe SOS\"},\"image\":{\"@id\":\"https:\/\/www.groupe-sos.org\/en\/#\/schema\/logo\/image\/\"},\"sameAs\":[\"https:\/\/www.facebook.com\/GroupeSOS\/\",\"https:\/\/x.com\/groupesos\",\"https:\/\/www.instagram.com\/groupe_sos\/\",\"https:\/\/www.linkedin.com\/company\/groupe-sos\/?originalSubdomain=fr\"]}]}<\/script>\n<!-- \/ Yoast SEO plugin. -->","yoast_head_json":{"title":"Shops and Services - Groupe SOS","description":"L'entreprise incarne un levier du changement, tel est la conviction de l'association Groupe SOS Commerce et services. Gr\u00e2ce \u00e0 cette association, le Groupe SOS red\u00e9finit la raison d'\u00eatre du business pour lui donner un objectif bien pr\u00e9cis : l'impact positif.","robots":{"index":"index","follow":"follow","max-snippet":"max-snippet:-1","max-image-preview":"max-image-preview:large","max-video-preview":"max-video-preview:-1"},"canonical":"https:\/\/www.groupe-sos.org\/en\/shops-and-services\/","og_locale":"en_US","og_type":"article","og_title":"Shops and Services - Groupe SOS","og_description":"L'entreprise incarne un levier du changement, tel est la conviction de l'association Groupe SOS Commerce et services. Gr\u00e2ce \u00e0 cette association, le Groupe SOS red\u00e9finit la raison d'\u00eatre du business pour lui donner un objectif bien pr\u00e9cis : l'impact positif.","og_url":"https:\/\/www.groupe-sos.org\/en\/shops-and-services\/","og_site_name":"Groupe SOS","article_publisher":"https:\/\/www.facebook.com\/GroupeSOS\/","article_modified_time":"2023-08-02T12:20:17+00:00","twitter_card":"summary_large_image","twitter_site":"@groupesos","schema":{"@context":"https:\/\/schema.org","@graph":[{"@type":"WebPage","@id":"https:\/\/www.groupe-sos.org\/en\/shops-and-services\/","url":"https:\/\/www.groupe-sos.org\/en\/shops-and-services\/","name":"Shops and Services - Groupe SOS","isPartOf":{"@id":"https:\/\/www.groupe-sos.org\/en\/#website"},"datePublished":"2023-02-27T14:32:42+00:00","dateModified":"2023-08-02T12:20:17+00:00","description":"L'entreprise incarne un levier du changement, tel est la conviction de l'association Groupe SOS Commerce et services. Gr\u00e2ce \u00e0 cette association, le Groupe SOS red\u00e9finit la raison d'\u00eatre du business pour lui donner un objectif bien pr\u00e9cis : l'impact positif.","breadcrumb":{"@id":"https:\/\/www.groupe-sos.org\/en\/shops-and-services\/#breadcrumb"},"inLanguage":"en-US","potentialAction":[{"@type":"ReadAction","target":["https:\/\/www.groupe-sos.org\/en\/shops-and-services\/"]}]},{"@type":"BreadcrumbList","@id":"https:\/\/www.groupe-sos.org\/en\/shops-and-services\/#breadcrumb","itemListElement":[{"@type":"ListItem","position":1,"name":"Home","item":"https:\/\/www.groupe-sos.org\/en\/"},{"@type":"ListItem","position":2,"name":"Shops and Services"}]},{"@type":"WebSite","@id":"https:\/\/www.groupe-sos.org\/en\/#website","url":"https:\/\/www.groupe-sos.org\/en\/","name":"Groupe SOS Entreprendre au profit de tous","description":"Entreprendre au profit de tous","publisher":{"@id":"https:\/\/www.groupe-sos.org\/en\/#organization"},"alternateName":"Groupe SOS","potentialAction":[{"@type":"SearchAction","target":{"@type":"EntryPoint","urlTemplate":"https:\/\/www.groupe-sos.org\/en\/?s={search_term_string}"},"query-input":{"@type":"PropertyValueSpecification","valueRequired":true,"valueName":"search_term_string"}}],"inLanguage":"en-US"},{"@type":"Organization","@id":"https:\/\/www.groupe-sos.org\/en\/#organization","name":"Groupe SOS","alternateName":"Entreprendre au profit de tous","url":"https:\/\/www.groupe-sos.org\/en\/","logo":{"@type":"ImageObject","inLanguage":"en-US","@id":"https:\/\/www.groupe-sos.org\/en\/#\/schema\/logo\/image\/","url":"https:\/\/www.groupe-sos.org\/wp-content\/uploads\/2022\/06\/groupe-sos-logo-1.png","contentUrl":"https:\/\/www.groupe-sos.org\/wp-content\/uploads\/2022\/06\/groupe-sos-logo-1.png","width":300,"height":60,"caption":"Groupe SOS"},"image":{"@id":"https:\/\/www.groupe-sos.org\/en\/#\/schema\/logo\/image\/"},"sameAs":["https:\/\/www.facebook.com\/GroupeSOS\/","https:\/\/x.com\/groupesos","https:\/\/www.instagram.com\/groupe_sos\/","https:\/\/www.linkedin.com\/company\/groupe-sos\/?originalSubdomain=fr"]}]}},"_links":{"self":[{"href":"https:\/\/www.groupe-sos.org\/en\/wp-json\/wp\/v2\/pages\/174810","targetHints":{"allow":["GET"]}}],"collection":[{"href":"https:\/\/www.groupe-sos.org\/en\/wp-json\/wp\/v2\/pages"}],"about":[{"href":"https:\/\/www.groupe-sos.org\/en\/wp-json\/wp\/v2\/types\/page"}],"author":[{"embeddable":true,"href":"https:\/\/www.groupe-sos.org\/en\/wp-json\/wp\/v2\/users\/1"}],"replies":[{"embeddable":true,"href":"https:\/\/www.groupe-sos.org\/en\/wp-json\/wp\/v2\/comments?post=174810"}],"version-history":[{"count":5,"href":"https:\/\/www.groupe-sos.org\/en\/wp-json\/wp\/v2\/pages\/174810\/revisions"}],"predecessor-version":[{"id":178913,"href":"https:\/\/www.groupe-sos.org\/en\/wp-json\/wp\/v2\/pages\/174810\/revisions\/178913"}],"wp:attachment":[{"href":"https:\/\/www.groupe-sos.org\/en\/wp-json\/wp\/v2\/media?parent=174810"}],"wp:term":[{"taxonomy":"secteur","embeddable":true,"href":"https:\/\/www.groupe-sos.org\/en\/wp-json\/wp\/v2\/secteur?post=174810"}],"curies":[{"name":"wp","href":"https:\/\/api.w.org\/{rel}","templated":true}]}}