{"id":174826,"date":"2023-03-01T14:47:46","date_gmt":"2023-03-01T13:47:46","guid":{"rendered":"https:\/\/www.groupe-sos.org\/groupe-sos-transition-ecologique-et-territoires\/"},"modified":"2023-08-02T14:27:39","modified_gmt":"2023-08-02T12:27:39","slug":"environmental-transition-and-local-action","status":"publish","type":"page","link":"https:\/\/www.groupe-sos.org\/en\/environmental-transition-and-local-action\/","title":{"rendered":"Environmental Transition and Local Action"},"content":{"rendered":"<div id=\"field_pow27346a3a9f05424a\" class=\"container-fluid px-0 flexible_section heropages block_hero\">\n  <div id=\"hero_pow27346a3a9f05424a\" class=\"hero_container px-0\">\n   <div class=\"hero_image_outer\">\n    <img decoding=\"async\" src=\"https:\/\/www.groupe-sos.org\/wp-content\/uploads\/2022\/11\/transition-ecologique.jpg\" alt=\"\" class=\"heroimage \" \/>\n   <\/div>\n  <\/div>\n<\/div>\n\n\n<div id=\"field_pow29daa49fdad8491b\" class=\"container-fluid px-0 flexible_section block_columns\">\n <div id=\"field_pow29daa49fdad8491b_inner\" class=\"container flexible_section_inner\">\n\n   <div class=\"row flexible_section_content\">\n\n   <div class=\"p-5 col-sm-12 colonne colonne1\">\n    <div class=\"colonne_inner  text-left\">\n<h3>Our organisations<\/h3>\n<h1>Environmental Transition and Local Action \u200b<\/h1>\n    <\/div>\n   <\/div>\n  <\/div>\n\n <\/div>\n<\/div>\n\n\n<div id=\"field_powd3e6a89f332c4d29\" class=\"container-fluid px-0 flexible_section block_breadcrumb\">\n <div id=\"field_powd3e6a89f332c4d29_inner\" class=\"container flexible_section_inner\">\n\n  <div class=\"row flexible_section_content\">\n\n   <div class=\"breadcrumb_outer\" id=\"breadcrumb_powd3e6a89f332c4d29\">\n\n   <nav aria-label=\"breadcrumb\" id=\"breadcrumb_powd3e6a89f332c4d29_nav\">\n    <ol class=\"breadcrumb\">\n<li class=\"breadcrumb-item active\" aria-current=\"page\">Environmental Transition and Local Action<\/li>\n      <\/ol>\n   <\/nav>\n\n   <\/div>\n\n  <\/div>\n\n <\/div>\n<\/div>\n\n\n<div id=\"field_powa412624745174d09\" class=\"container-fluid px-0 flexible_section block_columns\">\n <div id=\"field_powa412624745174d09_inner\" class=\"container flexible_section_inner\">\n\n   <div class=\"row flexible_section_content\">\n\n   <div class=\"col-sm-12 colonne colonne1\">\n    <div class=\"colonne_inner  text-left\">\n<p><strong>The ambition of Groupe SOS is to build solutions to develop and improve local life, and to engage in the environmental transition to find new solutions to build a sustainable world. In order to revive deprived areas, boost citizen participation, and meet the new challenges of each area, Groupe SOS develops action approaches adapted to the needs of each community. These solutions are geared towards residents and involve them in the development of solutions that are relevant to them.<\/strong><\/p>\n    <\/div>\n   <\/div>\n  <\/div>\n\n <\/div>\n<\/div>\n\n\n<div id=\"field_pow1a868aca34b845d2\" class=\"container-fluid px-0 flexible_section block_adaptativetextandimage\">\n <div id=\"field_pow1a868aca34b845d2_inner\" class=\"container flexible_section_inner\">\n\n   <div class=\"row no-gutters flexible_section_content adaptativeimage  bordertopjaune bordertopjaune\" id=\"textimagebanner_pow1a868aca34b845d2\">\n\n   <div class=\"col-12 col-sm-7 order-2 order-sm-1 colonne colonne1 colonne1_pow1a868aca34b845d2\">\n    <div class=\"colonne_inner text-left justify-content-start\">\n<h3>Environmental Transition<\/h3>\n<p>Faced with the current environmental and social emergencies, Groupe SOS is committed to finding new solutions that build a sustainable world. The organisation defends the concept of human ecology, which harmonises human life with the environment, without one taking precedence over the other. The ambition in an age of scarcity is to do better with less. Groupe SOS wants to make green jobs into levers for work inclusion, while preventing the environmental transition from becoming an additional factor of exclusion.<\/p>\n<p><a class=\"lightbluebutton\" href=\"https:\/\/www.groupe-sos.org\/en\/environmental-transition-and-local-action\/environmental-transition\/\">Learn more<\/a><\/p>\n    <\/div>\n   <\/div>\n   <div class=\"col-12 col-sm-5 order-1 order-sm-2 colonne colonne2 colonne2_pow1a868aca34b845d2\">\n   <\/div>\n  <\/div>\n\n <\/div>\n<\/div>\n\n\n<div id=\"field_pow8a2ebf0c75e74abb\" class=\"container-fluid px-0 flexible_section block_adaptativetextandimage\">\n <div id=\"field_pow8a2ebf0c75e74abb_inner\" class=\"container flexible_section_inner\">\n\n   <div class=\"row no-gutters flexible_section_content adaptativeimage  bordertopbleu\" id=\"textimagebanner_pow8a2ebf0c75e74abb\">\n\n   <div class=\"col-12 col-sm-7 order-2 order-sm-2 colonne colonne1 colonne1_pow8a2ebf0c75e74abb\">\n    <div class=\"colonne_inner text-left justify-content-start\">\n<h3>Local Action<\/h3>\n<p>The ambition of Groupe SOS is to build solutions to develop and improve local life. In order to revive deprived areas, boost citizen participation, and meet the new challenges of each region, Groupe SOS develops action approaches adapted to the needs of each community. These solutions are geared towards residents and involve them in the development of solutions that are relevant to them.<\/p>\n<p><a class=\"lightbluebutton\" href=\"https:\/\/www.groupe-sos.org\/en\/environmental-transition-and-local-action\/local-action\/\">Learn more<\/a><\/p>\n    <\/div>\n   <\/div>\n   <div class=\"col-12 col-sm-5 order-1 order-sm-1 colonne colonne2 colonne2_pow8a2ebf0c75e74abb\">\n   <\/div>\n  <\/div>\n\n <\/div>\n<\/div>\n","protected":false},"excerpt":{"rendered":"<p>L&#8217;association Groupe SOS Transition \u00e9cologique et territoires a pour ambition de construire des solutions pour d\u00e9velopper et am\u00e9liorer la vie locale, et de s&#8217;investir dans la transition \u00e9cologique pour trouver de nouvelles solutions afin de construire un monde durable.<\/p>\n","protected":false},"author":1,"featured_media":0,"parent":0,"menu_order":186,"comment_status":"closed","ping_status":"closed","template":"page-flexipow.php","meta":{"_acf_changed":false,"footnotes":""},"secteur":[],"class_list":["post-174826","page","type-page","status-publish","hentry"],"acf":[],"yoast_head":"<!-- This site is optimized with the Yoast SEO plugin v26.5 - https:\/\/yoast.com\/wordpress\/plugins\/seo\/ -->\n<title>Environmental Transition and Local Action - Groupe SOS<\/title>\n<meta name=\"description\" content=\"L&#039;association Groupe SOS Transition \u00e9cologique et territoires a pour ambition de construire des solutions pour d\u00e9velopper et am\u00e9liorer la vie locale, et de s&#039;investir dans la transition \u00e9cologique pour trouver de nouvelles solutions afin de construire un monde durable.\" \/>\n<meta name=\"robots\" content=\"index, follow, max-snippet:-1, max-image-preview:large, max-video-preview:-1\" \/>\n<link rel=\"canonical\" href=\"https:\/\/www.groupe-sos.org\/en\/environmental-transition-and-local-action\/\" \/>\n<meta property=\"og:locale\" content=\"en_US\" \/>\n<meta property=\"og:type\" content=\"article\" \/>\n<meta property=\"og:title\" content=\"Environmental Transition and Local Action - Groupe SOS\" \/>\n<meta property=\"og:description\" content=\"L&#039;association Groupe SOS Transition \u00e9cologique et territoires a pour ambition de construire des solutions pour d\u00e9velopper et am\u00e9liorer la vie locale, et de s&#039;investir dans la transition \u00e9cologique pour trouver de nouvelles solutions afin de construire un monde durable.\" \/>\n<meta property=\"og:url\" content=\"https:\/\/www.groupe-sos.org\/en\/environmental-transition-and-local-action\/\" \/>\n<meta property=\"og:site_name\" content=\"Groupe SOS\" \/>\n<meta property=\"article:publisher\" content=\"https:\/\/www.facebook.com\/GroupeSOS\/\" \/>\n<meta property=\"article:modified_time\" content=\"2023-08-02T12:27:39+00:00\" \/>\n<meta name=\"twitter:card\" content=\"summary_large_image\" \/>\n<meta name=\"twitter:site\" content=\"@groupesos\" \/>\n<script type=\"application\/ld+json\" class=\"yoast-schema-graph\">{\"@context\":\"https:\/\/schema.org\",\"@graph\":[{\"@type\":\"WebPage\",\"@id\":\"https:\/\/www.groupe-sos.org\/en\/environmental-transition-and-local-action\/\",\"url\":\"https:\/\/www.groupe-sos.org\/en\/environmental-transition-and-local-action\/\",\"name\":\"Environmental Transition and Local Action - Groupe SOS\",\"isPartOf\":{\"@id\":\"https:\/\/www.groupe-sos.org\/en\/#website\"},\"datePublished\":\"2023-03-01T13:47:46+00:00\",\"dateModified\":\"2023-08-02T12:27:39+00:00\",\"description\":\"L'association Groupe SOS Transition \u00e9cologique et territoires a pour ambition de construire des solutions pour d\u00e9velopper et am\u00e9liorer la vie locale, et de s'investir dans la transition \u00e9cologique pour trouver de nouvelles solutions afin de construire un monde durable.\",\"breadcrumb\":{\"@id\":\"https:\/\/www.groupe-sos.org\/en\/environmental-transition-and-local-action\/#breadcrumb\"},\"inLanguage\":\"en-US\",\"potentialAction\":[{\"@type\":\"ReadAction\",\"target\":[\"https:\/\/www.groupe-sos.org\/en\/environmental-transition-and-local-action\/\"]}]},{\"@type\":\"BreadcrumbList\",\"@id\":\"https:\/\/www.groupe-sos.org\/en\/environmental-transition-and-local-action\/#breadcrumb\",\"itemListElement\":[{\"@type\":\"ListItem\",\"position\":1,\"name\":\"Home\",\"item\":\"https:\/\/www.groupe-sos.org\/en\/\"},{\"@type\":\"ListItem\",\"position\":2,\"name\":\"Environmental Transition and Local Action\"}]},{\"@type\":\"WebSite\",\"@id\":\"https:\/\/www.groupe-sos.org\/en\/#website\",\"url\":\"https:\/\/www.groupe-sos.org\/en\/\",\"name\":\"Groupe SOS Entreprendre au profit de tous\",\"description\":\"Entreprendre au profit de tous\",\"publisher\":{\"@id\":\"https:\/\/www.groupe-sos.org\/en\/#organization\"},\"alternateName\":\"Groupe SOS\",\"potentialAction\":[{\"@type\":\"SearchAction\",\"target\":{\"@type\":\"EntryPoint\",\"urlTemplate\":\"https:\/\/www.groupe-sos.org\/en\/?s={search_term_string}\"},\"query-input\":{\"@type\":\"PropertyValueSpecification\",\"valueRequired\":true,\"valueName\":\"search_term_string\"}}],\"inLanguage\":\"en-US\"},{\"@type\":\"Organization\",\"@id\":\"https:\/\/www.groupe-sos.org\/en\/#organization\",\"name\":\"Groupe SOS\",\"alternateName\":\"Entreprendre au profit de tous\",\"url\":\"https:\/\/www.groupe-sos.org\/en\/\",\"logo\":{\"@type\":\"ImageObject\",\"inLanguage\":\"en-US\",\"@id\":\"https:\/\/www.groupe-sos.org\/en\/#\/schema\/logo\/image\/\",\"url\":\"https:\/\/www.groupe-sos.org\/wp-content\/uploads\/2022\/06\/groupe-sos-logo-1.png\",\"contentUrl\":\"https:\/\/www.groupe-sos.org\/wp-content\/uploads\/2022\/06\/groupe-sos-logo-1.png\",\"width\":300,\"height\":60,\"caption\":\"Groupe SOS\"},\"image\":{\"@id\":\"https:\/\/www.groupe-sos.org\/en\/#\/schema\/logo\/image\/\"},\"sameAs\":[\"https:\/\/www.facebook.com\/GroupeSOS\/\",\"https:\/\/x.com\/groupesos\",\"https:\/\/www.instagram.com\/groupe_sos\/\",\"https:\/\/www.linkedin.com\/company\/groupe-sos\/?originalSubdomain=fr\"]}]}<\/script>\n<!-- \/ Yoast SEO plugin. -->","yoast_head_json":{"title":"Environmental Transition and Local Action - Groupe SOS","description":"L'association Groupe SOS Transition \u00e9cologique et territoires a pour ambition de construire des solutions pour d\u00e9velopper et am\u00e9liorer la vie locale, et de s'investir dans la transition \u00e9cologique pour trouver de nouvelles solutions afin de construire un monde durable.","robots":{"index":"index","follow":"follow","max-snippet":"max-snippet:-1","max-image-preview":"max-image-preview:large","max-video-preview":"max-video-preview:-1"},"canonical":"https:\/\/www.groupe-sos.org\/en\/environmental-transition-and-local-action\/","og_locale":"en_US","og_type":"article","og_title":"Environmental Transition and Local Action - Groupe SOS","og_description":"L'association Groupe SOS Transition \u00e9cologique et territoires a pour ambition de construire des solutions pour d\u00e9velopper et am\u00e9liorer la vie locale, et de s'investir dans la transition \u00e9cologique pour trouver de nouvelles solutions afin de construire un monde durable.","og_url":"https:\/\/www.groupe-sos.org\/en\/environmental-transition-and-local-action\/","og_site_name":"Groupe SOS","article_publisher":"https:\/\/www.facebook.com\/GroupeSOS\/","article_modified_time":"2023-08-02T12:27:39+00:00","twitter_card":"summary_large_image","twitter_site":"@groupesos","schema":{"@context":"https:\/\/schema.org","@graph":[{"@type":"WebPage","@id":"https:\/\/www.groupe-sos.org\/en\/environmental-transition-and-local-action\/","url":"https:\/\/www.groupe-sos.org\/en\/environmental-transition-and-local-action\/","name":"Environmental Transition and Local Action - Groupe SOS","isPartOf":{"@id":"https:\/\/www.groupe-sos.org\/en\/#website"},"datePublished":"2023-03-01T13:47:46+00:00","dateModified":"2023-08-02T12:27:39+00:00","description":"L'association Groupe SOS Transition \u00e9cologique et territoires a pour ambition de construire des solutions pour d\u00e9velopper et am\u00e9liorer la vie locale, et de s'investir dans la transition \u00e9cologique pour trouver de nouvelles solutions afin de construire un monde durable.","breadcrumb":{"@id":"https:\/\/www.groupe-sos.org\/en\/environmental-transition-and-local-action\/#breadcrumb"},"inLanguage":"en-US","potentialAction":[{"@type":"ReadAction","target":["https:\/\/www.groupe-sos.org\/en\/environmental-transition-and-local-action\/"]}]},{"@type":"BreadcrumbList","@id":"https:\/\/www.groupe-sos.org\/en\/environmental-transition-and-local-action\/#breadcrumb","itemListElement":[{"@type":"ListItem","position":1,"name":"Home","item":"https:\/\/www.groupe-sos.org\/en\/"},{"@type":"ListItem","position":2,"name":"Environmental Transition and Local Action"}]},{"@type":"WebSite","@id":"https:\/\/www.groupe-sos.org\/en\/#website","url":"https:\/\/www.groupe-sos.org\/en\/","name":"Groupe SOS Entreprendre au profit de tous","description":"Entreprendre au profit de tous","publisher":{"@id":"https:\/\/www.groupe-sos.org\/en\/#organization"},"alternateName":"Groupe SOS","potentialAction":[{"@type":"SearchAction","target":{"@type":"EntryPoint","urlTemplate":"https:\/\/www.groupe-sos.org\/en\/?s={search_term_string}"},"query-input":{"@type":"PropertyValueSpecification","valueRequired":true,"valueName":"search_term_string"}}],"inLanguage":"en-US"},{"@type":"Organization","@id":"https:\/\/www.groupe-sos.org\/en\/#organization","name":"Groupe SOS","alternateName":"Entreprendre au profit de tous","url":"https:\/\/www.groupe-sos.org\/en\/","logo":{"@type":"ImageObject","inLanguage":"en-US","@id":"https:\/\/www.groupe-sos.org\/en\/#\/schema\/logo\/image\/","url":"https:\/\/www.groupe-sos.org\/wp-content\/uploads\/2022\/06\/groupe-sos-logo-1.png","contentUrl":"https:\/\/www.groupe-sos.org\/wp-content\/uploads\/2022\/06\/groupe-sos-logo-1.png","width":300,"height":60,"caption":"Groupe SOS"},"image":{"@id":"https:\/\/www.groupe-sos.org\/en\/#\/schema\/logo\/image\/"},"sameAs":["https:\/\/www.facebook.com\/GroupeSOS\/","https:\/\/x.com\/groupesos","https:\/\/www.instagram.com\/groupe_sos\/","https:\/\/www.linkedin.com\/company\/groupe-sos\/?originalSubdomain=fr"]}]}},"_links":{"self":[{"href":"https:\/\/www.groupe-sos.org\/en\/wp-json\/wp\/v2\/pages\/174826","targetHints":{"allow":["GET"]}}],"collection":[{"href":"https:\/\/www.groupe-sos.org\/en\/wp-json\/wp\/v2\/pages"}],"about":[{"href":"https:\/\/www.groupe-sos.org\/en\/wp-json\/wp\/v2\/types\/page"}],"author":[{"embeddable":true,"href":"https:\/\/www.groupe-sos.org\/en\/wp-json\/wp\/v2\/users\/1"}],"replies":[{"embeddable":true,"href":"https:\/\/www.groupe-sos.org\/en\/wp-json\/wp\/v2\/comments?post=174826"}],"version-history":[{"count":10,"href":"https:\/\/www.groupe-sos.org\/en\/wp-json\/wp\/v2\/pages\/174826\/revisions"}],"predecessor-version":[{"id":178920,"href":"https:\/\/www.groupe-sos.org\/en\/wp-json\/wp\/v2\/pages\/174826\/revisions\/178920"}],"wp:attachment":[{"href":"https:\/\/www.groupe-sos.org\/en\/wp-json\/wp\/v2\/media?parent=174826"}],"wp:term":[{"taxonomy":"secteur","embeddable":true,"href":"https:\/\/www.groupe-sos.org\/en\/wp-json\/wp\/v2\/secteur?post=174826"}],"curies":[{"name":"wp","href":"https:\/\/api.w.org\/{rel}","templated":true}]}}