{"id":174849,"date":"2023-03-01T14:49:10","date_gmt":"2023-03-01T13:49:10","guid":{"rendered":"https:\/\/www.groupe-sos.org\/environmental-transition-and-local-action\/territoires\/"},"modified":"2023-08-02T14:39:57","modified_gmt":"2023-08-02T12:39:57","slug":"local-action","status":"publish","type":"page","link":"https:\/\/www.groupe-sos.org\/en\/environmental-transition-and-local-action\/local-action\/","title":{"rendered":"Local Action"},"content":{"rendered":"<div id=\"field_pow07696f9cccc440de\" class=\"container-fluid px-0 flexible_section heropages block_hero\">\n  <div id=\"hero_pow07696f9cccc440de\" class=\"hero_container px-0\">\n   <div class=\"hero_image_outer\">\n    <img decoding=\"async\" src=\"https:\/\/www.groupe-sos.org\/wp-content\/uploads\/2022\/11\/action-territoriale.jpg\" alt=\"\" class=\"heroimage \" \/>\n   <\/div>\n  <\/div>\n<\/div>\n\n\n<div id=\"field_powf71ee9865b454353\" class=\"container-fluid px-0 flexible_section block_columns\">\n <div id=\"field_powf71ee9865b454353_inner\" class=\"container flexible_section_inner\">\n\n   <div class=\"row flexible_section_content\">\n\n   <div class=\"p-5 col-sm-12 colonne colonne1\">\n    <div class=\"colonne_inner  text-left\">\n<h3>Our activities<\/h3>\n<h1>Local Action<\/h1>\n    <\/div>\n   <\/div>\n  <\/div>\n\n <\/div>\n<\/div>\n\n\n<div id=\"field_powd3e6a89f332c4d29\" class=\"container-fluid px-0 flexible_section block_breadcrumb\">\n <div id=\"field_powd3e6a89f332c4d29_inner\" class=\"container flexible_section_inner\">\n\n  <div class=\"row flexible_section_content\">\n\n   <div class=\"breadcrumb_outer\" id=\"breadcrumb_powd3e6a89f332c4d29\">\n\n   <nav aria-label=\"breadcrumb\" id=\"breadcrumb_powd3e6a89f332c4d29_nav\">\n    <ol class=\"breadcrumb\">\n<li class=\"breadcrumb-item\"><a href=\"https:\/\/www.groupe-sos.org\/en\/environmental-transition-and-local-action\/\" class=\"EnvironmentalTransitionandLocalAction \">Environmental Transition and Local Action<\/a><\/li>\n<li class=\"breadcrumb-item active\" aria-current=\"page\">Local Action<\/li>\n      <\/ol>\n   <\/nav>\n\n   <\/div>\n\n  <\/div>\n\n <\/div>\n<\/div>\n\n\n<div id=\"field_powd61a3220e0844c9b\" class=\"container-fluid px-0 flexible_section block_columns\">\n <div id=\"field_powd61a3220e0844c9b_inner\" class=\"container flexible_section_inner\">\n\n   <div class=\"row flexible_section_content\">\n\n   <div class=\"mb-3 mb-sm-0 col-sm-6 colonne colonne1\">\n    <div class=\"colonne_inner  text-left\">\n<p><strong>The ambition of Groupe SOS is to build solutions to develop and improve local life. Be it revitalising deprived areas, boosting citizen participation or responding to the new challenges faced by each area, Groupe SOS develops methods of action that are adapted to the needs of each community.<\/strong><\/p>\n    <\/div>\n   <\/div>\n   <div class=\"col-sm-6 colonne colonne2\">\n    <div class=\"colonne_inner  text-left\">\n<p><strong>These solutions are aimed at local inhabitants, who are involved in the elaboration of solutions that are relevant to them.\u202f <\/strong><\/p>\n    <\/div>\n   <\/div>\n  <\/div>\n\n <\/div>\n<\/div>\n\n\n<div id=\"field_pow0a2a1ad6801d49cb\" class=\"container-fluid px-0 flexible_section block_columns\">\n <div id=\"field_pow0a2a1ad6801d49cb_inner\" class=\"container flexible_section_inner\">\n\n  <div class=\"row flexible_section_title_container\"><div class=\"col-12 flexible_section_title_col\"><h2 class=\"flexible_section_title mb-5 text-left  \">Revitalising deprived areas<\/h2><\/div><\/div>\n  <div class=\"row flexible_section_header\"><div class=\"col\"><p>Committed to helping solve regional divide, Groupe SOS is particularly mindful of rural areas and priority neighbourhoods.<\/p>\n<\/div><\/div>\n   <div class=\"row flexible_section_content\">\n\n   <div class=\"mb-3 mb-sm-0 col-sm-4 colonne colonne1\">\n    <div class=\"colonne_inner bordertoprouge text-left\">\n<div class=\"fixedimage\">\n<p><img decoding=\"async\" class=\"alignnone wp-image-168010 size-full\" src=\"https:\/\/www.groupe-sos.org\/wp-content\/uploads\/2022\/11\/1000-cafes.jpg\" alt=\"\" width=\"400\" height=\"285\" srcset=\"https:\/\/www.groupe-sos.org\/wp-content\/uploads\/2022\/11\/1000-cafes.jpg 400w, https:\/\/www.groupe-sos.org\/wp-content\/uploads\/2022\/11\/1000-cafes-300x214.jpg 300w\" sizes=\"(max-width: 400px) 100vw, 400px\" \/><\/p>\n<\/div>\n<h3>1000 caf\u00e9s<\/h3>\n<p>1000 caf\u00e9s&#8217; goal is to open, support and maintain multi-service friendly spaces in communities of less than 3,500 inhabitants that no longer have a caf\u00e9, or are in danger of losing it.<\/p>\n<p><a class=\"lightbluebutton\" href=\"https:\/\/www.1000cafes.org\/\" target=\"_blank\" rel=\"noopener\">Discover<\/a><\/p>\n    <\/div>\n   <\/div>\n   <div class=\"mb-3 mb-sm-0 col-sm-4 colonne colonne2\">\n    <div class=\"colonne_inner bordertopvert text-left\">\n<p><img decoding=\"async\" class=\"alignnone wp-image-168046 size-full\" src=\"https:\/\/www.groupe-sos.org\/wp-content\/uploads\/2022\/11\/Quartiers-cafes.jpg\" alt=\"\" width=\"400\" height=\"285\" srcset=\"https:\/\/www.groupe-sos.org\/wp-content\/uploads\/2022\/11\/Quartiers-cafes.jpg 400w, https:\/\/www.groupe-sos.org\/wp-content\/uploads\/2022\/11\/Quartiers-cafes-300x214.jpg 300w\" sizes=\"(max-width: 400px) 100vw, 400px\" \/><\/p>\n<h3>Quartiers Caf\u00e9s<\/h3>\n<p>The ambition of &#8220;Quartiers Caf\u00e9s&#8221; is to support local businesses in neighbourhoods labelled as priority areas, which have projects or ideas that help develop social ties.<\/p>\n<p><a class=\"lightbluebutton\" href=\"https:\/\/quartierscafes.org\/\" target=\"_blank\" rel=\"noopener\">Discover<\/a><\/p>\n    <\/div>\n   <\/div>\n   <div class=\"col-sm-4 colonne colonne3\">\n    <div class=\"colonne_inner bordertopjaune text-left\">\n<div class=\"fixedimage\">\n<p><img decoding=\"async\" class=\"alignnone wp-image-168012 size-full\" src=\"https:\/\/www.groupe-sos.org\/wp-content\/uploads\/2022\/11\/Abbaye.jpg\" alt=\"\" width=\"400\" height=\"285\" srcset=\"https:\/\/www.groupe-sos.org\/wp-content\/uploads\/2022\/11\/Abbaye.jpg 400w, https:\/\/www.groupe-sos.org\/wp-content\/uploads\/2022\/11\/Abbaye-300x214.jpg 300w\" sizes=\"(max-width: 400px) 100vw, 400px\" \/><\/p>\n<\/div>\n<h3>L\u2019Abbaye de Saint-Sever de Rustan<\/h3>\n<p>The ambition of Groupe SOS for this emblematic heritage site in the northern Hautes-Pyr\u00e9n\u00e9es is to make it a drop-in centre and a place that welcomes initiatives working for the common good, where people come together, share, and create.<\/p>\n    <\/div>\n   <\/div>\n  <\/div>\n\n <\/div>\n<\/div>\n\n\n<div id=\"field_pow9b14e1b905674630\" class=\"container-fluid px-0 flexible_section block_columns\">\n <div id=\"field_pow9b14e1b905674630_inner\" class=\"container flexible_section_inner\">\n\n   <div class=\"row flexible_section_content\">\n\n   <div class=\"mb-3 mb-sm-0 col-sm-4 colonne colonne1\">\n    <div class=\"colonne_inner bordertopbleu text-left\">\n<div class=\"fixedimage\">\n<p><img decoding=\"async\" class=\"alignnone wp-image-168022 size-full\" src=\"https:\/\/www.groupe-sos.org\/wp-content\/uploads\/2022\/11\/Cadalen.jpg\" alt=\"\" width=\"400\" height=\"285\" srcset=\"https:\/\/www.groupe-sos.org\/wp-content\/uploads\/2022\/11\/Cadalen.jpg 400w, https:\/\/www.groupe-sos.org\/wp-content\/uploads\/2022\/11\/Cadalen-300x214.jpg 300w\" sizes=\"(max-width: 400px) 100vw, 400px\" \/><\/p>\n<\/div>\n<h3>L\u2019EHPAD Caf\u00e9 de Cadalen<\/h3>\n<p>In Cadalen (Tarn), a solidarity and citizen caf\u00e9 will open its doors in the Saint-Fran\u00e7ois nursing home, located in the town centre. It will be managed in collaboration with the inhabitants and enlivened by the contributions of local players.<\/p>\n    <\/div>\n   <\/div>\n   <div class=\"mb-3 mb-sm-0 col-sm-4 colonne colonne2\">\n    <div class=\"colonne_inner  text-left\">\n    <\/div>\n   <\/div>\n   <div class=\"col-sm-4 colonne colonne3\">\n    <div class=\"colonne_inner  text-left\">\n    <\/div>\n   <\/div>\n  <\/div>\n\n <\/div>\n<\/div>\n\n\n<div id=\"field_pow143d38283ae44e11\" class=\"container-fluid px-0 flexible_section block_columns\">\n <div id=\"field_pow143d38283ae44e11_inner\" class=\"container flexible_section_inner\">\n\n  <div class=\"row flexible_section_title_container\"><div class=\"col-12 flexible_section_title_col\"><h2 class=\"flexible_section_title mb-5 text-left  \">Responding to new local challenges<\/h2><\/div><\/div>\n  <div class=\"row flexible_section_header\"><div class=\"col\"><p>In a fast-changing society, challenges are always evolving, and each community is faced with specific needs. Groupe SOS assists the transition of regions and local authorities.<\/p>\n<\/div><\/div>\n   <div class=\"row flexible_section_content\">\n\n   <div class=\"mb-3 mb-sm-0 col-sm-4 colonne colonne1\">\n    <div class=\"colonne_inner bordertoprouge text-left\">\n<div class=\"fixedimage\">\n<p><img decoding=\"async\" class=\"alignnone wp-image-168030 size-full\" src=\"https:\/\/www.groupe-sos.org\/wp-content\/uploads\/2022\/11\/Geolink.jpg\" alt=\"\" width=\"400\" height=\"285\" srcset=\"https:\/\/www.groupe-sos.org\/wp-content\/uploads\/2022\/11\/Geolink.jpg 400w, https:\/\/www.groupe-sos.org\/wp-content\/uploads\/2022\/11\/Geolink-300x214.jpg 300w\" sizes=\"(max-width: 400px) 100vw, 400px\" \/><\/p>\n<\/div>\n<h3>Geolink Expansion<\/h3>\n<p>Since 2010, Geolink Expansion has been connecting and supporting local communities and private entrepreneurs to promote their economic development and generate positive sustainable impacts.<\/p>\n<p><a class=\"lightbluebutton\" href=\"https:\/\/geolink-expansion.com\/\" target=\"_blank\" rel=\"noopener\">Discover<\/a><\/p>\n    <\/div>\n   <\/div>\n   <div class=\"mb-3 mb-sm-0 col-sm-4 colonne colonne2\">\n    <div class=\"colonne_inner  text-left\">\n    <\/div>\n   <\/div>\n   <div class=\"col-sm-4 colonne colonne3\">\n    <div class=\"colonne_inner  text-left\">\n    <\/div>\n   <\/div>\n  <\/div>\n\n <\/div>\n<\/div>\n\n\n<div id=\"field_powc2feafdbe41b4702\" class=\"container-fluid px-0 flexible_section block_columns\">\n <div id=\"field_powc2feafdbe41b4702_inner\" class=\"container flexible_section_inner\">\n\n  <div class=\"row flexible_section_title_container\"><div class=\"col-12 flexible_section_title_col\"><h2 class=\"flexible_section_title mb-5 text-left  \">Encouraging citizen engagement<\/h2><\/div><\/div>\n  <div class=\"row flexible_section_header\"><div class=\"col\"><p>An area with a good quality of life can only be built with the people who live and work in it.<\/p>\n<\/div><\/div>\n   <div class=\"row flexible_section_content\">\n\n   <div class=\"mb-3 mb-sm-0 col-sm-4 colonne colonne1\">\n    <div class=\"colonne_inner bordertopvert text-left\">\n<div class=\"fixedimage\">\n<p><img decoding=\"async\" class=\"alignnone wp-image-168034 size-full\" src=\"https:\/\/www.groupe-sos.org\/wp-content\/uploads\/2022\/11\/hacktiv.jpg\" alt=\"\" width=\"400\" height=\"285\" srcset=\"https:\/\/www.groupe-sos.org\/wp-content\/uploads\/2022\/11\/hacktiv.jpg 400w, https:\/\/www.groupe-sos.org\/wp-content\/uploads\/2022\/11\/hacktiv-300x214.jpg 300w\" sizes=\"(max-width: 400px) 100vw, 400px\" \/><\/p>\n<\/div>\n<h3>Hacktiv<\/h3>\n<p>Hacktiv develops citizen engagement, thanks to digital technology, especially via white label platforms for local communities.<\/p>\n<p><a class=\"lightbluebutton\" href=\"https:\/\/hacktiv.org\/\" target=\"_blank\" rel=\"noopener\">Discover<\/a><\/p>\n    <\/div>\n   <\/div>\n   <div class=\"mb-3 mb-sm-0 col-sm-4 colonne colonne2\">\n    <div class=\"colonne_inner bordertopjaune text-left\">\n<div class=\"fixedimage\">\n<p><img decoding=\"async\" class=\"alignnone wp-image-168048 size-full\" src=\"https:\/\/www.groupe-sos.org\/wp-content\/uploads\/2022\/11\/simple-maps.jpg\" alt=\"\" width=\"400\" height=\"285\" srcset=\"https:\/\/www.groupe-sos.org\/wp-content\/uploads\/2022\/11\/simple-maps.jpg 400w, https:\/\/www.groupe-sos.org\/wp-content\/uploads\/2022\/11\/simple-maps-300x214.jpg 300w\" sizes=\"(max-width: 400px) 100vw, 400px\" \/><\/p>\n<\/div>\n<h3>Simple Maps<\/h3>\n<p>Simple Maps is a digital platform enabling the rediscovery of the richness of local cultural and natural heritage, as well as the know-hows and products of local artisans, storekeepers and farmers.<\/p>\n<p><a class=\"lightbluebutton\" href=\"https:\/\/www.simplemaps.fr\/\" target=\"_blank\" rel=\"noopener\">Discover<\/a><\/p>\n    <\/div>\n   <\/div>\n   <div class=\"col-sm-4 colonne colonne3\">\n    <div class=\"colonne_inner  text-left\">\n    <\/div>\n   <\/div>\n  <\/div>\n\n <\/div>\n<\/div>\n","protected":false},"excerpt":{"rendered":"<p>Cr\u00e9ation ou reprise de lieux, soutien et accompagnement d\u2019initiatives, cr\u00e9ation d\u2019outils num\u00e9riques : Groupe SOS Transition \u00e9cologique et territoires d\u00e9veloppe des modes d\u2019action adapt\u00e9s aux besoins de chaque collectivit\u00e9. Ces solutions s\u2019adressent aux\u202fhabitant\u00b7e\u00b7s\u202fdes territoires et les impliquent dans la construction de ces solutions qui les concernent.\u202f<\/p>\n","protected":false},"author":1,"featured_media":0,"parent":174826,"menu_order":191,"comment_status":"closed","ping_status":"closed","template":"page-flexipow.php","meta":{"_acf_changed":false,"footnotes":""},"secteur":[],"class_list":["post-174849","page","type-page","status-publish","hentry"],"acf":[],"yoast_head":"<!-- This site is optimized with the Yoast SEO plugin v27.4 - https:\/\/yoast.com\/product\/yoast-seo-wordpress\/ -->\n<title>Local Action - Groupe SOS<\/title>\n<meta name=\"description\" content=\"Cr\u00e9ation ou reprise de lieux, soutien et accompagnement d\u2019initiatives, cr\u00e9ation d\u2019outils num\u00e9riques : Groupe SOS Transition \u00e9cologique et territoires d\u00e9veloppe des modes d\u2019action adapt\u00e9s aux besoins de chaque collectivit\u00e9. Ces solutions s\u2019adressent aux\u202fhabitant\u00b7e\u00b7s\u202fdes territoires et les impliquent dans la construction de ces solutions qui les concernent.\u202f\" \/>\n<meta name=\"robots\" content=\"index, follow, max-snippet:-1, max-image-preview:large, max-video-preview:-1\" \/>\n<link rel=\"canonical\" href=\"https:\/\/www.groupe-sos.org\/en\/environmental-transition-and-local-action\/local-action\/\" \/>\n<meta property=\"og:locale\" content=\"en_US\" \/>\n<meta property=\"og:type\" content=\"article\" \/>\n<meta property=\"og:title\" content=\"Local Action - Groupe SOS\" \/>\n<meta property=\"og:description\" content=\"Cr\u00e9ation ou reprise de lieux, soutien et accompagnement d\u2019initiatives, cr\u00e9ation d\u2019outils num\u00e9riques : Groupe SOS Transition \u00e9cologique et territoires d\u00e9veloppe des modes d\u2019action adapt\u00e9s aux besoins de chaque collectivit\u00e9. Ces solutions s\u2019adressent aux\u202fhabitant\u00b7e\u00b7s\u202fdes territoires et les impliquent dans la construction de ces solutions qui les concernent.\u202f\" \/>\n<meta property=\"og:url\" content=\"https:\/\/www.groupe-sos.org\/en\/environmental-transition-and-local-action\/local-action\/\" \/>\n<meta property=\"og:site_name\" content=\"Groupe SOS\" \/>\n<meta property=\"article:publisher\" content=\"https:\/\/www.facebook.com\/GroupeSOS\/\" \/>\n<meta property=\"article:modified_time\" content=\"2023-08-02T12:39:57+00:00\" \/>\n<meta name=\"twitter:card\" content=\"summary_large_image\" \/>\n<meta name=\"twitter:site\" content=\"@groupesos\" \/>\n<script type=\"application\/ld+json\" class=\"yoast-schema-graph\">{\"@context\":\"https:\\\/\\\/schema.org\",\"@graph\":[{\"@type\":\"WebPage\",\"@id\":\"https:\\\/\\\/www.groupe-sos.org\\\/en\\\/environmental-transition-and-local-action\\\/local-action\\\/\",\"url\":\"https:\\\/\\\/www.groupe-sos.org\\\/en\\\/environmental-transition-and-local-action\\\/local-action\\\/\",\"name\":\"Local Action - Groupe SOS\",\"isPartOf\":{\"@id\":\"https:\\\/\\\/www.groupe-sos.org\\\/en\\\/#website\"},\"datePublished\":\"2023-03-01T13:49:10+00:00\",\"dateModified\":\"2023-08-02T12:39:57+00:00\",\"description\":\"Cr\u00e9ation ou reprise de lieux, soutien et accompagnement d\u2019initiatives, cr\u00e9ation d\u2019outils num\u00e9riques : Groupe SOS Transition \u00e9cologique et territoires d\u00e9veloppe des modes d\u2019action adapt\u00e9s aux besoins de chaque collectivit\u00e9. Ces solutions s\u2019adressent aux\u202fhabitant\u00b7e\u00b7s\u202fdes territoires et les impliquent dans la construction de ces solutions qui les concernent.\u202f\",\"breadcrumb\":{\"@id\":\"https:\\\/\\\/www.groupe-sos.org\\\/en\\\/environmental-transition-and-local-action\\\/local-action\\\/#breadcrumb\"},\"inLanguage\":\"en-US\",\"potentialAction\":[{\"@type\":\"ReadAction\",\"target\":[\"https:\\\/\\\/www.groupe-sos.org\\\/en\\\/environmental-transition-and-local-action\\\/local-action\\\/\"]}]},{\"@type\":\"BreadcrumbList\",\"@id\":\"https:\\\/\\\/www.groupe-sos.org\\\/en\\\/environmental-transition-and-local-action\\\/local-action\\\/#breadcrumb\",\"itemListElement\":[{\"@type\":\"ListItem\",\"position\":1,\"name\":\"Home\",\"item\":\"https:\\\/\\\/www.groupe-sos.org\\\/en\\\/\"},{\"@type\":\"ListItem\",\"position\":2,\"name\":\"Environmental Transition and Local Action\",\"item\":\"https:\\\/\\\/www.groupe-sos.org\\\/en\\\/environmental-transition-and-local-action\\\/\"},{\"@type\":\"ListItem\",\"position\":3,\"name\":\"Local Action\"}]},{\"@type\":\"WebSite\",\"@id\":\"https:\\\/\\\/www.groupe-sos.org\\\/en\\\/#website\",\"url\":\"https:\\\/\\\/www.groupe-sos.org\\\/en\\\/\",\"name\":\"Groupe SOS Entreprendre au profit de tous\",\"description\":\"Entreprendre au profit de tous\",\"publisher\":{\"@id\":\"https:\\\/\\\/www.groupe-sos.org\\\/en\\\/#organization\"},\"alternateName\":\"Groupe SOS\",\"potentialAction\":[{\"@type\":\"SearchAction\",\"target\":{\"@type\":\"EntryPoint\",\"urlTemplate\":\"https:\\\/\\\/www.groupe-sos.org\\\/en\\\/?s={search_term_string}\"},\"query-input\":{\"@type\":\"PropertyValueSpecification\",\"valueRequired\":true,\"valueName\":\"search_term_string\"}}],\"inLanguage\":\"en-US\"},{\"@type\":\"Organization\",\"@id\":\"https:\\\/\\\/www.groupe-sos.org\\\/en\\\/#organization\",\"name\":\"Groupe SOS\",\"alternateName\":\"Entreprendre au profit de tous\",\"url\":\"https:\\\/\\\/www.groupe-sos.org\\\/en\\\/\",\"logo\":{\"@type\":\"ImageObject\",\"inLanguage\":\"en-US\",\"@id\":\"https:\\\/\\\/www.groupe-sos.org\\\/en\\\/#\\\/schema\\\/logo\\\/image\\\/\",\"url\":\"https:\\\/\\\/www.groupe-sos.org\\\/wp-content\\\/uploads\\\/2022\\\/06\\\/groupe-sos-logo-1.png\",\"contentUrl\":\"https:\\\/\\\/www.groupe-sos.org\\\/wp-content\\\/uploads\\\/2022\\\/06\\\/groupe-sos-logo-1.png\",\"width\":300,\"height\":60,\"caption\":\"Groupe SOS\"},\"image\":{\"@id\":\"https:\\\/\\\/www.groupe-sos.org\\\/en\\\/#\\\/schema\\\/logo\\\/image\\\/\"},\"sameAs\":[\"https:\\\/\\\/www.facebook.com\\\/GroupeSOS\\\/\",\"https:\\\/\\\/x.com\\\/groupesos\",\"https:\\\/\\\/www.instagram.com\\\/groupe_sos\\\/\",\"https:\\\/\\\/www.linkedin.com\\\/company\\\/groupe-sos\\\/?originalSubdomain=fr\"]}]}<\/script>\n<!-- \/ Yoast SEO plugin. -->","yoast_head_json":{"title":"Local Action - Groupe SOS","description":"Cr\u00e9ation ou reprise de lieux, soutien et accompagnement d\u2019initiatives, cr\u00e9ation d\u2019outils num\u00e9riques : Groupe SOS Transition \u00e9cologique et territoires d\u00e9veloppe des modes d\u2019action adapt\u00e9s aux besoins de chaque collectivit\u00e9. Ces solutions s\u2019adressent aux\u202fhabitant\u00b7e\u00b7s\u202fdes territoires et les impliquent dans la construction de ces solutions qui les concernent.\u202f","robots":{"index":"index","follow":"follow","max-snippet":"max-snippet:-1","max-image-preview":"max-image-preview:large","max-video-preview":"max-video-preview:-1"},"canonical":"https:\/\/www.groupe-sos.org\/en\/environmental-transition-and-local-action\/local-action\/","og_locale":"en_US","og_type":"article","og_title":"Local Action - Groupe SOS","og_description":"Cr\u00e9ation ou reprise de lieux, soutien et accompagnement d\u2019initiatives, cr\u00e9ation d\u2019outils num\u00e9riques : Groupe SOS Transition \u00e9cologique et territoires d\u00e9veloppe des modes d\u2019action adapt\u00e9s aux besoins de chaque collectivit\u00e9. Ces solutions s\u2019adressent aux\u202fhabitant\u00b7e\u00b7s\u202fdes territoires et les impliquent dans la construction de ces solutions qui les concernent.\u202f","og_url":"https:\/\/www.groupe-sos.org\/en\/environmental-transition-and-local-action\/local-action\/","og_site_name":"Groupe SOS","article_publisher":"https:\/\/www.facebook.com\/GroupeSOS\/","article_modified_time":"2023-08-02T12:39:57+00:00","twitter_card":"summary_large_image","twitter_site":"@groupesos","schema":{"@context":"https:\/\/schema.org","@graph":[{"@type":"WebPage","@id":"https:\/\/www.groupe-sos.org\/en\/environmental-transition-and-local-action\/local-action\/","url":"https:\/\/www.groupe-sos.org\/en\/environmental-transition-and-local-action\/local-action\/","name":"Local Action - Groupe SOS","isPartOf":{"@id":"https:\/\/www.groupe-sos.org\/en\/#website"},"datePublished":"2023-03-01T13:49:10+00:00","dateModified":"2023-08-02T12:39:57+00:00","description":"Cr\u00e9ation ou reprise de lieux, soutien et accompagnement d\u2019initiatives, cr\u00e9ation d\u2019outils num\u00e9riques : Groupe SOS Transition \u00e9cologique et territoires d\u00e9veloppe des modes d\u2019action adapt\u00e9s aux besoins de chaque collectivit\u00e9. Ces solutions s\u2019adressent aux\u202fhabitant\u00b7e\u00b7s\u202fdes territoires et les impliquent dans la construction de ces solutions qui les concernent.\u202f","breadcrumb":{"@id":"https:\/\/www.groupe-sos.org\/en\/environmental-transition-and-local-action\/local-action\/#breadcrumb"},"inLanguage":"en-US","potentialAction":[{"@type":"ReadAction","target":["https:\/\/www.groupe-sos.org\/en\/environmental-transition-and-local-action\/local-action\/"]}]},{"@type":"BreadcrumbList","@id":"https:\/\/www.groupe-sos.org\/en\/environmental-transition-and-local-action\/local-action\/#breadcrumb","itemListElement":[{"@type":"ListItem","position":1,"name":"Home","item":"https:\/\/www.groupe-sos.org\/en\/"},{"@type":"ListItem","position":2,"name":"Environmental Transition and Local Action","item":"https:\/\/www.groupe-sos.org\/en\/environmental-transition-and-local-action\/"},{"@type":"ListItem","position":3,"name":"Local Action"}]},{"@type":"WebSite","@id":"https:\/\/www.groupe-sos.org\/en\/#website","url":"https:\/\/www.groupe-sos.org\/en\/","name":"Groupe SOS Entreprendre au profit de tous","description":"Entreprendre au profit de tous","publisher":{"@id":"https:\/\/www.groupe-sos.org\/en\/#organization"},"alternateName":"Groupe SOS","potentialAction":[{"@type":"SearchAction","target":{"@type":"EntryPoint","urlTemplate":"https:\/\/www.groupe-sos.org\/en\/?s={search_term_string}"},"query-input":{"@type":"PropertyValueSpecification","valueRequired":true,"valueName":"search_term_string"}}],"inLanguage":"en-US"},{"@type":"Organization","@id":"https:\/\/www.groupe-sos.org\/en\/#organization","name":"Groupe SOS","alternateName":"Entreprendre au profit de tous","url":"https:\/\/www.groupe-sos.org\/en\/","logo":{"@type":"ImageObject","inLanguage":"en-US","@id":"https:\/\/www.groupe-sos.org\/en\/#\/schema\/logo\/image\/","url":"https:\/\/www.groupe-sos.org\/wp-content\/uploads\/2022\/06\/groupe-sos-logo-1.png","contentUrl":"https:\/\/www.groupe-sos.org\/wp-content\/uploads\/2022\/06\/groupe-sos-logo-1.png","width":300,"height":60,"caption":"Groupe SOS"},"image":{"@id":"https:\/\/www.groupe-sos.org\/en\/#\/schema\/logo\/image\/"},"sameAs":["https:\/\/www.facebook.com\/GroupeSOS\/","https:\/\/x.com\/groupesos","https:\/\/www.instagram.com\/groupe_sos\/","https:\/\/www.linkedin.com\/company\/groupe-sos\/?originalSubdomain=fr"]}]}},"_links":{"self":[{"href":"https:\/\/www.groupe-sos.org\/en\/wp-json\/wp\/v2\/pages\/174849","targetHints":{"allow":["GET"]}}],"collection":[{"href":"https:\/\/www.groupe-sos.org\/en\/wp-json\/wp\/v2\/pages"}],"about":[{"href":"https:\/\/www.groupe-sos.org\/en\/wp-json\/wp\/v2\/types\/page"}],"author":[{"embeddable":true,"href":"https:\/\/www.groupe-sos.org\/en\/wp-json\/wp\/v2\/users\/1"}],"replies":[{"embeddable":true,"href":"https:\/\/www.groupe-sos.org\/en\/wp-json\/wp\/v2\/comments?post=174849"}],"version-history":[{"count":8,"href":"https:\/\/www.groupe-sos.org\/en\/wp-json\/wp\/v2\/pages\/174849\/revisions"}],"predecessor-version":[{"id":178926,"href":"https:\/\/www.groupe-sos.org\/en\/wp-json\/wp\/v2\/pages\/174849\/revisions\/178926"}],"up":[{"embeddable":true,"href":"https:\/\/www.groupe-sos.org\/en\/wp-json\/wp\/v2\/pages\/174826"}],"wp:attachment":[{"href":"https:\/\/www.groupe-sos.org\/en\/wp-json\/wp\/v2\/media?parent=174849"}],"wp:term":[{"taxonomy":"secteur","embeddable":true,"href":"https:\/\/www.groupe-sos.org\/en\/wp-json\/wp\/v2\/secteur?post=174849"}],"curies":[{"name":"wp","href":"https:\/\/api.w.org\/{rel}","templated":true}]}}