{"id":178980,"date":"2022-12-06T14:11:27","date_gmt":"2022-12-06T13:11:27","guid":{"rendered":"https:\/\/www.groupe-sos.org\/les-personnes-vulnerables\/personnes-necessitant-des-soins\/soins-a-domicile\/"},"modified":"2023-08-04T10:20:20","modified_gmt":"2023-08-04T08:20:20","slug":"soins-a-domicile","status":"publish","type":"page","link":"https:\/\/www.groupe-sos.org\/en\/les-personnes-vulnerables\/personnes-necessitant-des-soins\/soins-a-domicile\/","title":{"rendered":"Home care"},"content":{"rendered":"<div id=\"field_pow04208eda59fd4515\" class=\"container-fluid px-0 flexible_section heropages heropages block_hero\">\n  <div id=\"hero_pow04208eda59fd4515\" class=\"hero_container px-0\">\n   <div class=\"hero_image_outer\">\n    <img decoding=\"async\" src=\"https:\/\/www.groupe-sos.org\/wp-content\/uploads\/2022\/12\/PV_2_Soins_a_domicile-3.jpg\" alt=\"\" class=\"heroimage \" \/>\n   <\/div>\n  <\/div>\n<\/div>\n\n\n<div id=\"field_pow768679533a55410a\" class=\"container-fluid px-0 flexible_section block_columns\">\n <div id=\"field_pow768679533a55410a_inner\" class=\"container flexible_section_inner\">\n\n   <div class=\"row flexible_section_content\">\n\n   <div class=\"p-5 col-sm-12 colonne colonne1\">\n    <div class=\"colonne_inner  text-left\">\n<h3><span class=\"TextRun SCXW5211087 BCX0\" lang=\"EN-GB\" xml:lang=\"EN-GB\"><span class=\"NormalTextRun SCXW5211087 BCX0\">People in need of <\/span><span class=\"NormalTextRun SCXW5211087 BCX0\">health<\/span><span class=\"NormalTextRun SCXW5211087 BCX0\">care<\/span><\/span><span class=\"EOP SCXW5211087 BCX0\">\u00a0<\/span><\/h3>\n<h1><span class=\"NormalTextRun SCXW259466402 BCX0\">Home <\/span><span class=\"NormalTextRun SCXW259466402 BCX0\">care<\/span><\/h1>\n    <\/div>\n   <\/div>\n  <\/div>\n\n <\/div>\n<\/div>\n\n\n<div id=\"field_powd3e6a89f332c4d29\" class=\"container-fluid px-0 flexible_section block_breadcrumb\">\n <div id=\"field_powd3e6a89f332c4d29_inner\" class=\"container flexible_section_inner\">\n\n  <div class=\"row flexible_section_content\">\n\n   <div class=\"breadcrumb_outer\" id=\"breadcrumb_powd3e6a89f332c4d29\">\n\n   <nav aria-label=\"breadcrumb\" id=\"breadcrumb_powd3e6a89f332c4d29_nav\">\n    <ol class=\"breadcrumb\">\n<li class=\"breadcrumb-item\"><a href=\"https:\/\/www.groupe-sos.org\/en\/les-personnes-vulnerables\/\" class=\"Forthemostvulnerable \">For the most vulnerable<\/a><\/li>\n<li class=\"breadcrumb-item\"><a href=\"https:\/\/www.groupe-sos.org\/en\/les-personnes-vulnerables\/personnes-necessitant-des-soins\/\" class=\"Peopleinneedofhealthcare \">People in need of healthcare<\/a><\/li>\n<li class=\"breadcrumb-item active\" aria-current=\"page\">Home care<\/li>\n      <\/ol>\n   <\/nav>\n\n   <\/div>\n\n  <\/div>\n\n <\/div>\n<\/div>\n\n\n<div id=\"field_powa8d425c9113b497b\" class=\"container-fluid px-0 flexible_section block_columns\">\n <div id=\"field_powa8d425c9113b497b_inner\" class=\"container flexible_section_inner\">\n\n   <div class=\"row flexible_section_content\">\n\n   <div class=\"mb-3 mb-sm-0 col-sm-6 colonne colonne1\">\n    <div class=\"colonne_inner  text-left\">\n<p><span class=\"TextRun SCXW234109448 BCX0\" lang=\"EN-GB\" xml:lang=\"EN-GB\"><span class=\"NormalTextRun SCXW234109448 BCX0\">Groupe SOS <\/span><span class=\"NormalTextRun SpellingErrorV2Themed SCXW234109448 BCX0\">Sant\u00e9<\/span><span class=\"NormalTextRun SCXW234109448 BCX0\"> has also developed a solid <\/span><span class=\"NormalTextRun SCXW234109448 BCX0\">expertise<\/span><span class=\"NormalTextRun SCXW234109448 BCX0\"> in medical and social <\/span><span class=\"NormalTextRun SCXW234109448 BCX0\">assistance<\/span><span class=\"NormalTextRun SCXW234109448 BCX0\"> at home. Through our Home Nursing Services, we provide nursing care services that include technical care (injections, dressings, etc.) and basic and relational care (<\/span><span class=\"NormalTextRun SCXW234109448 BCX0\">assistance<\/span><span class=\"NormalTextRun SCXW234109448 BCX0\"> with washing, mobility, etc.).<\/span><\/span><\/p>\n    <\/div>\n   <\/div>\n   <div class=\"col-sm-6 colonne colonne2\">\n    <div class=\"colonne_inner  text-left\">\n<p><span class=\"TextRun SCXW15940371 BCX0\" lang=\"EN-GB\" xml:lang=\"EN-GB\"><span class=\"NormalTextRun SCXW15940371 BCX0\">This service is triggered by medical prescription and after evaluation by the service, for a renewable period of three months. <\/span><span class=\"NormalTextRun SCXW15940371 BCX0\">It can<\/span><span class=\"NormalTextRun SCXW15940371 BCX0\"> help prevent or postpone the admission to a hospital or residential facility.<\/span><\/span><\/p>\n    <\/div>\n   <\/div>\n  <\/div>\n\n <\/div>\n<\/div>\n\n\n<div id=\"field_powe75d778f58624816\" class=\"container-fluid px-0 flexible_section block_adaptativetextandimage\">\n <div id=\"field_powe75d778f58624816_inner\" class=\"container flexible_section_inner\">\n\n   <div class=\"row no-gutters flexible_section_content adaptativeimage  bordertopvert bordertopvert\" id=\"textimagebanner_powe75d778f58624816\">\n\n   <div class=\"col-12 col-sm-7 order-2 order-sm-2 colonne colonne1 colonne1_powe75d778f58624816\">\n    <div class=\"colonne_inner text-left justify-content-start\">\n<h3><span class=\"TextRun SCXW1411894 BCX0\" lang=\"EN-GB\" xml:lang=\"EN-GB\"><span class=\"NormalTextRun SCXW1411894 BCX0\">Innovating <\/span><span class=\"NormalTextRun SCXW1411894 BCX0\">in<\/span><span class=\"NormalTextRun SCXW1411894 BCX0\"> home <\/span><span class=\"NormalTextRun SCXW1411894 BCX0\">care<\/span><span class=\"NormalTextRun SCXW1411894 BCX0\">: the example of mental disorders<\/span><\/span><\/h3>\n<p><span class=\"TextRun SCXW257229540 BCX0\" lang=\"EN-GB\" xml:lang=\"EN-GB\"><span class=\"NormalTextRun SCXW257229540 BCX0\">The situation of people suffering from mental disorders in France is alarming: 15% of people aged 10 to 20 require follow-up or psychiatric care. Mental disorders <\/span><span class=\"NormalTextRun SCXW257229540 BCX0\">represent<\/span><span class=\"NormalTextRun SCXW257229540 BCX0\"> the biggest expense for the general health insurance system by pathology, while the demand for care is constantly increasing. In response to this situation, Groupe SOS and the GCSMS Coordination Marseillaise <\/span><span class=\"NormalTextRun SpellingErrorV2Themed SCXW257229540 BCX0\">Sant\u00e9<\/span> <span class=\"NormalTextRun SpellingErrorV2Themed SCXW257229540 BCX0\">Mentale<\/span><span class=\"NormalTextRun SCXW257229540 BCX0\"> et Habitat have developed an experimental project, entitled <\/span><span class=\"NormalTextRun SCXW257229540 BCX0\">Suivi<\/span> <span class=\"NormalTextRun SpellingErrorV2Themed SCXW257229540 BCX0\">Intensif<\/span><span class=\"NormalTextRun SCXW257229540 BCX0\"> pour <\/span><span class=\"NormalTextRun SpellingErrorV2Themed SCXW257229540 BCX0\">l&#8217;Inclusion<\/span> <span class=\"NormalTextRun SCXW257229540 BCX0\">Sociale<\/span><span class=\"NormalTextRun SCXW257229540 BCX0\"> &#8211; <\/span><span class=\"NormalTextRun SpellingErrorV2Themed SCXW257229540 BCX0\">Sant\u00e9<\/span> <span class=\"NormalTextRun SpellingErrorV2Themed SCXW257229540 BCX0\">Mentale<\/span><span class=\"NormalTextRun SCXW257229540 BCX0\"> (Intensive Monitoring for Social Inclusion &#8211; Mental Health), financed by the <\/span><span class=\"NormalTextRun SCXW257229540 BCX0\">CNAM (<\/span><span class=\"NormalTextRun SCXW257229540 BCX0\">French National Health Insurance<\/span><span class=\"NormalTextRun SCXW257229540 BCX0\">)<\/span><span class=\"NormalTextRun SCXW257229540 BCX0\"> and the <\/span><span class=\"NormalTextRun SCXW257229540 BCX0\">ARS<\/span><span class=\"NormalTextRun SCXW257229540 BCX0\"> (<\/span><span class=\"NormalTextRun SCXW257229540 BCX0\">French Regional Health Agency<\/span><span class=\"NormalTextRun SCXW257229540 BCX0\">).<\/span><span class=\"NormalTextRun SCXW257229540 BCX0\"> The <\/span><span class=\"NormalTextRun SCXW257229540 BCX0\">goal is<\/span> <span class=\"NormalTextRun SCXW257229540 BCX0\">to improve treatment<\/span><span class=\"NormalTextRun SCXW257229540 BCX0\"> through<\/span> <span class=\"NormalTextRun SCXW257229540 BCX0\">home <\/span><span class=\"NormalTextRun SCXW257229540 BCX0\">care and support<\/span><span class=\"NormalTextRun SCXW257229540 BCX0\">. This is a first in France<\/span><span class=\"NormalTextRun SCXW257229540 BCX0\"> a<\/span><span class=\"NormalTextRun SCXW257229540 BCX0\">nd should eventually free up hospital beds and reduce the costs of recovery.<\/span><\/span><span class=\"EOP SCXW257229540 BCX0\">\u00a0<\/span><\/p>\n<p><a class=\"lightbluebutton\" href=\"https:\/\/www.groupe-sos.org\/actualites\/troubles-psychiques-un-accompagnement-a-domicile-pour-ameliorer-les-soins\/\">Learn more\u202f<\/a><\/p>\n    <\/div>\n   <\/div>\n   <div class=\"col-12 col-sm-5 order-1 order-sm-1 colonne colonne2 colonne2_powe75d778f58624816\">\n   <\/div>\n  <\/div>\n\n <\/div>\n<\/div>\n","protected":false},"excerpt":{"rendered":"<p>Le Groupe SOS a d\u00e9velopp\u00e9 une expertise solide d\u2019aide m\u00e9dico-sociale \u00e0 domicile. \u00c0 travers nos Services de soins infirmiers \u00e0 domicile (SSIAD), nous assurons une prestation de soins infirmiers int\u00e9grant des soins techniques (injections, pansements\u2026) et des soins de base et relationnels (aide \u00e0 la toilette, aide \u00e0 la mobilisation\u2026). <\/p>\n","protected":false},"author":1,"featured_media":0,"parent":178968,"menu_order":217,"comment_status":"closed","ping_status":"closed","template":"page-templates\/page-poles.php","meta":{"_acf_changed":false,"footnotes":""},"secteur":[],"class_list":["post-178980","page","type-page","status-publish","hentry"],"acf":[],"yoast_head":"<!-- This site is optimized with the Yoast SEO plugin v27.4 - https:\/\/yoast.com\/product\/yoast-seo-wordpress\/ -->\n<title>Home care - Groupe SOS<\/title>\n<meta name=\"description\" content=\"Le Groupe SOS a d\u00e9velopp\u00e9 une expertise solide d\u2019aide m\u00e9dico-sociale \u00e0 domicile. \u00c0 travers nos Services de soins infirmiers \u00e0 domicile (SSIAD), nous assurons une prestation de soins infirmiers int\u00e9grant des soins techniques (injections, pansements\u2026) et des soins de base et relationnels (aide \u00e0 la toilette, aide \u00e0 la mobilisation\u2026).\" \/>\n<meta name=\"robots\" content=\"index, follow, max-snippet:-1, max-image-preview:large, max-video-preview:-1\" \/>\n<link rel=\"canonical\" href=\"https:\/\/www.groupe-sos.org\/en\/les-personnes-vulnerables\/personnes-necessitant-des-soins\/soins-a-domicile\/\" \/>\n<meta property=\"og:locale\" content=\"en_US\" \/>\n<meta property=\"og:type\" content=\"article\" \/>\n<meta property=\"og:title\" content=\"Home care - Groupe SOS\" \/>\n<meta property=\"og:description\" content=\"Le Groupe SOS a d\u00e9velopp\u00e9 une expertise solide d\u2019aide m\u00e9dico-sociale \u00e0 domicile. \u00c0 travers nos Services de soins infirmiers \u00e0 domicile (SSIAD), nous assurons une prestation de soins infirmiers int\u00e9grant des soins techniques (injections, pansements\u2026) et des soins de base et relationnels (aide \u00e0 la toilette, aide \u00e0 la mobilisation\u2026).\" \/>\n<meta property=\"og:url\" content=\"https:\/\/www.groupe-sos.org\/en\/les-personnes-vulnerables\/personnes-necessitant-des-soins\/soins-a-domicile\/\" \/>\n<meta property=\"og:site_name\" content=\"Groupe SOS\" \/>\n<meta property=\"article:publisher\" content=\"https:\/\/www.facebook.com\/GroupeSOS\/\" \/>\n<meta property=\"article:modified_time\" content=\"2023-08-04T08:20:20+00:00\" \/>\n<meta name=\"twitter:card\" content=\"summary_large_image\" \/>\n<meta name=\"twitter:site\" content=\"@groupesos\" \/>\n<script type=\"application\/ld+json\" class=\"yoast-schema-graph\">{\"@context\":\"https:\\\/\\\/schema.org\",\"@graph\":[{\"@type\":\"WebPage\",\"@id\":\"https:\\\/\\\/www.groupe-sos.org\\\/en\\\/les-personnes-vulnerables\\\/personnes-necessitant-des-soins\\\/soins-a-domicile\\\/\",\"url\":\"https:\\\/\\\/www.groupe-sos.org\\\/en\\\/les-personnes-vulnerables\\\/personnes-necessitant-des-soins\\\/soins-a-domicile\\\/\",\"name\":\"Home care - Groupe SOS\",\"isPartOf\":{\"@id\":\"https:\\\/\\\/www.groupe-sos.org\\\/en\\\/#website\"},\"datePublished\":\"2022-12-06T13:11:27+00:00\",\"dateModified\":\"2023-08-04T08:20:20+00:00\",\"description\":\"Le Groupe SOS a d\u00e9velopp\u00e9 une expertise solide d\u2019aide m\u00e9dico-sociale \u00e0 domicile. \u00c0 travers nos Services de soins infirmiers \u00e0 domicile (SSIAD), nous assurons une prestation de soins infirmiers int\u00e9grant des soins techniques (injections, pansements\u2026) et des soins de base et relationnels (aide \u00e0 la toilette, aide \u00e0 la mobilisation\u2026).\",\"breadcrumb\":{\"@id\":\"https:\\\/\\\/www.groupe-sos.org\\\/en\\\/les-personnes-vulnerables\\\/personnes-necessitant-des-soins\\\/soins-a-domicile\\\/#breadcrumb\"},\"inLanguage\":\"en-US\",\"potentialAction\":[{\"@type\":\"ReadAction\",\"target\":[\"https:\\\/\\\/www.groupe-sos.org\\\/en\\\/les-personnes-vulnerables\\\/personnes-necessitant-des-soins\\\/soins-a-domicile\\\/\"]}]},{\"@type\":\"BreadcrumbList\",\"@id\":\"https:\\\/\\\/www.groupe-sos.org\\\/en\\\/les-personnes-vulnerables\\\/personnes-necessitant-des-soins\\\/soins-a-domicile\\\/#breadcrumb\",\"itemListElement\":[{\"@type\":\"ListItem\",\"position\":1,\"name\":\"Home\",\"item\":\"https:\\\/\\\/www.groupe-sos.org\\\/en\\\/\"},{\"@type\":\"ListItem\",\"position\":2,\"name\":\"For the most vulnerable\",\"item\":\"https:\\\/\\\/www.groupe-sos.org\\\/en\\\/les-personnes-vulnerables\\\/\"},{\"@type\":\"ListItem\",\"position\":3,\"name\":\"People in need of healthcare\",\"item\":\"https:\\\/\\\/www.groupe-sos.org\\\/en\\\/les-personnes-vulnerables\\\/personnes-necessitant-des-soins\\\/\"},{\"@type\":\"ListItem\",\"position\":4,\"name\":\"Home care\"}]},{\"@type\":\"WebSite\",\"@id\":\"https:\\\/\\\/www.groupe-sos.org\\\/en\\\/#website\",\"url\":\"https:\\\/\\\/www.groupe-sos.org\\\/en\\\/\",\"name\":\"Groupe SOS Entreprendre au profit de tous\",\"description\":\"Entreprendre au profit de tous\",\"publisher\":{\"@id\":\"https:\\\/\\\/www.groupe-sos.org\\\/en\\\/#organization\"},\"alternateName\":\"Groupe SOS\",\"potentialAction\":[{\"@type\":\"SearchAction\",\"target\":{\"@type\":\"EntryPoint\",\"urlTemplate\":\"https:\\\/\\\/www.groupe-sos.org\\\/en\\\/?s={search_term_string}\"},\"query-input\":{\"@type\":\"PropertyValueSpecification\",\"valueRequired\":true,\"valueName\":\"search_term_string\"}}],\"inLanguage\":\"en-US\"},{\"@type\":\"Organization\",\"@id\":\"https:\\\/\\\/www.groupe-sos.org\\\/en\\\/#organization\",\"name\":\"Groupe SOS\",\"alternateName\":\"Entreprendre au profit de tous\",\"url\":\"https:\\\/\\\/www.groupe-sos.org\\\/en\\\/\",\"logo\":{\"@type\":\"ImageObject\",\"inLanguage\":\"en-US\",\"@id\":\"https:\\\/\\\/www.groupe-sos.org\\\/en\\\/#\\\/schema\\\/logo\\\/image\\\/\",\"url\":\"https:\\\/\\\/www.groupe-sos.org\\\/wp-content\\\/uploads\\\/2022\\\/06\\\/groupe-sos-logo-1.png\",\"contentUrl\":\"https:\\\/\\\/www.groupe-sos.org\\\/wp-content\\\/uploads\\\/2022\\\/06\\\/groupe-sos-logo-1.png\",\"width\":300,\"height\":60,\"caption\":\"Groupe SOS\"},\"image\":{\"@id\":\"https:\\\/\\\/www.groupe-sos.org\\\/en\\\/#\\\/schema\\\/logo\\\/image\\\/\"},\"sameAs\":[\"https:\\\/\\\/www.facebook.com\\\/GroupeSOS\\\/\",\"https:\\\/\\\/x.com\\\/groupesos\",\"https:\\\/\\\/www.instagram.com\\\/groupe_sos\\\/\",\"https:\\\/\\\/www.linkedin.com\\\/company\\\/groupe-sos\\\/?originalSubdomain=fr\"]}]}<\/script>\n<!-- \/ Yoast SEO plugin. -->","yoast_head_json":{"title":"Home care - Groupe SOS","description":"Le Groupe SOS a d\u00e9velopp\u00e9 une expertise solide d\u2019aide m\u00e9dico-sociale \u00e0 domicile. \u00c0 travers nos Services de soins infirmiers \u00e0 domicile (SSIAD), nous assurons une prestation de soins infirmiers int\u00e9grant des soins techniques (injections, pansements\u2026) et des soins de base et relationnels (aide \u00e0 la toilette, aide \u00e0 la mobilisation\u2026).","robots":{"index":"index","follow":"follow","max-snippet":"max-snippet:-1","max-image-preview":"max-image-preview:large","max-video-preview":"max-video-preview:-1"},"canonical":"https:\/\/www.groupe-sos.org\/en\/les-personnes-vulnerables\/personnes-necessitant-des-soins\/soins-a-domicile\/","og_locale":"en_US","og_type":"article","og_title":"Home care - Groupe SOS","og_description":"Le Groupe SOS a d\u00e9velopp\u00e9 une expertise solide d\u2019aide m\u00e9dico-sociale \u00e0 domicile. \u00c0 travers nos Services de soins infirmiers \u00e0 domicile (SSIAD), nous assurons une prestation de soins infirmiers int\u00e9grant des soins techniques (injections, pansements\u2026) et des soins de base et relationnels (aide \u00e0 la toilette, aide \u00e0 la mobilisation\u2026).","og_url":"https:\/\/www.groupe-sos.org\/en\/les-personnes-vulnerables\/personnes-necessitant-des-soins\/soins-a-domicile\/","og_site_name":"Groupe SOS","article_publisher":"https:\/\/www.facebook.com\/GroupeSOS\/","article_modified_time":"2023-08-04T08:20:20+00:00","twitter_card":"summary_large_image","twitter_site":"@groupesos","schema":{"@context":"https:\/\/schema.org","@graph":[{"@type":"WebPage","@id":"https:\/\/www.groupe-sos.org\/en\/les-personnes-vulnerables\/personnes-necessitant-des-soins\/soins-a-domicile\/","url":"https:\/\/www.groupe-sos.org\/en\/les-personnes-vulnerables\/personnes-necessitant-des-soins\/soins-a-domicile\/","name":"Home care - Groupe SOS","isPartOf":{"@id":"https:\/\/www.groupe-sos.org\/en\/#website"},"datePublished":"2022-12-06T13:11:27+00:00","dateModified":"2023-08-04T08:20:20+00:00","description":"Le Groupe SOS a d\u00e9velopp\u00e9 une expertise solide d\u2019aide m\u00e9dico-sociale \u00e0 domicile. \u00c0 travers nos Services de soins infirmiers \u00e0 domicile (SSIAD), nous assurons une prestation de soins infirmiers int\u00e9grant des soins techniques (injections, pansements\u2026) et des soins de base et relationnels (aide \u00e0 la toilette, aide \u00e0 la mobilisation\u2026).","breadcrumb":{"@id":"https:\/\/www.groupe-sos.org\/en\/les-personnes-vulnerables\/personnes-necessitant-des-soins\/soins-a-domicile\/#breadcrumb"},"inLanguage":"en-US","potentialAction":[{"@type":"ReadAction","target":["https:\/\/www.groupe-sos.org\/en\/les-personnes-vulnerables\/personnes-necessitant-des-soins\/soins-a-domicile\/"]}]},{"@type":"BreadcrumbList","@id":"https:\/\/www.groupe-sos.org\/en\/les-personnes-vulnerables\/personnes-necessitant-des-soins\/soins-a-domicile\/#breadcrumb","itemListElement":[{"@type":"ListItem","position":1,"name":"Home","item":"https:\/\/www.groupe-sos.org\/en\/"},{"@type":"ListItem","position":2,"name":"For the most vulnerable","item":"https:\/\/www.groupe-sos.org\/en\/les-personnes-vulnerables\/"},{"@type":"ListItem","position":3,"name":"People in need of healthcare","item":"https:\/\/www.groupe-sos.org\/en\/les-personnes-vulnerables\/personnes-necessitant-des-soins\/"},{"@type":"ListItem","position":4,"name":"Home care"}]},{"@type":"WebSite","@id":"https:\/\/www.groupe-sos.org\/en\/#website","url":"https:\/\/www.groupe-sos.org\/en\/","name":"Groupe SOS Entreprendre au profit de tous","description":"Entreprendre au profit de tous","publisher":{"@id":"https:\/\/www.groupe-sos.org\/en\/#organization"},"alternateName":"Groupe SOS","potentialAction":[{"@type":"SearchAction","target":{"@type":"EntryPoint","urlTemplate":"https:\/\/www.groupe-sos.org\/en\/?s={search_term_string}"},"query-input":{"@type":"PropertyValueSpecification","valueRequired":true,"valueName":"search_term_string"}}],"inLanguage":"en-US"},{"@type":"Organization","@id":"https:\/\/www.groupe-sos.org\/en\/#organization","name":"Groupe SOS","alternateName":"Entreprendre au profit de tous","url":"https:\/\/www.groupe-sos.org\/en\/","logo":{"@type":"ImageObject","inLanguage":"en-US","@id":"https:\/\/www.groupe-sos.org\/en\/#\/schema\/logo\/image\/","url":"https:\/\/www.groupe-sos.org\/wp-content\/uploads\/2022\/06\/groupe-sos-logo-1.png","contentUrl":"https:\/\/www.groupe-sos.org\/wp-content\/uploads\/2022\/06\/groupe-sos-logo-1.png","width":300,"height":60,"caption":"Groupe SOS"},"image":{"@id":"https:\/\/www.groupe-sos.org\/en\/#\/schema\/logo\/image\/"},"sameAs":["https:\/\/www.facebook.com\/GroupeSOS\/","https:\/\/x.com\/groupesos","https:\/\/www.instagram.com\/groupe_sos\/","https:\/\/www.linkedin.com\/company\/groupe-sos\/?originalSubdomain=fr"]}]}},"_links":{"self":[{"href":"https:\/\/www.groupe-sos.org\/en\/wp-json\/wp\/v2\/pages\/178980","targetHints":{"allow":["GET"]}}],"collection":[{"href":"https:\/\/www.groupe-sos.org\/en\/wp-json\/wp\/v2\/pages"}],"about":[{"href":"https:\/\/www.groupe-sos.org\/en\/wp-json\/wp\/v2\/types\/page"}],"author":[{"embeddable":true,"href":"https:\/\/www.groupe-sos.org\/en\/wp-json\/wp\/v2\/users\/1"}],"replies":[{"embeddable":true,"href":"https:\/\/www.groupe-sos.org\/en\/wp-json\/wp\/v2\/comments?post=178980"}],"version-history":[{"count":2,"href":"https:\/\/www.groupe-sos.org\/en\/wp-json\/wp\/v2\/pages\/178980\/revisions"}],"predecessor-version":[{"id":178983,"href":"https:\/\/www.groupe-sos.org\/en\/wp-json\/wp\/v2\/pages\/178980\/revisions\/178983"}],"up":[{"embeddable":true,"href":"https:\/\/www.groupe-sos.org\/en\/wp-json\/wp\/v2\/pages\/178968"}],"wp:attachment":[{"href":"https:\/\/www.groupe-sos.org\/en\/wp-json\/wp\/v2\/media?parent=178980"}],"wp:term":[{"taxonomy":"secteur","embeddable":true,"href":"https:\/\/www.groupe-sos.org\/en\/wp-json\/wp\/v2\/secteur?post=178980"}],"curies":[{"name":"wp","href":"https:\/\/api.w.org\/{rel}","templated":true}]}}