{"id":180087,"date":"2022-06-10T11:43:02","date_gmt":"2022-06-10T09:43:02","guid":{"rendered":"https:\/\/www.groupe-sos.org\/mentions-legales\/"},"modified":"2023-08-23T12:14:11","modified_gmt":"2023-08-23T10:14:11","slug":"mentions-legales","status":"publish","type":"page","link":"https:\/\/www.groupe-sos.org\/en\/mentions-legales\/","title":{"rendered":"Legal mentions"},"content":{"rendered":"<div id=\"field_powf26363d3cd8a4f32\" class=\"container-fluid px-0 flexible_section heropages heropages block_hero\">\n  <div id=\"hero_powf26363d3cd8a4f32\" class=\"hero_container px-0\">\n   <div class=\"hero_image_outer\">\n<picture class=\"skip-lazy\">\r\n\t\t\t\t\t<source srcset=\"https:\/\/www.groupe-sos.org\/wp-content\/uploads\/2023\/03\/GroupeSOS-home.jpg\" media=\"(min-width: 578px)\" class=\"skip-lazy\">\r\n\t\t\t\t\t<img srcset=\"https:\/\/www.groupe-sos.org\/wp-content\/uploads\/2023\/03\/GroupeSOS-home-mob.jpg\" alt=\"\" class=\"heroimage \" \/>\r\n\t\t\t\t<\/picture>   <\/div>\n  <\/div>\n<\/div>\n\n\n<div id=\"field_pow69ca9905961047e8\" class=\"container-fluid px-0 flexible_section block_columns\">\n <div id=\"field_pow69ca9905961047e8_inner\" class=\"container flexible_section_inner\">\n\n   <div class=\"row flexible_section_content\">\n\n   <div class=\"p-5 col-sm-12 colonne colonne1\">\n    <div class=\"colonne_inner  text-left\">\n<h3>SOS Group<\/h3>\n<h1>Legal mentions<\/h1>\n    <\/div>\n   <\/div>\n  <\/div>\n\n <\/div>\n<\/div>\n\n\n<div id=\"field_powda5eafbb7a6d43dd\" class=\"container-fluid px-0 flexible_section block_columns\">\n <div id=\"field_powda5eafbb7a6d43dd_inner\" class=\"container flexible_section_inner\">\n\n   <div class=\"row flexible_section_content\">\n\n   <div class=\"col-sm-12 colonne colonne1\">\n    <div class=\"colonne_inner  text-left\">\n<div class=\"elementor-element elementor-element-7798523 elementor-widget elementor-widget-text-editor\">\n<div class=\"elementor-widget-container\">\n<div class=\"elementor-text-editor elementor-clearfix\">\n<p>Directeur de la publication :\u00a0<a href=\"https:\/\/www.la-croix.com\/Economie\/Social\/Insertion-Jean-Marc-Borello-remet-rapport-2018-01-16-1200906169\" target=\"_blank\" rel=\"noopener\"><strong>Jean-Marc Borello<\/strong><\/a><\/p>\n<p>Conception et d\u00e9veloppement :\u00a0<strong>Direction web groupe<\/strong>\u00a0(<strong>GIE Alliance Gestion)<\/strong><br \/>\nT\u00e9l.\u00a0<strong>01 58 30 55 55<\/strong>\u00a0\u2013\u00a0<a href=\"mailto:web@groupe-sos.org\" target=\"_blank\" rel=\"noopener\">web@groupe-sos.org<\/a><br \/>\n102 C rue Amelot \u2013 75011 Paris<\/p>\n<p>H\u00e9bergement :\u00a0<strong>OVH<\/strong><br \/>\nSi\u00e8ge social : 2 rue Kellermann \u2013 59100 Roubaix \u2013 France<\/p>\n<\/div>\n<\/div>\n<\/div>\n<div class=\"elementor-element elementor-element-e2ce83e elementor-widget elementor-widget-heading\">\n<div class=\"elementor-widget-container\">\n<h2 class=\"elementor-heading-title elementor-size-default\">PROPRI\u00c9T\u00c9 INTELLECTUELLE<\/h2>\n<\/div>\n<\/div>\n<div class=\"elementor-element elementor-element-875cce4 elementor-widget elementor-widget-text-editor\">\n<div class=\"elementor-widget-container\">\n<div class=\"elementor-text-editor elementor-clearfix\">\n<p>Le site\u00a0<a href=\"http:\/\/www.groupe-sos.org\/\">www.groupe-sos.org<\/a>\u00a0est prot\u00e9g\u00e9 par les dispositions du Code de la propri\u00e9t\u00e9 intellectuelle, notamment par celles de ses dispositions relatives \u00e0 la propri\u00e9t\u00e9 litt\u00e9raire et artistique, aux droits d\u2019auteur et \u00e0 la protection des bases de donn\u00e9es. Ces droits sont la propri\u00e9t\u00e9 exclusive des associations membres du Groupe SOS. Le Code de la propri\u00e9t\u00e9 intellectuelle n\u2019autorise aux termes de l\u2019article L.122-5, d\u2019une part, que les copies ou reproductions strictement r\u00e9serv\u00e9es \u00e0 l\u2019usage priv\u00e9 du copiste et non destin\u00e9es \u00e0 une utilisation collective et, d\u2019autre part, que les analyses et les courtes citations dans un but d\u2019exemple et d\u2019illustration. De m\u00eame, l\u2019article L.342-3 du Code de la propri\u00e9t\u00e9 intellectuelle n\u2019autorise que l\u2019extraction ou la r\u00e9utilisation d\u2019une partie non substantielle du contenu d\u2019une base de donn\u00e9es mise \u00e0 la disposition du public par son titulaire. Par cons\u00e9quent, toute repr\u00e9sentation ou reproduction non autoris\u00e9e des sites Internet du Groupe SOS, par quelque moyen que ce soit, est strictement interdite sous peine de poursuites judiciaires. Le contrevenant s\u2019expose \u00e0 des sanctions civiles et p\u00e9nales et notamment aux peines pr\u00e9vues aux articles L.335-2 et suivants du Code de la propri\u00e9t\u00e9 intellectuelle.<\/p>\n<\/div>\n<\/div>\n<\/div>\n<div class=\"elementor-element elementor-element-91689c1 elementor-widget elementor-widget-heading\">\n<div class=\"elementor-widget-container\">\n<h2 class=\"elementor-heading-title elementor-size-default\">LIENS HYPERTEXTES<\/h2>\n<\/div>\n<\/div>\n<div class=\"elementor-element elementor-element-f634e60 elementor-widget elementor-widget-text-editor\">\n<div class=\"elementor-widget-container\">\n<div class=\"elementor-text-editor elementor-clearfix\">\n<p>Bien que nous apportions la plus grande rigueur dans la s\u00e9lection des liens que nous proposons vers d\u2019autres sites du r\u00e9seau Internet, le GROUPE SOS ne saurait \u00eatre tenu responsable du contenu pr\u00e9sent sur ces sites.<\/p>\n<\/div>\n<\/div>\n<\/div>\n<div class=\"elementor-element elementor-element-be641e4 elementor-widget elementor-widget-heading\">\n<div class=\"elementor-widget-container\">\n<h2 class=\"elementor-heading-title elementor-size-default\">COOKIES<\/h2>\n<\/div>\n<\/div>\n<div class=\"elementor-element elementor-element-4404cb2 elementor-widget elementor-widget-text-editor\">\n<div class=\"elementor-widget-container\">\n<div class=\"elementor-text-editor elementor-clearfix\">\n<p>La navigation sur le site ne n\u00e9cessite pas l\u2019utilisation de cookies, \u00e0 l\u2019exception de la rubrique d\u00e9p\u00f4t de candidature. Par ailleurs, si l\u2019utilisateur autorise les cookies, ces derniers permettront d\u2019\u00e9laborer des statistiques de fr\u00e9quentation du site de mani\u00e8re anonyme.<\/p>\n<p>Pour avoir plus de d\u00e9tails sur notre politique de cookies veuillez consulter [<a href=\"http:\/\/www.groupe-sos.org\/439\/la-charte-de-protection-des-donnees-personnelles\" target=\"_blank\" rel=\"noopener\">la Charte de Protection des donn\u00e9es Personnelles<\/a>]<\/p>\n<\/div>\n<\/div>\n<\/div>\n<div class=\"elementor-element elementor-element-6b0ce0f elementor-widget elementor-widget-heading\">\n<div class=\"elementor-widget-container\">\n<h2 class=\"elementor-heading-title elementor-size-default\">PROTECTION DES DONN\u00c9ES \u00c0 CARACT\u00c8RE PERSONNEL<\/h2>\n<\/div>\n<\/div>\n<div class=\"elementor-element elementor-element-bee5150 elementor-widget elementor-widget-text-editor\">\n<div class=\"elementor-widget-container\">\n<div class=\"elementor-text-editor elementor-clearfix\">\n<p>Les traitements de donn\u00e9es \u00e0 caract\u00e8re personnel mis en \u0153uvre dans le cadre du site www.groupe-sos.org sont fond\u00e9s sur l\u2019int\u00e9r\u00eat l\u00e9gitime aux fins de fournir des services aux utilisateurs, de leur adresser des informations sur les activit\u00e9s adapt\u00e9es \u00e0 leur situation.<\/p>\n<p>Conform\u00e9ment \u00e0 la loi n\u00b078-17 du 6 janvier 1978 relative \u00e0 l\u2019informatique, aux fichiers et aux libert\u00e9s \u00ab LIL \u00bb modifi\u00e9e et le R\u00e8glement (UE) 2016\/679 du Parlement europ\u00e9en et du Conseil du 27 avril 2016, relatif \u00e0 la protection des personnes physiques \u00e0 l\u2019\u00e9gard du traitement des donn\u00e9es \u00e0 caract\u00e8re personnel et \u00e0 la libre circulation de ces donn\u00e9es, et abrogeant la directive 95\/46\/CE \u00ab r\u00e8glement g\u00e9n\u00e9ral sur la protection des donn\u00e9es \u00bb, les utilisateurs peuvent \u00e0 tout moment s\u2019opposer \u00e0 recevoir des informations en utilisant le lien de d\u00e9sabonnement figurant dans chaque message provenant de du GROUPE SOS, demander \u00e0 acc\u00e9der, \u00e0 faire porter aupr\u00e8s d\u2019un tiers, \u00e0 faire rectifier ou \u00e0 faire supprimer les informations les concernant trait\u00e9es par le GROUPE SOS.<\/p>\n<p>Pour exercer ces droits , ceux-ci peuvent \u00e9crire \u00e0\u00a0<a href=\"mailto:contact-rgpd.gie@groupe-sos.org\" target=\"_blank\" rel=\"noopener\">contact-rgpd.gie@groupe-sos.org<\/a>\u00a0ou pour en savoir plus sur le traitement de leurs donn\u00e9es personnelles et leurs droits, consultez notre Charte de protection des donn\u00e9es personnelles \u00e0 l\u2019adresse suivante :\u00a0<a href=\"https:\/\/www.groupe-sos.org\/politique-de-confidentialite\/\" target=\"_blank\" rel=\"noopener\">La charte de protection des donn\u00e9es personnelles.<\/a><\/p>\n<p><strong>GROUPE SOS est une marque d\u00e9pos\u00e9e aupr\u00e8s de l\u2019I.N.P.I par GIE ALLIANCE GESTION et \u00e0 ce titre est prot\u00e9g\u00e9e par la loi.<\/strong><\/p>\n<\/div>\n<\/div>\n<\/div>\n    <\/div>\n   <\/div>\n  <\/div>\n\n <\/div>\n<\/div>\n","protected":false},"excerpt":{"rendered":"","protected":false},"author":1,"featured_media":0,"parent":0,"menu_order":163,"comment_status":"closed","ping_status":"closed","template":"page-flexipow.php","meta":{"_acf_changed":false,"footnotes":""},"secteur":[],"class_list":["post-180087","page","type-page","status-publish","hentry"],"acf":[],"yoast_head":"<!-- This site is optimized with the Yoast SEO plugin v26.5 - https:\/\/yoast.com\/wordpress\/plugins\/seo\/ -->\n<title>Legal mentions - Groupe SOS<\/title>\n<meta name=\"robots\" content=\"index, follow, max-snippet:-1, max-image-preview:large, max-video-preview:-1\" \/>\n<link rel=\"canonical\" href=\"https:\/\/www.groupe-sos.org\/en\/mentions-legales\/\" \/>\n<meta property=\"og:locale\" content=\"en_US\" \/>\n<meta property=\"og:type\" content=\"article\" \/>\n<meta property=\"og:title\" content=\"Legal mentions - Groupe SOS\" \/>\n<meta property=\"og:url\" content=\"https:\/\/www.groupe-sos.org\/en\/mentions-legales\/\" \/>\n<meta property=\"og:site_name\" content=\"Groupe SOS\" \/>\n<meta property=\"article:publisher\" content=\"https:\/\/www.facebook.com\/GroupeSOS\/\" \/>\n<meta property=\"article:modified_time\" content=\"2023-08-23T10:14:11+00:00\" \/>\n<meta name=\"twitter:card\" content=\"summary_large_image\" \/>\n<meta name=\"twitter:site\" content=\"@groupesos\" \/>\n<script type=\"application\/ld+json\" class=\"yoast-schema-graph\">{\"@context\":\"https:\/\/schema.org\",\"@graph\":[{\"@type\":\"WebPage\",\"@id\":\"https:\/\/www.groupe-sos.org\/en\/mentions-legales\/\",\"url\":\"https:\/\/www.groupe-sos.org\/en\/mentions-legales\/\",\"name\":\"Legal mentions - Groupe SOS\",\"isPartOf\":{\"@id\":\"https:\/\/www.groupe-sos.org\/en\/#website\"},\"datePublished\":\"2022-06-10T09:43:02+00:00\",\"dateModified\":\"2023-08-23T10:14:11+00:00\",\"breadcrumb\":{\"@id\":\"https:\/\/www.groupe-sos.org\/en\/mentions-legales\/#breadcrumb\"},\"inLanguage\":\"en-US\",\"potentialAction\":[{\"@type\":\"ReadAction\",\"target\":[\"https:\/\/www.groupe-sos.org\/en\/mentions-legales\/\"]}]},{\"@type\":\"BreadcrumbList\",\"@id\":\"https:\/\/www.groupe-sos.org\/en\/mentions-legales\/#breadcrumb\",\"itemListElement\":[{\"@type\":\"ListItem\",\"position\":1,\"name\":\"Home\",\"item\":\"https:\/\/www.groupe-sos.org\/en\/\"},{\"@type\":\"ListItem\",\"position\":2,\"name\":\"Legal mentions\"}]},{\"@type\":\"WebSite\",\"@id\":\"https:\/\/www.groupe-sos.org\/en\/#website\",\"url\":\"https:\/\/www.groupe-sos.org\/en\/\",\"name\":\"Groupe SOS Entreprendre au profit de tous\",\"description\":\"Entreprendre au profit de tous\",\"publisher\":{\"@id\":\"https:\/\/www.groupe-sos.org\/en\/#organization\"},\"alternateName\":\"Groupe SOS\",\"potentialAction\":[{\"@type\":\"SearchAction\",\"target\":{\"@type\":\"EntryPoint\",\"urlTemplate\":\"https:\/\/www.groupe-sos.org\/en\/?s={search_term_string}\"},\"query-input\":{\"@type\":\"PropertyValueSpecification\",\"valueRequired\":true,\"valueName\":\"search_term_string\"}}],\"inLanguage\":\"en-US\"},{\"@type\":\"Organization\",\"@id\":\"https:\/\/www.groupe-sos.org\/en\/#organization\",\"name\":\"Groupe SOS\",\"alternateName\":\"Entreprendre au profit de tous\",\"url\":\"https:\/\/www.groupe-sos.org\/en\/\",\"logo\":{\"@type\":\"ImageObject\",\"inLanguage\":\"en-US\",\"@id\":\"https:\/\/www.groupe-sos.org\/en\/#\/schema\/logo\/image\/\",\"url\":\"https:\/\/www.groupe-sos.org\/wp-content\/uploads\/2022\/06\/groupe-sos-logo-1.png\",\"contentUrl\":\"https:\/\/www.groupe-sos.org\/wp-content\/uploads\/2022\/06\/groupe-sos-logo-1.png\",\"width\":300,\"height\":60,\"caption\":\"Groupe SOS\"},\"image\":{\"@id\":\"https:\/\/www.groupe-sos.org\/en\/#\/schema\/logo\/image\/\"},\"sameAs\":[\"https:\/\/www.facebook.com\/GroupeSOS\/\",\"https:\/\/x.com\/groupesos\",\"https:\/\/www.instagram.com\/groupe_sos\/\",\"https:\/\/www.linkedin.com\/company\/groupe-sos\/?originalSubdomain=fr\"]}]}<\/script>\n<!-- \/ Yoast SEO plugin. -->","yoast_head_json":{"title":"Legal mentions - Groupe SOS","robots":{"index":"index","follow":"follow","max-snippet":"max-snippet:-1","max-image-preview":"max-image-preview:large","max-video-preview":"max-video-preview:-1"},"canonical":"https:\/\/www.groupe-sos.org\/en\/mentions-legales\/","og_locale":"en_US","og_type":"article","og_title":"Legal mentions - Groupe SOS","og_url":"https:\/\/www.groupe-sos.org\/en\/mentions-legales\/","og_site_name":"Groupe SOS","article_publisher":"https:\/\/www.facebook.com\/GroupeSOS\/","article_modified_time":"2023-08-23T10:14:11+00:00","twitter_card":"summary_large_image","twitter_site":"@groupesos","schema":{"@context":"https:\/\/schema.org","@graph":[{"@type":"WebPage","@id":"https:\/\/www.groupe-sos.org\/en\/mentions-legales\/","url":"https:\/\/www.groupe-sos.org\/en\/mentions-legales\/","name":"Legal mentions - Groupe SOS","isPartOf":{"@id":"https:\/\/www.groupe-sos.org\/en\/#website"},"datePublished":"2022-06-10T09:43:02+00:00","dateModified":"2023-08-23T10:14:11+00:00","breadcrumb":{"@id":"https:\/\/www.groupe-sos.org\/en\/mentions-legales\/#breadcrumb"},"inLanguage":"en-US","potentialAction":[{"@type":"ReadAction","target":["https:\/\/www.groupe-sos.org\/en\/mentions-legales\/"]}]},{"@type":"BreadcrumbList","@id":"https:\/\/www.groupe-sos.org\/en\/mentions-legales\/#breadcrumb","itemListElement":[{"@type":"ListItem","position":1,"name":"Home","item":"https:\/\/www.groupe-sos.org\/en\/"},{"@type":"ListItem","position":2,"name":"Legal mentions"}]},{"@type":"WebSite","@id":"https:\/\/www.groupe-sos.org\/en\/#website","url":"https:\/\/www.groupe-sos.org\/en\/","name":"Groupe SOS Entreprendre au profit de tous","description":"Entreprendre au profit de tous","publisher":{"@id":"https:\/\/www.groupe-sos.org\/en\/#organization"},"alternateName":"Groupe SOS","potentialAction":[{"@type":"SearchAction","target":{"@type":"EntryPoint","urlTemplate":"https:\/\/www.groupe-sos.org\/en\/?s={search_term_string}"},"query-input":{"@type":"PropertyValueSpecification","valueRequired":true,"valueName":"search_term_string"}}],"inLanguage":"en-US"},{"@type":"Organization","@id":"https:\/\/www.groupe-sos.org\/en\/#organization","name":"Groupe SOS","alternateName":"Entreprendre au profit de tous","url":"https:\/\/www.groupe-sos.org\/en\/","logo":{"@type":"ImageObject","inLanguage":"en-US","@id":"https:\/\/www.groupe-sos.org\/en\/#\/schema\/logo\/image\/","url":"https:\/\/www.groupe-sos.org\/wp-content\/uploads\/2022\/06\/groupe-sos-logo-1.png","contentUrl":"https:\/\/www.groupe-sos.org\/wp-content\/uploads\/2022\/06\/groupe-sos-logo-1.png","width":300,"height":60,"caption":"Groupe SOS"},"image":{"@id":"https:\/\/www.groupe-sos.org\/en\/#\/schema\/logo\/image\/"},"sameAs":["https:\/\/www.facebook.com\/GroupeSOS\/","https:\/\/x.com\/groupesos","https:\/\/www.instagram.com\/groupe_sos\/","https:\/\/www.linkedin.com\/company\/groupe-sos\/?originalSubdomain=fr"]}]}},"_links":{"self":[{"href":"https:\/\/www.groupe-sos.org\/en\/wp-json\/wp\/v2\/pages\/180087","targetHints":{"allow":["GET"]}}],"collection":[{"href":"https:\/\/www.groupe-sos.org\/en\/wp-json\/wp\/v2\/pages"}],"about":[{"href":"https:\/\/www.groupe-sos.org\/en\/wp-json\/wp\/v2\/types\/page"}],"author":[{"embeddable":true,"href":"https:\/\/www.groupe-sos.org\/en\/wp-json\/wp\/v2\/users\/1"}],"replies":[{"embeddable":true,"href":"https:\/\/www.groupe-sos.org\/en\/wp-json\/wp\/v2\/comments?post=180087"}],"version-history":[{"count":2,"href":"https:\/\/www.groupe-sos.org\/en\/wp-json\/wp\/v2\/pages\/180087\/revisions"}],"predecessor-version":[{"id":180089,"href":"https:\/\/www.groupe-sos.org\/en\/wp-json\/wp\/v2\/pages\/180087\/revisions\/180089"}],"wp:attachment":[{"href":"https:\/\/www.groupe-sos.org\/en\/wp-json\/wp\/v2\/media?parent=180087"}],"wp:term":[{"taxonomy":"secteur","embeddable":true,"href":"https:\/\/www.groupe-sos.org\/en\/wp-json\/wp\/v2\/secteur?post=180087"}],"curies":[{"name":"wp","href":"https:\/\/api.w.org\/{rel}","templated":true}]}}