{"id":180109,"date":"2022-06-10T11:39:24","date_gmt":"2022-06-10T09:39:24","guid":{"rendered":"https:\/\/www.groupe-sos.org\/carriere\/"},"modified":"2023-08-23T14:41:19","modified_gmt":"2023-08-23T12:41:19","slug":"carriere","status":"publish","type":"page","link":"https:\/\/www.groupe-sos.org\/en\/carriere\/","title":{"rendered":"Careers"},"content":{"rendered":"<div id=\"field_pow5df1dd8268c54d82\" class=\"container-fluid px-0 flexible_section heropages heropages block_hero\">\n  <div id=\"hero_pow5df1dd8268c54d82\" class=\"hero_container px-0\">\n   <div class=\"hero_image_outer\">\n<picture class=\"skip-lazy\">\r\n\t\t\t\t\t<source srcset=\"https:\/\/www.groupe-sos.org\/wp-content\/uploads\/2023\/03\/GroupeSOS-home.jpg\" media=\"(min-width: 578px)\" class=\"skip-lazy\">\r\n\t\t\t\t\t<img srcset=\"https:\/\/www.groupe-sos.org\/wp-content\/uploads\/2023\/03\/GroupeSOS-home-mob.jpg\" alt=\"\" class=\"heroimage \" \/>\r\n\t\t\t\t<\/picture>   <\/div>\n  <\/div>\n<\/div>\n\n\n<div id=\"field_pow51bf257fe075460d\" class=\"container-fluid px-0 flexible_section block_columns\">\n <div id=\"field_pow51bf257fe075460d_inner\" class=\"container flexible_section_inner\">\n\n   <div class=\"row flexible_section_content\">\n\n   <div class=\"p-5 col-sm-12 colonne colonne1\">\n    <div class=\"colonne_inner  text-left\">\n<h1>Careers<\/h1>\n    <\/div>\n   <\/div>\n  <\/div>\n\n <\/div>\n<\/div>\n\n\n<div id=\"field_powfe3d72ad2cda428c\" class=\"container-fluid px-0 flexible_section block_columns\">\n <div id=\"field_powfe3d72ad2cda428c_inner\" class=\"container flexible_section_inner\">\n\n   <div class=\"row flexible_section_content\">\n\n   <div class=\"mb-3 mb-sm-0 col-sm-6 colonne colonne1\">\n    <div class=\"colonne_inner  text-left\">\n<p><strong>Working at Groupe SOS is an opportunity to bring and develop your talents within Europe&#8217;s leading social entrepreneurship group, which works every day to provide solutions to social and environmental issues.\u00a0<\/strong><\/p>\n    <\/div>\n   <\/div>\n   <div class=\"col-sm-6 colonne colonne2\">\n    <div class=\"colonne_inner text-center d-flex align-items-center justify-content-center\">\n    <div class=\"colonne_inner_sub \">\n<p><a class=\"lightbluebutton\" href=\"https:\/\/www.groupe-sos.org\/recrutement\/nos-offres\/\">Join our teams<\/a><\/p>\n    <\/div>\n    <\/div>\n   <\/div>\n  <\/div>\n\n <\/div>\n<\/div>\n\n\n<div id=\"field_powb7d0e1c2cdac42fe\" class=\"container-fluid px-0 flexible_section block_columns\">\n <div id=\"field_powb7d0e1c2cdac42fe_inner\" class=\"container flexible_section_inner\">\n\n  <div class=\"row flexible_section_title_container\"><div class=\"col-12 flexible_section_title_col\"><h2 class=\"flexible_section_title mb-5 text-left  \">Why join us?<\/h2><\/div><\/div>\n   <div class=\"row flexible_section_content\">\n\n   <div class=\"col-sm-12 colonne colonne1\">\n    <div class=\"colonne_inner  text-left\">\n    <\/div>\n   <\/div>\n  <\/div>\n\n <\/div>\n<\/div>\n\n\n<div id=\"field_pow214e3164bc424b80\" class=\"container-fluid px-0 flexible_section block_adaptativetextandimage\">\n <div id=\"field_pow214e3164bc424b80_inner\" class=\"container flexible_section_inner\">\n\n   <div class=\"row no-gutters flexible_section_content adaptativeimage  bordertopjaune\" id=\"textimagebanner_pow214e3164bc424b80\">\n\n   <div class=\"col-12 col-sm-7 order-2 order-sm-2 colonne colonne1 colonne1_pow214e3164bc424b80\">\n    <div class=\"colonne_inner text-left justify-content-start\">\n<h3>We care about our employees\u2019 well-being<\/h3>\n<p>We are determined to offer you all the benefits of a large group, while enabling you to grow on a day-to-day basis within human-scale organisations. In practical terms, this means benefiting from strong local management and a caring working environment. Groupe SOS has long been involved in highlighting the specialities of the social and solidarity economy and in lobbying decision-makers to improve their situation. In recent years, we have regularly spoken out, on our own or alongside other players and representative federations, to ensure that our teams are valued and able to carry out their mission with greater peace of mind.<\/p>\n<p>With the aim of constantly improving the quality of life at work, and because everyone&#8217;s opinion counts, Groupe SOS also invites its staff to take part in an anonymous social survey. Each year, the results are used to take stock of the quality of life at work in the group and to draw up action plans to improve it.<\/p>\n    <\/div>\n   <\/div>\n   <div class=\"col-12 col-sm-5 order-1 order-sm-1 colonne colonne2 colonne2_pow214e3164bc424b80\">\n   <\/div>\n  <\/div>\n\n <\/div>\n<\/div>\n\n\n<div id=\"field_powd87377cba3e24587\" class=\"container-fluid px-0 flexible_section block_adaptativetextandimage\">\n <div id=\"field_powd87377cba3e24587_inner\" class=\"container flexible_section_inner\">\n\n   <div class=\"row no-gutters flexible_section_content adaptativeimage  bordertopvert\" id=\"textimagebanner_powd87377cba3e24587\">\n\n   <div class=\"col-12 col-sm-7 order-2 order-sm-1 colonne colonne1 colonne1_powd87377cba3e24587\">\n    <div class=\"colonne_inner text-left justify-content-start\">\n<h3>From on-boarding to advancement, we&#8217;re with you every step of the way<\/h3>\n<p>Our teams are there to help you feel comfortable at every stage of your career, as soon as you enter the group: recruitment, on-boarding, orientation, helping each employee take up their new role and monitoring their on-boarding period.<\/p>\n<p>Over the long term, we support you in your career aspirations and choices, thanks to our HR network deployed across all our operations. Every year, Groupe SOS organises annual appraisal\/career interviews to assess employees\u2019 wishes and situations. Taking on new responsibilities, moving to a different organisation, sector, audience or even profession: we can offer a wide range of mobility and development options! Many training courses are available for every specialty and at every hierarchical level.<\/p>\n<p>For your information, every year, Groupe SOS invests more in training than it is legally obliged to and endeavours to mobilise the various levers needed to support its employees&#8217; career paths.<\/p>\n<p>Groupe SOS also supports in-house entrepreneurship via the Emergence programme, which brings to life the social and environmental innovations devised by its employees. Emergence gives them the opportunity to embark on an intrapreneurial adventure while receiving support.<\/p>\n<p>Joining Groupe SOS gives you the possibility of a diversified career path full of opportunities!<\/p>\n    <\/div>\n   <\/div>\n   <div class=\"col-12 col-sm-5 order-1 order-sm-2 colonne colonne2 colonne2_powd87377cba3e24587\">\n   <\/div>\n  <\/div>\n\n <\/div>\n<\/div>\n\n\n<div id=\"field_pow27713def5f2d4069\" class=\"container-fluid px-0 flexible_section block_adaptativetextandimage\">\n <div id=\"field_pow27713def5f2d4069_inner\" class=\"container flexible_section_inner\">\n\n   <div class=\"row no-gutters flexible_section_content adaptativeimage  bordertopbleu\" id=\"textimagebanner_pow27713def5f2d4069\">\n\n   <div class=\"col-12 col-sm-6 order-2 order-sm-2 colonne colonne1 colonne1_pow27713def5f2d4069\">\n    <div class=\"colonne_inner text-left justify-content-start\">\n<h3>Together, let\u2019s work towards a fair and sustainable world<\/h3>\n<p>Entrepreneurship for the benefit of all: that is the mission of Groupe SOS. We do this with a non-profit, zero-shareholder organisational model that serves the most vulnerable, future generations and regions.<\/p>\n<p>The non-profit organisations, facilities and social enterprises that make up Groupe SOS are active in the field, providing solutions to social and societal issues: shelter and assistance for the socially excluded, private not-for-profit hospitals, nursing homes, social and medical-social facilities, integration workshops and workcamps, cultural centres, organisations working to promote the environmental transition, businesses that reconcile the economy with a social project, solidarity grocery shops and multi-service caf\u00e9s in isolated areas, international NGOs, etc.<\/p>\n<p>Joining Groupe SOS means becoming involved in actions that have an impact on more than 2 million people every year, in France and abroad. It also means promoting a different organisational model for our society: one that is fair and respectful of the environment.<\/p>\n    <\/div>\n   <\/div>\n   <div class=\"col-12 col-sm-6 order-1 order-sm-1 colonne colonne2 colonne2_pow27713def5f2d4069\">\n   <\/div>\n  <\/div>\n\n <\/div>\n<\/div>\n\n\n<div id=\"field_powfe39328b2a634ad0\" class=\"container-fluid px-0 flexible_section block_columns\">\n <div id=\"field_powfe39328b2a634ad0_inner\" class=\"container flexible_section_inner\">\n\n  <div class=\"row flexible_section_title_container\"><div class=\"col-12 flexible_section_title_col\"><h2 class=\"flexible_section_title mb-5 text-left  \">How can you join us? <\/h2><\/div><\/div>\n   <div class=\"row flexible_section_content\">\n\n   <div class=\"col-sm-12 colonne colonne1\">\n    <div class=\"colonne_inner  text-left\">\n<p><strong>First, we invite you to take a look at our many and diverse job openings.\u00a0Here are the 5 main stages in our recruitment process.<\/strong><\/p>\n    <\/div>\n   <\/div>\n  <\/div>\n\n <\/div>\n<\/div>\n\n\n<div id=\"field_powda92c98b66334df7\" class=\"container-fluid px-0 flexible_section block_columns\">\n <div id=\"field_powda92c98b66334df7_inner\" class=\"container flexible_section_inner\">\n\n   <div class=\"row flexible_section_content\">\n\n   <div class=\"etapescol mb-3 mb-sm-0 col-sm-4 colonne colonne1\">\n    <div class=\"colonne_inner text-center d-flex align-items-center justify-content-center\">\n    <div class=\"colonne_inner_sub h-100\">\n<div class=\"etapes\">1<\/div>\n    <\/div>\n    <\/div>\n   <\/div>\n   <div class=\"col-sm-8 colonne colonne2\">\n    <div class=\"colonne_inner text-left d-flex align-items-center justify-content-start\">\n    <div class=\"colonne_inner_sub \">\n<h3>Submit your application<\/h3>\n<p>Apply for the position that interests you via our website<\/p>\n<p>Click on &#8220;Apply in one click&#8221; if you just want to send us your CV, or on &#8220;Apply&#8221; if you want to give us more information to assess your profile.<\/p>\n<p>If none of the offers match the position you&#8217;re looking for, please feel free to submit an unsolicited application. You can apply spontaneously and set up an e-mail alert so that you can be informed as soon as an offer matching your requirements is published.<\/p>\n    <\/div>\n    <\/div>\n   <\/div>\n  <\/div>\n\n <\/div>\n<\/div>\n\n\n<div id=\"field_powf1766ca76fcf4d4a\" class=\"container-fluid px-0 flexible_section block_columns\">\n <div id=\"field_powf1766ca76fcf4d4a_inner\" class=\"container flexible_section_inner\">\n\n   <div class=\"row flexible_section_content\">\n\n   <div class=\"etapescol mb-3 mb-sm-0 col-sm-4 colonne colonne1\">\n    <div class=\"colonne_inner text-center d-flex align-items-center justify-content-center\">\n    <div class=\"colonne_inner_sub h-100\">\n<div class=\"etapes\">2<\/div>\n    <\/div>\n    <\/div>\n   <\/div>\n   <div class=\"col-sm-8 colonne colonne2\">\n    <div class=\"colonne_inner text-left d-flex align-items-center justify-content-start\">\n    <div class=\"colonne_inner_sub \">\n<h3>We pre-select your application<\/h3>\n<p>Within the Group, your future manager is directly in charge of the selection process. They will make initial contact with you and, after a phone call, study your application, ensuring that it matches the job requirements.<\/p>\n    <\/div>\n    <\/div>\n   <\/div>\n  <\/div>\n\n <\/div>\n<\/div>\n\n\n<div id=\"field_powbea7fdda6b354d67\" class=\"container-fluid px-0 flexible_section block_columns\">\n <div id=\"field_powbea7fdda6b354d67_inner\" class=\"container flexible_section_inner\">\n\n   <div class=\"row flexible_section_content\">\n\n   <div class=\"etapescol mb-3 mb-sm-0 col-sm-4 colonne colonne1\">\n    <div class=\"colonne_inner text-center d-flex align-items-center justify-content-center\">\n    <div class=\"colonne_inner_sub h-100\">\n<div class=\"etapes\">3<\/div>\n    <\/div>\n    <\/div>\n   <\/div>\n   <div class=\"col-sm-8 colonne colonne2\">\n    <div class=\"colonne_inner text-left d-flex align-items-center justify-content-start\">\n    <div class=\"colonne_inner_sub \">\n<h3>You are invited to a first interview<\/h3>\n<p>The manager informs you that your profile has been selected for an interview.<\/p>\n<p>This interview is an opportunity to present your background and motivation and to find out more about the position and the organisation.<\/p>\n    <\/div>\n    <\/div>\n   <\/div>\n  <\/div>\n\n <\/div>\n<\/div>\n\n\n<div id=\"field_powfc6a06828a694786\" class=\"container-fluid px-0 flexible_section block_columns\">\n <div id=\"field_powfc6a06828a694786_inner\" class=\"container flexible_section_inner\">\n\n   <div class=\"row flexible_section_content\">\n\n   <div class=\"etapescol mb-3 mb-sm-0 col-sm-4 colonne colonne1\">\n    <div class=\"colonne_inner text-center d-flex align-items-center justify-content-center\">\n    <div class=\"colonne_inner_sub h-100\">\n<div class=\"etapes\">4<\/div>\n    <\/div>\n    <\/div>\n   <\/div>\n   <div class=\"col-sm-8 colonne colonne2\">\n    <div class=\"colonne_inner text-left d-flex align-items-center justify-content-start\">\n    <div class=\"colonne_inner_sub \">\n<h3>You may have a second interview<\/h3>\n<p>Depending on the position you apply for, you may be invited to a second interview with the team manager, the HR team, or other members of the team.<\/p>\n    <\/div>\n    <\/div>\n   <\/div>\n  <\/div>\n\n <\/div>\n<\/div>\n\n\n<div id=\"field_pow443b9555057a46e0\" class=\"container-fluid px-0 flexible_section block_columns\">\n <div id=\"field_pow443b9555057a46e0_inner\" class=\"container flexible_section_inner\">\n\n   <div class=\"row flexible_section_content\">\n\n   <div class=\"etapescol mb-3 mb-sm-0 col-sm-4 colonne colonne1\">\n    <div class=\"colonne_inner text-center d-flex align-items-center justify-content-center\">\n    <div class=\"colonne_inner_sub h-100\">\n<div class=\"etapes\">5<\/div>\n    <\/div>\n    <\/div>\n   <\/div>\n   <div class=\"col-sm-8 colonne colonne2\">\n    <div class=\"colonne_inner text-left d-flex align-items-center justify-content-start\">\n    <div class=\"colonne_inner_sub \">\n<h3>Your application is successful!<\/h3>\n<p>The manager confirms that you have been selected for the job and, depending on the circumstances, sends you a job offer. If you accept, and if that applies, we will send you your contract and, if necessary, a recruitment offer.<\/p>\n<p><strong>Congratulations! You&#8217;re now part of Groupe SOS.<\/strong><\/p>\n<p>If your application is unsuccessful, the Groupe SOS teams will still be delighted to consider your profile for other positions. Groupe SOS regularly publishes a large number of job offers. Do not hesitate to apply again, and to sign up for email alerts on the careers website.<\/p>\n    <\/div>\n    <\/div>\n   <\/div>\n  <\/div>\n\n <\/div>\n<\/div>\n","protected":false},"excerpt":{"rendered":"<p>Vous souhaitez rejoindre nos \u00e9quipes ? N&#8217;attendez plus, travailler au Groupe est l&#8217;opportunit\u00e9 pour vous d&#8217;apporter et d\u00e9velopper vos talents aupr\u00e8s d&#8217;un groupe associatif, leader de l&#8217;entrepreneuriat social en Europe.<\/p>\n","protected":false},"author":1,"featured_media":0,"parent":0,"menu_order":347,"comment_status":"closed","ping_status":"closed","template":"page-flexipow.php","meta":{"_acf_changed":false,"footnotes":""},"secteur":[],"class_list":["post-180109","page","type-page","status-publish","hentry"],"acf":[],"yoast_head":"<!-- This site is optimized with the Yoast SEO plugin v26.5 - https:\/\/yoast.com\/wordpress\/plugins\/seo\/ -->\n<title>Careers - Groupe SOS<\/title>\n<meta name=\"description\" content=\"Vous souhaitez rejoindre nos \u00e9quipes ? N&#039;attendez plus, travailler au Groupe est l&#039;opportunit\u00e9 pour vous d&#039;apporter et d\u00e9velopper vos talents aupr\u00e8s d&#039;un groupe associatif, leader de l&#039;entrepreneuriat social en Europe.\" \/>\n<meta name=\"robots\" content=\"index, follow, max-snippet:-1, max-image-preview:large, max-video-preview:-1\" \/>\n<link rel=\"canonical\" href=\"https:\/\/www.groupe-sos.org\/en\/carriere\/\" \/>\n<meta property=\"og:locale\" content=\"en_US\" \/>\n<meta property=\"og:type\" content=\"article\" \/>\n<meta property=\"og:title\" content=\"Careers - Groupe SOS\" \/>\n<meta property=\"og:description\" content=\"Vous souhaitez rejoindre nos \u00e9quipes ? N&#039;attendez plus, travailler au Groupe est l&#039;opportunit\u00e9 pour vous d&#039;apporter et d\u00e9velopper vos talents aupr\u00e8s d&#039;un groupe associatif, leader de l&#039;entrepreneuriat social en Europe.\" \/>\n<meta property=\"og:url\" content=\"https:\/\/www.groupe-sos.org\/en\/carriere\/\" \/>\n<meta property=\"og:site_name\" content=\"Groupe SOS\" \/>\n<meta property=\"article:publisher\" content=\"https:\/\/www.facebook.com\/GroupeSOS\/\" \/>\n<meta property=\"article:modified_time\" content=\"2023-08-23T12:41:19+00:00\" \/>\n<meta name=\"twitter:card\" content=\"summary_large_image\" \/>\n<meta name=\"twitter:site\" content=\"@groupesos\" \/>\n<script type=\"application\/ld+json\" class=\"yoast-schema-graph\">{\"@context\":\"https:\/\/schema.org\",\"@graph\":[{\"@type\":\"WebPage\",\"@id\":\"https:\/\/www.groupe-sos.org\/en\/carriere\/\",\"url\":\"https:\/\/www.groupe-sos.org\/en\/carriere\/\",\"name\":\"Careers - Groupe SOS\",\"isPartOf\":{\"@id\":\"https:\/\/www.groupe-sos.org\/en\/#website\"},\"datePublished\":\"2022-06-10T09:39:24+00:00\",\"dateModified\":\"2023-08-23T12:41:19+00:00\",\"description\":\"Vous souhaitez rejoindre nos \u00e9quipes ? N'attendez plus, travailler au Groupe est l'opportunit\u00e9 pour vous d'apporter et d\u00e9velopper vos talents aupr\u00e8s d'un groupe associatif, leader de l'entrepreneuriat social en Europe.\",\"breadcrumb\":{\"@id\":\"https:\/\/www.groupe-sos.org\/en\/carriere\/#breadcrumb\"},\"inLanguage\":\"en-US\",\"potentialAction\":[{\"@type\":\"ReadAction\",\"target\":[\"https:\/\/www.groupe-sos.org\/en\/carriere\/\"]}]},{\"@type\":\"BreadcrumbList\",\"@id\":\"https:\/\/www.groupe-sos.org\/en\/carriere\/#breadcrumb\",\"itemListElement\":[{\"@type\":\"ListItem\",\"position\":1,\"name\":\"Home\",\"item\":\"https:\/\/www.groupe-sos.org\/en\/\"},{\"@type\":\"ListItem\",\"position\":2,\"name\":\"Careers\"}]},{\"@type\":\"WebSite\",\"@id\":\"https:\/\/www.groupe-sos.org\/en\/#website\",\"url\":\"https:\/\/www.groupe-sos.org\/en\/\",\"name\":\"Groupe SOS Entreprendre au profit de tous\",\"description\":\"Entreprendre au profit de tous\",\"publisher\":{\"@id\":\"https:\/\/www.groupe-sos.org\/en\/#organization\"},\"alternateName\":\"Groupe SOS\",\"potentialAction\":[{\"@type\":\"SearchAction\",\"target\":{\"@type\":\"EntryPoint\",\"urlTemplate\":\"https:\/\/www.groupe-sos.org\/en\/?s={search_term_string}\"},\"query-input\":{\"@type\":\"PropertyValueSpecification\",\"valueRequired\":true,\"valueName\":\"search_term_string\"}}],\"inLanguage\":\"en-US\"},{\"@type\":\"Organization\",\"@id\":\"https:\/\/www.groupe-sos.org\/en\/#organization\",\"name\":\"Groupe SOS\",\"alternateName\":\"Entreprendre au profit de tous\",\"url\":\"https:\/\/www.groupe-sos.org\/en\/\",\"logo\":{\"@type\":\"ImageObject\",\"inLanguage\":\"en-US\",\"@id\":\"https:\/\/www.groupe-sos.org\/en\/#\/schema\/logo\/image\/\",\"url\":\"https:\/\/www.groupe-sos.org\/wp-content\/uploads\/2022\/06\/groupe-sos-logo-1.png\",\"contentUrl\":\"https:\/\/www.groupe-sos.org\/wp-content\/uploads\/2022\/06\/groupe-sos-logo-1.png\",\"width\":300,\"height\":60,\"caption\":\"Groupe SOS\"},\"image\":{\"@id\":\"https:\/\/www.groupe-sos.org\/en\/#\/schema\/logo\/image\/\"},\"sameAs\":[\"https:\/\/www.facebook.com\/GroupeSOS\/\",\"https:\/\/x.com\/groupesos\",\"https:\/\/www.instagram.com\/groupe_sos\/\",\"https:\/\/www.linkedin.com\/company\/groupe-sos\/?originalSubdomain=fr\"]}]}<\/script>\n<!-- \/ Yoast SEO plugin. -->","yoast_head_json":{"title":"Careers - Groupe SOS","description":"Vous souhaitez rejoindre nos \u00e9quipes ? N'attendez plus, travailler au Groupe est l'opportunit\u00e9 pour vous d'apporter et d\u00e9velopper vos talents aupr\u00e8s d'un groupe associatif, leader de l'entrepreneuriat social en Europe.","robots":{"index":"index","follow":"follow","max-snippet":"max-snippet:-1","max-image-preview":"max-image-preview:large","max-video-preview":"max-video-preview:-1"},"canonical":"https:\/\/www.groupe-sos.org\/en\/carriere\/","og_locale":"en_US","og_type":"article","og_title":"Careers - Groupe SOS","og_description":"Vous souhaitez rejoindre nos \u00e9quipes ? N'attendez plus, travailler au Groupe est l'opportunit\u00e9 pour vous d'apporter et d\u00e9velopper vos talents aupr\u00e8s d'un groupe associatif, leader de l'entrepreneuriat social en Europe.","og_url":"https:\/\/www.groupe-sos.org\/en\/carriere\/","og_site_name":"Groupe SOS","article_publisher":"https:\/\/www.facebook.com\/GroupeSOS\/","article_modified_time":"2023-08-23T12:41:19+00:00","twitter_card":"summary_large_image","twitter_site":"@groupesos","schema":{"@context":"https:\/\/schema.org","@graph":[{"@type":"WebPage","@id":"https:\/\/www.groupe-sos.org\/en\/carriere\/","url":"https:\/\/www.groupe-sos.org\/en\/carriere\/","name":"Careers - Groupe SOS","isPartOf":{"@id":"https:\/\/www.groupe-sos.org\/en\/#website"},"datePublished":"2022-06-10T09:39:24+00:00","dateModified":"2023-08-23T12:41:19+00:00","description":"Vous souhaitez rejoindre nos \u00e9quipes ? N'attendez plus, travailler au Groupe est l'opportunit\u00e9 pour vous d'apporter et d\u00e9velopper vos talents aupr\u00e8s d'un groupe associatif, leader de l'entrepreneuriat social en Europe.","breadcrumb":{"@id":"https:\/\/www.groupe-sos.org\/en\/carriere\/#breadcrumb"},"inLanguage":"en-US","potentialAction":[{"@type":"ReadAction","target":["https:\/\/www.groupe-sos.org\/en\/carriere\/"]}]},{"@type":"BreadcrumbList","@id":"https:\/\/www.groupe-sos.org\/en\/carriere\/#breadcrumb","itemListElement":[{"@type":"ListItem","position":1,"name":"Home","item":"https:\/\/www.groupe-sos.org\/en\/"},{"@type":"ListItem","position":2,"name":"Careers"}]},{"@type":"WebSite","@id":"https:\/\/www.groupe-sos.org\/en\/#website","url":"https:\/\/www.groupe-sos.org\/en\/","name":"Groupe SOS Entreprendre au profit de tous","description":"Entreprendre au profit de tous","publisher":{"@id":"https:\/\/www.groupe-sos.org\/en\/#organization"},"alternateName":"Groupe SOS","potentialAction":[{"@type":"SearchAction","target":{"@type":"EntryPoint","urlTemplate":"https:\/\/www.groupe-sos.org\/en\/?s={search_term_string}"},"query-input":{"@type":"PropertyValueSpecification","valueRequired":true,"valueName":"search_term_string"}}],"inLanguage":"en-US"},{"@type":"Organization","@id":"https:\/\/www.groupe-sos.org\/en\/#organization","name":"Groupe SOS","alternateName":"Entreprendre au profit de tous","url":"https:\/\/www.groupe-sos.org\/en\/","logo":{"@type":"ImageObject","inLanguage":"en-US","@id":"https:\/\/www.groupe-sos.org\/en\/#\/schema\/logo\/image\/","url":"https:\/\/www.groupe-sos.org\/wp-content\/uploads\/2022\/06\/groupe-sos-logo-1.png","contentUrl":"https:\/\/www.groupe-sos.org\/wp-content\/uploads\/2022\/06\/groupe-sos-logo-1.png","width":300,"height":60,"caption":"Groupe SOS"},"image":{"@id":"https:\/\/www.groupe-sos.org\/en\/#\/schema\/logo\/image\/"},"sameAs":["https:\/\/www.facebook.com\/GroupeSOS\/","https:\/\/x.com\/groupesos","https:\/\/www.instagram.com\/groupe_sos\/","https:\/\/www.linkedin.com\/company\/groupe-sos\/?originalSubdomain=fr"]}]}},"_links":{"self":[{"href":"https:\/\/www.groupe-sos.org\/en\/wp-json\/wp\/v2\/pages\/180109","targetHints":{"allow":["GET"]}}],"collection":[{"href":"https:\/\/www.groupe-sos.org\/en\/wp-json\/wp\/v2\/pages"}],"about":[{"href":"https:\/\/www.groupe-sos.org\/en\/wp-json\/wp\/v2\/types\/page"}],"author":[{"embeddable":true,"href":"https:\/\/www.groupe-sos.org\/en\/wp-json\/wp\/v2\/users\/1"}],"replies":[{"embeddable":true,"href":"https:\/\/www.groupe-sos.org\/en\/wp-json\/wp\/v2\/comments?post=180109"}],"version-history":[{"count":4,"href":"https:\/\/www.groupe-sos.org\/en\/wp-json\/wp\/v2\/pages\/180109\/revisions"}],"predecessor-version":[{"id":180115,"href":"https:\/\/www.groupe-sos.org\/en\/wp-json\/wp\/v2\/pages\/180109\/revisions\/180115"}],"wp:attachment":[{"href":"https:\/\/www.groupe-sos.org\/en\/wp-json\/wp\/v2\/media?parent=180109"}],"wp:term":[{"taxonomy":"secteur","embeddable":true,"href":"https:\/\/www.groupe-sos.org\/en\/wp-json\/wp\/v2\/secteur?post=180109"}],"curies":[{"name":"wp","href":"https:\/\/api.w.org\/{rel}","templated":true}]}}