{"id":194371,"date":"2022-08-31T16:02:29","date_gmt":"2022-08-31T14:02:29","guid":{"rendered":"https:\/\/www.groupe-sos.org\/le-groupe-sos\/nos-plaidoyers\/"},"modified":"2024-10-04T18:14:56","modified_gmt":"2024-10-04T16:14:56","slug":"taking-a-stand","status":"publish","type":"page","link":"https:\/\/www.groupe-sos.org\/en\/le-groupe-sos\/taking-a-stand\/","title":{"rendered":"Taking a stand"},"content":{"rendered":"<div id=\"field_63108350cce29\" class=\"container-fluid px-0 flexible_section heropages block_hero\">\n  <div id=\"hero_63108350cce29\" class=\"hero_container px-0\">\n   <div class=\"hero_image_outer\">\n<picture class=\"skip-lazy\">\r\n\t\t\t\t\t<source srcset=\"https:\/\/www.groupe-sos.org\/wp-content\/uploads\/2024\/10\/Home_EN-40-years.png\" media=\"(min-width: 578px)\" class=\"skip-lazy\">\r\n\t\t\t\t\t<img srcset=\"https:\/\/www.groupe-sos.org\/wp-content\/uploads\/2024\/10\/Home_mobile_EN-40-years.png\" alt=\"\" class=\"heroimage \" \/>\r\n\t\t\t\t<\/picture>   <\/div>\n  <\/div>\n<\/div>\n\n\n<div id=\"field_pow749598ba78394f32\" class=\"container-fluid px-0 flexible_section block_columns\">\n <div id=\"field_pow749598ba78394f32_inner\" class=\"container flexible_section_inner\">\n\n   <div class=\"row flexible_section_content\">\n\n   <div class=\"p-5 col-sm-12 colonne colonne1\">\n    <div class=\"colonne_inner  text-left\">\n<h3>Groupe SOS<\/h3>\n<h1>Taking a stand<\/h1>\n    <\/div>\n   <\/div>\n  <\/div>\n\n <\/div>\n<\/div>\n\n\n<div id=\"field_powd3e6a89f332c4d29\" class=\"container-fluid px-0 flexible_section block_breadcrumb\">\n <div id=\"field_powd3e6a89f332c4d29_inner\" class=\"container flexible_section_inner\">\n\n  <div class=\"row flexible_section_content\">\n\n   <div class=\"breadcrumb_outer\" id=\"breadcrumb_powd3e6a89f332c4d29\">\n\n   <nav aria-label=\"breadcrumb\" id=\"breadcrumb_powd3e6a89f332c4d29_nav\">\n    <ol class=\"breadcrumb\">\n<li class=\"breadcrumb-item\"><a href=\"https:\/\/www.groupe-sos.org\/en\/le-groupe-sos\/\" class=\"GroupeSOS \">Groupe SOS<\/a><\/li>\n<li class=\"breadcrumb-item active\" aria-current=\"page\">Taking a stand<\/li>\n      <\/ol>\n   <\/nav>\n\n   <\/div>\n\n  <\/div>\n\n <\/div>\n<\/div>\n\n\n<div id=\"field_631083ad2867e\" class=\"container-fluid px-0 flexible_section block_columns\">\n <div id=\"field_631083ad2867e_inner\" class=\"container flexible_section_inner\">\n\n   <div class=\"row flexible_section_content\">\n\n   <div class=\"col-sm-12 colonne colonne1\">\n    <div class=\"colonne_inner  text-left\">\n<p><strong>Groupe SOS is taking a stand to change our society. As a field player, the Groupe SOS has been observing the impact of public policies on its activities for 40 years, and therefore on the beneficiaries we support.<\/strong><\/p>\n<p><strong>The aim of our proposals is to find solutions and bring about the changes needed for for a fairer and more sustainable world.<\/strong><\/p>\n    <\/div>\n   <\/div>\n  <\/div>\n\n <\/div>\n<\/div>\n\n\n<div id=\"field_631084fc7f86e\" class=\"container-fluid px-0 flexible_section block_categorygrid\">\n <div id=\"field_631084fc7f86e_inner\" class=\"container flexible_section_inner\">\n\n<div class=\"container-fluid px-0\" id=\"grid_631084fc7f86e_outer\">\n<div class=\"container px-0\">\n  <div class=\"row row-cols-1 row-cols-md-3 row-cols-lg-3 flexible_section_content\" id=\"grid_631084fc7f86e\">\n   <div class=\"col-sm-12 col-md-4 col-lg-4  item mb-3 elem-1\">\n<div class=\"item_plaidoyer_outer\">\r\n<div class=\"item_plaidoyer linkable\" data-dest=\"https:\/\/www.groupe-sos.org\/en\/plaidoyers-en\/european\/\">\r\n<div class=\"item_plaidoyer_visuel\">\r\n  <img decoding=\"async\" src=\"https:\/\/www.groupe-sos.org\/wp-content\/uploads\/2025\/07\/Capture-decran-2025-07-02-135819-1-aspect-ratio-4-3.png\" alt=\"A fairer and more united Europe\u00a0\" \/>\r\n   <h3 class=\"bg-green\">A fairer and more united Europe\u00a0<\/h3>\r\n  <p class=\"item_plaidoyer_more\"><a href=\"https:\/\/www.groupe-sos.org\/en\/plaidoyers-en\/european\/\" class=\"darkbluebutton\">Discover our proposals<\/a><\/p>\r\n<\/div>\r\n<\/div>\r\n<\/div>   <\/div>\n   <div class=\"col-sm-12 col-md-4 col-lg-4  item mb-3 elem-2\">\n<div class=\"item_plaidoyer_outer\">\r\n<div class=\"item_plaidoyer linkable\" data-dest=\"https:\/\/www.groupe-sos.org\/en\/plaidoyers-en\/egalite-de-genre\/\">\r\n<div class=\"item_plaidoyer_visuel\">\r\n  <img decoding=\"async\" src=\"https:\/\/www.groupe-sos.org\/wp-content\/uploads\/2024\/03\/Grand_Dossier_Chez-simone-2-aspect-ratio-4-3.jpg\" alt=\"Gender equality\" \/>\r\n   <h3 class=\"bg-orange\">Gender equality<\/h3>\r\n  <p class=\"item_plaidoyer_more\"><a href=\"https:\/\/www.groupe-sos.org\/en\/plaidoyers-en\/egalite-de-genre\/\" class=\"darkbluebutton\">Discover our proposals<\/a><\/p>\r\n<\/div>\r\n<\/div>\r\n<\/div>   <\/div>\n   <div class=\"col-sm-12 col-md-4 col-lg-4  item mb-3 elem-3\">\n<div class=\"item_plaidoyer_outer\">\r\n<div class=\"item_plaidoyer linkable\" data-dest=\"https:\/\/www.groupe-sos.org\/en\/plaidoyers-en\/international-development\/\">\r\n<div class=\"item_plaidoyer_visuel\">\r\n  <img decoding=\"async\" src=\"https:\/\/www.groupe-sos.org\/wp-content\/uploads\/2024\/04\/international-changement-systemique-plaidoyer-aspect-ratio-4-3.jpg\" alt=\"International development\" \/>\r\n   <h3 class=\"bg-red\">International development<\/h3>\r\n  <p class=\"item_plaidoyer_more\"><a href=\"https:\/\/www.groupe-sos.org\/en\/plaidoyers-en\/international-development\/\" class=\"darkbluebutton\">Discover our proposals<\/a><\/p>\r\n<\/div>\r\n<\/div>\r\n<\/div>   <\/div>\n  <\/div>\n<\/div>\n<\/div>\n <\/div>\n<\/div>\n\n\n\n<p><\/p>\n","protected":false},"excerpt":{"rendered":"<p>Avec ses plaidoyers, le GROUPE SOS prend position sur des sujets de soci\u00e9t\u00e9 majeurs, et formule des propositions \u00e0 destination des d\u00e9cideuses et d\u00e9cideurs publics. Sant\u00e9, Protection judiciaire de la jeunesse, handicap\u2026 le GROUPE SOS questionne les enjeux de soci\u00e9t\u00e9 li\u00e9s \u00e0 son expertise, et proposer des solutions pour faire bouger les lignes.<\/p>\n","protected":false},"author":1,"featured_media":0,"parent":174466,"menu_order":142,"comment_status":"closed","ping_status":"closed","template":"page-flexipow.php","meta":{"_acf_changed":false,"footnotes":""},"secteur":[],"class_list":["post-194371","page","type-page","status-publish","hentry"],"acf":[],"yoast_head":"<!-- This site is optimized with the Yoast SEO plugin v26.5 - https:\/\/yoast.com\/wordpress\/plugins\/seo\/ -->\n<title>Taking a stand - Groupe SOS<\/title>\n<meta name=\"description\" content=\"Avec ses plaidoyers, le GROUPE SOS prend position sur des sujets de soci\u00e9t\u00e9 majeurs, et formule des propositions \u00e0 destination des d\u00e9cideuses et d\u00e9cideurs publics. Sant\u00e9, Protection judiciaire de la jeunesse, handicap\u2026 le GROUPE SOS questionne les enjeux de soci\u00e9t\u00e9 li\u00e9s \u00e0 son expertise, et proposer des solutions pour faire bouger les lignes.\" \/>\n<meta name=\"robots\" content=\"index, follow, max-snippet:-1, max-image-preview:large, max-video-preview:-1\" \/>\n<link rel=\"canonical\" href=\"https:\/\/www.groupe-sos.org\/en\/le-groupe-sos\/taking-a-stand\/\" \/>\n<meta property=\"og:locale\" content=\"en_US\" \/>\n<meta property=\"og:type\" content=\"article\" \/>\n<meta property=\"og:title\" content=\"Taking a stand - Groupe SOS\" \/>\n<meta property=\"og:description\" content=\"Avec ses plaidoyers, le GROUPE SOS prend position sur des sujets de soci\u00e9t\u00e9 majeurs, et formule des propositions \u00e0 destination des d\u00e9cideuses et d\u00e9cideurs publics. Sant\u00e9, Protection judiciaire de la jeunesse, handicap\u2026 le GROUPE SOS questionne les enjeux de soci\u00e9t\u00e9 li\u00e9s \u00e0 son expertise, et proposer des solutions pour faire bouger les lignes.\" \/>\n<meta property=\"og:url\" content=\"https:\/\/www.groupe-sos.org\/en\/le-groupe-sos\/taking-a-stand\/\" \/>\n<meta property=\"og:site_name\" content=\"Groupe SOS\" \/>\n<meta property=\"article:publisher\" content=\"https:\/\/www.facebook.com\/GroupeSOS\/\" \/>\n<meta property=\"article:modified_time\" content=\"2024-10-04T16:14:56+00:00\" \/>\n<meta name=\"twitter:card\" content=\"summary_large_image\" \/>\n<meta name=\"twitter:site\" content=\"@groupesos\" \/>\n<meta name=\"twitter:label1\" content=\"Est. reading time\" \/>\n\t<meta name=\"twitter:data1\" content=\"2 minutes\" \/>\n<script type=\"application\/ld+json\" class=\"yoast-schema-graph\">{\"@context\":\"https:\/\/schema.org\",\"@graph\":[{\"@type\":\"WebPage\",\"@id\":\"https:\/\/www.groupe-sos.org\/en\/le-groupe-sos\/taking-a-stand\/\",\"url\":\"https:\/\/www.groupe-sos.org\/en\/le-groupe-sos\/taking-a-stand\/\",\"name\":\"Taking a stand - Groupe SOS\",\"isPartOf\":{\"@id\":\"https:\/\/www.groupe-sos.org\/en\/#website\"},\"datePublished\":\"2022-08-31T14:02:29+00:00\",\"dateModified\":\"2024-10-04T16:14:56+00:00\",\"description\":\"Avec ses plaidoyers, le GROUPE SOS prend position sur des sujets de soci\u00e9t\u00e9 majeurs, et formule des propositions \u00e0 destination des d\u00e9cideuses et d\u00e9cideurs publics. Sant\u00e9, Protection judiciaire de la jeunesse, handicap\u2026 le GROUPE SOS questionne les enjeux de soci\u00e9t\u00e9 li\u00e9s \u00e0 son expertise, et proposer des solutions pour faire bouger les lignes.\",\"breadcrumb\":{\"@id\":\"https:\/\/www.groupe-sos.org\/en\/le-groupe-sos\/taking-a-stand\/#breadcrumb\"},\"inLanguage\":\"en-US\",\"potentialAction\":[{\"@type\":\"ReadAction\",\"target\":[\"https:\/\/www.groupe-sos.org\/en\/le-groupe-sos\/taking-a-stand\/\"]}]},{\"@type\":\"BreadcrumbList\",\"@id\":\"https:\/\/www.groupe-sos.org\/en\/le-groupe-sos\/taking-a-stand\/#breadcrumb\",\"itemListElement\":[{\"@type\":\"ListItem\",\"position\":1,\"name\":\"Home\",\"item\":\"https:\/\/www.groupe-sos.org\/en\/\"},{\"@type\":\"ListItem\",\"position\":2,\"name\":\"Groupe SOS\",\"item\":\"https:\/\/www.groupe-sos.org\/en\/le-groupe-sos\/\"},{\"@type\":\"ListItem\",\"position\":3,\"name\":\"Taking a stand\"}]},{\"@type\":\"WebSite\",\"@id\":\"https:\/\/www.groupe-sos.org\/en\/#website\",\"url\":\"https:\/\/www.groupe-sos.org\/en\/\",\"name\":\"Groupe SOS Entreprendre au profit de tous\",\"description\":\"Entreprendre au profit de tous\",\"publisher\":{\"@id\":\"https:\/\/www.groupe-sos.org\/en\/#organization\"},\"alternateName\":\"Groupe SOS\",\"potentialAction\":[{\"@type\":\"SearchAction\",\"target\":{\"@type\":\"EntryPoint\",\"urlTemplate\":\"https:\/\/www.groupe-sos.org\/en\/?s={search_term_string}\"},\"query-input\":{\"@type\":\"PropertyValueSpecification\",\"valueRequired\":true,\"valueName\":\"search_term_string\"}}],\"inLanguage\":\"en-US\"},{\"@type\":\"Organization\",\"@id\":\"https:\/\/www.groupe-sos.org\/en\/#organization\",\"name\":\"Groupe SOS\",\"alternateName\":\"Entreprendre au profit de tous\",\"url\":\"https:\/\/www.groupe-sos.org\/en\/\",\"logo\":{\"@type\":\"ImageObject\",\"inLanguage\":\"en-US\",\"@id\":\"https:\/\/www.groupe-sos.org\/en\/#\/schema\/logo\/image\/\",\"url\":\"https:\/\/www.groupe-sos.org\/wp-content\/uploads\/2022\/06\/groupe-sos-logo-1.png\",\"contentUrl\":\"https:\/\/www.groupe-sos.org\/wp-content\/uploads\/2022\/06\/groupe-sos-logo-1.png\",\"width\":300,\"height\":60,\"caption\":\"Groupe SOS\"},\"image\":{\"@id\":\"https:\/\/www.groupe-sos.org\/en\/#\/schema\/logo\/image\/\"},\"sameAs\":[\"https:\/\/www.facebook.com\/GroupeSOS\/\",\"https:\/\/x.com\/groupesos\",\"https:\/\/www.instagram.com\/groupe_sos\/\",\"https:\/\/www.linkedin.com\/company\/groupe-sos\/?originalSubdomain=fr\"]}]}<\/script>\n<!-- \/ Yoast SEO plugin. -->","yoast_head_json":{"title":"Taking a stand - Groupe SOS","description":"Avec ses plaidoyers, le GROUPE SOS prend position sur des sujets de soci\u00e9t\u00e9 majeurs, et formule des propositions \u00e0 destination des d\u00e9cideuses et d\u00e9cideurs publics. Sant\u00e9, Protection judiciaire de la jeunesse, handicap\u2026 le GROUPE SOS questionne les enjeux de soci\u00e9t\u00e9 li\u00e9s \u00e0 son expertise, et proposer des solutions pour faire bouger les lignes.","robots":{"index":"index","follow":"follow","max-snippet":"max-snippet:-1","max-image-preview":"max-image-preview:large","max-video-preview":"max-video-preview:-1"},"canonical":"https:\/\/www.groupe-sos.org\/en\/le-groupe-sos\/taking-a-stand\/","og_locale":"en_US","og_type":"article","og_title":"Taking a stand - Groupe SOS","og_description":"Avec ses plaidoyers, le GROUPE SOS prend position sur des sujets de soci\u00e9t\u00e9 majeurs, et formule des propositions \u00e0 destination des d\u00e9cideuses et d\u00e9cideurs publics. Sant\u00e9, Protection judiciaire de la jeunesse, handicap\u2026 le GROUPE SOS questionne les enjeux de soci\u00e9t\u00e9 li\u00e9s \u00e0 son expertise, et proposer des solutions pour faire bouger les lignes.","og_url":"https:\/\/www.groupe-sos.org\/en\/le-groupe-sos\/taking-a-stand\/","og_site_name":"Groupe SOS","article_publisher":"https:\/\/www.facebook.com\/GroupeSOS\/","article_modified_time":"2024-10-04T16:14:56+00:00","twitter_card":"summary_large_image","twitter_site":"@groupesos","twitter_misc":{"Est. reading time":"2 minutes"},"schema":{"@context":"https:\/\/schema.org","@graph":[{"@type":"WebPage","@id":"https:\/\/www.groupe-sos.org\/en\/le-groupe-sos\/taking-a-stand\/","url":"https:\/\/www.groupe-sos.org\/en\/le-groupe-sos\/taking-a-stand\/","name":"Taking a stand - Groupe SOS","isPartOf":{"@id":"https:\/\/www.groupe-sos.org\/en\/#website"},"datePublished":"2022-08-31T14:02:29+00:00","dateModified":"2024-10-04T16:14:56+00:00","description":"Avec ses plaidoyers, le GROUPE SOS prend position sur des sujets de soci\u00e9t\u00e9 majeurs, et formule des propositions \u00e0 destination des d\u00e9cideuses et d\u00e9cideurs publics. Sant\u00e9, Protection judiciaire de la jeunesse, handicap\u2026 le GROUPE SOS questionne les enjeux de soci\u00e9t\u00e9 li\u00e9s \u00e0 son expertise, et proposer des solutions pour faire bouger les lignes.","breadcrumb":{"@id":"https:\/\/www.groupe-sos.org\/en\/le-groupe-sos\/taking-a-stand\/#breadcrumb"},"inLanguage":"en-US","potentialAction":[{"@type":"ReadAction","target":["https:\/\/www.groupe-sos.org\/en\/le-groupe-sos\/taking-a-stand\/"]}]},{"@type":"BreadcrumbList","@id":"https:\/\/www.groupe-sos.org\/en\/le-groupe-sos\/taking-a-stand\/#breadcrumb","itemListElement":[{"@type":"ListItem","position":1,"name":"Home","item":"https:\/\/www.groupe-sos.org\/en\/"},{"@type":"ListItem","position":2,"name":"Groupe SOS","item":"https:\/\/www.groupe-sos.org\/en\/le-groupe-sos\/"},{"@type":"ListItem","position":3,"name":"Taking a stand"}]},{"@type":"WebSite","@id":"https:\/\/www.groupe-sos.org\/en\/#website","url":"https:\/\/www.groupe-sos.org\/en\/","name":"Groupe SOS Entreprendre au profit de tous","description":"Entreprendre au profit de tous","publisher":{"@id":"https:\/\/www.groupe-sos.org\/en\/#organization"},"alternateName":"Groupe SOS","potentialAction":[{"@type":"SearchAction","target":{"@type":"EntryPoint","urlTemplate":"https:\/\/www.groupe-sos.org\/en\/?s={search_term_string}"},"query-input":{"@type":"PropertyValueSpecification","valueRequired":true,"valueName":"search_term_string"}}],"inLanguage":"en-US"},{"@type":"Organization","@id":"https:\/\/www.groupe-sos.org\/en\/#organization","name":"Groupe SOS","alternateName":"Entreprendre au profit de tous","url":"https:\/\/www.groupe-sos.org\/en\/","logo":{"@type":"ImageObject","inLanguage":"en-US","@id":"https:\/\/www.groupe-sos.org\/en\/#\/schema\/logo\/image\/","url":"https:\/\/www.groupe-sos.org\/wp-content\/uploads\/2022\/06\/groupe-sos-logo-1.png","contentUrl":"https:\/\/www.groupe-sos.org\/wp-content\/uploads\/2022\/06\/groupe-sos-logo-1.png","width":300,"height":60,"caption":"Groupe SOS"},"image":{"@id":"https:\/\/www.groupe-sos.org\/en\/#\/schema\/logo\/image\/"},"sameAs":["https:\/\/www.facebook.com\/GroupeSOS\/","https:\/\/x.com\/groupesos","https:\/\/www.instagram.com\/groupe_sos\/","https:\/\/www.linkedin.com\/company\/groupe-sos\/?originalSubdomain=fr"]}]}},"_links":{"self":[{"href":"https:\/\/www.groupe-sos.org\/en\/wp-json\/wp\/v2\/pages\/194371","targetHints":{"allow":["GET"]}}],"collection":[{"href":"https:\/\/www.groupe-sos.org\/en\/wp-json\/wp\/v2\/pages"}],"about":[{"href":"https:\/\/www.groupe-sos.org\/en\/wp-json\/wp\/v2\/types\/page"}],"author":[{"embeddable":true,"href":"https:\/\/www.groupe-sos.org\/en\/wp-json\/wp\/v2\/users\/1"}],"replies":[{"embeddable":true,"href":"https:\/\/www.groupe-sos.org\/en\/wp-json\/wp\/v2\/comments?post=194371"}],"version-history":[{"count":4,"href":"https:\/\/www.groupe-sos.org\/en\/wp-json\/wp\/v2\/pages\/194371\/revisions"}],"predecessor-version":[{"id":220070,"href":"https:\/\/www.groupe-sos.org\/en\/wp-json\/wp\/v2\/pages\/194371\/revisions\/220070"}],"up":[{"embeddable":true,"href":"https:\/\/www.groupe-sos.org\/en\/wp-json\/wp\/v2\/pages\/174466"}],"wp:attachment":[{"href":"https:\/\/www.groupe-sos.org\/en\/wp-json\/wp\/v2\/media?parent=194371"}],"wp:term":[{"taxonomy":"secteur","embeddable":true,"href":"https:\/\/www.groupe-sos.org\/en\/wp-json\/wp\/v2\/secteur?post=194371"}],"curies":[{"name":"wp","href":"https:\/\/api.w.org\/{rel}","templated":true}]}}