{"id":182052,"date":"2022-06-10T11:37:20","date_gmt":"2022-06-10T09:37:20","guid":{"rendered":"https:\/\/www.groupe-sos.org\/groupe-sos\/"},"modified":"2024-10-04T11:59:11","modified_gmt":"2024-10-04T09:59:11","slug":"groupe-sos","status":"publish","type":"page","link":"https:\/\/www.groupe-sos.org\/es\/","title":{"rendered":"Groupe SOS"},"content":{"rendered":"<div id=\"field_62d69939af4f1\" class=\"container-fluid px-0 flexible_section block_hero\">   <div id=\"hero_62d69939af4f1\" class=\"hero_container px-0\">    <div class=\"hero_image_outer\"> <picture class=\"skip-lazy\">  \t\t\t\t\t<source srcset=\"https:\/\/www.groupe-sos.org\/wp-content\/uploads\/2022\/11\/GroupeSOS-home_lang.jpg\" media=\"(min-width: 578px)\" class=\"skip-lazy\">  \t\t\t\t\t<img srcset=\"https:\/\/www.groupe-sos.org\/wp-content\/uploads\/2022\/11\/GroupeSOS-home-mob_lang.jpg\" alt=\"\" class=\"heroimage\" \/>  \t\t\t\t<\/picture>   <\/div>   <\/div> <\/div>\n\n<div id=\"field_pow3242120d0ec34bef\" class=\"container-fluid px-0 flexible_section block_columns\">\n <div id=\"field_pow3242120d0ec34bef_inner\" class=\"container flexible_section_inner p-5 homeaccroche\">\n\n   <div class=\"row flexible_section_content\">\n\n   <div class=\"mb-3 mb-sm-0 col-sm-6 colonne colonne1\">\n    <div class=\"colonne_inner  text-left\">\n<h1>Emprender en beneficio de todos<\/h1>\n    <\/div>\n   <\/div>\n   <div class=\"col-sm-6 colonne colonne2\">\n    <div class=\"colonne_inner  text-left\">\n<p>Combatir la exclusi\u00f3n.<br \/>\nActuar sobre el terreno para que todos tengan acceso a lo esencial.<br \/>\nInnovar para afrontar los retos del ma\u00f1ana.<\/p>\n<p>Un grupo asociativo fundado en 1984 durante los a\u00f1os del SIDA, en respuesta a la epidemia del VIH\/sida que marc\u00f3 a la humanidad. L\u00edder del empresariado social en Europa.<\/p>\n<p>Un impacto sobre 2 millones de beneficiarios directos cada a\u00f1o.<\/p>\n    <\/div>\n   <\/div>\n  <\/div>\n\n <\/div>\n<\/div>\n\n\n<div id=\"field_pow2c1e4b6f74684bef\" class=\"container-fluid px-0 flexible_section block_customhtml\">\n <div id=\"field_pow2c1e4b6f74684bef_inner\" class=\"container flexible_section_inner\">\n\n<div class=\"row no-gutters\">\n\n <div class=\"col-12 col-sm-4 col_actionshomes pr-4\"><div class=\"col_actionshomes_inner bg-orange h-100 linkable\" data-dest=\"https:\/\/www.groupe-sos.org\/nos-actions\/les-personnes-vulnerables\/\">\n  <div class=\"col_actionshomes_top\"> \n    <h3 class=\"white p-5\">Para las personas vulnerables<\/h3>\n  <\/div>\n  <div class=\"col_actionshomes_top_more text-right m-0\"><a href=\"https:\/\/www.groupe-sos.org\/nos-actions\/les-personnes-vulnerables\/\" class=\"lightbluebutton\">M\u00e1s informaci\u00f3n<\/a><\/div>\n  <div class=\"col_actionshomes_bottom\" style=\"background:url(&quot;https:\/\/www.groupe-sos.org\/wp-content\/uploads\/2020\/12\/30_bdh_20190228_439.jpg&quot;) no-repeat 50% 0%;\"><\/div>\n <\/div><\/div>\n\n <div class=\"col-12 col-sm-4 col_actionshomes px-3\"><div class=\"col_actionshomes_inner bg-red h-100 linkable\" data-dest=\"https:\/\/www.groupe-sos.org\/nos-actions\/les-generations-futures\/\">\n  <div class=\"col_actionshomes_top\"> \n    <h3 class=\"white p-5\">Para las generaciones futuras<\/h3>\n  <\/div>\n  <div class=\"col_actionshomes_top_more text-right m-0\"><a href=\"https:\/\/www.groupe-sos.org\/nos-actions\/les-generations-futures\/\" class=\"lightbluebutton\">M\u00e1s informaci\u00f3n<\/a><\/div>\n  <div class=\"col_actionshomes_bottom\" style=\"background:url(&quot;https:\/\/www.groupe-sos.org\/wp-content\/uploads\/2023\/03\/jeunesse-1.jpg&quot;) no-repeat 50% 50%;background-size:cover;\"><\/div>\n <\/div><\/div>\n\n <div class=\"col-12 col-sm-4 col_actionshomes pl-4\"><div class=\"col_actionshomes_inner bg-green h-100 linkable\" data-dest=\"https:\/\/www.groupe-sos.org\/nos-actions\/les-territoires\/\">\n  <div class=\"col_actionshomes_top\"> \n    <h3 class=\"white p-5\">Para las comunidades locales<\/h3>\n  <\/div>\n  <div class=\"col_actionshomes_top_more text-right m-0\"><a href=\"https:\/\/www.groupe-sos.org\/nos-actions\/les-territoires\/\" class=\"lightbluebutton\">M\u00e1s informaci\u00f3n<\/a><\/div>\n  <div class=\"col_actionshomes_bottom\" style=\"background:url(&quot;https:\/\/www.groupe-sos.org\/wp-content\/uploads\/2023\/03\/1000-cafes_web.jpg&quot;) no-repeat 50% 50%;background-size:cover;\"><\/div>\n <\/div><\/div>\n\n<\/div> <\/div>\n<\/div>\n\n\n<div id=\"field_62d7d34f14fb7\" class=\"container-fluid px-0 flexible_section block_columns\">\n <div id=\"field_62d7d34f14fb7_inner\" class=\"container flexible_section_inner\">\n\n  <div class=\"row flexible_section_title_container\"><div class=\"col-12 flexible_section_title_col\"><h2 class=\"flexible_section_title mb-5 text-left  \">Carte des \u00e9tablissements et associations<\/h2><\/div><\/div>\n   <div class=\"row flexible_section_content\">\n\n   <div class=\"blockbutton mb-3 mb-sm-0 col-sm-4 colonne colonne1\">\n    <div class=\"colonne_inner h-100 text-left\">\n<h3>En el coraz\u00f3n de los territorios<\/h3>\n<p>Las necesidades emergen en todas partes, cada una con sus particularidades locales y territoriales. El Groue SOS est\u00e1 presente en m\u00e1s de 50 pa\u00edses para responder a las necesidades de los m\u00e1s vulnerables, de las generaciones futuras y de los territorios. El Groupe SOS trabaja sobre el terreno en colaboraci\u00f3n con los habitantes y los actores locales para encontrar soluciones a los problemas medioambientales y sociales.<br \/>\n<a class=\"lightbluebutton\" href=\"https:\/\/www.groupe-sos.org\/en\/le-groupe-sos\/our-international-projects\/\">Dar un vistazo<\/a><\/p>\n    <\/div>\n   <\/div>\n   <div class=\"col-sm-8 colonne colonne2\">\n    <div class=\"colonne_inner text-center d-flex align-items-center justify-content-center\">\n    <div class=\"colonne_inner_sub \">\n<p><img decoding=\"async\" class=\"alignright size-large wp-image-175956\" src=\"https:\/\/www.groupe-sos.org\/wp-content\/uploads\/2023\/06\/carte-internationale-juin-2023-1024x622.png\" alt=\"\" width=\"1024\" height=\"622\" srcset=\"https:\/\/www.groupe-sos.org\/wp-content\/uploads\/2023\/06\/carte-internationale-juin-2023-1024x622.png 1024w, https:\/\/www.groupe-sos.org\/wp-content\/uploads\/2023\/06\/carte-internationale-juin-2023-300x182.png 300w, https:\/\/www.groupe-sos.org\/wp-content\/uploads\/2023\/06\/carte-internationale-juin-2023-768x467.png 768w, https:\/\/www.groupe-sos.org\/wp-content\/uploads\/2023\/06\/carte-internationale-juin-2023.png 1114w\" sizes=\"(max-width: 1024px) 100vw, 1024px\" \/><\/p>\n    <\/div>\n    <\/div>\n   <\/div>\n  <\/div>\n\n <\/div>\n<\/div>\n\n\n\n\n<div id=\"field_powb54720eab07a423c\" class=\"container-fluid px-0 flexible_section block_innertemplate\">\n <div id=\"field_powb54720eab07a423c_inner\" class=\"container flexible_section_inner\">\n\n   <div class=\"row flexible_section_content\">\n\n  <\/div>\n\n <\/div>\n<\/div>\n\n\n<div id=\"field_pow9794ff7032db4582\" class=\"container-fluid px-0 flexible_section block_columns\">\n <div id=\"field_pow9794ff7032db4582_inner\" class=\"container flexible_section_inner\">\n\n  <div class=\"row flexible_section_title_container\"><div class=\"col-12 flexible_section_title_col\"><h2 class=\"flexible_section_title mb-5 text-left  \">Vid\u00e9os<\/h2><\/div><\/div>\n   <div class=\"row flexible_section_content\">\n\n   <div class=\"mb-3 mb-sm-0 mb-3 mb-sm-0 col-sm-6 colonne colonne1\">\n    <div class=\"colonne_inner  text-left\">\n<p><iframe title=\"Groupe SOS - Emprender en beneficio de todos\" width=\"500\" height=\"281\" src=\"https:\/\/www.youtube.com\/embed\/8DxJgoi0WKU?feature=oembed\" frameborder=\"0\" allowfullscreen><\/iframe><\/p>\n    <\/div>\n   <\/div>\n   <div class=\"col-sm-6 colonne colonne2\">\n    <div class=\"colonne_inner  text-left\">\n<p><iframe title=\"Groupe SOS : our teams worldwide\" width=\"500\" height=\"281\" src=\"https:\/\/www.youtube.com\/embed\/e2-p2gLQqBE?feature=oembed\" frameborder=\"0\" allowfullscreen><\/iframe><\/p>\n    <\/div>\n   <\/div>\n  <\/div>\n\n  <div class=\"row flexible_section_footer\"><div class=\"col\"><p style=\"text-align: center\"><a class=\"lightbluebutton mt-3\" href=\"https:\/\/www.youtube.com\/c\/GroupeSOS-ESS\" target=\"_blank\" rel=\"noopener\">Todos los v\u00eddeos<\/a><\/p>\n<\/div><\/div>\n\n <\/div>\n<\/div>\n","protected":false},"excerpt":{"rendered":"<p>Un groupe associatif leader de l\u2019entrepreneuriat social en Europe.<\/p>\n","protected":false},"author":1,"featured_media":0,"parent":0,"menu_order":139,"comment_status":"closed","ping_status":"closed","template":"page-flexipow.php","meta":{"_acf_changed":false,"footnotes":""},"secteur":[],"class_list":["post-182052","page","type-page","status-publish","hentry"],"acf":[],"yoast_head":"<!-- This site is optimized with the Yoast SEO plugin v26.5 - https:\/\/yoast.com\/wordpress\/plugins\/seo\/ -->\n<title>Groupe SOS - Entreprendre au profit de tous<\/title>\n<meta name=\"description\" content=\"Un groupe associatif leader de l\u2019entrepreneuriat social en Europe.\" \/>\n<meta name=\"robots\" content=\"index, follow, max-snippet:-1, max-image-preview:large, max-video-preview:-1\" \/>\n<link rel=\"canonical\" href=\"https:\/\/www.groupe-sos.org\/es\/\" \/>\n<meta property=\"og:locale\" content=\"es_ES\" \/>\n<meta property=\"og:type\" content=\"article\" \/>\n<meta property=\"og:title\" content=\"Groupe SOS - Entreprendre au profit de tous\" \/>\n<meta property=\"og:description\" content=\"Un groupe associatif leader de l\u2019entrepreneuriat social en Europe.\" \/>\n<meta property=\"og:url\" content=\"https:\/\/www.groupe-sos.org\/es\/\" \/>\n<meta property=\"og:site_name\" content=\"Groupe SOS\" \/>\n<meta property=\"article:publisher\" content=\"https:\/\/www.facebook.com\/GroupeSOS\/\" \/>\n<meta property=\"article:modified_time\" content=\"2024-10-04T09:59:11+00:00\" \/>\n<meta name=\"twitter:card\" content=\"summary_large_image\" \/>\n<meta name=\"twitter:site\" content=\"@groupesos\" \/>\n<meta name=\"twitter:label1\" content=\"Tiempo de lectura\" \/>\n\t<meta name=\"twitter:data1\" content=\"1 minuto\" \/>\n<script type=\"application\/ld+json\" class=\"yoast-schema-graph\">{\"@context\":\"https:\/\/schema.org\",\"@graph\":[{\"@type\":\"WebPage\",\"@id\":\"https:\/\/www.groupe-sos.org\/es\/\",\"url\":\"https:\/\/www.groupe-sos.org\/es\/\",\"name\":\"Groupe SOS - Entreprendre au profit de tous\",\"isPartOf\":{\"@id\":\"https:\/\/www.groupe-sos.org\/es\/#website\"},\"datePublished\":\"2022-06-10T09:37:20+00:00\",\"dateModified\":\"2024-10-04T09:59:11+00:00\",\"description\":\"Un groupe associatif leader de l\u2019entrepreneuriat social en Europe.\",\"breadcrumb\":{\"@id\":\"https:\/\/www.groupe-sos.org\/es\/#breadcrumb\"},\"inLanguage\":\"es\",\"potentialAction\":[{\"@type\":\"ReadAction\",\"target\":[\"https:\/\/www.groupe-sos.org\/es\/\"]}]},{\"@type\":\"BreadcrumbList\",\"@id\":\"https:\/\/www.groupe-sos.org\/es\/#breadcrumb\",\"itemListElement\":[{\"@type\":\"ListItem\",\"position\":1,\"name\":\"Home\",\"item\":\"https:\/\/www.groupe-sos.org\/es\/\"},{\"@type\":\"ListItem\",\"position\":2,\"name\":\"Groupe SOS\"}]},{\"@type\":\"WebSite\",\"@id\":\"https:\/\/www.groupe-sos.org\/es\/#website\",\"url\":\"https:\/\/www.groupe-sos.org\/es\/\",\"name\":\"Groupe SOS Entreprendre au profit de tous\",\"description\":\"Entreprendre au profit de tous\",\"publisher\":{\"@id\":\"https:\/\/www.groupe-sos.org\/es\/#organization\"},\"alternateName\":\"Groupe SOS\",\"potentialAction\":[{\"@type\":\"SearchAction\",\"target\":{\"@type\":\"EntryPoint\",\"urlTemplate\":\"https:\/\/www.groupe-sos.org\/es\/?s={search_term_string}\"},\"query-input\":{\"@type\":\"PropertyValueSpecification\",\"valueRequired\":true,\"valueName\":\"search_term_string\"}}],\"inLanguage\":\"es\"},{\"@type\":\"Organization\",\"@id\":\"https:\/\/www.groupe-sos.org\/es\/#organization\",\"name\":\"Groupe SOS\",\"alternateName\":\"Entreprendre au profit de tous\",\"url\":\"https:\/\/www.groupe-sos.org\/es\/\",\"logo\":{\"@type\":\"ImageObject\",\"inLanguage\":\"es\",\"@id\":\"https:\/\/www.groupe-sos.org\/es\/#\/schema\/logo\/image\/\",\"url\":\"https:\/\/www.groupe-sos.org\/wp-content\/uploads\/2022\/06\/groupe-sos-logo-1.png\",\"contentUrl\":\"https:\/\/www.groupe-sos.org\/wp-content\/uploads\/2022\/06\/groupe-sos-logo-1.png\",\"width\":300,\"height\":60,\"caption\":\"Groupe SOS\"},\"image\":{\"@id\":\"https:\/\/www.groupe-sos.org\/es\/#\/schema\/logo\/image\/\"},\"sameAs\":[\"https:\/\/www.facebook.com\/GroupeSOS\/\",\"https:\/\/x.com\/groupesos\",\"https:\/\/www.instagram.com\/groupe_sos\/\",\"https:\/\/www.linkedin.com\/company\/groupe-sos\/?originalSubdomain=fr\"]}]}<\/script>\n<!-- \/ Yoast SEO plugin. -->","yoast_head_json":{"title":"Groupe SOS - Entreprendre au profit de tous","description":"Un groupe associatif leader de l\u2019entrepreneuriat social en Europe.","robots":{"index":"index","follow":"follow","max-snippet":"max-snippet:-1","max-image-preview":"max-image-preview:large","max-video-preview":"max-video-preview:-1"},"canonical":"https:\/\/www.groupe-sos.org\/es\/","og_locale":"es_ES","og_type":"article","og_title":"Groupe SOS - Entreprendre au profit de tous","og_description":"Un groupe associatif leader de l\u2019entrepreneuriat social en Europe.","og_url":"https:\/\/www.groupe-sos.org\/es\/","og_site_name":"Groupe SOS","article_publisher":"https:\/\/www.facebook.com\/GroupeSOS\/","article_modified_time":"2024-10-04T09:59:11+00:00","twitter_card":"summary_large_image","twitter_site":"@groupesos","twitter_misc":{"Tiempo de lectura":"1 minuto"},"schema":{"@context":"https:\/\/schema.org","@graph":[{"@type":"WebPage","@id":"https:\/\/www.groupe-sos.org\/es\/","url":"https:\/\/www.groupe-sos.org\/es\/","name":"Groupe SOS - Entreprendre au profit de tous","isPartOf":{"@id":"https:\/\/www.groupe-sos.org\/es\/#website"},"datePublished":"2022-06-10T09:37:20+00:00","dateModified":"2024-10-04T09:59:11+00:00","description":"Un groupe associatif leader de l\u2019entrepreneuriat social en Europe.","breadcrumb":{"@id":"https:\/\/www.groupe-sos.org\/es\/#breadcrumb"},"inLanguage":"es","potentialAction":[{"@type":"ReadAction","target":["https:\/\/www.groupe-sos.org\/es\/"]}]},{"@type":"BreadcrumbList","@id":"https:\/\/www.groupe-sos.org\/es\/#breadcrumb","itemListElement":[{"@type":"ListItem","position":1,"name":"Home","item":"https:\/\/www.groupe-sos.org\/es\/"},{"@type":"ListItem","position":2,"name":"Groupe SOS"}]},{"@type":"WebSite","@id":"https:\/\/www.groupe-sos.org\/es\/#website","url":"https:\/\/www.groupe-sos.org\/es\/","name":"Groupe SOS Entreprendre au profit de tous","description":"Entreprendre au profit de tous","publisher":{"@id":"https:\/\/www.groupe-sos.org\/es\/#organization"},"alternateName":"Groupe SOS","potentialAction":[{"@type":"SearchAction","target":{"@type":"EntryPoint","urlTemplate":"https:\/\/www.groupe-sos.org\/es\/?s={search_term_string}"},"query-input":{"@type":"PropertyValueSpecification","valueRequired":true,"valueName":"search_term_string"}}],"inLanguage":"es"},{"@type":"Organization","@id":"https:\/\/www.groupe-sos.org\/es\/#organization","name":"Groupe SOS","alternateName":"Entreprendre au profit de tous","url":"https:\/\/www.groupe-sos.org\/es\/","logo":{"@type":"ImageObject","inLanguage":"es","@id":"https:\/\/www.groupe-sos.org\/es\/#\/schema\/logo\/image\/","url":"https:\/\/www.groupe-sos.org\/wp-content\/uploads\/2022\/06\/groupe-sos-logo-1.png","contentUrl":"https:\/\/www.groupe-sos.org\/wp-content\/uploads\/2022\/06\/groupe-sos-logo-1.png","width":300,"height":60,"caption":"Groupe SOS"},"image":{"@id":"https:\/\/www.groupe-sos.org\/es\/#\/schema\/logo\/image\/"},"sameAs":["https:\/\/www.facebook.com\/GroupeSOS\/","https:\/\/x.com\/groupesos","https:\/\/www.instagram.com\/groupe_sos\/","https:\/\/www.linkedin.com\/company\/groupe-sos\/?originalSubdomain=fr"]}]}},"_links":{"self":[{"href":"https:\/\/www.groupe-sos.org\/es\/wp-json\/wp\/v2\/pages\/182052","targetHints":{"allow":["GET"]}}],"collection":[{"href":"https:\/\/www.groupe-sos.org\/es\/wp-json\/wp\/v2\/pages"}],"about":[{"href":"https:\/\/www.groupe-sos.org\/es\/wp-json\/wp\/v2\/types\/page"}],"author":[{"embeddable":true,"href":"https:\/\/www.groupe-sos.org\/es\/wp-json\/wp\/v2\/users\/1"}],"replies":[{"embeddable":true,"href":"https:\/\/www.groupe-sos.org\/es\/wp-json\/wp\/v2\/comments?post=182052"}],"version-history":[{"count":11,"href":"https:\/\/www.groupe-sos.org\/es\/wp-json\/wp\/v2\/pages\/182052\/revisions"}],"predecessor-version":[{"id":203323,"href":"https:\/\/www.groupe-sos.org\/es\/wp-json\/wp\/v2\/pages\/182052\/revisions\/203323"}],"wp:attachment":[{"href":"https:\/\/www.groupe-sos.org\/es\/wp-json\/wp\/v2\/media?parent=182052"}],"wp:term":[{"taxonomy":"secteur","embeddable":true,"href":"https:\/\/www.groupe-sos.org\/es\/wp-json\/wp\/v2\/secteur?post=182052"}],"curies":[{"name":"wp","href":"https:\/\/api.w.org\/{rel}","templated":true}]}}