{"id":184569,"date":"2022-09-01T11:24:47","date_gmt":"2022-09-01T09:24:47","guid":{"rendered":"https:\/\/www.groupe-sos.org\/notre-gouvernance\/"},"modified":"2025-03-18T10:38:49","modified_gmt":"2025-03-18T09:38:49","slug":"notre-gouvernance","status":"publish","type":"page","link":"https:\/\/www.groupe-sos.org\/es\/notre-gouvernance\/","title":{"rendered":"Nuestra gobernanza\u00a0"},"content":{"rendered":"<div id=\"field_powefe37b8620b8433d\" class=\"container-fluid px-0 flexible_section heropages block_hero\">\n  <div id=\"hero_powefe37b8620b8433d\" class=\"hero_container px-0\">\n   <div class=\"hero_image_outer\">\n<picture class=\"skip-lazy\">\r\n\t\t\t\t\t<source srcset=\"https:\/\/www.groupe-sos.org\/wp-content\/uploads\/2022\/11\/GroupeSOS-home_lang.jpg\" media=\"(min-width: 578px)\" class=\"skip-lazy\">\r\n\t\t\t\t\t<img srcset=\"https:\/\/www.groupe-sos.org\/wp-content\/uploads\/2022\/11\/GroupeSOS-home-mob_lang.jpg\" alt=\"\" class=\"heroimage \" \/>\r\n\t\t\t\t<\/picture>   <\/div>\n  <\/div>\n<\/div>\n\n\n<div id=\"field_pow09dffa246fba4c8d\" class=\"container-fluid px-0 flexible_section block_columns\">\n <div id=\"field_pow09dffa246fba4c8d_inner\" class=\"container flexible_section_inner\">\n\n   <div class=\"row flexible_section_content\">\n\n   <div class=\"p-5 col-sm-12 colonne colonne1\">\n    <div class=\"colonne_inner  text-left\">\n<h3>El Groupe SOS<\/h3>\n<h1><span>Nuestra gobernanza<\/span><span>\u00a0<\/span><\/h1>\n    <\/div>\n   <\/div>\n  <\/div>\n\n <\/div>\n<\/div>\n\n\n<div id=\"field_powd3e6a89f332c4d29\" class=\"container-fluid px-0 flexible_section block_breadcrumb\">\n <div id=\"field_powd3e6a89f332c4d29_inner\" class=\"container flexible_section_inner\">\n\n  <div class=\"row flexible_section_content\">\n\n   <div class=\"breadcrumb_outer\" id=\"breadcrumb_powd3e6a89f332c4d29\">\n\n   <nav aria-label=\"breadcrumb\" id=\"breadcrumb_powd3e6a89f332c4d29_nav\">\n    <ol class=\"breadcrumb\">\n<li class=\"breadcrumb-item active\" aria-current=\"page\">Nuestra gobernanza\u00a0<\/li>\n      <\/ol>\n   <\/nav>\n\n   <\/div>\n\n  <\/div>\n\n <\/div>\n<\/div>\n\n\n<div id=\"field_pow04f034ed100049c6\" class=\"container-fluid px-0 flexible_section block_onepagenav\">\n <div id=\"field_pow04f034ed100049c6_inner\" class=\"container flexible_section_inner\">\n\n<div id=\"onepagecontainer_pow04f034ed100049c6\" class=\"onepagemenucontainer \">\n<div class=\"container-fluid\">\n<div class=\"row\">\n<div id=\"onepagemenu_outer_pow04f034ed100049c6\" class=\"onepagemenu_outer \"><ul id=\"onepagemenu_pow04f034ed100049c6\" class=\"nav\">\n<li data-menuanchor=\"field_powc61bbb8c49b5473a\" class=\"px-3 active\"><a href=\"#field_powc61bbb8c49b5473a\" data-yoffset=\"200\" class=\"onepagescroll\">Un management salari\u00e9 coll\u00e9gial<\/a><\/li>\n<li data-menuanchor=\"field_powd883ac39594f4473\" class=\"px-3\"><a href=\"#field_powd883ac39594f4473\" data-yoffset=\"200\" class=\"onepagescroll\">Une gouvernance b\u00e9n\u00e9vole<\/a><\/li>\n<\/ul>\n<\/div>\n<\/div><\/div><\/div> <\/div>\n<\/div>\n<script type=\"text\/javascript\">\r\n\t\t\t\tjQuery(document).ready(function() {\r\n\t\t\t\t\t\t\r\n\t\r\n\tjQuery('#onepagemenu_pow04f034ed100049c6 li a').removeClass('current');\r\n\t\r\n\tjQuery(window).scroll( function( e ){ \r\n\t\tjQuery('.custom_flexible_section').on('inview', function(event, isInView) {\r\n\t\tif (isInView) {\r\n\t\t\tvar dest_id = jQuery(this).attr('id');\r\n\t\t\tjQuery('h2.flexible_section_title',this).addClass('currenttitlesection'); \r\n\t\t\tjQuery('#onepagemenu_pow04f034ed100049c6 a').removeClass('current');\r\n\t\t\tjQuery('#onepagemenu_pow04f034ed100049c6 a[href=\"#' + dest_id + '\"]').addClass('current');\r\n\t\t\tconsole.log('DATA : ' + dest_id);\r\n\t\t}\r\n\t\telse { \r\n\t\t\tjQuery('h2.flexible_section_title',this).removeClass('currenttitlesection'); \r\n\t\t}\r\n\t\t});\r\n\t});\r\n\t\r\n\tjQuery('#onepagemenu_pow04f034ed100049c6 li a.onepagescroll').on('click', function() {  \r\n\t\tevent.preventDefault();\r\n\t\tvar section = jQuery(this).attr('href'); \r\n\t\tvar yoffset = jQuery(this).data('yoffset'); \r\n\t\tjQuery('html, body').animate({\r\n\t\t\tscrollTop: jQuery(section).offset().top-yoffset\r\n\t\t}, 750);\r\n\t\tjQuery('#onepagemenu_pow04f034ed100049c6 li a').removeClass('current');\r\n\t\tjQuery(this).addClass('current');\r\n\t});\r\n\t\r\n\t\n\r\n\t\t\t\t});\t\t\r\n\t\t\t<\/script>\n\n<div id=\"field_63242aeb8f47f\" class=\"container-fluid px-0 flexible_section block_columns\">\n <div id=\"field_63242aeb8f47f_inner\" class=\"container flexible_section_inner\">\n\n   <div class=\"row flexible_section_content\">\n\n   <div class=\"col-sm-12 colonne colonne1\">\n    <div class=\"colonne_inner  text-left\">\n<p><b><span>El Groupe SOS, es un grupo asociativo sin inversionistas y sin fines de lucro, es una uni\u00f3n de asociaciones. Agrupa a asociaciones, empresas sociales y establecimientos que utilizan sus recursos y trabajan juntos compartiendo diferentes pr\u00e1cticas y experiencias con el objetivo de actuar en beneficio de todos.<\/span><\/b><span>\u00a0<\/span><\/p>\n<h1><span>La Gobernanza de las asociaciones y empresas sociales del Groupe SOS<\/span><span>\u00a0<\/span><\/h1>\n<p><span>Cada una de las asociaciones y empresas sociales del Groupe SOS cuentan con sus propias gobernanzas: un presidente o presidenta, un vicepresidente o vicepresidenta, un consejo de orientaci\u00f3n, etc. <\/span><\/p>\n<p><span>Estas instancias desempe\u00f1an el papel de direcci\u00f3n y orientaci\u00f3n, como en cualquier organizaci\u00f3n. Todas las asociaciones del Groupe SOS est\u00e1n representadas en el consejo de administraci\u00f3n de la Uni\u00f3n Groupe SOS.<\/span><span>\u00a0<\/span><\/p>\n<p>&nbsp;<\/p>\n<p style=\"text-align: center\"><a class=\"lightbluebutton\" href=\"https:\/\/www.groupe-sos.org\/es\/nos-associations-etablissements-entreprises\/\"><span>Dale un vistazo a todas las asociaciones y empresas sociales del Groupe SOS<\/span><span>\u00a0<\/span><\/a><\/p>\n<p><span>\u00a0<\/span><\/p>\n<p>&nbsp;<\/p>\n    <\/div>\n   <\/div>\n  <\/div>\n\n <\/div>\n<\/div>\n\n\n<div id=\"field_pow06502c066fdb4292\" class=\"container-fluid px-0 flexible_section block_columns\">\n <div id=\"field_pow06502c066fdb4292_inner\" class=\"container flexible_section_inner\">\n\n  <div class=\"row flexible_section_title_container\"><div class=\"col-12 flexible_section_title_col\"><h2 class=\"flexible_section_title mb-5 text-left  \">Una gobernanza compuesta de voluntarios<\/h2><\/div><\/div>\n   <div class=\"row flexible_section_content\">\n\n   <div class=\"col-sm-12 colonne colonne1\">\n    <div class=\"colonne_inner  text-left\">\n<p>Estas instituciones, asociaciones y empresas sociales del Groupe SOS est\u00e1n divididas por oficios, <strong>en 8 asociaciones fundadoras<\/strong>. Cada asociaci\u00f3n fundadora tiene su propio consejo de administraci\u00f3n compuesto por administradores y administradoras voluntarios.<\/p>\n<p>Cada consejo de administraci\u00f3n elige a 2 representantes, <strong>que participan en el consejo administrativo de la Uni\u00f3n del Groupe SOS<\/strong>. Los representantes de los 8 consejos administrativos forman el Consejo administrativo de la Uni\u00f3n Groupe SOS.<\/p>\n<p><span>\u00a0<\/span><\/p>\n    <\/div>\n   <\/div>\n  <\/div>\n\n <\/div>\n<\/div>\n\n\n<div id=\"field_powffb9e1c9de004a75\" class=\"container-fluid px-0 flexible_section block_columns\">\n <div id=\"field_powffb9e1c9de004a75_inner\" class=\"container flexible_section_inner\">\n\n  <div class=\"row flexible_section_title_container\"><div class=\"col-12 flexible_section_title_col\"><h2 class=\"flexible_section_title mb-5 text-left  \">La Uni\u00f3n del Groupe SOS, al servicio de las asociaciones y empresas sociales del Groupe SOS<\/h2><\/div><\/div>\n   <div class=\"row flexible_section_content\">\n\n   <div class=\"col-sm-12 colonne colonne1\">\n    <div class=\"colonne_inner  text-left\">\n<p>El gobierno de la Uni\u00f3n Groupe SOS est\u00e1 compuesto por :<\/p>\n<p><strong>Gobernanza voluntaria<\/strong><\/p>\n<p>La funci\u00f3n de la Asamblea General, compuesta por todos los miembros activos de las asociaciones del Sindicato, y del Consejo de Administraci\u00f3n del Sindicato, es definir la orientaci\u00f3n estrat\u00e9gica del Groupe SOS, aprobar las cuentas y controlar los presupuestos de sus actividades.<\/p>\n<p><strong>Gesti\u00f3n participativa de los empleados<\/strong><\/p>\n<p>La Directiva es el \u00f3rgano ejecutivo del Groupe SOS, que aplica las orientaciones definidas por el Consejo de Administraci\u00f3n. La Directiva est\u00e1 compuesta por un Presidente (Jean-Marc Borello) y 8 Vicepresidentes Ejecutivos. Las decisiones del Comit\u00e9 Ejecutivo se toman por mayor\u00eda.<\/p>\n<p>El Comit\u00e9 Ejecutivo, compuesto por los Directores Generales y los directores transversales, contribuye al proceso de toma de decisiones del Consejo Ejecutivo inform\u00e1ndole de la realidad de las operaciones sobre el terreno, y aplica las pol\u00edticas decididas por el Consejo Ejecutivo.<\/p>\n    <\/div>\n   <\/div>\n  <\/div>\n\n <\/div>\n<\/div>\n\n\n<div id=\"field_powc61bbb8c49b5473a\" class=\"container-fluid px-0 flexible_section block_columns\">\n <div id=\"field_powc61bbb8c49b5473a_inner\" class=\"container flexible_section_inner\">\n\n  <div class=\"row flexible_section_title_container\"><div class=\"col-12 flexible_section_title_col\"><h2 class=\"flexible_section_title mb-5 text-left  \">Una gesti\u00f3n participativa de empleados <\/h2><\/div><\/div>\n   <div class=\"row flexible_section_content\">\n\n   <div class=\"mb-3 mb-sm-0 col-sm-6 colonne colonne1\">\n    <div class=\"colonne_inner  text-left\">\n<h3><b><span>La Directiva<\/span><\/b><span>\u00a0<\/span><\/h3>\n<p><span>La directiva es la instancia ejecutiva del Groupe SOS quien se encarga de implementar las decisiones definidas por el Consejo de administraci\u00f3n. La directiva est\u00e1 compuesta por el Presidente de la Directiva y 9 Vicepresidentes Ejecutivos. Las decisiones de la directiva se toman por mayor\u00eda de votos.<\/span><span>\u00a0<\/span><\/p>\n    <\/div>\n   <\/div>\n   <div class=\"col-sm-6 colonne colonne2\">\n    <div class=\"colonne_inner  text-left\">\n<h3><b><span>El Comex<\/span><\/b><span>\u00a0<\/span><\/h3>\n<p><span>Est\u00e1 compuesto por los Directores y Directoras Generales y los Directores y Directoras de funciones transversales, contribuye con la toma de decisiones, brindando informaci\u00f3n sobre las realidades de las actividades y las acciones llevadas a cabo en el terreno, y ejecuta las decisiones tomadas por la Directiva.\u00a0<\/span><span>\u00a0<\/span><\/p>\n<p><span>\u00a0<\/span><\/p>\n    <\/div>\n   <\/div>\n  <\/div>\n\n <\/div>\n<\/div>\n\n\n<div id=\"field_63283a37ccb81\" class=\"container-fluid px-0 flexible_section block_columns\">\n <div id=\"field_63283a37ccb81_inner\" class=\"container flexible_section_inner\">\n\n   <div class=\"row flexible_section_content\">\n\n   <div class=\"mb-3 mb-sm-0 col-sm-6 colonne colonne1\">\n    <div class=\"colonne_inner p-3 h-100 text-left\">\n<h3><b><span>La Direcci\u00f3n transversal<\/span><\/b><span>\u00a0<\/span><\/h3>\n<p><span>La Direcci\u00f3n transversal del Groupe SOS (que incluyen la Direcci\u00f3n financiera; de desarrollo e innovaci\u00f3n; de comunicaci\u00f3n: de compras y desarrollo sostenible; as\u00ed como la direcci\u00f3n jur\u00eddica etc) Se agrupan en la Secretaria General y el Gabinete. Estas direcciones desempe\u00f1an un papel clave impulsando los proyectos interdepartamentales, brindando apoyo a las distintas \u00e1reas de trabajo y supervisando y consolidando las actividades legales y financieras del Groupe SOS. <\/span><span>\u00a0<\/span><\/p>\n<p><span>\u00a0<\/span><\/p>\n    <\/div>\n   <\/div>\n   <div class=\"col-sm-6 colonne colonne2\">\n    <div class=\"colonne_inner p-3 h-100 text-left\">\n<h3><b><span>Los delegados regionales<\/span><\/b><span>\u00a0<\/span><\/h3>\n<p><span>Los delegados regionales intervienen en las distintas regiones para:\u00a0<\/span><span>\u00a0<\/span><\/p>\n<ul>\n<li>Promover las actividades del Groupe SOS en la regi\u00f3n.<\/li>\n<li>Representar al Groupe SOS en el \u00e1mbito profesional.<\/li>\n<li>Brindar apoyo a los directores de la regi\u00f3n.<\/li>\n<li>Identificar oportunidades de desarrollo del Grupo en las diferentes regiones.<\/li>\n<\/ul>\n    <\/div>\n   <\/div>\n  <\/div>\n\n <\/div>\n<\/div>\n","protected":false},"excerpt":{"rendered":"<p>Le Groupe SOS, sans actionnaire, non-lucratif, est organis\u00e9 sous la forme d\u2019une Union d\u2019associations, chaque association couvrant un m\u00e9tier du Groupe. L&#8217;Union dispose d&#8217;un Conseil d&#8217;administration, d&#8217;un Comex et d&#8217;un Directoire.<\/p>\n","protected":false},"author":1,"featured_media":0,"parent":0,"menu_order":150,"comment_status":"closed","ping_status":"closed","template":"page-flexipow.php","meta":{"_acf_changed":false,"footnotes":""},"secteur":[],"class_list":["post-184569","page","type-page","status-publish","hentry"],"acf":[],"yoast_head":"<!-- This site is optimized with the Yoast SEO plugin v27.4 - https:\/\/yoast.com\/product\/yoast-seo-wordpress\/ -->\n<title>Nuestra gobernanza\u00a0 - Groupe SOS<\/title>\n<meta name=\"description\" content=\"Le Groupe SOS, sans actionnaire, non-lucratif, est organis\u00e9 sous la forme d\u2019une Union d\u2019associations, chaque association couvrant un m\u00e9tier du Groupe. L&#039;Union dispose d&#039;un Conseil d&#039;administration, d&#039;un Comex et d&#039;un Directoire.\" \/>\n<meta name=\"robots\" content=\"index, follow, max-snippet:-1, max-image-preview:large, max-video-preview:-1\" \/>\n<link rel=\"canonical\" href=\"https:\/\/www.groupe-sos.org\/es\/notre-gouvernance\/\" \/>\n<meta property=\"og:locale\" content=\"es_ES\" \/>\n<meta property=\"og:type\" content=\"article\" \/>\n<meta property=\"og:title\" content=\"Nuestra gobernanza\u00a0 - Groupe SOS\" \/>\n<meta property=\"og:description\" content=\"Le Groupe SOS, sans actionnaire, non-lucratif, est organis\u00e9 sous la forme d\u2019une Union d\u2019associations, chaque association couvrant un m\u00e9tier du Groupe. L&#039;Union dispose d&#039;un Conseil d&#039;administration, d&#039;un Comex et d&#039;un Directoire.\" \/>\n<meta property=\"og:url\" content=\"https:\/\/www.groupe-sos.org\/es\/notre-gouvernance\/\" \/>\n<meta property=\"og:site_name\" content=\"Groupe SOS\" \/>\n<meta property=\"article:publisher\" content=\"https:\/\/www.facebook.com\/GroupeSOS\/\" \/>\n<meta property=\"article:modified_time\" content=\"2025-03-18T09:38:49+00:00\" \/>\n<meta name=\"twitter:card\" content=\"summary_large_image\" \/>\n<meta name=\"twitter:site\" content=\"@groupesos\" \/>\n<meta name=\"twitter:label1\" content=\"Tiempo de lectura\" \/>\n\t<meta name=\"twitter:data1\" content=\"4 minutos\" \/>\n<script type=\"application\/ld+json\" class=\"yoast-schema-graph\">{\"@context\":\"https:\\\/\\\/schema.org\",\"@graph\":[{\"@type\":\"WebPage\",\"@id\":\"https:\\\/\\\/www.groupe-sos.org\\\/es\\\/notre-gouvernance\\\/\",\"url\":\"https:\\\/\\\/www.groupe-sos.org\\\/es\\\/notre-gouvernance\\\/\",\"name\":\"Nuestra gobernanza\u00a0 - Groupe SOS\",\"isPartOf\":{\"@id\":\"https:\\\/\\\/www.groupe-sos.org\\\/es\\\/#website\"},\"datePublished\":\"2022-09-01T09:24:47+00:00\",\"dateModified\":\"2025-03-18T09:38:49+00:00\",\"description\":\"Le Groupe SOS, sans actionnaire, non-lucratif, est organis\u00e9 sous la forme d\u2019une Union d\u2019associations, chaque association couvrant un m\u00e9tier du Groupe. L'Union dispose d'un Conseil d'administration, d'un Comex et d'un Directoire.\",\"breadcrumb\":{\"@id\":\"https:\\\/\\\/www.groupe-sos.org\\\/es\\\/notre-gouvernance\\\/#breadcrumb\"},\"inLanguage\":\"es\",\"potentialAction\":[{\"@type\":\"ReadAction\",\"target\":[\"https:\\\/\\\/www.groupe-sos.org\\\/es\\\/notre-gouvernance\\\/\"]}]},{\"@type\":\"BreadcrumbList\",\"@id\":\"https:\\\/\\\/www.groupe-sos.org\\\/es\\\/notre-gouvernance\\\/#breadcrumb\",\"itemListElement\":[{\"@type\":\"ListItem\",\"position\":1,\"name\":\"Home\",\"item\":\"https:\\\/\\\/www.groupe-sos.org\\\/es\\\/\"},{\"@type\":\"ListItem\",\"position\":2,\"name\":\"Nuestra gobernanza\u00a0\"}]},{\"@type\":\"WebSite\",\"@id\":\"https:\\\/\\\/www.groupe-sos.org\\\/es\\\/#website\",\"url\":\"https:\\\/\\\/www.groupe-sos.org\\\/es\\\/\",\"name\":\"Groupe SOS Entreprendre au profit de tous\",\"description\":\"Entreprendre au profit de tous\",\"publisher\":{\"@id\":\"https:\\\/\\\/www.groupe-sos.org\\\/es\\\/#organization\"},\"alternateName\":\"Groupe SOS\",\"potentialAction\":[{\"@type\":\"SearchAction\",\"target\":{\"@type\":\"EntryPoint\",\"urlTemplate\":\"https:\\\/\\\/www.groupe-sos.org\\\/es\\\/?s={search_term_string}\"},\"query-input\":{\"@type\":\"PropertyValueSpecification\",\"valueRequired\":true,\"valueName\":\"search_term_string\"}}],\"inLanguage\":\"es\"},{\"@type\":\"Organization\",\"@id\":\"https:\\\/\\\/www.groupe-sos.org\\\/es\\\/#organization\",\"name\":\"Groupe SOS\",\"alternateName\":\"Entreprendre au profit de tous\",\"url\":\"https:\\\/\\\/www.groupe-sos.org\\\/es\\\/\",\"logo\":{\"@type\":\"ImageObject\",\"inLanguage\":\"es\",\"@id\":\"https:\\\/\\\/www.groupe-sos.org\\\/es\\\/#\\\/schema\\\/logo\\\/image\\\/\",\"url\":\"https:\\\/\\\/www.groupe-sos.org\\\/wp-content\\\/uploads\\\/2022\\\/06\\\/groupe-sos-logo-1.png\",\"contentUrl\":\"https:\\\/\\\/www.groupe-sos.org\\\/wp-content\\\/uploads\\\/2022\\\/06\\\/groupe-sos-logo-1.png\",\"width\":300,\"height\":60,\"caption\":\"Groupe SOS\"},\"image\":{\"@id\":\"https:\\\/\\\/www.groupe-sos.org\\\/es\\\/#\\\/schema\\\/logo\\\/image\\\/\"},\"sameAs\":[\"https:\\\/\\\/www.facebook.com\\\/GroupeSOS\\\/\",\"https:\\\/\\\/x.com\\\/groupesos\",\"https:\\\/\\\/www.instagram.com\\\/groupe_sos\\\/\",\"https:\\\/\\\/www.linkedin.com\\\/company\\\/groupe-sos\\\/?originalSubdomain=fr\"]}]}<\/script>\n<!-- \/ Yoast SEO plugin. -->","yoast_head_json":{"title":"Nuestra gobernanza\u00a0 - Groupe SOS","description":"Le Groupe SOS, sans actionnaire, non-lucratif, est organis\u00e9 sous la forme d\u2019une Union d\u2019associations, chaque association couvrant un m\u00e9tier du Groupe. L'Union dispose d'un Conseil d'administration, d'un Comex et d'un Directoire.","robots":{"index":"index","follow":"follow","max-snippet":"max-snippet:-1","max-image-preview":"max-image-preview:large","max-video-preview":"max-video-preview:-1"},"canonical":"https:\/\/www.groupe-sos.org\/es\/notre-gouvernance\/","og_locale":"es_ES","og_type":"article","og_title":"Nuestra gobernanza\u00a0 - Groupe SOS","og_description":"Le Groupe SOS, sans actionnaire, non-lucratif, est organis\u00e9 sous la forme d\u2019une Union d\u2019associations, chaque association couvrant un m\u00e9tier du Groupe. L'Union dispose d'un Conseil d'administration, d'un Comex et d'un Directoire.","og_url":"https:\/\/www.groupe-sos.org\/es\/notre-gouvernance\/","og_site_name":"Groupe SOS","article_publisher":"https:\/\/www.facebook.com\/GroupeSOS\/","article_modified_time":"2025-03-18T09:38:49+00:00","twitter_card":"summary_large_image","twitter_site":"@groupesos","twitter_misc":{"Tiempo de lectura":"4 minutos"},"schema":{"@context":"https:\/\/schema.org","@graph":[{"@type":"WebPage","@id":"https:\/\/www.groupe-sos.org\/es\/notre-gouvernance\/","url":"https:\/\/www.groupe-sos.org\/es\/notre-gouvernance\/","name":"Nuestra gobernanza\u00a0 - Groupe SOS","isPartOf":{"@id":"https:\/\/www.groupe-sos.org\/es\/#website"},"datePublished":"2022-09-01T09:24:47+00:00","dateModified":"2025-03-18T09:38:49+00:00","description":"Le Groupe SOS, sans actionnaire, non-lucratif, est organis\u00e9 sous la forme d\u2019une Union d\u2019associations, chaque association couvrant un m\u00e9tier du Groupe. L'Union dispose d'un Conseil d'administration, d'un Comex et d'un Directoire.","breadcrumb":{"@id":"https:\/\/www.groupe-sos.org\/es\/notre-gouvernance\/#breadcrumb"},"inLanguage":"es","potentialAction":[{"@type":"ReadAction","target":["https:\/\/www.groupe-sos.org\/es\/notre-gouvernance\/"]}]},{"@type":"BreadcrumbList","@id":"https:\/\/www.groupe-sos.org\/es\/notre-gouvernance\/#breadcrumb","itemListElement":[{"@type":"ListItem","position":1,"name":"Home","item":"https:\/\/www.groupe-sos.org\/es\/"},{"@type":"ListItem","position":2,"name":"Nuestra gobernanza\u00a0"}]},{"@type":"WebSite","@id":"https:\/\/www.groupe-sos.org\/es\/#website","url":"https:\/\/www.groupe-sos.org\/es\/","name":"Groupe SOS Entreprendre au profit de tous","description":"Entreprendre au profit de tous","publisher":{"@id":"https:\/\/www.groupe-sos.org\/es\/#organization"},"alternateName":"Groupe SOS","potentialAction":[{"@type":"SearchAction","target":{"@type":"EntryPoint","urlTemplate":"https:\/\/www.groupe-sos.org\/es\/?s={search_term_string}"},"query-input":{"@type":"PropertyValueSpecification","valueRequired":true,"valueName":"search_term_string"}}],"inLanguage":"es"},{"@type":"Organization","@id":"https:\/\/www.groupe-sos.org\/es\/#organization","name":"Groupe SOS","alternateName":"Entreprendre au profit de tous","url":"https:\/\/www.groupe-sos.org\/es\/","logo":{"@type":"ImageObject","inLanguage":"es","@id":"https:\/\/www.groupe-sos.org\/es\/#\/schema\/logo\/image\/","url":"https:\/\/www.groupe-sos.org\/wp-content\/uploads\/2022\/06\/groupe-sos-logo-1.png","contentUrl":"https:\/\/www.groupe-sos.org\/wp-content\/uploads\/2022\/06\/groupe-sos-logo-1.png","width":300,"height":60,"caption":"Groupe SOS"},"image":{"@id":"https:\/\/www.groupe-sos.org\/es\/#\/schema\/logo\/image\/"},"sameAs":["https:\/\/www.facebook.com\/GroupeSOS\/","https:\/\/x.com\/groupesos","https:\/\/www.instagram.com\/groupe_sos\/","https:\/\/www.linkedin.com\/company\/groupe-sos\/?originalSubdomain=fr"]}]}},"_links":{"self":[{"href":"https:\/\/www.groupe-sos.org\/es\/wp-json\/wp\/v2\/pages\/184569","targetHints":{"allow":["GET"]}}],"collection":[{"href":"https:\/\/www.groupe-sos.org\/es\/wp-json\/wp\/v2\/pages"}],"about":[{"href":"https:\/\/www.groupe-sos.org\/es\/wp-json\/wp\/v2\/types\/page"}],"author":[{"embeddable":true,"href":"https:\/\/www.groupe-sos.org\/es\/wp-json\/wp\/v2\/users\/1"}],"replies":[{"embeddable":true,"href":"https:\/\/www.groupe-sos.org\/es\/wp-json\/wp\/v2\/comments?post=184569"}],"version-history":[{"count":21,"href":"https:\/\/www.groupe-sos.org\/es\/wp-json\/wp\/v2\/pages\/184569\/revisions"}],"predecessor-version":[{"id":212125,"href":"https:\/\/www.groupe-sos.org\/es\/wp-json\/wp\/v2\/pages\/184569\/revisions\/212125"}],"wp:attachment":[{"href":"https:\/\/www.groupe-sos.org\/es\/wp-json\/wp\/v2\/media?parent=184569"}],"wp:term":[{"taxonomy":"secteur","embeddable":true,"href":"https:\/\/www.groupe-sos.org\/es\/wp-json\/wp\/v2\/secteur?post=184569"}],"curies":[{"name":"wp","href":"https:\/\/api.w.org\/{rel}","templated":true}]}}