{"id":185422,"date":"2023-03-17T09:04:45","date_gmt":"2023-03-17T08:04:45","guid":{"rendered":"https:\/\/www.groupe-sos.org\/notre-gouvernance\/conseil-dadministration-groupe-sos-solidarites\/"},"modified":"2023-11-14T22:39:11","modified_gmt":"2023-11-14T21:39:11","slug":"conseil-dadministration-groupe-sos-solidarites","status":"publish","type":"page","link":"https:\/\/www.groupe-sos.org\/es\/notre-gouvernance\/conseil-dadministration-groupe-sos-solidarites\/","title":{"rendered":"Consejo de administraci\u00f3n del Groupe SOS Solidarit\u00e9s"},"content":{"rendered":"<div id=\"field_pow32c7fc711b7149e2\" class=\"container-fluid px-0 flexible_section heropages heropages block_hero\">\n  <div id=\"hero_pow32c7fc711b7149e2\" class=\"hero_container px-0\">\n   <div class=\"hero_image_outer\">\n    <img decoding=\"async\" src=\"https:\/\/www.groupe-sos.org\/wp-content\/uploads\/2022\/11\/solidarites.jpg\" alt=\"\" class=\"heroimage \" \/>\n   <\/div>\n  <\/div>\n<\/div>\n\n\n<div id=\"field_powf487a1f4b9c04b59\" class=\"container-fluid px-0 flexible_section  block_columns\">\n <div id=\"field_powf487a1f4b9c04b59_inner\" class=\"container flexible_section_inner \">\n\n   <div class=\"row flexible_section_content\">\n\n   <div class=\"p-5 col-sm-12 colonne colonne1\">\n    <div class=\"colonne_inner  text-left\">\n<h3>El Groupe SOS<\/h3>\n<h1><span class=\"TextRun SCXW228420732 BCX2\" lang=\"FR-FR\" xml:lang=\"FR-FR\"><span class=\"NormalTextRun SpellingErrorV2Themed SCXW228420732 BCX2\">Consejo<\/span><span class=\"NormalTextRun SCXW228420732 BCX2\"> de <\/span><span class=\"NormalTextRun SpellingErrorV2Themed SpellingErrorHighlight SCXW228420732 BCX2\">administraci\u00f3n<\/span><\/span> del Groupe SOS Solidarit\u00e9s<\/h1>\n    <\/div>\n   <\/div>\n  <\/div>\n\n <\/div>\n<\/div>\n\n\n<div id=\"field_powd3e6a89f332c4d29\" class=\"container-fluid px-0 flexible_section block_breadcrumb\">\n <div id=\"field_powd3e6a89f332c4d29_inner\" class=\"container flexible_section_inner\">\n\n  <div class=\"row flexible_section_content\">\n\n   <div class=\"breadcrumb_outer\" id=\"breadcrumb_powd3e6a89f332c4d29\">\n\n   <nav aria-label=\"breadcrumb\" id=\"breadcrumb_powd3e6a89f332c4d29_nav\">\n    <ol class=\"breadcrumb\">\n<li class=\"breadcrumb-item\"><a href=\"https:\/\/www.groupe-sos.org\/es\/notre-gouvernance\/\" class=\"Nuestragobernanza \">Nuestra gobernanza\u00a0<\/a><\/li>\n<li class=\"breadcrumb-item active\" aria-current=\"page\">Consejo de administraci\u00f3n del Groupe SOS Solidarit\u00e9s<\/li>\n      <\/ol>\n   <\/nav>\n\n   <\/div>\n\n  <\/div>\n\n <\/div>\n<\/div>\n\n\n<div id=\"field_powd883ac39594f4473\" class=\"container-fluid px-0 flexible_section  block_categorygrid\">\n <div id=\"field_powd883ac39594f4473_inner\" class=\"container flexible_section_inner \">\n\n  <div class=\"row flexible_section_title_container\"><div class=\"col-12 flexible_section_title_col\"><h2 class=\"flexible_section_title mb-5 text-left   \">Los administradores voluntarios del Groupe SOS Solidarit\u00e9s <\/h2><\/div><\/div>\n<div class=\"container-fluid px-0\" id=\"grid_powd883ac39594f4473_outer\">\n<div class=\"container px-0\">\n  <div class=\"row row-cols-1 row-cols-md-3 row-cols-lg-3 flexible_section_content\" id=\"grid_powd883ac39594f4473\">\n   <div class=\"col-sm-12 col-md-4 col-lg-4  item mb-3 elem-1\">\n<div class=\"ca_item h-100\">\r\n\t<div class=\"capdt_content p-3 bg-white h-100 detail_ca pdt_no\">\r\n\t\t<div class=\"capdt_portrait\"><img decoding=\"async\" src=\"https:\/\/www.groupe-sos.org\/wp-content\/uploads\/2024\/09\/Marc-aspect-ratio-1-1.jpg\" class=\"rounded-circle\" \/><\/div>\r\n\t\t\t<h3>Marc AZOUZ<\/h3>\r\n\t\t\t<div class=\"capdt_fonctions small\"><p>Director de Riesgos<\/p>\n<p>Grupo BNP Paribas<\/p>\n<\/div>\r\n\t<\/div>\r\n<\/div>   <\/div>\n   <div class=\"col-sm-12 col-md-4 col-lg-4  item mb-3 elem-2\">\n<div class=\"ca_item h-100\">\r\n\t<div class=\"capdt_content p-3 bg-white h-100 detail_ca pdt_no\">\r\n\t\t<div class=\"capdt_portrait\"><img decoding=\"async\" src=\"https:\/\/www.groupe-sos.org\/wp-content\/uploads\/2024\/09\/FRED-1-aspect-ratio-1-1.jpg\" class=\"rounded-circle\" \/><\/div>\r\n\t\t\t<h3>Fr\u00e9d\u00e9ric POTIER<\/h3>\r\n\t\t\t<div class=\"capdt_fonctions small\"><p>Prefecto<\/p>\n<p>Delegado General de \u00c9tica y Cumplimiento de la RATP<\/p>\n<p>Ex Delegada Interministerial para la Lucha contra el Racismo, el Antisemitismo y el Odio LGBTQ (DILCRAH)<\/p>\n<p>&nbsp;<\/p>\n<\/div>\r\n\t<\/div>\r\n<\/div>   <\/div>\n   <div class=\"col-sm-12 col-md-4 col-lg-4  item mb-3 elem-3\">\n<div class=\"ca_item h-100\">\r\n\t<div class=\"capdt_content p-3 bg-white h-100 detail_ca pdt_no\">\r\n\t\t<div class=\"capdt_portrait\"><img decoding=\"async\" src=\"https:\/\/www.groupe-sos.org\/wp-content\/uploads\/2024\/09\/GOBELET-aspect-ratio-1-1-1.jpg\" class=\"rounded-circle\" \/><\/div>\r\n\t\t\t<h3>Antoine GOBELET <\/h3>\r\n\t\t\t<div class=\"capdt_fonctions small\"><p>Prefecto<\/p>\n<p>Consejero principal del Tribunal de Cuentas<\/p>\n<\/div>\r\n\t<\/div>\r\n<\/div>   <\/div>\n   <div class=\"col-sm-12 col-md-4 col-lg-4  item mb-3 elem-4\">\n<div class=\"ca_item h-100\">\r\n\t<div class=\"capdt_content p-3 bg-white h-100 detail_ca pdt_no\">\r\n\t\t<div class=\"capdt_portrait\"><img decoding=\"async\" src=\"https:\/\/www.groupe-sos.org\/wp-content\/uploads\/2024\/09\/corinne-aspect-ratio-1-1.jpg\" class=\"rounded-circle\" \/><\/div>\r\n\t\t\t<h3>Corinne COURTEL<\/h3>\r\n\t\t\t<div class=\"capdt_fonctions small\"><p>Director de un establecimiento de PH en Eure<\/p>\n<p>Presidente de la asociaci\u00f3n YSOS<\/p>\n<\/div>\r\n\t<\/div>\r\n<\/div>   <\/div>\n   <div class=\"col-sm-12 col-md-4 col-lg-4  item mb-3 elem-5\">\n<div class=\"ca_item h-100\">\r\n\t<div class=\"capdt_content p-3 bg-white h-100 detail_ca pdt_no\">\r\n\t\t<div class=\"capdt_portrait\"><img decoding=\"async\" src=\"https:\/\/www.groupe-sos.org\/wp-content\/uploads\/2022\/08\/Christine-Rouzioux-e1660145054693.jpg\" class=\"rounded-circle\" \/><\/div>\r\n\t\t\t<h3>Christine ROUZIOUX<\/h3>\r\n\t\t\t<div class=\"capdt_fonctions small\"><p><span>Profes<\/span><span>ora em\u00e9rita<\/span><span> en <\/span><span>virolog\u00eda<\/span><span>\u00a0<\/span><\/p>\n<p><span>Direct<\/span><span>ora <\/span><span>de <\/span><span>investigaci\u00f3n en<\/span><span> la Universidad de Paris Descartes<\/span><span>\u00a0<\/span><\/p>\n<p><span>Direct<\/span><span>ora <\/span><span>de laborato<\/span><span>rio del<\/span><span> H<\/span><span>ospital<\/span><span> Necker<\/span><span>\u00a0<\/span><\/p>\n<p><span>Co ganadora del <\/span><span>Premio Nobel de medicina<\/span><span>\u00a0<\/span><\/p>\n<\/div>\r\n\t<\/div>\r\n<\/div>   <\/div>\n   <div class=\"col-sm-12 col-md-4 col-lg-4  item mb-3 elem-6\">\n<div class=\"ca_item h-100\">\r\n\t<div class=\"capdt_content p-3 bg-white h-100 detail_ca pdt_no\">\r\n\t\t<div class=\"capdt_portrait\"><img decoding=\"async\" src=\"https:\/\/www.groupe-sos.org\/wp-content\/uploads\/2022\/08\/Caroline-Crochard.jpg\" class=\"rounded-circle\" \/><\/div>\r\n\t\t\t<h3>Caroline CROCHARD<\/h3>\r\n\t\t\t<div class=\"capdt_fonctions small\"><p><span>Magistrada<\/span><span>\u00a0<\/span><\/p>\n<p><span>Tribunal superior de Bobigny &#8211; Corte de Apelaciones de Par\u00eds<\/span><\/p>\n<\/div>\r\n\t<\/div>\r\n<\/div>   <\/div>\n   <div class=\"col-sm-12 col-md-4 col-lg-4  item mb-3 elem-7\">\n<div class=\"ca_item h-100\">\r\n\t<div class=\"capdt_content p-3 bg-white h-100 detail_ca pdt_no\">\r\n\t\t<div class=\"capdt_portrait\"><img decoding=\"async\" src=\"https:\/\/www.groupe-sos.org\/wp-content\/uploads\/2022\/08\/Lionel-Palasi.jpg\" class=\"rounded-circle\" \/><\/div>\r\n\t\t\t<h3>Lionel PALASI<\/h3>\r\n\t\t\t<div class=\"capdt_fonctions small\"><p><span>Contador experto<\/span><span>\u00a0<\/span><\/p>\n<p><span>Responsable de proyectos de contabilidad y regulatorios en un banco privado<\/span><span>\u00a0<\/span><\/p>\n<p><span>\u00a0<\/span><\/p>\n<p><span>\u00a0<\/span><\/p>\n<\/div>\r\n\t<\/div>\r\n<\/div>   <\/div>\n   <div class=\"col-sm-12 col-md-4 col-lg-4  item mb-3 elem-8\">\n<div class=\"ca_item h-100\">\r\n\t<div class=\"capdt_content p-3 bg-white h-100 detail_ca pdt_no\">\r\n\t\t<div class=\"capdt_portrait\"><img decoding=\"async\" src=\"https:\/\/www.groupe-sos.org\/wp-content\/uploads\/2022\/09\/Sibeth-Ndiaye-e1660143910383-1-aspect-ratio-1-1.png\" class=\"rounded-circle\" \/><\/div>\r\n\t\t\t<h3>Sibeth NDIAYE<\/h3>\r\n\t\t\t<div class=\"capdt_fonctions small\"><p><span>Secretaria general de una empresa especializada en trabajo temporal<\/span><span>\u00a0<\/span><\/p>\n<p><span>E-Secretaria de Estado adjunta al Primer Ministro<\/span><span>\u00a0<\/span><\/p>\n<\/div>\r\n\t<\/div>\r\n<\/div>   <\/div>\n  <\/div>\n<\/div>\n<\/div>\n <\/div>\n<\/div>\n","protected":false},"excerpt":{"rendered":"<p>Chaque association-fondatrice dispose d\u2019un Conseil d&#8217;administration propre, compos\u00e9 d\u2019administrateurs et administratrices b\u00e9n\u00e9voles. Retrouvez ici les administrateurs b\u00e9n\u00e9voles du Groupe SOS Solidarit\u00e9s.<\/p>\n","protected":false},"author":1,"featured_media":0,"parent":184569,"menu_order":128,"comment_status":"closed","ping_status":"closed","template":"page-flexipow.php","meta":{"_acf_changed":false,"footnotes":""},"secteur":[],"class_list":["post-185422","page","type-page","status-publish","hentry"],"acf":[],"yoast_head":"<!-- This site is optimized with the Yoast SEO plugin v26.5 - https:\/\/yoast.com\/wordpress\/plugins\/seo\/ -->\n<title>Consejo de administraci\u00f3n del Groupe SOS Solidarit\u00e9s - Groupe SOS<\/title>\n<meta name=\"description\" content=\"Chaque association-fondatrice dispose d\u2019un Conseil d&#039;administration propre, compos\u00e9 d\u2019administrateurs et administratrices b\u00e9n\u00e9voles. Retrouvez ici les administrateurs b\u00e9n\u00e9voles du Groupe SOS Solidarit\u00e9s.\" \/>\n<meta name=\"robots\" content=\"index, follow, max-snippet:-1, max-image-preview:large, max-video-preview:-1\" \/>\n<link rel=\"canonical\" href=\"https:\/\/www.groupe-sos.org\/es\/notre-gouvernance\/conseil-dadministration-groupe-sos-solidarites\/\" \/>\n<meta property=\"og:locale\" content=\"es_ES\" \/>\n<meta property=\"og:type\" content=\"article\" \/>\n<meta property=\"og:title\" content=\"Consejo de administraci\u00f3n del Groupe SOS Solidarit\u00e9s - Groupe SOS\" \/>\n<meta property=\"og:description\" content=\"Chaque association-fondatrice dispose d\u2019un Conseil d&#039;administration propre, compos\u00e9 d\u2019administrateurs et administratrices b\u00e9n\u00e9voles. Retrouvez ici les administrateurs b\u00e9n\u00e9voles du Groupe SOS Solidarit\u00e9s.\" \/>\n<meta property=\"og:url\" content=\"https:\/\/www.groupe-sos.org\/es\/notre-gouvernance\/conseil-dadministration-groupe-sos-solidarites\/\" \/>\n<meta property=\"og:site_name\" content=\"Groupe SOS\" \/>\n<meta property=\"article:publisher\" content=\"https:\/\/www.facebook.com\/GroupeSOS\/\" \/>\n<meta property=\"article:modified_time\" content=\"2023-11-14T21:39:11+00:00\" \/>\n<meta name=\"twitter:card\" content=\"summary_large_image\" \/>\n<meta name=\"twitter:site\" content=\"@groupesos\" \/>\n<script type=\"application\/ld+json\" class=\"yoast-schema-graph\">{\"@context\":\"https:\/\/schema.org\",\"@graph\":[{\"@type\":\"WebPage\",\"@id\":\"https:\/\/www.groupe-sos.org\/es\/notre-gouvernance\/conseil-dadministration-groupe-sos-solidarites\/\",\"url\":\"https:\/\/www.groupe-sos.org\/es\/notre-gouvernance\/conseil-dadministration-groupe-sos-solidarites\/\",\"name\":\"Consejo de administraci\u00f3n del Groupe SOS Solidarit\u00e9s - Groupe SOS\",\"isPartOf\":{\"@id\":\"https:\/\/www.groupe-sos.org\/es\/#website\"},\"datePublished\":\"2023-03-17T08:04:45+00:00\",\"dateModified\":\"2023-11-14T21:39:11+00:00\",\"description\":\"Chaque association-fondatrice dispose d\u2019un Conseil d'administration propre, compos\u00e9 d\u2019administrateurs et administratrices b\u00e9n\u00e9voles. Retrouvez ici les administrateurs b\u00e9n\u00e9voles du Groupe SOS Solidarit\u00e9s.\",\"breadcrumb\":{\"@id\":\"https:\/\/www.groupe-sos.org\/es\/notre-gouvernance\/conseil-dadministration-groupe-sos-solidarites\/#breadcrumb\"},\"inLanguage\":\"es\",\"potentialAction\":[{\"@type\":\"ReadAction\",\"target\":[\"https:\/\/www.groupe-sos.org\/es\/notre-gouvernance\/conseil-dadministration-groupe-sos-solidarites\/\"]}]},{\"@type\":\"BreadcrumbList\",\"@id\":\"https:\/\/www.groupe-sos.org\/es\/notre-gouvernance\/conseil-dadministration-groupe-sos-solidarites\/#breadcrumb\",\"itemListElement\":[{\"@type\":\"ListItem\",\"position\":1,\"name\":\"Home\",\"item\":\"https:\/\/www.groupe-sos.org\/es\/\"},{\"@type\":\"ListItem\",\"position\":2,\"name\":\"Nuestra gobernanza\u00a0\",\"item\":\"https:\/\/www.groupe-sos.org\/es\/notre-gouvernance\/\"},{\"@type\":\"ListItem\",\"position\":3,\"name\":\"Consejo de administraci\u00f3n del Groupe SOS Solidarit\u00e9s\"}]},{\"@type\":\"WebSite\",\"@id\":\"https:\/\/www.groupe-sos.org\/es\/#website\",\"url\":\"https:\/\/www.groupe-sos.org\/es\/\",\"name\":\"Groupe SOS Entreprendre au profit de tous\",\"description\":\"Entreprendre au profit de tous\",\"publisher\":{\"@id\":\"https:\/\/www.groupe-sos.org\/es\/#organization\"},\"alternateName\":\"Groupe SOS\",\"potentialAction\":[{\"@type\":\"SearchAction\",\"target\":{\"@type\":\"EntryPoint\",\"urlTemplate\":\"https:\/\/www.groupe-sos.org\/es\/?s={search_term_string}\"},\"query-input\":{\"@type\":\"PropertyValueSpecification\",\"valueRequired\":true,\"valueName\":\"search_term_string\"}}],\"inLanguage\":\"es\"},{\"@type\":\"Organization\",\"@id\":\"https:\/\/www.groupe-sos.org\/es\/#organization\",\"name\":\"Groupe SOS\",\"alternateName\":\"Entreprendre au profit de tous\",\"url\":\"https:\/\/www.groupe-sos.org\/es\/\",\"logo\":{\"@type\":\"ImageObject\",\"inLanguage\":\"es\",\"@id\":\"https:\/\/www.groupe-sos.org\/es\/#\/schema\/logo\/image\/\",\"url\":\"https:\/\/www.groupe-sos.org\/wp-content\/uploads\/2022\/06\/groupe-sos-logo-1.png\",\"contentUrl\":\"https:\/\/www.groupe-sos.org\/wp-content\/uploads\/2022\/06\/groupe-sos-logo-1.png\",\"width\":300,\"height\":60,\"caption\":\"Groupe SOS\"},\"image\":{\"@id\":\"https:\/\/www.groupe-sos.org\/es\/#\/schema\/logo\/image\/\"},\"sameAs\":[\"https:\/\/www.facebook.com\/GroupeSOS\/\",\"https:\/\/x.com\/groupesos\",\"https:\/\/www.instagram.com\/groupe_sos\/\",\"https:\/\/www.linkedin.com\/company\/groupe-sos\/?originalSubdomain=fr\"]}]}<\/script>\n<!-- \/ Yoast SEO plugin. -->","yoast_head_json":{"title":"Consejo de administraci\u00f3n del Groupe SOS Solidarit\u00e9s - Groupe SOS","description":"Chaque association-fondatrice dispose d\u2019un Conseil d'administration propre, compos\u00e9 d\u2019administrateurs et administratrices b\u00e9n\u00e9voles. Retrouvez ici les administrateurs b\u00e9n\u00e9voles du Groupe SOS Solidarit\u00e9s.","robots":{"index":"index","follow":"follow","max-snippet":"max-snippet:-1","max-image-preview":"max-image-preview:large","max-video-preview":"max-video-preview:-1"},"canonical":"https:\/\/www.groupe-sos.org\/es\/notre-gouvernance\/conseil-dadministration-groupe-sos-solidarites\/","og_locale":"es_ES","og_type":"article","og_title":"Consejo de administraci\u00f3n del Groupe SOS Solidarit\u00e9s - Groupe SOS","og_description":"Chaque association-fondatrice dispose d\u2019un Conseil d'administration propre, compos\u00e9 d\u2019administrateurs et administratrices b\u00e9n\u00e9voles. Retrouvez ici les administrateurs b\u00e9n\u00e9voles du Groupe SOS Solidarit\u00e9s.","og_url":"https:\/\/www.groupe-sos.org\/es\/notre-gouvernance\/conseil-dadministration-groupe-sos-solidarites\/","og_site_name":"Groupe SOS","article_publisher":"https:\/\/www.facebook.com\/GroupeSOS\/","article_modified_time":"2023-11-14T21:39:11+00:00","twitter_card":"summary_large_image","twitter_site":"@groupesos","schema":{"@context":"https:\/\/schema.org","@graph":[{"@type":"WebPage","@id":"https:\/\/www.groupe-sos.org\/es\/notre-gouvernance\/conseil-dadministration-groupe-sos-solidarites\/","url":"https:\/\/www.groupe-sos.org\/es\/notre-gouvernance\/conseil-dadministration-groupe-sos-solidarites\/","name":"Consejo de administraci\u00f3n del Groupe SOS Solidarit\u00e9s - Groupe SOS","isPartOf":{"@id":"https:\/\/www.groupe-sos.org\/es\/#website"},"datePublished":"2023-03-17T08:04:45+00:00","dateModified":"2023-11-14T21:39:11+00:00","description":"Chaque association-fondatrice dispose d\u2019un Conseil d'administration propre, compos\u00e9 d\u2019administrateurs et administratrices b\u00e9n\u00e9voles. Retrouvez ici les administrateurs b\u00e9n\u00e9voles du Groupe SOS Solidarit\u00e9s.","breadcrumb":{"@id":"https:\/\/www.groupe-sos.org\/es\/notre-gouvernance\/conseil-dadministration-groupe-sos-solidarites\/#breadcrumb"},"inLanguage":"es","potentialAction":[{"@type":"ReadAction","target":["https:\/\/www.groupe-sos.org\/es\/notre-gouvernance\/conseil-dadministration-groupe-sos-solidarites\/"]}]},{"@type":"BreadcrumbList","@id":"https:\/\/www.groupe-sos.org\/es\/notre-gouvernance\/conseil-dadministration-groupe-sos-solidarites\/#breadcrumb","itemListElement":[{"@type":"ListItem","position":1,"name":"Home","item":"https:\/\/www.groupe-sos.org\/es\/"},{"@type":"ListItem","position":2,"name":"Nuestra gobernanza\u00a0","item":"https:\/\/www.groupe-sos.org\/es\/notre-gouvernance\/"},{"@type":"ListItem","position":3,"name":"Consejo de administraci\u00f3n del Groupe SOS Solidarit\u00e9s"}]},{"@type":"WebSite","@id":"https:\/\/www.groupe-sos.org\/es\/#website","url":"https:\/\/www.groupe-sos.org\/es\/","name":"Groupe SOS Entreprendre au profit de tous","description":"Entreprendre au profit de tous","publisher":{"@id":"https:\/\/www.groupe-sos.org\/es\/#organization"},"alternateName":"Groupe SOS","potentialAction":[{"@type":"SearchAction","target":{"@type":"EntryPoint","urlTemplate":"https:\/\/www.groupe-sos.org\/es\/?s={search_term_string}"},"query-input":{"@type":"PropertyValueSpecification","valueRequired":true,"valueName":"search_term_string"}}],"inLanguage":"es"},{"@type":"Organization","@id":"https:\/\/www.groupe-sos.org\/es\/#organization","name":"Groupe SOS","alternateName":"Entreprendre au profit de tous","url":"https:\/\/www.groupe-sos.org\/es\/","logo":{"@type":"ImageObject","inLanguage":"es","@id":"https:\/\/www.groupe-sos.org\/es\/#\/schema\/logo\/image\/","url":"https:\/\/www.groupe-sos.org\/wp-content\/uploads\/2022\/06\/groupe-sos-logo-1.png","contentUrl":"https:\/\/www.groupe-sos.org\/wp-content\/uploads\/2022\/06\/groupe-sos-logo-1.png","width":300,"height":60,"caption":"Groupe SOS"},"image":{"@id":"https:\/\/www.groupe-sos.org\/es\/#\/schema\/logo\/image\/"},"sameAs":["https:\/\/www.facebook.com\/GroupeSOS\/","https:\/\/x.com\/groupesos","https:\/\/www.instagram.com\/groupe_sos\/","https:\/\/www.linkedin.com\/company\/groupe-sos\/?originalSubdomain=fr"]}]}},"_links":{"self":[{"href":"https:\/\/www.groupe-sos.org\/es\/wp-json\/wp\/v2\/pages\/185422","targetHints":{"allow":["GET"]}}],"collection":[{"href":"https:\/\/www.groupe-sos.org\/es\/wp-json\/wp\/v2\/pages"}],"about":[{"href":"https:\/\/www.groupe-sos.org\/es\/wp-json\/wp\/v2\/types\/page"}],"author":[{"embeddable":true,"href":"https:\/\/www.groupe-sos.org\/es\/wp-json\/wp\/v2\/users\/1"}],"replies":[{"embeddable":true,"href":"https:\/\/www.groupe-sos.org\/es\/wp-json\/wp\/v2\/comments?post=185422"}],"version-history":[{"count":2,"href":"https:\/\/www.groupe-sos.org\/es\/wp-json\/wp\/v2\/pages\/185422\/revisions"}],"predecessor-version":[{"id":185425,"href":"https:\/\/www.groupe-sos.org\/es\/wp-json\/wp\/v2\/pages\/185422\/revisions\/185425"}],"up":[{"embeddable":true,"href":"https:\/\/www.groupe-sos.org\/es\/wp-json\/wp\/v2\/pages\/184569"}],"wp:attachment":[{"href":"https:\/\/www.groupe-sos.org\/es\/wp-json\/wp\/v2\/media?parent=185422"}],"wp:term":[{"taxonomy":"secteur","embeddable":true,"href":"https:\/\/www.groupe-sos.org\/es\/wp-json\/wp\/v2\/secteur?post=185422"}],"curies":[{"name":"wp","href":"https:\/\/api.w.org\/{rel}","templated":true}]}}