{"id":185623,"date":"2023-03-01T14:49:10","date_gmt":"2023-03-01T13:49:10","guid":{"rendered":"https:\/\/www.groupe-sos.org\/groupe-sos-transition-ecologique-et-territoires\/territoires\/"},"modified":"2023-11-16T14:46:08","modified_gmt":"2023-11-16T13:46:08","slug":"territoires","status":"publish","type":"page","link":"https:\/\/www.groupe-sos.org\/es\/groupe-sos-transition-ecologique-et-territoires\/territoires\/","title":{"rendered":"Territorios\u00a0"},"content":{"rendered":"<div id=\"field_pow07696f9cccc440de\" class=\"container-fluid px-0 flexible_section heropages block_hero\">\n  <div id=\"hero_pow07696f9cccc440de\" class=\"hero_container px-0\">\n   <div class=\"hero_image_outer\">\n    <img decoding=\"async\" src=\"https:\/\/www.groupe-sos.org\/wp-content\/uploads\/2022\/11\/action-territoriale.jpg\" alt=\"\" class=\"heroimage \" \/>\n   <\/div>\n  <\/div>\n<\/div>\n\n\n<div id=\"field_powf71ee9865b454353\" class=\"container-fluid px-0 flexible_section block_columns\">\n <div id=\"field_powf71ee9865b454353_inner\" class=\"container flexible_section_inner\">\n\n   <div class=\"row flexible_section_content\">\n\n   <div class=\"p-5 col-sm-12 colonne colonne1\">\n    <div class=\"colonne_inner  text-left\">\n<h3><span>Nuestras actividades<\/span><span>\u00a0<\/span><\/h3>\n<h1><span>Acci<\/span><span>\u00f3<\/span><span>n Territorial<\/span><span>\u00a0<\/span><\/h1>\n    <\/div>\n   <\/div>\n  <\/div>\n\n <\/div>\n<\/div>\n\n\n<div id=\"field_powd3e6a89f332c4d29\" class=\"container-fluid px-0 flexible_section block_breadcrumb\">\n <div id=\"field_powd3e6a89f332c4d29_inner\" class=\"container flexible_section_inner\">\n\n  <div class=\"row flexible_section_content\">\n\n   <div class=\"breadcrumb_outer\" id=\"breadcrumb_powd3e6a89f332c4d29\">\n\n   <nav aria-label=\"breadcrumb\" id=\"breadcrumb_powd3e6a89f332c4d29_nav\">\n    <ol class=\"breadcrumb\">\n<li class=\"breadcrumb-item\"><a href=\"https:\/\/www.groupe-sos.org\/es\/groupe-sos-transition-ecologique-et-territoires\/\" class=\"Transicinecolgicayterritorios \">Transici\u00f3n ecol\u00f3gica y territorios\u200b\u200b<\/a><\/li>\n<li class=\"breadcrumb-item active\" aria-current=\"page\">Territorios\u00a0<\/li>\n      <\/ol>\n   <\/nav>\n\n   <\/div>\n\n  <\/div>\n\n <\/div>\n<\/div>\n\n\n<div id=\"field_powd61a3220e0844c9b\" class=\"container-fluid px-0 flexible_section block_columns\">\n <div id=\"field_powd61a3220e0844c9b_inner\" class=\"container flexible_section_inner\">\n\n   <div class=\"row flexible_section_content\">\n\n   <div class=\"mb-3 mb-sm-0 col-sm-6 colonne colonne1\">\n    <div class=\"colonne_inner  text-left\">\n<p><b><span>La ambici\u00f3n del Grupo SOS es construir soluciones para desarrollar y mejorar la vida local. Revitalizar los territorios debilitados, impulsar la participaci\u00f3n ciudadana, responder a los nuevos desaf\u00edos de cada territorio: el Grupo SOS desarrolla modos de acci\u00f3n adaptados a las necesidades de cada colectividad.<\/span><\/b><span>\u00a0<\/span><\/p>\n    <\/div>\n   <\/div>\n   <div class=\"col-sm-6 colonne colonne2\">\n    <div class=\"colonne_inner  text-left\">\n<p><b><span>Estas soluciones est\u00e1n dirigidas a los residentes de los territorios y los involucran en la construcci\u00f3n de soluciones que les afectan.<\/span><\/b><span>\u00a0<\/span><\/p>\n    <\/div>\n   <\/div>\n  <\/div>\n\n <\/div>\n<\/div>\n\n\n<div id=\"field_pow0a2a1ad6801d49cb\" class=\"container-fluid px-0 flexible_section block_columns\">\n <div id=\"field_pow0a2a1ad6801d49cb_inner\" class=\"container flexible_section_inner\">\n\n  <div class=\"row flexible_section_title_container\"><div class=\"col-12 flexible_section_title_col\"><h2 class=\"flexible_section_title mb-5 text-left  \">Revitalizar los territorios fr\u00e1giles    <\/h2><\/div><\/div>\n  <div class=\"row flexible_section_header\"><div class=\"col\"><p>Comprometidos para ayudar a resolver la brecha territorial, el Grupo SOS presta una atenci\u00f3n especial a los territorios rurales y a los barrios prioritarios.<\/p>\n<\/div><\/div>\n   <div class=\"row flexible_section_content\">\n\n   <div class=\"mb-3 mb-sm-0 col-sm-4 colonne colonne1\">\n    <div class=\"colonne_inner bordertoprouge text-left\">\n<div class=\"fixedimage\">\n<p><img decoding=\"async\" class=\"alignnone wp-image-168010 size-full\" src=\"https:\/\/www.groupe-sos.org\/wp-content\/uploads\/2022\/11\/1000-cafes.jpg\" alt=\"\" width=\"400\" height=\"285\" srcset=\"https:\/\/www.groupe-sos.org\/wp-content\/uploads\/2022\/11\/1000-cafes.jpg 400w, https:\/\/www.groupe-sos.org\/wp-content\/uploads\/2022\/11\/1000-cafes-300x214.jpg 300w\" sizes=\"(max-width: 400px) 100vw, 400px\" \/><\/p>\n<\/div>\n<h3>1000 caf\u00e9s<\/h3>\n<p><span>1000 caf<\/span><span>\u00e9<\/span><span>s busca abrir, apoyar y mantener lugares de convivencia multiservicios en municipios de menos de 3500 habitantes que ya no tienen caf<\/span><span>\u00e9<\/span><span>, o corren el riesgo de perderlo.<\/span><span>\u00a0<\/span><\/p>\n<p><a class=\"lightbluebutton\" href=\"https:\/\/www.1000cafes.org\/\" target=\"_blank\" rel=\"noopener\"><span>Descubrir<\/span><span>\u00a0<\/span><\/a><\/p>\n    <\/div>\n   <\/div>\n   <div class=\"mb-3 mb-sm-0 col-sm-4 colonne colonne2\">\n    <div class=\"colonne_inner bordertopvert text-left\">\n<p><img decoding=\"async\" class=\"alignnone wp-image-168046 size-full\" src=\"https:\/\/www.groupe-sos.org\/wp-content\/uploads\/2022\/11\/Quartiers-cafes.jpg\" alt=\"\" width=\"400\" height=\"285\" srcset=\"https:\/\/www.groupe-sos.org\/wp-content\/uploads\/2022\/11\/Quartiers-cafes.jpg 400w, https:\/\/www.groupe-sos.org\/wp-content\/uploads\/2022\/11\/Quartiers-cafes-300x214.jpg 300w\" sizes=\"(max-width: 400px) 100vw, 400px\" \/><\/p>\n<h3>Quartiers Caf\u00e9s<\/h3>\n<p><span>\u201c<\/span><span>Quartiers Caf\u00e9<\/span><span>s\u201d <\/span><span>tiene la ambici\u00f3n de apoyar comercios locales en los barrios prioritarios de la pol<\/span><span>\u00ed<\/span><span>tica de la ciudad que presentan proyectos o ideas que contribuyen al desarrollo del v<\/span><span>\u00ed<\/span><span>nculo social.<\/span><span>\u00a0<\/span><\/p>\n<p><a class=\"lightbluebutton\" href=\"https:\/\/quartierscafes.org\/\" target=\"_blank\" rel=\"noopener\"><span>Descubrir<\/span><span>\u00a0<\/span><\/a><\/p>\n    <\/div>\n   <\/div>\n   <div class=\"col-sm-4 colonne colonne3\">\n    <div class=\"colonne_inner bordertopjaune text-left\">\n<div class=\"fixedimage\">\n<p><img decoding=\"async\" class=\"alignnone wp-image-168012 size-full\" src=\"https:\/\/www.groupe-sos.org\/wp-content\/uploads\/2022\/11\/Abbaye.jpg\" alt=\"\" width=\"400\" height=\"285\" srcset=\"https:\/\/www.groupe-sos.org\/wp-content\/uploads\/2022\/11\/Abbaye.jpg 400w, https:\/\/www.groupe-sos.org\/wp-content\/uploads\/2022\/11\/Abbaye-300x214.jpg 300w\" sizes=\"(max-width: 400px) 100vw, 400px\" \/><\/p>\n<\/div>\n<h3>L\u2019Abbaye de Saint-Sever de Rustan<\/h3>\n<p><span>Para este emblem<\/span><span>\u00e1<\/span><span>tico sitio patrimonial del norte de Hautes-Pyr<\/span><span>\u00e9<\/span><span>n<\/span><span>\u00e9<\/span><span>es, el Grupo SOS tiene la ambici\u00f3n de convertirlo en un espacio de vida e iniciativas de inter<\/span><span>\u00e9<\/span><span>s general para transmitir, emprender y reunir.<\/span><span>\u00a0<\/span><\/p>\n    <\/div>\n   <\/div>\n  <\/div>\n\n <\/div>\n<\/div>\n\n\n<div id=\"field_pow9b14e1b905674630\" class=\"container-fluid px-0 flexible_section block_columns\">\n <div id=\"field_pow9b14e1b905674630_inner\" class=\"container flexible_section_inner\">\n\n   <div class=\"row flexible_section_content\">\n\n   <div class=\"mb-3 mb-sm-0 col-sm-4 colonne colonne1\">\n    <div class=\"colonne_inner bordertopbleu text-left\">\n<div class=\"fixedimage\">\n<p><img decoding=\"async\" class=\"alignnone wp-image-168022 size-full\" src=\"https:\/\/www.groupe-sos.org\/wp-content\/uploads\/2022\/11\/Cadalen.jpg\" alt=\"\" width=\"400\" height=\"285\" srcset=\"https:\/\/www.groupe-sos.org\/wp-content\/uploads\/2022\/11\/Cadalen.jpg 400w, https:\/\/www.groupe-sos.org\/wp-content\/uploads\/2022\/11\/Cadalen-300x214.jpg 300w\" sizes=\"(max-width: 400px) 100vw, 400px\" \/><\/p>\n<\/div>\n<h3>L\u2019EHPAD Caf\u00e9 de Cadalen<\/h3>\n<p><span>En Cadalen (villa de Tarn), un caf<\/span><span>\u00e9 <\/span><span>solidario y ciudadano abrir<\/span><span>\u00e1 <\/span><span>sus puertas en el EHPAD Saint-Fran<\/span><span>\u00e7<\/span><span>ois, situado en el coraz\u00f3n del municipio. Ser<\/span><span>\u00e1 <\/span><span>gestionado en relaci\u00f3n con los residentes y animado gracias a las contribuciones de actores locales.<\/span><span>\u00a0<\/span><\/p>\n    <\/div>\n   <\/div>\n   <div class=\"mb-3 mb-sm-0 col-sm-4 colonne colonne2\">\n    <div class=\"colonne_inner  text-left\">\n    <\/div>\n   <\/div>\n   <div class=\"col-sm-4 colonne colonne3\">\n    <div class=\"colonne_inner  text-left\">\n    <\/div>\n   <\/div>\n  <\/div>\n\n <\/div>\n<\/div>\n\n\n<div id=\"field_pow143d38283ae44e11\" class=\"container-fluid px-0 flexible_section block_columns\">\n <div id=\"field_pow143d38283ae44e11_inner\" class=\"container flexible_section_inner\">\n\n  <div class=\"row flexible_section_title_container\"><div class=\"col-12 flexible_section_title_col\"><h2 class=\"flexible_section_title mb-5 text-left  \">Responder a los nuevos desaf\u00edos de los territorios <\/h2><\/div><\/div>\n  <div class=\"row flexible_section_header\"><div class=\"col\"><p><span>En una sociedad cambiante, los desaf<\/span><span>\u00ed<\/span><span>os evolucionan y cada territorio se enfrenta a necesidades espec<\/span><span>\u00ed<\/span><span>ficas. El Grupo SOS apoya la transici\u00f3n de los territorios y de las colectividades locales.<\/span><span>\u00a0<\/span><\/p>\n<\/div><\/div>\n   <div class=\"row flexible_section_content\">\n\n   <div class=\"mb-3 mb-sm-0 col-sm-4 colonne colonne1\">\n    <div class=\"colonne_inner bordertoprouge text-left\">\n<div class=\"fixedimage\">\n<p><img decoding=\"async\" class=\"alignnone wp-image-168030 size-full\" src=\"https:\/\/www.groupe-sos.org\/wp-content\/uploads\/2022\/11\/Geolink.jpg\" alt=\"\" width=\"400\" height=\"285\" srcset=\"https:\/\/www.groupe-sos.org\/wp-content\/uploads\/2022\/11\/Geolink.jpg 400w, https:\/\/www.groupe-sos.org\/wp-content\/uploads\/2022\/11\/Geolink-300x214.jpg 300w\" sizes=\"(max-width: 400px) 100vw, 400px\" \/><\/p>\n<\/div>\n<h3>Geolink Expansion<\/h3>\n<p><span>Desde 2010, Geolink Expansi<\/span><span>\u00f3n conecta y acompa\u00f1a a los territorios y a los empresarios privados para favorecer su desarrollo econ\u00f3mico y generar impactos positivos duraderos.<\/span><span>\u00a0<\/span><\/p>\n<p><a class=\"lightbluebutton\" href=\"https:\/\/geolink-expansion.com\/\" target=\"_blank\" rel=\"noopener\"><span>Descubrir<\/span><span>\u00a0<\/span><\/a><\/p>\n    <\/div>\n   <\/div>\n   <div class=\"mb-3 mb-sm-0 col-sm-4 colonne colonne2\">\n    <div class=\"colonne_inner  text-left\">\n    <\/div>\n   <\/div>\n   <div class=\"col-sm-4 colonne colonne3\">\n    <div class=\"colonne_inner  text-left\">\n    <\/div>\n   <\/div>\n  <\/div>\n\n <\/div>\n<\/div>\n\n\n<div id=\"field_powc2feafdbe41b4702\" class=\"container-fluid px-0 flexible_section block_columns\">\n <div id=\"field_powc2feafdbe41b4702_inner\" class=\"container flexible_section_inner\">\n\n  <div class=\"row flexible_section_title_container\"><div class=\"col-12 flexible_section_title_col\"><h2 class=\"flexible_section_title mb-5 text-left  \">Fomentar la participaci\u00f3n ciudadana <\/h2><\/div><\/div>\n  <div class=\"row flexible_section_header\"><div class=\"col\"><p><span>Un territorio donde es bueno vivir solo puede construirse con quienes viven y trabajan all<\/span><span>\u00ed.<\/span><span>\u00a0<\/span><\/p>\n<\/div><\/div>\n   <div class=\"row flexible_section_content\">\n\n   <div class=\"mb-3 mb-sm-0 col-sm-4 colonne colonne1\">\n    <div class=\"colonne_inner bordertopvert text-left\">\n<div class=\"fixedimage\">\n<p><img decoding=\"async\" class=\"alignnone wp-image-168034 size-full\" src=\"https:\/\/www.groupe-sos.org\/wp-content\/uploads\/2022\/11\/hacktiv.jpg\" alt=\"\" width=\"400\" height=\"285\" srcset=\"https:\/\/www.groupe-sos.org\/wp-content\/uploads\/2022\/11\/hacktiv.jpg 400w, https:\/\/www.groupe-sos.org\/wp-content\/uploads\/2022\/11\/hacktiv-300x214.jpg 300w\" sizes=\"(max-width: 400px) 100vw, 400px\" \/><\/p>\n<\/div>\n<h3>Hacktiv<\/h3>\n<p><span>\u00abHacktiv promueve el compromiso ciudadano, gracias a la tecnolog<\/span><span>\u00ed<\/span><span>a digital, especialmente a trav<\/span><span>\u00e9<\/span><span>s de plataformas en marca blanca para las colectividades.<\/span><span>\u00a0<\/span><\/p>\n<p><a class=\"lightbluebutton\" href=\"https:\/\/hacktiv.org\/\" target=\"_blank\" rel=\"noopener\"><span>Descubrir<\/span><span>\u00a0<\/span><\/a><\/p>\n    <\/div>\n   <\/div>\n   <div class=\"mb-3 mb-sm-0 col-sm-4 colonne colonne2\">\n    <div class=\"colonne_inner bordertopjaune text-left\">\n<div class=\"fixedimage\">\n<p><img decoding=\"async\" class=\"alignnone wp-image-168048 size-full\" src=\"https:\/\/www.groupe-sos.org\/wp-content\/uploads\/2022\/11\/simple-maps.jpg\" alt=\"\" width=\"400\" height=\"285\" srcset=\"https:\/\/www.groupe-sos.org\/wp-content\/uploads\/2022\/11\/simple-maps.jpg 400w, https:\/\/www.groupe-sos.org\/wp-content\/uploads\/2022\/11\/simple-maps-300x214.jpg 300w\" sizes=\"(max-width: 400px) 100vw, 400px\" \/><\/p>\n<\/div>\n<h3>Simple Maps<\/h3>\n<p><span>Simple Maps es una plataforma digital que permite redescubrir la riqueza del patrimonio cultural, del patrimonio natural, de los conocimientos y de los productos de los artesanos, comerciantes y productores locales de los territorios.<\/span><span>\u00a0<\/span><\/p>\n<p><a class=\"lightbluebutton\" href=\"https:\/\/www.simplemaps.fr\/\" target=\"_blank\" rel=\"noopener\"><span>Descubrir<\/span><span>\u00a0<\/span><\/a><\/p>\n    <\/div>\n   <\/div>\n   <div class=\"col-sm-4 colonne colonne3\">\n    <div class=\"colonne_inner  text-left\">\n    <\/div>\n   <\/div>\n  <\/div>\n\n <\/div>\n<\/div>\n","protected":false},"excerpt":{"rendered":"<p>Cr\u00e9ation ou reprise de lieux, soutien et accompagnement d\u2019initiatives, cr\u00e9ation d\u2019outils num\u00e9riques : Groupe SOS Transition \u00e9cologique et territoires d\u00e9veloppe des modes d\u2019action adapt\u00e9s aux besoins de chaque collectivit\u00e9. Ces solutions s\u2019adressent aux\u202fhabitant\u00b7e\u00b7s\u202fdes territoires et les impliquent dans la construction de ces solutions qui les concernent.\u202f<\/p>\n","protected":false},"author":1,"featured_media":0,"parent":186609,"menu_order":192,"comment_status":"closed","ping_status":"closed","template":"page-flexipow.php","meta":{"_acf_changed":false,"footnotes":""},"secteur":[],"class_list":["post-185623","page","type-page","status-publish","hentry"],"acf":[],"yoast_head":"<!-- This site is optimized with the Yoast SEO plugin v27.4 - https:\/\/yoast.com\/product\/yoast-seo-wordpress\/ -->\n<title>Territorios\u00a0 - Groupe SOS<\/title>\n<meta name=\"description\" content=\"Cr\u00e9ation ou reprise de lieux, soutien et accompagnement d\u2019initiatives, cr\u00e9ation d\u2019outils num\u00e9riques : Groupe SOS Transition \u00e9cologique et territoires d\u00e9veloppe des modes d\u2019action adapt\u00e9s aux besoins de chaque collectivit\u00e9. Ces solutions s\u2019adressent aux\u202fhabitant\u00b7e\u00b7s\u202fdes territoires et les impliquent dans la construction de ces solutions qui les concernent.\u202f\" \/>\n<meta name=\"robots\" content=\"index, follow, max-snippet:-1, max-image-preview:large, max-video-preview:-1\" \/>\n<link rel=\"canonical\" href=\"https:\/\/www.groupe-sos.org\/es\/groupe-sos-transition-ecologique-et-territoires\/territoires\/\" \/>\n<meta property=\"og:locale\" content=\"es_ES\" \/>\n<meta property=\"og:type\" content=\"article\" \/>\n<meta property=\"og:title\" content=\"Territorios\u00a0 - Groupe SOS\" \/>\n<meta property=\"og:description\" content=\"Cr\u00e9ation ou reprise de lieux, soutien et accompagnement d\u2019initiatives, cr\u00e9ation d\u2019outils num\u00e9riques : Groupe SOS Transition \u00e9cologique et territoires d\u00e9veloppe des modes d\u2019action adapt\u00e9s aux besoins de chaque collectivit\u00e9. Ces solutions s\u2019adressent aux\u202fhabitant\u00b7e\u00b7s\u202fdes territoires et les impliquent dans la construction de ces solutions qui les concernent.\u202f\" \/>\n<meta property=\"og:url\" content=\"https:\/\/www.groupe-sos.org\/es\/groupe-sos-transition-ecologique-et-territoires\/territoires\/\" \/>\n<meta property=\"og:site_name\" content=\"Groupe SOS\" \/>\n<meta property=\"article:publisher\" content=\"https:\/\/www.facebook.com\/GroupeSOS\/\" \/>\n<meta property=\"article:modified_time\" content=\"2023-11-16T13:46:08+00:00\" \/>\n<meta name=\"twitter:card\" content=\"summary_large_image\" \/>\n<meta name=\"twitter:site\" content=\"@groupesos\" \/>\n<script type=\"application\/ld+json\" class=\"yoast-schema-graph\">{\"@context\":\"https:\\\/\\\/schema.org\",\"@graph\":[{\"@type\":\"WebPage\",\"@id\":\"https:\\\/\\\/www.groupe-sos.org\\\/es\\\/groupe-sos-transition-ecologique-et-territoires\\\/territoires\\\/\",\"url\":\"https:\\\/\\\/www.groupe-sos.org\\\/es\\\/groupe-sos-transition-ecologique-et-territoires\\\/territoires\\\/\",\"name\":\"Territorios\u00a0 - Groupe SOS\",\"isPartOf\":{\"@id\":\"https:\\\/\\\/www.groupe-sos.org\\\/es\\\/#website\"},\"datePublished\":\"2023-03-01T13:49:10+00:00\",\"dateModified\":\"2023-11-16T13:46:08+00:00\",\"description\":\"Cr\u00e9ation ou reprise de lieux, soutien et accompagnement d\u2019initiatives, cr\u00e9ation d\u2019outils num\u00e9riques : Groupe SOS Transition \u00e9cologique et territoires d\u00e9veloppe des modes d\u2019action adapt\u00e9s aux besoins de chaque collectivit\u00e9. Ces solutions s\u2019adressent aux\u202fhabitant\u00b7e\u00b7s\u202fdes territoires et les impliquent dans la construction de ces solutions qui les concernent.\u202f\",\"breadcrumb\":{\"@id\":\"https:\\\/\\\/www.groupe-sos.org\\\/es\\\/groupe-sos-transition-ecologique-et-territoires\\\/territoires\\\/#breadcrumb\"},\"inLanguage\":\"es\",\"potentialAction\":[{\"@type\":\"ReadAction\",\"target\":[\"https:\\\/\\\/www.groupe-sos.org\\\/es\\\/groupe-sos-transition-ecologique-et-territoires\\\/territoires\\\/\"]}]},{\"@type\":\"BreadcrumbList\",\"@id\":\"https:\\\/\\\/www.groupe-sos.org\\\/es\\\/groupe-sos-transition-ecologique-et-territoires\\\/territoires\\\/#breadcrumb\",\"itemListElement\":[{\"@type\":\"ListItem\",\"position\":1,\"name\":\"Home\",\"item\":\"https:\\\/\\\/www.groupe-sos.org\\\/es\\\/\"},{\"@type\":\"ListItem\",\"position\":2,\"name\":\"Territorios\u00a0\"}]},{\"@type\":\"WebSite\",\"@id\":\"https:\\\/\\\/www.groupe-sos.org\\\/es\\\/#website\",\"url\":\"https:\\\/\\\/www.groupe-sos.org\\\/es\\\/\",\"name\":\"Groupe SOS Entreprendre au profit de tous\",\"description\":\"Entreprendre au profit de tous\",\"publisher\":{\"@id\":\"https:\\\/\\\/www.groupe-sos.org\\\/es\\\/#organization\"},\"alternateName\":\"Groupe SOS\",\"potentialAction\":[{\"@type\":\"SearchAction\",\"target\":{\"@type\":\"EntryPoint\",\"urlTemplate\":\"https:\\\/\\\/www.groupe-sos.org\\\/es\\\/?s={search_term_string}\"},\"query-input\":{\"@type\":\"PropertyValueSpecification\",\"valueRequired\":true,\"valueName\":\"search_term_string\"}}],\"inLanguage\":\"es\"},{\"@type\":\"Organization\",\"@id\":\"https:\\\/\\\/www.groupe-sos.org\\\/es\\\/#organization\",\"name\":\"Groupe SOS\",\"alternateName\":\"Entreprendre au profit de tous\",\"url\":\"https:\\\/\\\/www.groupe-sos.org\\\/es\\\/\",\"logo\":{\"@type\":\"ImageObject\",\"inLanguage\":\"es\",\"@id\":\"https:\\\/\\\/www.groupe-sos.org\\\/es\\\/#\\\/schema\\\/logo\\\/image\\\/\",\"url\":\"https:\\\/\\\/www.groupe-sos.org\\\/wp-content\\\/uploads\\\/2022\\\/06\\\/groupe-sos-logo-1.png\",\"contentUrl\":\"https:\\\/\\\/www.groupe-sos.org\\\/wp-content\\\/uploads\\\/2022\\\/06\\\/groupe-sos-logo-1.png\",\"width\":300,\"height\":60,\"caption\":\"Groupe SOS\"},\"image\":{\"@id\":\"https:\\\/\\\/www.groupe-sos.org\\\/es\\\/#\\\/schema\\\/logo\\\/image\\\/\"},\"sameAs\":[\"https:\\\/\\\/www.facebook.com\\\/GroupeSOS\\\/\",\"https:\\\/\\\/x.com\\\/groupesos\",\"https:\\\/\\\/www.instagram.com\\\/groupe_sos\\\/\",\"https:\\\/\\\/www.linkedin.com\\\/company\\\/groupe-sos\\\/?originalSubdomain=fr\"]}]}<\/script>\n<!-- \/ Yoast SEO plugin. -->","yoast_head_json":{"title":"Territorios\u00a0 - Groupe SOS","description":"Cr\u00e9ation ou reprise de lieux, soutien et accompagnement d\u2019initiatives, cr\u00e9ation d\u2019outils num\u00e9riques : Groupe SOS Transition \u00e9cologique et territoires d\u00e9veloppe des modes d\u2019action adapt\u00e9s aux besoins de chaque collectivit\u00e9. Ces solutions s\u2019adressent aux\u202fhabitant\u00b7e\u00b7s\u202fdes territoires et les impliquent dans la construction de ces solutions qui les concernent.\u202f","robots":{"index":"index","follow":"follow","max-snippet":"max-snippet:-1","max-image-preview":"max-image-preview:large","max-video-preview":"max-video-preview:-1"},"canonical":"https:\/\/www.groupe-sos.org\/es\/groupe-sos-transition-ecologique-et-territoires\/territoires\/","og_locale":"es_ES","og_type":"article","og_title":"Territorios\u00a0 - Groupe SOS","og_description":"Cr\u00e9ation ou reprise de lieux, soutien et accompagnement d\u2019initiatives, cr\u00e9ation d\u2019outils num\u00e9riques : Groupe SOS Transition \u00e9cologique et territoires d\u00e9veloppe des modes d\u2019action adapt\u00e9s aux besoins de chaque collectivit\u00e9. Ces solutions s\u2019adressent aux\u202fhabitant\u00b7e\u00b7s\u202fdes territoires et les impliquent dans la construction de ces solutions qui les concernent.\u202f","og_url":"https:\/\/www.groupe-sos.org\/es\/groupe-sos-transition-ecologique-et-territoires\/territoires\/","og_site_name":"Groupe SOS","article_publisher":"https:\/\/www.facebook.com\/GroupeSOS\/","article_modified_time":"2023-11-16T13:46:08+00:00","twitter_card":"summary_large_image","twitter_site":"@groupesos","schema":{"@context":"https:\/\/schema.org","@graph":[{"@type":"WebPage","@id":"https:\/\/www.groupe-sos.org\/es\/groupe-sos-transition-ecologique-et-territoires\/territoires\/","url":"https:\/\/www.groupe-sos.org\/es\/groupe-sos-transition-ecologique-et-territoires\/territoires\/","name":"Territorios\u00a0 - Groupe SOS","isPartOf":{"@id":"https:\/\/www.groupe-sos.org\/es\/#website"},"datePublished":"2023-03-01T13:49:10+00:00","dateModified":"2023-11-16T13:46:08+00:00","description":"Cr\u00e9ation ou reprise de lieux, soutien et accompagnement d\u2019initiatives, cr\u00e9ation d\u2019outils num\u00e9riques : Groupe SOS Transition \u00e9cologique et territoires d\u00e9veloppe des modes d\u2019action adapt\u00e9s aux besoins de chaque collectivit\u00e9. Ces solutions s\u2019adressent aux\u202fhabitant\u00b7e\u00b7s\u202fdes territoires et les impliquent dans la construction de ces solutions qui les concernent.\u202f","breadcrumb":{"@id":"https:\/\/www.groupe-sos.org\/es\/groupe-sos-transition-ecologique-et-territoires\/territoires\/#breadcrumb"},"inLanguage":"es","potentialAction":[{"@type":"ReadAction","target":["https:\/\/www.groupe-sos.org\/es\/groupe-sos-transition-ecologique-et-territoires\/territoires\/"]}]},{"@type":"BreadcrumbList","@id":"https:\/\/www.groupe-sos.org\/es\/groupe-sos-transition-ecologique-et-territoires\/territoires\/#breadcrumb","itemListElement":[{"@type":"ListItem","position":1,"name":"Home","item":"https:\/\/www.groupe-sos.org\/es\/"},{"@type":"ListItem","position":2,"name":"Territorios\u00a0"}]},{"@type":"WebSite","@id":"https:\/\/www.groupe-sos.org\/es\/#website","url":"https:\/\/www.groupe-sos.org\/es\/","name":"Groupe SOS Entreprendre au profit de tous","description":"Entreprendre au profit de tous","publisher":{"@id":"https:\/\/www.groupe-sos.org\/es\/#organization"},"alternateName":"Groupe SOS","potentialAction":[{"@type":"SearchAction","target":{"@type":"EntryPoint","urlTemplate":"https:\/\/www.groupe-sos.org\/es\/?s={search_term_string}"},"query-input":{"@type":"PropertyValueSpecification","valueRequired":true,"valueName":"search_term_string"}}],"inLanguage":"es"},{"@type":"Organization","@id":"https:\/\/www.groupe-sos.org\/es\/#organization","name":"Groupe SOS","alternateName":"Entreprendre au profit de tous","url":"https:\/\/www.groupe-sos.org\/es\/","logo":{"@type":"ImageObject","inLanguage":"es","@id":"https:\/\/www.groupe-sos.org\/es\/#\/schema\/logo\/image\/","url":"https:\/\/www.groupe-sos.org\/wp-content\/uploads\/2022\/06\/groupe-sos-logo-1.png","contentUrl":"https:\/\/www.groupe-sos.org\/wp-content\/uploads\/2022\/06\/groupe-sos-logo-1.png","width":300,"height":60,"caption":"Groupe SOS"},"image":{"@id":"https:\/\/www.groupe-sos.org\/es\/#\/schema\/logo\/image\/"},"sameAs":["https:\/\/www.facebook.com\/GroupeSOS\/","https:\/\/x.com\/groupesos","https:\/\/www.instagram.com\/groupe_sos\/","https:\/\/www.linkedin.com\/company\/groupe-sos\/?originalSubdomain=fr"]}]}},"_links":{"self":[{"href":"https:\/\/www.groupe-sos.org\/es\/wp-json\/wp\/v2\/pages\/185623","targetHints":{"allow":["GET"]}}],"collection":[{"href":"https:\/\/www.groupe-sos.org\/es\/wp-json\/wp\/v2\/pages"}],"about":[{"href":"https:\/\/www.groupe-sos.org\/es\/wp-json\/wp\/v2\/types\/page"}],"author":[{"embeddable":true,"href":"https:\/\/www.groupe-sos.org\/es\/wp-json\/wp\/v2\/users\/1"}],"replies":[{"embeddable":true,"href":"https:\/\/www.groupe-sos.org\/es\/wp-json\/wp\/v2\/comments?post=185623"}],"version-history":[{"count":6,"href":"https:\/\/www.groupe-sos.org\/es\/wp-json\/wp\/v2\/pages\/185623\/revisions"}],"predecessor-version":[{"id":211380,"href":"https:\/\/www.groupe-sos.org\/es\/wp-json\/wp\/v2\/pages\/185623\/revisions\/211380"}],"up":[{"embeddable":true,"href":"https:\/\/www.groupe-sos.org\/es\/wp-json\/wp\/v2\/pages\/186609"}],"wp:attachment":[{"href":"https:\/\/www.groupe-sos.org\/es\/wp-json\/wp\/v2\/media?parent=185623"}],"wp:term":[{"taxonomy":"secteur","embeddable":true,"href":"https:\/\/www.groupe-sos.org\/es\/wp-json\/wp\/v2\/secteur?post=185623"}],"curies":[{"name":"wp","href":"https:\/\/api.w.org\/{rel}","templated":true}]}}