{"id":186040,"date":"2023-01-24T12:25:12","date_gmt":"2023-01-24T11:25:12","guid":{"rendered":"https:\/\/www.groupe-sos.org\/etre-fournisseur-au-groupe-sos\/"},"modified":"2023-11-30T10:07:52","modified_gmt":"2023-11-30T09:07:52","slug":"etre-fournisseur-au-groupe-sos","status":"publish","type":"page","link":"https:\/\/www.groupe-sos.org\/es\/etre-fournisseur-au-groupe-sos\/","title":{"rendered":"Ser proveedor del Groupe SOS"},"content":{"rendered":"<div id=\"field_powd5fc8f706e85434c\" class=\"container-fluid px-0 flexible_section heropages heropages block_hero\">\n  <div id=\"hero_powd5fc8f706e85434c\" class=\"hero_container px-0\">\n   <div class=\"hero_image_outer\">\n    <img decoding=\"async\" src=\"https:\/\/www.groupe-sos.org\/wp-content\/uploads\/2023\/03\/Fournisseurs_pour-banniere.jpg\" alt=\"\" class=\"heroimage \" \/>\n   <\/div>\n  <\/div>\n<\/div>\n\n\n<div id=\"field_pow78c6dcac340d4c92\" class=\"container-fluid px-0 flexible_section block_columns\">\n <div id=\"field_pow78c6dcac340d4c92_inner\" class=\"container flexible_section_inner\">\n\n   <div class=\"row flexible_section_content\">\n\n   <div class=\"p-5 col-sm-12 colonne colonne1\">\n    <div class=\"colonne_inner  text-left\">\n<h3>Actuar con nosotros<\/h3>\n<h1>Ser proveedor del Groupe SOS<\/h1>\n    <\/div>\n   <\/div>\n  <\/div>\n\n <\/div>\n<\/div>\n\n\n<div id=\"field_powd3e6a89f332c4d29\" class=\"container-fluid px-0 flexible_section block_breadcrumb\">\n <div id=\"field_powd3e6a89f332c4d29_inner\" class=\"container flexible_section_inner\">\n\n  <div class=\"row flexible_section_content\">\n\n   <div class=\"breadcrumb_outer\" id=\"breadcrumb_powd3e6a89f332c4d29\">\n\n   <nav aria-label=\"breadcrumb\" id=\"breadcrumb_powd3e6a89f332c4d29_nav\">\n    <ol class=\"breadcrumb\">\n<li class=\"breadcrumb-item active\" aria-current=\"page\">Ser proveedor del Groupe SOS<\/li>\n      <\/ol>\n   <\/nav>\n\n   <\/div>\n\n  <\/div>\n\n <\/div>\n<\/div>\n\n\n<div id=\"field_powd5a261ada4f4482a\" class=\"container-fluid px-0 flexible_section block_columns\">\n <div id=\"field_powd5a261ada4f4482a_inner\" class=\"container flexible_section_inner\">\n\n   <div class=\"row flexible_section_content\">\n\n   <div class=\"col-sm-12 colonne colonne1\">\n    <div class=\"colonne_inner  text-left\">\n<p><strong>Considerados como actores clave, el Groupe SOS trabaja en estrecha colaboraci\u00f3n con sus proveedores para que las compras contribuyan positivamente al rendimiento econ\u00f3mico, social, ambiental y societal de sus actividades.<\/strong><\/p>\n    <\/div>\n   <\/div>\n  <\/div>\n\n <\/div>\n<\/div>\n\n\n<div id=\"field_pow9a599ff70f6d4422\" class=\"container-fluid px-0 flexible_section block_columns\">\n <div id=\"field_pow9a599ff70f6d4422_inner\" class=\"container flexible_section_inner\">\n\n  <div class=\"row flexible_section_title_container\"><div class=\"col-12 flexible_section_title_col\"><h2 class=\"flexible_section_title mb-5 text-left  \">Las compras en el Groupe SOS<\/h2><\/div><\/div>\n   <div class=\"row flexible_section_content\">\n\n   <div class=\"mb-3 mb-sm-0 col-sm-6 colonne colonne1\">\n    <div class=\"colonne_inner  text-left\">\n<p>El Groupe SOS emplea\u00a0 330M\u20ac anualmente. Adem\u00e1s de las compras operativas tradicionales, la mayor parte de sus gastos se centra en:<\/p>\n<ul>\n<li>La acogida, atenci\u00f3n y alojamiento de los 2 millones de usuarios del Groupe en nuestras 650 estructuras.<\/li>\n<li>La alimentaci\u00f3n (aprox. 40,000 comidas se sirven cada d\u00eda).<\/li>\n<li>El refuerzo del personal temporal cuando es necesario.<\/li>\n<\/ul>\n<p>El Groupe SOS ha decidido desde hace muchos a\u00f1os respetar criterios medioambientales ambiciosos. Estos se describen en detalle en el Informe de Desarrollo Sostenible 2020.<\/p>\n<p>Desde 2022, las compras son coordinadas por la Direcci\u00f3n de Rendimiento Extra Financiero y Compras (DREFC) del Groupe SOS. La misi\u00f3n de DREFC es proporcionar las herramientas, soluciones, asesoramiento y pericia a los ecosistemas del Groupe para una pol\u00edtica de RSC (Responsabilidad Social Corporativa) y compras coherente, eficiente y comprometida. De esta manera, la pol\u00edtica de compras del Groupe est\u00e1 totalmente integrada a la pol\u00edtica RSC (Responsabilidad Social Corporativa) del Groupe.<\/p>\n    <\/div>\n   <\/div>\n   <div class=\"col-sm-6 colonne colonne2\">\n    <div class=\"colonne_inner  text-left\">\n<p><img decoding=\"async\" class=\"alignnone wp-image-168360 size-large\" src=\"https:\/\/www.groupe-sos.org\/wp-content\/uploads\/2023\/03\/Fournisseurs2-1024x683.jpg\" alt=\"\" width=\"1024\" height=\"683\" srcset=\"https:\/\/www.groupe-sos.org\/wp-content\/uploads\/2023\/03\/Fournisseurs2-1024x683.jpg 1024w, https:\/\/www.groupe-sos.org\/wp-content\/uploads\/2023\/03\/Fournisseurs2-300x200.jpg 300w, https:\/\/www.groupe-sos.org\/wp-content\/uploads\/2023\/03\/Fournisseurs2-768x512.jpg 768w, https:\/\/www.groupe-sos.org\/wp-content\/uploads\/2023\/03\/Fournisseurs2-1536x1024.jpg 1536w, https:\/\/www.groupe-sos.org\/wp-content\/uploads\/2023\/03\/Fournisseurs2-2048x1365.jpg 2048w\" sizes=\"(max-width: 1024px) 100vw, 1024px\" \/><\/p>\n<p style=\"text-align: center\"><a class=\"darkbluebutton\" href=\"https:\/\/www.groupe-sos.org\/wp-content\/uploads\/2021\/09\/Rapport_DD2021_VERSION_COURTE_INTERACTIF_PAGES_VDEF.pdf\">Informe de Desarrollo Sostenible [Versi\u00f3n corta]<\/a><\/p>\n<p style=\"text-align: center\">\n<p style=\"text-align: center\"><a class=\"darkbluebutton\" href=\"https:\/\/www.groupe-sos.org\/wp-content\/uploads\/2021\/09\/Rapport-DD2021_GSOS_INTERACTIF_LONG_VDEF.pdf\">Informe de Desarrollo Sostenible [Versi\u00f3n extensa]<\/a><\/p>\n    <\/div>\n   <\/div>\n  <\/div>\n\n <\/div>\n<\/div>\n\n\n<div id=\"field_pow28e9cf9216c64f7b\" class=\"container-fluid px-0 flexible_section block_columns\">\n <div id=\"field_pow28e9cf9216c64f7b_inner\" class=\"container flexible_section_inner animateOnScroll\" data-anim=\"animate__fadeInLeft\" data-delay=\"none\" data-speed=\"normal\" data-repeat=\"animate__repeat-1\">\n\n   <div class=\"row flexible_section_content\">\n\n   <div class=\"mb-3 mb-sm-0 col-sm-6 colonne colonne1\">\n    <div class=\"colonne_inner pt-3 text-left\">\n<h2>Carta de Relaciones con Proveedores y Compras Responsables<\/h2>\n<p>En 2021, el Groupe SOS fue la primera organizaci\u00f3n de referencia de la econom\u00eda social y solidaria en firmar la Carta de Relaciones con Proveedores y Compras Responsables para demostrar su compromiso en fortalecer sus pr\u00e1cticas virtuosas con respecto a su ecosistema de proveedores.<\/p>\n<p>En diciembre de 2022, el Groupe SOS, en colaboraci\u00f3n con la Cruz Roja francesa, APF (Asociaci\u00f3n de paral\u00edticos de Francia) y el Groupe VYV, consolid\u00f3 su compromiso al firmar la nueva Carta.<\/p>\n<p style=\"text-align: left\"><a class=\"darkbluebutton lightbluebutton\" href=\"https:\/\/www.economie.gouv.fr\/mediateur-des-entreprises\/charte-relations-fournisseurs-responsables\" target=\"_blank\" rel=\"noopener\">M\u00e1s informaci\u00f3n<\/a><\/p>\n    <\/div>\n   <\/div>\n   <div class=\"col-sm-6 colonne colonne2\">\n    <div class=\"colonne_inner text-left d-flex align-items-center justify-content-start\">\n    <div class=\"colonne_inner_sub pt-3\">\n<p><img decoding=\"async\" class=\"alignnone wp-image-168351 size-full\" src=\"https:\/\/www.groupe-sos.org\/wp-content\/uploads\/2023\/03\/Fournisseurs_signature-charte-Relations-fournisseurs.jpg\" alt=\"\" width=\"800\" height=\"530\" srcset=\"https:\/\/www.groupe-sos.org\/wp-content\/uploads\/2023\/03\/Fournisseurs_signature-charte-Relations-fournisseurs.jpg 800w, https:\/\/www.groupe-sos.org\/wp-content\/uploads\/2023\/03\/Fournisseurs_signature-charte-Relations-fournisseurs-300x199.jpg 300w, https:\/\/www.groupe-sos.org\/wp-content\/uploads\/2023\/03\/Fournisseurs_signature-charte-Relations-fournisseurs-768x509.jpg 768w\" sizes=\"(max-width: 800px) 100vw, 800px\" \/><\/p>\n    <\/div>\n    <\/div>\n   <\/div>\n  <\/div>\n\n <\/div>\n<\/div>\n\n\n<div id=\"field_pow583f34c822e1458b\" class=\"container-fluid px-0 flexible_section block_adaptativetextandimage\">\n <div id=\"field_pow583f34c822e1458b_inner\" class=\"container flexible_section_inner\">\n\n   <div class=\"row flexible_section_content adaptativeimage  bordertopjaune bordertopjaune\" id=\"textimagebanner_pow583f34c822e1458b\">\n\n   <div class=\"col-12 col-sm-7 order-2 order-sm-2 colonne colonne1 colonne1_pow583f34c822e1458b\">\n    <div class=\"colonne_inner text-left justify-content-start\">\n<h2>Carta de Socios Responsables del Groupe SOS<\/h2>\n<p>Los proveedores, como partes interesadas del Groupe SOS, juegan un papel esencial en la estrategia de desarrollo del Groupe SOS y contribuyen positivamente al rendimiento econ\u00f3mico, social, ambiental de sus actividades. La Carta de Socios Responsables formaliza las expectativas del Groupe SOS hacia sus socios y proveedores. Estas se detallan adem\u00e1s mediante acuerdos contractuales.<\/p>\n<p><a class=\"lightbluebutton\" href=\"https:\/\/www.groupe-sos.org\/wp-content\/uploads\/2023\/03\/Charte-Partenaires-Responsables-Groupe-SOS-nov-22-2.pdf\">Descubrir<\/a><\/p>\n    <\/div>\n   <\/div>\n   <div class=\"col-12 col-sm-5 order-1 order-sm-1 colonne colonne2 colonne2_pow583f34c822e1458b\">\n   <\/div>\n  <\/div>\n\n <\/div>\n<\/div>\n\n\n<div id=\"field_powffc3c7090abb4b44\" class=\"container-fluid px-0 flexible_section block_columns\">\n <div id=\"field_powffc3c7090abb4b44_inner\" class=\"container flexible_section_inner\">\n\n  <div class=\"row flexible_section_title_container\"><div class=\"col-12 flexible_section_title_col\"><h2 class=\"flexible_section_title mb-5 text-left  \">Mediaci\u00f3n de proveedores<\/h2><\/div><\/div>\n   <div class=\"row flexible_section_content\">\n\n   <div class=\"mb-3 mb-sm-0 col-sm-6 colonne colonne1\">\n    <div class=\"colonne_inner  text-left\">\n<p>La Mediaci\u00f3n de proveedores refuerza de manera sostenible el entendimiento, la comunicaci\u00f3n y tambi\u00e9n la cohesi\u00f3n entre las diferentes entidades del Groupe SOS y sus proveedores. Representa los valores de la Carta de Relaciones con Proveedores y Compras Responsables.<\/p>\n<p>Cuando se la convoca, su funci\u00f3n es alentar a las partes interesadas a optar por soluciones amigables para la resoluci\u00f3n de conflictos, proporcionando consejos de calidad y adaptados a cada situaci\u00f3n empresarial.<\/p>\n<p>Este servicio de Mediaci\u00f3n de proveedores es un procedimiento gratuito, r\u00e1pido y totalmente confidencial para el proveedor.<\/p>\n    <\/div>\n   <\/div>\n   <div class=\"col-sm-6 colonne colonne2\">\n    <div class=\"colonne_inner  text-left\">\n<p>La Mediaci\u00f3n de Proveedores puede ser convocada, por ejemplo, en caso de:<\/p>\n<ul>\n<li>Ruptura abrupta o una modificaci\u00f3n unilateral del contrato.<\/li>\n<li>Excesivos retrasos abusivos en los plazos de pago.<\/li>\n<li>Incumplimiento de los plazos de entrega o cancelaci\u00f3n no indemnizada de un pedido.<\/li>\n<li>Condiciones o cl\u00e1usulas contractuales ilegales o poco realistas.<\/li>\n<li>Contactar la Mediaci\u00f3n de proveedores<\/li>\n<\/ul>\n<p style=\"text-align: center\"><a class=\"darkbluebutton\" href=\"mailto:mediation.fournisseur@groupe-sos.org\">Contactar con La Mediaci\u00f3n de Proveedores<\/a><\/p>\n    <\/div>\n   <\/div>\n  <\/div>\n\n <\/div>\n<\/div>\n","protected":false},"excerpt":{"rendered":"<p>Les fournisseurs du Groupe SOS sont consid\u00e9r\u00e9s comme des parties prenantes essentielles, ils contribuent positivement aux performances \u00e9conomiques, sociales, environnementales et soci\u00e9tales de ses activit\u00e9s.<\/p>\n","protected":false},"author":1,"featured_media":0,"parent":0,"menu_order":345,"comment_status":"closed","ping_status":"closed","template":"page-flexipow.php","meta":{"_acf_changed":false,"footnotes":""},"secteur":[],"class_list":["post-186040","page","type-page","status-publish","hentry"],"acf":[],"yoast_head":"<!-- This site is optimized with the Yoast SEO plugin v27.4 - https:\/\/yoast.com\/product\/yoast-seo-wordpress\/ -->\n<title>Ser proveedor del Groupe SOS - Groupe SOS<\/title>\n<meta name=\"description\" content=\"Les fournisseurs du Groupe SOS sont consid\u00e9r\u00e9s comme des parties prenantes essentielles, ils contribuent positivement aux performances \u00e9conomiques, sociales, environnementales et soci\u00e9tales de ses activit\u00e9s.\" \/>\n<meta name=\"robots\" content=\"index, follow, max-snippet:-1, max-image-preview:large, max-video-preview:-1\" \/>\n<link rel=\"canonical\" href=\"https:\/\/www.groupe-sos.org\/es\/etre-fournisseur-au-groupe-sos\/\" \/>\n<meta property=\"og:locale\" content=\"es_ES\" \/>\n<meta property=\"og:type\" content=\"article\" \/>\n<meta property=\"og:title\" content=\"Ser proveedor del Groupe SOS - Groupe SOS\" \/>\n<meta property=\"og:description\" content=\"Les fournisseurs du Groupe SOS sont consid\u00e9r\u00e9s comme des parties prenantes essentielles, ils contribuent positivement aux performances \u00e9conomiques, sociales, environnementales et soci\u00e9tales de ses activit\u00e9s.\" \/>\n<meta property=\"og:url\" content=\"https:\/\/www.groupe-sos.org\/es\/etre-fournisseur-au-groupe-sos\/\" \/>\n<meta property=\"og:site_name\" content=\"Groupe SOS\" \/>\n<meta property=\"article:publisher\" content=\"https:\/\/www.facebook.com\/GroupeSOS\/\" \/>\n<meta property=\"article:modified_time\" content=\"2023-11-30T09:07:52+00:00\" \/>\n<meta name=\"twitter:card\" content=\"summary_large_image\" \/>\n<meta name=\"twitter:site\" content=\"@groupesos\" \/>\n<script type=\"application\/ld+json\" class=\"yoast-schema-graph\">{\"@context\":\"https:\\\/\\\/schema.org\",\"@graph\":[{\"@type\":\"WebPage\",\"@id\":\"https:\\\/\\\/www.groupe-sos.org\\\/es\\\/etre-fournisseur-au-groupe-sos\\\/\",\"url\":\"https:\\\/\\\/www.groupe-sos.org\\\/es\\\/etre-fournisseur-au-groupe-sos\\\/\",\"name\":\"Ser proveedor del Groupe SOS - Groupe SOS\",\"isPartOf\":{\"@id\":\"https:\\\/\\\/www.groupe-sos.org\\\/es\\\/#website\"},\"datePublished\":\"2023-01-24T11:25:12+00:00\",\"dateModified\":\"2023-11-30T09:07:52+00:00\",\"description\":\"Les fournisseurs du Groupe SOS sont consid\u00e9r\u00e9s comme des parties prenantes essentielles, ils contribuent positivement aux performances \u00e9conomiques, sociales, environnementales et soci\u00e9tales de ses activit\u00e9s.\",\"breadcrumb\":{\"@id\":\"https:\\\/\\\/www.groupe-sos.org\\\/es\\\/etre-fournisseur-au-groupe-sos\\\/#breadcrumb\"},\"inLanguage\":\"es\",\"potentialAction\":[{\"@type\":\"ReadAction\",\"target\":[\"https:\\\/\\\/www.groupe-sos.org\\\/es\\\/etre-fournisseur-au-groupe-sos\\\/\"]}]},{\"@type\":\"BreadcrumbList\",\"@id\":\"https:\\\/\\\/www.groupe-sos.org\\\/es\\\/etre-fournisseur-au-groupe-sos\\\/#breadcrumb\",\"itemListElement\":[{\"@type\":\"ListItem\",\"position\":1,\"name\":\"Home\",\"item\":\"https:\\\/\\\/www.groupe-sos.org\\\/es\\\/\"},{\"@type\":\"ListItem\",\"position\":2,\"name\":\"Ser proveedor del Groupe SOS\"}]},{\"@type\":\"WebSite\",\"@id\":\"https:\\\/\\\/www.groupe-sos.org\\\/es\\\/#website\",\"url\":\"https:\\\/\\\/www.groupe-sos.org\\\/es\\\/\",\"name\":\"Groupe SOS Entreprendre au profit de tous\",\"description\":\"Entreprendre au profit de tous\",\"publisher\":{\"@id\":\"https:\\\/\\\/www.groupe-sos.org\\\/es\\\/#organization\"},\"alternateName\":\"Groupe SOS\",\"potentialAction\":[{\"@type\":\"SearchAction\",\"target\":{\"@type\":\"EntryPoint\",\"urlTemplate\":\"https:\\\/\\\/www.groupe-sos.org\\\/es\\\/?s={search_term_string}\"},\"query-input\":{\"@type\":\"PropertyValueSpecification\",\"valueRequired\":true,\"valueName\":\"search_term_string\"}}],\"inLanguage\":\"es\"},{\"@type\":\"Organization\",\"@id\":\"https:\\\/\\\/www.groupe-sos.org\\\/es\\\/#organization\",\"name\":\"Groupe SOS\",\"alternateName\":\"Entreprendre au profit de tous\",\"url\":\"https:\\\/\\\/www.groupe-sos.org\\\/es\\\/\",\"logo\":{\"@type\":\"ImageObject\",\"inLanguage\":\"es\",\"@id\":\"https:\\\/\\\/www.groupe-sos.org\\\/es\\\/#\\\/schema\\\/logo\\\/image\\\/\",\"url\":\"https:\\\/\\\/www.groupe-sos.org\\\/wp-content\\\/uploads\\\/2022\\\/06\\\/groupe-sos-logo-1.png\",\"contentUrl\":\"https:\\\/\\\/www.groupe-sos.org\\\/wp-content\\\/uploads\\\/2022\\\/06\\\/groupe-sos-logo-1.png\",\"width\":300,\"height\":60,\"caption\":\"Groupe SOS\"},\"image\":{\"@id\":\"https:\\\/\\\/www.groupe-sos.org\\\/es\\\/#\\\/schema\\\/logo\\\/image\\\/\"},\"sameAs\":[\"https:\\\/\\\/www.facebook.com\\\/GroupeSOS\\\/\",\"https:\\\/\\\/x.com\\\/groupesos\",\"https:\\\/\\\/www.instagram.com\\\/groupe_sos\\\/\",\"https:\\\/\\\/www.linkedin.com\\\/company\\\/groupe-sos\\\/?originalSubdomain=fr\"]}]}<\/script>\n<!-- \/ Yoast SEO plugin. -->","yoast_head_json":{"title":"Ser proveedor del Groupe SOS - Groupe SOS","description":"Les fournisseurs du Groupe SOS sont consid\u00e9r\u00e9s comme des parties prenantes essentielles, ils contribuent positivement aux performances \u00e9conomiques, sociales, environnementales et soci\u00e9tales de ses activit\u00e9s.","robots":{"index":"index","follow":"follow","max-snippet":"max-snippet:-1","max-image-preview":"max-image-preview:large","max-video-preview":"max-video-preview:-1"},"canonical":"https:\/\/www.groupe-sos.org\/es\/etre-fournisseur-au-groupe-sos\/","og_locale":"es_ES","og_type":"article","og_title":"Ser proveedor del Groupe SOS - Groupe SOS","og_description":"Les fournisseurs du Groupe SOS sont consid\u00e9r\u00e9s comme des parties prenantes essentielles, ils contribuent positivement aux performances \u00e9conomiques, sociales, environnementales et soci\u00e9tales de ses activit\u00e9s.","og_url":"https:\/\/www.groupe-sos.org\/es\/etre-fournisseur-au-groupe-sos\/","og_site_name":"Groupe SOS","article_publisher":"https:\/\/www.facebook.com\/GroupeSOS\/","article_modified_time":"2023-11-30T09:07:52+00:00","twitter_card":"summary_large_image","twitter_site":"@groupesos","schema":{"@context":"https:\/\/schema.org","@graph":[{"@type":"WebPage","@id":"https:\/\/www.groupe-sos.org\/es\/etre-fournisseur-au-groupe-sos\/","url":"https:\/\/www.groupe-sos.org\/es\/etre-fournisseur-au-groupe-sos\/","name":"Ser proveedor del Groupe SOS - Groupe SOS","isPartOf":{"@id":"https:\/\/www.groupe-sos.org\/es\/#website"},"datePublished":"2023-01-24T11:25:12+00:00","dateModified":"2023-11-30T09:07:52+00:00","description":"Les fournisseurs du Groupe SOS sont consid\u00e9r\u00e9s comme des parties prenantes essentielles, ils contribuent positivement aux performances \u00e9conomiques, sociales, environnementales et soci\u00e9tales de ses activit\u00e9s.","breadcrumb":{"@id":"https:\/\/www.groupe-sos.org\/es\/etre-fournisseur-au-groupe-sos\/#breadcrumb"},"inLanguage":"es","potentialAction":[{"@type":"ReadAction","target":["https:\/\/www.groupe-sos.org\/es\/etre-fournisseur-au-groupe-sos\/"]}]},{"@type":"BreadcrumbList","@id":"https:\/\/www.groupe-sos.org\/es\/etre-fournisseur-au-groupe-sos\/#breadcrumb","itemListElement":[{"@type":"ListItem","position":1,"name":"Home","item":"https:\/\/www.groupe-sos.org\/es\/"},{"@type":"ListItem","position":2,"name":"Ser proveedor del Groupe SOS"}]},{"@type":"WebSite","@id":"https:\/\/www.groupe-sos.org\/es\/#website","url":"https:\/\/www.groupe-sos.org\/es\/","name":"Groupe SOS Entreprendre au profit de tous","description":"Entreprendre au profit de tous","publisher":{"@id":"https:\/\/www.groupe-sos.org\/es\/#organization"},"alternateName":"Groupe SOS","potentialAction":[{"@type":"SearchAction","target":{"@type":"EntryPoint","urlTemplate":"https:\/\/www.groupe-sos.org\/es\/?s={search_term_string}"},"query-input":{"@type":"PropertyValueSpecification","valueRequired":true,"valueName":"search_term_string"}}],"inLanguage":"es"},{"@type":"Organization","@id":"https:\/\/www.groupe-sos.org\/es\/#organization","name":"Groupe SOS","alternateName":"Entreprendre au profit de tous","url":"https:\/\/www.groupe-sos.org\/es\/","logo":{"@type":"ImageObject","inLanguage":"es","@id":"https:\/\/www.groupe-sos.org\/es\/#\/schema\/logo\/image\/","url":"https:\/\/www.groupe-sos.org\/wp-content\/uploads\/2022\/06\/groupe-sos-logo-1.png","contentUrl":"https:\/\/www.groupe-sos.org\/wp-content\/uploads\/2022\/06\/groupe-sos-logo-1.png","width":300,"height":60,"caption":"Groupe SOS"},"image":{"@id":"https:\/\/www.groupe-sos.org\/es\/#\/schema\/logo\/image\/"},"sameAs":["https:\/\/www.facebook.com\/GroupeSOS\/","https:\/\/x.com\/groupesos","https:\/\/www.instagram.com\/groupe_sos\/","https:\/\/www.linkedin.com\/company\/groupe-sos\/?originalSubdomain=fr"]}]}},"_links":{"self":[{"href":"https:\/\/www.groupe-sos.org\/es\/wp-json\/wp\/v2\/pages\/186040","targetHints":{"allow":["GET"]}}],"collection":[{"href":"https:\/\/www.groupe-sos.org\/es\/wp-json\/wp\/v2\/pages"}],"about":[{"href":"https:\/\/www.groupe-sos.org\/es\/wp-json\/wp\/v2\/types\/page"}],"author":[{"embeddable":true,"href":"https:\/\/www.groupe-sos.org\/es\/wp-json\/wp\/v2\/users\/1"}],"replies":[{"embeddable":true,"href":"https:\/\/www.groupe-sos.org\/es\/wp-json\/wp\/v2\/comments?post=186040"}],"version-history":[{"count":6,"href":"https:\/\/www.groupe-sos.org\/es\/wp-json\/wp\/v2\/pages\/186040\/revisions"}],"predecessor-version":[{"id":186054,"href":"https:\/\/www.groupe-sos.org\/es\/wp-json\/wp\/v2\/pages\/186040\/revisions\/186054"}],"wp:attachment":[{"href":"https:\/\/www.groupe-sos.org\/es\/wp-json\/wp\/v2\/media?parent=186040"}],"wp:term":[{"taxonomy":"secteur","embeddable":true,"href":"https:\/\/www.groupe-sos.org\/es\/wp-json\/wp\/v2\/secteur?post=186040"}],"curies":[{"name":"wp","href":"https:\/\/api.w.org\/{rel}","templated":true}]}}