{"id":186055,"date":"2022-09-07T17:50:07","date_gmt":"2022-09-07T15:50:07","guid":{"rendered":"https:\/\/www.groupe-sos.org\/devenir-partenaire\/"},"modified":"2024-10-04T14:24:29","modified_gmt":"2024-10-04T12:24:29","slug":"devenir-partenaire","status":"publish","type":"page","link":"https:\/\/www.groupe-sos.org\/es\/devenir-partenaire\/","title":{"rendered":"Convertirse en socio"},"content":{"rendered":"<div id=\"field_powaf2c4ba219024622\" class=\"container-fluid px-0 flexible_section heropages block_hero\">\n  <div id=\"hero_powaf2c4ba219024622\" class=\"hero_container px-0\">\n   <div class=\"hero_image_outer\">\n<picture class=\"skip-lazy\">\r\n\t\t\t\t\t<source srcset=\"https:\/\/www.groupe-sos.org\/wp-content\/uploads\/2022\/11\/GroupeSOS-home_lang.jpg\" media=\"(min-width: 578px)\" class=\"skip-lazy\">\r\n\t\t\t\t\t<img srcset=\"https:\/\/www.groupe-sos.org\/wp-content\/uploads\/2022\/11\/GroupeSOS-home-mob_lang.jpg\" alt=\"\" class=\"heroimage \" \/>\r\n\t\t\t\t<\/picture>   <\/div>\n  <\/div>\n<\/div>\n\n\n<div id=\"field_powc98fc5e5ad344c4a\" class=\"container-fluid px-0 flexible_section block_columns\">\n <div id=\"field_powc98fc5e5ad344c4a_inner\" class=\"container flexible_section_inner\">\n\n   <div class=\"row flexible_section_content\">\n\n   <div class=\"p-5 col-sm-12 colonne colonne1\">\n    <div class=\"colonne_inner  text-left\">\n<h3>Actuar con nosotros<\/h3>\n<h1>Convertirse en socio<\/h1>\n    <\/div>\n   <\/div>\n  <\/div>\n\n <\/div>\n<\/div>\n\n\n<div id=\"field_powd3e6a89f332c4d29\" class=\"container-fluid px-0 flexible_section block_breadcrumb\">\n <div id=\"field_powd3e6a89f332c4d29_inner\" class=\"container flexible_section_inner\">\n\n  <div class=\"row flexible_section_content\">\n\n   <div class=\"breadcrumb_outer\" id=\"breadcrumb_powd3e6a89f332c4d29\">\n\n   <nav aria-label=\"breadcrumb\" id=\"breadcrumb_powd3e6a89f332c4d29_nav\">\n    <ol class=\"breadcrumb\">\n<li class=\"breadcrumb-item active\" aria-current=\"page\">Convertirse en socio<\/li>\n      <\/ol>\n   <\/nav>\n\n   <\/div>\n\n  <\/div>\n\n <\/div>\n<\/div>\n\n\n<div id=\"field_powb9bf80fd88b94d5f\" class=\"container-fluid px-0 flexible_section block_columns\">\n <div id=\"field_powb9bf80fd88b94d5f_inner\" class=\"container flexible_section_inner\">\n\n  <div class=\"row flexible_section_title_container\"><div class=\"col-12 flexible_section_title_col\"><h2 class=\"flexible_section_title mb-5 text-left  \">Construyamos el futuro, juntos<\/h2><\/div><\/div>\n   <div class=\"row flexible_section_content\">\n\n   <div class=\"mb-3 mb-sm-0 col-sm-6 colonne colonne1\">\n    <div class=\"colonne_inner  text-left\">\n<p>Juntos, actuemos e innovemos en beneficio de las personas en situaci\u00f3n de vulnerabilidad, las futuras generaciones y los territorios. Desde su fundaci\u00f3n hace m\u00e1s de 35 a\u00f1os, el Groupe SOS se asocia con actores privados comprometidos e instituciones p\u00fablicas y europeas para reforzar el impacto de sus acciones sobre el terreno.<\/p>\n<p>&nbsp;<\/p>\n    <\/div>\n   <\/div>\n   <div class=\"col-sm-6 colonne colonne2\">\n    <div class=\"colonne_inner  text-left\">\n<p>Ser socio del Groupe SOS significa construir nuevos modelos de cooperaci\u00f3n, combinar habilidades y construir soluciones duraderas y eficientes en los territorios para 2 millones de beneficiarios. Ser socio del Groupe SOS es acelerar reflexiones y proyectos, impulsar y dirigir dispositivos innovadores, todo dentro de una relaci\u00f3n fuerte, transparente y co-construida.<\/p>\n    <\/div>\n   <\/div>\n  <\/div>\n\n <\/div>\n<\/div>\n\n\n<div id=\"field_pow75edf9d39a274599\" class=\"container-fluid px-0 flexible_section block_columns\">\n <div id=\"field_pow75edf9d39a274599_inner\" class=\"container flexible_section_inner\">\n\n   <div class=\"row flexible_section_content\">\n\n   <div class=\"mb-3 mb-sm-0 col-sm-3 colonne colonne1\">\n    <div class=\"colonne_inner bordertopbleu text-center\">\n<p><img decoding=\"async\" class=\"w-100 alignnone wp-image-165984 size-medium\" src=\"https:\/\/www.groupe-sos.org\/wp-content\/uploads\/2023\/01\/partenariat-1-300x300.jpg\" alt=\"\" width=\"300\" height=\"300\" srcset=\"https:\/\/www.groupe-sos.org\/wp-content\/uploads\/2023\/01\/partenariat-1.jpg 300w, https:\/\/www.groupe-sos.org\/wp-content\/uploads\/2023\/01\/partenariat-1-150x150.jpg 150w\" sizes=\"(max-width: 300px) 100vw, 300px\" \/><\/p>\n<p>Empresas y fundaciones<\/p>\n    <\/div>\n   <\/div>\n   <div class=\"mb-3 mb-sm-0 col-sm-3 colonne colonne2\">\n    <div class=\"colonne_inner bordertopjaune text-center\">\n<p><img decoding=\"async\" class=\"w-100 alignnone wp-image-165986 size-medium\" src=\"https:\/\/www.groupe-sos.org\/wp-content\/uploads\/2023\/01\/partenariat-2-300x300.jpg\" alt=\"\" width=\"300\" height=\"300\" srcset=\"https:\/\/www.groupe-sos.org\/wp-content\/uploads\/2023\/01\/partenariat-2.jpg 300w, https:\/\/www.groupe-sos.org\/wp-content\/uploads\/2023\/01\/partenariat-2-150x150.jpg 150w\" sizes=\"(max-width: 300px) 100vw, 300px\" \/><\/p>\n<p>Entidades e instituciones p\u00fablicas<\/p>\n    <\/div>\n   <\/div>\n   <div class=\"mb-3 mb-sm-0 col-sm-3 colonne colonne3\">\n    <div class=\"colonne_inner bordertopvert text-center\">\n<p><img decoding=\"async\" class=\"w-100 alignnone wp-image-165988 size-medium\" src=\"https:\/\/www.groupe-sos.org\/wp-content\/uploads\/2023\/01\/partenariat-3-300x300.jpg\" alt=\"\" width=\"300\" height=\"300\" srcset=\"https:\/\/www.groupe-sos.org\/wp-content\/uploads\/2023\/01\/partenariat-3.jpg 300w, https:\/\/www.groupe-sos.org\/wp-content\/uploads\/2023\/01\/partenariat-3-150x150.jpg 150w\" sizes=\"(max-width: 300px) 100vw, 300px\" \/><\/p>\n<p>Escuelas y estructuras acad\u00e9micas<\/p>\n    <\/div>\n   <\/div>\n   <div class=\"col-sm-3 colonne colonne4\">\n    <div class=\"colonne_inner bordertoprouge text-center\">\n<p><img decoding=\"async\" class=\"w-100 alignnone wp-image-165990 size-medium\" src=\"https:\/\/www.groupe-sos.org\/wp-content\/uploads\/2023\/01\/partenariat-4-300x300.jpg\" alt=\"\" width=\"300\" height=\"300\" srcset=\"https:\/\/www.groupe-sos.org\/wp-content\/uploads\/2023\/01\/partenariat-4.jpg 300w, https:\/\/www.groupe-sos.org\/wp-content\/uploads\/2023\/01\/partenariat-4-150x150.jpg 150w\" sizes=\"(max-width: 300px) 100vw, 300px\" \/><\/p>\n<p>Socios europeos e internacionales<\/p>\n    <\/div>\n   <\/div>\n  <\/div>\n\n <\/div>\n<\/div>\n\n\n<div id=\"field_pow07976fb6bbd44d9c\" class=\"container-fluid px-0 flexible_section block_columns\">\n <div id=\"field_pow07976fb6bbd44d9c_inner\" class=\"container flexible_section_inner\">\n\n  <div class=\"row flexible_section_title_container\"><div class=\"col-12 flexible_section_title_col\"><h2 class=\"flexible_section_title mb-5 text-left  \">4 razones para comprometerse con el Groupe SOS<\/h2><\/div><\/div>\n   <div class=\"row flexible_section_content\">\n\n   <div class=\"mb-3 mb-sm-0 col-sm-3 colonne colonne1\">\n    <div class=\"colonne_inner bordertopjaune pt-3 text-center\">\n<p><strong>Un impacto concreto en diversos campos de intervenci\u00f3n<\/strong><\/p>\n    <\/div>\n   <\/div>\n   <div class=\"mb-3 mb-sm-0 col-sm-3 colonne colonne2\">\n    <div class=\"colonne_inner bordertopvert pt-3 text-center\">\n<p><strong>Una red territorial sin igual<\/strong><\/p>\n    <\/div>\n   <\/div>\n   <div class=\"mb-3 mb-sm-0 col-sm-3 colonne colonne3\">\n    <div class=\"colonne_inner bordertoprouge pt-3 text-center\">\n<p><strong>Metodolog\u00edas de colaboraci\u00f3n innovadoras<\/strong><\/p>\n    <\/div>\n   <\/div>\n   <div class=\"col-sm-3 colonne colonne4\">\n    <div class=\"colonne_inner bordertopbleu pt-3 text-center\">\n<p><strong>Una fuerte promoci\u00f3n de nuestros socios privados y una respuesta positiva del p\u00fablico en general<\/strong><\/p>\n    <\/div>\n   <\/div>\n  <\/div>\n\n <\/div>\n<\/div>\n\n\n<div id=\"field_pow10536faa0ee34ed9\" class=\"container-fluid px-0 flexible_section block_adaptativetextandimage\">\n <div id=\"field_pow10536faa0ee34ed9_inner\" class=\"container flexible_section_inner\">\n\n   <div class=\"row no-gutters flexible_section_content adaptativeimage  bordertopjaune bordertopjaune\" id=\"textimagebanner_pow10536faa0ee34ed9\">\n\n   <div class=\"col-12 col-sm-7 order-2 order-sm-2 colonne colonne1 colonne1_pow10536faa0ee34ed9\">\n    <div class=\"colonne_inner text-left justify-content-start\">\n<h2>La Lista de Socios Responsables del Groupe SOS<\/h2>\n<p>Como actor principal de la econom\u00eda social y solidaria, el Groupe SOS tiene como objetivo asegurarse de que las soluciones que desarrolla y las relaciones asociativas que construye cumplan con los altos est\u00e1ndares que el grupo promueve en desarrollo sostenible, derechos humanos y transformaci\u00f3n social y ecol\u00f3gica. La Carta de Socios Responsables formaliza las expectativas del Groupe SOS hacia sus socios y proveedores. Este proceso, generador de valor para todos, requiere un compromiso continuo de los colaboradores del Groupe y de sus socios. Esto fortalecer\u00e1 las relaciones de confianza establecidas entre el Grupo y sus partes interesadas.<\/p>\n<p><a class=\"lightbluebutton\" href=\"https:\/\/www.groupe-sos.org\/wp-content\/uploads\/2023\/03\/Charte-Partenaires-Responsables-Groupe-SOS-nov-22-2.pdf\">Descubrir<\/a><\/p>\n    <\/div>\n   <\/div>\n   <div class=\"col-12 col-sm-5 order-1 order-sm-1 colonne colonne2 colonne2_pow10536faa0ee34ed9\">\n   <\/div>\n  <\/div>\n\n <\/div>\n<\/div>\n\n\n<div id=\"field_powf21f2ed786fb4245\" class=\"container-fluid px-0 flexible_section block_columns\">\n <div id=\"field_powf21f2ed786fb4245_inner\" class=\"container flexible_section_inner\">\n\n  <div class=\"row flexible_section_title_container\"><div class=\"col-12 flexible_section_title_col\"><h2 class=\"flexible_section_title mb-5 text-left  \">Un equipo dedicado a sus proyectos<\/h2><\/div><\/div>\n   <div class=\"row flexible_section_content\">\n\n   <div class=\"col-sm-12 colonne colonne1\">\n    <div class=\"colonne_inner  text-left\">\n    <\/div>\n   <\/div>\n  <\/div>\n\n <\/div>\n<\/div>\n\n\n<div id=\"field_pow6337b6dddba8433c\" class=\"container-fluid px-0 flexible_section block_adaptativetextandimage\">\n <div id=\"field_pow6337b6dddba8433c_inner\" class=\"container flexible_section_inner animateOnScroll\" data-anim=\"animate__fadeInLeft\" data-delay=\"none\" data-speed=\"normal\" data-repeat=\"animate__repeat-1\">\n\n   <div class=\"row flexible_section_content adaptativeimage \" id=\"textimagebanner_pow6337b6dddba8433c\">\n\n   <div class=\"col-12 col-sm-7 order-2 order-sm-1 colonne colonne1 colonne1_pow6337b6dddba8433c\">\n    <div class=\"colonne_inner text-left justify-content-start\">\n<h3>\u00bfNecesita consejo o acompa\u00f1amiento?<\/h3>\n<p>Como punto de acceso a las actividades del Groupe SOS y su ecosistema, y principal interlocutor de los socios, la Direcci\u00f3n de Desarrollo e Innovaci\u00f3n le acompa\u00f1a en todas las etapas para definir juntos las modalidades de asociaci\u00f3n adecuadas a nuestro proyecto conjunto seg\u00fan sus objetivos estrat\u00e9gicos y recursos: desarrollo de nuevas actividades, intercambio de experiencia, perspectiva RSC (Responsabilidad Social Corporativa), patrocinio, donaciones financieras o materiales, redondeo de salario o en caja, mecenazgo de habilidades, voluntariado.<\/p>\n<p>Cont\u00e1ctenos: <a href=\"mailto:partenariats@groupe-sos.org\">partenariats@groupe-sos.org<\/a><\/p>\n    <\/div>\n   <\/div>\n   <div class=\"col-12 col-sm-5 order-1 order-sm-2 colonne colonne2 colonne2_pow6337b6dddba8433c\">\n   <\/div>\n  <\/div>\n\n <\/div>\n<\/div>\n\n\n<script type=\"text\/javascript\">\r\n\t\t\t\tjQuery(document).ready(function() {\r\n\t\t\t\t\t\t\r\n\t\tvar pagination_pow2e3fb6ccbe404411 = jQuery(\".paginationholder_pow2e3fb6ccbe404411\");\r\n\r\n\t\tfunction setPagination_pow2e3fb6ccbe404411(){\r\n\t\t\tpagination_pow2e3fb6ccbe404411.jPages({\r\n\t\t\tcontainerID: \"grid_pow2e3fb6ccbe404411\",\r\n\t\t\tperPage: 12,\r\n\t\t\tstartPage: 1,\r\n\t\t\tstartRange: 1,\r\n\t\t\tmidRange: 3,\r\n\t\t\tendRange: 1,\r\n\t\t\tprevious : '\u00ab Prec',\r\n\t\t\tnext : 'Suiv \u00bb',\r\n\t\t\tminHeight : false\r\n\t\t\t});\r\n\t\t}\r\n\r\n\t\tfunction destroyPagination_pow2e3fb6ccbe404411() {\r\n\t\t  console.log(\"Pagination destroyed\");\r\n\t\t  pagination_pow2e3fb6ccbe404411.jPages(\"destroy\");\r\n\t\t};\r\n\r\n\t\tsetPagination_pow2e3fb6ccbe404411();\r\n\t\t\r\n\t\t\n\r\n\t\t\t\t});\t\t\r\n\t\t\t<\/script>","protected":false},"excerpt":{"rendered":"<p>Devenir partenaire du Groupe SOS, c&#8217;est construire l&#8217;avenir, ensemble. Le Groupe SOS s&#8217;associe, depuis sa cr\u00e9ation \u00e0 des acteurs priv\u00e9s engag\u00e9s et des institutions publiques et europ\u00e9ennes pour renforcer l&#8217;impact de ses actions sur le terrain.<\/p>\n","protected":false},"author":1,"featured_media":0,"parent":0,"menu_order":335,"comment_status":"closed","ping_status":"closed","template":"page-flexipow.php","meta":{"_acf_changed":false,"footnotes":""},"secteur":[],"class_list":["post-186055","page","type-page","status-publish","hentry"],"acf":[],"yoast_head":"<!-- This site is optimized with the Yoast SEO plugin v26.5 - https:\/\/yoast.com\/wordpress\/plugins\/seo\/ -->\n<title>Convertirse en socio - Groupe SOS<\/title>\n<meta name=\"description\" content=\"Devenir partenaire du Groupe SOS, c&#039;est construire l&#039;avenir, ensemble. Le Groupe SOS s&#039;associe, depuis sa cr\u00e9ation \u00e0 des acteurs priv\u00e9s engag\u00e9s et des institutions publiques et europ\u00e9ennes pour renforcer l&#039;impact de ses actions sur le terrain.\" \/>\n<meta name=\"robots\" content=\"index, follow, max-snippet:-1, max-image-preview:large, max-video-preview:-1\" \/>\n<link rel=\"canonical\" href=\"https:\/\/www.groupe-sos.org\/es\/devenir-partenaire\/\" \/>\n<meta property=\"og:locale\" content=\"es_ES\" \/>\n<meta property=\"og:type\" content=\"article\" \/>\n<meta property=\"og:title\" content=\"Convertirse en socio - Groupe SOS\" \/>\n<meta property=\"og:description\" content=\"Devenir partenaire du Groupe SOS, c&#039;est construire l&#039;avenir, ensemble. Le Groupe SOS s&#039;associe, depuis sa cr\u00e9ation \u00e0 des acteurs priv\u00e9s engag\u00e9s et des institutions publiques et europ\u00e9ennes pour renforcer l&#039;impact de ses actions sur le terrain.\" \/>\n<meta property=\"og:url\" content=\"https:\/\/www.groupe-sos.org\/es\/devenir-partenaire\/\" \/>\n<meta property=\"og:site_name\" content=\"Groupe SOS\" \/>\n<meta property=\"article:publisher\" content=\"https:\/\/www.facebook.com\/GroupeSOS\/\" \/>\n<meta property=\"article:modified_time\" content=\"2024-10-04T12:24:29+00:00\" \/>\n<meta name=\"twitter:card\" content=\"summary_large_image\" \/>\n<meta name=\"twitter:site\" content=\"@groupesos\" \/>\n<meta name=\"twitter:label1\" content=\"Tiempo de lectura\" \/>\n\t<meta name=\"twitter:data1\" content=\"3 minutos\" \/>\n<script type=\"application\/ld+json\" class=\"yoast-schema-graph\">{\"@context\":\"https:\/\/schema.org\",\"@graph\":[{\"@type\":\"WebPage\",\"@id\":\"https:\/\/www.groupe-sos.org\/es\/devenir-partenaire\/\",\"url\":\"https:\/\/www.groupe-sos.org\/es\/devenir-partenaire\/\",\"name\":\"Convertirse en socio - Groupe SOS\",\"isPartOf\":{\"@id\":\"https:\/\/www.groupe-sos.org\/es\/#website\"},\"datePublished\":\"2022-09-07T15:50:07+00:00\",\"dateModified\":\"2024-10-04T12:24:29+00:00\",\"description\":\"Devenir partenaire du Groupe SOS, c'est construire l'avenir, ensemble. Le Groupe SOS s'associe, depuis sa cr\u00e9ation \u00e0 des acteurs priv\u00e9s engag\u00e9s et des institutions publiques et europ\u00e9ennes pour renforcer l'impact de ses actions sur le terrain.\",\"breadcrumb\":{\"@id\":\"https:\/\/www.groupe-sos.org\/es\/devenir-partenaire\/#breadcrumb\"},\"inLanguage\":\"es\",\"potentialAction\":[{\"@type\":\"ReadAction\",\"target\":[\"https:\/\/www.groupe-sos.org\/es\/devenir-partenaire\/\"]}]},{\"@type\":\"BreadcrumbList\",\"@id\":\"https:\/\/www.groupe-sos.org\/es\/devenir-partenaire\/#breadcrumb\",\"itemListElement\":[{\"@type\":\"ListItem\",\"position\":1,\"name\":\"Home\",\"item\":\"https:\/\/www.groupe-sos.org\/es\/\"},{\"@type\":\"ListItem\",\"position\":2,\"name\":\"Convertirse en socio\"}]},{\"@type\":\"WebSite\",\"@id\":\"https:\/\/www.groupe-sos.org\/es\/#website\",\"url\":\"https:\/\/www.groupe-sos.org\/es\/\",\"name\":\"Groupe SOS Entreprendre au profit de tous\",\"description\":\"Entreprendre au profit de tous\",\"publisher\":{\"@id\":\"https:\/\/www.groupe-sos.org\/es\/#organization\"},\"alternateName\":\"Groupe SOS\",\"potentialAction\":[{\"@type\":\"SearchAction\",\"target\":{\"@type\":\"EntryPoint\",\"urlTemplate\":\"https:\/\/www.groupe-sos.org\/es\/?s={search_term_string}\"},\"query-input\":{\"@type\":\"PropertyValueSpecification\",\"valueRequired\":true,\"valueName\":\"search_term_string\"}}],\"inLanguage\":\"es\"},{\"@type\":\"Organization\",\"@id\":\"https:\/\/www.groupe-sos.org\/es\/#organization\",\"name\":\"Groupe SOS\",\"alternateName\":\"Entreprendre au profit de tous\",\"url\":\"https:\/\/www.groupe-sos.org\/es\/\",\"logo\":{\"@type\":\"ImageObject\",\"inLanguage\":\"es\",\"@id\":\"https:\/\/www.groupe-sos.org\/es\/#\/schema\/logo\/image\/\",\"url\":\"https:\/\/www.groupe-sos.org\/wp-content\/uploads\/2022\/06\/groupe-sos-logo-1.png\",\"contentUrl\":\"https:\/\/www.groupe-sos.org\/wp-content\/uploads\/2022\/06\/groupe-sos-logo-1.png\",\"width\":300,\"height\":60,\"caption\":\"Groupe SOS\"},\"image\":{\"@id\":\"https:\/\/www.groupe-sos.org\/es\/#\/schema\/logo\/image\/\"},\"sameAs\":[\"https:\/\/www.facebook.com\/GroupeSOS\/\",\"https:\/\/x.com\/groupesos\",\"https:\/\/www.instagram.com\/groupe_sos\/\",\"https:\/\/www.linkedin.com\/company\/groupe-sos\/?originalSubdomain=fr\"]}]}<\/script>\n<!-- \/ Yoast SEO plugin. -->","yoast_head_json":{"title":"Convertirse en socio - Groupe SOS","description":"Devenir partenaire du Groupe SOS, c'est construire l'avenir, ensemble. Le Groupe SOS s'associe, depuis sa cr\u00e9ation \u00e0 des acteurs priv\u00e9s engag\u00e9s et des institutions publiques et europ\u00e9ennes pour renforcer l'impact de ses actions sur le terrain.","robots":{"index":"index","follow":"follow","max-snippet":"max-snippet:-1","max-image-preview":"max-image-preview:large","max-video-preview":"max-video-preview:-1"},"canonical":"https:\/\/www.groupe-sos.org\/es\/devenir-partenaire\/","og_locale":"es_ES","og_type":"article","og_title":"Convertirse en socio - Groupe SOS","og_description":"Devenir partenaire du Groupe SOS, c'est construire l'avenir, ensemble. Le Groupe SOS s'associe, depuis sa cr\u00e9ation \u00e0 des acteurs priv\u00e9s engag\u00e9s et des institutions publiques et europ\u00e9ennes pour renforcer l'impact de ses actions sur le terrain.","og_url":"https:\/\/www.groupe-sos.org\/es\/devenir-partenaire\/","og_site_name":"Groupe SOS","article_publisher":"https:\/\/www.facebook.com\/GroupeSOS\/","article_modified_time":"2024-10-04T12:24:29+00:00","twitter_card":"summary_large_image","twitter_site":"@groupesos","twitter_misc":{"Tiempo de lectura":"3 minutos"},"schema":{"@context":"https:\/\/schema.org","@graph":[{"@type":"WebPage","@id":"https:\/\/www.groupe-sos.org\/es\/devenir-partenaire\/","url":"https:\/\/www.groupe-sos.org\/es\/devenir-partenaire\/","name":"Convertirse en socio - Groupe SOS","isPartOf":{"@id":"https:\/\/www.groupe-sos.org\/es\/#website"},"datePublished":"2022-09-07T15:50:07+00:00","dateModified":"2024-10-04T12:24:29+00:00","description":"Devenir partenaire du Groupe SOS, c'est construire l'avenir, ensemble. Le Groupe SOS s'associe, depuis sa cr\u00e9ation \u00e0 des acteurs priv\u00e9s engag\u00e9s et des institutions publiques et europ\u00e9ennes pour renforcer l'impact de ses actions sur le terrain.","breadcrumb":{"@id":"https:\/\/www.groupe-sos.org\/es\/devenir-partenaire\/#breadcrumb"},"inLanguage":"es","potentialAction":[{"@type":"ReadAction","target":["https:\/\/www.groupe-sos.org\/es\/devenir-partenaire\/"]}]},{"@type":"BreadcrumbList","@id":"https:\/\/www.groupe-sos.org\/es\/devenir-partenaire\/#breadcrumb","itemListElement":[{"@type":"ListItem","position":1,"name":"Home","item":"https:\/\/www.groupe-sos.org\/es\/"},{"@type":"ListItem","position":2,"name":"Convertirse en socio"}]},{"@type":"WebSite","@id":"https:\/\/www.groupe-sos.org\/es\/#website","url":"https:\/\/www.groupe-sos.org\/es\/","name":"Groupe SOS Entreprendre au profit de tous","description":"Entreprendre au profit de tous","publisher":{"@id":"https:\/\/www.groupe-sos.org\/es\/#organization"},"alternateName":"Groupe SOS","potentialAction":[{"@type":"SearchAction","target":{"@type":"EntryPoint","urlTemplate":"https:\/\/www.groupe-sos.org\/es\/?s={search_term_string}"},"query-input":{"@type":"PropertyValueSpecification","valueRequired":true,"valueName":"search_term_string"}}],"inLanguage":"es"},{"@type":"Organization","@id":"https:\/\/www.groupe-sos.org\/es\/#organization","name":"Groupe SOS","alternateName":"Entreprendre au profit de tous","url":"https:\/\/www.groupe-sos.org\/es\/","logo":{"@type":"ImageObject","inLanguage":"es","@id":"https:\/\/www.groupe-sos.org\/es\/#\/schema\/logo\/image\/","url":"https:\/\/www.groupe-sos.org\/wp-content\/uploads\/2022\/06\/groupe-sos-logo-1.png","contentUrl":"https:\/\/www.groupe-sos.org\/wp-content\/uploads\/2022\/06\/groupe-sos-logo-1.png","width":300,"height":60,"caption":"Groupe SOS"},"image":{"@id":"https:\/\/www.groupe-sos.org\/es\/#\/schema\/logo\/image\/"},"sameAs":["https:\/\/www.facebook.com\/GroupeSOS\/","https:\/\/x.com\/groupesos","https:\/\/www.instagram.com\/groupe_sos\/","https:\/\/www.linkedin.com\/company\/groupe-sos\/?originalSubdomain=fr"]}]}},"_links":{"self":[{"href":"https:\/\/www.groupe-sos.org\/es\/wp-json\/wp\/v2\/pages\/186055","targetHints":{"allow":["GET"]}}],"collection":[{"href":"https:\/\/www.groupe-sos.org\/es\/wp-json\/wp\/v2\/pages"}],"about":[{"href":"https:\/\/www.groupe-sos.org\/es\/wp-json\/wp\/v2\/types\/page"}],"author":[{"embeddable":true,"href":"https:\/\/www.groupe-sos.org\/es\/wp-json\/wp\/v2\/users\/1"}],"replies":[{"embeddable":true,"href":"https:\/\/www.groupe-sos.org\/es\/wp-json\/wp\/v2\/comments?post=186055"}],"version-history":[{"count":6,"href":"https:\/\/www.groupe-sos.org\/es\/wp-json\/wp\/v2\/pages\/186055\/revisions"}],"predecessor-version":[{"id":203343,"href":"https:\/\/www.groupe-sos.org\/es\/wp-json\/wp\/v2\/pages\/186055\/revisions\/203343"}],"wp:attachment":[{"href":"https:\/\/www.groupe-sos.org\/es\/wp-json\/wp\/v2\/media?parent=186055"}],"wp:term":[{"taxonomy":"secteur","embeddable":true,"href":"https:\/\/www.groupe-sos.org\/es\/wp-json\/wp\/v2\/secteur?post=186055"}],"curies":[{"name":"wp","href":"https:\/\/api.w.org\/{rel}","templated":true}]}}