{"id":186078,"date":"2022-09-07T17:57:33","date_gmt":"2022-09-07T15:57:33","guid":{"rendered":"https:\/\/www.groupe-sos.org\/rejoindre-le-groupe-sos\/"},"modified":"2025-03-18T10:50:13","modified_gmt":"2025-03-18T09:50:13","slug":"rejoindre-le-groupe-sos","status":"publish","type":"page","link":"https:\/\/www.groupe-sos.org\/es\/rejoindre-le-groupe-sos\/","title":{"rendered":"\u00danete al Groupe SOS"},"content":{"rendered":"<div id=\"field_powceb6a31802334c6e\" class=\"container-fluid px-0 flexible_section heropages block_hero\">\n  <div id=\"hero_powceb6a31802334c6e\" class=\"hero_container px-0\">\n   <div class=\"hero_image_outer\">\n<picture class=\"skip-lazy\">\r\n\t\t\t\t\t<source srcset=\"https:\/\/www.groupe-sos.org\/wp-content\/uploads\/2022\/11\/GroupeSOS-home_lang.jpg\" media=\"(min-width: 578px)\" class=\"skip-lazy\">\r\n\t\t\t\t\t<img srcset=\"https:\/\/www.groupe-sos.org\/wp-content\/uploads\/2022\/11\/GroupeSOS-home-mob_lang.jpg\" alt=\"\" class=\"heroimage \" \/>\r\n\t\t\t\t<\/picture>   <\/div>\n  <\/div>\n<\/div>\n\n\n<div id=\"field_powaee3fe3572314d26\" class=\"container-fluid px-0 flexible_section block_columns\">\n <div id=\"field_powaee3fe3572314d26_inner\" class=\"container flexible_section_inner\">\n\n   <div class=\"row flexible_section_content\">\n\n   <div class=\"p-5 col-sm-12 colonne colonne1\">\n    <div class=\"colonne_inner  text-left\">\n<h3>Act\u00faa con nosotros<\/h3>\n<h1>Asociaciones, construir juntos<\/h1>\n    <\/div>\n   <\/div>\n  <\/div>\n\n <\/div>\n<\/div>\n\n\n<div id=\"field_powd3e6a89f332c4d29\" class=\"container-fluid px-0 flexible_section block_breadcrumb\">\n <div id=\"field_powd3e6a89f332c4d29_inner\" class=\"container flexible_section_inner\">\n\n  <div class=\"row flexible_section_content\">\n\n   <div class=\"breadcrumb_outer\" id=\"breadcrumb_powd3e6a89f332c4d29\">\n\n   <nav aria-label=\"breadcrumb\" id=\"breadcrumb_powd3e6a89f332c4d29_nav\">\n    <ol class=\"breadcrumb\">\n<li class=\"breadcrumb-item active\" aria-current=\"page\">\u00danete al Groupe SOS<\/li>\n      <\/ol>\n   <\/nav>\n\n   <\/div>\n\n  <\/div>\n\n <\/div>\n<\/div>\n\n\n<div id=\"field_6320419001388\" class=\"container-fluid px-0 flexible_section block_onepagenav\">\n <div id=\"field_6320419001388_inner\" class=\"container flexible_section_inner\">\n\n<div id=\"onepagecontainer_6320419001388\" class=\"onepagemenucontainer \">\n<div class=\"container-fluid\">\n<div class=\"row\">\n<div id=\"onepagemenu_outer_6320419001388\" class=\"onepagemenu_outer col-12 text-center px-0 menuonepage\"><ul id=\"onepagemenu_6320419001388\" class=\"nav\">\n<li data-menuanchor=\"avantages\" class=\"px-3 active\"><a href=\"#avantages\" data-yoffset=\"150\" class=\"onepagescroll\">Quels avantages ?<\/a><\/li>\n<li data-menuanchor=\"modele\" class=\"px-3\"><a href=\"#modele\" data-yoffset=\"150\" class=\"onepagescroll\">Un mod\u00e8le innovant<\/a><\/li>\n<li data-menuanchor=\"conditions\" class=\"px-3\"><a href=\"#conditions\" data-yoffset=\"150\" class=\"onepagescroll\">Quelles conditions ?<\/a><\/li>\n<li class=\"px-3\"><a href=\"https:\/\/www.groupe-sos.org\/es\/nos-associations-etablissements-entreprises\/\">Nos marques<\/a><\/li>\n<li data-menuanchor=\"contact\" class=\"px-3 ctacontact\"><a href=\"#contact\" data-yoffset=\"150\" class=\"onepagescroll\">Contactez-nous<\/a><\/li>\n<\/ul>\n<\/div>\n<\/div><\/div><\/div> <\/div>\n<\/div>\n<script type=\"text\/javascript\">\r\n\t\t\t\tjQuery(document).ready(function() {\r\n\t\t\t\t\t\t\r\n\t\r\n\tjQuery('#onepagemenu_6320419001388 li a').removeClass('current');\r\n\t\r\n\tjQuery(window).scroll( function( e ){ \r\n\t\tjQuery('.custom_flexible_section').on('inview', function(event, isInView) {\r\n\t\tif (isInView) {\r\n\t\t\tvar dest_id = jQuery(this).attr('id');\r\n\t\t\tjQuery('h2.flexible_section_title',this).addClass('currenttitlesection'); \r\n\t\t\tjQuery('#onepagemenu_6320419001388 a').removeClass('current');\r\n\t\t\tjQuery('#onepagemenu_6320419001388 a[href=\"#' + dest_id + '\"]').addClass('current');\r\n\t\t\tconsole.log('DATA : ' + dest_id);\r\n\t\t}\r\n\t\telse { \r\n\t\t\tjQuery('h2.flexible_section_title',this).removeClass('currenttitlesection'); \r\n\t\t}\r\n\t\t});\r\n\t});\r\n\t\r\n\tjQuery('#onepagemenu_6320419001388 li a.onepagescroll').on('click', function() {  \r\n\t\tevent.preventDefault();\r\n\t\tvar section = jQuery(this).attr('href'); \r\n\t\tvar yoffset = jQuery(this).data('yoffset'); \r\n\t\tjQuery('html, body').animate({\r\n\t\t\tscrollTop: jQuery(section).offset().top-yoffset\r\n\t\t}, 750);\r\n\t\tjQuery('#onepagemenu_6320419001388 li a').removeClass('current');\r\n\t\tjQuery(this).addClass('current');\r\n\t});\r\n\t\r\n\t\n\r\n\t\t\t\t});\t\t\r\n\t\t\t<\/script>\n\n<div id=\"field_631f024db3998\" class=\"container-fluid px-0 flexible_section block_columns\">\n <div id=\"field_631f024db3998_inner\" class=\"container flexible_section_inner\">\n\n   <div class=\"row flexible_section_content\">\n\n   <div class=\"mb-3 mb-sm-0 col-sm-6 colonne colonne1\">\n    <div class=\"colonne_inner  text-left\">\n<p><strong>El Groupe SOS, gracias a su solidez y trayectoria, incorpora de manera regular a actores relevantes de la Econom\u00eda Social y Solidaria. En tiempos donde las personas en situaci\u00f3n de vulnerabilidad, las futuras generaciones y las comunidades requieren de una solidaridad a\u00fan m\u00e1s pronunciada, y donde el desaf\u00edo medioambiental se intensifica, el Groupe SOS tiene la certeza de que es esencial unificar esfuerzos para asegurar la preservaci\u00f3n y el crecimiento de nuestro entramado asociativo y empresarial. <\/strong><\/p>\n    <\/div>\n   <\/div>\n   <div class=\"col-sm-6 colonne colonne2\">\n    <div class=\"colonne_inner  text-left\">\n<p><strong>Desde sus inicios en 1984, el Groupe\u00a0SOS ha respaldado a numerosas asociaciones y empresas de impacto positivo, alineando sus esfuerzos con las demandas de los equipos directivos. Presenta una estrategia novedosa: la integraci\u00f3n asociativa. Para cada escenario, esbozamos un proyecto que respete y se adapte a la historia, identidad, valores y metas de cada entidad, teniendo siempre una meta compartida: armonizar la eficacia econ\u00f3mica con el bien com\u00fan. <\/strong><\/p>\n    <\/div>\n   <\/div>\n  <\/div>\n\n <\/div>\n<\/div>\n\n\n<div id=\"avantages\" class=\"custom_flexible_section\">\n<div id=\"field_631f036341195\" class=\"container-fluid px-0 flexible_section block_columns\">\n <div id=\"field_631f036341195_inner\" class=\"container flexible_section_inner\">\n\n  <div class=\"row flexible_section_title_container\"><div class=\"col-12 flexible_section_title_col\"><h2 class=\"flexible_section_title mb-5 text-left  \">\u00bfPor qu\u00e9 unirse al Groupe SOS?<\/h2><\/div><\/div>\n   <div class=\"row flexible_section_content\">\n\n   <div class=\"mb-3 mb-sm-0 col-sm-6 colonne colonne1\">\n    <div class=\"colonne_inner bordertopvert text-left\">\n<h3>Garantizar su viabilidad a largo plazo y facilitar su gesti\u00f3n<\/h3>\n<p>Beneficiarse de la solidez financiera del Groupe SOS simplemente uni\u00e9ndose a \u00e9l legalmente, sin que desaparezca la asociaci\u00f3n integrada, en particular para hacer frente a problemas temporales de tesorer\u00eda o a necesidades de financiaci\u00f3n a corto, medio y largo plazo. Gobernanza sostenible integrada en el Groupe SOS, consolidando su futuro. Inversi\u00f3n directa del Groupe SOS en sus recursos internos para asegurar el futuro a largo plazo de la asociaci\u00f3n asociada.<\/p>\n    <\/div>\n   <\/div>\n   <div class=\"col-sm-6 colonne colonne2\">\n    <div class=\"colonne_inner bordertoprouge text-left\">\n<h3>Mantener sus caracter\u00edsticas espec\u00edficas<\/h3>\n<p>Las asociaciones que se han adherido al Groupe SOS le han prestado servicios innovadores o complementarios (protecci\u00f3n social de la infancia, primera infancia, asesoramiento en desarrollo sostenible para empresas y colectividades locales, formaci\u00f3n, etc.), con la preocupaci\u00f3n constante de preservar sus especificidades, su actividad y su historia.<\/p>\n<p>La afiliaci\u00f3n institucional al Groupe ofrece las siguientes ventajas y consecuencias:<\/p>\n<ul>\n<li>Preservaci\u00f3n de la personalidad jur\u00eddica de la asociaci\u00f3n,<br \/>\nPreservaci\u00f3n de su historia, reputaci\u00f3n y experiencia,<br \/>\nGarant\u00eda de autonom\u00eda de gesti\u00f3n para la asociaci\u00f3n descentralizada, basada en su propio equipo directivo.<\/li>\n<\/ul>\n    <\/div>\n   <\/div>\n  <\/div>\n\n <\/div>\n<\/div>\n<\/div>\n\n\n<div id=\"field_powc3acf10bcbab4289\" class=\"container-fluid px-0 flexible_section block_columns\">\n <div id=\"field_powc3acf10bcbab4289_inner\" class=\"container flexible_section_inner\">\n\n   <div class=\"row flexible_section_content\">\n\n   <div class=\"mb-3 mb-sm-0 col-sm-6 colonne colonne1\">\n    <div class=\"colonne_inner bordertopbleu text-left\">\n<h3>Desarrolle su actividad y abra nuevas puertas<\/h3>\n<p>Benef\u00edciese de las competencias y herramientas desarrolladas por los equipos del Groupe SOS, que permiten a la filial garantizar un enfoque y una planificaci\u00f3n de calidad para desarrollar sus actividades: financiaci\u00f3n, peritaje inmobiliario, asociaciones, asuntos p\u00fablicos, pol\u00edtica de RRHH del Groupe, herramientas de n\u00f3mina, pol\u00edtica de compras del Groupe, apoyo a la gesti\u00f3n y reporting de la agrupaci\u00f3n de inter\u00e9s econ\u00f3mico, asesoramiento jur\u00eddico, en particular.<\/p>\n<p>Un Groupe diversificado y federativo, donde son posibles muchas sinergias entre estructuras. El Groupe SOS est\u00e1 convencido de que romper las barreras entre las organizaciones sin \u00e1nimo de lucro es una fuerza para la sociedad. La experiencia y los intercambios entre las asociaciones del Groupe SOS han permitido poner en marcha numerosas iniciativas.<\/p>\n    <\/div>\n   <\/div>\n   <div class=\"col-sm-6 colonne colonne2\">\n    <div class=\"colonne_inner bordertopjaune text-left\">\n<h3>Unirse a un modelo de empresa sin \u00e1nimo de lucro, s\u00f3lida y comprometida<\/h3>\n<p><strong>El Groupe SOS es una organizaci\u00f3n sin \u00e1nimo de lucro y l\u00edder en emprendimiento social en Europa.<\/strong><\/p>\n<p>Re\u00fane a 750 asociaciones, empresas sociales y establecimientos que luchan, act\u00faan e innovan en beneficio de las personas en situaci\u00f3n vulnerable, las generaciones futuras y las comunidades locales.<\/p>\n<p>Desde su fundaci\u00f3n en 1984, durante los a\u00f1os del SIDA, el Groupe SOS lucha contra todas las formas de exclusi\u00f3n e innova frente a los retos sociales, societales y medioambientales.<\/p>\n<p>Sin \u00e1nimo de lucro ni accionistas, el Groupe SOS y sus 22.000 empleados trabajan en Francia y en m\u00e1s de 50 pa\u00edses de todo el mundo.<\/p>\n    <\/div>\n   <\/div>\n  <\/div>\n\n <\/div>\n<\/div>\n\n\n<div id=\"field_powbeda9e49dd4146a1\" class=\"container-fluid px-0 flexible_section block_adaptativetextandimage\">\n <div id=\"field_powbeda9e49dd4146a1_inner\" class=\"container flexible_section_inner animateOnScroll\" data-anim=\"animate__fadeInRight\" data-delay=\"none\" data-speed=\"normal\" data-repeat=\"animate__repeat-1\">\n\n   <div class=\"row no-gutters flexible_section_content adaptativeimage \" id=\"textimagebanner_powbeda9e49dd4146a1\">\n\n   <div class=\"col-12 col-sm-7 order-2 order-sm-2 colonne colonne1 colonne1_powbeda9e49dd4146a1\">\n    <div class=\"colonne_inner text-left justify-content-start\">\n<p><strong>Nos han unido: el ejemplo de PLAY Internacional<\/strong><\/p>\n<p>PLAY Internacional naci\u00f3 en 1999 de una convicci\u00f3n profunda: el deporte es tanto un derecho fundamental como una forma de resolver los problemas de nuestras sociedades. Hoy reconocida internacionalmente, sin embargo, tuvo que enfrentar muchos desaf\u00edos antes de alcanzar el reconocimiento que tiene ahora. Su presidente, Arnaud Mourot, tambi\u00e9n administrador voluntario del Groupe SOS, nos cuenta la historia del acercamiento con el Groupe.<\/p>\n<p>&nbsp;<\/p>\n<p style=\"text-align: center\"><a class=\"darkbluebutton\" href=\"https:\/\/www.play-international.org\/en\" target=\"_blank\" rel=\"noopener\">M\u00e1s informaci\u00f3n<\/a><\/p>\n    <\/div>\n   <\/div>\n   <div class=\"col-12 col-sm-5 order-1 order-sm-1 colonne colonne2 colonne2_powbeda9e49dd4146a1\">\n   <\/div>\n  <\/div>\n\n <\/div>\n<\/div>\n\n\n<div id=\"contact\" class=\"custom_flexible_section\">\n<div id=\"field_63203d42eb80e\" class=\"container-fluid px-0 flexible_section block_columns\">\n <div id=\"field_63203d42eb80e_inner\" class=\"container flexible_section_inner\">\n\n  <div class=\"row flexible_section_title_container\"><div class=\"col-12 flexible_section_title_col\"><h2 class=\"flexible_section_title mb-5 text-left  \">Asociaciones, empresas&#8230; \u00a1Cont\u00e1ctanos!<\/h2><\/div><\/div>\n   <div class=\"row flexible_section_content\">\n\n   <div class=\"col-sm-12 colonne colonne1\">\n    <div class=\"colonne_inner  text-left\">\n<ul>\n<li>Si formas parte de una asociaci\u00f3n u organizaci\u00f3n con impacto positivo (social, medioambiental&#8230;)<\/li>\n<li>Si deseas hacer crecer tu asociaci\u00f3n o empresa social, llevarla al siguiente nivel.<\/li>\n<li>Si enfrentas un problema de gesti\u00f3n, liderazgo, finanzas, o transmisi\u00f3n de tu organizaci\u00f3n.<\/li>\n<\/ul>\n<p>\u00a1El Groupe SOS puede ayudarte! Ya sea que act\u00faes en Francia (metropolitana o ultramarina) o en el extranjero. Los equipos del Groue SOS han demostrado en el pasado su capacidad para trabajar en proyectos conjuntos con organizaciones con objetivos y p\u00fablicos muy diferentes.<\/p>\n<p>Los desaf\u00edos de cada uno son una oportunidad para reinventar juntos un modelo viable con impactos positivos, sociales y medioambientales, adaptados a los retos actuales y futuros.<\/p>\n<p>Una \u00fanica convicci\u00f3n: \u00a1juntos somos m\u00e1s fuertes!<\/p>\n<p>&nbsp;<\/p>\n<div class=\"notice_darkblue\">\n<p><strong>UN EQUIPO DEDICADO A TUS PROYECTOS$<\/strong><\/p>\n<p><strong>\u00bfC\u00f3mo contactarnos?<\/strong><\/p>\n<p>Si est\u00e1s considerando proyectos conjuntos con el Groupe SOS o simplemente buscas m\u00e1s informaci\u00f3n, te invitamos a enviar un correo electr\u00f3nico. Los miembros m\u00e1s adecuados del Groupe se pondr\u00e1n en contacto contigo lo antes posible.<\/p>\n<p>Correo electr\u00f3nico: : <a href=\"mailto:construisons-ensemble@groupe-sos.org\">construisons-ensemble@groupe-sos.org<\/a><\/p>\n<\/div>\n    <\/div>\n   <\/div>\n  <\/div>\n\n <\/div>\n<\/div>\n<\/div>\n","protected":false},"excerpt":{"rendered":"<p>Rejoindre le Groupe SOS peut-\u00eatre une formidable opportunit\u00e9 \u00e0 divers \u00e9gards : synergies entre m\u00e9tiers, savoir-faire, diversification des activit\u00e9s, mutualisation de moyens et d\u2019expertises\u2026 Ensemble, il est possible de concilier efficacit\u00e9 \u00e9conomique et int\u00e9r\u00eat g\u00e9n\u00e9ral.<\/p>\n","protected":false},"author":1,"featured_media":0,"parent":0,"menu_order":343,"comment_status":"closed","ping_status":"closed","template":"page-flexipow.php","meta":{"_acf_changed":false,"footnotes":""},"secteur":[],"class_list":["post-186078","page","type-page","status-publish","hentry"],"acf":[],"yoast_head":"<!-- This site is optimized with the Yoast SEO plugin v27.4 - https:\/\/yoast.com\/product\/yoast-seo-wordpress\/ -->\n<title>\u00danete al Groupe SOS - Groupe SOS<\/title>\n<meta name=\"description\" content=\"Rejoindre le Groupe SOS peut-\u00eatre une formidable opportunit\u00e9 \u00e0 divers \u00e9gards : synergies entre m\u00e9tiers, savoir-faire, diversification des activit\u00e9s, mutualisation de moyens et d\u2019expertises\u2026 Ensemble, il est possible de concilier efficacit\u00e9 \u00e9conomique et int\u00e9r\u00eat g\u00e9n\u00e9ral.\" \/>\n<meta name=\"robots\" content=\"index, follow, max-snippet:-1, max-image-preview:large, max-video-preview:-1\" \/>\n<link rel=\"canonical\" href=\"https:\/\/www.groupe-sos.org\/es\/rejoindre-le-groupe-sos\/\" \/>\n<meta property=\"og:locale\" content=\"es_ES\" \/>\n<meta property=\"og:type\" content=\"article\" \/>\n<meta property=\"og:title\" content=\"\u00danete al Groupe SOS - Groupe SOS\" \/>\n<meta property=\"og:description\" content=\"Rejoindre le Groupe SOS peut-\u00eatre une formidable opportunit\u00e9 \u00e0 divers \u00e9gards : synergies entre m\u00e9tiers, savoir-faire, diversification des activit\u00e9s, mutualisation de moyens et d\u2019expertises\u2026 Ensemble, il est possible de concilier efficacit\u00e9 \u00e9conomique et int\u00e9r\u00eat g\u00e9n\u00e9ral.\" \/>\n<meta property=\"og:url\" content=\"https:\/\/www.groupe-sos.org\/es\/rejoindre-le-groupe-sos\/\" \/>\n<meta property=\"og:site_name\" content=\"Groupe SOS\" \/>\n<meta property=\"article:publisher\" content=\"https:\/\/www.facebook.com\/GroupeSOS\/\" \/>\n<meta property=\"article:modified_time\" content=\"2025-03-18T09:50:13+00:00\" \/>\n<meta name=\"twitter:card\" content=\"summary_large_image\" \/>\n<meta name=\"twitter:site\" content=\"@groupesos\" \/>\n<meta name=\"twitter:label1\" content=\"Tiempo de lectura\" \/>\n\t<meta name=\"twitter:data1\" content=\"5 minutos\" \/>\n<script type=\"application\/ld+json\" class=\"yoast-schema-graph\">{\"@context\":\"https:\\\/\\\/schema.org\",\"@graph\":[{\"@type\":\"WebPage\",\"@id\":\"https:\\\/\\\/www.groupe-sos.org\\\/es\\\/rejoindre-le-groupe-sos\\\/\",\"url\":\"https:\\\/\\\/www.groupe-sos.org\\\/es\\\/rejoindre-le-groupe-sos\\\/\",\"name\":\"\u00danete al Groupe SOS - Groupe SOS\",\"isPartOf\":{\"@id\":\"https:\\\/\\\/www.groupe-sos.org\\\/es\\\/#website\"},\"datePublished\":\"2022-09-07T15:57:33+00:00\",\"dateModified\":\"2025-03-18T09:50:13+00:00\",\"description\":\"Rejoindre le Groupe SOS peut-\u00eatre une formidable opportunit\u00e9 \u00e0 divers \u00e9gards : synergies entre m\u00e9tiers, savoir-faire, diversification des activit\u00e9s, mutualisation de moyens et d\u2019expertises\u2026 Ensemble, il est possible de concilier efficacit\u00e9 \u00e9conomique et int\u00e9r\u00eat g\u00e9n\u00e9ral.\",\"breadcrumb\":{\"@id\":\"https:\\\/\\\/www.groupe-sos.org\\\/es\\\/rejoindre-le-groupe-sos\\\/#breadcrumb\"},\"inLanguage\":\"es\",\"potentialAction\":[{\"@type\":\"ReadAction\",\"target\":[\"https:\\\/\\\/www.groupe-sos.org\\\/es\\\/rejoindre-le-groupe-sos\\\/\"]}]},{\"@type\":\"BreadcrumbList\",\"@id\":\"https:\\\/\\\/www.groupe-sos.org\\\/es\\\/rejoindre-le-groupe-sos\\\/#breadcrumb\",\"itemListElement\":[{\"@type\":\"ListItem\",\"position\":1,\"name\":\"Home\",\"item\":\"https:\\\/\\\/www.groupe-sos.org\\\/es\\\/\"},{\"@type\":\"ListItem\",\"position\":2,\"name\":\"\u00danete al Groupe SOS\"}]},{\"@type\":\"WebSite\",\"@id\":\"https:\\\/\\\/www.groupe-sos.org\\\/es\\\/#website\",\"url\":\"https:\\\/\\\/www.groupe-sos.org\\\/es\\\/\",\"name\":\"Groupe SOS Entreprendre au profit de tous\",\"description\":\"Entreprendre au profit de tous\",\"publisher\":{\"@id\":\"https:\\\/\\\/www.groupe-sos.org\\\/es\\\/#organization\"},\"alternateName\":\"Groupe SOS\",\"potentialAction\":[{\"@type\":\"SearchAction\",\"target\":{\"@type\":\"EntryPoint\",\"urlTemplate\":\"https:\\\/\\\/www.groupe-sos.org\\\/es\\\/?s={search_term_string}\"},\"query-input\":{\"@type\":\"PropertyValueSpecification\",\"valueRequired\":true,\"valueName\":\"search_term_string\"}}],\"inLanguage\":\"es\"},{\"@type\":\"Organization\",\"@id\":\"https:\\\/\\\/www.groupe-sos.org\\\/es\\\/#organization\",\"name\":\"Groupe SOS\",\"alternateName\":\"Entreprendre au profit de tous\",\"url\":\"https:\\\/\\\/www.groupe-sos.org\\\/es\\\/\",\"logo\":{\"@type\":\"ImageObject\",\"inLanguage\":\"es\",\"@id\":\"https:\\\/\\\/www.groupe-sos.org\\\/es\\\/#\\\/schema\\\/logo\\\/image\\\/\",\"url\":\"https:\\\/\\\/www.groupe-sos.org\\\/wp-content\\\/uploads\\\/2022\\\/06\\\/groupe-sos-logo-1.png\",\"contentUrl\":\"https:\\\/\\\/www.groupe-sos.org\\\/wp-content\\\/uploads\\\/2022\\\/06\\\/groupe-sos-logo-1.png\",\"width\":300,\"height\":60,\"caption\":\"Groupe SOS\"},\"image\":{\"@id\":\"https:\\\/\\\/www.groupe-sos.org\\\/es\\\/#\\\/schema\\\/logo\\\/image\\\/\"},\"sameAs\":[\"https:\\\/\\\/www.facebook.com\\\/GroupeSOS\\\/\",\"https:\\\/\\\/x.com\\\/groupesos\",\"https:\\\/\\\/www.instagram.com\\\/groupe_sos\\\/\",\"https:\\\/\\\/www.linkedin.com\\\/company\\\/groupe-sos\\\/?originalSubdomain=fr\"]}]}<\/script>\n<!-- \/ Yoast SEO plugin. -->","yoast_head_json":{"title":"\u00danete al Groupe SOS - Groupe SOS","description":"Rejoindre le Groupe SOS peut-\u00eatre une formidable opportunit\u00e9 \u00e0 divers \u00e9gards : synergies entre m\u00e9tiers, savoir-faire, diversification des activit\u00e9s, mutualisation de moyens et d\u2019expertises\u2026 Ensemble, il est possible de concilier efficacit\u00e9 \u00e9conomique et int\u00e9r\u00eat g\u00e9n\u00e9ral.","robots":{"index":"index","follow":"follow","max-snippet":"max-snippet:-1","max-image-preview":"max-image-preview:large","max-video-preview":"max-video-preview:-1"},"canonical":"https:\/\/www.groupe-sos.org\/es\/rejoindre-le-groupe-sos\/","og_locale":"es_ES","og_type":"article","og_title":"\u00danete al Groupe SOS - Groupe SOS","og_description":"Rejoindre le Groupe SOS peut-\u00eatre une formidable opportunit\u00e9 \u00e0 divers \u00e9gards : synergies entre m\u00e9tiers, savoir-faire, diversification des activit\u00e9s, mutualisation de moyens et d\u2019expertises\u2026 Ensemble, il est possible de concilier efficacit\u00e9 \u00e9conomique et int\u00e9r\u00eat g\u00e9n\u00e9ral.","og_url":"https:\/\/www.groupe-sos.org\/es\/rejoindre-le-groupe-sos\/","og_site_name":"Groupe SOS","article_publisher":"https:\/\/www.facebook.com\/GroupeSOS\/","article_modified_time":"2025-03-18T09:50:13+00:00","twitter_card":"summary_large_image","twitter_site":"@groupesos","twitter_misc":{"Tiempo de lectura":"5 minutos"},"schema":{"@context":"https:\/\/schema.org","@graph":[{"@type":"WebPage","@id":"https:\/\/www.groupe-sos.org\/es\/rejoindre-le-groupe-sos\/","url":"https:\/\/www.groupe-sos.org\/es\/rejoindre-le-groupe-sos\/","name":"\u00danete al Groupe SOS - Groupe SOS","isPartOf":{"@id":"https:\/\/www.groupe-sos.org\/es\/#website"},"datePublished":"2022-09-07T15:57:33+00:00","dateModified":"2025-03-18T09:50:13+00:00","description":"Rejoindre le Groupe SOS peut-\u00eatre une formidable opportunit\u00e9 \u00e0 divers \u00e9gards : synergies entre m\u00e9tiers, savoir-faire, diversification des activit\u00e9s, mutualisation de moyens et d\u2019expertises\u2026 Ensemble, il est possible de concilier efficacit\u00e9 \u00e9conomique et int\u00e9r\u00eat g\u00e9n\u00e9ral.","breadcrumb":{"@id":"https:\/\/www.groupe-sos.org\/es\/rejoindre-le-groupe-sos\/#breadcrumb"},"inLanguage":"es","potentialAction":[{"@type":"ReadAction","target":["https:\/\/www.groupe-sos.org\/es\/rejoindre-le-groupe-sos\/"]}]},{"@type":"BreadcrumbList","@id":"https:\/\/www.groupe-sos.org\/es\/rejoindre-le-groupe-sos\/#breadcrumb","itemListElement":[{"@type":"ListItem","position":1,"name":"Home","item":"https:\/\/www.groupe-sos.org\/es\/"},{"@type":"ListItem","position":2,"name":"\u00danete al Groupe SOS"}]},{"@type":"WebSite","@id":"https:\/\/www.groupe-sos.org\/es\/#website","url":"https:\/\/www.groupe-sos.org\/es\/","name":"Groupe SOS Entreprendre au profit de tous","description":"Entreprendre au profit de tous","publisher":{"@id":"https:\/\/www.groupe-sos.org\/es\/#organization"},"alternateName":"Groupe SOS","potentialAction":[{"@type":"SearchAction","target":{"@type":"EntryPoint","urlTemplate":"https:\/\/www.groupe-sos.org\/es\/?s={search_term_string}"},"query-input":{"@type":"PropertyValueSpecification","valueRequired":true,"valueName":"search_term_string"}}],"inLanguage":"es"},{"@type":"Organization","@id":"https:\/\/www.groupe-sos.org\/es\/#organization","name":"Groupe SOS","alternateName":"Entreprendre au profit de tous","url":"https:\/\/www.groupe-sos.org\/es\/","logo":{"@type":"ImageObject","inLanguage":"es","@id":"https:\/\/www.groupe-sos.org\/es\/#\/schema\/logo\/image\/","url":"https:\/\/www.groupe-sos.org\/wp-content\/uploads\/2022\/06\/groupe-sos-logo-1.png","contentUrl":"https:\/\/www.groupe-sos.org\/wp-content\/uploads\/2022\/06\/groupe-sos-logo-1.png","width":300,"height":60,"caption":"Groupe SOS"},"image":{"@id":"https:\/\/www.groupe-sos.org\/es\/#\/schema\/logo\/image\/"},"sameAs":["https:\/\/www.facebook.com\/GroupeSOS\/","https:\/\/x.com\/groupesos","https:\/\/www.instagram.com\/groupe_sos\/","https:\/\/www.linkedin.com\/company\/groupe-sos\/?originalSubdomain=fr"]}]}},"_links":{"self":[{"href":"https:\/\/www.groupe-sos.org\/es\/wp-json\/wp\/v2\/pages\/186078","targetHints":{"allow":["GET"]}}],"collection":[{"href":"https:\/\/www.groupe-sos.org\/es\/wp-json\/wp\/v2\/pages"}],"about":[{"href":"https:\/\/www.groupe-sos.org\/es\/wp-json\/wp\/v2\/types\/page"}],"author":[{"embeddable":true,"href":"https:\/\/www.groupe-sos.org\/es\/wp-json\/wp\/v2\/users\/1"}],"replies":[{"embeddable":true,"href":"https:\/\/www.groupe-sos.org\/es\/wp-json\/wp\/v2\/comments?post=186078"}],"version-history":[{"count":10,"href":"https:\/\/www.groupe-sos.org\/es\/wp-json\/wp\/v2\/pages\/186078\/revisions"}],"predecessor-version":[{"id":212129,"href":"https:\/\/www.groupe-sos.org\/es\/wp-json\/wp\/v2\/pages\/186078\/revisions\/212129"}],"wp:attachment":[{"href":"https:\/\/www.groupe-sos.org\/es\/wp-json\/wp\/v2\/media?parent=186078"}],"wp:term":[{"taxonomy":"secteur","embeddable":true,"href":"https:\/\/www.groupe-sos.org\/es\/wp-json\/wp\/v2\/secteur?post=186078"}],"curies":[{"name":"wp","href":"https:\/\/api.w.org\/{rel}","templated":true}]}}