{"id":186097,"date":"2022-08-30T11:53:34","date_gmt":"2022-08-30T09:53:34","guid":{"rendered":"https:\/\/www.groupe-sos.org\/les-territoires\/"},"modified":"2025-03-18T10:44:33","modified_gmt":"2025-03-18T09:44:33","slug":"les-territoires","status":"publish","type":"page","link":"https:\/\/www.groupe-sos.org\/es\/les-territoires\/","title":{"rendered":"Para los territorios"},"content":{"rendered":"<div id=\"field_powf3f8e635e63c4f1f\" class=\"container-fluid px-0 flexible_section heropages heropages block_hero\">\n  <div id=\"hero_powf3f8e635e63c4f1f\" class=\"hero_container px-0\">\n   <div class=\"hero_image_outer\">\n    <img decoding=\"async\" src=\"https:\/\/www.groupe-sos.org\/wp-content\/uploads\/2022\/12\/49.-Bandeau-Territoires.jpg\" alt=\"\" class=\"heroimage \" \/>\n   <\/div>\n  <\/div>\n<\/div>\n\n\n<div id=\"field_pow35201a830b3c42b8\" class=\"container-fluid px-0 flexible_section block_columns\">\n <div id=\"field_pow35201a830b3c42b8_inner\" class=\"container flexible_section_inner\">\n\n   <div class=\"row flexible_section_content\">\n\n   <div class=\"p-5 col-sm-12 colonne colonne1\">\n    <div class=\"colonne_inner  text-left\">\n<h3>Nuestras acciones<\/h3>\n<h1>Emprender en beneficio de los territorios<\/h1>\n    <\/div>\n   <\/div>\n  <\/div>\n\n <\/div>\n<\/div>\n\n\n<div id=\"field_powd3e6a89f332c4d29\" class=\"container-fluid px-0 flexible_section block_breadcrumb\">\n <div id=\"field_powd3e6a89f332c4d29_inner\" class=\"container flexible_section_inner\">\n\n  <div class=\"row flexible_section_content\">\n\n   <div class=\"breadcrumb_outer\" id=\"breadcrumb_powd3e6a89f332c4d29\">\n\n   <nav aria-label=\"breadcrumb\" id=\"breadcrumb_powd3e6a89f332c4d29_nav\">\n    <ol class=\"breadcrumb\">\n<li class=\"breadcrumb-item active\" aria-current=\"page\">Para los territorios<\/li>\n      <\/ol>\n   <\/nav>\n\n   <\/div>\n\n  <\/div>\n\n <\/div>\n<\/div>\n\n\n<div id=\"field_630e2d658732b\" class=\"container-fluid px-0 flexible_section block_columns\">\n <div id=\"field_630e2d658732b_inner\" class=\"container flexible_section_inner\">\n\n   <div class=\"row flexible_section_content\">\n\n   <div class=\"mb-3 mb-sm-0 col-sm-6 colonne colonne1\">\n    <div class=\"colonne_inner  text-left\">\n<p><strong>Acceso a servicios locales, fomento de vinculos <\/strong><strong>sociales, compromiso ciudadano, desarrollo econ\u00f3mico local, protecci\u00f3n del patrimonio natural: nuestra ambici\u00f3n es construir soluciones para desarrollar y mejorar la vida local en todos los territorios<\/strong><strong>. Comprometidos en contribuir a resolver la brecha territorial, tambi\u00e9n prestamos especial atenci\u00f3n a las zonas rurales y a los barrios prioritarios.<\/strong><\/p>\n<p>&nbsp;<\/p>\n<p>&nbsp;<\/p>\n    <\/div>\n   <\/div>\n   <div class=\"col-sm-6 colonne colonne2\">\n    <div class=\"colonne_inner  text-left\">\n<p>Creaci\u00f3n o adquisici\u00f3n de lugares, apoyo y acompa\u00f1amiento de iniciativas, desarrollo de herramientas digitales, impulso de una din\u00e1mica territorial a trav\u00e9s del emprendimiento, el comercio o la cultura: el Groupe SOS desarrolla modos de acci\u00f3n adaptados a las necesidades de cada comunidad. Estas soluciones est\u00e1n dirigidas a los habitantes de los territorios e involucran a estos en la construcci\u00f3n de las soluciones que les afectan.<\/p>\n<p>&nbsp;<\/p>\n<p>&nbsp;<\/p>\n    <\/div>\n   <\/div>\n  <\/div>\n\n <\/div>\n<\/div>\n\n\n<div id=\"field_630e2ddac6805\" class=\"container-fluid px-0 flexible_section block_childrenpages\">\n <div id=\"field_630e2ddac6805_inner\" class=\"container flexible_section_inner polegrid\">\n\n  <div class=\"row flexible_section_title_container\"><div class=\"col-12 flexible_section_title_col\"><h2 class=\"flexible_section_title mb-5 text-left  \">Nuestras acciones<\/h2><\/div><\/div>\n<div class=\"container_full px-0\" id=\"grid_630e2ddac6805_outer\">\n<div class=\"container px-0\">\n  <div class=\"row row-cols-1 row-cols-md-2 row-cols-lg-2 flexible_section_content\" id=\"grid_630e2ddac6805\">\n   <div class=\"col-sm-12 col-md-6 col-lg-6  item mb-3 elem-1\">\n<div class=\"pole_child linkable item_pole_jaune\" data-dest=\"https:\/\/www.groupe-sos.org\/es\/les-territoires\/revitalisation-des-territoires\/\">\r\n<div class=\"pole_child_vignette\"><a href=\"https:\/\/www.groupe-sos.org\/es\/les-territoires\/revitalisation-des-territoires\/\"><img decoding=\"async\" src=\"https:\/\/www.groupe-sos.org\/wp-content\/uploads\/2023\/03\/Territoires_1_Revitaliser_les_territoires-aspect-ratio-4-3.jpg\" alt=\"Revitalizaci\u00f3n de los territorios\" \/><\/a><\/div>\r\n<div class=\"pole_child_description px-3\"><h3>Revitalizaci\u00f3n de los territorios<\/h3><\/div>\r\n<div class=\"pole_child_more customlink_no normal\"><a href=\"https:\/\/www.groupe-sos.org\/es\/les-territoires\/revitalisation-des-territoires\/\" class=\"lightbluebutton\">M\u00e1s informaci\u00f3n<\/a><\/div>\r\n<div class=\"pole_child_more customlink_no external\"><a href=\"\" class=\"lightbluebutton\" target=\"_blank\">M\u00e1s informaci\u00f3n<\/a><\/div>\r\n<\/div>   <\/div>\n   <div class=\"col-sm-12 col-md-6 col-lg-6  item mb-3 elem-2\">\n<div class=\"pole_child linkable item_pole_vert\" data-dest=\"https:\/\/www.groupe-sos.org\/es\/les-territoires\/acces-a-la-culture-pour-tous\/\">\r\n<div class=\"pole_child_vignette\"><a href=\"https:\/\/www.groupe-sos.org\/es\/les-territoires\/acces-a-la-culture-pour-tous\/\"><img decoding=\"async\" src=\"https:\/\/www.groupe-sos.org\/wp-content\/uploads\/2023\/03\/Territoires_1_Favoriser_lacces_a_la_culture_pour_tous_-aspect-ratio-4-3.jpg\" alt=\"Acceso a la cultura para todos\" \/><\/a><\/div>\r\n<div class=\"pole_child_description px-3\"><h3>Acceso a la cultura para todos<\/h3><\/div>\r\n<div class=\"pole_child_more customlink_no normal\"><a href=\"https:\/\/www.groupe-sos.org\/es\/les-territoires\/acces-a-la-culture-pour-tous\/\" class=\"lightbluebutton\">M\u00e1s informaci\u00f3n<\/a><\/div>\r\n<div class=\"pole_child_more customlink_no external\"><a href=\"\" class=\"lightbluebutton\" target=\"_blank\">M\u00e1s informaci\u00f3n<\/a><\/div>\r\n<\/div>   <\/div>\n   <div class=\"col-sm-12 col-md-6 col-lg-6  item mb-3 elem-3\">\n<div class=\"pole_child linkable item_pole_bleu\" data-dest=\"https:\/\/www.groupe-sos.org\/es\/les-territoires\/prendre-soin-de-la-planete\/\">\r\n<div class=\"pole_child_vignette\"><a href=\"https:\/\/www.groupe-sos.org\/es\/les-territoires\/prendre-soin-de-la-planete\/\"><img decoding=\"async\" src=\"https:\/\/www.groupe-sos.org\/wp-content\/uploads\/2023\/03\/Territoires_1_Prendre_soin_de_la_planete.jpg\" alt=\"Cuidar el planeta\" \/><\/a><\/div>\r\n<div class=\"pole_child_description px-3\"><h3>Cuidar el planeta<\/h3><\/div>\r\n<div class=\"pole_child_more customlink_no normal\"><a href=\"https:\/\/www.groupe-sos.org\/es\/les-territoires\/prendre-soin-de-la-planete\/\" class=\"lightbluebutton\">M\u00e1s informaci\u00f3n<\/a><\/div>\r\n<div class=\"pole_child_more customlink_no external\"><a href=\"\" class=\"lightbluebutton\" target=\"_blank\">M\u00e1s informaci\u00f3n<\/a><\/div>\r\n<\/div>   <\/div>\n   <div class=\"col-sm-12 col-md-6 col-lg-6  item mb-3 elem-4\">\n<div class=\"pole_child linkable item_pole_rouge\" data-dest=\"https:\/\/www.groupe-sos.org\/es\/les-territoires\/soutenir-lentrepreneuriat-social\/\">\r\n<div class=\"pole_child_vignette\"><a href=\"https:\/\/www.groupe-sos.org\/es\/les-territoires\/soutenir-lentrepreneuriat-social\/\"><img decoding=\"async\" src=\"https:\/\/www.groupe-sos.org\/wp-content\/uploads\/2023\/03\/Territoires_1_Encourager-lentreupreneuriat-en-France-et-a-letranger-aspect-ratio-4-3.jpg\" alt=\"Apoyar el emprendimiento social\" \/><\/a><\/div>\r\n<div class=\"pole_child_description px-3\"><h3>Apoyar el emprendimiento social<\/h3><\/div>\r\n<div class=\"pole_child_more customlink_no normal\"><a href=\"https:\/\/www.groupe-sos.org\/es\/les-territoires\/soutenir-lentrepreneuriat-social\/\" class=\"lightbluebutton\">M\u00e1s informaci\u00f3n<\/a><\/div>\r\n<div class=\"pole_child_more customlink_no external\"><a href=\"\" class=\"lightbluebutton\" target=\"_blank\">M\u00e1s informaci\u00f3n<\/a><\/div>\r\n<\/div>   <\/div>\n  <\/div>\n<\/div>\n<\/div>\n <\/div>\n<\/div>\n\n\n<div id=\"field_62d7d34f14fb7\" class=\"container-fluid px-0 flexible_section block_columns\">\n <div id=\"field_62d7d34f14fb7_inner\" class=\"container flexible_section_inner\">\n\n  <div class=\"row flexible_section_title_container\"><div class=\"col-12 flexible_section_title_col\"><h2 class=\"flexible_section_title mb-5 text-left  \">Carte des \u00e9tablissements et associations<\/h2><\/div><\/div>\n   <div class=\"row flexible_section_content\">\n\n   <div class=\"blockbutton mb-3 mb-sm-0 col-sm-4 colonne colonne1\">\n    <div class=\"colonne_inner h-100 text-left\">\n<h3>En el coraz\u00f3n de los territorios<\/h3>\n<p>Las necesidades emergen en todas partes, cada una con sus particularidades locales y territoriales. El Groue SOS est\u00e1 presente en m\u00e1s de 50 pa\u00edses para responder a las necesidades de los m\u00e1s vulnerables, de las generaciones futuras y de los territorios. El Groupe SOS trabaja sobre el terreno en colaboraci\u00f3n con los habitantes y los actores locales para encontrar soluciones a los problemas medioambientales y sociales.<br \/>\n<a class=\"lightbluebutton\" href=\"https:\/\/www.groupe-sos.org\/en\/le-groupe-sos\/our-international-projects\/\">Dar un vistazo<\/a><\/p>\n    <\/div>\n   <\/div>\n   <div class=\"col-sm-8 colonne colonne2\">\n    <div class=\"colonne_inner text-center d-flex align-items-center justify-content-center\">\n    <div class=\"colonne_inner_sub \">\n<p><img decoding=\"async\" class=\"alignright size-large wp-image-175956\" src=\"https:\/\/www.groupe-sos.org\/wp-content\/uploads\/2023\/06\/carte-internationale-juin-2023-1024x622.png\" alt=\"\" width=\"1024\" height=\"622\" srcset=\"https:\/\/www.groupe-sos.org\/wp-content\/uploads\/2023\/06\/carte-internationale-juin-2023-1024x622.png 1024w, https:\/\/www.groupe-sos.org\/wp-content\/uploads\/2023\/06\/carte-internationale-juin-2023-300x182.png 300w, https:\/\/www.groupe-sos.org\/wp-content\/uploads\/2023\/06\/carte-internationale-juin-2023-768x467.png 768w, https:\/\/www.groupe-sos.org\/wp-content\/uploads\/2023\/06\/carte-internationale-juin-2023.png 1114w\" sizes=\"(max-width: 1024px) 100vw, 1024px\" \/><\/p>\n    <\/div>\n    <\/div>\n   <\/div>\n  <\/div>\n\n <\/div>\n<\/div>\n\n\n","protected":false},"excerpt":{"rendered":"<p>Acc\u00e8s aux services de proximit\u00e9, animation du lien social, engagement citoyen, d\u00e9veloppement \u00e9conomique local, protection du patrimoine naturel : notre ambition est de construire des solutions pour d\u00e9velopper et am\u00e9liorer la vie locale de tous les territoires, en France comme \u00e0 l\u2019\u00e9tranger. <\/p>\n","protected":false},"author":1,"featured_media":0,"parent":0,"menu_order":299,"comment_status":"closed","ping_status":"closed","template":"page-templates\/page-poles.php","meta":{"_acf_changed":false,"footnotes":""},"secteur":[],"class_list":["post-186097","page","type-page","status-publish","hentry"],"acf":[],"yoast_head":"<!-- This site is optimized with the Yoast SEO plugin v27.4 - https:\/\/yoast.com\/product\/yoast-seo-wordpress\/ -->\n<title>Para los territorios - Groupe SOS<\/title>\n<meta name=\"description\" content=\"Acc\u00e8s aux services de proximit\u00e9, animation du lien social, engagement citoyen, d\u00e9veloppement \u00e9conomique local, protection du patrimoine naturel : notre ambition est de construire des solutions pour d\u00e9velopper et am\u00e9liorer la vie locale de tous les territoires, en France comme \u00e0 l\u2019\u00e9tranger.\" \/>\n<meta name=\"robots\" content=\"index, follow, max-snippet:-1, max-image-preview:large, max-video-preview:-1\" \/>\n<link rel=\"canonical\" href=\"https:\/\/www.groupe-sos.org\/es\/les-territoires\/\" \/>\n<meta property=\"og:locale\" content=\"es_ES\" \/>\n<meta property=\"og:type\" content=\"article\" \/>\n<meta property=\"og:title\" content=\"Para los territorios - Groupe SOS\" \/>\n<meta property=\"og:description\" content=\"Acc\u00e8s aux services de proximit\u00e9, animation du lien social, engagement citoyen, d\u00e9veloppement \u00e9conomique local, protection du patrimoine naturel : notre ambition est de construire des solutions pour d\u00e9velopper et am\u00e9liorer la vie locale de tous les territoires, en France comme \u00e0 l\u2019\u00e9tranger.\" \/>\n<meta property=\"og:url\" content=\"https:\/\/www.groupe-sos.org\/es\/les-territoires\/\" \/>\n<meta property=\"og:site_name\" content=\"Groupe SOS\" \/>\n<meta property=\"article:publisher\" content=\"https:\/\/www.facebook.com\/GroupeSOS\/\" \/>\n<meta property=\"article:modified_time\" content=\"2025-03-18T09:44:33+00:00\" \/>\n<meta name=\"twitter:card\" content=\"summary_large_image\" \/>\n<meta name=\"twitter:site\" content=\"@groupesos\" \/>\n<meta name=\"twitter:label1\" content=\"Tiempo de lectura\" \/>\n\t<meta name=\"twitter:data1\" content=\"2 minutos\" \/>\n<script type=\"application\/ld+json\" class=\"yoast-schema-graph\">{\"@context\":\"https:\\\/\\\/schema.org\",\"@graph\":[{\"@type\":\"WebPage\",\"@id\":\"https:\\\/\\\/www.groupe-sos.org\\\/es\\\/les-territoires\\\/\",\"url\":\"https:\\\/\\\/www.groupe-sos.org\\\/es\\\/les-territoires\\\/\",\"name\":\"Para los territorios - Groupe SOS\",\"isPartOf\":{\"@id\":\"https:\\\/\\\/www.groupe-sos.org\\\/es\\\/#website\"},\"datePublished\":\"2022-08-30T09:53:34+00:00\",\"dateModified\":\"2025-03-18T09:44:33+00:00\",\"description\":\"Acc\u00e8s aux services de proximit\u00e9, animation du lien social, engagement citoyen, d\u00e9veloppement \u00e9conomique local, protection du patrimoine naturel : notre ambition est de construire des solutions pour d\u00e9velopper et am\u00e9liorer la vie locale de tous les territoires, en France comme \u00e0 l\u2019\u00e9tranger.\",\"breadcrumb\":{\"@id\":\"https:\\\/\\\/www.groupe-sos.org\\\/es\\\/les-territoires\\\/#breadcrumb\"},\"inLanguage\":\"es\",\"potentialAction\":[{\"@type\":\"ReadAction\",\"target\":[\"https:\\\/\\\/www.groupe-sos.org\\\/es\\\/les-territoires\\\/\"]}]},{\"@type\":\"BreadcrumbList\",\"@id\":\"https:\\\/\\\/www.groupe-sos.org\\\/es\\\/les-territoires\\\/#breadcrumb\",\"itemListElement\":[{\"@type\":\"ListItem\",\"position\":1,\"name\":\"Home\",\"item\":\"https:\\\/\\\/www.groupe-sos.org\\\/es\\\/\"},{\"@type\":\"ListItem\",\"position\":2,\"name\":\"Para los territorios\"}]},{\"@type\":\"WebSite\",\"@id\":\"https:\\\/\\\/www.groupe-sos.org\\\/es\\\/#website\",\"url\":\"https:\\\/\\\/www.groupe-sos.org\\\/es\\\/\",\"name\":\"Groupe SOS Entreprendre au profit de tous\",\"description\":\"Entreprendre au profit de tous\",\"publisher\":{\"@id\":\"https:\\\/\\\/www.groupe-sos.org\\\/es\\\/#organization\"},\"alternateName\":\"Groupe SOS\",\"potentialAction\":[{\"@type\":\"SearchAction\",\"target\":{\"@type\":\"EntryPoint\",\"urlTemplate\":\"https:\\\/\\\/www.groupe-sos.org\\\/es\\\/?s={search_term_string}\"},\"query-input\":{\"@type\":\"PropertyValueSpecification\",\"valueRequired\":true,\"valueName\":\"search_term_string\"}}],\"inLanguage\":\"es\"},{\"@type\":\"Organization\",\"@id\":\"https:\\\/\\\/www.groupe-sos.org\\\/es\\\/#organization\",\"name\":\"Groupe SOS\",\"alternateName\":\"Entreprendre au profit de tous\",\"url\":\"https:\\\/\\\/www.groupe-sos.org\\\/es\\\/\",\"logo\":{\"@type\":\"ImageObject\",\"inLanguage\":\"es\",\"@id\":\"https:\\\/\\\/www.groupe-sos.org\\\/es\\\/#\\\/schema\\\/logo\\\/image\\\/\",\"url\":\"https:\\\/\\\/www.groupe-sos.org\\\/wp-content\\\/uploads\\\/2022\\\/06\\\/groupe-sos-logo-1.png\",\"contentUrl\":\"https:\\\/\\\/www.groupe-sos.org\\\/wp-content\\\/uploads\\\/2022\\\/06\\\/groupe-sos-logo-1.png\",\"width\":300,\"height\":60,\"caption\":\"Groupe SOS\"},\"image\":{\"@id\":\"https:\\\/\\\/www.groupe-sos.org\\\/es\\\/#\\\/schema\\\/logo\\\/image\\\/\"},\"sameAs\":[\"https:\\\/\\\/www.facebook.com\\\/GroupeSOS\\\/\",\"https:\\\/\\\/x.com\\\/groupesos\",\"https:\\\/\\\/www.instagram.com\\\/groupe_sos\\\/\",\"https:\\\/\\\/www.linkedin.com\\\/company\\\/groupe-sos\\\/?originalSubdomain=fr\"]}]}<\/script>\n<!-- \/ Yoast SEO plugin. -->","yoast_head_json":{"title":"Para los territorios - Groupe SOS","description":"Acc\u00e8s aux services de proximit\u00e9, animation du lien social, engagement citoyen, d\u00e9veloppement \u00e9conomique local, protection du patrimoine naturel : notre ambition est de construire des solutions pour d\u00e9velopper et am\u00e9liorer la vie locale de tous les territoires, en France comme \u00e0 l\u2019\u00e9tranger.","robots":{"index":"index","follow":"follow","max-snippet":"max-snippet:-1","max-image-preview":"max-image-preview:large","max-video-preview":"max-video-preview:-1"},"canonical":"https:\/\/www.groupe-sos.org\/es\/les-territoires\/","og_locale":"es_ES","og_type":"article","og_title":"Para los territorios - Groupe SOS","og_description":"Acc\u00e8s aux services de proximit\u00e9, animation du lien social, engagement citoyen, d\u00e9veloppement \u00e9conomique local, protection du patrimoine naturel : notre ambition est de construire des solutions pour d\u00e9velopper et am\u00e9liorer la vie locale de tous les territoires, en France comme \u00e0 l\u2019\u00e9tranger.","og_url":"https:\/\/www.groupe-sos.org\/es\/les-territoires\/","og_site_name":"Groupe SOS","article_publisher":"https:\/\/www.facebook.com\/GroupeSOS\/","article_modified_time":"2025-03-18T09:44:33+00:00","twitter_card":"summary_large_image","twitter_site":"@groupesos","twitter_misc":{"Tiempo de lectura":"2 minutos"},"schema":{"@context":"https:\/\/schema.org","@graph":[{"@type":"WebPage","@id":"https:\/\/www.groupe-sos.org\/es\/les-territoires\/","url":"https:\/\/www.groupe-sos.org\/es\/les-territoires\/","name":"Para los territorios - Groupe SOS","isPartOf":{"@id":"https:\/\/www.groupe-sos.org\/es\/#website"},"datePublished":"2022-08-30T09:53:34+00:00","dateModified":"2025-03-18T09:44:33+00:00","description":"Acc\u00e8s aux services de proximit\u00e9, animation du lien social, engagement citoyen, d\u00e9veloppement \u00e9conomique local, protection du patrimoine naturel : notre ambition est de construire des solutions pour d\u00e9velopper et am\u00e9liorer la vie locale de tous les territoires, en France comme \u00e0 l\u2019\u00e9tranger.","breadcrumb":{"@id":"https:\/\/www.groupe-sos.org\/es\/les-territoires\/#breadcrumb"},"inLanguage":"es","potentialAction":[{"@type":"ReadAction","target":["https:\/\/www.groupe-sos.org\/es\/les-territoires\/"]}]},{"@type":"BreadcrumbList","@id":"https:\/\/www.groupe-sos.org\/es\/les-territoires\/#breadcrumb","itemListElement":[{"@type":"ListItem","position":1,"name":"Home","item":"https:\/\/www.groupe-sos.org\/es\/"},{"@type":"ListItem","position":2,"name":"Para los territorios"}]},{"@type":"WebSite","@id":"https:\/\/www.groupe-sos.org\/es\/#website","url":"https:\/\/www.groupe-sos.org\/es\/","name":"Groupe SOS Entreprendre au profit de tous","description":"Entreprendre au profit de tous","publisher":{"@id":"https:\/\/www.groupe-sos.org\/es\/#organization"},"alternateName":"Groupe SOS","potentialAction":[{"@type":"SearchAction","target":{"@type":"EntryPoint","urlTemplate":"https:\/\/www.groupe-sos.org\/es\/?s={search_term_string}"},"query-input":{"@type":"PropertyValueSpecification","valueRequired":true,"valueName":"search_term_string"}}],"inLanguage":"es"},{"@type":"Organization","@id":"https:\/\/www.groupe-sos.org\/es\/#organization","name":"Groupe SOS","alternateName":"Entreprendre au profit de tous","url":"https:\/\/www.groupe-sos.org\/es\/","logo":{"@type":"ImageObject","inLanguage":"es","@id":"https:\/\/www.groupe-sos.org\/es\/#\/schema\/logo\/image\/","url":"https:\/\/www.groupe-sos.org\/wp-content\/uploads\/2022\/06\/groupe-sos-logo-1.png","contentUrl":"https:\/\/www.groupe-sos.org\/wp-content\/uploads\/2022\/06\/groupe-sos-logo-1.png","width":300,"height":60,"caption":"Groupe SOS"},"image":{"@id":"https:\/\/www.groupe-sos.org\/es\/#\/schema\/logo\/image\/"},"sameAs":["https:\/\/www.facebook.com\/GroupeSOS\/","https:\/\/x.com\/groupesos","https:\/\/www.instagram.com\/groupe_sos\/","https:\/\/www.linkedin.com\/company\/groupe-sos\/?originalSubdomain=fr"]}]}},"_links":{"self":[{"href":"https:\/\/www.groupe-sos.org\/es\/wp-json\/wp\/v2\/pages\/186097","targetHints":{"allow":["GET"]}}],"collection":[{"href":"https:\/\/www.groupe-sos.org\/es\/wp-json\/wp\/v2\/pages"}],"about":[{"href":"https:\/\/www.groupe-sos.org\/es\/wp-json\/wp\/v2\/types\/page"}],"author":[{"embeddable":true,"href":"https:\/\/www.groupe-sos.org\/es\/wp-json\/wp\/v2\/users\/1"}],"replies":[{"embeddable":true,"href":"https:\/\/www.groupe-sos.org\/es\/wp-json\/wp\/v2\/comments?post=186097"}],"version-history":[{"count":7,"href":"https:\/\/www.groupe-sos.org\/es\/wp-json\/wp\/v2\/pages\/186097\/revisions"}],"predecessor-version":[{"id":212127,"href":"https:\/\/www.groupe-sos.org\/es\/wp-json\/wp\/v2\/pages\/186097\/revisions\/212127"}],"wp:attachment":[{"href":"https:\/\/www.groupe-sos.org\/es\/wp-json\/wp\/v2\/media?parent=186097"}],"wp:term":[{"taxonomy":"secteur","embeddable":true,"href":"https:\/\/www.groupe-sos.org\/es\/wp-json\/wp\/v2\/secteur?post=186097"}],"curies":[{"name":"wp","href":"https:\/\/api.w.org\/{rel}","templated":true}]}}