{"id":186271,"date":"2022-08-30T11:54:01","date_gmt":"2022-08-30T09:54:01","guid":{"rendered":"https:\/\/www.groupe-sos.org\/les-territoires\/revitalisation-des-territoires\/"},"modified":"2025-03-18T11:18:20","modified_gmt":"2025-03-18T10:18:20","slug":"revitalisation-des-territoires","status":"publish","type":"page","link":"https:\/\/www.groupe-sos.org\/es\/les-territoires\/revitalisation-des-territoires\/","title":{"rendered":"Revitalizaci\u00f3n de los territorios"},"content":{"rendered":"<div id=\"field_powd90b6985e06b406c\" class=\"container-fluid px-0 flexible_section heropages heropages block_hero\">\n  <div id=\"hero_powd90b6985e06b406c\" class=\"hero_container px-0\">\n   <div class=\"hero_image_outer\">\n    <img decoding=\"async\" src=\"https:\/\/www.groupe-sos.org\/wp-content\/uploads\/2023\/03\/Territoires_1_Revitaliser_les_territoires.jpg\" alt=\"\" class=\"heroimage \" \/>\n   <\/div>\n  <\/div>\n<\/div>\n\n\n<div id=\"field_pow993a79cdf6e84200\" class=\"container-fluid px-0 flexible_section block_columns\">\n <div id=\"field_pow993a79cdf6e84200_inner\" class=\"container flexible_section_inner\">\n\n   <div class=\"row flexible_section_content\">\n\n   <div class=\"p-5 col-sm-12 colonne colonne1\">\n    <div class=\"colonne_inner  text-left\">\n<h3>Emprender en beneficio de los territorios<\/h3>\n<h1>Revitalizar los territorios<\/h1>\n    <\/div>\n   <\/div>\n  <\/div>\n\n <\/div>\n<\/div>\n\n\n<div id=\"field_powd3e6a89f332c4d29\" class=\"container-fluid px-0 flexible_section block_breadcrumb\">\n <div id=\"field_powd3e6a89f332c4d29_inner\" class=\"container flexible_section_inner\">\n\n  <div class=\"row flexible_section_content\">\n\n   <div class=\"breadcrumb_outer\" id=\"breadcrumb_powd3e6a89f332c4d29\">\n\n   <nav aria-label=\"breadcrumb\" id=\"breadcrumb_powd3e6a89f332c4d29_nav\">\n    <ol class=\"breadcrumb\">\n<li class=\"breadcrumb-item\"><a href=\"https:\/\/www.groupe-sos.org\/es\/les-territoires\/\" class=\"Paralosterritorios \">Para los territorios<\/a><\/li>\n<li class=\"breadcrumb-item active\" aria-current=\"page\">Revitalizaci\u00f3n de los territorios<\/li>\n      <\/ol>\n   <\/nav>\n\n   <\/div>\n\n  <\/div>\n\n <\/div>\n<\/div>\n\n\n<div id=\"field_633fd23805846\" class=\"container-fluid px-0 flexible_section accrohe_section_type_1 block_columns\">\n <div id=\"field_633fd23805846_inner\" class=\"container flexible_section_inner\">\n\n   <div class=\"row flexible_section_content\">\n\n   <div class=\"mb-3 mb-sm-0 col-sm-6 colonne colonne1\">\n    <div class=\"colonne_inner  text-left\">\n<p>El Groupe SOS contribuye a revitalizar los territorios. Trabajamos para combatir la brecha territorial, involucrando a los habitantes y a los actores locales en la creaci\u00f3n de las soluciones que les conciernen.<\/p>\n<p>&nbsp;<\/p>\n    <\/div>\n   <\/div>\n   <div class=\"col-sm-6 colonne colonne2\">\n    <div class=\"colonne_inner text-left d-flex align-items-center justify-content-start\">\n    <div class=\"colonne_inner_sub \">\n    <\/div>\n    <\/div>\n   <\/div>\n  <\/div>\n\n <\/div>\n<\/div>\n\n\n<div id=\"field_630e2ddac6805\" class=\"container-fluid px-0 flexible_section block_childrenpages\">\n <div id=\"field_630e2ddac6805_inner\" class=\"container flexible_section_inner polegrid\">\n\n  <div class=\"row flexible_section_title_container\"><div class=\"col-12 flexible_section_title_col\"><h2 class=\"flexible_section_title mb-5 text-left  \">Nos actions<\/h2><\/div><\/div>\n<div class=\"container_full px-0\" id=\"grid_630e2ddac6805_outer\">\n<div class=\"container px-0\">\n  <div class=\"row row-cols-1 row-cols-md-2 row-cols-lg-2 flexible_section_content\" id=\"grid_630e2ddac6805\">\n   <div class=\"col-sm-12 col-md-6 col-lg-6  item mb-3 elem-1\">\n<div class=\"pole_subchild bordertopjaune\">\r\n<div class=\"pole_subchild_vignette\"><a href=\"https:\/\/www.groupe-sos.org\/es\/les-territoires\/revitalisation-des-territoires\/revitalisation-des-territoires-oublies\/\"><a href=\"https:\/\/www.groupe-sos.org\/es\/les-territoires\/revitalisation-des-territoires\/revitalisation-des-territoires-oublies\/\"><img decoding=\"async\" src=\"https:\/\/www.groupe-sos.org\/wp-content\/uploads\/2022\/10\/Territoires_2_En_france_redynamiser_les_territoires_oublies-aspect-ratio-4-3.jpg\" alt=\"Revitalizaci\u00f3n de los territorios olvidados\" \/><\/a><\/div>\r\n<h3 class=\"my-3\">Revitalizaci\u00f3n de los territorios olvidados<\/h3>\r\n<div class=\"pole_subchild_description\"><p>Creaci\u00f3n o recuperaci\u00f3n de espacios, apoyo y acompa\u00f1amiento de iniciativas, creaci\u00f3n de herramientas digitales: desarrollamos modos de acci\u00f3n adaptados a las necesidades de cada comunidad. Estas soluciones se dirigen a los habitantes de los territorios e involucran en la construcci\u00f3n de las soluciones que les afectan.<\/p>\n<\/div>\r\n<p class=\"pole_child_more\"><a href=\"https:\/\/www.groupe-sos.org\/es\/les-territoires\/revitalisation-des-territoires\/revitalisation-des-territoires-oublies\/\" class=\"lightbluebutton\">En savoir plus<\/a><\/p>\r\n<\/div>   <\/div>\n   <div class=\"col-sm-12 col-md-6 col-lg-6  item mb-3 elem-2\">\n<div class=\"pole_subchild bordertoprouge\">\r\n<div class=\"pole_subchild_vignette\"><a href=\"https:\/\/www.groupe-sos.org\/es\/les-territoires\/revitalisation-des-territoires\/ong-a-linternational\/\"><a href=\"https:\/\/www.groupe-sos.org\/es\/les-territoires\/revitalisation-des-territoires\/ong-a-linternational\/\"><img decoding=\"async\" src=\"https:\/\/www.groupe-sos.org\/wp-content\/uploads\/2023\/03\/Territoires_2_Nos_ONG_a_linternational-aspect-ratio-4-3.jpg\" alt=\"Nuestras ONGs internacionales\" \/><\/a><\/div>\r\n<h3 class=\"my-3\">Nuestras ONGs internacionales<\/h3>\r\n<div class=\"pole_subchild_description\"><p>Los desaf\u00edos de nuestro tiempo son m\u00e1s que nunca globales. Catalizador de innovaciones sociales y promotor de un emprendimiento social que trascienda fronteras, el Groupe SOS orienta su acci\u00f3n hacia la consecuci\u00f3n de los Objetivos de Desarrollo Sostenible (ODS) establecidos por las Naciones Unidas.Desaf\u00edos globales, pero con especificidades locales: nuestras ONGs trabajan en pa\u00edses en desarrollo, con el objetivo de promover el respeto de los derechos fundamentales y del medio ambiente, y un desarrollo econ\u00f3mico inclusivo y sostenible.<\/p>\n<\/div>\r\n<p class=\"pole_child_more\"><a href=\"https:\/\/www.groupe-sos.org\/es\/les-territoires\/revitalisation-des-territoires\/ong-a-linternational\/\" class=\"lightbluebutton\">En savoir plus<\/a><\/p>\r\n<\/div>   <\/div>\n  <\/div>\n<\/div>\n<\/div>\n <\/div>\n<\/div>\n\n\n<div id=\"field_powc1b92fedcd7140ac\" class=\"container-fluid px-0 flexible_section block_adaptativetextandimage\">\n <div id=\"field_powc1b92fedcd7140ac_inner\" class=\"container flexible_section_inner\">\n\n   <div class=\"row flexible_section_content adaptativeimage  bordertopbleu\" id=\"textimagebanner_powc1b92fedcd7140ac\">\n\n   <div class=\"col-12 col-sm-7 order-2 order-sm-1 colonne colonne1 colonne1_powc1b92fedcd7140ac\">\n    <div class=\"colonne_inner text-left justify-content-start\">\n<h3>Asesorar a los actores de los territorios para anticiparse al futuro<\/h3>\n<p>Para ayudar a los actores p\u00fablicos y privados a anticiparse al futuro y para ayudarles a tener un enfoque responsable, el Groupe SOS cuenta con varias organizaciones de consultor\u00eda que toman en cuenta los problemas sociales y ambientales actuales.<\/p>\n<p>Debido a la variedad de sus actividades en el \u00e1mbito de la econom\u00eda social y solidaria, contamos con una amplia gama de conocimientos especializados. Estos son puestos al servicio de las organizaciones para ayudarlas a adaptar sus estrategias a los desaf\u00edos sociales, societales y ambientales actuales.<\/p>\n<p><a class=\"lightbluebutton\" href=\"https:\/\/www.groupe-sos.org\/es\/les-generations-futures\/activites-de-conseil\/\">M\u00e1s informaci\u00f3n<\/a><\/p>\n    <\/div>\n   <\/div>\n   <div class=\"col-12 col-sm-5 order-1 order-sm-2 colonne colonne2 colonne2_powc1b92fedcd7140ac\">\n   <\/div>\n  <\/div>\n\n <\/div>\n<\/div>\n\n\n<div id=\"field_62d7d34f14fb7\" class=\"container-fluid px-0 flexible_section block_columns\">\n <div id=\"field_62d7d34f14fb7_inner\" class=\"container flexible_section_inner\">\n\n  <div class=\"row flexible_section_title_container\"><div class=\"col-12 flexible_section_title_col\"><h2 class=\"flexible_section_title mb-5 text-left  \">Carte des \u00e9tablissements et associations<\/h2><\/div><\/div>\n   <div class=\"row flexible_section_content\">\n\n   <div class=\"blockbutton mb-3 mb-sm-0 col-sm-4 colonne colonne1\">\n    <div class=\"colonne_inner h-100 text-left\">\n<h3>En el coraz\u00f3n de los territorios<\/h3>\n<p>Las necesidades emergen en todas partes, cada una con sus particularidades locales y territoriales. El Groue SOS est\u00e1 presente en m\u00e1s de 50 pa\u00edses para responder a las necesidades de los m\u00e1s vulnerables, de las generaciones futuras y de los territorios. El Groupe SOS trabaja sobre el terreno en colaboraci\u00f3n con los habitantes y los actores locales para encontrar soluciones a los problemas medioambientales y sociales.<br \/>\n<a class=\"lightbluebutton\" href=\"https:\/\/www.groupe-sos.org\/en\/le-groupe-sos\/our-international-projects\/\">Dar un vistazo<\/a><\/p>\n    <\/div>\n   <\/div>\n   <div class=\"col-sm-8 colonne colonne2\">\n    <div class=\"colonne_inner text-center d-flex align-items-center justify-content-center\">\n    <div class=\"colonne_inner_sub \">\n<p><img decoding=\"async\" class=\"alignright size-large wp-image-175956\" src=\"https:\/\/www.groupe-sos.org\/wp-content\/uploads\/2023\/06\/carte-internationale-juin-2023-1024x622.png\" alt=\"\" width=\"1024\" height=\"622\" srcset=\"https:\/\/www.groupe-sos.org\/wp-content\/uploads\/2023\/06\/carte-internationale-juin-2023-1024x622.png 1024w, https:\/\/www.groupe-sos.org\/wp-content\/uploads\/2023\/06\/carte-internationale-juin-2023-300x182.png 300w, https:\/\/www.groupe-sos.org\/wp-content\/uploads\/2023\/06\/carte-internationale-juin-2023-768x467.png 768w, https:\/\/www.groupe-sos.org\/wp-content\/uploads\/2023\/06\/carte-internationale-juin-2023.png 1114w\" sizes=\"(max-width: 1024px) 100vw, 1024px\" \/><\/p>\n    <\/div>\n    <\/div>\n   <\/div>\n  <\/div>\n\n <\/div>\n<\/div>\n","protected":false},"excerpt":{"rendered":"<p>Le Groupe SOS contribue \u00e0 redynamiser les territoires, de la France rurale et urbaine aux pays en d\u00e9veloppement \u00e0 l\u2019international. Nous \u0153uvrons pour lutter contre la fracture territoriale, en impliquant les habitants et les acteurs locaux dans la cr\u00e9ation des solutions qui les concernent.<\/p>\n","protected":false},"author":1,"featured_media":0,"parent":186097,"menu_order":302,"comment_status":"closed","ping_status":"closed","template":"page-templates\/page-poles.php","meta":{"_acf_changed":false,"footnotes":""},"secteur":[],"class_list":["post-186271","page","type-page","status-publish","hentry"],"acf":[],"yoast_head":"<!-- This site is optimized with the Yoast SEO plugin v27.4 - https:\/\/yoast.com\/product\/yoast-seo-wordpress\/ -->\n<title>Revitalizaci\u00f3n de los territorios - Groupe SOS<\/title>\n<meta name=\"description\" content=\"Le Groupe SOS contribue \u00e0 redynamiser les territoires, de la France rurale et urbaine aux pays en d\u00e9veloppement \u00e0 l\u2019international. Nous \u0153uvrons pour lutter contre la fracture territoriale, en impliquant les habitants et les acteurs locaux dans la cr\u00e9ation des solutions qui les concernent.\" \/>\n<meta name=\"robots\" content=\"index, follow, max-snippet:-1, max-image-preview:large, max-video-preview:-1\" \/>\n<link rel=\"canonical\" href=\"https:\/\/www.groupe-sos.org\/es\/les-territoires\/revitalisation-des-territoires\/\" \/>\n<meta property=\"og:locale\" content=\"es_ES\" \/>\n<meta property=\"og:type\" content=\"article\" \/>\n<meta property=\"og:title\" content=\"Revitalizaci\u00f3n de los territorios - Groupe SOS\" \/>\n<meta property=\"og:description\" content=\"Le Groupe SOS contribue \u00e0 redynamiser les territoires, de la France rurale et urbaine aux pays en d\u00e9veloppement \u00e0 l\u2019international. Nous \u0153uvrons pour lutter contre la fracture territoriale, en impliquant les habitants et les acteurs locaux dans la cr\u00e9ation des solutions qui les concernent.\" \/>\n<meta property=\"og:url\" content=\"https:\/\/www.groupe-sos.org\/es\/les-territoires\/revitalisation-des-territoires\/\" \/>\n<meta property=\"og:site_name\" content=\"Groupe SOS\" \/>\n<meta property=\"article:publisher\" content=\"https:\/\/www.facebook.com\/GroupeSOS\/\" \/>\n<meta property=\"article:modified_time\" content=\"2025-03-18T10:18:20+00:00\" \/>\n<meta name=\"twitter:card\" content=\"summary_large_image\" \/>\n<meta name=\"twitter:site\" content=\"@groupesos\" \/>\n<meta name=\"twitter:label1\" content=\"Tiempo de lectura\" \/>\n\t<meta name=\"twitter:data1\" content=\"3 minutos\" \/>\n<script type=\"application\/ld+json\" class=\"yoast-schema-graph\">{\"@context\":\"https:\\\/\\\/schema.org\",\"@graph\":[{\"@type\":\"WebPage\",\"@id\":\"https:\\\/\\\/www.groupe-sos.org\\\/es\\\/les-territoires\\\/revitalisation-des-territoires\\\/\",\"url\":\"https:\\\/\\\/www.groupe-sos.org\\\/es\\\/les-territoires\\\/revitalisation-des-territoires\\\/\",\"name\":\"Revitalizaci\u00f3n de los territorios - Groupe SOS\",\"isPartOf\":{\"@id\":\"https:\\\/\\\/www.groupe-sos.org\\\/es\\\/#website\"},\"datePublished\":\"2022-08-30T09:54:01+00:00\",\"dateModified\":\"2025-03-18T10:18:20+00:00\",\"description\":\"Le Groupe SOS contribue \u00e0 redynamiser les territoires, de la France rurale et urbaine aux pays en d\u00e9veloppement \u00e0 l\u2019international. Nous \u0153uvrons pour lutter contre la fracture territoriale, en impliquant les habitants et les acteurs locaux dans la cr\u00e9ation des solutions qui les concernent.\",\"breadcrumb\":{\"@id\":\"https:\\\/\\\/www.groupe-sos.org\\\/es\\\/les-territoires\\\/revitalisation-des-territoires\\\/#breadcrumb\"},\"inLanguage\":\"es\",\"potentialAction\":[{\"@type\":\"ReadAction\",\"target\":[\"https:\\\/\\\/www.groupe-sos.org\\\/es\\\/les-territoires\\\/revitalisation-des-territoires\\\/\"]}]},{\"@type\":\"BreadcrumbList\",\"@id\":\"https:\\\/\\\/www.groupe-sos.org\\\/es\\\/les-territoires\\\/revitalisation-des-territoires\\\/#breadcrumb\",\"itemListElement\":[{\"@type\":\"ListItem\",\"position\":1,\"name\":\"Home\",\"item\":\"https:\\\/\\\/www.groupe-sos.org\\\/es\\\/\"},{\"@type\":\"ListItem\",\"position\":2,\"name\":\"Para los territorios\",\"item\":\"https:\\\/\\\/www.groupe-sos.org\\\/es\\\/les-territoires\\\/\"},{\"@type\":\"ListItem\",\"position\":3,\"name\":\"Revitalizaci\u00f3n de los territorios\"}]},{\"@type\":\"WebSite\",\"@id\":\"https:\\\/\\\/www.groupe-sos.org\\\/es\\\/#website\",\"url\":\"https:\\\/\\\/www.groupe-sos.org\\\/es\\\/\",\"name\":\"Groupe SOS Entreprendre au profit de tous\",\"description\":\"Entreprendre au profit de tous\",\"publisher\":{\"@id\":\"https:\\\/\\\/www.groupe-sos.org\\\/es\\\/#organization\"},\"alternateName\":\"Groupe SOS\",\"potentialAction\":[{\"@type\":\"SearchAction\",\"target\":{\"@type\":\"EntryPoint\",\"urlTemplate\":\"https:\\\/\\\/www.groupe-sos.org\\\/es\\\/?s={search_term_string}\"},\"query-input\":{\"@type\":\"PropertyValueSpecification\",\"valueRequired\":true,\"valueName\":\"search_term_string\"}}],\"inLanguage\":\"es\"},{\"@type\":\"Organization\",\"@id\":\"https:\\\/\\\/www.groupe-sos.org\\\/es\\\/#organization\",\"name\":\"Groupe SOS\",\"alternateName\":\"Entreprendre au profit de tous\",\"url\":\"https:\\\/\\\/www.groupe-sos.org\\\/es\\\/\",\"logo\":{\"@type\":\"ImageObject\",\"inLanguage\":\"es\",\"@id\":\"https:\\\/\\\/www.groupe-sos.org\\\/es\\\/#\\\/schema\\\/logo\\\/image\\\/\",\"url\":\"https:\\\/\\\/www.groupe-sos.org\\\/wp-content\\\/uploads\\\/2022\\\/06\\\/groupe-sos-logo-1.png\",\"contentUrl\":\"https:\\\/\\\/www.groupe-sos.org\\\/wp-content\\\/uploads\\\/2022\\\/06\\\/groupe-sos-logo-1.png\",\"width\":300,\"height\":60,\"caption\":\"Groupe SOS\"},\"image\":{\"@id\":\"https:\\\/\\\/www.groupe-sos.org\\\/es\\\/#\\\/schema\\\/logo\\\/image\\\/\"},\"sameAs\":[\"https:\\\/\\\/www.facebook.com\\\/GroupeSOS\\\/\",\"https:\\\/\\\/x.com\\\/groupesos\",\"https:\\\/\\\/www.instagram.com\\\/groupe_sos\\\/\",\"https:\\\/\\\/www.linkedin.com\\\/company\\\/groupe-sos\\\/?originalSubdomain=fr\"]}]}<\/script>\n<!-- \/ Yoast SEO plugin. -->","yoast_head_json":{"title":"Revitalizaci\u00f3n de los territorios - Groupe SOS","description":"Le Groupe SOS contribue \u00e0 redynamiser les territoires, de la France rurale et urbaine aux pays en d\u00e9veloppement \u00e0 l\u2019international. Nous \u0153uvrons pour lutter contre la fracture territoriale, en impliquant les habitants et les acteurs locaux dans la cr\u00e9ation des solutions qui les concernent.","robots":{"index":"index","follow":"follow","max-snippet":"max-snippet:-1","max-image-preview":"max-image-preview:large","max-video-preview":"max-video-preview:-1"},"canonical":"https:\/\/www.groupe-sos.org\/es\/les-territoires\/revitalisation-des-territoires\/","og_locale":"es_ES","og_type":"article","og_title":"Revitalizaci\u00f3n de los territorios - Groupe SOS","og_description":"Le Groupe SOS contribue \u00e0 redynamiser les territoires, de la France rurale et urbaine aux pays en d\u00e9veloppement \u00e0 l\u2019international. Nous \u0153uvrons pour lutter contre la fracture territoriale, en impliquant les habitants et les acteurs locaux dans la cr\u00e9ation des solutions qui les concernent.","og_url":"https:\/\/www.groupe-sos.org\/es\/les-territoires\/revitalisation-des-territoires\/","og_site_name":"Groupe SOS","article_publisher":"https:\/\/www.facebook.com\/GroupeSOS\/","article_modified_time":"2025-03-18T10:18:20+00:00","twitter_card":"summary_large_image","twitter_site":"@groupesos","twitter_misc":{"Tiempo de lectura":"3 minutos"},"schema":{"@context":"https:\/\/schema.org","@graph":[{"@type":"WebPage","@id":"https:\/\/www.groupe-sos.org\/es\/les-territoires\/revitalisation-des-territoires\/","url":"https:\/\/www.groupe-sos.org\/es\/les-territoires\/revitalisation-des-territoires\/","name":"Revitalizaci\u00f3n de los territorios - Groupe SOS","isPartOf":{"@id":"https:\/\/www.groupe-sos.org\/es\/#website"},"datePublished":"2022-08-30T09:54:01+00:00","dateModified":"2025-03-18T10:18:20+00:00","description":"Le Groupe SOS contribue \u00e0 redynamiser les territoires, de la France rurale et urbaine aux pays en d\u00e9veloppement \u00e0 l\u2019international. Nous \u0153uvrons pour lutter contre la fracture territoriale, en impliquant les habitants et les acteurs locaux dans la cr\u00e9ation des solutions qui les concernent.","breadcrumb":{"@id":"https:\/\/www.groupe-sos.org\/es\/les-territoires\/revitalisation-des-territoires\/#breadcrumb"},"inLanguage":"es","potentialAction":[{"@type":"ReadAction","target":["https:\/\/www.groupe-sos.org\/es\/les-territoires\/revitalisation-des-territoires\/"]}]},{"@type":"BreadcrumbList","@id":"https:\/\/www.groupe-sos.org\/es\/les-territoires\/revitalisation-des-territoires\/#breadcrumb","itemListElement":[{"@type":"ListItem","position":1,"name":"Home","item":"https:\/\/www.groupe-sos.org\/es\/"},{"@type":"ListItem","position":2,"name":"Para los territorios","item":"https:\/\/www.groupe-sos.org\/es\/les-territoires\/"},{"@type":"ListItem","position":3,"name":"Revitalizaci\u00f3n de los territorios"}]},{"@type":"WebSite","@id":"https:\/\/www.groupe-sos.org\/es\/#website","url":"https:\/\/www.groupe-sos.org\/es\/","name":"Groupe SOS Entreprendre au profit de tous","description":"Entreprendre au profit de tous","publisher":{"@id":"https:\/\/www.groupe-sos.org\/es\/#organization"},"alternateName":"Groupe SOS","potentialAction":[{"@type":"SearchAction","target":{"@type":"EntryPoint","urlTemplate":"https:\/\/www.groupe-sos.org\/es\/?s={search_term_string}"},"query-input":{"@type":"PropertyValueSpecification","valueRequired":true,"valueName":"search_term_string"}}],"inLanguage":"es"},{"@type":"Organization","@id":"https:\/\/www.groupe-sos.org\/es\/#organization","name":"Groupe SOS","alternateName":"Entreprendre au profit de tous","url":"https:\/\/www.groupe-sos.org\/es\/","logo":{"@type":"ImageObject","inLanguage":"es","@id":"https:\/\/www.groupe-sos.org\/es\/#\/schema\/logo\/image\/","url":"https:\/\/www.groupe-sos.org\/wp-content\/uploads\/2022\/06\/groupe-sos-logo-1.png","contentUrl":"https:\/\/www.groupe-sos.org\/wp-content\/uploads\/2022\/06\/groupe-sos-logo-1.png","width":300,"height":60,"caption":"Groupe SOS"},"image":{"@id":"https:\/\/www.groupe-sos.org\/es\/#\/schema\/logo\/image\/"},"sameAs":["https:\/\/www.facebook.com\/GroupeSOS\/","https:\/\/x.com\/groupesos","https:\/\/www.instagram.com\/groupe_sos\/","https:\/\/www.linkedin.com\/company\/groupe-sos\/?originalSubdomain=fr"]}]}},"_links":{"self":[{"href":"https:\/\/www.groupe-sos.org\/es\/wp-json\/wp\/v2\/pages\/186271","targetHints":{"allow":["GET"]}}],"collection":[{"href":"https:\/\/www.groupe-sos.org\/es\/wp-json\/wp\/v2\/pages"}],"about":[{"href":"https:\/\/www.groupe-sos.org\/es\/wp-json\/wp\/v2\/types\/page"}],"author":[{"embeddable":true,"href":"https:\/\/www.groupe-sos.org\/es\/wp-json\/wp\/v2\/users\/1"}],"replies":[{"embeddable":true,"href":"https:\/\/www.groupe-sos.org\/es\/wp-json\/wp\/v2\/comments?post=186271"}],"version-history":[{"count":5,"href":"https:\/\/www.groupe-sos.org\/es\/wp-json\/wp\/v2\/pages\/186271\/revisions"}],"predecessor-version":[{"id":212144,"href":"https:\/\/www.groupe-sos.org\/es\/wp-json\/wp\/v2\/pages\/186271\/revisions\/212144"}],"up":[{"embeddable":true,"href":"https:\/\/www.groupe-sos.org\/es\/wp-json\/wp\/v2\/pages\/186097"}],"wp:attachment":[{"href":"https:\/\/www.groupe-sos.org\/es\/wp-json\/wp\/v2\/media?parent=186271"}],"wp:term":[{"taxonomy":"secteur","embeddable":true,"href":"https:\/\/www.groupe-sos.org\/es\/wp-json\/wp\/v2\/secteur?post=186271"}],"curies":[{"name":"wp","href":"https:\/\/api.w.org\/{rel}","templated":true}]}}