{"id":186281,"date":"2022-09-01T11:25:30","date_gmt":"2022-09-01T09:25:30","guid":{"rendered":"https:\/\/www.groupe-sos.org\/notre-modele-economique\/"},"modified":"2024-10-04T14:17:32","modified_gmt":"2024-10-04T12:17:32","slug":"notre-modele-economique","status":"publish","type":"page","link":"https:\/\/www.groupe-sos.org\/es\/notre-modele-economique\/","title":{"rendered":"Nuestro modelo econ\u00f3mico"},"content":{"rendered":"<div id=\"field_pow0fe7a657642440da\" class=\"container-fluid px-0 flexible_section heropages block_hero\">\n  <div id=\"hero_pow0fe7a657642440da\" class=\"hero_container px-0\">\n   <div class=\"hero_image_outer\">\n<picture class=\"skip-lazy\">\r\n\t\t\t\t\t<source srcset=\"https:\/\/www.groupe-sos.org\/wp-content\/uploads\/2022\/11\/GroupeSOS-home_lang.jpg\" media=\"(min-width: 578px)\" class=\"skip-lazy\">\r\n\t\t\t\t\t<img srcset=\"https:\/\/www.groupe-sos.org\/wp-content\/uploads\/2022\/11\/GroupeSOS-home-mob_lang.jpg\" alt=\"\" class=\"heroimage \" \/>\r\n\t\t\t\t<\/picture>   <\/div>\n  <\/div>\n<\/div>\n\n\n<div id=\"field_powd455c19096ee49a4\" class=\"container-fluid px-0 flexible_section block_columns\">\n <div id=\"field_powd455c19096ee49a4_inner\" class=\"container flexible_section_inner\">\n\n   <div class=\"row flexible_section_content\">\n\n   <div class=\"p-5 col-sm-12 colonne colonne1\">\n    <div class=\"colonne_inner  text-left\">\n<h3>El Groupe SOS<\/h3>\n<h1>Nuestro modelo econ\u00f3mico<\/h1>\n    <\/div>\n   <\/div>\n  <\/div>\n\n <\/div>\n<\/div>\n\n\n<div id=\"field_powd3e6a89f332c4d29\" class=\"container-fluid px-0 flexible_section block_breadcrumb\">\n <div id=\"field_powd3e6a89f332c4d29_inner\" class=\"container flexible_section_inner\">\n\n  <div class=\"row flexible_section_content\">\n\n   <div class=\"breadcrumb_outer\" id=\"breadcrumb_powd3e6a89f332c4d29\">\n\n   <nav aria-label=\"breadcrumb\" id=\"breadcrumb_powd3e6a89f332c4d29_nav\">\n    <ol class=\"breadcrumb\">\n<li class=\"breadcrumb-item active\" aria-current=\"page\">Nuestro modelo econ\u00f3mico<\/li>\n      <\/ol>\n   <\/nav>\n\n   <\/div>\n\n  <\/div>\n\n <\/div>\n<\/div>\n\n\n<div id=\"field_6328667244870\" class=\"container-fluid px-0 flexible_section block_columns\">\n <div id=\"field_6328667244870_inner\" class=\"container flexible_section_inner\">\n\n   <div class=\"row flexible_section_content\">\n\n   <div class=\"mb-3 mb-sm-0 col-sm-6 colonne colonne1\">\n    <div class=\"colonne_inner  text-left\">\n<p><strong>A lo largo de casi 40 a\u00f1os, el Groupe SOS ha construido una organizaci\u00f3n pionera, con competencias de gesti\u00f3n compartidas, lo cual le permite encajar plenamente en las aspiraciones de la econom\u00eda social y solidaria. Este modelo se basa en diversas actividades, donde la mutualizaci\u00f3n de las funciones de apoyo le permite avanzar con agilidad, adapt\u00e1ndose a las particularidades de los diferentes segmentos del Groupe SOS.<\/strong><\/p>\n    <\/div>\n   <\/div>\n   <div class=\"col-sm-6 colonne colonne2\">\n    <div class=\"colonne_inner  text-left\">\n<p>Debido a su tama\u00f1o, el Groupe SOS tambi\u00e9n puede implementar, de manera transparente, mecanismos de solidaridad financiera entre sus entidades, para superar las dificultades econ\u00f3micas que algunas de estas puedan atravesar en momentos espec\u00edficos, y de esta manera garantizar su independencia.<\/p>\n    <\/div>\n   <\/div>\n  <\/div>\n\n <\/div>\n<\/div>\n\n\n<div id=\"field_powfda7c7323f6f4fc0\" class=\"container-fluid px-0 flexible_section block_columns\">\n <div id=\"field_powfda7c7323f6f4fc0_inner\" class=\"container flexible_section_inner\">\n\n   <div class=\"row flexible_section_content\">\n\n   <div class=\"col-sm-12 colonne colonne1\">\n    <div class=\"colonne_inner  text-left\">\n<p>El Groupe SOS lleva a cabo dos tipos de actividades:<\/p>\n    <\/div>\n   <\/div>\n  <\/div>\n\n <\/div>\n<\/div>\n\n\n<div id=\"field_632866e21f335\" class=\"container-fluid px-0 flexible_section block_columns\">\n <div id=\"field_632866e21f335_inner\" class=\"container flexible_section_inner\">\n\n   <div class=\"row flexible_section_content\">\n\n   <div class=\"mb-3 mb-sm-0 col-sm-6 colonne colonne1\">\n    <div class=\"colonne_inner p-3 h-100 bordertoprouge text-left\">\n<p><strong>Actividades de gesti\u00f3n bajo control gubernamental (municipios, provincias<\/strong><strong>, regiones y estados):<\/strong><\/p>\n<ul>\n<li>Instituciones sociales y m\u00e9dico sociales para personas con discapacidad o en situaci\u00f3n de exclusi\u00f3n etc. (Groupe SOS Solidarit\u00e9)<\/li>\n<li>Instituciones sociales de bienestar infantil (ASI) (Asistencia Social Infantil) y de protecci\u00f3n judicial de la juventud (PJJ). (Groupe SOS Jeunesse)<\/li>\n<\/ul>\n    <\/div>\n   <\/div>\n   <div class=\"col-sm-6 colonne colonne2\">\n    <div class=\"colonne_inner p-3 h-100 bordertopvert text-left\">\n<p><strong>Actividades bajo gesti\u00f3n independiente:<\/strong><\/p>\n<ul>\n<li>Instituciones de salud y m\u00e9dico sociales: hospitales asociativos, residencias (Groupe SOS Sant\u00e9 y Groupe SOS Seniors)<\/li>\n<li>Guarder\u00edas y establecimientos escolares;<\/li>\n<li>Negocios y servicios sostenibles; acci\u00f3n internacional; cultura; transici\u00f3n ecol\u00f3gica y de la regi\u00f3n.<\/li>\n<\/ul>\n    <\/div>\n   <\/div>\n  <\/div>\n\n <\/div>\n<\/div>\n\n\n<div id=\"field_powce4e0f7508a340c5\" class=\"container-fluid px-0 flexible_section block_columns\">\n <div id=\"field_powce4e0f7508a340c5_inner\" class=\"container flexible_section_inner\">\n\n  <div class=\"row flexible_section_title_container\"><div class=\"col-12 flexible_section_title_col\"><h2 class=\"flexible_section_title mb-5 text-left  \">El presupuesto de Groupe SOS<\/h2><\/div><\/div>\n   <div class=\"row flexible_section_content\">\n\n   <div class=\"mb-3 mb-sm-0 col-sm-6 colonne colonne1\">\n    <div class=\"colonne_inner  text-left\">\n<p>En 2022, la facturaci\u00f3n del Groupe SOS lleg\u00f3 a 1,370 millones de euros. <strong>Esta cifra equivale a la suma de los presupuestos<\/strong> de todas las asociaciones y empresas sociales (salarios, cargos etc) que forman parte del Groupe SOS.<\/p>\n<p><strong>La facturaci\u00f3n no debe confundirse con las ganancias netas:<\/strong> las ganancias netas del a\u00f1o 2021 del Groupe SOS fueron de + 5 millones de euros, \u00e0 o sea alrededor de 0,4% del total de la facturaci\u00f3n. Las ganancias netas del Groupe SOS han permanecido estables durante varios a\u00f1os, oscilando entre 0 y 10 millones de euros.<\/p>\n    <\/div>\n   <\/div>\n   <div class=\"col-sm-6 colonne colonne2\">\n    <div class=\"colonne_inner  text-left\">\n<p><strong>El Groupe SOS no cuenta con accionistas. No tiene que pagar dividendos: Cada a\u00f1o, la totalidad de las ganancias netas se reinvierten o son puestas en una reserva.<\/strong> Esta reserva permite al Groupe SOS proporcionar, en caso que una de sus instituciones atraviese por alguna dificultad econ\u00f3mica, un apoyo financiero a la instituci\u00f3n en dificultad; o como ocurri\u00f3 en 2021 por ejemplo, otorgar ayudas a los equipos incluso antes de que se incluyan en los presupuestos operativos.<\/p>\n    <\/div>\n   <\/div>\n  <\/div>\n\n <\/div>\n<\/div>\n\n\n\ufeff\n\n\ufeff<div id=\"field_632867892cc41\" class=\"container-fluid px-0 flexible_section block_components\">\n <div id=\"field_632867892cc41_inner\" class=\"container flexible_section_inner\">\n\n   <div class=\"row flexible_section_content\">\n\n   <div class=\" col-sm-8 component component_1  \">\n     <h3>Nuestros financiadores<\/h3>\n    <div class=\"colonne_inner \">\n<div id=\"modeleco1\" style=\"height:400px;\"><\/div>\n\n    <\/div>\n   <\/div>\n   <div class=\" col-sm-4 component component_2  \">\n    <div class=\"colonne_inner \">\n<div class=\"notice_darkblue\">\n<h3>Para mas detalles<\/h3>\n<ul>\n<li><a class=\"whitebutton w-100\" href=\"https:\/\/www.groupe-sos.org\/wp-content\/uploads\/2023\/07\/GroupeSOS_Rapport_integre_2022.pdf\">Informe integrado 2022 del Groupe SOS<\/a><\/li>\n<\/ul>\n<p>&nbsp;<\/p>\n<\/div>\n\n    <\/div>\n   <\/div>\n  <\/div>\n\n <\/div>\n<\/div>\n<script type=\"text\/javascript\">\r\n\t\t\t\tjQuery(document).ready(function() {\r\n\t\t\t\t\t\t\t\t\t\t\t\r\n\t\t\t\t\tam4core.useTheme(am4themes_animated);\r\n\t\t\t\t\tvar chart = am4core.create(\"modeleco1\", am4charts.PieChart);\r\n\t\t\t\t\tchart.responsive.enabled = true;\r\n\t\t\t\t\tchart.responsive.rules.push({\r\n\t\t\t\t\t  relevant: function(target) {\r\n\t\t\t\t\t\tif (target.pixelWidth <= 600) {\r\n\t\t\t\t\t\t  return true;\r\n\t\t\t\t\t\t}\r\n\t\t\t\t\t\treturn false;\r\n\t\t\t\t\t  },\r\n\t\t\t\t\t  state: function(target, stateId) {\r\n\t\t\t\t\t\tif (target instanceof am4charts.Legend) {\r\n\t\t\t\t\t\t\t\t  var state = target.states.create(stateId);\r\n\t\t\t\t\t\t\t\t  state.properties.position = \"bottom\";\r\n\t\t\t\t\t\t\t\t  state.properties.maxHeight = 100;\r\n\t\t\t\t\t\t\t\t  state.properties.scrollable = true;\r\n\t\t\t\t\t\t\t\t  \r\n\t\t\t\t\t\t\t\t  return state;\r\n\t\t\t\t\t\t}\r\n\r\n\t\t\t\t\t\tif (target instanceof am4charts.PieSeries) {\r\n\t\t\t\t\t\t  var state = target.states.create(stateId);\r\n\r\n\t\t\t\t\t\t  var labelState = target.labels.template.states.create(stateId);\r\n\t\t\t\t\t\t  labelState.properties.disabled = true;\r\n\r\n\t\t\t\t\t\t  var tickState = target.ticks.template.states.create(stateId);\r\n\t\t\t\t\t\t  tickState.properties.disabled = true;\r\n\r\n\t\t\t\t\t\t  return state;\r\n\t\t\t\t\t\t}\r\n\r\n\t\t\t\t\t\treturn null;\r\n\t\t\t\t\t  }\r\n\t\t\t\t\t});\r\n\t\t\t\t\t\r\n\t\t\t\t\tchart.data = [{\"Type\":\"Administraciones locales\",\"Effectif\":\"23\"},{\"Type\":\"Fondo del seguro de enfermedad\",\"Effectif\":\"41\"},{\"Type\":\"Clientes privados\",\"Effectif\":\"21\"},{\"Type\":\"Estado\",\"Effectif\":\"12\"},{\"Type\":\"Otros (incluidas subvenciones, financiaci\\u00f3n europea y donaciones)\",\"Effectif\":\"3\"}]\r\n\r\n\t\t\t\t\tvar pieSeries = chart.series.push(new am4charts.PieSeries());\r\n\t\t\t\t\tpieSeries.dataFields.value = \"Effectif\";\r\n\t\t\t\t\tpieSeries.dataFields.category = \"Type\";\r\n\t\t\t\t\tpieSeries.slices.template.stroke = am4core.color(\"#FFFFFF\");\r\n\t\t\t\t\tpieSeries.slices.template.strokeWidth = 2;\r\n\t\t\t\t\tpieSeries.slices.template.strokeOpacity = 1;\r\n\t\t\t\t\tpieSeries.slices.template.tooltipText = \"{category} : {value.value} %\";\r\n\t\t\t\t\tpieSeries.labels.template.fill = am4core.color(\"\");\r\n\t\t\t\t\t\r\n\t\t\t\t\t\r\n\t\t\t\t\t\t\r\n\t\t\t\t\t\t\tpieSeries.labels.template.disabled = true;\r\n\t\t\t\t\t\t\tpieSeries.ticks.template.disabled = true;\r\n\t\t\t\t\t\t\r\n\t\t\t\t\t\tfunction animateGraphmodeleco1() {\r\n\t\t\t\t\t\t  chart.appear();\r\n\t\t\t\t\t\t  chart.series.each(function(series) {\r\n\t\t\t\t\t\t\tseries.appear();\r\n\t\t\t\t\t\t  });\r\n\t\t\t\t\t\t}\r\n\t\t\t\t\t\t\r\n\t\t\t\t\t\tconst observer_modeleco1 = new IntersectionObserver((entries) => { \r\n\t\t\t\t\t\t\tentries.forEach((entry) => {\r\n\t\t\t\t\t\t\t\tconsole.log(entry.target);\r\n\t\t\t\t\t\t\t\tanimateGraphmodeleco1();\t\t\t\t\r\n\t\t\t\t\t\t\t})\r\n\t\t\t\t\t\t});\r\n\r\n\t\t\t\t\t\tobserver_modeleco1.observe(document.querySelector(\"#modeleco1\"));\r\n\t\t\t\t\t\t\r\n\t\t\t\t\t\tpieSeries.colors.list = [\nam4core.color(\"#041e42\"),\nam4core.color(\"#fbad51\"),\nam4core.color(\"#087564\"),\nam4core.color(\"#c7e5f6\"),\nam4core.color(\"#db4343\"),\n]\n\r\n\t\t\t\t\t\r\n\t\t\t\t\t\r\n\t\t\t\t\t\tpieSeries.hiddenState.properties.opacity = 1;\r\n\t\t\t\t\t\tpieSeries.hiddenState.properties.endAngle = -90;\r\n\t\t\t\t\t\tpieSeries.hiddenState.properties.startAngle = -90;\r\n\t\t\t\t\t\t\r\n\t\t\t\t\t\t\r\n\t\tchart.legend = new am4charts.Legend();\r\n\t\tchart.legend.position = \"bottom\";\r\n\t\tchart.legend.valueLabels.template.align = \"left\";\r\n\t\tchart.legend.valueLabels.template.textAlign = \"end\";  \r\n\t\t\r\n\t\t\tvar markerTemplate = chart.legend.markers.template;\r\n\t\t\tmarkerTemplate.width = 15;\r\n\t\t\tmarkerTemplate.height = 15;\r\n\t\t\tmarkerTemplate.cornerRadiusTopLeft = 0;\r\n\t\t\tmarkerTemplate.cornerRadiusTopRight = 0;\r\n\t\t\tmarkerTemplate.cornerRadiusBottomLeft = 0;\r\n\t\t\tmarkerTemplate.cornerRadiusBottomRight = 0;\r\n\t\t\t\r\n\t\t\n\r\n\t\t\t\t});\t\t\r\n\t\t\t<\/script>","protected":false},"excerpt":{"rendered":"<p>Depuis plus de 40 ans, le Groupe SOS a construit une organisation pr\u00e9curseur, dot\u00e9e d\u2019une agilit\u00e9 d\u00e9cisionnelle et de comp\u00e9tences de gestion efficaces et partag\u00e9es, permettant d\u2019anticiper les \u00e9volutions du monde actuel.<\/p>\n","protected":false},"author":1,"featured_media":0,"parent":0,"menu_order":198,"comment_status":"closed","ping_status":"closed","template":"page-flexipow.php","meta":{"_acf_changed":false,"footnotes":""},"secteur":[],"class_list":["post-186281","page","type-page","status-publish","hentry"],"acf":[],"yoast_head":"<!-- This site is optimized with the Yoast SEO plugin v27.4 - https:\/\/yoast.com\/product\/yoast-seo-wordpress\/ -->\n<title>Nuestro modelo econ\u00f3mico - Groupe SOS<\/title>\n<meta name=\"description\" content=\"Depuis plus de 40 ans, le Groupe SOS a construit une organisation pr\u00e9curseur, dot\u00e9e d\u2019une agilit\u00e9 d\u00e9cisionnelle et de comp\u00e9tences de gestion efficaces et partag\u00e9es, permettant d\u2019anticiper les \u00e9volutions du monde actuel.\" \/>\n<meta name=\"robots\" content=\"index, follow, max-snippet:-1, max-image-preview:large, max-video-preview:-1\" \/>\n<link rel=\"canonical\" href=\"https:\/\/www.groupe-sos.org\/es\/notre-modele-economique\/\" \/>\n<meta property=\"og:locale\" content=\"es_ES\" \/>\n<meta property=\"og:type\" content=\"article\" \/>\n<meta property=\"og:title\" content=\"Nuestro modelo econ\u00f3mico - Groupe SOS\" \/>\n<meta property=\"og:description\" content=\"Depuis plus de 40 ans, le Groupe SOS a construit une organisation pr\u00e9curseur, dot\u00e9e d\u2019une agilit\u00e9 d\u00e9cisionnelle et de comp\u00e9tences de gestion efficaces et partag\u00e9es, permettant d\u2019anticiper les \u00e9volutions du monde actuel.\" \/>\n<meta property=\"og:url\" content=\"https:\/\/www.groupe-sos.org\/es\/notre-modele-economique\/\" \/>\n<meta property=\"og:site_name\" content=\"Groupe SOS\" \/>\n<meta property=\"article:publisher\" content=\"https:\/\/www.facebook.com\/GroupeSOS\/\" \/>\n<meta property=\"article:modified_time\" content=\"2024-10-04T12:17:32+00:00\" \/>\n<meta name=\"twitter:card\" content=\"summary_large_image\" \/>\n<meta name=\"twitter:site\" content=\"@groupesos\" \/>\n<meta name=\"twitter:label1\" content=\"Tiempo de lectura\" \/>\n\t<meta name=\"twitter:data1\" content=\"3 minutos\" \/>\n<script type=\"application\/ld+json\" class=\"yoast-schema-graph\">{\"@context\":\"https:\\\/\\\/schema.org\",\"@graph\":[{\"@type\":\"WebPage\",\"@id\":\"https:\\\/\\\/www.groupe-sos.org\\\/es\\\/notre-modele-economique\\\/\",\"url\":\"https:\\\/\\\/www.groupe-sos.org\\\/es\\\/notre-modele-economique\\\/\",\"name\":\"Nuestro modelo econ\u00f3mico - Groupe SOS\",\"isPartOf\":{\"@id\":\"https:\\\/\\\/www.groupe-sos.org\\\/es\\\/#website\"},\"datePublished\":\"2022-09-01T09:25:30+00:00\",\"dateModified\":\"2024-10-04T12:17:32+00:00\",\"description\":\"Depuis plus de 40 ans, le Groupe SOS a construit une organisation pr\u00e9curseur, dot\u00e9e d\u2019une agilit\u00e9 d\u00e9cisionnelle et de comp\u00e9tences de gestion efficaces et partag\u00e9es, permettant d\u2019anticiper les \u00e9volutions du monde actuel.\",\"breadcrumb\":{\"@id\":\"https:\\\/\\\/www.groupe-sos.org\\\/es\\\/notre-modele-economique\\\/#breadcrumb\"},\"inLanguage\":\"es\",\"potentialAction\":[{\"@type\":\"ReadAction\",\"target\":[\"https:\\\/\\\/www.groupe-sos.org\\\/es\\\/notre-modele-economique\\\/\"]}]},{\"@type\":\"BreadcrumbList\",\"@id\":\"https:\\\/\\\/www.groupe-sos.org\\\/es\\\/notre-modele-economique\\\/#breadcrumb\",\"itemListElement\":[{\"@type\":\"ListItem\",\"position\":1,\"name\":\"Home\",\"item\":\"https:\\\/\\\/www.groupe-sos.org\\\/es\\\/\"},{\"@type\":\"ListItem\",\"position\":2,\"name\":\"Nuestro modelo econ\u00f3mico\"}]},{\"@type\":\"WebSite\",\"@id\":\"https:\\\/\\\/www.groupe-sos.org\\\/es\\\/#website\",\"url\":\"https:\\\/\\\/www.groupe-sos.org\\\/es\\\/\",\"name\":\"Groupe SOS Entreprendre au profit de tous\",\"description\":\"Entreprendre au profit de tous\",\"publisher\":{\"@id\":\"https:\\\/\\\/www.groupe-sos.org\\\/es\\\/#organization\"},\"alternateName\":\"Groupe SOS\",\"potentialAction\":[{\"@type\":\"SearchAction\",\"target\":{\"@type\":\"EntryPoint\",\"urlTemplate\":\"https:\\\/\\\/www.groupe-sos.org\\\/es\\\/?s={search_term_string}\"},\"query-input\":{\"@type\":\"PropertyValueSpecification\",\"valueRequired\":true,\"valueName\":\"search_term_string\"}}],\"inLanguage\":\"es\"},{\"@type\":\"Organization\",\"@id\":\"https:\\\/\\\/www.groupe-sos.org\\\/es\\\/#organization\",\"name\":\"Groupe SOS\",\"alternateName\":\"Entreprendre au profit de tous\",\"url\":\"https:\\\/\\\/www.groupe-sos.org\\\/es\\\/\",\"logo\":{\"@type\":\"ImageObject\",\"inLanguage\":\"es\",\"@id\":\"https:\\\/\\\/www.groupe-sos.org\\\/es\\\/#\\\/schema\\\/logo\\\/image\\\/\",\"url\":\"https:\\\/\\\/www.groupe-sos.org\\\/wp-content\\\/uploads\\\/2022\\\/06\\\/groupe-sos-logo-1.png\",\"contentUrl\":\"https:\\\/\\\/www.groupe-sos.org\\\/wp-content\\\/uploads\\\/2022\\\/06\\\/groupe-sos-logo-1.png\",\"width\":300,\"height\":60,\"caption\":\"Groupe SOS\"},\"image\":{\"@id\":\"https:\\\/\\\/www.groupe-sos.org\\\/es\\\/#\\\/schema\\\/logo\\\/image\\\/\"},\"sameAs\":[\"https:\\\/\\\/www.facebook.com\\\/GroupeSOS\\\/\",\"https:\\\/\\\/x.com\\\/groupesos\",\"https:\\\/\\\/www.instagram.com\\\/groupe_sos\\\/\",\"https:\\\/\\\/www.linkedin.com\\\/company\\\/groupe-sos\\\/?originalSubdomain=fr\"]}]}<\/script>\n<!-- \/ Yoast SEO plugin. -->","yoast_head_json":{"title":"Nuestro modelo econ\u00f3mico - Groupe SOS","description":"Depuis plus de 40 ans, le Groupe SOS a construit une organisation pr\u00e9curseur, dot\u00e9e d\u2019une agilit\u00e9 d\u00e9cisionnelle et de comp\u00e9tences de gestion efficaces et partag\u00e9es, permettant d\u2019anticiper les \u00e9volutions du monde actuel.","robots":{"index":"index","follow":"follow","max-snippet":"max-snippet:-1","max-image-preview":"max-image-preview:large","max-video-preview":"max-video-preview:-1"},"canonical":"https:\/\/www.groupe-sos.org\/es\/notre-modele-economique\/","og_locale":"es_ES","og_type":"article","og_title":"Nuestro modelo econ\u00f3mico - Groupe SOS","og_description":"Depuis plus de 40 ans, le Groupe SOS a construit une organisation pr\u00e9curseur, dot\u00e9e d\u2019une agilit\u00e9 d\u00e9cisionnelle et de comp\u00e9tences de gestion efficaces et partag\u00e9es, permettant d\u2019anticiper les \u00e9volutions du monde actuel.","og_url":"https:\/\/www.groupe-sos.org\/es\/notre-modele-economique\/","og_site_name":"Groupe SOS","article_publisher":"https:\/\/www.facebook.com\/GroupeSOS\/","article_modified_time":"2024-10-04T12:17:32+00:00","twitter_card":"summary_large_image","twitter_site":"@groupesos","twitter_misc":{"Tiempo de lectura":"3 minutos"},"schema":{"@context":"https:\/\/schema.org","@graph":[{"@type":"WebPage","@id":"https:\/\/www.groupe-sos.org\/es\/notre-modele-economique\/","url":"https:\/\/www.groupe-sos.org\/es\/notre-modele-economique\/","name":"Nuestro modelo econ\u00f3mico - Groupe SOS","isPartOf":{"@id":"https:\/\/www.groupe-sos.org\/es\/#website"},"datePublished":"2022-09-01T09:25:30+00:00","dateModified":"2024-10-04T12:17:32+00:00","description":"Depuis plus de 40 ans, le Groupe SOS a construit une organisation pr\u00e9curseur, dot\u00e9e d\u2019une agilit\u00e9 d\u00e9cisionnelle et de comp\u00e9tences de gestion efficaces et partag\u00e9es, permettant d\u2019anticiper les \u00e9volutions du monde actuel.","breadcrumb":{"@id":"https:\/\/www.groupe-sos.org\/es\/notre-modele-economique\/#breadcrumb"},"inLanguage":"es","potentialAction":[{"@type":"ReadAction","target":["https:\/\/www.groupe-sos.org\/es\/notre-modele-economique\/"]}]},{"@type":"BreadcrumbList","@id":"https:\/\/www.groupe-sos.org\/es\/notre-modele-economique\/#breadcrumb","itemListElement":[{"@type":"ListItem","position":1,"name":"Home","item":"https:\/\/www.groupe-sos.org\/es\/"},{"@type":"ListItem","position":2,"name":"Nuestro modelo econ\u00f3mico"}]},{"@type":"WebSite","@id":"https:\/\/www.groupe-sos.org\/es\/#website","url":"https:\/\/www.groupe-sos.org\/es\/","name":"Groupe SOS Entreprendre au profit de tous","description":"Entreprendre au profit de tous","publisher":{"@id":"https:\/\/www.groupe-sos.org\/es\/#organization"},"alternateName":"Groupe SOS","potentialAction":[{"@type":"SearchAction","target":{"@type":"EntryPoint","urlTemplate":"https:\/\/www.groupe-sos.org\/es\/?s={search_term_string}"},"query-input":{"@type":"PropertyValueSpecification","valueRequired":true,"valueName":"search_term_string"}}],"inLanguage":"es"},{"@type":"Organization","@id":"https:\/\/www.groupe-sos.org\/es\/#organization","name":"Groupe SOS","alternateName":"Entreprendre au profit de tous","url":"https:\/\/www.groupe-sos.org\/es\/","logo":{"@type":"ImageObject","inLanguage":"es","@id":"https:\/\/www.groupe-sos.org\/es\/#\/schema\/logo\/image\/","url":"https:\/\/www.groupe-sos.org\/wp-content\/uploads\/2022\/06\/groupe-sos-logo-1.png","contentUrl":"https:\/\/www.groupe-sos.org\/wp-content\/uploads\/2022\/06\/groupe-sos-logo-1.png","width":300,"height":60,"caption":"Groupe SOS"},"image":{"@id":"https:\/\/www.groupe-sos.org\/es\/#\/schema\/logo\/image\/"},"sameAs":["https:\/\/www.facebook.com\/GroupeSOS\/","https:\/\/x.com\/groupesos","https:\/\/www.instagram.com\/groupe_sos\/","https:\/\/www.linkedin.com\/company\/groupe-sos\/?originalSubdomain=fr"]}]}},"_links":{"self":[{"href":"https:\/\/www.groupe-sos.org\/es\/wp-json\/wp\/v2\/pages\/186281","targetHints":{"allow":["GET"]}}],"collection":[{"href":"https:\/\/www.groupe-sos.org\/es\/wp-json\/wp\/v2\/pages"}],"about":[{"href":"https:\/\/www.groupe-sos.org\/es\/wp-json\/wp\/v2\/types\/page"}],"author":[{"embeddable":true,"href":"https:\/\/www.groupe-sos.org\/es\/wp-json\/wp\/v2\/users\/1"}],"replies":[{"embeddable":true,"href":"https:\/\/www.groupe-sos.org\/es\/wp-json\/wp\/v2\/comments?post=186281"}],"version-history":[{"count":11,"href":"https:\/\/www.groupe-sos.org\/es\/wp-json\/wp\/v2\/pages\/186281\/revisions"}],"predecessor-version":[{"id":203338,"href":"https:\/\/www.groupe-sos.org\/es\/wp-json\/wp\/v2\/pages\/186281\/revisions\/203338"}],"wp:attachment":[{"href":"https:\/\/www.groupe-sos.org\/es\/wp-json\/wp\/v2\/media?parent=186281"}],"wp:term":[{"taxonomy":"secteur","embeddable":true,"href":"https:\/\/www.groupe-sos.org\/es\/wp-json\/wp\/v2\/secteur?post=186281"}],"curies":[{"name":"wp","href":"https:\/\/api.w.org\/{rel}","templated":true}]}}