{"id":186448,"date":"2023-03-03T10:22:24","date_gmt":"2023-03-03T09:22:24","guid":{"rendered":"https:\/\/www.groupe-sos.org\/groupe-sos-jeunesse\/"},"modified":"2024-07-15T14:28:29","modified_gmt":"2024-07-15T12:28:29","slug":"groupe-sos-jeunesse","status":"publish","type":"page","link":"https:\/\/www.groupe-sos.org\/es\/groupe-sos-jeunesse\/","title":{"rendered":"Groupe SOS Jeunesse"},"content":{"rendered":"<div id=\"field_powbd77be49b6b14a4f\" class=\"container-fluid px-0 flexible_section heropages block_hero\">\n  <div id=\"hero_powbd77be49b6b14a4f\" class=\"hero_container px-0\">\n   <div class=\"hero_image_outer\">\n    <img decoding=\"async\" src=\"https:\/\/www.groupe-sos.org\/wp-content\/uploads\/2022\/11\/jeunesse.jpg\" alt=\"\" class=\"heroimage \" \/>\n   <\/div>\n  <\/div>\n<\/div>\n\n\n<div id=\"field_powbc590befc1c143b6\" class=\"container-fluid px-0 flexible_section  block_columns\">\n <div id=\"field_powbc590befc1c143b6_inner\" class=\"container flexible_section_inner \">\n\n   <div class=\"row flexible_section_content\">\n\n   <div class=\"p-5 col-sm-12 colonne colonne1\">\n    <div class=\"colonne_inner  text-left\">\n<h3>El Groupe SOS<\/h3>\n<h1>Jeunesse<\/h1>\n    <\/div>\n   <\/div>\n  <\/div>\n\n <\/div>\n<\/div>\n\n\n<div id=\"field_powd3e6a89f332c4d29\" class=\"container-fluid px-0 flexible_section block_breadcrumb\">\n <div id=\"field_powd3e6a89f332c4d29_inner\" class=\"container flexible_section_inner\">\n\n  <div class=\"row flexible_section_content\">\n\n   <div class=\"breadcrumb_outer\" id=\"breadcrumb_powd3e6a89f332c4d29\">\n\n   <nav aria-label=\"breadcrumb\" id=\"breadcrumb_powd3e6a89f332c4d29_nav\">\n    <ol class=\"breadcrumb\">\n<li class=\"breadcrumb-item active\" aria-current=\"page\">Groupe SOS Jeunesse<\/li>\n      <\/ol>\n   <\/nav>\n\n   <\/div>\n\n  <\/div>\n\n <\/div>\n<\/div>\n\n\n<div id=\"field_pow050a9049a5454a3e\" class=\"container-fluid px-0 flexible_section block_columns\">\n <div id=\"field_pow050a9049a5454a3e_inner\" class=\"container flexible_section_inner\">\n\n   <div class=\"row flexible_section_content\">\n\n   <div class=\"col-sm-12 colonne colonne1\">\n    <div class=\"colonne_inner  text-left\">\n<p><b><span>La asociaci\u00f3n Groupe SOS Jeunesse es el principal actor asociativo en la protecci\u00f3n de la infancia en Francia. Su misi\u00f3n es educar y proteger a ni\u00f1os, adolescentes y j\u00f3venes mayores en dificultad, teniendo en cuenta su entorno familiar, social y econ\u00f3mico.<\/span><\/b><span>\u00a0<\/span><\/p>\n<p><b><span>Apoyo a la parentalidad, acogida de menores y j\u00f3venes mayores en peligro o en riesgo<\/span><\/b><b><span>, con<\/span><\/b><b><span> debido a<\/span><\/b><b><span> dificultades psicol\u00f3gicas, alternativas a la encarcelaci\u00f3n y acompa\u00f1amiento en la inserci\u00f3n socio-profesional etc. Concebir e implementar formas innovadoras de ayuda, de apoyo y acompa\u00f1amiento, estos son el motor y la br\u00fajula del Groupe SOS Jeunesse.<\/span><\/b><span>\u00a0<\/span><\/p>\n<p><em><b>El Groupe SOS Jeunesse es una de las asociaciones fundadoras del Groupe SOS.<\/b>\u00a0<\/em><\/p>\n    <\/div>\n   <\/div>\n  <\/div>\n\n <\/div>\n<\/div>\n\n\n<div id=\"field_pow33e87feae2d242d0\" class=\"container-fluid px-0 flexible_section block_components\">\n <div id=\"field_pow33e87feae2d242d0_inner\" class=\"container flexible_section_inner\">\n\n   <div class=\"row flexible_section_content\">\n\n   <div class=\" col-sm-4 component component_1  \">\n    <div class=\"colonne_inner \">\n  <div class=\"counters row\" id=\"counter_pow33e87feae2d242d0_1_outer\">\n   <div id=\"counter_pow33e87feae2d242d0_1_0\" class=\"counters col-12 px-3\">\n    <div class=\"counters_inner \">\n<div class=\"compteur_nosactions bg-rose\">\r\n<div class=\"h2 text-center\"><span id=\"counter_pow33e87feae2d242d0_1_0_value\">0<\/span><\/div>\r\n<div class=\"text-center\">establecimientos y servicios<\/div>\r\n<\/div>    <\/div>\n   <\/div>\n  <\/div>\n\n    <\/div>\n   <\/div>\n   <div class=\" col-sm-4 component component_2  \">\n    <div class=\"colonne_inner \">\n  <div class=\"counters row\" id=\"counter_pow33e87feae2d242d0_2_outer\">\n   <div id=\"counter_pow33e87feae2d242d0_2_0\" class=\"counters col-12 px-3\">\n    <div class=\"counters_inner \">\n<div class=\"compteur_nosactions bg-rose\">\r\n<div class=\"h2 text-center\"><span id=\"counter_pow33e87feae2d242d0_2_0_value\">0<\/span><\/div>\r\n<div class=\"text-center\">beneficiarios en 2023<\/div>\r\n<\/div>    <\/div>\n   <\/div>\n  <\/div>\n\n    <\/div>\n   <\/div>\n   <div class=\" col-sm-4 component component_3  \">\n    <div class=\"colonne_inner \">\n  <div class=\"counters row\" id=\"counter_pow33e87feae2d242d0_3_outer\">\n   <div id=\"counter_pow33e87feae2d242d0_3_0\" class=\"counters col-12 px-3\">\n    <div class=\"counters_inner \">\n<div class=\"compteur_nosactions bg-rose\">\r\n<div class=\"h2 text-center\"><span id=\"counter_pow33e87feae2d242d0_3_0_value\">0<\/span><\/div>\r\n<div class=\"text-center\">empleados y 1166 voluntarios<\/div>\r\n<\/div>    <\/div>\n   <\/div>\n  <\/div>\n\n    <\/div>\n   <\/div>\n  <\/div>\n\n <\/div>\n<\/div>\n<script type=\"text\/javascript\">\r\n\t\t\t\tjQuery(document).ready(function() {\r\n\t\t\t\t\t\t\r\n\r\n\t\t\tjQuery('#counter_pow33e87feae2d242d0_1_outer').one('inview', function(event, isInView) {\r\n\t\t\t\tif (isInView) {\r\n\t\t\t\t\tjQuery('#counter_pow33e87feae2d242d0_1_0_value').numerator({ toValue: 259,\r\n\t\t\teasing: 'linear',\r\n\t\t\tduration: 2000,\r\n\t\t\trounding: 0\r\n\t\t});\n\r\n\t\t\t\t} \r\n\t\t\t});\r\n\r\n\t\t\tjQuery('#counter_pow33e87feae2d242d0_2_outer').one('inview', function(event, isInView) {\r\n\t\t\t\tif (isInView) {\r\n\t\t\t\t\tjQuery('#counter_pow33e87feae2d242d0_2_0_value').numerator({ toValue: 30917,\r\n\t\t\teasing: 'linear',\r\n\t\t\tduration: 2000,\r\n\t\t\trounding: 0\r\n\t\t});\n\r\n\t\t\t\t} \r\n\t\t\t});\r\n\r\n\t\t\tjQuery('#counter_pow33e87feae2d242d0_3_outer').one('inview', function(event, isInView) {\r\n\t\t\t\tif (isInView) {\r\n\t\t\t\t\tjQuery('#counter_pow33e87feae2d242d0_3_0_value').numerator({ toValue: 3844,\r\n\t\t\teasing: 'linear',\r\n\t\t\tduration: 2000,\r\n\t\t\trounding: 0\r\n\t\t});\n\r\n\t\t\t\t} \r\n\t\t\t});\n\r\n\t\t\t\t});\t\t\r\n\t\t\t<\/script>\n\n<div id=\"field_pow846ad086a2844c7c\" class=\"container-fluid px-0 flexible_section  block_columns\">\n <div id=\"field_pow846ad086a2844c7c_inner\" class=\"container flexible_section_inner \">\n\n  <div class=\"row flexible_section_title_container\"><div class=\"col-12 flexible_section_title_col\"><h2 class=\"flexible_section_title mb-5 text-left   \">Misiones<\/h2><\/div><\/div>\n   <div class=\"row flexible_section_content\">\n\n   <div class=\"mb-3 mb-sm-0 col-sm-6 colonne colonne1\">\n    <div class=\"colonne_inner bordertopjeunesse2 pt-3 text-left\">\n<h3><b><span>Educar<\/span><\/b><span>\u00a0<\/span><\/h3>\n<p><span>Es el arte de construir una relaci\u00f3n de confianza, indispensable para abrir posibilidades.<\/span><span>\u00a0<\/span><\/p>\n<p><span>Es ofrecer un ambiente, espacio y tiempo para descubrir, pensar y experimentar.<\/span><span>\u00a0<\/span><\/p>\n    <\/div>\n   <\/div>\n   <div class=\"col-sm-6 colonne colonne2\">\n    <div class=\"colonne_inner bordertopjeunesse3 pt-3 text-left\">\n<h3><b><span>Proteger<\/span><\/b><span>\u00a0<\/span><\/h3>\n<p><span>Es satisfacer las necesidades fundamentales y espec\u00edficas, as\u00ed como garantizar el respeto y la promulgaci\u00f3n de los derechos.<\/span><span>\u00a0<\/span><\/p>\n<p><span>Es actuar para prevenir todas las formas de maltrato. Implementar estas misiones implica aceptar la <\/span><span>incertidumbre asociada a toda relaci\u00f3n, reconocer la dimensi\u00f3n parad\u00f3jica entre la protecci\u00f3n y la emancipaci\u00f3n, y asumir este riesgo educativo necesario.<\/span><\/p>\n    <\/div>\n   <\/div>\n  <\/div>\n\n <\/div>\n<\/div>\n\n\n<div id=\"field_pow268ab2678b2d4862\" class=\"container-fluid px-0 flexible_section block_columns\">\n <div id=\"field_pow268ab2678b2d4862_inner\" class=\"container flexible_section_inner\">\n\n  <div class=\"row flexible_section_title_container\"><div class=\"col-12 flexible_section_title_col\"><h2 class=\"flexible_section_title mb-5 text-left  \">Actividades <\/h2><\/div><\/div>\n   <div class=\"row flexible_section_content\">\n\n   <div class=\"mb-3 mb-sm-0 col-sm-4 colonne colonne1\">\n    <div class=\"colonne_inner bordertopjeunesse2 text-left\">\n<div class=\"fixedimage\">\n<p><img decoding=\"async\" class=\"alignnone wp-image-168450 size-full skip-lazy\" src=\"https:\/\/www.groupe-sos.org\/wp-content\/uploads\/2022\/11\/Petite-enfance-1.jpg\" alt=\"\" width=\"400\" height=\"285\" srcset=\"https:\/\/www.groupe-sos.org\/wp-content\/uploads\/2022\/11\/Petite-enfance-1.jpg 400w, https:\/\/www.groupe-sos.org\/wp-content\/uploads\/2022\/11\/Petite-enfance-1-300x214.jpg 300w\" sizes=\"(max-width: 400px) 100vw, 400px\" \/><\/p>\n<\/div>\n<h3><span>Primera infancia<\/span><span>\u00a0<\/span><\/h3>\n    <\/div>\n   <\/div>\n   <div class=\"mb-3 mb-sm-0 col-sm-4 colonne colonne2\">\n    <div class=\"colonne_inner bordertopjeunesse1 text-left\">\n<div class=\"fixedimage\">\n<p><img decoding=\"async\" class=\"alignnone wp-image-168446 size-full skip-lazy\" src=\"https:\/\/www.groupe-sos.org\/wp-content\/uploads\/2022\/11\/Justice-penale-des-mineurs.jpg\" alt=\"\" width=\"400\" height=\"285\" srcset=\"https:\/\/www.groupe-sos.org\/wp-content\/uploads\/2022\/11\/Justice-penale-des-mineurs.jpg 400w, https:\/\/www.groupe-sos.org\/wp-content\/uploads\/2022\/11\/Justice-penale-des-mineurs-300x214.jpg 300w\" sizes=\"(max-width: 400px) 100vw, 400px\" \/><\/p>\n<\/div>\n<h3><span>Justicia penal juvenil<\/span><span>\u00a0<\/span><\/h3>\n    <\/div>\n   <\/div>\n   <div class=\"col-sm-4 colonne colonne3\">\n    <div class=\"colonne_inner bordertopjeunesse3 text-left\">\n<div class=\"fixedimage\">\n<p><img decoding=\"async\" class=\"alignnone wp-image-168452 size-full skip-lazy\" src=\"https:\/\/www.groupe-sos.org\/wp-content\/uploads\/2022\/11\/Protection-de-lenfance.jpg\" alt=\"\" width=\"400\" height=\"285\" srcset=\"https:\/\/www.groupe-sos.org\/wp-content\/uploads\/2022\/11\/Protection-de-lenfance.jpg 400w, https:\/\/www.groupe-sos.org\/wp-content\/uploads\/2022\/11\/Protection-de-lenfance-300x214.jpg 300w\" sizes=\"(max-width: 400px) 100vw, 400px\" \/><\/p>\n<\/div>\n<h3><span>Protecci\u00f3n de la infancia<\/span><span>\u00a0<\/span><\/h3>\n    <\/div>\n   <\/div>\n  <\/div>\n\n <\/div>\n<\/div>\n\n\n<div id=\"field_pow3ec0c444fdbc4521\" class=\"container-fluid px-0 flexible_section block_columns\">\n <div id=\"field_pow3ec0c444fdbc4521_inner\" class=\"container flexible_section_inner\">\n\n   <div class=\"row flexible_section_content\">\n\n   <div class=\"mb-3 mb-sm-0 col-sm-4 colonne colonne1\">\n    <div class=\"colonne_inner bordertopjeunesse1 text-left\">\n<div class=\"fixedimage\">\n<p><img decoding=\"async\" class=\"alignnone wp-image-168444 size-full skip-lazy\" src=\"https:\/\/www.groupe-sos.org\/wp-content\/uploads\/2022\/11\/Enfance-et-handicap.jpg\" alt=\"\" width=\"400\" height=\"285\" srcset=\"https:\/\/www.groupe-sos.org\/wp-content\/uploads\/2022\/11\/Enfance-et-handicap.jpg 400w, https:\/\/www.groupe-sos.org\/wp-content\/uploads\/2022\/11\/Enfance-et-handicap-300x214.jpg 300w\" sizes=\"(max-width: 400px) 100vw, 400px\" \/><\/p>\n<\/div>\n<h3><span>Infancia y discapacidad<\/span><span>\u00a0<\/span><\/h3>\n    <\/div>\n   <\/div>\n   <div class=\"mb-3 mb-sm-0 col-sm-4 colonne colonne2\">\n    <div class=\"colonne_inner bordertopjeunesse2 text-left\">\n<div class=\"fixedimage\">\n<p><img decoding=\"async\" class=\"alignnone wp-image-168448 size-full skip-lazy\" src=\"https:\/\/www.groupe-sos.org\/wp-content\/uploads\/2022\/11\/Parrainage-et-action-educative.jpg\" alt=\"\" width=\"400\" height=\"285\" srcset=\"https:\/\/www.groupe-sos.org\/wp-content\/uploads\/2022\/11\/Parrainage-et-action-educative.jpg 400w, https:\/\/www.groupe-sos.org\/wp-content\/uploads\/2022\/11\/Parrainage-et-action-educative-300x214.jpg 300w\" sizes=\"(max-width: 400px) 100vw, 400px\" \/><\/p>\n<h3>Apadrinamiento y acciones educativas a trav\u00e9s del deporte<\/h3>\n<\/div>\n    <\/div>\n   <\/div>\n   <div class=\"col-sm-4 colonne colonne3\">\n    <div class=\"colonne_inner text-center d-flex align-items-center justify-content-center\">\n    <div class=\"colonne_inner_sub \">\n<p><a class=\"darkbluebutton\" href=\"https:\/\/www.groupe-sos.org\/wp-content\/uploads\/2023\/06\/Rapport-GSOS-Jeunesse_2022-VDEF-planches-1.pdf\"><span class=\"TextRun SCXW220099321 BCX2\" lang=\"ES-CO\" xml:lang=\"ES-CO\"><span class=\"NormalTextRun SCXW220099321 BCX2\">Echarle un <\/span><span class=\"NormalTextRun SCXW220099321 BCX2\">vistazo al informe de actividades <\/span><\/span>2022<\/a><\/p>\n    <\/div>\n    <\/div>\n   <\/div>\n  <\/div>\n\n <\/div>\n<\/div>\n","protected":false},"excerpt":{"rendered":"<p>Groupe SOS Jeunesse est une association qui a pour principale mission d&#8217;\u00e9duquer et prot\u00e9ger enfants, adolescents et jeunes majeurs en difficult\u00e9s. Groupe SOS Jeunesse est le premier acteur associatif de la protection de l&#8217;enfance en France.<\/p>\n","protected":false},"author":1,"featured_media":0,"parent":0,"menu_order":193,"comment_status":"closed","ping_status":"closed","template":"page-flexipow.php","meta":{"_acf_changed":false,"footnotes":""},"secteur":[],"class_list":["post-186448","page","type-page","status-publish","hentry"],"acf":[],"yoast_head":"<!-- This site is optimized with the Yoast SEO plugin v27.4 - https:\/\/yoast.com\/product\/yoast-seo-wordpress\/ -->\n<title>Groupe SOS Jeunesse - Groupe SOS<\/title>\n<meta name=\"description\" content=\"Groupe SOS Jeunesse est une association qui a pour principale mission d&#039;\u00e9duquer et prot\u00e9ger enfants, adolescents et jeunes majeurs en difficult\u00e9s. Groupe SOS Jeunesse est le premier acteur associatif de la protection de l&#039;enfance en France.\" \/>\n<meta name=\"robots\" content=\"index, follow, max-snippet:-1, max-image-preview:large, max-video-preview:-1\" \/>\n<link rel=\"canonical\" href=\"https:\/\/www.groupe-sos.org\/es\/groupe-sos-jeunesse\/\" \/>\n<meta property=\"og:locale\" content=\"es_ES\" \/>\n<meta property=\"og:type\" content=\"article\" \/>\n<meta property=\"og:title\" content=\"Groupe SOS Jeunesse - Groupe SOS\" \/>\n<meta property=\"og:description\" content=\"Groupe SOS Jeunesse est une association qui a pour principale mission d&#039;\u00e9duquer et prot\u00e9ger enfants, adolescents et jeunes majeurs en difficult\u00e9s. Groupe SOS Jeunesse est le premier acteur associatif de la protection de l&#039;enfance en France.\" \/>\n<meta property=\"og:url\" content=\"https:\/\/www.groupe-sos.org\/es\/groupe-sos-jeunesse\/\" \/>\n<meta property=\"og:site_name\" content=\"Groupe SOS\" \/>\n<meta property=\"article:publisher\" content=\"https:\/\/www.facebook.com\/GroupeSOS\/\" \/>\n<meta property=\"article:modified_time\" content=\"2024-07-15T12:28:29+00:00\" \/>\n<meta name=\"twitter:card\" content=\"summary_large_image\" \/>\n<meta name=\"twitter:site\" content=\"@groupesos\" \/>\n<meta name=\"twitter:label1\" content=\"Tiempo de lectura\" \/>\n\t<meta name=\"twitter:data1\" content=\"3 minutos\" \/>\n<script type=\"application\/ld+json\" class=\"yoast-schema-graph\">{\"@context\":\"https:\\\/\\\/schema.org\",\"@graph\":[{\"@type\":\"WebPage\",\"@id\":\"https:\\\/\\\/www.groupe-sos.org\\\/es\\\/groupe-sos-jeunesse\\\/\",\"url\":\"https:\\\/\\\/www.groupe-sos.org\\\/es\\\/groupe-sos-jeunesse\\\/\",\"name\":\"Groupe SOS Jeunesse - Groupe SOS\",\"isPartOf\":{\"@id\":\"https:\\\/\\\/www.groupe-sos.org\\\/es\\\/#website\"},\"datePublished\":\"2023-03-03T09:22:24+00:00\",\"dateModified\":\"2024-07-15T12:28:29+00:00\",\"description\":\"Groupe SOS Jeunesse est une association qui a pour principale mission d'\u00e9duquer et prot\u00e9ger enfants, adolescents et jeunes majeurs en difficult\u00e9s. Groupe SOS Jeunesse est le premier acteur associatif de la protection de l'enfance en France.\",\"breadcrumb\":{\"@id\":\"https:\\\/\\\/www.groupe-sos.org\\\/es\\\/groupe-sos-jeunesse\\\/#breadcrumb\"},\"inLanguage\":\"es\",\"potentialAction\":[{\"@type\":\"ReadAction\",\"target\":[\"https:\\\/\\\/www.groupe-sos.org\\\/es\\\/groupe-sos-jeunesse\\\/\"]}]},{\"@type\":\"BreadcrumbList\",\"@id\":\"https:\\\/\\\/www.groupe-sos.org\\\/es\\\/groupe-sos-jeunesse\\\/#breadcrumb\",\"itemListElement\":[{\"@type\":\"ListItem\",\"position\":1,\"name\":\"Home\",\"item\":\"https:\\\/\\\/www.groupe-sos.org\\\/es\\\/\"},{\"@type\":\"ListItem\",\"position\":2,\"name\":\"Groupe SOS Jeunesse\"}]},{\"@type\":\"WebSite\",\"@id\":\"https:\\\/\\\/www.groupe-sos.org\\\/es\\\/#website\",\"url\":\"https:\\\/\\\/www.groupe-sos.org\\\/es\\\/\",\"name\":\"Groupe SOS Entreprendre au profit de tous\",\"description\":\"Entreprendre au profit de tous\",\"publisher\":{\"@id\":\"https:\\\/\\\/www.groupe-sos.org\\\/es\\\/#organization\"},\"alternateName\":\"Groupe SOS\",\"potentialAction\":[{\"@type\":\"SearchAction\",\"target\":{\"@type\":\"EntryPoint\",\"urlTemplate\":\"https:\\\/\\\/www.groupe-sos.org\\\/es\\\/?s={search_term_string}\"},\"query-input\":{\"@type\":\"PropertyValueSpecification\",\"valueRequired\":true,\"valueName\":\"search_term_string\"}}],\"inLanguage\":\"es\"},{\"@type\":\"Organization\",\"@id\":\"https:\\\/\\\/www.groupe-sos.org\\\/es\\\/#organization\",\"name\":\"Groupe SOS\",\"alternateName\":\"Entreprendre au profit de tous\",\"url\":\"https:\\\/\\\/www.groupe-sos.org\\\/es\\\/\",\"logo\":{\"@type\":\"ImageObject\",\"inLanguage\":\"es\",\"@id\":\"https:\\\/\\\/www.groupe-sos.org\\\/es\\\/#\\\/schema\\\/logo\\\/image\\\/\",\"url\":\"https:\\\/\\\/www.groupe-sos.org\\\/wp-content\\\/uploads\\\/2022\\\/06\\\/groupe-sos-logo-1.png\",\"contentUrl\":\"https:\\\/\\\/www.groupe-sos.org\\\/wp-content\\\/uploads\\\/2022\\\/06\\\/groupe-sos-logo-1.png\",\"width\":300,\"height\":60,\"caption\":\"Groupe SOS\"},\"image\":{\"@id\":\"https:\\\/\\\/www.groupe-sos.org\\\/es\\\/#\\\/schema\\\/logo\\\/image\\\/\"},\"sameAs\":[\"https:\\\/\\\/www.facebook.com\\\/GroupeSOS\\\/\",\"https:\\\/\\\/x.com\\\/groupesos\",\"https:\\\/\\\/www.instagram.com\\\/groupe_sos\\\/\",\"https:\\\/\\\/www.linkedin.com\\\/company\\\/groupe-sos\\\/?originalSubdomain=fr\"]}]}<\/script>\n<!-- \/ Yoast SEO plugin. -->","yoast_head_json":{"title":"Groupe SOS Jeunesse - Groupe SOS","description":"Groupe SOS Jeunesse est une association qui a pour principale mission d'\u00e9duquer et prot\u00e9ger enfants, adolescents et jeunes majeurs en difficult\u00e9s. Groupe SOS Jeunesse est le premier acteur associatif de la protection de l'enfance en France.","robots":{"index":"index","follow":"follow","max-snippet":"max-snippet:-1","max-image-preview":"max-image-preview:large","max-video-preview":"max-video-preview:-1"},"canonical":"https:\/\/www.groupe-sos.org\/es\/groupe-sos-jeunesse\/","og_locale":"es_ES","og_type":"article","og_title":"Groupe SOS Jeunesse - Groupe SOS","og_description":"Groupe SOS Jeunesse est une association qui a pour principale mission d'\u00e9duquer et prot\u00e9ger enfants, adolescents et jeunes majeurs en difficult\u00e9s. Groupe SOS Jeunesse est le premier acteur associatif de la protection de l'enfance en France.","og_url":"https:\/\/www.groupe-sos.org\/es\/groupe-sos-jeunesse\/","og_site_name":"Groupe SOS","article_publisher":"https:\/\/www.facebook.com\/GroupeSOS\/","article_modified_time":"2024-07-15T12:28:29+00:00","twitter_card":"summary_large_image","twitter_site":"@groupesos","twitter_misc":{"Tiempo de lectura":"3 minutos"},"schema":{"@context":"https:\/\/schema.org","@graph":[{"@type":"WebPage","@id":"https:\/\/www.groupe-sos.org\/es\/groupe-sos-jeunesse\/","url":"https:\/\/www.groupe-sos.org\/es\/groupe-sos-jeunesse\/","name":"Groupe SOS Jeunesse - Groupe SOS","isPartOf":{"@id":"https:\/\/www.groupe-sos.org\/es\/#website"},"datePublished":"2023-03-03T09:22:24+00:00","dateModified":"2024-07-15T12:28:29+00:00","description":"Groupe SOS Jeunesse est une association qui a pour principale mission d'\u00e9duquer et prot\u00e9ger enfants, adolescents et jeunes majeurs en difficult\u00e9s. Groupe SOS Jeunesse est le premier acteur associatif de la protection de l'enfance en France.","breadcrumb":{"@id":"https:\/\/www.groupe-sos.org\/es\/groupe-sos-jeunesse\/#breadcrumb"},"inLanguage":"es","potentialAction":[{"@type":"ReadAction","target":["https:\/\/www.groupe-sos.org\/es\/groupe-sos-jeunesse\/"]}]},{"@type":"BreadcrumbList","@id":"https:\/\/www.groupe-sos.org\/es\/groupe-sos-jeunesse\/#breadcrumb","itemListElement":[{"@type":"ListItem","position":1,"name":"Home","item":"https:\/\/www.groupe-sos.org\/es\/"},{"@type":"ListItem","position":2,"name":"Groupe SOS Jeunesse"}]},{"@type":"WebSite","@id":"https:\/\/www.groupe-sos.org\/es\/#website","url":"https:\/\/www.groupe-sos.org\/es\/","name":"Groupe SOS Entreprendre au profit de tous","description":"Entreprendre au profit de tous","publisher":{"@id":"https:\/\/www.groupe-sos.org\/es\/#organization"},"alternateName":"Groupe SOS","potentialAction":[{"@type":"SearchAction","target":{"@type":"EntryPoint","urlTemplate":"https:\/\/www.groupe-sos.org\/es\/?s={search_term_string}"},"query-input":{"@type":"PropertyValueSpecification","valueRequired":true,"valueName":"search_term_string"}}],"inLanguage":"es"},{"@type":"Organization","@id":"https:\/\/www.groupe-sos.org\/es\/#organization","name":"Groupe SOS","alternateName":"Entreprendre au profit de tous","url":"https:\/\/www.groupe-sos.org\/es\/","logo":{"@type":"ImageObject","inLanguage":"es","@id":"https:\/\/www.groupe-sos.org\/es\/#\/schema\/logo\/image\/","url":"https:\/\/www.groupe-sos.org\/wp-content\/uploads\/2022\/06\/groupe-sos-logo-1.png","contentUrl":"https:\/\/www.groupe-sos.org\/wp-content\/uploads\/2022\/06\/groupe-sos-logo-1.png","width":300,"height":60,"caption":"Groupe SOS"},"image":{"@id":"https:\/\/www.groupe-sos.org\/es\/#\/schema\/logo\/image\/"},"sameAs":["https:\/\/www.facebook.com\/GroupeSOS\/","https:\/\/x.com\/groupesos","https:\/\/www.instagram.com\/groupe_sos\/","https:\/\/www.linkedin.com\/company\/groupe-sos\/?originalSubdomain=fr"]}]}},"_links":{"self":[{"href":"https:\/\/www.groupe-sos.org\/es\/wp-json\/wp\/v2\/pages\/186448","targetHints":{"allow":["GET"]}}],"collection":[{"href":"https:\/\/www.groupe-sos.org\/es\/wp-json\/wp\/v2\/pages"}],"about":[{"href":"https:\/\/www.groupe-sos.org\/es\/wp-json\/wp\/v2\/types\/page"}],"author":[{"embeddable":true,"href":"https:\/\/www.groupe-sos.org\/es\/wp-json\/wp\/v2\/users\/1"}],"replies":[{"embeddable":true,"href":"https:\/\/www.groupe-sos.org\/es\/wp-json\/wp\/v2\/comments?post=186448"}],"version-history":[{"count":10,"href":"https:\/\/www.groupe-sos.org\/es\/wp-json\/wp\/v2\/pages\/186448\/revisions"}],"predecessor-version":[{"id":198015,"href":"https:\/\/www.groupe-sos.org\/es\/wp-json\/wp\/v2\/pages\/186448\/revisions\/198015"}],"wp:attachment":[{"href":"https:\/\/www.groupe-sos.org\/es\/wp-json\/wp\/v2\/media?parent=186448"}],"wp:term":[{"taxonomy":"secteur","embeddable":true,"href":"https:\/\/www.groupe-sos.org\/es\/wp-json\/wp\/v2\/secteur?post=186448"}],"curies":[{"name":"wp","href":"https:\/\/api.w.org\/{rel}","templated":true}]}}