{"id":186514,"date":"2023-01-05T14:06:08","date_gmt":"2023-01-05T13:06:08","guid":{"rendered":"https:\/\/www.groupe-sos.org\/groupe-sos-sante\/"},"modified":"2024-07-15T14:37:27","modified_gmt":"2024-07-15T12:37:27","slug":"groupe-sos-sante","status":"publish","type":"page","link":"https:\/\/www.groupe-sos.org\/es\/groupe-sos-sante\/","title":{"rendered":"Groupe SOS Sant\u00e9"},"content":{"rendered":"<div id=\"field_powa7e5d75bf20f4b00\" class=\"container-fluid px-0 flexible_section heropages heropages block_hero\">\n  <div id=\"hero_powa7e5d75bf20f4b00\" class=\"hero_container px-0\">\n   <div class=\"hero_image_outer\">\n    <img decoding=\"async\" src=\"https:\/\/www.groupe-sos.org\/wp-content\/uploads\/2022\/11\/sante.jpg\" alt=\"\" class=\"heroimage \" \/>\n   <\/div>\n  <\/div>\n<\/div>\n\n\n<div id=\"field_powfdc1beb314f74904\" class=\"container-fluid px-0 flexible_section  block_columns\">\n <div id=\"field_powfdc1beb314f74904_inner\" class=\"container flexible_section_inner \">\n\n   <div class=\"row flexible_section_content\">\n\n   <div class=\"p-5 col-sm-12 colonne colonne1\">\n    <div class=\"colonne_inner  text-left\">\n<h3><span>Nuestras asociaciones<\/span><span>\u00a0<\/span><\/h3>\n<h1>Groupe SOS Sant\u00e9<\/h1>\n    <\/div>\n   <\/div>\n  <\/div>\n\n <\/div>\n<\/div>\n\n\n<div id=\"field_powd3e6a89f332c4d29\" class=\"container-fluid px-0 flexible_section block_breadcrumb\">\n <div id=\"field_powd3e6a89f332c4d29_inner\" class=\"container flexible_section_inner\">\n\n  <div class=\"row flexible_section_content\">\n\n   <div class=\"breadcrumb_outer\" id=\"breadcrumb_powd3e6a89f332c4d29\">\n\n   <nav aria-label=\"breadcrumb\" id=\"breadcrumb_powd3e6a89f332c4d29_nav\">\n    <ol class=\"breadcrumb\">\n<li class=\"breadcrumb-item active\" aria-current=\"page\">Groupe SOS Sant\u00e9<\/li>\n      <\/ol>\n   <\/nav>\n\n   <\/div>\n\n  <\/div>\n\n <\/div>\n<\/div>\n\n\n<div id=\"field_pow79fef341cf144d24\" class=\"container-fluid px-0 flexible_section block_columns\">\n <div id=\"field_pow79fef341cf144d24_inner\" class=\"container flexible_section_inner\">\n\n   <div class=\"row flexible_section_content\">\n\n   <div class=\"col-sm-12 colonne colonne1\">\n    <div class=\"colonne_inner  text-left\">\n<p><strong>La asociaci\u00f3n Groupe SOS Sant\u00e9, es el principal operador asociativo de establecimientos hospitalarios. Su prioridad es hacer que el acceso a la atenci\u00f3n m\u00e9dica sea de calidad para todos. Su misi\u00f3n es contribuir a frenar la desertizaci\u00f3n m\u00e9dica, as\u00ed como desarrollar una atenci\u00f3n m\u00e9dica de calidad y accesible independientemente del nivel de ingresos de las personas.\u00a0<\/strong><\/p>\n<p><strong>Para lograrlo, el Groupe SOS Salud promueve el modelo de establecimientos privados sin fines lucrativos. Sus hospitales ofrecen una atenci\u00f3n m\u00e9dica efectiva, innovadora y centrada en las necesidades de la persona. Tambi\u00e9n brindan servicios de atenci\u00f3n m\u00e9dica a domicilio, que incluyen cuidados t\u00e9cnicos, b\u00e1sicos y sociales. Adem\u00e1s, el Groupe SOS Salud imparte formaciones a los futuros profesionales de la salud en sus Institutos de Formaci\u00f3n de Auxiliares de Enfermer\u00eda y Formaci\u00f3n en Enfermer\u00eda. Finalmente, a trav\u00e9s de sus hogares de Deporte-Salud, la asociaci\u00f3n ofrece una atenci\u00f3n completa a los pacientes, integrando la prevenci\u00f3n en salud.\u00a0\u00a0<\/strong><\/p>\n<p><em><strong>El Groupe SOS Sant\u00e9 es una de las asociaciones fundadoras del Groupe SOS.\u00a0<\/strong><\/em><\/p>\n    <\/div>\n   <\/div>\n  <\/div>\n\n <\/div>\n<\/div>\n\n\n<div id=\"field_pow33e87feae2d242d0\" class=\"container-fluid px-0 flexible_section block_components\">\n <div id=\"field_pow33e87feae2d242d0_inner\" class=\"container flexible_section_inner\">\n\n   <div class=\"row flexible_section_content\">\n\n   <div class=\" col-sm-4 component component_1  \">\n    <div class=\"colonne_inner \">\n  <div class=\"counters row\" id=\"counter_pow33e87feae2d242d0_1_outer\">\n   <div id=\"counter_pow33e87feae2d242d0_1_0\" class=\"counters col-12 px-3\">\n    <div class=\"counters_inner \">\n<div class=\"compteur_nosactions bg-rose\">\r\n<div class=\"h2 text-center\"><span id=\"counter_pow33e87feae2d242d0_1_0_value\">0<\/span><\/div>\r\n<div class=\"text-center\">beneficiarios en 2023<\/div>\r\n<\/div>    <\/div>\n   <\/div>\n  <\/div>\n\n    <\/div>\n   <\/div>\n   <div class=\" col-sm-4 component component_2  \">\n    <div class=\"colonne_inner \">\n  <div class=\"counters row\" id=\"counter_pow33e87feae2d242d0_2_outer\">\n   <div id=\"counter_pow33e87feae2d242d0_2_0\" class=\"counters col-12 px-3\">\n    <div class=\"counters_inner \">\n<div class=\"compteur_nosactions bg-rose\">\r\n<div class=\"h2 text-center\"><span id=\"counter_pow33e87feae2d242d0_2_0_value\">0<\/span><\/div>\r\n<div class=\"text-center\">establecimientos, incluidos 11 hospitales<\/div>\r\n<\/div>    <\/div>\n   <\/div>\n  <\/div>\n\n    <\/div>\n   <\/div>\n   <div class=\" col-sm-4 component component_3  \">\n    <div class=\"colonne_inner \">\n  <div class=\"counters row\" id=\"counter_pow33e87feae2d242d0_3_outer\">\n   <div id=\"counter_pow33e87feae2d242d0_3_0\" class=\"counters col-12 px-3\">\n    <div class=\"counters_inner \">\n<div class=\"compteur_nosactions bg-rose\">\r\n<div class=\"h2 text-center\"><span id=\"counter_pow33e87feae2d242d0_3_0_value\">0<\/span><\/div>\r\n<div class=\"text-center\">personas formadas<\/div>\r\n<\/div>    <\/div>\n   <\/div>\n  <\/div>\n\n    <\/div>\n   <\/div>\n  <\/div>\n\n <\/div>\n<\/div>\n<script type=\"text\/javascript\">\r\n\t\t\t\tjQuery(document).ready(function() {\r\n\t\t\t\t\t\t\r\n\r\n\t\t\tjQuery('#counter_pow33e87feae2d242d0_1_outer').one('inview', function(event, isInView) {\r\n\t\t\t\tif (isInView) {\r\n\t\t\t\t\tjQuery('#counter_pow33e87feae2d242d0_1_0_value').numerator({ toValue: 59204,\r\n\t\t\teasing: 'linear',\r\n\t\t\tduration: 2000,\r\n\t\t\trounding: 0\r\n\t\t});\n\r\n\t\t\t\t} \r\n\t\t\t});\r\n\r\n\t\t\tjQuery('#counter_pow33e87feae2d242d0_2_outer').one('inview', function(event, isInView) {\r\n\t\t\t\tif (isInView) {\r\n\t\t\t\t\tjQuery('#counter_pow33e87feae2d242d0_2_0_value').numerator({ toValue: 19,\r\n\t\t\teasing: 'linear',\r\n\t\t\tduration: 2000,\r\n\t\t\trounding: 0\r\n\t\t});\n\r\n\t\t\t\t} \r\n\t\t\t});\r\n\r\n\t\t\tjQuery('#counter_pow33e87feae2d242d0_3_outer').one('inview', function(event, isInView) {\r\n\t\t\t\tif (isInView) {\r\n\t\t\t\t\tjQuery('#counter_pow33e87feae2d242d0_3_0_value').numerator({ toValue: 693,\r\n\t\t\teasing: 'linear',\r\n\t\t\tduration: 2000,\r\n\t\t\trounding: 0\r\n\t\t});\n\r\n\t\t\t\t} \r\n\t\t\t});\n\r\n\t\t\t\t});\t\t\r\n\t\t\t<\/script>\n\n<div id=\"field_powcb6923cc6dfe481d\" class=\"container-fluid px-0 flexible_section block_columns\">\n <div id=\"field_powcb6923cc6dfe481d_inner\" class=\"container flexible_section_inner\">\n\n   <div class=\"row flexible_section_content\">\n\n   <div class=\"col-sm-12 colonne colonne1\">\n    <div class=\"colonne_inner  text-left\">\n<p style=\"text-align: center\"><a class=\"darkbluebutton\" href=\"https:\/\/www.groupe-sos.org\/wp-content\/uploads\/2022\/11\/Rapport_GroupeSOS-Sante-RA_2022_VF.pdf\"><span class=\"TextRun SCXW149410516 BCX2\" lang=\"ES-CO\" xml:lang=\"ES-CO\"><span class=\"NormalTextRun SCXW149410516 BCX2\">Descargar<\/span><\/span><span class=\"TextRun SCXW149410516 BCX2\" lang=\"ES-CO\" xml:lang=\"ES-CO\"><span class=\"NormalTextRun SCXW149410516 BCX2\"> el reporte de actividades <\/span><\/span>2022<\/a><\/p>\n    <\/div>\n   <\/div>\n  <\/div>\n\n <\/div>\n<\/div>\n\n\n<div id=\"field_powbde3941ebdec4ed0\" class=\"container-fluid px-0 flexible_section block_columns\">\n <div id=\"field_powbde3941ebdec4ed0_inner\" class=\"container flexible_section_inner\">\n\n   <div class=\"row flexible_section_content\">\n\n   <div class=\"mb-3 mb-sm-0 col-sm-5 colonne colonne1\">\n    <div class=\"colonne_inner  text-left\">\n<h2 style=\"text-align: left\"><b><span>Promover el acceso a una atenci\u00f3n m\u00e9dica de calidad para todos<\/span><\/b><span>\u00a0<\/span><\/h2>\n<p><strong>El objetivo del Groupe SOS Salud es hacer que la atenci\u00f3n m\u00e9dica de calidad est\u00e9 al alcance de todos.\u00a0<\/strong><\/p>\n<ul>\n<li><span><strong>El desaf\u00edo es econ\u00f3mico:<\/strong> muchas personas reciben atenci\u00f3n m\u00e9dica deficiente, o incluso no reciben ninguna, debido a la falta de recursos.<\/span><span>\u00a0<\/span><\/li>\n<li><span><strong>El desaf\u00edo tambi\u00e9n es geogr\u00e1fico:<\/strong> muchas personas no reciben atenci\u00f3n m\u00e9dica porque no tienen profesionales cerca de ellas.<\/span><span>\u00a0<\/span><\/li>\n<\/ul>\n<p><span>Es por esto que, en sus hospitales, el Groupe SOS Salud desarrolla un <strong>modelo privado sin fines de lucrativos<\/strong> para <strong>eliminar por completo los cargos a los pacientes.<\/strong><\/span><strong>\u00a0<\/strong><\/p>\n    <\/div>\n   <\/div>\n   <div class=\"col-sm-7 colonne colonne2\">\n    <div class=\"colonne_inner  text-left\">\n\r\n\t<div class=\"youtube-video-place embed-responsive\" data-ratio=\"16by9\" data-yturl=\"https:\/\/www.youtube.com\/embed\/PyhShjlCVlY?autoplay=1&amp;rel=0&amp;showinfo=0\">\r\n\t\t<div class=\"youtube-video-place-inner\">\r\n\t\t\t<img decoding=\"async\" src=\"https:\/\/www.groupe-sos.org\/wp-content\/themes\/flexipow\/assets\/icons\/videoplayer.png\" class=\"play-youtube-button\" alt=\"youtubebutton\">\r\n\t\t\t<img decoding=\"async\" src=\"https:\/\/i.ytimg.com\/vi\/PyhShjlCVlY\/mqdefault.jpg\" class=\"play-youtube-video w-100 skip-lazy\" alt=\"video\">\r\n\t\t<\/div>\t\r\n\t<\/div>\r\n\t\n<p>&nbsp;<\/p>\n<p style=\"text-align: center\"><a class=\"darkbluebutton\" href=\"https:\/\/www.groupe-sos.org\/plaidoyers\/sante\/\"><span>\u00c9chale un vistazo a la campa\u00f1a del sistema de salud<\/span><\/a><\/p>\n    <\/div>\n   <\/div>\n  <\/div>\n\n <\/div>\n<\/div>\n\n\n<div id=\"field_powdf4c8b76dc81470b\" class=\"container-fluid px-0 flexible_section  block_adaptativetextandimage\">\n <div id=\"field_powdf4c8b76dc81470b_inner\" class=\"container flexible_section_inner \">\n\n   <div class=\"row no-gutters flexible_section_content adaptativeimage  bordertopsante1 bordertopsante1\" id=\"textimagebanner_powdf4c8b76dc81470b\">\n\n   <div class=\"col-12 col-sm-7 order-2 order-sm-2 colonne colonne1 colonne1_powdf4c8b76dc81470b\">\n    <div class=\"colonne_inner text-left justify-content-start\">\n<h3><b><span>Luchar contra la <\/span><\/b><b><span>desertificaci\u00f3<\/span><\/b><b><span>n m\u00e9dica<\/span><\/b><span>\u00a0<\/span><\/h3>\n<p><span>El Groupe SOS Sant\u00e9 contribuye al <strong>mantenimiento de servicios de atenci\u00f3n m\u00e9dica necesarios para la poblaci\u00f3n en comunidades que a veces est\u00e1n amenazados por la desertificaci\u00f3n m\u00e9dica.<\/strong><\/span><strong>\u00a0<\/strong><\/p>\n<p><span>En los municipios donde est\u00e1n ubicados sus establecimientos de salud, el Groupe SOS a veces es el \u00fanico establecimiento de salud a varios kil\u00f3metros a la redonda. La necesidad de ofrecer a las comunidades y a sus habitantes atenci\u00f3n m\u00e9dica efectiva y cercana es crucial. \u00a1Aceptamos el desaf\u00edo!<\/span><span>\u00a0<\/span><\/p>\n<p><span>Por ejemplo, se han abierto <strong>Centros de Sue\u00f1o<\/strong> para brindar soluciones a esta enfermedad que afecta a 1 de cada 3 franceses. El Groupe SOS Sant\u00e9 tambi\u00e9n ha inaugurado <strong>dos Centros de la Obesidad<\/strong> y ha desarrollado <strong>Hogares de Deporte y Salud<\/strong> para permitir que todos puedan practicar actividades f\u00edsicas. Los establecimientos fueron de los primeros en Francia en contar con tecnolog\u00eda 3D que combina las ventajas de la resonancia magn\u00e9tica y la ecograf\u00eda para un tratamiento lo m\u00e1s temprano posible del <strong>c\u00e1ncer de pr\u00f3stata.<\/strong><\/span><strong>\u00a0<\/strong><\/p>\n    <\/div>\n   <\/div>\n   <div class=\"col-12 col-sm-5 order-1 order-sm-1 colonne colonne2 colonne2_powdf4c8b76dc81470b\">\n   <\/div>\n  <\/div>\n\n <\/div>\n<\/div>\n\n\n<div id=\"field_pow1a858250cef84f6b\" class=\"container-fluid px-0 flexible_section  block_adaptativetextandimage\">\n <div id=\"field_pow1a858250cef84f6b_inner\" class=\"container flexible_section_inner \">\n\n   <div class=\"row no-gutters flexible_section_content adaptativeimage  bordertopsante2 bordertopsante2\" id=\"textimagebanner_pow1a858250cef84f6b\">\n\n   <div class=\"col-12 col-sm-7 order-2 order-sm-1 colonne colonne1 colonne1_pow1a858250cef84f6b\">\n    <div class=\"colonne_inner text-left justify-content-start\">\n<h3><b><span>Facilitar el acceso a la atenci\u00f3n m\u00e9dica a domicilio<\/span><\/b><span>\u00a0<\/span><\/h3>\n<p><span>El acceso a la atenci\u00f3n m\u00e9dica no se limita a los hospitales. La atenci\u00f3n m\u00e9dica a domicilio es un eslab\u00f3n esencial de la oferta de servicios en una comunidad porque favorece el mantenimiento en el hogar, hace que la atenci\u00f3n sea accesible para personas con movilidad limitada, contribuye a prevenir o posponer el ingreso al hospital o a un establecimiento de alojamiento.<\/span><span>\u00a0<\/span><\/p>\n<p><span>El Groupe SOS Sant\u00e9 tambi\u00e9n ha desarrollado una s\u00f3lida experiencia en <strong>asistencia m\u00e9dico-social a domicilio.<\/strong> A trav\u00e9s de sus <strong>3 Servicios de Atenci\u00f3n M\u00e9dica a Domicilio<\/strong> (SSIAD), proporciona servicios de atenci\u00f3n m\u00e9dica que incluyen cuidados espec\u00edficos (inyecciones, vendajes) y cuidados b\u00e1sicos y relacionales (ayuda a la higiene, ayuda a la movilizaci\u00f3n). Estas intervenciones pueden tambi\u00e9n <strong>contribuir a prevenir o posponer el ingreso al hospital o a un establecimiento de alojamiento.<\/strong><\/span><strong>\u00a0<\/strong><\/p>\n    <\/div>\n   <\/div>\n   <div class=\"col-12 col-sm-5 order-1 order-sm-2 colonne colonne2 colonne2_pow1a858250cef84f6b\">\n   <\/div>\n  <\/div>\n\n <\/div>\n<\/div>\n\n\n<div id=\"field_pow697d586b3c1d471f\" class=\"container-fluid px-0 flexible_section  block_adaptativetextandimage\">\n <div id=\"field_pow697d586b3c1d471f_inner\" class=\"container flexible_section_inner \">\n\n   <div class=\"row no-gutters flexible_section_content adaptativeimage  bordertopsante3 bordertopsante3\" id=\"textimagebanner_pow697d586b3c1d471f\">\n\n   <div class=\"col-12 col-sm-7 order-2 order-sm-2 colonne colonne1 colonne1_pow697d586b3c1d471f\">\n    <div class=\"colonne_inner text-left justify-content-start\">\n<h3><b><span>Afrontar el problema de las profesiones de la salud<\/span><\/b><span>\u00a0<\/span><\/h3>\n<p><span>Los establecimientos de salud enfrentan actualmente un gran problema: la escasez de personal. El Groupe SOS Salud trabaja para formar y concientizar a las futuras generaciones de profesionales de la salud.<\/span><span>\u00a0<\/span><\/p>\n<p><strong>Tambi\u00e9n forma a los asistentes a trav\u00e9s de 4 Institutos de Formaci\u00f3n de Auxiliares de Enfermer\u00eda y 1 Instituto de Formaci\u00f3n en Enfermer\u00eda, para hacer frente a la escasez de personal del sector de la salud.\u00a0<\/strong><\/p>\n<p><strong>En 2021, el Groupe SOS Salud benefici\u00f3 a 177,000 personas (pacientes y personas que recibieron capacitaciones) y emple\u00f3 a m\u00e1s de 3000 personas.\u00a0<\/strong><\/p>\n    <\/div>\n   <\/div>\n   <div class=\"col-12 col-sm-5 order-1 order-sm-1 colonne colonne2 colonne2_pow697d586b3c1d471f\">\n   <\/div>\n  <\/div>\n\n <\/div>\n<\/div>\n\n\n<div id=\"field_powcb6923cc6dfe481d\" class=\"container-fluid px-0 flexible_section block_columns\">\n <div id=\"field_powcb6923cc6dfe481d_inner\" class=\"container flexible_section_inner\">\n\n   <div class=\"row flexible_section_content\">\n\n   <div class=\"col-sm-12 colonne colonne1\">\n    <div class=\"colonne_inner  text-left\">\n<p style=\"text-align: center\"><a class=\"darkbluebutton\" href=\"https:\/\/www.groupe-sos.org\/wp-content\/uploads\/2022\/11\/Rapport_GroupeSOS-Sante-RA_2022_VF.pdf\"><span class=\"TextRun SCXW149410516 BCX2\" lang=\"ES-CO\" xml:lang=\"ES-CO\"><span class=\"NormalTextRun SCXW149410516 BCX2\">Descargar<\/span><\/span><span class=\"TextRun SCXW149410516 BCX2\" lang=\"ES-CO\" xml:lang=\"ES-CO\"><span class=\"NormalTextRun SCXW149410516 BCX2\"> el reporte de actividades <\/span><\/span>2022<\/a><\/p>\n    <\/div>\n   <\/div>\n  <\/div>\n\n <\/div>\n<\/div>\n","protected":false},"excerpt":{"rendered":"<p>Au sein du Groupe SOS Sant\u00e9 nous g\u00e9rons 10 h\u00f4pitaux, situ\u00e9s dans 8 d\u00e9partements. Notre volont\u00e9\u202f: mettre des soins de qualit\u00e9 \u00e0 la port\u00e9e de toutes et tous.<\/p>\n","protected":false},"author":1,"featured_media":0,"parent":0,"menu_order":155,"comment_status":"closed","ping_status":"closed","template":"page-flexipow.php","meta":{"_acf_changed":false,"footnotes":""},"secteur":[],"class_list":["post-186514","page","type-page","status-publish","hentry"],"acf":[],"yoast_head":"<!-- This site is optimized with the Yoast SEO plugin v27.4 - https:\/\/yoast.com\/product\/yoast-seo-wordpress\/ -->\n<title>Groupe SOS Sant\u00e9 - Groupe SOS<\/title>\n<meta name=\"description\" content=\"Au sein du Groupe SOS Sant\u00e9 nous g\u00e9rons 10 h\u00f4pitaux, situ\u00e9s dans 8 d\u00e9partements. Notre volont\u00e9\u202f: mettre des soins de qualit\u00e9 \u00e0 la port\u00e9e de toutes et tous.\" \/>\n<meta name=\"robots\" content=\"index, follow, max-snippet:-1, max-image-preview:large, max-video-preview:-1\" \/>\n<link rel=\"canonical\" href=\"https:\/\/www.groupe-sos.org\/es\/groupe-sos-sante\/\" \/>\n<meta property=\"og:locale\" content=\"es_ES\" \/>\n<meta property=\"og:type\" content=\"article\" \/>\n<meta property=\"og:title\" content=\"Groupe SOS Sant\u00e9 - Groupe SOS\" \/>\n<meta property=\"og:description\" content=\"Au sein du Groupe SOS Sant\u00e9 nous g\u00e9rons 10 h\u00f4pitaux, situ\u00e9s dans 8 d\u00e9partements. Notre volont\u00e9\u202f: mettre des soins de qualit\u00e9 \u00e0 la port\u00e9e de toutes et tous.\" \/>\n<meta property=\"og:url\" content=\"https:\/\/www.groupe-sos.org\/es\/groupe-sos-sante\/\" \/>\n<meta property=\"og:site_name\" content=\"Groupe SOS\" \/>\n<meta property=\"article:publisher\" content=\"https:\/\/www.facebook.com\/GroupeSOS\/\" \/>\n<meta property=\"article:modified_time\" content=\"2024-07-15T12:37:27+00:00\" \/>\n<meta name=\"twitter:card\" content=\"summary_large_image\" \/>\n<meta name=\"twitter:site\" content=\"@groupesos\" \/>\n<meta name=\"twitter:label1\" content=\"Tiempo de lectura\" \/>\n\t<meta name=\"twitter:data1\" content=\"5 minutos\" \/>\n<script type=\"application\/ld+json\" class=\"yoast-schema-graph\">{\"@context\":\"https:\\\/\\\/schema.org\",\"@graph\":[{\"@type\":\"WebPage\",\"@id\":\"https:\\\/\\\/www.groupe-sos.org\\\/es\\\/groupe-sos-sante\\\/\",\"url\":\"https:\\\/\\\/www.groupe-sos.org\\\/es\\\/groupe-sos-sante\\\/\",\"name\":\"Groupe SOS Sant\u00e9 - Groupe SOS\",\"isPartOf\":{\"@id\":\"https:\\\/\\\/www.groupe-sos.org\\\/es\\\/#website\"},\"datePublished\":\"2023-01-05T13:06:08+00:00\",\"dateModified\":\"2024-07-15T12:37:27+00:00\",\"description\":\"Au sein du Groupe SOS Sant\u00e9 nous g\u00e9rons 10 h\u00f4pitaux, situ\u00e9s dans 8 d\u00e9partements. Notre volont\u00e9\u202f: mettre des soins de qualit\u00e9 \u00e0 la port\u00e9e de toutes et tous.\",\"breadcrumb\":{\"@id\":\"https:\\\/\\\/www.groupe-sos.org\\\/es\\\/groupe-sos-sante\\\/#breadcrumb\"},\"inLanguage\":\"es\",\"potentialAction\":[{\"@type\":\"ReadAction\",\"target\":[\"https:\\\/\\\/www.groupe-sos.org\\\/es\\\/groupe-sos-sante\\\/\"]}]},{\"@type\":\"BreadcrumbList\",\"@id\":\"https:\\\/\\\/www.groupe-sos.org\\\/es\\\/groupe-sos-sante\\\/#breadcrumb\",\"itemListElement\":[{\"@type\":\"ListItem\",\"position\":1,\"name\":\"Home\",\"item\":\"https:\\\/\\\/www.groupe-sos.org\\\/es\\\/\"},{\"@type\":\"ListItem\",\"position\":2,\"name\":\"Groupe SOS Sant\u00e9\"}]},{\"@type\":\"WebSite\",\"@id\":\"https:\\\/\\\/www.groupe-sos.org\\\/es\\\/#website\",\"url\":\"https:\\\/\\\/www.groupe-sos.org\\\/es\\\/\",\"name\":\"Groupe SOS Entreprendre au profit de tous\",\"description\":\"Entreprendre au profit de tous\",\"publisher\":{\"@id\":\"https:\\\/\\\/www.groupe-sos.org\\\/es\\\/#organization\"},\"alternateName\":\"Groupe SOS\",\"potentialAction\":[{\"@type\":\"SearchAction\",\"target\":{\"@type\":\"EntryPoint\",\"urlTemplate\":\"https:\\\/\\\/www.groupe-sos.org\\\/es\\\/?s={search_term_string}\"},\"query-input\":{\"@type\":\"PropertyValueSpecification\",\"valueRequired\":true,\"valueName\":\"search_term_string\"}}],\"inLanguage\":\"es\"},{\"@type\":\"Organization\",\"@id\":\"https:\\\/\\\/www.groupe-sos.org\\\/es\\\/#organization\",\"name\":\"Groupe SOS\",\"alternateName\":\"Entreprendre au profit de tous\",\"url\":\"https:\\\/\\\/www.groupe-sos.org\\\/es\\\/\",\"logo\":{\"@type\":\"ImageObject\",\"inLanguage\":\"es\",\"@id\":\"https:\\\/\\\/www.groupe-sos.org\\\/es\\\/#\\\/schema\\\/logo\\\/image\\\/\",\"url\":\"https:\\\/\\\/www.groupe-sos.org\\\/wp-content\\\/uploads\\\/2022\\\/06\\\/groupe-sos-logo-1.png\",\"contentUrl\":\"https:\\\/\\\/www.groupe-sos.org\\\/wp-content\\\/uploads\\\/2022\\\/06\\\/groupe-sos-logo-1.png\",\"width\":300,\"height\":60,\"caption\":\"Groupe SOS\"},\"image\":{\"@id\":\"https:\\\/\\\/www.groupe-sos.org\\\/es\\\/#\\\/schema\\\/logo\\\/image\\\/\"},\"sameAs\":[\"https:\\\/\\\/www.facebook.com\\\/GroupeSOS\\\/\",\"https:\\\/\\\/x.com\\\/groupesos\",\"https:\\\/\\\/www.instagram.com\\\/groupe_sos\\\/\",\"https:\\\/\\\/www.linkedin.com\\\/company\\\/groupe-sos\\\/?originalSubdomain=fr\"]}]}<\/script>\n<!-- \/ Yoast SEO plugin. -->","yoast_head_json":{"title":"Groupe SOS Sant\u00e9 - Groupe SOS","description":"Au sein du Groupe SOS Sant\u00e9 nous g\u00e9rons 10 h\u00f4pitaux, situ\u00e9s dans 8 d\u00e9partements. Notre volont\u00e9\u202f: mettre des soins de qualit\u00e9 \u00e0 la port\u00e9e de toutes et tous.","robots":{"index":"index","follow":"follow","max-snippet":"max-snippet:-1","max-image-preview":"max-image-preview:large","max-video-preview":"max-video-preview:-1"},"canonical":"https:\/\/www.groupe-sos.org\/es\/groupe-sos-sante\/","og_locale":"es_ES","og_type":"article","og_title":"Groupe SOS Sant\u00e9 - Groupe SOS","og_description":"Au sein du Groupe SOS Sant\u00e9 nous g\u00e9rons 10 h\u00f4pitaux, situ\u00e9s dans 8 d\u00e9partements. Notre volont\u00e9\u202f: mettre des soins de qualit\u00e9 \u00e0 la port\u00e9e de toutes et tous.","og_url":"https:\/\/www.groupe-sos.org\/es\/groupe-sos-sante\/","og_site_name":"Groupe SOS","article_publisher":"https:\/\/www.facebook.com\/GroupeSOS\/","article_modified_time":"2024-07-15T12:37:27+00:00","twitter_card":"summary_large_image","twitter_site":"@groupesos","twitter_misc":{"Tiempo de lectura":"5 minutos"},"schema":{"@context":"https:\/\/schema.org","@graph":[{"@type":"WebPage","@id":"https:\/\/www.groupe-sos.org\/es\/groupe-sos-sante\/","url":"https:\/\/www.groupe-sos.org\/es\/groupe-sos-sante\/","name":"Groupe SOS Sant\u00e9 - Groupe SOS","isPartOf":{"@id":"https:\/\/www.groupe-sos.org\/es\/#website"},"datePublished":"2023-01-05T13:06:08+00:00","dateModified":"2024-07-15T12:37:27+00:00","description":"Au sein du Groupe SOS Sant\u00e9 nous g\u00e9rons 10 h\u00f4pitaux, situ\u00e9s dans 8 d\u00e9partements. Notre volont\u00e9\u202f: mettre des soins de qualit\u00e9 \u00e0 la port\u00e9e de toutes et tous.","breadcrumb":{"@id":"https:\/\/www.groupe-sos.org\/es\/groupe-sos-sante\/#breadcrumb"},"inLanguage":"es","potentialAction":[{"@type":"ReadAction","target":["https:\/\/www.groupe-sos.org\/es\/groupe-sos-sante\/"]}]},{"@type":"BreadcrumbList","@id":"https:\/\/www.groupe-sos.org\/es\/groupe-sos-sante\/#breadcrumb","itemListElement":[{"@type":"ListItem","position":1,"name":"Home","item":"https:\/\/www.groupe-sos.org\/es\/"},{"@type":"ListItem","position":2,"name":"Groupe SOS Sant\u00e9"}]},{"@type":"WebSite","@id":"https:\/\/www.groupe-sos.org\/es\/#website","url":"https:\/\/www.groupe-sos.org\/es\/","name":"Groupe SOS Entreprendre au profit de tous","description":"Entreprendre au profit de tous","publisher":{"@id":"https:\/\/www.groupe-sos.org\/es\/#organization"},"alternateName":"Groupe SOS","potentialAction":[{"@type":"SearchAction","target":{"@type":"EntryPoint","urlTemplate":"https:\/\/www.groupe-sos.org\/es\/?s={search_term_string}"},"query-input":{"@type":"PropertyValueSpecification","valueRequired":true,"valueName":"search_term_string"}}],"inLanguage":"es"},{"@type":"Organization","@id":"https:\/\/www.groupe-sos.org\/es\/#organization","name":"Groupe SOS","alternateName":"Entreprendre au profit de tous","url":"https:\/\/www.groupe-sos.org\/es\/","logo":{"@type":"ImageObject","inLanguage":"es","@id":"https:\/\/www.groupe-sos.org\/es\/#\/schema\/logo\/image\/","url":"https:\/\/www.groupe-sos.org\/wp-content\/uploads\/2022\/06\/groupe-sos-logo-1.png","contentUrl":"https:\/\/www.groupe-sos.org\/wp-content\/uploads\/2022\/06\/groupe-sos-logo-1.png","width":300,"height":60,"caption":"Groupe SOS"},"image":{"@id":"https:\/\/www.groupe-sos.org\/es\/#\/schema\/logo\/image\/"},"sameAs":["https:\/\/www.facebook.com\/GroupeSOS\/","https:\/\/x.com\/groupesos","https:\/\/www.instagram.com\/groupe_sos\/","https:\/\/www.linkedin.com\/company\/groupe-sos\/?originalSubdomain=fr"]}]}},"_links":{"self":[{"href":"https:\/\/www.groupe-sos.org\/es\/wp-json\/wp\/v2\/pages\/186514","targetHints":{"allow":["GET"]}}],"collection":[{"href":"https:\/\/www.groupe-sos.org\/es\/wp-json\/wp\/v2\/pages"}],"about":[{"href":"https:\/\/www.groupe-sos.org\/es\/wp-json\/wp\/v2\/types\/page"}],"author":[{"embeddable":true,"href":"https:\/\/www.groupe-sos.org\/es\/wp-json\/wp\/v2\/users\/1"}],"replies":[{"embeddable":true,"href":"https:\/\/www.groupe-sos.org\/es\/wp-json\/wp\/v2\/comments?post=186514"}],"version-history":[{"count":7,"href":"https:\/\/www.groupe-sos.org\/es\/wp-json\/wp\/v2\/pages\/186514\/revisions"}],"predecessor-version":[{"id":198020,"href":"https:\/\/www.groupe-sos.org\/es\/wp-json\/wp\/v2\/pages\/186514\/revisions\/198020"}],"wp:attachment":[{"href":"https:\/\/www.groupe-sos.org\/es\/wp-json\/wp\/v2\/media?parent=186514"}],"wp:term":[{"taxonomy":"secteur","embeddable":true,"href":"https:\/\/www.groupe-sos.org\/es\/wp-json\/wp\/v2\/secteur?post=186514"}],"curies":[{"name":"wp","href":"https:\/\/api.w.org\/{rel}","templated":true}]}}