{"id":186609,"date":"2023-03-01T14:47:46","date_gmt":"2023-03-01T13:47:46","guid":{"rendered":"https:\/\/www.groupe-sos.org\/groupe-sos-transition-ecologique-et-territoires\/"},"modified":"2023-12-08T14:02:53","modified_gmt":"2023-12-08T13:02:53","slug":"groupe-sos-transition-ecologique-et-territoires","status":"publish","type":"page","link":"https:\/\/www.groupe-sos.org\/es\/groupe-sos-transition-ecologique-et-territoires\/","title":{"rendered":"Transici\u00f3n ecol\u00f3gica y territorios\u200b\u200b"},"content":{"rendered":"<div id=\"field_pow27346a3a9f05424a\" class=\"container-fluid px-0 flexible_section heropages block_hero\">\n  <div id=\"hero_pow27346a3a9f05424a\" class=\"hero_container px-0\">\n   <div class=\"hero_image_outer\">\n    <img decoding=\"async\" src=\"https:\/\/www.groupe-sos.org\/wp-content\/uploads\/2022\/11\/transition-ecologique.jpg\" alt=\"\" class=\"heroimage \" \/>\n   <\/div>\n  <\/div>\n<\/div>\n\n\n<div id=\"field_pow29daa49fdad8491b\" class=\"container-fluid px-0 flexible_section block_columns\">\n <div id=\"field_pow29daa49fdad8491b_inner\" class=\"container flexible_section_inner\">\n\n   <div class=\"row flexible_section_content\">\n\n   <div class=\"p-5 col-sm-12 colonne colonne1\">\n    <div class=\"colonne_inner  text-left\">\n<h3><span>Nuestras actividades<\/span><span>\u00a0<\/span><\/h3>\n<h1>\u200b\u200b<span class=\"TextRun SCXW167345297 BCX2\" lang=\"ES-CO\" xml:lang=\"ES-CO\"><span class=\"NormalTextRun SCXW167345297 BCX2\">Transici\u00f3n ecol\u00f3gica y territorios<\/span><\/span><\/h1>\n    <\/div>\n   <\/div>\n  <\/div>\n\n <\/div>\n<\/div>\n\n\n<div id=\"field_powd3e6a89f332c4d29\" class=\"container-fluid px-0 flexible_section block_breadcrumb\">\n <div id=\"field_powd3e6a89f332c4d29_inner\" class=\"container flexible_section_inner\">\n\n  <div class=\"row flexible_section_content\">\n\n   <div class=\"breadcrumb_outer\" id=\"breadcrumb_powd3e6a89f332c4d29\">\n\n   <nav aria-label=\"breadcrumb\" id=\"breadcrumb_powd3e6a89f332c4d29_nav\">\n    <ol class=\"breadcrumb\">\n<li class=\"breadcrumb-item active\" aria-current=\"page\">Transici\u00f3n ecol\u00f3gica y territorios\u200b\u200b<\/li>\n      <\/ol>\n   <\/nav>\n\n   <\/div>\n\n  <\/div>\n\n <\/div>\n<\/div>\n\n\n<div id=\"field_powa412624745174d09\" class=\"container-fluid px-0 flexible_section block_columns\">\n <div id=\"field_powa412624745174d09_inner\" class=\"container flexible_section_inner\">\n\n   <div class=\"row flexible_section_content\">\n\n   <div class=\"col-sm-12 colonne colonne1\">\n    <div class=\"colonne_inner  text-left\">\n<p><b><span>El objetivo del Groupe SOS es el de crear soluciones para desarrollar y mejorar la vida local, as\u00ed como comprometerse en la transici\u00f3n ecol\u00f3gica para encontrar nuevas formas de construir un mundo sostenible. Para revitalizar las comunidades vulnerables, dinamizar la participaci\u00f3n ciudadana y abordar los nuevos desaf\u00edos de cada comunidad, el Groupe SOS desarrolla m\u00e9todos de acci\u00f3n adaptados a las necesidades de cada comunidad. Estas soluciones van dirigidas a las personas que viven en dichas comunidades y las involucra en la creaci\u00f3n de soluciones que les conciernen.<\/span><\/b><span>\u00a0<\/span><\/p>\n    <\/div>\n   <\/div>\n  <\/div>\n\n <\/div>\n<\/div>\n\n\n<div id=\"field_pow1a868aca34b845d2\" class=\"container-fluid px-0 flexible_section block_adaptativetextandimage\">\n <div id=\"field_pow1a868aca34b845d2_inner\" class=\"container flexible_section_inner\">\n\n   <div class=\"row no-gutters flexible_section_content adaptativeimage  bordertopjaune bordertopjaune\" id=\"textimagebanner_pow1a868aca34b845d2\">\n\n   <div class=\"col-12 col-sm-7 order-2 order-sm-1 colonne colonne1 colonne1_pow1a868aca34b845d2\">\n    <div class=\"colonne_inner text-left justify-content-start\">\n<h3><span>Transici\u00f3n ecol\u00f3gica<\/span><span>\u00a0<\/span><\/h3>\n<p><span>Ante las urgencias medioambientales y sociales actuales, el Groupe SOS se compromete a encontrar nuevas soluciones para ayudar a construir un mundo sostenible. La asociaci\u00f3n defiende el concepto de ecolog\u00eda humana, en la cual el ser humano vive en armon\u00eda con su entorno, sin que uno prevalezca sobre el otro. La ambici\u00f3n en la era de la escasez: hacer m\u00e1s con menos. El GroupeSOS busca convertir las profesiones verdes en impulsor<\/span><span>a<\/span><span>e<\/span><span>s de la inclusi\u00f3n laboral, evitando que la transici\u00f3n ecol\u00f3gica se convierta en un factor adicional de exclusi\u00f3n<\/span><span>.<\/span><span>\u00a0<\/span><\/p>\n<p><a class=\"lightbluebutton\" href=\"https:\/\/www.groupe-sos.org\/le-groupe-sos\/notre-gouvernance\/groupe-sos-transition-ecologique-et-territoires\/transition-ecologique\/\"><span>M\u00e1s informaci\u00f3n<\/span><\/a><\/p>\n    <\/div>\n   <\/div>\n   <div class=\"col-12 col-sm-5 order-1 order-sm-2 colonne colonne2 colonne2_pow1a868aca34b845d2\">\n   <\/div>\n  <\/div>\n\n <\/div>\n<\/div>\n\n\n<div id=\"field_pow8a2ebf0c75e74abb\" class=\"container-fluid px-0 flexible_section block_adaptativetextandimage\">\n <div id=\"field_pow8a2ebf0c75e74abb_inner\" class=\"container flexible_section_inner\">\n\n   <div class=\"row no-gutters flexible_section_content adaptativeimage  bordertopbleu bordertopbleu\" id=\"textimagebanner_pow8a2ebf0c75e74abb\">\n\n   <div class=\"col-12 col-sm-7 order-2 order-sm-2 colonne colonne1 colonne1_pow8a2ebf0c75e74abb\">\n    <div class=\"colonne_inner text-left justify-content-start\">\n<h3><span>Acci\u00f3n territorial<\/span><span>\u00a0<\/span><\/h3>\n<p><span>El objetivo del Groupe SOS es construir soluciones para desarrollar y mejorar la vida local. Revitalizar las comunidades vulnerables, dinamizar la participaci\u00f3n ciudadana y abordar los nuevos desaf\u00edos de cada territorio: el Groupe SOS desarrolla m\u00e9todos de acci\u00f3n adaptados a las necesidades de cada comunidad. Estas soluciones van dirigidas a las personas que viven en las comunidades y las involucra en la creaci\u00f3n de soluciones que les conciernen.<\/span><span>\u00a0<\/span><\/p>\n<p><a class=\"lightbluebutton\" href=\"https:\/\/www.groupe-sos.org\/le-groupe-sos\/notre-gouvernance\/groupe-sos-transition-ecologique-et-territoires\/territoires\/\"><span>M\u00e1s informaci\u00f3n<\/span><\/a><\/p>\n    <\/div>\n   <\/div>\n   <div class=\"col-12 col-sm-5 order-1 order-sm-1 colonne colonne2 colonne2_pow8a2ebf0c75e74abb\">\n   <\/div>\n  <\/div>\n\n <\/div>\n<\/div>\n","protected":false},"excerpt":{"rendered":"<p>L&#8217;association Groupe SOS Transition \u00e9cologique et territoires a pour ambition de construire des solutions pour d\u00e9velopper et am\u00e9liorer la vie locale, et de s&#8217;investir dans la transition \u00e9cologique pour trouver de nouvelles solutions afin de construire un monde durable.<\/p>\n","protected":false},"author":1,"featured_media":0,"parent":0,"menu_order":185,"comment_status":"closed","ping_status":"closed","template":"page-flexipow.php","meta":{"_acf_changed":false,"footnotes":""},"secteur":[],"class_list":["post-186609","page","type-page","status-publish","hentry"],"acf":[],"yoast_head":"<!-- This site is optimized with the Yoast SEO plugin v27.4 - https:\/\/yoast.com\/product\/yoast-seo-wordpress\/ -->\n<title>Transici\u00f3n ecol\u00f3gica y territorios\u200b\u200b - Groupe SOS<\/title>\n<meta name=\"description\" content=\"L&#039;association Groupe SOS Transition \u00e9cologique et territoires a pour ambition de construire des solutions pour d\u00e9velopper et am\u00e9liorer la vie locale, et de s&#039;investir dans la transition \u00e9cologique pour trouver de nouvelles solutions afin de construire un monde durable.\" \/>\n<meta name=\"robots\" content=\"index, follow, max-snippet:-1, max-image-preview:large, max-video-preview:-1\" \/>\n<link rel=\"canonical\" href=\"https:\/\/www.groupe-sos.org\/es\/groupe-sos-transition-ecologique-et-territoires\/\" \/>\n<meta property=\"og:locale\" content=\"es_ES\" \/>\n<meta property=\"og:type\" content=\"article\" \/>\n<meta property=\"og:title\" content=\"Transici\u00f3n ecol\u00f3gica y territorios\u200b\u200b - Groupe SOS\" \/>\n<meta property=\"og:description\" content=\"L&#039;association Groupe SOS Transition \u00e9cologique et territoires a pour ambition de construire des solutions pour d\u00e9velopper et am\u00e9liorer la vie locale, et de s&#039;investir dans la transition \u00e9cologique pour trouver de nouvelles solutions afin de construire un monde durable.\" \/>\n<meta property=\"og:url\" content=\"https:\/\/www.groupe-sos.org\/es\/groupe-sos-transition-ecologique-et-territoires\/\" \/>\n<meta property=\"og:site_name\" content=\"Groupe SOS\" \/>\n<meta property=\"article:publisher\" content=\"https:\/\/www.facebook.com\/GroupeSOS\/\" \/>\n<meta property=\"article:modified_time\" content=\"2023-12-08T13:02:53+00:00\" \/>\n<meta name=\"twitter:card\" content=\"summary_large_image\" \/>\n<meta name=\"twitter:site\" content=\"@groupesos\" \/>\n<script type=\"application\/ld+json\" class=\"yoast-schema-graph\">{\"@context\":\"https:\\\/\\\/schema.org\",\"@graph\":[{\"@type\":\"WebPage\",\"@id\":\"https:\\\/\\\/www.groupe-sos.org\\\/es\\\/groupe-sos-transition-ecologique-et-territoires\\\/\",\"url\":\"https:\\\/\\\/www.groupe-sos.org\\\/es\\\/groupe-sos-transition-ecologique-et-territoires\\\/\",\"name\":\"Transici\u00f3n ecol\u00f3gica y territorios\u200b\u200b - Groupe SOS\",\"isPartOf\":{\"@id\":\"https:\\\/\\\/www.groupe-sos.org\\\/es\\\/#website\"},\"datePublished\":\"2023-03-01T13:47:46+00:00\",\"dateModified\":\"2023-12-08T13:02:53+00:00\",\"description\":\"L'association Groupe SOS Transition \u00e9cologique et territoires a pour ambition de construire des solutions pour d\u00e9velopper et am\u00e9liorer la vie locale, et de s'investir dans la transition \u00e9cologique pour trouver de nouvelles solutions afin de construire un monde durable.\",\"breadcrumb\":{\"@id\":\"https:\\\/\\\/www.groupe-sos.org\\\/es\\\/groupe-sos-transition-ecologique-et-territoires\\\/#breadcrumb\"},\"inLanguage\":\"es\",\"potentialAction\":[{\"@type\":\"ReadAction\",\"target\":[\"https:\\\/\\\/www.groupe-sos.org\\\/es\\\/groupe-sos-transition-ecologique-et-territoires\\\/\"]}]},{\"@type\":\"BreadcrumbList\",\"@id\":\"https:\\\/\\\/www.groupe-sos.org\\\/es\\\/groupe-sos-transition-ecologique-et-territoires\\\/#breadcrumb\",\"itemListElement\":[{\"@type\":\"ListItem\",\"position\":1,\"name\":\"Home\",\"item\":\"https:\\\/\\\/www.groupe-sos.org\\\/es\\\/\"},{\"@type\":\"ListItem\",\"position\":2,\"name\":\"Transici\u00f3n ecol\u00f3gica y territorios\u200b\u200b\"}]},{\"@type\":\"WebSite\",\"@id\":\"https:\\\/\\\/www.groupe-sos.org\\\/es\\\/#website\",\"url\":\"https:\\\/\\\/www.groupe-sos.org\\\/es\\\/\",\"name\":\"Groupe SOS Entreprendre au profit de tous\",\"description\":\"Entreprendre au profit de tous\",\"publisher\":{\"@id\":\"https:\\\/\\\/www.groupe-sos.org\\\/es\\\/#organization\"},\"alternateName\":\"Groupe SOS\",\"potentialAction\":[{\"@type\":\"SearchAction\",\"target\":{\"@type\":\"EntryPoint\",\"urlTemplate\":\"https:\\\/\\\/www.groupe-sos.org\\\/es\\\/?s={search_term_string}\"},\"query-input\":{\"@type\":\"PropertyValueSpecification\",\"valueRequired\":true,\"valueName\":\"search_term_string\"}}],\"inLanguage\":\"es\"},{\"@type\":\"Organization\",\"@id\":\"https:\\\/\\\/www.groupe-sos.org\\\/es\\\/#organization\",\"name\":\"Groupe SOS\",\"alternateName\":\"Entreprendre au profit de tous\",\"url\":\"https:\\\/\\\/www.groupe-sos.org\\\/es\\\/\",\"logo\":{\"@type\":\"ImageObject\",\"inLanguage\":\"es\",\"@id\":\"https:\\\/\\\/www.groupe-sos.org\\\/es\\\/#\\\/schema\\\/logo\\\/image\\\/\",\"url\":\"https:\\\/\\\/www.groupe-sos.org\\\/wp-content\\\/uploads\\\/2022\\\/06\\\/groupe-sos-logo-1.png\",\"contentUrl\":\"https:\\\/\\\/www.groupe-sos.org\\\/wp-content\\\/uploads\\\/2022\\\/06\\\/groupe-sos-logo-1.png\",\"width\":300,\"height\":60,\"caption\":\"Groupe SOS\"},\"image\":{\"@id\":\"https:\\\/\\\/www.groupe-sos.org\\\/es\\\/#\\\/schema\\\/logo\\\/image\\\/\"},\"sameAs\":[\"https:\\\/\\\/www.facebook.com\\\/GroupeSOS\\\/\",\"https:\\\/\\\/x.com\\\/groupesos\",\"https:\\\/\\\/www.instagram.com\\\/groupe_sos\\\/\",\"https:\\\/\\\/www.linkedin.com\\\/company\\\/groupe-sos\\\/?originalSubdomain=fr\"]}]}<\/script>\n<!-- \/ Yoast SEO plugin. -->","yoast_head_json":{"title":"Transici\u00f3n ecol\u00f3gica y territorios\u200b\u200b - Groupe SOS","description":"L'association Groupe SOS Transition \u00e9cologique et territoires a pour ambition de construire des solutions pour d\u00e9velopper et am\u00e9liorer la vie locale, et de s'investir dans la transition \u00e9cologique pour trouver de nouvelles solutions afin de construire un monde durable.","robots":{"index":"index","follow":"follow","max-snippet":"max-snippet:-1","max-image-preview":"max-image-preview:large","max-video-preview":"max-video-preview:-1"},"canonical":"https:\/\/www.groupe-sos.org\/es\/groupe-sos-transition-ecologique-et-territoires\/","og_locale":"es_ES","og_type":"article","og_title":"Transici\u00f3n ecol\u00f3gica y territorios\u200b\u200b - Groupe SOS","og_description":"L'association Groupe SOS Transition \u00e9cologique et territoires a pour ambition de construire des solutions pour d\u00e9velopper et am\u00e9liorer la vie locale, et de s'investir dans la transition \u00e9cologique pour trouver de nouvelles solutions afin de construire un monde durable.","og_url":"https:\/\/www.groupe-sos.org\/es\/groupe-sos-transition-ecologique-et-territoires\/","og_site_name":"Groupe SOS","article_publisher":"https:\/\/www.facebook.com\/GroupeSOS\/","article_modified_time":"2023-12-08T13:02:53+00:00","twitter_card":"summary_large_image","twitter_site":"@groupesos","schema":{"@context":"https:\/\/schema.org","@graph":[{"@type":"WebPage","@id":"https:\/\/www.groupe-sos.org\/es\/groupe-sos-transition-ecologique-et-territoires\/","url":"https:\/\/www.groupe-sos.org\/es\/groupe-sos-transition-ecologique-et-territoires\/","name":"Transici\u00f3n ecol\u00f3gica y territorios\u200b\u200b - Groupe SOS","isPartOf":{"@id":"https:\/\/www.groupe-sos.org\/es\/#website"},"datePublished":"2023-03-01T13:47:46+00:00","dateModified":"2023-12-08T13:02:53+00:00","description":"L'association Groupe SOS Transition \u00e9cologique et territoires a pour ambition de construire des solutions pour d\u00e9velopper et am\u00e9liorer la vie locale, et de s'investir dans la transition \u00e9cologique pour trouver de nouvelles solutions afin de construire un monde durable.","breadcrumb":{"@id":"https:\/\/www.groupe-sos.org\/es\/groupe-sos-transition-ecologique-et-territoires\/#breadcrumb"},"inLanguage":"es","potentialAction":[{"@type":"ReadAction","target":["https:\/\/www.groupe-sos.org\/es\/groupe-sos-transition-ecologique-et-territoires\/"]}]},{"@type":"BreadcrumbList","@id":"https:\/\/www.groupe-sos.org\/es\/groupe-sos-transition-ecologique-et-territoires\/#breadcrumb","itemListElement":[{"@type":"ListItem","position":1,"name":"Home","item":"https:\/\/www.groupe-sos.org\/es\/"},{"@type":"ListItem","position":2,"name":"Transici\u00f3n ecol\u00f3gica y territorios\u200b\u200b"}]},{"@type":"WebSite","@id":"https:\/\/www.groupe-sos.org\/es\/#website","url":"https:\/\/www.groupe-sos.org\/es\/","name":"Groupe SOS Entreprendre au profit de tous","description":"Entreprendre au profit de tous","publisher":{"@id":"https:\/\/www.groupe-sos.org\/es\/#organization"},"alternateName":"Groupe SOS","potentialAction":[{"@type":"SearchAction","target":{"@type":"EntryPoint","urlTemplate":"https:\/\/www.groupe-sos.org\/es\/?s={search_term_string}"},"query-input":{"@type":"PropertyValueSpecification","valueRequired":true,"valueName":"search_term_string"}}],"inLanguage":"es"},{"@type":"Organization","@id":"https:\/\/www.groupe-sos.org\/es\/#organization","name":"Groupe SOS","alternateName":"Entreprendre au profit de tous","url":"https:\/\/www.groupe-sos.org\/es\/","logo":{"@type":"ImageObject","inLanguage":"es","@id":"https:\/\/www.groupe-sos.org\/es\/#\/schema\/logo\/image\/","url":"https:\/\/www.groupe-sos.org\/wp-content\/uploads\/2022\/06\/groupe-sos-logo-1.png","contentUrl":"https:\/\/www.groupe-sos.org\/wp-content\/uploads\/2022\/06\/groupe-sos-logo-1.png","width":300,"height":60,"caption":"Groupe SOS"},"image":{"@id":"https:\/\/www.groupe-sos.org\/es\/#\/schema\/logo\/image\/"},"sameAs":["https:\/\/www.facebook.com\/GroupeSOS\/","https:\/\/x.com\/groupesos","https:\/\/www.instagram.com\/groupe_sos\/","https:\/\/www.linkedin.com\/company\/groupe-sos\/?originalSubdomain=fr"]}]}},"_links":{"self":[{"href":"https:\/\/www.groupe-sos.org\/es\/wp-json\/wp\/v2\/pages\/186609","targetHints":{"allow":["GET"]}}],"collection":[{"href":"https:\/\/www.groupe-sos.org\/es\/wp-json\/wp\/v2\/pages"}],"about":[{"href":"https:\/\/www.groupe-sos.org\/es\/wp-json\/wp\/v2\/types\/page"}],"author":[{"embeddable":true,"href":"https:\/\/www.groupe-sos.org\/es\/wp-json\/wp\/v2\/users\/1"}],"replies":[{"embeddable":true,"href":"https:\/\/www.groupe-sos.org\/es\/wp-json\/wp\/v2\/comments?post=186609"}],"version-history":[{"count":2,"href":"https:\/\/www.groupe-sos.org\/es\/wp-json\/wp\/v2\/pages\/186609\/revisions"}],"predecessor-version":[{"id":186630,"href":"https:\/\/www.groupe-sos.org\/es\/wp-json\/wp\/v2\/pages\/186609\/revisions\/186630"}],"wp:attachment":[{"href":"https:\/\/www.groupe-sos.org\/es\/wp-json\/wp\/v2\/media?parent=186609"}],"wp:term":[{"taxonomy":"secteur","embeddable":true,"href":"https:\/\/www.groupe-sos.org\/es\/wp-json\/wp\/v2\/secteur?post=186609"}],"curies":[{"name":"wp","href":"https:\/\/api.w.org\/{rel}","templated":true}]}}