{"id":186670,"date":"2022-08-30T11:35:11","date_gmt":"2022-08-30T09:35:11","guid":{"rendered":"https:\/\/www.groupe-sos.org\/personnes-necessitant-des-soins\/"},"modified":"2023-12-08T17:37:48","modified_gmt":"2023-12-08T16:37:48","slug":"personnes-necessitant-des-soins","status":"publish","type":"page","link":"https:\/\/www.groupe-sos.org\/es\/les-personnes-vulnerables\/personnes-necessitant-des-soins\/","title":{"rendered":"Personas que requieren atenci\u00f3n m\u00e9dica\u00a0"},"content":{"rendered":"<div id=\"field_pow04ead32eff414a69\" class=\"container-fluid px-0 flexible_section heropages heropages block_hero\">\n  <div id=\"hero_pow04ead32eff414a69\" class=\"hero_container px-0\">\n   <div class=\"hero_image_outer\">\n    <img decoding=\"async\" src=\"https:\/\/www.groupe-sos.org\/wp-content\/uploads\/2022\/12\/PV_1_Personnes_necissitant_des_des_soins-1-scaled.jpg\" alt=\"\" class=\"heroimage \" \/>\n   <\/div>\n  <\/div>\n<\/div>\n\n\n<div id=\"field_pow85e8e00ee0f449fc\" class=\"container-fluid px-0 flexible_section block_columns\">\n <div id=\"field_pow85e8e00ee0f449fc_inner\" class=\"container flexible_section_inner\">\n\n   <div class=\"row flexible_section_content\">\n\n   <div class=\"p-5 col-sm-12 colonne colonne1\">\n    <div class=\"colonne_inner  text-left\">\n<h3><span>Emprender en beneficio de los m\u00e1s vulnerables<\/span><span>\u00a0<\/span><\/h3>\n<h1><b><span>Personas que requieren atenci\u00f3n m\u00e9dica<\/span><\/b><span>\u00a0<\/span><\/h1>\n    <\/div>\n   <\/div>\n  <\/div>\n\n <\/div>\n<\/div>\n\n\n<div id=\"field_powd3e6a89f332c4d29\" class=\"container-fluid px-0 flexible_section block_breadcrumb\">\n <div id=\"field_powd3e6a89f332c4d29_inner\" class=\"container flexible_section_inner\">\n\n  <div class=\"row flexible_section_content\">\n\n   <div class=\"breadcrumb_outer\" id=\"breadcrumb_powd3e6a89f332c4d29\">\n\n   <nav aria-label=\"breadcrumb\" id=\"breadcrumb_powd3e6a89f332c4d29_nav\">\n    <ol class=\"breadcrumb\">\n<li class=\"breadcrumb-item\"><a href=\"https:\/\/www.groupe-sos.org\/es\/les-personnes-vulnerables\/\" class=\"Paralaspersonasvulnerables \">Para las personas vulnerables<\/a><\/li>\n<li class=\"breadcrumb-item active\" aria-current=\"page\">Personas que requieren atenci\u00f3n m\u00e9dica\u00a0<\/li>\n      <\/ol>\n   <\/nav>\n\n   <\/div>\n\n  <\/div>\n\n <\/div>\n<\/div>\n\n\n<div id=\"field_powd26e534be3e44665\" class=\"container-fluid px-0 flexible_section block_columns\">\n <div id=\"field_powd26e534be3e44665_inner\" class=\"container flexible_section_inner\">\n\n   <div class=\"row flexible_section_content\">\n\n   <div class=\"mb-3 mb-sm-0 col-sm-6 colonne colonne1\">\n    <div class=\"colonne_inner  text-left\">\n<p><span>Las desigualdades en el acceso a la atenci\u00f3n m\u00e9dica todav\u00eda son demasiado comunes hoy en d\u00eda. Desiertos m\u00e9dicos, desigualdades en el acceso a la atenci\u00f3n m\u00e9dica para personas en situaci\u00f3n de precariedad o minor\u00edas&#8230; Los cambios necesarios en el campo de la salud son numerosos.<\/span><span>\u00a0<\/span><\/p>\n    <\/div>\n   <\/div>\n   <div class=\"col-sm-6 colonne colonne2\">\n    <div class=\"colonne_inner  text-left\">\n<p><b><span>Para responder a estos retos actuales, el Groupe SOS implementa varios sistemas de atenci\u00f3n, adaptados a las diferentes trayectorias de las personas que requieren atenci\u00f3n m\u00e9dica.<\/span><\/b><span>\u00a0<\/span><\/p>\n    <\/div>\n   <\/div>\n  <\/div>\n\n <\/div>\n<\/div>\n\n\n<div id=\"field_630e2ddac6805\" class=\"container-fluid px-0 flexible_section block_childrenpages\">\n <div id=\"field_630e2ddac6805_inner\" class=\"container flexible_section_inner polegrid\">\n\n  <div class=\"row flexible_section_title_container\"><div class=\"col-12 flexible_section_title_col\"><h2 class=\"flexible_section_title mb-5 text-left  \">Nos actions<\/h2><\/div><\/div>\n<div class=\"container_full px-0\" id=\"grid_630e2ddac6805_outer\">\n<div class=\"container px-0\">\n  <div class=\"row row-cols-1 row-cols-md-2 row-cols-lg-2 flexible_section_content\" id=\"grid_630e2ddac6805\">\n   <div class=\"col-sm-12 col-md-6 col-lg-6  item mb-3 elem-1\">\n<div class=\"pole_subchild bordertopjaune\">\r\n<div class=\"pole_subchild_vignette\"><a href=\"https:\/\/www.groupe-sos.org\/es\/les-personnes-vulnerables\/personnes-necessitant-des-soins\/nos-hopitaux\/\"><img decoding=\"async\" src=\"https:\/\/www.groupe-sos.org\/wp-content\/uploads\/2022\/12\/PV_2_Nos_hopitaux-aspect-ratio-4-3.jpg\" alt=\"Nuestros hospitales\" \/><\/a><\/div>\r\n<h3 class=\"my-3\">Nuestros hospitales<\/h3>\r\n<div class=\"pole_subchild_description\"><p>Con sus hospitales, el Groupe SOS complementa la oferta p\u00fablica y contribuye al mantenimiento de servicios m\u00e9dicos esenciales para la poblaci\u00f3n en \u00e1reas a veces amenazadas por el fen\u00f3meno de la \u00abdesertificaci\u00f3n m\u00e9dica\u00bb en varias regiones de Francia. Tambi\u00e9n abogamos por la revalorizaci\u00f3n de las profesiones m\u00e9dico-sociales.<\/p>\n<\/div>\r\n<p class=\"pole_child_more\"><a href=\"https:\/\/www.groupe-sos.org\/es\/les-personnes-vulnerables\/personnes-necessitant-des-soins\/nos-hopitaux\/\" class=\"lightbluebutton\">En savoir plus<\/a><\/p>\r\n<\/div>   <\/div>\n   <div class=\"col-sm-12 col-md-6 col-lg-6  item mb-3 elem-2\">\n<div class=\"pole_subchild bordertoprouge\">\r\n<div class=\"pole_subchild_vignette\"><a href=\"https:\/\/www.groupe-sos.org\/es\/les-personnes-vulnerables\/personnes-necessitant-des-soins\/soins-a-domicile\/\"><img decoding=\"async\" src=\"https:\/\/www.groupe-sos.org\/wp-content\/uploads\/2022\/12\/PV_2_Soins_a_domicile-3-aspect-ratio-4-3.jpg\" alt=\"Atenci\u00f3n domiciliaria\" \/><\/a><\/div>\r\n<h3 class=\"my-3\">Atenci\u00f3n domiciliaria<\/h3>\r\n<div class=\"pole_subchild_description\"><p>El Groupe SOS posee amplia experiencia en asistencia m\u00e9dico-social a domicilio. Mediante nuestros Servicios de Atenci\u00f3n de Enfermer\u00eda a Domicilio (SAED), proporcionamos cuidados de enfermer\u00eda, que abarcan tanto procedimientos t\u00e9cnicos (como inyecciones y curas) como atenciones b\u00e1sicas y de relaci\u00f3n (como asistencia en higiene personal o en movilidad).<\/p>\n<\/div>\r\n<p class=\"pole_child_more\"><a href=\"https:\/\/www.groupe-sos.org\/es\/les-personnes-vulnerables\/personnes-necessitant-des-soins\/soins-a-domicile\/\" class=\"lightbluebutton\">En savoir plus<\/a><\/p>\r\n<\/div>   <\/div>\n   <div class=\"col-sm-12 col-md-6 col-lg-6  item mb-3 elem-3\">\n<div class=\"pole_subchild bordertopvert\">\r\n<div class=\"pole_subchild_vignette\"><a href=\"https:\/\/www.groupe-sos.org\/es\/les-personnes-vulnerables\/personnes-necessitant-des-soins\/soins-avec-hebergement-temporaire\/\"><img decoding=\"async\" src=\"https:\/\/www.groupe-sos.org\/wp-content\/uploads\/2022\/12\/PV_2_Soins_avec_hebergement_temporaire-1-aspect-ratio-4-3.jpg\" alt=\"Cuidados con alojamiento temporal\" \/><\/a><\/div>\r\n<h3 class=\"my-3\">Cuidados con alojamiento temporal<\/h3>\r\n<div class=\"pole_subchild_description\"><p>Recibir atenci\u00f3n m\u00e9dica en buenas condiciones es un derecho fundamental. Para ciertos grupos, en situaci\u00f3n de fragilidad, el acceso a la atenci\u00f3n puede ser dif\u00edcil y puede resultar en retrasos en el diagn\u00f3stico, tratamiento o interrupciones en el tratamiento&#8230;\u00a0Ofrecemos a las personas en situaciones de aislamiento y precariedad soluciones de alojamiento para prevenir el empeoramiento de su salud y hacer posible la coordinaci\u00f3n de cuidados.<\/p>\n<\/div>\r\n<p class=\"pole_child_more\"><a href=\"https:\/\/www.groupe-sos.org\/es\/les-personnes-vulnerables\/personnes-necessitant-des-soins\/soins-avec-hebergement-temporaire\/\" class=\"lightbluebutton\">En savoir plus<\/a><\/p>\r\n<\/div>   <\/div>\n   <div class=\"col-sm-12 col-md-6 col-lg-6  item mb-3 elem-4\">\n<div class=\"pole_subchild bordertopbleu\">\r\n<div class=\"pole_subchild_vignette\"><a href=\"https:\/\/www.groupe-sos.org\/es\/les-personnes-vulnerables\/personnes-necessitant-des-soins\/sante-des-minorites-et-lutte-contre-les-discriminations\/\"><img decoding=\"async\" src=\"https:\/\/www.groupe-sos.org\/wp-content\/uploads\/2022\/12\/PV_2_Sante_communautaire_et_lutte_contre_les_discriminations-aspect-ratio-4-3.jpg\" alt=\"Salud de las minor\u00edas y lucha contra las discriminaciones\" \/><\/a><\/div>\r\n<h3 class=\"my-3\">Salud de las minor\u00edas y lucha contra las discriminaciones<\/h3>\r\n<div class=\"pole_subchild_description\"><p>El Groupe SOS ha sido un actor clave en la lucha contra el VIH\/SIDA y en la salud de los LGBT+. Desarrolla programas y acciones destinados a los grupos de poblaci\u00f3n m\u00e1s expuestos a riesgos espec\u00edficos de salud. Para ello, moviliza el conocimiento y la experiencia de las comunidades para responder a sus necesidades y desaf\u00edos espec\u00edficos de salud.<\/p>\n<\/div>\r\n<p class=\"pole_child_more\"><a href=\"https:\/\/www.groupe-sos.org\/es\/les-personnes-vulnerables\/personnes-necessitant-des-soins\/sante-des-minorites-et-lutte-contre-les-discriminations\/\" class=\"lightbluebutton\">En savoir plus<\/a><\/p>\r\n<\/div>   <\/div>\n  <\/div>\n<\/div>\n<\/div>\n <\/div>\n<\/div>\n\n\n<div id=\"field_pow39288e8b0b9047a4\" class=\"container-fluid px-0 flexible_section block_columns\">\n <div id=\"field_pow39288e8b0b9047a4_inner\" class=\"container flexible_section_inner\">\n\n  <div class=\"row flexible_section_title_container\"><div class=\"col-12 flexible_section_title_col\"><h2 class=\"flexible_section_title mb-5 text-left  \">En pa\u00edses en desarrollo <\/h2><\/div><\/div>\n   <div class=\"row flexible_section_content\">\n\n   <div class=\"mb-3 mb-sm-0 col-sm-6 colonne colonne1\">\n    <div class=\"colonne_inner  text-left\">\n<p><span>La salud es un desaf\u00edo universal: m\u00e1s all\u00e1 del ingreso promedio por habitante, el progreso de nuestras sociedades se mide a menudo por la esperanza de vida. Hay muchas desigualdades territoriales y sociales en el acceso a la atenci\u00f3n m\u00e9dica en todo el mundo, con especificidades en cada territorio.<\/span><span>\u00a0<\/span><\/p>\n    <\/div>\n   <\/div>\n   <div class=\"col-sm-6 colonne colonne2\">\n    <div class=\"colonne_inner  text-left\">\n<p><span>Por eso, el Groupe SOS act\u00faa cada d\u00eda en varios pa\u00edses para promover el acceso a la atenci\u00f3n m\u00e9dica y reducir las desigualdades territoriales en cuanto a la salud.<\/span><span>\u00a0<\/span><\/p>\n<p><span>\u00a0<\/span><\/p>\n    <\/div>\n   <\/div>\n  <\/div>\n\n <\/div>\n<\/div>\n\n\n<div id=\"field_pow2ae60ebebf99413d\" class=\"container-fluid px-0 flexible_section block_adaptativetextandimage\">\n <div id=\"field_pow2ae60ebebf99413d_inner\" class=\"container flexible_section_inner\">\n\n   <div class=\"row no-gutters flexible_section_content adaptativeimage  bordertoprouge bordertoprouge\" id=\"textimagebanner_pow2ae60ebebf99413d\">\n\n   <div class=\"col-12 col-sm-7 order-2 order-sm-2 colonne colonne1 colonne1_pow2ae60ebebf99413d\">\n    <div class=\"colonne_inner text-left justify-content-start\">\n<h3>Sant\u00e9 Sud<\/h3>\n<p><span>La misi\u00f3n de Sant\u00e9 es mejorar la salud en el mundo. A nivel de un pa\u00eds o continente, la formaci\u00f3n m\u00e9dica, la forma de abordar el acceso a la atenci\u00f3n m\u00e9dica o las crisis sanitarias adoptan diferentes formas y se alimentan de especificidades culturales y territoriales. Sant\u00e9 Sud act\u00faa en varios temas: infancia-discapacidad, salud comunitaria, medicalizaci\u00f3n de zonas rurales, salud sexual reproductiva y enfermedades prioritarias.<\/span><span>\u00a0<\/span><\/p>\n<p><a class=\"lightbluebutton\" href=\"https:\/\/www.santesud.org\/\" target=\"_blank\" rel=\"noopener\"><span>M\u00e1s informaci\u00f3n<\/span><\/a><\/p>\n    <\/div>\n   <\/div>\n   <div class=\"col-12 col-sm-5 order-1 order-sm-1 colonne colonne2 colonne2_pow2ae60ebebf99413d\">\n   <\/div>\n  <\/div>\n\n <\/div>\n<\/div>\n\n\n<div id=\"field_pow4f17c61010f54659\" class=\"container-fluid px-0 flexible_section block_adaptativetextandimage\">\n <div id=\"field_pow4f17c61010f54659_inner\" class=\"container flexible_section_inner\">\n\n   <div class=\"row no-gutters flexible_section_content adaptativeimage  bordertopbleu bordertopbleu\" id=\"textimagebanner_pow4f17c61010f54659\">\n\n   <div class=\"col-12 col-sm-7 order-2 order-sm-1 colonne colonne1 colonne1_pow4f17c61010f54659\">\n    <div class=\"colonne_inner text-left justify-content-start\">\n<h3>Afghanistan Libre<\/h3>\n<p><span>Fundada en 1996 en respuesta al deterioro de los derechos de las mujeres bajo el r\u00e9gimen talib\u00e1n, el objetivo principal de Afganistan Libre es facilitar el acceso a la educaci\u00f3n, la salud y la formaci\u00f3n profesional para el mayor n\u00famero posible de ni\u00f1as y mujeres en Afganist\u00e1n con el fin de permitirles alcanzar su independencia.<\/span><span>\u00a0<\/span><\/p>\n<p><a class=\"lightbluebutton\" href=\"https:\/\/www.afghanistan-libre.org\/\" target=\"_blank\" rel=\"noopener\"><span>M\u00e1s informaci\u00f3n<\/span><\/a><\/p>\n    <\/div>\n   <\/div>\n   <div class=\"col-12 col-sm-5 order-1 order-sm-2 colonne colonne2 colonne2_pow4f17c61010f54659\">\n   <\/div>\n  <\/div>\n\n <\/div>\n<\/div>\n\n\n<div id=\"field_pow6733eb4e2bef4df1\" class=\"container-fluid px-0 flexible_section block_innertemplate\">\n <div id=\"field_pow6733eb4e2bef4df1_inner\" class=\"container flexible_section_inner\">\n\n   <div class=\"row flexible_section_content\">\n\n  <\/div>\n\n <\/div>\n<\/div>\n","protected":false},"excerpt":{"rendered":"<p>L\u2019acc\u00e8s \u00e0 la sant\u00e9 est un droit fondamental. C\u2019est pourquoi le Groupe SOS agit pour que toutes et tous aient acc\u00e8s \u00e0 la sant\u00e9 en France et \u00e0 l\u2019international. H\u00f4pitaux, soins \u00e0 domicile, soins avec h\u00e9bergement temporaire, sant\u00e9 communautaire et lutte contre les discriminations, acc\u00e8s aux soins \u00e0 l\u2019international\u202f: nous d\u00e9ployons une multitude de dispositifs pour r\u00e9pondre aux diff\u00e9rents besoins des personnes n\u00e9cessitant des soins. <\/p>\n","protected":false},"author":1,"featured_media":0,"parent":187265,"menu_order":208,"comment_status":"closed","ping_status":"closed","template":"page-templates\/page-poles.php","meta":{"_acf_changed":false,"footnotes":""},"secteur":[],"class_list":["post-186670","page","type-page","status-publish","hentry"],"acf":[],"yoast_head":"<!-- This site is optimized with the Yoast SEO plugin v26.5 - https:\/\/yoast.com\/wordpress\/plugins\/seo\/ -->\n<title>Personas que requieren atenci\u00f3n m\u00e9dica\u00a0 - Groupe SOS<\/title>\n<meta name=\"description\" content=\"L\u2019acc\u00e8s \u00e0 la sant\u00e9 est un droit fondamental. C\u2019est pourquoi le Groupe SOS agit pour que toutes et tous aient acc\u00e8s \u00e0 la sant\u00e9 en France et \u00e0 l\u2019international. H\u00f4pitaux, soins \u00e0 domicile, soins avec h\u00e9bergement temporaire, sant\u00e9 communautaire et lutte contre les discriminations, acc\u00e8s aux soins \u00e0 l\u2019international\u202f: nous d\u00e9ployons une multitude de dispositifs pour r\u00e9pondre aux diff\u00e9rents besoins des personnes n\u00e9cessitant des soins.\" \/>\n<meta name=\"robots\" content=\"index, follow, max-snippet:-1, max-image-preview:large, max-video-preview:-1\" \/>\n<link rel=\"canonical\" href=\"https:\/\/www.groupe-sos.org\/es\/les-personnes-vulnerables\/personnes-necessitant-des-soins\/\" \/>\n<meta property=\"og:locale\" content=\"es_ES\" \/>\n<meta property=\"og:type\" content=\"article\" \/>\n<meta property=\"og:title\" content=\"Personas que requieren atenci\u00f3n m\u00e9dica\u00a0 - Groupe SOS\" \/>\n<meta property=\"og:description\" content=\"L\u2019acc\u00e8s \u00e0 la sant\u00e9 est un droit fondamental. C\u2019est pourquoi le Groupe SOS agit pour que toutes et tous aient acc\u00e8s \u00e0 la sant\u00e9 en France et \u00e0 l\u2019international. H\u00f4pitaux, soins \u00e0 domicile, soins avec h\u00e9bergement temporaire, sant\u00e9 communautaire et lutte contre les discriminations, acc\u00e8s aux soins \u00e0 l\u2019international\u202f: nous d\u00e9ployons une multitude de dispositifs pour r\u00e9pondre aux diff\u00e9rents besoins des personnes n\u00e9cessitant des soins.\" \/>\n<meta property=\"og:url\" content=\"https:\/\/www.groupe-sos.org\/es\/les-personnes-vulnerables\/personnes-necessitant-des-soins\/\" \/>\n<meta property=\"og:site_name\" content=\"Groupe SOS\" \/>\n<meta property=\"article:publisher\" content=\"https:\/\/www.facebook.com\/GroupeSOS\/\" \/>\n<meta property=\"article:modified_time\" content=\"2023-12-08T16:37:48+00:00\" \/>\n<meta name=\"twitter:card\" content=\"summary_large_image\" \/>\n<meta name=\"twitter:site\" content=\"@groupesos\" \/>\n<script type=\"application\/ld+json\" class=\"yoast-schema-graph\">{\"@context\":\"https:\/\/schema.org\",\"@graph\":[{\"@type\":\"WebPage\",\"@id\":\"https:\/\/www.groupe-sos.org\/es\/les-personnes-vulnerables\/personnes-necessitant-des-soins\/\",\"url\":\"https:\/\/www.groupe-sos.org\/es\/les-personnes-vulnerables\/personnes-necessitant-des-soins\/\",\"name\":\"Personas que requieren atenci\u00f3n m\u00e9dica\u00a0 - Groupe SOS\",\"isPartOf\":{\"@id\":\"https:\/\/www.groupe-sos.org\/es\/#website\"},\"datePublished\":\"2022-08-30T09:35:11+00:00\",\"dateModified\":\"2023-12-08T16:37:48+00:00\",\"description\":\"L\u2019acc\u00e8s \u00e0 la sant\u00e9 est un droit fondamental. C\u2019est pourquoi le Groupe SOS agit pour que toutes et tous aient acc\u00e8s \u00e0 la sant\u00e9 en France et \u00e0 l\u2019international. H\u00f4pitaux, soins \u00e0 domicile, soins avec h\u00e9bergement temporaire, sant\u00e9 communautaire et lutte contre les discriminations, acc\u00e8s aux soins \u00e0 l\u2019international\u202f: nous d\u00e9ployons une multitude de dispositifs pour r\u00e9pondre aux diff\u00e9rents besoins des personnes n\u00e9cessitant des soins.\",\"breadcrumb\":{\"@id\":\"https:\/\/www.groupe-sos.org\/es\/les-personnes-vulnerables\/personnes-necessitant-des-soins\/#breadcrumb\"},\"inLanguage\":\"es\",\"potentialAction\":[{\"@type\":\"ReadAction\",\"target\":[\"https:\/\/www.groupe-sos.org\/es\/les-personnes-vulnerables\/personnes-necessitant-des-soins\/\"]}]},{\"@type\":\"BreadcrumbList\",\"@id\":\"https:\/\/www.groupe-sos.org\/es\/les-personnes-vulnerables\/personnes-necessitant-des-soins\/#breadcrumb\",\"itemListElement\":[{\"@type\":\"ListItem\",\"position\":1,\"name\":\"Home\",\"item\":\"https:\/\/www.groupe-sos.org\/es\/\"},{\"@type\":\"ListItem\",\"position\":2,\"name\":\"Personas que requieren atenci\u00f3n m\u00e9dica\u00a0\"}]},{\"@type\":\"WebSite\",\"@id\":\"https:\/\/www.groupe-sos.org\/es\/#website\",\"url\":\"https:\/\/www.groupe-sos.org\/es\/\",\"name\":\"Groupe SOS Entreprendre au profit de tous\",\"description\":\"Entreprendre au profit de tous\",\"publisher\":{\"@id\":\"https:\/\/www.groupe-sos.org\/es\/#organization\"},\"alternateName\":\"Groupe SOS\",\"potentialAction\":[{\"@type\":\"SearchAction\",\"target\":{\"@type\":\"EntryPoint\",\"urlTemplate\":\"https:\/\/www.groupe-sos.org\/es\/?s={search_term_string}\"},\"query-input\":{\"@type\":\"PropertyValueSpecification\",\"valueRequired\":true,\"valueName\":\"search_term_string\"}}],\"inLanguage\":\"es\"},{\"@type\":\"Organization\",\"@id\":\"https:\/\/www.groupe-sos.org\/es\/#organization\",\"name\":\"Groupe SOS\",\"alternateName\":\"Entreprendre au profit de tous\",\"url\":\"https:\/\/www.groupe-sos.org\/es\/\",\"logo\":{\"@type\":\"ImageObject\",\"inLanguage\":\"es\",\"@id\":\"https:\/\/www.groupe-sos.org\/es\/#\/schema\/logo\/image\/\",\"url\":\"https:\/\/www.groupe-sos.org\/wp-content\/uploads\/2022\/06\/groupe-sos-logo-1.png\",\"contentUrl\":\"https:\/\/www.groupe-sos.org\/wp-content\/uploads\/2022\/06\/groupe-sos-logo-1.png\",\"width\":300,\"height\":60,\"caption\":\"Groupe SOS\"},\"image\":{\"@id\":\"https:\/\/www.groupe-sos.org\/es\/#\/schema\/logo\/image\/\"},\"sameAs\":[\"https:\/\/www.facebook.com\/GroupeSOS\/\",\"https:\/\/x.com\/groupesos\",\"https:\/\/www.instagram.com\/groupe_sos\/\",\"https:\/\/www.linkedin.com\/company\/groupe-sos\/?originalSubdomain=fr\"]}]}<\/script>\n<!-- \/ Yoast SEO plugin. -->","yoast_head_json":{"title":"Personas que requieren atenci\u00f3n m\u00e9dica\u00a0 - Groupe SOS","description":"L\u2019acc\u00e8s \u00e0 la sant\u00e9 est un droit fondamental. C\u2019est pourquoi le Groupe SOS agit pour que toutes et tous aient acc\u00e8s \u00e0 la sant\u00e9 en France et \u00e0 l\u2019international. H\u00f4pitaux, soins \u00e0 domicile, soins avec h\u00e9bergement temporaire, sant\u00e9 communautaire et lutte contre les discriminations, acc\u00e8s aux soins \u00e0 l\u2019international\u202f: nous d\u00e9ployons une multitude de dispositifs pour r\u00e9pondre aux diff\u00e9rents besoins des personnes n\u00e9cessitant des soins.","robots":{"index":"index","follow":"follow","max-snippet":"max-snippet:-1","max-image-preview":"max-image-preview:large","max-video-preview":"max-video-preview:-1"},"canonical":"https:\/\/www.groupe-sos.org\/es\/les-personnes-vulnerables\/personnes-necessitant-des-soins\/","og_locale":"es_ES","og_type":"article","og_title":"Personas que requieren atenci\u00f3n m\u00e9dica\u00a0 - Groupe SOS","og_description":"L\u2019acc\u00e8s \u00e0 la sant\u00e9 est un droit fondamental. C\u2019est pourquoi le Groupe SOS agit pour que toutes et tous aient acc\u00e8s \u00e0 la sant\u00e9 en France et \u00e0 l\u2019international. H\u00f4pitaux, soins \u00e0 domicile, soins avec h\u00e9bergement temporaire, sant\u00e9 communautaire et lutte contre les discriminations, acc\u00e8s aux soins \u00e0 l\u2019international\u202f: nous d\u00e9ployons une multitude de dispositifs pour r\u00e9pondre aux diff\u00e9rents besoins des personnes n\u00e9cessitant des soins.","og_url":"https:\/\/www.groupe-sos.org\/es\/les-personnes-vulnerables\/personnes-necessitant-des-soins\/","og_site_name":"Groupe SOS","article_publisher":"https:\/\/www.facebook.com\/GroupeSOS\/","article_modified_time":"2023-12-08T16:37:48+00:00","twitter_card":"summary_large_image","twitter_site":"@groupesos","schema":{"@context":"https:\/\/schema.org","@graph":[{"@type":"WebPage","@id":"https:\/\/www.groupe-sos.org\/es\/les-personnes-vulnerables\/personnes-necessitant-des-soins\/","url":"https:\/\/www.groupe-sos.org\/es\/les-personnes-vulnerables\/personnes-necessitant-des-soins\/","name":"Personas que requieren atenci\u00f3n m\u00e9dica\u00a0 - Groupe SOS","isPartOf":{"@id":"https:\/\/www.groupe-sos.org\/es\/#website"},"datePublished":"2022-08-30T09:35:11+00:00","dateModified":"2023-12-08T16:37:48+00:00","description":"L\u2019acc\u00e8s \u00e0 la sant\u00e9 est un droit fondamental. C\u2019est pourquoi le Groupe SOS agit pour que toutes et tous aient acc\u00e8s \u00e0 la sant\u00e9 en France et \u00e0 l\u2019international. H\u00f4pitaux, soins \u00e0 domicile, soins avec h\u00e9bergement temporaire, sant\u00e9 communautaire et lutte contre les discriminations, acc\u00e8s aux soins \u00e0 l\u2019international\u202f: nous d\u00e9ployons une multitude de dispositifs pour r\u00e9pondre aux diff\u00e9rents besoins des personnes n\u00e9cessitant des soins.","breadcrumb":{"@id":"https:\/\/www.groupe-sos.org\/es\/les-personnes-vulnerables\/personnes-necessitant-des-soins\/#breadcrumb"},"inLanguage":"es","potentialAction":[{"@type":"ReadAction","target":["https:\/\/www.groupe-sos.org\/es\/les-personnes-vulnerables\/personnes-necessitant-des-soins\/"]}]},{"@type":"BreadcrumbList","@id":"https:\/\/www.groupe-sos.org\/es\/les-personnes-vulnerables\/personnes-necessitant-des-soins\/#breadcrumb","itemListElement":[{"@type":"ListItem","position":1,"name":"Home","item":"https:\/\/www.groupe-sos.org\/es\/"},{"@type":"ListItem","position":2,"name":"Personas que requieren atenci\u00f3n m\u00e9dica\u00a0"}]},{"@type":"WebSite","@id":"https:\/\/www.groupe-sos.org\/es\/#website","url":"https:\/\/www.groupe-sos.org\/es\/","name":"Groupe SOS Entreprendre au profit de tous","description":"Entreprendre au profit de tous","publisher":{"@id":"https:\/\/www.groupe-sos.org\/es\/#organization"},"alternateName":"Groupe SOS","potentialAction":[{"@type":"SearchAction","target":{"@type":"EntryPoint","urlTemplate":"https:\/\/www.groupe-sos.org\/es\/?s={search_term_string}"},"query-input":{"@type":"PropertyValueSpecification","valueRequired":true,"valueName":"search_term_string"}}],"inLanguage":"es"},{"@type":"Organization","@id":"https:\/\/www.groupe-sos.org\/es\/#organization","name":"Groupe SOS","alternateName":"Entreprendre au profit de tous","url":"https:\/\/www.groupe-sos.org\/es\/","logo":{"@type":"ImageObject","inLanguage":"es","@id":"https:\/\/www.groupe-sos.org\/es\/#\/schema\/logo\/image\/","url":"https:\/\/www.groupe-sos.org\/wp-content\/uploads\/2022\/06\/groupe-sos-logo-1.png","contentUrl":"https:\/\/www.groupe-sos.org\/wp-content\/uploads\/2022\/06\/groupe-sos-logo-1.png","width":300,"height":60,"caption":"Groupe SOS"},"image":{"@id":"https:\/\/www.groupe-sos.org\/es\/#\/schema\/logo\/image\/"},"sameAs":["https:\/\/www.facebook.com\/GroupeSOS\/","https:\/\/x.com\/groupesos","https:\/\/www.instagram.com\/groupe_sos\/","https:\/\/www.linkedin.com\/company\/groupe-sos\/?originalSubdomain=fr"]}]}},"_links":{"self":[{"href":"https:\/\/www.groupe-sos.org\/es\/wp-json\/wp\/v2\/pages\/186670","targetHints":{"allow":["GET"]}}],"collection":[{"href":"https:\/\/www.groupe-sos.org\/es\/wp-json\/wp\/v2\/pages"}],"about":[{"href":"https:\/\/www.groupe-sos.org\/es\/wp-json\/wp\/v2\/types\/page"}],"author":[{"embeddable":true,"href":"https:\/\/www.groupe-sos.org\/es\/wp-json\/wp\/v2\/users\/1"}],"replies":[{"embeddable":true,"href":"https:\/\/www.groupe-sos.org\/es\/wp-json\/wp\/v2\/comments?post=186670"}],"version-history":[{"count":4,"href":"https:\/\/www.groupe-sos.org\/es\/wp-json\/wp\/v2\/pages\/186670\/revisions"}],"predecessor-version":[{"id":212130,"href":"https:\/\/www.groupe-sos.org\/es\/wp-json\/wp\/v2\/pages\/186670\/revisions\/212130"}],"up":[{"embeddable":true,"href":"https:\/\/www.groupe-sos.org\/es\/wp-json\/wp\/v2\/pages\/187265"}],"wp:attachment":[{"href":"https:\/\/www.groupe-sos.org\/es\/wp-json\/wp\/v2\/media?parent=186670"}],"wp:term":[{"taxonomy":"secteur","embeddable":true,"href":"https:\/\/www.groupe-sos.org\/es\/wp-json\/wp\/v2\/secteur?post=186670"}],"curies":[{"name":"wp","href":"https:\/\/api.w.org\/{rel}","templated":true}]}}