{"id":186962,"date":"2022-08-30T11:39:03","date_gmt":"2022-08-30T09:39:03","guid":{"rendered":"https:\/\/www.groupe-sos.org\/personnes-souffrant-daddictions\/"},"modified":"2024-07-15T14:19:46","modified_gmt":"2024-07-15T12:19:46","slug":"personnes-souffrant-daddictions","status":"publish","type":"page","link":"https:\/\/www.groupe-sos.org\/es\/les-personnes-vulnerables\/personnes-souffrant-daddictions\/","title":{"rendered":"Personas con adicciones\u00a0"},"content":{"rendered":"<div id=\"field_pow1115bdc17b8342cf\" class=\"container-fluid px-0 flexible_section heropages heropages block_hero\">\n  <div id=\"hero_pow1115bdc17b8342cf\" class=\"hero_container px-0\">\n   <div class=\"hero_image_outer\">\n    <img decoding=\"async\" src=\"https:\/\/www.groupe-sos.org\/wp-content\/uploads\/2022\/12\/PV_1_Personnes_souffrant_daddictions1-1.jpg\" alt=\"\" class=\"heroimage \" \/>\n   <\/div>\n  <\/div>\n<\/div>\n\n\n<div id=\"field_pow8af2063ae3e94958\" class=\"container-fluid px-0 flexible_section block_columns\">\n <div id=\"field_pow8af2063ae3e94958_inner\" class=\"container flexible_section_inner\">\n\n   <div class=\"row flexible_section_content\">\n\n   <div class=\"p-5 col-sm-12 colonne colonne1\">\n    <div class=\"colonne_inner  text-left\">\n<h3><span>Emprender en beneficio de los m\u00e1s vulnerables<\/span><span>\u00a0<\/span><\/h3>\n<h1><b><span>Personas con adicciones<\/span><\/b><span>\u00a0<\/span><\/h1>\n    <\/div>\n   <\/div>\n  <\/div>\n\n <\/div>\n<\/div>\n\n\n<div id=\"field_powd3e6a89f332c4d29\" class=\"container-fluid px-0 flexible_section block_breadcrumb\">\n <div id=\"field_powd3e6a89f332c4d29_inner\" class=\"container flexible_section_inner\">\n\n  <div class=\"row flexible_section_content\">\n\n   <div class=\"breadcrumb_outer\" id=\"breadcrumb_powd3e6a89f332c4d29\">\n\n   <nav aria-label=\"breadcrumb\" id=\"breadcrumb_powd3e6a89f332c4d29_nav\">\n    <ol class=\"breadcrumb\">\n<li class=\"breadcrumb-item\"><a href=\"https:\/\/www.groupe-sos.org\/es\/les-personnes-vulnerables\/\" class=\"Paralaspersonasvulnerables \">Para las personas vulnerables<\/a><\/li>\n<li class=\"breadcrumb-item active\" aria-current=\"page\">Personas con adicciones\u00a0<\/li>\n      <\/ol>\n   <\/nav>\n\n   <\/div>\n\n  <\/div>\n\n <\/div>\n<\/div>\n\n\n<div id=\"field_pow6a1bffba4b164b25\" class=\"container-fluid px-0 flexible_section block_columns\">\n <div id=\"field_pow6a1bffba4b164b25_inner\" class=\"container flexible_section_inner\">\n\n   <div class=\"row flexible_section_content\">\n\n   <div class=\"mb-3 mb-sm-0 col-sm-6 colonne colonne1\">\n    <div class=\"colonne_inner  text-left\">\n<p><span>Las personas con adicciones son, antes que nada, personas enfermas. No juzgamos el comportamiento ni las decisiones de los individuos; nuestro objetivo es proponer la mejor respuesta posible seg\u00fan la problem\u00e1tica de cada uno.<\/span><span>\u00a0<\/span><\/p>\n    <\/div>\n   <\/div>\n   <div class=\"col-sm-6 colonne colonne2\">\n    <div class=\"colonne_inner  text-left\">\n<p><span>En nuestro centro, el acompa\u00f1amiento es integral e incluye atenci\u00f3n m\u00e9dica, alojamiento, inserci\u00f3n social y profesional, y reducci\u00f3n de riesgos.<\/span><span>\u00a0<\/span><\/p>\n    <\/div>\n   <\/div>\n  <\/div>\n\n <\/div>\n<\/div>\n\n\n<div id=\"field_pow33e87feae2d242d0\" class=\"container-fluid px-0 flexible_section block_components\">\n <div id=\"field_pow33e87feae2d242d0_inner\" class=\"container flexible_section_inner\">\n\n   <div class=\"row flexible_section_content\">\n\n   <div class=\" col-sm-4 component component_1  \">\n    <div class=\"colonne_inner \">\n  <div class=\"counters row\" id=\"counter_pow33e87feae2d242d0_1_outer\">\n   <div id=\"counter_pow33e87feae2d242d0_1_0\" class=\"counters col-12 px-3\">\n    <div class=\"counters_inner \">\n<div class=\"compteur_nosactions bg-rose\">\r\n<div class=\"h2 text-center\"><span id=\"counter_pow33e87feae2d242d0_1_0_value\">0<\/span><\/div>\r\n<div class=\"text-center\">Estructuras &#038; servicios <\/div>\r\n<\/div>    <\/div>\n   <\/div>\n  <\/div>\n\n    <\/div>\n   <\/div>\n   <div class=\" col-sm-4 component component_2  \">\n    <div class=\"colonne_inner \">\n  <div class=\"counters row\" id=\"counter_pow33e87feae2d242d0_2_outer\">\n   <div id=\"counter_pow33e87feae2d242d0_2_0\" class=\"counters col-12 px-3\">\n    <div class=\"counters_inner \">\n<div class=\"compteur_nosactions bg-rose\">\r\n<div class=\"h2 text-center\"><span id=\"counter_pow33e87feae2d242d0_2_0_value\">0<\/span><\/div>\r\n<div class=\"text-center\">Beneficiarios<\/div>\r\n<\/div>    <\/div>\n   <\/div>\n  <\/div>\n\n    <\/div>\n   <\/div>\n   <div class=\" col-sm-4 component component_3  \">\n    <div class=\"colonne_inner \">\n  <div class=\"counters row\" id=\"counter_pow33e87feae2d242d0_3_outer\">\n   <div id=\"counter_pow33e87feae2d242d0_3_0\" class=\"counters col-12 px-3\">\n    <div class=\"counters_inner \">\n<div class=\"compteur_nosactions bg-rose\">\r\n<div class=\"h2 text-center\"><span id=\"counter_pow33e87feae2d242d0_3_0_value\">0<\/span><\/div>\r\n<div class=\"text-center\">Personas alojadas<\/div>\r\n<\/div>    <\/div>\n   <\/div>\n  <\/div>\n\n    <\/div>\n   <\/div>\n  <\/div>\n\n <\/div>\n<\/div>\n<script type=\"text\/javascript\">\r\n\t\t\t\tjQuery(document).ready(function() {\r\n\t\t\t\t\t\t\r\n\r\n\t\t\tjQuery('#counter_pow33e87feae2d242d0_1_outer').one('inview', function(event, isInView) {\r\n\t\t\t\tif (isInView) {\r\n\t\t\t\t\tjQuery('#counter_pow33e87feae2d242d0_1_0_value').numerator({ toValue: 48,\r\n\t\t\teasing: 'linear',\r\n\t\t\tduration: 2000,\r\n\t\t\trounding: 0\r\n\t\t});\n\r\n\t\t\t\t} \r\n\t\t\t});\r\n\r\n\t\t\tjQuery('#counter_pow33e87feae2d242d0_2_outer').one('inview', function(event, isInView) {\r\n\t\t\t\tif (isInView) {\r\n\t\t\t\t\tjQuery('#counter_pow33e87feae2d242d0_2_0_value').numerator({ toValue: 14400,\r\n\t\t\teasing: 'linear',\r\n\t\t\tduration: 2000,\r\n\t\t\trounding: 0\r\n\t\t});\n\r\n\t\t\t\t} \r\n\t\t\t});\r\n\r\n\t\t\tjQuery('#counter_pow33e87feae2d242d0_3_outer').one('inview', function(event, isInView) {\r\n\t\t\t\tif (isInView) {\r\n\t\t\t\t\tjQuery('#counter_pow33e87feae2d242d0_3_0_value').numerator({ toValue: 800,\r\n\t\t\teasing: 'linear',\r\n\t\t\tduration: 2000,\r\n\t\t\trounding: 0\r\n\t\t});\n\r\n\t\t\t\t} \r\n\t\t\t});\n\r\n\t\t\t\t});\t\t\r\n\t\t\t<\/script>\n\n<div id=\"field_pow77219e100c854444\" class=\"container-fluid px-0 flexible_section block_adaptativetextandimage\">\n <div id=\"field_pow77219e100c854444_inner\" class=\"container flexible_section_inner\">\n\n   <div class=\"row no-gutters flexible_section_content adaptativeimage \" id=\"textimagebanner_pow77219e100c854444\">\n\n   <div class=\"col-12 col-sm-7 order-2 order-sm-2 colonne colonne1 colonne1_pow77219e100c854444\">\n    <div class=\"colonne_inner text-left justify-content-start\">\n<h3><span>Defensa de Adicciones<\/span><span>\u00a0<\/span><\/h3>\n<p><span>Es hora de regresar a la raz\u00f3n: una persona adicta est\u00e1 enferma. El sistema represivo franc\u00e9s confunde este mensaje y muchos viven su adicci\u00f3n con el temor de ser descubiertos por sus seres queridos o empleadores. Poco a poco, se encierran en la espiral de la exclusi\u00f3n, sin tratamiento ni apoyo adecuado. En nuestra \u201cDefensa de Adicciones\u00bb, formulamos propuestas concretas para cambiar la atenci\u00f3n a las personas con adicciones de manera duradera.<\/span><\/p>\n    <\/div>\n   <\/div>\n   <div class=\"col-12 col-sm-5 order-1 order-sm-1 colonne colonne2 colonne2_pow77219e100c854444\">\n   <\/div>\n  <\/div>\n\n <\/div>\n<\/div>\n\n\n<div id=\"field_powd6bf3a39b8f14f13\" class=\"container-fluid px-0 flexible_section block_columns\">\n <div id=\"field_powd6bf3a39b8f14f13_inner\" class=\"container flexible_section_inner\">\n\n  <div class=\"row flexible_section_title_container\"><div class=\"col-12 flexible_section_title_col\"><h2 class=\"flexible_section_title mb-5 text-left  \">Nuestros dispositivos en detalle<\/h2><\/div><\/div>\n   <div class=\"row flexible_section_content\">\n\n   <div class=\"col-sm-12 colonne colonne1\">\n    <div class=\"colonne_inner  text-left\">\n    <\/div>\n   <\/div>\n  <\/div>\n\n <\/div>\n<\/div>\n\n\n<div id=\"field_pow7e4d4d6faa324b3c\" class=\"container-fluid px-0 flexible_section block_columns\">\n <div id=\"field_pow7e4d4d6faa324b3c_inner\" class=\"container flexible_section_inner\">\n\n   <div class=\"row flexible_section_content\">\n\n   <div class=\"mb-3 mb-sm-0 col-sm-4 colonne colonne1\">\n    <div class=\"colonne_inner bordertoprouge h-100 p-3 text-left\">\n<h3><span>Centros de atenci\u00f3n, acompa\u00f1amiento y prevenci\u00f3n en adictolog\u00eda (CSAPA)<\/span><span>\u00a0<\/span><\/h3>\n<p><span>Los CSAPA son estructuras multidisciplinarias que se encargan de la prevenci\u00f3n y atenci\u00f3n de personas con adicciones. Proponen un acompa\u00f1amiento hacia la cesaci\u00f3n, el consumo moderado de drogas o un tratamiento sustitutivo.<\/span><span>\u00a0<\/span><\/p>\n    <\/div>\n   <\/div>\n   <div class=\"mb-3 mb-sm-0 col-sm-4 colonne colonne2\">\n    <div class=\"colonne_inner bordertopvert h-100 p-3 text-left\">\n<h3><span>CSAPA ambulatorios<\/span><span>\u00a0<\/span><\/h3>\n<p><span>Ofrecen servicios de prevenci\u00f3n en escuelas y para entidades relacionadas con la Asistencia Social para la Infancia y la Protecci\u00f3n Judicial de la Juventud. Adem\u00e1s, las Consultas para J\u00f3venes Consumidores brindan informaci\u00f3n, evaluaci\u00f3n, atenci\u00f3n o derivaci\u00f3n en relaci\u00f3n con problemas de adicci\u00f3n.<\/span><span>\u00a0<\/span><\/p>\n<p><span>\u00a0<\/span><\/p>\n<p><span>\u00a0<\/span><span>\u00a0<\/span><\/p>\n    <\/div>\n   <\/div>\n   <div class=\"col-sm-4 colonne colonne3\">\n    <div class=\"colonne_inner bordertopjaune h-100 p-3 text-left\">\n<h3><span>CSAPA residenciales<\/span><span>\u00a0<\/span><\/h3>\n<p><span>Complementan los servicios en adictolog\u00eda con residencia 24\/7:<\/span><span>\u00a0<\/span><\/p>\n<ul>\n<li><span>Comunidad Terap\u00e9utica<\/span><span>\u00a0<\/span><\/li>\n<li><span>Unidad para Exreclusos<\/span><span>\u00a0<\/span><\/li>\n<li><span>\u00abLa Corniche\u00bb \u2013 primer CSAPA en Francia para menores y j\u00f3venes adultos con adicciones<\/span><span>\u00a0<\/span><\/li>\n<li><span>Entracte de corta estancia.<\/span><span>\u00a0<\/span><\/li>\n<\/ul>\n    <\/div>\n   <\/div>\n  <\/div>\n\n <\/div>\n<\/div>\n\n\n<div id=\"field_pow969a75422aba4159\" class=\"container-fluid px-0 flexible_section block_columns\">\n <div id=\"field_pow969a75422aba4159_inner\" class=\"container flexible_section_inner\">\n\n   <div class=\"row flexible_section_content\">\n\n   <div class=\"mb-3 mb-sm-0 col-sm-4 colonne colonne1\">\n    <div class=\"colonne_inner bordertopbleu h-100 p-3 text-left\">\n<h3><span>Centros de acogida y apoyo para la reducci\u00f3n de riesgos para usuarios de drogas (CAARUD)<\/span><span>\u00a0<\/span><\/h3>\n<p><span>Los CAARUD ofrecen apoyo individual y colectivo, ayudando a los usuarios en el acceso a la atenci\u00f3n m\u00e9dica, derechos, vivienda e inserci\u00f3n o reinserci\u00f3n laboral.<\/span><span>\u00a0<\/span><\/p>\n    <\/div>\n   <\/div>\n   <div class=\"mb-3 mb-sm-0 col-sm-4 colonne colonne2\">\n    <div class=\"colonne_inner bordertoprouge h-100 p-3 text-left\">\n<h3><span>Apartamentos terap\u00e9uticos (AT)<\/span><span>\u00a0<\/span><\/h3>\n<p><span>Permiten a personas con adicciones en proceso de tratamiento vivir de forma aut\u00f3noma, con seguimiento y apoyo en la vida diaria.<\/span><span>\u00a0<\/span><\/p>\n    <\/div>\n   <\/div>\n   <div class=\"col-sm-4 colonne colonne3\">\n    <div class=\"colonne_inner bordertopvert h-100 p-3 text-left\">\n<h3><span>Apartamentos de coordinaci\u00f3n terap\u00e9utica<\/span><span>\u00a0<\/span><\/h3>\n<p><span>Estos centros ofrecen alojamiento temporal a personas con fragilidad psicol\u00f3gica y social que requieren atenci\u00f3n y seguimiento m\u00e9dico para patolog\u00edas graves, asegurando la coordinaci\u00f3n y seguimiento de los tratamientos.<\/span><\/p>\n    <\/div>\n   <\/div>\n  <\/div>\n\n <\/div>\n<\/div>\n\n\n<div id=\"field_pow6733eb4e2bef4df1\" class=\"container-fluid px-0 flexible_section block_innertemplate\">\n <div id=\"field_pow6733eb4e2bef4df1_inner\" class=\"container flexible_section_inner\">\n\n   <div class=\"row flexible_section_content\">\n\n\n\n<div class=\"row no-gutters flexible_section_title\"><div class=\"col-12\"><h2 class=\"flexible_section_title mb-5 text-left px-3\">Instituciones y asociaciones<\/h2><\/div><\/div>\n\n<div class=\"row no-gutters\" id=\"marques_actions\">\n<div class=\"marques_item col-12 col-sm-3 p-3\">\n <div class=\" card h-100 marques_item_inner blanklinkable\" data-dest=\"https:\/\/www.checkpointparis.org\/\">\n  <div class=\"card-header pb-0\"><img decoding=\"async\" src=\"https:\/\/www.groupe-sos.org\/wp-content\/uploads\/2022\/11\/Checkpoint-Paris.png\" alt=\"Checkpoint Paris\" \/><\/div>\n  <div class=\"card-body pt-0\"><h5>Checkpoint Paris<\/h5><p><span>Checkpoint Par\u00eds es un Centro de Salud Sexual con un enfoque comunitario (CSSAC), un Centro Gratuito de Informaci\u00f3n, de Detecci\u00f3n y Diagn\u00f3stico (CeGIDD) dedicados a las comunidades LGBTI+ y trabajadores sexuales<\/span><i><span>.<\/span><\/i><span>\u00a0<\/span><\/p>\n<br \/><a href=\"https:\/\/www.checkpointparis.org\/\" class=\"lightbluebutton\" target=\"_blank\">M\u00e1s informaci\u00f3n<\/a><\/div>\n <\/div>\n<\/div>\n<\/div>\n<div class=\"pagination_holder_marquesactions paginationholder text-center w-100 mt-3\"><\/div>\n\n\n\t<script>\n\n\t\tjQuery( document ).ready(function() {\n\n\t\t\tvar pagination_actionsmarques = jQuery(\".pagination_holder_marquesactions\");\n\n\t\t\tfunction setPagination_actionsmarques(){\n\t\t\t\tpagination_actionsmarques.jPages({\n\t\t\t\tcontainerID: \"marques_actions\",\n\t\t\t\tperPage: 4,\n\t\t\t\tstartPage: 1,\n\t\t\t\tstartRange: 1,\n\t\t\t\tmidRange: 3,\n\t\t\t\tendRange: 1,\n\t\t\t\tprevious : 'Prec',\n\t\t\t\tnext : 'Suiv',\n\t\t\t\tminHeight : false\n\t\t\t\t});\n\t\t\t}\n\n\t\t\tsetPagination_actionsmarques();\n    \n\t\t});\n\n\t<\/script>\n\t\n\t<style>\n\t\n\t\t.marques_item .card {}\n\t\t.marques_item .card-header { background: #FFFFFF; border-bottom: none; text-align: center; }\n\t\t.marques_item .card-header img { max-height: 300px; }\n\t\t.marques_item .card-body { position: relative; padding-bottom: 74px; }\n\t\t.marques_item .card-body .lightbluebutton { position: absolute; bottom: 10px; left: 50%; transform: translate(-50%,0); width: 90%; }\n\t\n\t<\/style>\n\n\n  <\/div>\n\n <\/div>\n<\/div>\n","protected":false},"excerpt":{"rendered":"<p>Les personnes en situation d\u2019addiction sont avant tout des personnes malades. Nous ne portons pas de jugement sur le comportement et les choix des individus, notre objectif est d\u2019apporter la meilleure r\u00e9ponse possible en fonction de la probl\u00e9matique de chacun.<\/p>\n","protected":false},"author":1,"featured_media":0,"parent":187265,"menu_order":240,"comment_status":"closed","ping_status":"closed","template":"page-templates\/page-poles.php","meta":{"_acf_changed":false,"footnotes":""},"secteur":[],"class_list":["post-186962","page","type-page","status-publish","hentry"],"acf":[],"yoast_head":"<!-- This site is optimized with the Yoast SEO plugin v27.4 - https:\/\/yoast.com\/product\/yoast-seo-wordpress\/ -->\n<title>Personas con adicciones\u00a0 - Groupe SOS<\/title>\n<meta name=\"description\" content=\"Les personnes en situation d\u2019addiction sont avant tout des personnes malades. Nous ne portons pas de jugement sur le comportement et les choix des individus, notre objectif est d\u2019apporter la meilleure r\u00e9ponse possible en fonction de la probl\u00e9matique de chacun.\" \/>\n<meta name=\"robots\" content=\"index, follow, max-snippet:-1, max-image-preview:large, max-video-preview:-1\" \/>\n<link rel=\"canonical\" href=\"https:\/\/www.groupe-sos.org\/es\/les-personnes-vulnerables\/personnes-souffrant-daddictions\/\" \/>\n<meta property=\"og:locale\" content=\"es_ES\" \/>\n<meta property=\"og:type\" content=\"article\" \/>\n<meta property=\"og:title\" content=\"Personas con adicciones\u00a0 - Groupe SOS\" \/>\n<meta property=\"og:description\" content=\"Les personnes en situation d\u2019addiction sont avant tout des personnes malades. Nous ne portons pas de jugement sur le comportement et les choix des individus, notre objectif est d\u2019apporter la meilleure r\u00e9ponse possible en fonction de la probl\u00e9matique de chacun.\" \/>\n<meta property=\"og:url\" content=\"https:\/\/www.groupe-sos.org\/es\/les-personnes-vulnerables\/personnes-souffrant-daddictions\/\" \/>\n<meta property=\"og:site_name\" content=\"Groupe SOS\" \/>\n<meta property=\"article:publisher\" content=\"https:\/\/www.facebook.com\/GroupeSOS\/\" \/>\n<meta property=\"article:modified_time\" content=\"2024-07-15T12:19:46+00:00\" \/>\n<meta name=\"twitter:card\" content=\"summary_large_image\" \/>\n<meta name=\"twitter:site\" content=\"@groupesos\" \/>\n<meta name=\"twitter:label1\" content=\"Tiempo de lectura\" \/>\n\t<meta name=\"twitter:data1\" content=\"4 minutos\" \/>\n<script type=\"application\/ld+json\" class=\"yoast-schema-graph\">{\"@context\":\"https:\\\/\\\/schema.org\",\"@graph\":[{\"@type\":\"WebPage\",\"@id\":\"https:\\\/\\\/www.groupe-sos.org\\\/es\\\/les-personnes-vulnerables\\\/personnes-souffrant-daddictions\\\/\",\"url\":\"https:\\\/\\\/www.groupe-sos.org\\\/es\\\/les-personnes-vulnerables\\\/personnes-souffrant-daddictions\\\/\",\"name\":\"Personas con adicciones\u00a0 - Groupe SOS\",\"isPartOf\":{\"@id\":\"https:\\\/\\\/www.groupe-sos.org\\\/es\\\/#website\"},\"datePublished\":\"2022-08-30T09:39:03+00:00\",\"dateModified\":\"2024-07-15T12:19:46+00:00\",\"description\":\"Les personnes en situation d\u2019addiction sont avant tout des personnes malades. Nous ne portons pas de jugement sur le comportement et les choix des individus, notre objectif est d\u2019apporter la meilleure r\u00e9ponse possible en fonction de la probl\u00e9matique de chacun.\",\"breadcrumb\":{\"@id\":\"https:\\\/\\\/www.groupe-sos.org\\\/es\\\/les-personnes-vulnerables\\\/personnes-souffrant-daddictions\\\/#breadcrumb\"},\"inLanguage\":\"es\",\"potentialAction\":[{\"@type\":\"ReadAction\",\"target\":[\"https:\\\/\\\/www.groupe-sos.org\\\/es\\\/les-personnes-vulnerables\\\/personnes-souffrant-daddictions\\\/\"]}]},{\"@type\":\"BreadcrumbList\",\"@id\":\"https:\\\/\\\/www.groupe-sos.org\\\/es\\\/les-personnes-vulnerables\\\/personnes-souffrant-daddictions\\\/#breadcrumb\",\"itemListElement\":[{\"@type\":\"ListItem\",\"position\":1,\"name\":\"Home\",\"item\":\"https:\\\/\\\/www.groupe-sos.org\\\/es\\\/\"},{\"@type\":\"ListItem\",\"position\":2,\"name\":\"Para las personas vulnerables\",\"item\":\"https:\\\/\\\/www.groupe-sos.org\\\/es\\\/les-personnes-vulnerables\\\/\"},{\"@type\":\"ListItem\",\"position\":3,\"name\":\"Personas con adicciones\u00a0\"}]},{\"@type\":\"WebSite\",\"@id\":\"https:\\\/\\\/www.groupe-sos.org\\\/es\\\/#website\",\"url\":\"https:\\\/\\\/www.groupe-sos.org\\\/es\\\/\",\"name\":\"Groupe SOS Entreprendre au profit de tous\",\"description\":\"Entreprendre au profit de tous\",\"publisher\":{\"@id\":\"https:\\\/\\\/www.groupe-sos.org\\\/es\\\/#organization\"},\"alternateName\":\"Groupe SOS\",\"potentialAction\":[{\"@type\":\"SearchAction\",\"target\":{\"@type\":\"EntryPoint\",\"urlTemplate\":\"https:\\\/\\\/www.groupe-sos.org\\\/es\\\/?s={search_term_string}\"},\"query-input\":{\"@type\":\"PropertyValueSpecification\",\"valueRequired\":true,\"valueName\":\"search_term_string\"}}],\"inLanguage\":\"es\"},{\"@type\":\"Organization\",\"@id\":\"https:\\\/\\\/www.groupe-sos.org\\\/es\\\/#organization\",\"name\":\"Groupe SOS\",\"alternateName\":\"Entreprendre au profit de tous\",\"url\":\"https:\\\/\\\/www.groupe-sos.org\\\/es\\\/\",\"logo\":{\"@type\":\"ImageObject\",\"inLanguage\":\"es\",\"@id\":\"https:\\\/\\\/www.groupe-sos.org\\\/es\\\/#\\\/schema\\\/logo\\\/image\\\/\",\"url\":\"https:\\\/\\\/www.groupe-sos.org\\\/wp-content\\\/uploads\\\/2022\\\/06\\\/groupe-sos-logo-1.png\",\"contentUrl\":\"https:\\\/\\\/www.groupe-sos.org\\\/wp-content\\\/uploads\\\/2022\\\/06\\\/groupe-sos-logo-1.png\",\"width\":300,\"height\":60,\"caption\":\"Groupe SOS\"},\"image\":{\"@id\":\"https:\\\/\\\/www.groupe-sos.org\\\/es\\\/#\\\/schema\\\/logo\\\/image\\\/\"},\"sameAs\":[\"https:\\\/\\\/www.facebook.com\\\/GroupeSOS\\\/\",\"https:\\\/\\\/x.com\\\/groupesos\",\"https:\\\/\\\/www.instagram.com\\\/groupe_sos\\\/\",\"https:\\\/\\\/www.linkedin.com\\\/company\\\/groupe-sos\\\/?originalSubdomain=fr\"]}]}<\/script>\n<!-- \/ Yoast SEO plugin. -->","yoast_head_json":{"title":"Personas con adicciones\u00a0 - Groupe SOS","description":"Les personnes en situation d\u2019addiction sont avant tout des personnes malades. Nous ne portons pas de jugement sur le comportement et les choix des individus, notre objectif est d\u2019apporter la meilleure r\u00e9ponse possible en fonction de la probl\u00e9matique de chacun.","robots":{"index":"index","follow":"follow","max-snippet":"max-snippet:-1","max-image-preview":"max-image-preview:large","max-video-preview":"max-video-preview:-1"},"canonical":"https:\/\/www.groupe-sos.org\/es\/les-personnes-vulnerables\/personnes-souffrant-daddictions\/","og_locale":"es_ES","og_type":"article","og_title":"Personas con adicciones\u00a0 - Groupe SOS","og_description":"Les personnes en situation d\u2019addiction sont avant tout des personnes malades. Nous ne portons pas de jugement sur le comportement et les choix des individus, notre objectif est d\u2019apporter la meilleure r\u00e9ponse possible en fonction de la probl\u00e9matique de chacun.","og_url":"https:\/\/www.groupe-sos.org\/es\/les-personnes-vulnerables\/personnes-souffrant-daddictions\/","og_site_name":"Groupe SOS","article_publisher":"https:\/\/www.facebook.com\/GroupeSOS\/","article_modified_time":"2024-07-15T12:19:46+00:00","twitter_card":"summary_large_image","twitter_site":"@groupesos","twitter_misc":{"Tiempo de lectura":"4 minutos"},"schema":{"@context":"https:\/\/schema.org","@graph":[{"@type":"WebPage","@id":"https:\/\/www.groupe-sos.org\/es\/les-personnes-vulnerables\/personnes-souffrant-daddictions\/","url":"https:\/\/www.groupe-sos.org\/es\/les-personnes-vulnerables\/personnes-souffrant-daddictions\/","name":"Personas con adicciones\u00a0 - Groupe SOS","isPartOf":{"@id":"https:\/\/www.groupe-sos.org\/es\/#website"},"datePublished":"2022-08-30T09:39:03+00:00","dateModified":"2024-07-15T12:19:46+00:00","description":"Les personnes en situation d\u2019addiction sont avant tout des personnes malades. Nous ne portons pas de jugement sur le comportement et les choix des individus, notre objectif est d\u2019apporter la meilleure r\u00e9ponse possible en fonction de la probl\u00e9matique de chacun.","breadcrumb":{"@id":"https:\/\/www.groupe-sos.org\/es\/les-personnes-vulnerables\/personnes-souffrant-daddictions\/#breadcrumb"},"inLanguage":"es","potentialAction":[{"@type":"ReadAction","target":["https:\/\/www.groupe-sos.org\/es\/les-personnes-vulnerables\/personnes-souffrant-daddictions\/"]}]},{"@type":"BreadcrumbList","@id":"https:\/\/www.groupe-sos.org\/es\/les-personnes-vulnerables\/personnes-souffrant-daddictions\/#breadcrumb","itemListElement":[{"@type":"ListItem","position":1,"name":"Home","item":"https:\/\/www.groupe-sos.org\/es\/"},{"@type":"ListItem","position":2,"name":"Para las personas vulnerables","item":"https:\/\/www.groupe-sos.org\/es\/les-personnes-vulnerables\/"},{"@type":"ListItem","position":3,"name":"Personas con adicciones\u00a0"}]},{"@type":"WebSite","@id":"https:\/\/www.groupe-sos.org\/es\/#website","url":"https:\/\/www.groupe-sos.org\/es\/","name":"Groupe SOS Entreprendre au profit de tous","description":"Entreprendre au profit de tous","publisher":{"@id":"https:\/\/www.groupe-sos.org\/es\/#organization"},"alternateName":"Groupe SOS","potentialAction":[{"@type":"SearchAction","target":{"@type":"EntryPoint","urlTemplate":"https:\/\/www.groupe-sos.org\/es\/?s={search_term_string}"},"query-input":{"@type":"PropertyValueSpecification","valueRequired":true,"valueName":"search_term_string"}}],"inLanguage":"es"},{"@type":"Organization","@id":"https:\/\/www.groupe-sos.org\/es\/#organization","name":"Groupe SOS","alternateName":"Entreprendre au profit de tous","url":"https:\/\/www.groupe-sos.org\/es\/","logo":{"@type":"ImageObject","inLanguage":"es","@id":"https:\/\/www.groupe-sos.org\/es\/#\/schema\/logo\/image\/","url":"https:\/\/www.groupe-sos.org\/wp-content\/uploads\/2022\/06\/groupe-sos-logo-1.png","contentUrl":"https:\/\/www.groupe-sos.org\/wp-content\/uploads\/2022\/06\/groupe-sos-logo-1.png","width":300,"height":60,"caption":"Groupe SOS"},"image":{"@id":"https:\/\/www.groupe-sos.org\/es\/#\/schema\/logo\/image\/"},"sameAs":["https:\/\/www.facebook.com\/GroupeSOS\/","https:\/\/x.com\/groupesos","https:\/\/www.instagram.com\/groupe_sos\/","https:\/\/www.linkedin.com\/company\/groupe-sos\/?originalSubdomain=fr"]}]}},"_links":{"self":[{"href":"https:\/\/www.groupe-sos.org\/es\/wp-json\/wp\/v2\/pages\/186962","targetHints":{"allow":["GET"]}}],"collection":[{"href":"https:\/\/www.groupe-sos.org\/es\/wp-json\/wp\/v2\/pages"}],"about":[{"href":"https:\/\/www.groupe-sos.org\/es\/wp-json\/wp\/v2\/types\/page"}],"author":[{"embeddable":true,"href":"https:\/\/www.groupe-sos.org\/es\/wp-json\/wp\/v2\/users\/1"}],"replies":[{"embeddable":true,"href":"https:\/\/www.groupe-sos.org\/es\/wp-json\/wp\/v2\/comments?post=186962"}],"version-history":[{"count":5,"href":"https:\/\/www.groupe-sos.org\/es\/wp-json\/wp\/v2\/pages\/186962\/revisions"}],"predecessor-version":[{"id":198007,"href":"https:\/\/www.groupe-sos.org\/es\/wp-json\/wp\/v2\/pages\/186962\/revisions\/198007"}],"up":[{"embeddable":true,"href":"https:\/\/www.groupe-sos.org\/es\/wp-json\/wp\/v2\/pages\/187265"}],"wp:attachment":[{"href":"https:\/\/www.groupe-sos.org\/es\/wp-json\/wp\/v2\/media?parent=186962"}],"wp:term":[{"taxonomy":"secteur","embeddable":true,"href":"https:\/\/www.groupe-sos.org\/es\/wp-json\/wp\/v2\/secteur?post=186962"}],"curies":[{"name":"wp","href":"https:\/\/api.w.org\/{rel}","templated":true}]}}