{"id":187089,"date":"2022-12-06T14:14:59","date_gmt":"2022-12-06T13:14:59","guid":{"rendered":"https:\/\/www.groupe-sos.org\/personnes-agees\/nos-residences\/"},"modified":"2023-12-20T11:50:27","modified_gmt":"2023-12-20T10:50:27","slug":"nos-residences","status":"publish","type":"page","link":"https:\/\/www.groupe-sos.org\/es\/les-personnes-vulnerables\/personnes-agees\/nos-residences\/","title":{"rendered":"Nuestras residencias\u00a0"},"content":{"rendered":"<div id=\"field_pow349fd5d858fa4f6a\" class=\"container-fluid px-0 flexible_section heropages heropages block_hero\">\n  <div id=\"hero_pow349fd5d858fa4f6a\" class=\"hero_container px-0\">\n   <div class=\"hero_image_outer\">\n    <img decoding=\"async\" src=\"https:\/\/www.groupe-sos.org\/wp-content\/uploads\/2022\/12\/PV_2_Nos_residences1.jpg\" alt=\"\" class=\"heroimage \" \/>\n   <\/div>\n  <\/div>\n<\/div>\n\n\n<div id=\"field_pow15dd97ecb0ca4bf1\" class=\"container-fluid px-0 flexible_section block_columns\">\n <div id=\"field_pow15dd97ecb0ca4bf1_inner\" class=\"container flexible_section_inner\">\n\n   <div class=\"row flexible_section_content\">\n\n   <div class=\"p-5 col-sm-12 colonne colonne1\">\n    <div class=\"colonne_inner  text-left\">\n<h3><span>Personas mayores<\/span><span>\u00a0<\/span><\/h3>\n<h1><b><span>Nuestras residencias<\/span><\/b><span>\u00a0<\/span><\/h1>\n    <\/div>\n   <\/div>\n  <\/div>\n\n <\/div>\n<\/div>\n\n\n<div id=\"field_powd3e6a89f332c4d29\" class=\"container-fluid px-0 flexible_section block_breadcrumb\">\n <div id=\"field_powd3e6a89f332c4d29_inner\" class=\"container flexible_section_inner\">\n\n  <div class=\"row flexible_section_content\">\n\n   <div class=\"breadcrumb_outer\" id=\"breadcrumb_powd3e6a89f332c4d29\">\n\n   <nav aria-label=\"breadcrumb\" id=\"breadcrumb_powd3e6a89f332c4d29_nav\">\n    <ol class=\"breadcrumb\">\n<li class=\"breadcrumb-item\"><a href=\"https:\/\/www.groupe-sos.org\/es\/les-personnes-vulnerables\/\" class=\"Paralaspersonasvulnerables \">Para las personas vulnerables<\/a><\/li>\n<li class=\"breadcrumb-item\"><a href=\"https:\/\/www.groupe-sos.org\/es\/les-personnes-vulnerables\/personnes-agees\/\" class=\"Personasmayores \">Personas mayores\u00a0<\/a><\/li>\n<li class=\"breadcrumb-item active\" aria-current=\"page\">Nuestras residencias\u00a0<\/li>\n      <\/ol>\n   <\/nav>\n\n   <\/div>\n\n  <\/div>\n\n <\/div>\n<\/div>\n\n\n<div id=\"field_pow6a75bbdd0f5348ed\" class=\"container-fluid px-0 flexible_section block_columns\">\n <div id=\"field_pow6a75bbdd0f5348ed_inner\" class=\"container flexible_section_inner\">\n\n   <div class=\"row flexible_section_content\">\n\n   <div class=\"mb-3 mb-sm-0 col-sm-6 colonne colonne1\">\n    <div class=\"colonne_inner  text-left\">\n<p><span>En Francia, hay casi un mill\u00f3n y medio de personas que superan los 85 a\u00f1os, y de ellas, un 25% ha perdido su autonom\u00eda. Administramos 111 instalaciones y servicios, incluyendo 70 Residencias para Personas Mayores Dependientes (EHPAD). Ofrecemos servicios de calidad, trabajando codo a codo con los cuidadores familiares, garantizando el respeto a su dignidad, sin importar su nivel de ingreso.<\/span><span>\u00a0<\/span><\/p>\n    <\/div>\n   <\/div>\n   <div class=\"col-sm-6 colonne colonne2\">\n    <div class=\"colonne_inner  text-left\">\n    <\/div>\n   <\/div>\n  <\/div>\n\n <\/div>\n<\/div>\n\n\n<div id=\"field_pow7881da1af1234222\" class=\"container-fluid px-0 flexible_section block_adaptativetextandimage\">\n <div id=\"field_pow7881da1af1234222_inner\" class=\"container flexible_section_inner\">\n\n   <div class=\"row no-gutters flexible_section_content adaptativeimage  bordertopjaune bordertopjaune\" id=\"textimagebanner_pow7881da1af1234222\">\n\n   <div class=\"col-12 col-sm-7 order-2 order-sm-2 colonne colonne1 colonne1_pow7881da1af1234222\">\n    <div class=\"colonne_inner text-left justify-content-start\">\n<h3><span>Sentirse en casa<\/span><span>\u00a0<\/span><\/h3>\n<p><span>Un EHPAD debe, ante todo, estar integrado en su comunidad, volviendo a ser un espacio lleno de vida y aspiraciones. Un lugar donde el residente, el cuidador, el profesional y el voluntario trabajan juntos para mejorar la calidad de vida y convertir el EHPAD en un verdadero hogar.<\/span><span>\u00a0<\/span><\/p>\n<p><span>Pensar en el EHPAD como una extensi\u00f3n de su propia casa. No es ni un hotel ni un hospital, sino un espacio donde una comunidad de individuos tiene su lugar y funci\u00f3n espec\u00edfica. Esta es la filosof\u00eda detr\u00e1s de \u00abMon EHPAD, mon domicile\u00bb, implementada en muchos de nuestros centros.<\/span><span>\u00a0<\/span><\/p>\n    <\/div>\n   <\/div>\n   <div class=\"col-12 col-sm-5 order-1 order-sm-1 colonne colonne2 colonne2_pow7881da1af1234222\">\n   <\/div>\n  <\/div>\n\n <\/div>\n<\/div>\n\n\n<div id=\"field_pow8b67ac0e6dd1407c\" class=\"container-fluid px-0 flexible_section block_adaptativetextandimage\">\n <div id=\"field_pow8b67ac0e6dd1407c_inner\" class=\"container flexible_section_inner\">\n\n   <div class=\"row no-gutters flexible_section_content adaptativeimage  bordertopvert bordertopvert\" id=\"textimagebanner_pow8b67ac0e6dd1407c\">\n\n   <div class=\"col-12 col-sm-7 order-2 order-sm-1 colonne colonne1 colonne1_pow8b67ac0e6dd1407c\">\n    <div class=\"colonne_inner text-left justify-content-start\">\n<h3><span>Espacios de vida y aspiraci\u00f3n<\/span><span>\u00a0<\/span><\/h3>\n<p><span>La vida en estas residencias no solo trata sobre alimentaci\u00f3n, alojamiento y cuidados. La calidad de vida tambi\u00e9n proviene de las actividades recreativas y la interacci\u00f3n social. Esto significa combatir el aburrimiento, el aislamiento social y la sensaci\u00f3n de no ser \u00fatil. Por ello, se organizan diversas actividades que cubren ampliamente las necesidades y deseos de los residentes: desde la estimulaci\u00f3n cognitiva y motora, hasta actividades sensoriales, art\u00edsticas y sociales.<\/span><span>\u00a0<\/span><\/p>\n<p><span>Estas actividades ayudan a mantener la autonom\u00eda f\u00edsica y mental, al tiempo que potencian y valoran las habilidades y elpotencial de cada persona. Todos: empleados, familiares, colaboradores externos y voluntarios, contribuimos a crear un ambiente c\u00e1lido, amistoso y propicio para fortalecer lazos sociales.<\/span><span>\u00a0<\/span><\/p>\n    <\/div>\n   <\/div>\n   <div class=\"col-12 col-sm-5 order-1 order-sm-2 colonne colonne2 colonne2_pow8b67ac0e6dd1407c\">\n   <\/div>\n  <\/div>\n\n <\/div>\n<\/div>\n\n\n<div id=\"field_pow5f28160c22cf4005\" class=\"container-fluid px-0 flexible_section block_adaptativetextandimage\">\n <div id=\"field_pow5f28160c22cf4005_inner\" class=\"container flexible_section_inner\">\n\n   <div class=\"row no-gutters flexible_section_content adaptativeimage  bordertoprouge bordertoprouge\" id=\"textimagebanner_pow5f28160c22cf4005\">\n\n   <div class=\"col-12 col-sm-7 order-2 order-sm-2 colonne colonne1 colonne1_pow5f28160c22cf4005\">\n    <div class=\"colonne_inner text-left justify-content-start\">\n<h3><span>Nuestros EHPAD<\/span><span>\u00a0<\/span><\/h3>\n<p><span>Para garantizar un cuidado de calidad a todos nuestros residentes, cada EHPAD cuenta con un equipo de cuidadores capacitados para atender las necesidades de los residentes, tanto en lo f\u00edsico como en lo emocional. Todos los centros para personas mayores ofrecen servicios de alta calidad, desde alojamiento, atenci\u00f3n m\u00e9dica, actividades, lavander\u00eda hasta restauraci\u00f3n.<\/span><span>\u00a0<\/span><\/p>\n<p><a class=\"lightbluebutton\" href=\"https:\/\/www.groupesos-seniors.org\/nos-etablissements\/nos-ehpad\/\" target=\"_blank\" rel=\"noopener\"><span>M\u00e1s informaci\u00f3n<\/span><span>\u00a0<\/span><\/a><\/p>\n<p>&nbsp;<\/p>\n    <\/div>\n   <\/div>\n   <div class=\"col-12 col-sm-5 order-1 order-sm-1 colonne colonne2 colonne2_pow5f28160c22cf4005\">\n   <\/div>\n  <\/div>\n\n <\/div>\n<\/div>\n\n\n<div id=\"field_powaa84a9333ed847a9\" class=\"container-fluid px-0 flexible_section block_adaptativetextandimage\">\n <div id=\"field_powaa84a9333ed847a9_inner\" class=\"container flexible_section_inner\">\n\n   <div class=\"row no-gutters flexible_section_content adaptativeimage  bordertopbleu bordertopbleu\" id=\"textimagebanner_powaa84a9333ed847a9\">\n\n   <div class=\"col-12 col-sm-7 order-2 order-sm-1 colonne colonne1 colonne1_powaa84a9333ed847a9\">\n    <div class=\"colonne_inner text-left justify-content-start\">\n<h3><span>Nuestras Residencias de Autonom\u00eda<\/span><span>\u00a0<\/span><\/h3>\n<p><span>El Groupe SOS tiene varias residencias de autonom\u00eda. Estas residencias, guiadas por regulaciones m\u00e9dico-sociales, acogen a personas mayores aut\u00f3nomas, de m\u00e1s de 60 a\u00f1os (con ciertas excepciones), solas o en pareja, que ya no desean o no pueden vivir en sus hogares tradicionales y que buscan disfrutar de servicios comunitarios, como comidas y actividades.<\/span><span>\u00a0<\/span><\/p>\n<p><a class=\"lightbluebutton\" href=\"https:\/\/www.groupesos-seniors.org\/nos-etablissements\/nos-residences-autonomie\/\" target=\"_blank\" rel=\"noopener\"><span>M\u00e1s informaci\u00f3n<\/span><span>\u00a0<\/span><\/a><\/p>\n    <\/div>\n   <\/div>\n   <div class=\"col-12 col-sm-5 order-1 order-sm-2 colonne colonne2 colonne2_powaa84a9333ed847a9\">\n   <\/div>\n  <\/div>\n\n <\/div>\n<\/div>\n","protected":false},"excerpt":{"rendered":"<p>La France compte pr\u00e8s d\u2019un million et demi de personnes de plus de 85 ans, dont 25\u2009% ont perdu leur autonomie. Nous g\u00e9rons 111 \u00e9tablissements et services, dont 70 \u00c9tablissements d\u2019h\u00e9bergement pour personnes \u00e2g\u00e9es d\u00e9pendantes (EHPAD) et leur proposons des services de qualit\u00e9, en lien avec les aidants familiaux, dans le respect de leur dignit\u00e9, et quel que soit le niveau de revenu. <\/p>\n","protected":false},"author":1,"featured_media":0,"parent":186678,"menu_order":233,"comment_status":"closed","ping_status":"closed","template":"page-templates\/page-poles.php","meta":{"_acf_changed":false,"footnotes":""},"secteur":[],"class_list":["post-187089","page","type-page","status-publish","hentry"],"acf":[],"yoast_head":"<!-- This site is optimized with the Yoast SEO plugin v27.4 - https:\/\/yoast.com\/product\/yoast-seo-wordpress\/ -->\n<title>Nuestras residencias\u00a0 - Groupe SOS<\/title>\n<meta name=\"description\" content=\"La France compte pr\u00e8s d\u2019un million et demi de personnes de plus de 85 ans, dont 25\u2009% ont perdu leur autonomie. Nous g\u00e9rons 111 \u00e9tablissements et services, dont 70 \u00c9tablissements d\u2019h\u00e9bergement pour personnes \u00e2g\u00e9es d\u00e9pendantes (EHPAD) et leur proposons des services de qualit\u00e9, en lien avec les aidants familiaux, dans le respect de leur dignit\u00e9, et quel que soit le niveau de revenu.\" \/>\n<meta name=\"robots\" content=\"index, follow, max-snippet:-1, max-image-preview:large, max-video-preview:-1\" \/>\n<link rel=\"canonical\" href=\"https:\/\/www.groupe-sos.org\/es\/les-personnes-vulnerables\/personnes-agees\/nos-residences\/\" \/>\n<meta property=\"og:locale\" content=\"es_ES\" \/>\n<meta property=\"og:type\" content=\"article\" \/>\n<meta property=\"og:title\" content=\"Nuestras residencias\u00a0 - Groupe SOS\" \/>\n<meta property=\"og:description\" content=\"La France compte pr\u00e8s d\u2019un million et demi de personnes de plus de 85 ans, dont 25\u2009% ont perdu leur autonomie. Nous g\u00e9rons 111 \u00e9tablissements et services, dont 70 \u00c9tablissements d\u2019h\u00e9bergement pour personnes \u00e2g\u00e9es d\u00e9pendantes (EHPAD) et leur proposons des services de qualit\u00e9, en lien avec les aidants familiaux, dans le respect de leur dignit\u00e9, et quel que soit le niveau de revenu.\" \/>\n<meta property=\"og:url\" content=\"https:\/\/www.groupe-sos.org\/es\/les-personnes-vulnerables\/personnes-agees\/nos-residences\/\" \/>\n<meta property=\"og:site_name\" content=\"Groupe SOS\" \/>\n<meta property=\"article:publisher\" content=\"https:\/\/www.facebook.com\/GroupeSOS\/\" \/>\n<meta property=\"article:modified_time\" content=\"2023-12-20T10:50:27+00:00\" \/>\n<meta name=\"twitter:card\" content=\"summary_large_image\" \/>\n<meta name=\"twitter:site\" content=\"@groupesos\" \/>\n<meta name=\"twitter:label1\" content=\"Tiempo de lectura\" \/>\n\t<meta name=\"twitter:data1\" content=\"3 minutos\" \/>\n<script type=\"application\/ld+json\" class=\"yoast-schema-graph\">{\"@context\":\"https:\\\/\\\/schema.org\",\"@graph\":[{\"@type\":\"WebPage\",\"@id\":\"https:\\\/\\\/www.groupe-sos.org\\\/es\\\/les-personnes-vulnerables\\\/personnes-agees\\\/nos-residences\\\/\",\"url\":\"https:\\\/\\\/www.groupe-sos.org\\\/es\\\/les-personnes-vulnerables\\\/personnes-agees\\\/nos-residences\\\/\",\"name\":\"Nuestras residencias\u00a0 - Groupe SOS\",\"isPartOf\":{\"@id\":\"https:\\\/\\\/www.groupe-sos.org\\\/es\\\/#website\"},\"datePublished\":\"2022-12-06T13:14:59+00:00\",\"dateModified\":\"2023-12-20T10:50:27+00:00\",\"description\":\"La France compte pr\u00e8s d\u2019un million et demi de personnes de plus de 85 ans, dont 25\u2009% ont perdu leur autonomie. Nous g\u00e9rons 111 \u00e9tablissements et services, dont 70 \u00c9tablissements d\u2019h\u00e9bergement pour personnes \u00e2g\u00e9es d\u00e9pendantes (EHPAD) et leur proposons des services de qualit\u00e9, en lien avec les aidants familiaux, dans le respect de leur dignit\u00e9, et quel que soit le niveau de revenu.\",\"breadcrumb\":{\"@id\":\"https:\\\/\\\/www.groupe-sos.org\\\/es\\\/les-personnes-vulnerables\\\/personnes-agees\\\/nos-residences\\\/#breadcrumb\"},\"inLanguage\":\"es\",\"potentialAction\":[{\"@type\":\"ReadAction\",\"target\":[\"https:\\\/\\\/www.groupe-sos.org\\\/es\\\/les-personnes-vulnerables\\\/personnes-agees\\\/nos-residences\\\/\"]}]},{\"@type\":\"BreadcrumbList\",\"@id\":\"https:\\\/\\\/www.groupe-sos.org\\\/es\\\/les-personnes-vulnerables\\\/personnes-agees\\\/nos-residences\\\/#breadcrumb\",\"itemListElement\":[{\"@type\":\"ListItem\",\"position\":1,\"name\":\"Home\",\"item\":\"https:\\\/\\\/www.groupe-sos.org\\\/es\\\/\"},{\"@type\":\"ListItem\",\"position\":2,\"name\":\"Para las personas vulnerables\",\"item\":\"https:\\\/\\\/www.groupe-sos.org\\\/es\\\/les-personnes-vulnerables\\\/\"},{\"@type\":\"ListItem\",\"position\":3,\"name\":\"Personas mayores\u00a0\",\"item\":\"https:\\\/\\\/www.groupe-sos.org\\\/es\\\/les-personnes-vulnerables\\\/personnes-agees\\\/\"},{\"@type\":\"ListItem\",\"position\":4,\"name\":\"Nuestras residencias\u00a0\"}]},{\"@type\":\"WebSite\",\"@id\":\"https:\\\/\\\/www.groupe-sos.org\\\/es\\\/#website\",\"url\":\"https:\\\/\\\/www.groupe-sos.org\\\/es\\\/\",\"name\":\"Groupe SOS Entreprendre au profit de tous\",\"description\":\"Entreprendre au profit de tous\",\"publisher\":{\"@id\":\"https:\\\/\\\/www.groupe-sos.org\\\/es\\\/#organization\"},\"alternateName\":\"Groupe SOS\",\"potentialAction\":[{\"@type\":\"SearchAction\",\"target\":{\"@type\":\"EntryPoint\",\"urlTemplate\":\"https:\\\/\\\/www.groupe-sos.org\\\/es\\\/?s={search_term_string}\"},\"query-input\":{\"@type\":\"PropertyValueSpecification\",\"valueRequired\":true,\"valueName\":\"search_term_string\"}}],\"inLanguage\":\"es\"},{\"@type\":\"Organization\",\"@id\":\"https:\\\/\\\/www.groupe-sos.org\\\/es\\\/#organization\",\"name\":\"Groupe SOS\",\"alternateName\":\"Entreprendre au profit de tous\",\"url\":\"https:\\\/\\\/www.groupe-sos.org\\\/es\\\/\",\"logo\":{\"@type\":\"ImageObject\",\"inLanguage\":\"es\",\"@id\":\"https:\\\/\\\/www.groupe-sos.org\\\/es\\\/#\\\/schema\\\/logo\\\/image\\\/\",\"url\":\"https:\\\/\\\/www.groupe-sos.org\\\/wp-content\\\/uploads\\\/2022\\\/06\\\/groupe-sos-logo-1.png\",\"contentUrl\":\"https:\\\/\\\/www.groupe-sos.org\\\/wp-content\\\/uploads\\\/2022\\\/06\\\/groupe-sos-logo-1.png\",\"width\":300,\"height\":60,\"caption\":\"Groupe SOS\"},\"image\":{\"@id\":\"https:\\\/\\\/www.groupe-sos.org\\\/es\\\/#\\\/schema\\\/logo\\\/image\\\/\"},\"sameAs\":[\"https:\\\/\\\/www.facebook.com\\\/GroupeSOS\\\/\",\"https:\\\/\\\/x.com\\\/groupesos\",\"https:\\\/\\\/www.instagram.com\\\/groupe_sos\\\/\",\"https:\\\/\\\/www.linkedin.com\\\/company\\\/groupe-sos\\\/?originalSubdomain=fr\"]}]}<\/script>\n<!-- \/ Yoast SEO plugin. -->","yoast_head_json":{"title":"Nuestras residencias\u00a0 - Groupe SOS","description":"La France compte pr\u00e8s d\u2019un million et demi de personnes de plus de 85 ans, dont 25\u2009% ont perdu leur autonomie. Nous g\u00e9rons 111 \u00e9tablissements et services, dont 70 \u00c9tablissements d\u2019h\u00e9bergement pour personnes \u00e2g\u00e9es d\u00e9pendantes (EHPAD) et leur proposons des services de qualit\u00e9, en lien avec les aidants familiaux, dans le respect de leur dignit\u00e9, et quel que soit le niveau de revenu.","robots":{"index":"index","follow":"follow","max-snippet":"max-snippet:-1","max-image-preview":"max-image-preview:large","max-video-preview":"max-video-preview:-1"},"canonical":"https:\/\/www.groupe-sos.org\/es\/les-personnes-vulnerables\/personnes-agees\/nos-residences\/","og_locale":"es_ES","og_type":"article","og_title":"Nuestras residencias\u00a0 - Groupe SOS","og_description":"La France compte pr\u00e8s d\u2019un million et demi de personnes de plus de 85 ans, dont 25\u2009% ont perdu leur autonomie. Nous g\u00e9rons 111 \u00e9tablissements et services, dont 70 \u00c9tablissements d\u2019h\u00e9bergement pour personnes \u00e2g\u00e9es d\u00e9pendantes (EHPAD) et leur proposons des services de qualit\u00e9, en lien avec les aidants familiaux, dans le respect de leur dignit\u00e9, et quel que soit le niveau de revenu.","og_url":"https:\/\/www.groupe-sos.org\/es\/les-personnes-vulnerables\/personnes-agees\/nos-residences\/","og_site_name":"Groupe SOS","article_publisher":"https:\/\/www.facebook.com\/GroupeSOS\/","article_modified_time":"2023-12-20T10:50:27+00:00","twitter_card":"summary_large_image","twitter_site":"@groupesos","twitter_misc":{"Tiempo de lectura":"3 minutos"},"schema":{"@context":"https:\/\/schema.org","@graph":[{"@type":"WebPage","@id":"https:\/\/www.groupe-sos.org\/es\/les-personnes-vulnerables\/personnes-agees\/nos-residences\/","url":"https:\/\/www.groupe-sos.org\/es\/les-personnes-vulnerables\/personnes-agees\/nos-residences\/","name":"Nuestras residencias\u00a0 - Groupe SOS","isPartOf":{"@id":"https:\/\/www.groupe-sos.org\/es\/#website"},"datePublished":"2022-12-06T13:14:59+00:00","dateModified":"2023-12-20T10:50:27+00:00","description":"La France compte pr\u00e8s d\u2019un million et demi de personnes de plus de 85 ans, dont 25\u2009% ont perdu leur autonomie. Nous g\u00e9rons 111 \u00e9tablissements et services, dont 70 \u00c9tablissements d\u2019h\u00e9bergement pour personnes \u00e2g\u00e9es d\u00e9pendantes (EHPAD) et leur proposons des services de qualit\u00e9, en lien avec les aidants familiaux, dans le respect de leur dignit\u00e9, et quel que soit le niveau de revenu.","breadcrumb":{"@id":"https:\/\/www.groupe-sos.org\/es\/les-personnes-vulnerables\/personnes-agees\/nos-residences\/#breadcrumb"},"inLanguage":"es","potentialAction":[{"@type":"ReadAction","target":["https:\/\/www.groupe-sos.org\/es\/les-personnes-vulnerables\/personnes-agees\/nos-residences\/"]}]},{"@type":"BreadcrumbList","@id":"https:\/\/www.groupe-sos.org\/es\/les-personnes-vulnerables\/personnes-agees\/nos-residences\/#breadcrumb","itemListElement":[{"@type":"ListItem","position":1,"name":"Home","item":"https:\/\/www.groupe-sos.org\/es\/"},{"@type":"ListItem","position":2,"name":"Para las personas vulnerables","item":"https:\/\/www.groupe-sos.org\/es\/les-personnes-vulnerables\/"},{"@type":"ListItem","position":3,"name":"Personas mayores\u00a0","item":"https:\/\/www.groupe-sos.org\/es\/les-personnes-vulnerables\/personnes-agees\/"},{"@type":"ListItem","position":4,"name":"Nuestras residencias\u00a0"}]},{"@type":"WebSite","@id":"https:\/\/www.groupe-sos.org\/es\/#website","url":"https:\/\/www.groupe-sos.org\/es\/","name":"Groupe SOS Entreprendre au profit de tous","description":"Entreprendre au profit de tous","publisher":{"@id":"https:\/\/www.groupe-sos.org\/es\/#organization"},"alternateName":"Groupe SOS","potentialAction":[{"@type":"SearchAction","target":{"@type":"EntryPoint","urlTemplate":"https:\/\/www.groupe-sos.org\/es\/?s={search_term_string}"},"query-input":{"@type":"PropertyValueSpecification","valueRequired":true,"valueName":"search_term_string"}}],"inLanguage":"es"},{"@type":"Organization","@id":"https:\/\/www.groupe-sos.org\/es\/#organization","name":"Groupe SOS","alternateName":"Entreprendre au profit de tous","url":"https:\/\/www.groupe-sos.org\/es\/","logo":{"@type":"ImageObject","inLanguage":"es","@id":"https:\/\/www.groupe-sos.org\/es\/#\/schema\/logo\/image\/","url":"https:\/\/www.groupe-sos.org\/wp-content\/uploads\/2022\/06\/groupe-sos-logo-1.png","contentUrl":"https:\/\/www.groupe-sos.org\/wp-content\/uploads\/2022\/06\/groupe-sos-logo-1.png","width":300,"height":60,"caption":"Groupe SOS"},"image":{"@id":"https:\/\/www.groupe-sos.org\/es\/#\/schema\/logo\/image\/"},"sameAs":["https:\/\/www.facebook.com\/GroupeSOS\/","https:\/\/x.com\/groupesos","https:\/\/www.instagram.com\/groupe_sos\/","https:\/\/www.linkedin.com\/company\/groupe-sos\/?originalSubdomain=fr"]}]}},"_links":{"self":[{"href":"https:\/\/www.groupe-sos.org\/es\/wp-json\/wp\/v2\/pages\/187089","targetHints":{"allow":["GET"]}}],"collection":[{"href":"https:\/\/www.groupe-sos.org\/es\/wp-json\/wp\/v2\/pages"}],"about":[{"href":"https:\/\/www.groupe-sos.org\/es\/wp-json\/wp\/v2\/types\/page"}],"author":[{"embeddable":true,"href":"https:\/\/www.groupe-sos.org\/es\/wp-json\/wp\/v2\/users\/1"}],"replies":[{"embeddable":true,"href":"https:\/\/www.groupe-sos.org\/es\/wp-json\/wp\/v2\/comments?post=187089"}],"version-history":[{"count":2,"href":"https:\/\/www.groupe-sos.org\/es\/wp-json\/wp\/v2\/pages\/187089\/revisions"}],"predecessor-version":[{"id":187099,"href":"https:\/\/www.groupe-sos.org\/es\/wp-json\/wp\/v2\/pages\/187089\/revisions\/187099"}],"up":[{"embeddable":true,"href":"https:\/\/www.groupe-sos.org\/es\/wp-json\/wp\/v2\/pages\/186678"}],"wp:attachment":[{"href":"https:\/\/www.groupe-sos.org\/es\/wp-json\/wp\/v2\/media?parent=187089"}],"wp:term":[{"taxonomy":"secteur","embeddable":true,"href":"https:\/\/www.groupe-sos.org\/es\/wp-json\/wp\/v2\/secteur?post=187089"}],"curies":[{"name":"wp","href":"https:\/\/api.w.org\/{rel}","templated":true}]}}