{"id":187103,"date":"2022-08-30T11:41:48","date_gmt":"2022-08-30T09:41:48","guid":{"rendered":"https:\/\/www.groupe-sos.org\/petite-enfance\/"},"modified":"2024-01-05T16:47:59","modified_gmt":"2024-01-05T15:47:59","slug":"petite-enfance","status":"publish","type":"page","link":"https:\/\/www.groupe-sos.org\/es\/les-generations-futures\/petite-enfance\/","title":{"rendered":"Primera infancia"},"content":{"rendered":"<div id=\"field_pow992a73f034034357\" class=\"container-fluid px-0 flexible_section heropages heropages block_hero\">\n  <div id=\"hero_pow992a73f034034357\" class=\"hero_container px-0\">\n   <div class=\"hero_image_outer\">\n    <img decoding=\"async\" src=\"https:\/\/www.groupe-sos.org\/wp-content\/uploads\/2023\/03\/GF_1_Sepanouir_des_la_petite_enfance.jpg\" alt=\"\" class=\"heroimage \" \/>\n   <\/div>\n  <\/div>\n<\/div>\n\n\n<div id=\"field_powaa8e0d09a2134e1d\" class=\"container-fluid px-0 flexible_section block_columns\">\n <div id=\"field_powaa8e0d09a2134e1d_inner\" class=\"container flexible_section_inner\">\n\n   <div class=\"row flexible_section_content\">\n\n   <div class=\"p-5 col-sm-12 colonne colonne1\">\n    <div class=\"colonne_inner  text-left\">\n<h3><span>Emprender en beneficio de las futuras generaciones<\/span><span>\u00a0<\/span><\/h3>\n<h1><span>Desarrollarse desde la primera infancia<\/span><span>\u00a0<\/span><\/h1>\n    <\/div>\n   <\/div>\n  <\/div>\n\n <\/div>\n<\/div>\n\n\n<div id=\"field_powd3e6a89f332c4d29\" class=\"container-fluid px-0 flexible_section block_breadcrumb\">\n <div id=\"field_powd3e6a89f332c4d29_inner\" class=\"container flexible_section_inner\">\n\n  <div class=\"row flexible_section_content\">\n\n   <div class=\"breadcrumb_outer\" id=\"breadcrumb_powd3e6a89f332c4d29\">\n\n   <nav aria-label=\"breadcrumb\" id=\"breadcrumb_powd3e6a89f332c4d29_nav\">\n    <ol class=\"breadcrumb\">\n<li class=\"breadcrumb-item\"><a href=\"https:\/\/www.groupe-sos.org\/es\/les-generations-futures\/\" class=\"Paralasfuturasgeneraciones \">Para las futuras generaciones<\/a><\/li>\n<li class=\"breadcrumb-item active\" aria-current=\"page\">Primera infancia<\/li>\n      <\/ol>\n   <\/nav>\n\n   <\/div>\n\n  <\/div>\n\n <\/div>\n<\/div>\n\n\n<div id=\"field_pow83659f6ce8fa4e56\" class=\"container-fluid px-0 flexible_section block_columns\">\n <div id=\"field_pow83659f6ce8fa4e56_inner\" class=\"container flexible_section_inner\">\n\n   <div class=\"row flexible_section_content\">\n\n   <div class=\"mb-3 mb-sm-0 col-sm-6 colonne colonne1\">\n    <div class=\"colonne_inner  text-left\">\n<p><b><span>Nuestra acci\u00f3n busca contribuir al desarrollo integral de cada ni\u00f1o respetando su singularidad, ritmo e historia, estimulando su despertar, su aprendizaje de autonom\u00eda y socializaci\u00f3n.<\/span><\/b><span> Tambi\u00e9n nos esforzamos por apoyar y acompa\u00f1ar a los padres, fomentando momentos de intercambio y encuentros para que puedan confiar a sus hijos con total tranquilidad.<\/span><span>\u00a0<\/span><\/p>\n    <\/div>\n   <\/div>\n   <div class=\"col-sm-6 colonne colonne2\">\n    <div class=\"colonne_inner  text-left\">\n<p><span>Abiertos a todos y en consonancia con nuestros valores de respeto a la diferencia y promoci\u00f3n de la diversidad, nuestras estructuras acogen a ni\u00f1os con discapacidad y apoyan a familias que pueden enfrentar dificultades, facilitando, en colaboraci\u00f3n con la Oficina de Empleo, el retorno al trabajo o a la formaci\u00f3n del padre\/madre.<\/span><span>\u00a0<\/span><\/p>\n    <\/div>\n   <\/div>\n  <\/div>\n\n <\/div>\n<\/div>\n\n\n<div id=\"field_pow33e87feae2d242d0\" class=\"container-fluid px-0 flexible_section block_components\">\n <div id=\"field_pow33e87feae2d242d0_inner\" class=\"container flexible_section_inner\">\n\n   <div class=\"row flexible_section_content\">\n\n   <div class=\" col-sm-6 component component_1  \">\n    <div class=\"colonne_inner \">\n  <div class=\"counters row\" id=\"counter_pow33e87feae2d242d0_1_outer\">\n   <div id=\"counter_pow33e87feae2d242d0_1_0\" class=\"counters col-12 px-3\">\n    <div class=\"counters_inner \">\n<div class=\"compteur_nosactions bg-rose\">\r\n<div class=\"h2 text-center\"><span id=\"counter_pow33e87feae2d242d0_1_0_value\">0<\/span><\/div>\r\n<div class=\"text-center\">Ni\u00f1os acogidos<\/div>\r\n<\/div>    <\/div>\n   <\/div>\n  <\/div>\n\n    <\/div>\n   <\/div>\n   <div class=\" col-sm-6 component component_2  \">\n    <div class=\"colonne_inner \">\n  <div class=\"counters row\" id=\"counter_pow33e87feae2d242d0_2_outer\">\n   <div id=\"counter_pow33e87feae2d242d0_2_0\" class=\"counters col-12 px-3\">\n    <div class=\"counters_inner \">\n<div class=\"compteur_nosactions bg-rose\">\r\n<div class=\"h2 text-center\"><span id=\"counter_pow33e87feae2d242d0_2_0_value\">0<\/span><\/div>\r\n<div class=\"text-center\">Instituciones de acogida para ni\u00f1os peque\u00f1os <\/div>\r\n<\/div>    <\/div>\n   <\/div>\n  <\/div>\n\n    <\/div>\n   <\/div>\n  <\/div>\n\n <\/div>\n<\/div>\n<script type=\"text\/javascript\">\r\n\t\t\t\tjQuery(document).ready(function() {\r\n\t\t\t\t\t\t\r\n\r\n\t\t\tjQuery('#counter_pow33e87feae2d242d0_1_outer').one('inview', function(event, isInView) {\r\n\t\t\t\tif (isInView) {\r\n\t\t\t\t\tjQuery('#counter_pow33e87feae2d242d0_1_0_value').numerator({ toValue: 3800,\r\n\t\t\teasing: 'linear',\r\n\t\t\tduration: 2000,\r\n\t\t\trounding: 0\r\n\t\t});\n\r\n\t\t\t\t} \r\n\t\t\t});\r\n\r\n\t\t\tjQuery('#counter_pow33e87feae2d242d0_2_outer').one('inview', function(event, isInView) {\r\n\t\t\t\tif (isInView) {\r\n\t\t\t\t\tjQuery('#counter_pow33e87feae2d242d0_2_0_value').numerator({ toValue: 60,\r\n\t\t\teasing: 'linear',\r\n\t\t\tduration: 2000,\r\n\t\t\trounding: 0\r\n\t\t});\n\r\n\t\t\t\t} \r\n\t\t\t});\n\r\n\t\t\t\t});\t\t\r\n\t\t\t<\/script>\n\n<div id=\"field_powae6ad59108ae4260\" class=\"container-fluid px-0 flexible_section block_adaptativetextandimage\">\n <div id=\"field_powae6ad59108ae4260_inner\" class=\"container flexible_section_inner\">\n\n   <div class=\"row no-gutters flexible_section_content adaptativeimage \" id=\"textimagebanner_powae6ad59108ae4260\">\n\n   <div class=\"col-12 col-sm-7 order-2 order-sm-1 colonne colonne1 colonne1_powae6ad59108ae4260\">\n    <div class=\"colonne_inner text-left justify-content-start\">\n<h3><span>Defensa de la Primera Infancia<\/span><span>\u00a0<\/span><\/h3>\n<p><span>Porque la guarder\u00eda tiene el poder de convertirse en un actor fuerte para compensar las desigualdades iniciales implementando proyectos educativos, el Groupe SOS defiende la \u00abPrimera Infancia\u00bb. \u00bfEl objetivo? Instar a las autoridades a abordar los desaf\u00edos de las desigualdades desde una edad temprana.<\/span><span>\u00a0<\/span><\/p>\n    <\/div>\n   <\/div>\n   <div class=\"col-12 col-sm-5 order-1 order-sm-2 colonne colonne2 colonne2_powae6ad59108ae4260\">\n   <\/div>\n  <\/div>\n\n <\/div>\n<\/div>\n\n\n<div id=\"field_pow6733eb4e2bef4df1\" class=\"container-fluid px-0 flexible_section block_innertemplate\">\n <div id=\"field_pow6733eb4e2bef4df1_inner\" class=\"container flexible_section_inner\">\n\n   <div class=\"row flexible_section_content\">\n\n\n\n<div class=\"row no-gutters flexible_section_title\"><div class=\"col-12\"><h2 class=\"flexible_section_title mb-5 text-left px-3\">Instituciones y asociaciones<\/h2><\/div><\/div>\n\n<div class=\"row no-gutters\" id=\"marques_actions\">\n<div class=\"marques_item col-12 col-sm-3 p-3\">\n <div class=\" card h-100 marques_item_inner blanklinkable\" data-dest=\"https:\/\/www.groupe-sos-education.org\/\">\n  <div class=\"card-header pb-0\"><img decoding=\"async\" src=\"https:\/\/www.groupe-sos.org\/wp-content\/uploads\/2023\/12\/OLYMPE-DE-GOUGES_LOGO_COULEUR-aspect-ratio-1-1.png\" alt=\"Ecole Mae C. Jemison\" \/><\/div>\n  <div class=\"card-body pt-0\"><h5>Ecole Mae C. Jemison<\/h5><p><span>Esta escuela ofrece a los ni\u00f1os un entorno privilegiado para aprender, desarrollarse y avanzar con confianza. Tambi\u00e9n ofrece un curr\u00edculo biling\u00fce rico y estimulante y se basa en el m\u00e9todo Montessori.<\/span><span>\u00a0<\/span><\/p>\n<br \/><a href=\"https:\/\/www.groupe-sos-education.org\/\" class=\"lightbluebutton\" target=\"_blank\">M\u00e1s informaci\u00f3n<\/a><\/div>\n <\/div>\n<\/div>\n<\/div>\n<div class=\"pagination_holder_marquesactions paginationholder text-center w-100 mt-3\"><\/div>\n\n\n\t<script>\n\n\t\tjQuery( document ).ready(function() {\n\n\t\t\tvar pagination_actionsmarques = jQuery(\".pagination_holder_marquesactions\");\n\n\t\t\tfunction setPagination_actionsmarques(){\n\t\t\t\tpagination_actionsmarques.jPages({\n\t\t\t\tcontainerID: \"marques_actions\",\n\t\t\t\tperPage: 4,\n\t\t\t\tstartPage: 1,\n\t\t\t\tstartRange: 1,\n\t\t\t\tmidRange: 3,\n\t\t\t\tendRange: 1,\n\t\t\t\tprevious : 'Prec',\n\t\t\t\tnext : 'Suiv',\n\t\t\t\tminHeight : false\n\t\t\t\t});\n\t\t\t}\n\n\t\t\tsetPagination_actionsmarques();\n    \n\t\t});\n\n\t<\/script>\n\t\n\t<style>\n\t\n\t\t.marques_item .card {}\n\t\t.marques_item .card-header { background: #FFFFFF; border-bottom: none; text-align: center; }\n\t\t.marques_item .card-header img { max-height: 300px; }\n\t\t.marques_item .card-body { position: relative; padding-bottom: 74px; }\n\t\t.marques_item .card-body .lightbluebutton { position: absolute; bottom: 10px; left: 50%; transform: translate(-50%,0); width: 90%; }\n\t\n\t<\/style>\n\n\n  <\/div>\n\n <\/div>\n<\/div>\n\n\n<div id=\"field_powf7a40261560446ad\" class=\"container-fluid px-0 flexible_section block_adaptativetextandimage\">\n <div id=\"field_powf7a40261560446ad_inner\" class=\"container flexible_section_inner\">\n\n   <div class=\"row no-gutters flexible_section_content adaptativeimage  bordertopjaune bordertopjaune\" id=\"textimagebanner_powf7a40261560446ad\">\n\n   <div class=\"col-12 col-sm-7 order-2 order-sm-2 colonne colonne1 colonne1_powf7a40261560446ad\">\n    <div class=\"colonne_inner text-left justify-content-start\">\n<h3><span>Nuestros dispositivos<\/span><span>\u00a0<\/span><\/h3>\n<p><span>El Groupe SOS cuenta con varios dispositivos de acogida y acompa\u00f1amiento en el \u00e1rea de la primera infancia. Guarder\u00edas, acogidas de padres e hijos, centros sociales, guarder\u00edas temporales, servicios de atenci\u00f3n m\u00faltiple y Relevo para Asistentes Maternales y Auxiliares Parentales (RAM-RAP): estos variados dispositivos responden a las necesidades de cada familia.<\/span><span>\u00a0<\/span><\/p>\n    <\/div>\n   <\/div>\n   <div class=\"col-12 col-sm-5 order-1 order-sm-1 colonne colonne2 colonne2_powf7a40261560446ad\">\n   <\/div>\n  <\/div>\n\n <\/div>\n<\/div>\n\n\n<div id=\"field_powd448dce919344507\" class=\"container-fluid px-0 flexible_section block_adaptativetextandimage\">\n <div id=\"field_powd448dce919344507_inner\" class=\"container flexible_section_inner\">\n\n   <div class=\"row no-gutters flexible_section_content adaptativeimage  bordertopvert bordertopvert\" id=\"textimagebanner_powd448dce919344507\">\n\n   <div class=\"col-12 col-sm-7 order-2 order-sm-1 colonne colonne1 colonne1_powd448dce919344507\">\n    <div class=\"colonne_inner text-left justify-content-start\">\n<h3><span>Promover un proyecto educativo ambicioso, clave para la igualdad de oportunidades<\/span><span>\u00a0<\/span><\/h3>\n<p><span>La guarder\u00eda juega un papel esencial en el desarrollo global del ni\u00f1o, y por lo tanto, en la igualdad de oportunidades entre las personas, cuyos efectos se perciben mucho despu\u00e9s de la infancia. Actuar desde la primera infancia, con los m\u00e1s peque\u00f1os y sus familias, es una excelente herramienta para prevenir desigualdades sociales. Nuestra voluntad: ofrecer instituciones abiertas a todos y en consonancia con valores de respeto a la diferencia y promoci\u00f3n de la diversidad, a trav\u00e9s de una atenci\u00f3n e inclusi\u00f3n de ni\u00f1os con discapacidad y de familias en dificultades.<\/span><span>\u00a0<\/span><\/p>\n    <\/div>\n   <\/div>\n   <div class=\"col-12 col-sm-5 order-1 order-sm-2 colonne colonne2 colonne2_powd448dce919344507\">\n   <\/div>\n  <\/div>\n\n <\/div>\n<\/div>\n\n\n<div id=\"field_pow7b36cbd9d4ef4f33\" class=\"container-fluid px-0 flexible_section block_adaptativetextandimage\">\n <div id=\"field_pow7b36cbd9d4ef4f33_inner\" class=\"container flexible_section_inner\">\n\n   <div class=\"row no-gutters flexible_section_content adaptativeimage  bordertoprouge bordertoprouge\" id=\"textimagebanner_pow7b36cbd9d4ef4f33\">\n\n   <div class=\"col-12 col-sm-7 order-2 order-sm-2 colonne colonne1 colonne1_pow7b36cbd9d4ef4f33\">\n    <div class=\"colonne_inner text-left justify-content-start\">\n<h3><span>Combatir los estereotipos de g\u00e9nero desde los primeros pasos<\/span><span>\u00a0<\/span><\/h3>\n<p><span>A los 4 a\u00f1os, el 70% de los ni\u00f1os piensan que lo masculino domina lo femenino. La construcci\u00f3n de estereotipos, y las desigualdades de g\u00e9nero que resultan, se forman muy temprano. Por ello, nuestra asociaci\u00f3n Crescendo trabaja para deconstruir, con profesionales, familias y ni\u00f1os, los sesgos de g\u00e9nero y ofrecer un marco global que busca una verdadera igualdad entre ni\u00f1as y ni\u00f1os.<\/span><span>\u00a0<\/span><\/p>\n    <\/div>\n   <\/div>\n   <div class=\"col-12 col-sm-5 order-1 order-sm-1 colonne colonne2 colonne2_pow7b36cbd9d4ef4f33\">\n   <\/div>\n  <\/div>\n\n <\/div>\n<\/div>\n","protected":false},"excerpt":{"rendered":"<p>Notre action vise \u00e0 contribuer \u00e0 l\u2019\u00e9panouissement de chaque enfant en respectant sa singularit\u00e9, son rythme et son histoire et\u202fen\u202fstimulant son \u00e9veil,\u202fson apprentissage de l\u2019autonomie et de la socialisation. <\/p>\n","protected":false},"author":1,"featured_media":0,"parent":187196,"menu_order":272,"comment_status":"closed","ping_status":"closed","template":"page-templates\/page-poles.php","meta":{"_acf_changed":false,"footnotes":""},"secteur":[],"class_list":["post-187103","page","type-page","status-publish","hentry"],"acf":[],"yoast_head":"<!-- This site is optimized with the Yoast SEO plugin v27.4 - https:\/\/yoast.com\/product\/yoast-seo-wordpress\/ -->\n<title>Primera infancia - Groupe SOS<\/title>\n<meta name=\"description\" content=\"Notre action vise \u00e0 contribuer \u00e0 l\u2019\u00e9panouissement de chaque enfant en respectant sa singularit\u00e9, son rythme et son histoire et\u202fen\u202fstimulant son \u00e9veil,\u202fson apprentissage de l\u2019autonomie et de la socialisation.\" \/>\n<meta name=\"robots\" content=\"index, follow, max-snippet:-1, max-image-preview:large, max-video-preview:-1\" \/>\n<link rel=\"canonical\" href=\"https:\/\/www.groupe-sos.org\/es\/les-generations-futures\/petite-enfance\/\" \/>\n<meta property=\"og:locale\" content=\"es_ES\" \/>\n<meta property=\"og:type\" content=\"article\" \/>\n<meta property=\"og:title\" content=\"Primera infancia - Groupe SOS\" \/>\n<meta property=\"og:description\" content=\"Notre action vise \u00e0 contribuer \u00e0 l\u2019\u00e9panouissement de chaque enfant en respectant sa singularit\u00e9, son rythme et son histoire et\u202fen\u202fstimulant son \u00e9veil,\u202fson apprentissage de l\u2019autonomie et de la socialisation.\" \/>\n<meta property=\"og:url\" content=\"https:\/\/www.groupe-sos.org\/es\/les-generations-futures\/petite-enfance\/\" \/>\n<meta property=\"og:site_name\" content=\"Groupe SOS\" \/>\n<meta property=\"article:publisher\" content=\"https:\/\/www.facebook.com\/GroupeSOS\/\" \/>\n<meta property=\"article:modified_time\" content=\"2024-01-05T15:47:59+00:00\" \/>\n<meta name=\"twitter:card\" content=\"summary_large_image\" \/>\n<meta name=\"twitter:site\" content=\"@groupesos\" \/>\n<meta name=\"twitter:label1\" content=\"Tiempo de lectura\" \/>\n\t<meta name=\"twitter:data1\" content=\"5 minutos\" \/>\n<script type=\"application\/ld+json\" class=\"yoast-schema-graph\">{\"@context\":\"https:\\\/\\\/schema.org\",\"@graph\":[{\"@type\":\"WebPage\",\"@id\":\"https:\\\/\\\/www.groupe-sos.org\\\/es\\\/les-generations-futures\\\/petite-enfance\\\/\",\"url\":\"https:\\\/\\\/www.groupe-sos.org\\\/es\\\/les-generations-futures\\\/petite-enfance\\\/\",\"name\":\"Primera infancia - Groupe SOS\",\"isPartOf\":{\"@id\":\"https:\\\/\\\/www.groupe-sos.org\\\/es\\\/#website\"},\"datePublished\":\"2022-08-30T09:41:48+00:00\",\"dateModified\":\"2024-01-05T15:47:59+00:00\",\"description\":\"Notre action vise \u00e0 contribuer \u00e0 l\u2019\u00e9panouissement de chaque enfant en respectant sa singularit\u00e9, son rythme et son histoire et\u202fen\u202fstimulant son \u00e9veil,\u202fson apprentissage de l\u2019autonomie et de la socialisation.\",\"breadcrumb\":{\"@id\":\"https:\\\/\\\/www.groupe-sos.org\\\/es\\\/les-generations-futures\\\/petite-enfance\\\/#breadcrumb\"},\"inLanguage\":\"es\",\"potentialAction\":[{\"@type\":\"ReadAction\",\"target\":[\"https:\\\/\\\/www.groupe-sos.org\\\/es\\\/les-generations-futures\\\/petite-enfance\\\/\"]}]},{\"@type\":\"BreadcrumbList\",\"@id\":\"https:\\\/\\\/www.groupe-sos.org\\\/es\\\/les-generations-futures\\\/petite-enfance\\\/#breadcrumb\",\"itemListElement\":[{\"@type\":\"ListItem\",\"position\":1,\"name\":\"Home\",\"item\":\"https:\\\/\\\/www.groupe-sos.org\\\/es\\\/\"},{\"@type\":\"ListItem\",\"position\":2,\"name\":\"Para las futuras generaciones\",\"item\":\"https:\\\/\\\/www.groupe-sos.org\\\/es\\\/les-generations-futures\\\/\"},{\"@type\":\"ListItem\",\"position\":3,\"name\":\"Primera infancia\"}]},{\"@type\":\"WebSite\",\"@id\":\"https:\\\/\\\/www.groupe-sos.org\\\/es\\\/#website\",\"url\":\"https:\\\/\\\/www.groupe-sos.org\\\/es\\\/\",\"name\":\"Groupe SOS Entreprendre au profit de tous\",\"description\":\"Entreprendre au profit de tous\",\"publisher\":{\"@id\":\"https:\\\/\\\/www.groupe-sos.org\\\/es\\\/#organization\"},\"alternateName\":\"Groupe SOS\",\"potentialAction\":[{\"@type\":\"SearchAction\",\"target\":{\"@type\":\"EntryPoint\",\"urlTemplate\":\"https:\\\/\\\/www.groupe-sos.org\\\/es\\\/?s={search_term_string}\"},\"query-input\":{\"@type\":\"PropertyValueSpecification\",\"valueRequired\":true,\"valueName\":\"search_term_string\"}}],\"inLanguage\":\"es\"},{\"@type\":\"Organization\",\"@id\":\"https:\\\/\\\/www.groupe-sos.org\\\/es\\\/#organization\",\"name\":\"Groupe SOS\",\"alternateName\":\"Entreprendre au profit de tous\",\"url\":\"https:\\\/\\\/www.groupe-sos.org\\\/es\\\/\",\"logo\":{\"@type\":\"ImageObject\",\"inLanguage\":\"es\",\"@id\":\"https:\\\/\\\/www.groupe-sos.org\\\/es\\\/#\\\/schema\\\/logo\\\/image\\\/\",\"url\":\"https:\\\/\\\/www.groupe-sos.org\\\/wp-content\\\/uploads\\\/2022\\\/06\\\/groupe-sos-logo-1.png\",\"contentUrl\":\"https:\\\/\\\/www.groupe-sos.org\\\/wp-content\\\/uploads\\\/2022\\\/06\\\/groupe-sos-logo-1.png\",\"width\":300,\"height\":60,\"caption\":\"Groupe SOS\"},\"image\":{\"@id\":\"https:\\\/\\\/www.groupe-sos.org\\\/es\\\/#\\\/schema\\\/logo\\\/image\\\/\"},\"sameAs\":[\"https:\\\/\\\/www.facebook.com\\\/GroupeSOS\\\/\",\"https:\\\/\\\/x.com\\\/groupesos\",\"https:\\\/\\\/www.instagram.com\\\/groupe_sos\\\/\",\"https:\\\/\\\/www.linkedin.com\\\/company\\\/groupe-sos\\\/?originalSubdomain=fr\"]}]}<\/script>\n<!-- \/ Yoast SEO plugin. -->","yoast_head_json":{"title":"Primera infancia - Groupe SOS","description":"Notre action vise \u00e0 contribuer \u00e0 l\u2019\u00e9panouissement de chaque enfant en respectant sa singularit\u00e9, son rythme et son histoire et\u202fen\u202fstimulant son \u00e9veil,\u202fson apprentissage de l\u2019autonomie et de la socialisation.","robots":{"index":"index","follow":"follow","max-snippet":"max-snippet:-1","max-image-preview":"max-image-preview:large","max-video-preview":"max-video-preview:-1"},"canonical":"https:\/\/www.groupe-sos.org\/es\/les-generations-futures\/petite-enfance\/","og_locale":"es_ES","og_type":"article","og_title":"Primera infancia - Groupe SOS","og_description":"Notre action vise \u00e0 contribuer \u00e0 l\u2019\u00e9panouissement de chaque enfant en respectant sa singularit\u00e9, son rythme et son histoire et\u202fen\u202fstimulant son \u00e9veil,\u202fson apprentissage de l\u2019autonomie et de la socialisation.","og_url":"https:\/\/www.groupe-sos.org\/es\/les-generations-futures\/petite-enfance\/","og_site_name":"Groupe SOS","article_publisher":"https:\/\/www.facebook.com\/GroupeSOS\/","article_modified_time":"2024-01-05T15:47:59+00:00","twitter_card":"summary_large_image","twitter_site":"@groupesos","twitter_misc":{"Tiempo de lectura":"5 minutos"},"schema":{"@context":"https:\/\/schema.org","@graph":[{"@type":"WebPage","@id":"https:\/\/www.groupe-sos.org\/es\/les-generations-futures\/petite-enfance\/","url":"https:\/\/www.groupe-sos.org\/es\/les-generations-futures\/petite-enfance\/","name":"Primera infancia - Groupe SOS","isPartOf":{"@id":"https:\/\/www.groupe-sos.org\/es\/#website"},"datePublished":"2022-08-30T09:41:48+00:00","dateModified":"2024-01-05T15:47:59+00:00","description":"Notre action vise \u00e0 contribuer \u00e0 l\u2019\u00e9panouissement de chaque enfant en respectant sa singularit\u00e9, son rythme et son histoire et\u202fen\u202fstimulant son \u00e9veil,\u202fson apprentissage de l\u2019autonomie et de la socialisation.","breadcrumb":{"@id":"https:\/\/www.groupe-sos.org\/es\/les-generations-futures\/petite-enfance\/#breadcrumb"},"inLanguage":"es","potentialAction":[{"@type":"ReadAction","target":["https:\/\/www.groupe-sos.org\/es\/les-generations-futures\/petite-enfance\/"]}]},{"@type":"BreadcrumbList","@id":"https:\/\/www.groupe-sos.org\/es\/les-generations-futures\/petite-enfance\/#breadcrumb","itemListElement":[{"@type":"ListItem","position":1,"name":"Home","item":"https:\/\/www.groupe-sos.org\/es\/"},{"@type":"ListItem","position":2,"name":"Para las futuras generaciones","item":"https:\/\/www.groupe-sos.org\/es\/les-generations-futures\/"},{"@type":"ListItem","position":3,"name":"Primera infancia"}]},{"@type":"WebSite","@id":"https:\/\/www.groupe-sos.org\/es\/#website","url":"https:\/\/www.groupe-sos.org\/es\/","name":"Groupe SOS Entreprendre au profit de tous","description":"Entreprendre au profit de tous","publisher":{"@id":"https:\/\/www.groupe-sos.org\/es\/#organization"},"alternateName":"Groupe SOS","potentialAction":[{"@type":"SearchAction","target":{"@type":"EntryPoint","urlTemplate":"https:\/\/www.groupe-sos.org\/es\/?s={search_term_string}"},"query-input":{"@type":"PropertyValueSpecification","valueRequired":true,"valueName":"search_term_string"}}],"inLanguage":"es"},{"@type":"Organization","@id":"https:\/\/www.groupe-sos.org\/es\/#organization","name":"Groupe SOS","alternateName":"Entreprendre au profit de tous","url":"https:\/\/www.groupe-sos.org\/es\/","logo":{"@type":"ImageObject","inLanguage":"es","@id":"https:\/\/www.groupe-sos.org\/es\/#\/schema\/logo\/image\/","url":"https:\/\/www.groupe-sos.org\/wp-content\/uploads\/2022\/06\/groupe-sos-logo-1.png","contentUrl":"https:\/\/www.groupe-sos.org\/wp-content\/uploads\/2022\/06\/groupe-sos-logo-1.png","width":300,"height":60,"caption":"Groupe SOS"},"image":{"@id":"https:\/\/www.groupe-sos.org\/es\/#\/schema\/logo\/image\/"},"sameAs":["https:\/\/www.facebook.com\/GroupeSOS\/","https:\/\/x.com\/groupesos","https:\/\/www.instagram.com\/groupe_sos\/","https:\/\/www.linkedin.com\/company\/groupe-sos\/?originalSubdomain=fr"]}]}},"_links":{"self":[{"href":"https:\/\/www.groupe-sos.org\/es\/wp-json\/wp\/v2\/pages\/187103","targetHints":{"allow":["GET"]}}],"collection":[{"href":"https:\/\/www.groupe-sos.org\/es\/wp-json\/wp\/v2\/pages"}],"about":[{"href":"https:\/\/www.groupe-sos.org\/es\/wp-json\/wp\/v2\/types\/page"}],"author":[{"embeddable":true,"href":"https:\/\/www.groupe-sos.org\/es\/wp-json\/wp\/v2\/users\/1"}],"replies":[{"embeddable":true,"href":"https:\/\/www.groupe-sos.org\/es\/wp-json\/wp\/v2\/comments?post=187103"}],"version-history":[{"count":5,"href":"https:\/\/www.groupe-sos.org\/es\/wp-json\/wp\/v2\/pages\/187103\/revisions"}],"predecessor-version":[{"id":187980,"href":"https:\/\/www.groupe-sos.org\/es\/wp-json\/wp\/v2\/pages\/187103\/revisions\/187980"}],"up":[{"embeddable":true,"href":"https:\/\/www.groupe-sos.org\/es\/wp-json\/wp\/v2\/pages\/187196"}],"wp:attachment":[{"href":"https:\/\/www.groupe-sos.org\/es\/wp-json\/wp\/v2\/media?parent=187103"}],"wp:term":[{"taxonomy":"secteur","embeddable":true,"href":"https:\/\/www.groupe-sos.org\/es\/wp-json\/wp\/v2\/secteur?post=187103"}],"curies":[{"name":"wp","href":"https:\/\/api.w.org\/{rel}","templated":true}]}}