{"id":187127,"date":"2022-12-02T14:29:50","date_gmt":"2022-12-02T13:29:50","guid":{"rendered":"https:\/\/www.groupe-sos.org\/parrainage-et-action-educative\/"},"modified":"2024-01-05T09:12:50","modified_gmt":"2024-01-05T08:12:50","slug":"parrainage-et-action-educative","status":"publish","type":"page","link":"https:\/\/www.groupe-sos.org\/es\/les-generations-futures\/enfants-en-difficultes\/parrainage-et-action-educative\/","title":{"rendered":"Apadrinamiento y acci\u00f3n social"},"content":{"rendered":"<div id=\"field_powd3fac52b15bb4b34\" class=\"container-fluid px-0 flexible_section heropages heropages block_hero\">\n  <div id=\"hero_powd3fac52b15bb4b34\" class=\"hero_container px-0\">\n   <div class=\"hero_image_outer\">\n    <img decoding=\"async\" src=\"https:\/\/www.groupe-sos.org\/wp-content\/uploads\/2022\/12\/GF_2_Parainage_et_action_educative.png\" alt=\"\" class=\"heroimage \" \/>\n   <\/div>\n  <\/div>\n<\/div>\n\n\n<div id=\"field_pow8d1cb19ee95643d0\" class=\"container-fluid px-0 flexible_section block_columns\">\n <div id=\"field_pow8d1cb19ee95643d0_inner\" class=\"container flexible_section_inner\">\n\n   <div class=\"row flexible_section_content\">\n\n   <div class=\"p-5 col-sm-12 colonne colonne1\">\n    <div class=\"colonne_inner  text-left\">\n<h3><span>Apoyar a los ni\u00f1os en dificultades o en peligro<\/span><span>\u00a0<\/span><\/h3>\n<h1><span class=\"TextRun SCXW73796828 BCX2\" lang=\"ES-ES\" xml:lang=\"ES-ES\"><span class=\"NormalTextRun SCXW73796828 BCX2\">Apadrinamiento y acci\u00f3n social<\/span><\/span><\/h1>\n    <\/div>\n   <\/div>\n  <\/div>\n\n <\/div>\n<\/div>\n\n\n<div id=\"field_powd3e6a89f332c4d29\" class=\"container-fluid px-0 flexible_section block_breadcrumb\">\n <div id=\"field_powd3e6a89f332c4d29_inner\" class=\"container flexible_section_inner\">\n\n  <div class=\"row flexible_section_content\">\n\n   <div class=\"breadcrumb_outer\" id=\"breadcrumb_powd3e6a89f332c4d29\">\n\n   <nav aria-label=\"breadcrumb\" id=\"breadcrumb_powd3e6a89f332c4d29_nav\">\n    <ol class=\"breadcrumb\">\n<li class=\"breadcrumb-item\"><a href=\"https:\/\/www.groupe-sos.org\/es\/les-generations-futures\/\" class=\"Paralasfuturasgeneraciones \">Para las futuras generaciones<\/a><\/li>\n<li class=\"breadcrumb-item\"><a href=\"https:\/\/www.groupe-sos.org\/es\/les-generations-futures\/enfants-en-difficultes\/\" class=\"Niosendificultades \">Ni\u00f1os en dificultades\u00a0<\/a><\/li>\n<li class=\"breadcrumb-item active\" aria-current=\"page\">Apadrinamiento y acci\u00f3n social<\/li>\n      <\/ol>\n   <\/nav>\n\n   <\/div>\n\n  <\/div>\n\n <\/div>\n<\/div>\n\n\n<div id=\"field_pow220a3c96fc084b61\" class=\"container-fluid px-0 flexible_section block_columns\">\n <div id=\"field_pow220a3c96fc084b61_inner\" class=\"container flexible_section_inner\">\n\n   <div class=\"row flexible_section_content\">\n\n   <div class=\"mb-3 mb-sm-0 col-sm-6 colonne colonne1\">\n    <div class=\"colonne_inner  text-left\">\n<p><span>El aislamiento social y las desigualdades afectan a demasiados j\u00f3venes. En respuesta, el apadrinamiento cercano y la educaci\u00f3n a trav\u00e9s del deporte son un formidable medio de prevenci\u00f3n para ni\u00f1os y j\u00f3venes en situaci\u00f3n de vulnerabilidad.<\/span><span>\u00a0<\/span><\/p>\n    <\/div>\n   <\/div>\n   <div class=\"col-sm-6 colonne colonne2\">\n    <div class=\"colonne_inner  text-left\">\n<p><span>Abogamos por una apertura cultural y educativa basada en el enriquecimiento mutuo, con el fin de garantizar una verdadera integraci\u00f3n y favorecer la reconstrucci\u00f3n de lazos sociales. \u00bfEl resultado? Una reducci\u00f3n de comportamientos riesgosos y un aprendizaje facilitado de la vida en sociedad. Nuestras acciones tambi\u00e9n ofrecen un verdadero apoyo a la parentalidad.<\/span><span>\u00a0<\/span><\/p>\n    <\/div>\n   <\/div>\n  <\/div>\n\n <\/div>\n<\/div>\n\n\n<div id=\"field_pow6733eb4e2bef4df1\" class=\"container-fluid px-0 flexible_section block_innertemplate\">\n <div id=\"field_pow6733eb4e2bef4df1_inner\" class=\"container flexible_section_inner\">\n\n   <div class=\"row flexible_section_content\">\n\n\n\n<div class=\"row no-gutters flexible_section_title\"><div class=\"col-12\"><h2 class=\"flexible_section_title mb-5 text-left px-3\">Instituciones y asociaciones<\/h2><\/div><\/div>\n\n<div class=\"row no-gutters\" id=\"marques_actions\">\n<div class=\"marques_item col-12 col-sm-3 p-3\">\n <div class=\" card h-100 marques_item_inner blanklinkable\" data-dest=\"https:\/\/ovalecitoyen.fr\/\">\n  <div class=\"card-header pb-0\"><img decoding=\"async\" src=\"https:\/\/www.groupe-sos.org\/wp-content\/uploads\/2023\/03\/Ovale-Citoyen.png\" alt=\"Ovale Citoyen\" \/><\/div>\n  <div class=\"card-body pt-0\"><h5>Ovale Citoyen<\/h5><p><span>El objetivo de esta ente es el de promover la inclusi\u00f3n social y profesional y luchar contra todas las formas de discriminaci\u00f3n a trav\u00e9s del deporte.<\/span><span>\u00a0<\/span><\/p>\n<br \/><a href=\"https:\/\/ovalecitoyen.fr\/\" class=\"lightbluebutton\" target=\"_blank\">M\u00e1s informaci\u00f3n<\/a><\/div>\n <\/div>\n<\/div>\n<div class=\"marques_item col-12 col-sm-3 p-3\">\n <div class=\" card h-100 marques_item_inner blanklinkable\" data-dest=\"http:\/\/parrainsparmille.org\/\">\n  <div class=\"card-header pb-0\"><img decoding=\"async\" src=\"https:\/\/www.groupe-sos.org\/wp-content\/uploads\/2022\/11\/PPM-Parrains-par-mille.png\" alt=\"Parrains par Mille\" \/><\/div>\n  <div class=\"card-body pt-0\"><h5>Parrains par Mille<\/h5><p><span>Parrains Par Mille es una asociaci\u00f3n de apadrinamiento y mentor\u00eda para ni\u00f1os y j\u00f3venes adultos en dificultad en Francia. Los voluntarios comparten tiempo y actividades con sus ahijados\/as y los\/las apoyan en todo lo que necesitan.<\/span><span>\u00a0<\/span><\/p>\n<br \/><a href=\"http:\/\/parrainsparmille.org\/\" class=\"lightbluebutton\" target=\"_blank\">M\u00e1s informaci\u00f3n<\/a><\/div>\n <\/div>\n<\/div>\n<\/div>\n<div class=\"pagination_holder_marquesactions paginationholder text-center w-100 mt-3\"><\/div>\n\n\n\t<script>\n\n\t\tjQuery( document ).ready(function() {\n\n\t\t\tvar pagination_actionsmarques = jQuery(\".pagination_holder_marquesactions\");\n\n\t\t\tfunction setPagination_actionsmarques(){\n\t\t\t\tpagination_actionsmarques.jPages({\n\t\t\t\tcontainerID: \"marques_actions\",\n\t\t\t\tperPage: 4,\n\t\t\t\tstartPage: 1,\n\t\t\t\tstartRange: 1,\n\t\t\t\tmidRange: 3,\n\t\t\t\tendRange: 1,\n\t\t\t\tprevious : 'Prec',\n\t\t\t\tnext : 'Suiv',\n\t\t\t\tminHeight : false\n\t\t\t\t});\n\t\t\t}\n\n\t\t\tsetPagination_actionsmarques();\n    \n\t\t});\n\n\t<\/script>\n\t\n\t<style>\n\t\n\t\t.marques_item .card {}\n\t\t.marques_item .card-header { background: #FFFFFF; border-bottom: none; text-align: center; }\n\t\t.marques_item .card-header img { max-height: 300px; }\n\t\t.marques_item .card-body { position: relative; padding-bottom: 74px; }\n\t\t.marques_item .card-body .lightbluebutton { position: absolute; bottom: 10px; left: 50%; transform: translate(-50%,0); width: 90%; }\n\t\n\t<\/style>\n\n\n  <\/div>\n\n <\/div>\n<\/div>\n\n\n<div id=\"field_pow946bfaaca279498c\" class=\"container-fluid px-0 flexible_section block_adaptativetextandimage\">\n <div id=\"field_pow946bfaaca279498c_inner\" class=\"container flexible_section_inner\">\n\n   <div class=\"row no-gutters flexible_section_content adaptativeimage  bordertopbleu bordertopbleu\" id=\"textimagebanner_pow946bfaaca279498c\">\n\n   <div class=\"col-12 col-sm-7 order-2 order-sm-2 colonne colonne1 colonne1_pow946bfaaca279498c\">\n    <div class=\"colonne_inner text-left justify-content-start\">\n<h3>PLAY International<\/h3>\n<p><span>PLAY International propone un m\u00e9todo de pedagog\u00eda activa y participativa, que utiliza el juego deportivo como herramienta educativa para transmitir mensajes de prevenci\u00f3n y sensibilizaci\u00f3n a ni\u00f1os entre 6 y 15 a\u00f1os. Bajo un aspecto l\u00fadico, el deporte es una excelente manera de aprender a respetar las reglas e inculcar valores. Tambi\u00e9n es una forma maravillosa de acercar a las poblaciones, derribar barreras, sensibilizar a los ni\u00f1os sobre cuestiones sociales, sanitarias y medioambientales.<\/span><span>\u00a0<\/span><\/p>\n<p><a class=\"lightbluebutton\" href=\"https:\/\/www.play-international.org\/\" target=\"_blank\" rel=\"noopener\"><span>M\u00e1s informaci\u00f3n<\/span><\/a><\/p>\n<p>&nbsp;<\/p>\n    <\/div>\n   <\/div>\n   <div class=\"col-12 col-sm-5 order-1 order-sm-1 colonne colonne2 colonne2_pow946bfaaca279498c\">\n   <\/div>\n  <\/div>\n\n <\/div>\n<\/div>\n\n\n<div id=\"field_pow7deb6df48a084bd4\" class=\"container-fluid px-0 flexible_section block_adaptativetextandimage\">\n <div id=\"field_pow7deb6df48a084bd4_inner\" class=\"container flexible_section_inner\">\n\n   <div class=\"row no-gutters flexible_section_content adaptativeimage  bordertoprouge bordertoprouge\" id=\"textimagebanner_pow7deb6df48a084bd4\">\n\n   <div class=\"col-12 col-sm-7 order-2 order-sm-1 colonne colonne1 colonne1_pow7deb6df48a084bd4\">\n    <div class=\"colonne_inner text-left justify-content-start\">\n<h3>Parrains Par Mille<\/h3>\n<p>Parrains Par Mille <span>permite que ni\u00f1os y j\u00f3venes conozcan a un padrino voluntario que vive cerca de su hogar. Provenientes de familias monoparentales o aisladas, j\u00f3venes migrantes, atendidos por profesionales de la infancia&#8230; Se escriben hermosas historias a trav\u00e9s de dos tipos de apadrinamiento ofrecidos por la asociaci\u00f3n: socio-cultural para florecer y crecer serenamente, socio-profesional como trampol\u00edn hacia la vida activa para j\u00f3venes adultos.<\/span><span>\u00a0<\/span><\/p>\n<p><a class=\"lightbluebutton\" href=\"https:\/\/ppm-asso.org\/\" target=\"_blank\" rel=\"noopener\"><span>M\u00e1s informaci\u00f3n<\/span><\/a><\/p>\n    <\/div>\n   <\/div>\n   <div class=\"col-12 col-sm-5 order-1 order-sm-2 colonne colonne2 colonne2_pow7deb6df48a084bd4\">\n   <\/div>\n  <\/div>\n\n <\/div>\n<\/div>\n\n\n<div id=\"field_pow67bd84604c1f447c\" class=\"container-fluid px-0 flexible_section block_adaptativetextandimage\">\n <div id=\"field_pow67bd84604c1f447c_inner\" class=\"container flexible_section_inner\">\n\n   <div class=\"row no-gutters flexible_section_content adaptativeimage  bordertopvert bordertopvert\" id=\"textimagebanner_pow67bd84604c1f447c\">\n\n   <div class=\"col-12 col-sm-7 order-2 order-sm-2 colonne colonne1 colonne1_pow67bd84604c1f447c\">\n    <div class=\"colonne_inner text-left justify-content-start\">\n<h3>Point Sud<\/h3>\n<p><span>La asociaci\u00f3n Point Sud ha estado respondiendo a los desaf\u00edos sociales relacionados con la juventud durante m\u00e1s de 20 a\u00f1os. Se caracteriza por un enfoque de ingenier\u00eda social que se basa en los valores solidarios del deporte, cuyos conceptos de cohesi\u00f3n, igualdad de oportunidades, aceptaci\u00f3n de diferencias y lucha contra la discriminaci\u00f3n son ejes fuertes.<\/span><span>\u00a0<\/span><\/p>\n<p><a class=\"lightbluebutton\" href=\"https:\/\/www.groupe-sos.org\/es\/structure\/point-sud\/\" target=\"_blank\" rel=\"noopener\"><span>M\u00e1s informaci\u00f3n<\/span><\/a><\/p>\n    <\/div>\n   <\/div>\n   <div class=\"col-12 col-sm-5 order-1 order-sm-1 colonne colonne2 colonne2_pow67bd84604c1f447c\">\n   <\/div>\n  <\/div>\n\n <\/div>\n<\/div>\n\n\n<div id=\"field_powd1c4a55501564b74\" class=\"container-fluid px-0 flexible_section block_adaptativetextandimage\">\n <div id=\"field_powd1c4a55501564b74_inner\" class=\"container flexible_section_inner\">\n\n   <div class=\"row no-gutters flexible_section_content adaptativeimage  bordertopjaune bordertopjaune\" id=\"textimagebanner_powd1c4a55501564b74\">\n\n   <div class=\"col-12 col-sm-7 order-2 order-sm-1 colonne colonne1 colonne1_powd1c4a55501564b74\">\n    <div class=\"colonne_inner text-left justify-content-start\">\n<h3>Adeppa<\/h3>\n<p><span>La Asociaci\u00f3n Departamental de Educaci\u00f3n Popular y Aire Libre (ADEPPA) lleva a cabo una actividad de turismo social en beneficio de grupos escolares, asociaciones, equipos deportivos, familias&#8230; permitiendo una educaci\u00f3n para el medio ambiente y el desarrollo sostenible.<\/span><span>\u00a0<\/span><\/p>\n<p><a class=\"lightbluebutton\" href=\"https:\/\/adeppa.eu\/\" target=\"_blank\" rel=\"noopener\"><span>M\u00e1s informaci\u00f3n<\/span><\/a><\/p>\n    <\/div>\n   <\/div>\n   <div class=\"col-12 col-sm-5 order-1 order-sm-2 colonne colonne2 colonne2_powd1c4a55501564b74\">\n   <\/div>\n  <\/div>\n\n <\/div>\n<\/div>\n","protected":false},"excerpt":{"rendered":"<p>Nous pr\u00f4nons une ouverture culturelle et \u00e9ducative fond\u00e9e sur l\u2019enrichissement mutuel, afin de garantir une r\u00e9elle insertion et de favoriser la reconstruction des liens sociaux.<\/p>\n","protected":false},"author":1,"featured_media":0,"parent":187140,"menu_order":282,"comment_status":"closed","ping_status":"closed","template":"page-templates\/page-poles.php","meta":{"_acf_changed":false,"footnotes":""},"secteur":[],"class_list":["post-187127","page","type-page","status-publish","hentry"],"acf":[],"yoast_head":"<!-- This site is optimized with the Yoast SEO plugin v26.5 - https:\/\/yoast.com\/wordpress\/plugins\/seo\/ -->\n<title>Apadrinamiento y acci\u00f3n social - Groupe SOS<\/title>\n<meta name=\"description\" content=\"Nous pr\u00f4nons une ouverture culturelle et \u00e9ducative fond\u00e9e sur l\u2019enrichissement mutuel, afin de garantir une r\u00e9elle insertion et de favoriser la reconstruction des liens sociaux.\" \/>\n<meta name=\"robots\" content=\"index, follow, max-snippet:-1, max-image-preview:large, max-video-preview:-1\" \/>\n<link rel=\"canonical\" href=\"https:\/\/www.groupe-sos.org\/es\/les-generations-futures\/enfants-en-difficultes\/parrainage-et-action-educative\/\" \/>\n<meta property=\"og:locale\" content=\"es_ES\" \/>\n<meta property=\"og:type\" content=\"article\" \/>\n<meta property=\"og:title\" content=\"Apadrinamiento y acci\u00f3n social - Groupe SOS\" \/>\n<meta property=\"og:description\" content=\"Nous pr\u00f4nons une ouverture culturelle et \u00e9ducative fond\u00e9e sur l\u2019enrichissement mutuel, afin de garantir une r\u00e9elle insertion et de favoriser la reconstruction des liens sociaux.\" \/>\n<meta property=\"og:url\" content=\"https:\/\/www.groupe-sos.org\/es\/les-generations-futures\/enfants-en-difficultes\/parrainage-et-action-educative\/\" \/>\n<meta property=\"og:site_name\" content=\"Groupe SOS\" \/>\n<meta property=\"article:publisher\" content=\"https:\/\/www.facebook.com\/GroupeSOS\/\" \/>\n<meta property=\"article:modified_time\" content=\"2024-01-05T08:12:50+00:00\" \/>\n<meta name=\"twitter:card\" content=\"summary_large_image\" \/>\n<meta name=\"twitter:site\" content=\"@groupesos\" \/>\n<meta name=\"twitter:label1\" content=\"Tiempo de lectura\" \/>\n\t<meta name=\"twitter:data1\" content=\"5 minutos\" \/>\n<script type=\"application\/ld+json\" class=\"yoast-schema-graph\">{\"@context\":\"https:\/\/schema.org\",\"@graph\":[{\"@type\":\"WebPage\",\"@id\":\"https:\/\/www.groupe-sos.org\/es\/les-generations-futures\/enfants-en-difficultes\/parrainage-et-action-educative\/\",\"url\":\"https:\/\/www.groupe-sos.org\/es\/les-generations-futures\/enfants-en-difficultes\/parrainage-et-action-educative\/\",\"name\":\"Apadrinamiento y acci\u00f3n social - Groupe SOS\",\"isPartOf\":{\"@id\":\"https:\/\/www.groupe-sos.org\/es\/#website\"},\"datePublished\":\"2022-12-02T13:29:50+00:00\",\"dateModified\":\"2024-01-05T08:12:50+00:00\",\"description\":\"Nous pr\u00f4nons une ouverture culturelle et \u00e9ducative fond\u00e9e sur l\u2019enrichissement mutuel, afin de garantir une r\u00e9elle insertion et de favoriser la reconstruction des liens sociaux.\",\"breadcrumb\":{\"@id\":\"https:\/\/www.groupe-sos.org\/es\/les-generations-futures\/enfants-en-difficultes\/parrainage-et-action-educative\/#breadcrumb\"},\"inLanguage\":\"es\",\"potentialAction\":[{\"@type\":\"ReadAction\",\"target\":[\"https:\/\/www.groupe-sos.org\/es\/les-generations-futures\/enfants-en-difficultes\/parrainage-et-action-educative\/\"]}]},{\"@type\":\"BreadcrumbList\",\"@id\":\"https:\/\/www.groupe-sos.org\/es\/les-generations-futures\/enfants-en-difficultes\/parrainage-et-action-educative\/#breadcrumb\",\"itemListElement\":[{\"@type\":\"ListItem\",\"position\":1,\"name\":\"Home\",\"item\":\"https:\/\/www.groupe-sos.org\/es\/\"},{\"@type\":\"ListItem\",\"position\":2,\"name\":\"Para las futuras generaciones\",\"item\":\"https:\/\/www.groupe-sos.org\/es\/les-generations-futures\/\"},{\"@type\":\"ListItem\",\"position\":3,\"name\":\"Ni\u00f1os en dificultades\u00a0\",\"item\":\"https:\/\/www.groupe-sos.org\/es\/les-generations-futures\/enfants-en-difficultes\/\"},{\"@type\":\"ListItem\",\"position\":4,\"name\":\"Apadrinamiento y acci\u00f3n social\"}]},{\"@type\":\"WebSite\",\"@id\":\"https:\/\/www.groupe-sos.org\/es\/#website\",\"url\":\"https:\/\/www.groupe-sos.org\/es\/\",\"name\":\"Groupe SOS Entreprendre au profit de tous\",\"description\":\"Entreprendre au profit de tous\",\"publisher\":{\"@id\":\"https:\/\/www.groupe-sos.org\/es\/#organization\"},\"alternateName\":\"Groupe SOS\",\"potentialAction\":[{\"@type\":\"SearchAction\",\"target\":{\"@type\":\"EntryPoint\",\"urlTemplate\":\"https:\/\/www.groupe-sos.org\/es\/?s={search_term_string}\"},\"query-input\":{\"@type\":\"PropertyValueSpecification\",\"valueRequired\":true,\"valueName\":\"search_term_string\"}}],\"inLanguage\":\"es\"},{\"@type\":\"Organization\",\"@id\":\"https:\/\/www.groupe-sos.org\/es\/#organization\",\"name\":\"Groupe SOS\",\"alternateName\":\"Entreprendre au profit de tous\",\"url\":\"https:\/\/www.groupe-sos.org\/es\/\",\"logo\":{\"@type\":\"ImageObject\",\"inLanguage\":\"es\",\"@id\":\"https:\/\/www.groupe-sos.org\/es\/#\/schema\/logo\/image\/\",\"url\":\"https:\/\/www.groupe-sos.org\/wp-content\/uploads\/2022\/06\/groupe-sos-logo-1.png\",\"contentUrl\":\"https:\/\/www.groupe-sos.org\/wp-content\/uploads\/2022\/06\/groupe-sos-logo-1.png\",\"width\":300,\"height\":60,\"caption\":\"Groupe SOS\"},\"image\":{\"@id\":\"https:\/\/www.groupe-sos.org\/es\/#\/schema\/logo\/image\/\"},\"sameAs\":[\"https:\/\/www.facebook.com\/GroupeSOS\/\",\"https:\/\/x.com\/groupesos\",\"https:\/\/www.instagram.com\/groupe_sos\/\",\"https:\/\/www.linkedin.com\/company\/groupe-sos\/?originalSubdomain=fr\"]}]}<\/script>\n<!-- \/ Yoast SEO plugin. -->","yoast_head_json":{"title":"Apadrinamiento y acci\u00f3n social - Groupe SOS","description":"Nous pr\u00f4nons une ouverture culturelle et \u00e9ducative fond\u00e9e sur l\u2019enrichissement mutuel, afin de garantir une r\u00e9elle insertion et de favoriser la reconstruction des liens sociaux.","robots":{"index":"index","follow":"follow","max-snippet":"max-snippet:-1","max-image-preview":"max-image-preview:large","max-video-preview":"max-video-preview:-1"},"canonical":"https:\/\/www.groupe-sos.org\/es\/les-generations-futures\/enfants-en-difficultes\/parrainage-et-action-educative\/","og_locale":"es_ES","og_type":"article","og_title":"Apadrinamiento y acci\u00f3n social - Groupe SOS","og_description":"Nous pr\u00f4nons une ouverture culturelle et \u00e9ducative fond\u00e9e sur l\u2019enrichissement mutuel, afin de garantir une r\u00e9elle insertion et de favoriser la reconstruction des liens sociaux.","og_url":"https:\/\/www.groupe-sos.org\/es\/les-generations-futures\/enfants-en-difficultes\/parrainage-et-action-educative\/","og_site_name":"Groupe SOS","article_publisher":"https:\/\/www.facebook.com\/GroupeSOS\/","article_modified_time":"2024-01-05T08:12:50+00:00","twitter_card":"summary_large_image","twitter_site":"@groupesos","twitter_misc":{"Tiempo de lectura":"5 minutos"},"schema":{"@context":"https:\/\/schema.org","@graph":[{"@type":"WebPage","@id":"https:\/\/www.groupe-sos.org\/es\/les-generations-futures\/enfants-en-difficultes\/parrainage-et-action-educative\/","url":"https:\/\/www.groupe-sos.org\/es\/les-generations-futures\/enfants-en-difficultes\/parrainage-et-action-educative\/","name":"Apadrinamiento y acci\u00f3n social - Groupe SOS","isPartOf":{"@id":"https:\/\/www.groupe-sos.org\/es\/#website"},"datePublished":"2022-12-02T13:29:50+00:00","dateModified":"2024-01-05T08:12:50+00:00","description":"Nous pr\u00f4nons une ouverture culturelle et \u00e9ducative fond\u00e9e sur l\u2019enrichissement mutuel, afin de garantir une r\u00e9elle insertion et de favoriser la reconstruction des liens sociaux.","breadcrumb":{"@id":"https:\/\/www.groupe-sos.org\/es\/les-generations-futures\/enfants-en-difficultes\/parrainage-et-action-educative\/#breadcrumb"},"inLanguage":"es","potentialAction":[{"@type":"ReadAction","target":["https:\/\/www.groupe-sos.org\/es\/les-generations-futures\/enfants-en-difficultes\/parrainage-et-action-educative\/"]}]},{"@type":"BreadcrumbList","@id":"https:\/\/www.groupe-sos.org\/es\/les-generations-futures\/enfants-en-difficultes\/parrainage-et-action-educative\/#breadcrumb","itemListElement":[{"@type":"ListItem","position":1,"name":"Home","item":"https:\/\/www.groupe-sos.org\/es\/"},{"@type":"ListItem","position":2,"name":"Para las futuras generaciones","item":"https:\/\/www.groupe-sos.org\/es\/les-generations-futures\/"},{"@type":"ListItem","position":3,"name":"Ni\u00f1os en dificultades\u00a0","item":"https:\/\/www.groupe-sos.org\/es\/les-generations-futures\/enfants-en-difficultes\/"},{"@type":"ListItem","position":4,"name":"Apadrinamiento y acci\u00f3n social"}]},{"@type":"WebSite","@id":"https:\/\/www.groupe-sos.org\/es\/#website","url":"https:\/\/www.groupe-sos.org\/es\/","name":"Groupe SOS Entreprendre au profit de tous","description":"Entreprendre au profit de tous","publisher":{"@id":"https:\/\/www.groupe-sos.org\/es\/#organization"},"alternateName":"Groupe SOS","potentialAction":[{"@type":"SearchAction","target":{"@type":"EntryPoint","urlTemplate":"https:\/\/www.groupe-sos.org\/es\/?s={search_term_string}"},"query-input":{"@type":"PropertyValueSpecification","valueRequired":true,"valueName":"search_term_string"}}],"inLanguage":"es"},{"@type":"Organization","@id":"https:\/\/www.groupe-sos.org\/es\/#organization","name":"Groupe SOS","alternateName":"Entreprendre au profit de tous","url":"https:\/\/www.groupe-sos.org\/es\/","logo":{"@type":"ImageObject","inLanguage":"es","@id":"https:\/\/www.groupe-sos.org\/es\/#\/schema\/logo\/image\/","url":"https:\/\/www.groupe-sos.org\/wp-content\/uploads\/2022\/06\/groupe-sos-logo-1.png","contentUrl":"https:\/\/www.groupe-sos.org\/wp-content\/uploads\/2022\/06\/groupe-sos-logo-1.png","width":300,"height":60,"caption":"Groupe SOS"},"image":{"@id":"https:\/\/www.groupe-sos.org\/es\/#\/schema\/logo\/image\/"},"sameAs":["https:\/\/www.facebook.com\/GroupeSOS\/","https:\/\/x.com\/groupesos","https:\/\/www.instagram.com\/groupe_sos\/","https:\/\/www.linkedin.com\/company\/groupe-sos\/?originalSubdomain=fr"]}]}},"_links":{"self":[{"href":"https:\/\/www.groupe-sos.org\/es\/wp-json\/wp\/v2\/pages\/187127","targetHints":{"allow":["GET"]}}],"collection":[{"href":"https:\/\/www.groupe-sos.org\/es\/wp-json\/wp\/v2\/pages"}],"about":[{"href":"https:\/\/www.groupe-sos.org\/es\/wp-json\/wp\/v2\/types\/page"}],"author":[{"embeddable":true,"href":"https:\/\/www.groupe-sos.org\/es\/wp-json\/wp\/v2\/users\/1"}],"replies":[{"embeddable":true,"href":"https:\/\/www.groupe-sos.org\/es\/wp-json\/wp\/v2\/comments?post=187127"}],"version-history":[{"count":4,"href":"https:\/\/www.groupe-sos.org\/es\/wp-json\/wp\/v2\/pages\/187127\/revisions"}],"predecessor-version":[{"id":187813,"href":"https:\/\/www.groupe-sos.org\/es\/wp-json\/wp\/v2\/pages\/187127\/revisions\/187813"}],"up":[{"embeddable":true,"href":"https:\/\/www.groupe-sos.org\/es\/wp-json\/wp\/v2\/pages\/187140"}],"wp:attachment":[{"href":"https:\/\/www.groupe-sos.org\/es\/wp-json\/wp\/v2\/media?parent=187127"}],"wp:term":[{"taxonomy":"secteur","embeddable":true,"href":"https:\/\/www.groupe-sos.org\/es\/wp-json\/wp\/v2\/secteur?post=187127"}],"curies":[{"name":"wp","href":"https:\/\/api.w.org\/{rel}","templated":true}]}}