{"id":187148,"date":"2022-08-30T11:42:49","date_gmt":"2022-08-30T09:42:49","guid":{"rendered":"https:\/\/www.groupe-sos.org\/jeunes-sans-emploi-ni-formation\/"},"modified":"2025-03-18T11:11:58","modified_gmt":"2025-03-18T10:11:58","slug":"jeunes-sans-emploi-ni-formation","status":"publish","type":"page","link":"https:\/\/www.groupe-sos.org\/es\/les-generations-futures\/jeunes-sans-emploi-ni-formation\/","title":{"rendered":"J\u00f3venes sin empleo ni formaci\u00f3n\u00a0"},"content":{"rendered":"<div id=\"field_powa90f5a9b92b84f2e\" class=\"container-fluid px-0 flexible_section heropages heropages block_hero\">\n  <div id=\"hero_powa90f5a9b92b84f2e\" class=\"hero_container px-0\">\n   <div class=\"hero_image_outer\">\n    <img decoding=\"async\" src=\"https:\/\/www.groupe-sos.org\/wp-content\/uploads\/2022\/12\/GF_1_Accompagner_les_jeunes_sans_emploi_ni_formation.jpg\" alt=\"\" class=\"heroimage \" \/>\n   <\/div>\n  <\/div>\n<\/div>\n\n\n<div id=\"field_pow567a5e5e29f14c31\" class=\"container-fluid px-0 flexible_section block_columns\">\n <div id=\"field_pow567a5e5e29f14c31_inner\" class=\"container flexible_section_inner\">\n\n   <div class=\"row flexible_section_content\">\n\n   <div class=\"p-5 col-sm-12 colonne colonne1\">\n    <div class=\"colonne_inner  text-left\">\n<h3><span>Emprender en beneficio de las futuras generaciones<\/span><span>\u00a0<\/span><\/h3>\n<h1><span>Apoyar a los j\u00f3venes sin empleo ni formaci\u00f3n<\/span><span>\u00a0<\/span><\/h1>\n    <\/div>\n   <\/div>\n  <\/div>\n\n <\/div>\n<\/div>\n\n\n<div id=\"field_powbff310fef1f641a1\" class=\"container-fluid px-0 flexible_section block_columns\">\n <div id=\"field_powbff310fef1f641a1_inner\" class=\"container flexible_section_inner\">\n\n   <div class=\"row flexible_section_content\">\n\n   <div class=\"mb-3 mb-sm-0 col-sm-6 colonne colonne1\">\n    <div class=\"colonne_inner  text-left\">\n<p><span>En el Groupe SOS, ofrecemos apoyo a los j\u00f3venes sin empleo ni <\/span><span>formaci\u00f3n a trav\u00e9s de nuestras plataformas de asistencia y formaciones <\/span><span>cualificantes<\/span><span>.<\/span><span>\u00a0<\/span><\/p>\n    <\/div>\n   <\/div>\n   <div class=\"col-sm-6 colonne colonne2\">\n    <div class=\"colonne_inner  text-left\">\n<p><span>Nuestros dispositivos garantizan un seguimiento individualizado, considerando las trayectorias, dificultades, pero sobre todo las cualidades humanas y profesionales de c<\/span><span>ada uno.<\/span><span>\u00a0<\/span><\/p>\n    <\/div>\n   <\/div>\n  <\/div>\n\n <\/div>\n<\/div>\n\n\n<div id=\"field_pow3d4c6b2182a64fe2\" class=\"container-fluid px-0 flexible_section block_adaptativetextandimage\">\n <div id=\"field_pow3d4c6b2182a64fe2_inner\" class=\"container flexible_section_inner\">\n\n   <div class=\"row no-gutters flexible_section_content adaptativeimage  bordertopbleu bordertopbleu\" id=\"textimagebanner_pow3d4c6b2182a64fe2\">\n\n   <div class=\"col-12 col-sm-7 order-2 order-sm-2 colonne colonne1 colonne1_pow3d4c6b2182a64fe2\">\n    <div class=\"colonne_inner text-left justify-content-start\">\n<h3>PREPAPP<\/h3>\n<p><span>PREPAPP tiene como objetivo apoyar a los j\u00f3venes NEET de 16 a 29 a\u00f1os que residen en los Barrios Prioritarios de la Pol\u00edtica de la Ciudad hacia una formaci\u00f3n de Auxiliar de Enfermer\u00eda o de Acompa\u00f1ante Educativo y Social en aprendizaje.<\/span><span>\u00a0<\/span><\/p>\n<ul>\n<li><span>Las razones de este proyecto:<\/span><span>\u00a0<\/span><\/li>\n<li><span>Promover profesiones con alta demanda y utilidad social<\/span><span>\u00a0<\/span><\/li>\n<li><span>Centrar la acci\u00f3n cerca de los territorios para reactivar a los j\u00f3venes y prepararlos mejor para un inicio en alternancia<\/span><span>\u00a0<\/span><\/li>\n<li><span>Superar las barreras perif\u00e9ricas para la inse<\/span><span>rci\u00f3n y ofrecer una soluci\u00f3n positiva para todos<\/span><span>\u00a0<\/span><\/li>\n<li><span>Involucrar a los empleadores en la integraci\u00f3n de nuevos perfiles<\/span><span>\u00a0<\/span><\/li>\n<\/ul>\n<p><a class=\"lightbluebutton\" href=\"https:\/\/www.formation-prepapp.org\/\" target=\"_blank\" rel=\"noopener\"><span>M\u00e1s informaci\u00f3n<\/span><\/a><\/p>\n    <\/div>\n   <\/div>\n   <div class=\"col-12 col-sm-5 order-1 order-sm-1 colonne colonne2 colonne2_pow3d4c6b2182a64fe2\">\n   <\/div>\n  <\/div>\n\n <\/div>\n<\/div>\n\n\n<div id=\"field_powe0a9af9285e34532\" class=\"container-fluid px-0 flexible_section block_adaptativetextandimage\">\n <div id=\"field_powe0a9af9285e34532_inner\" class=\"container flexible_section_inner\">\n\n   <div class=\"row no-gutters flexible_section_content adaptativeimage  bordertopjaune bordertopjaune\" id=\"textimagebanner_powe0a9af9285e34532\">\n\n   <div class=\"col-12 col-sm-7 order-2 order-sm-1 colonne colonne1 colonne1_powe0a9af9285e34532\">\n    <div class=\"colonne_inner text-left justify-content-start\">\n<h3>Teame<\/h3>\n<p><span>El programa Teame, llevado a cabo por nuestra estructura Plataforma I, tiene como objetivo reactivar a los j\u00f3venes<\/span><span> m\u00e1s vulnerables al hacerlos participar en la creaci\u00f3n de un proyecto colectivo. Este programa permite desarrollar su capacidad de actuar y experimentar la gesti\u00f3n y vida real en una empresa.<\/span><span>\u00a0<\/span><\/p>\n<p><a class=\"lightbluebutton\" href=\"https:\/\/www.plateforme-i.fr\/\" target=\"_blank\" rel=\"noopener\"><span>M\u00e1s informaci\u00f3n<\/span><\/a><\/p>\n    <\/div>\n   <\/div>\n   <div class=\"col-12 col-sm-5 order-1 order-sm-2 colonne colonne2 colonne2_powe0a9af9285e34532\">\n   <\/div>\n  <\/div>\n\n <\/div>\n<\/div>\n\n\n<div id=\"field_pow5f217247078c49fb\" class=\"container-fluid px-0 flexible_section block_adaptativetextandimage\">\n <div id=\"field_pow5f217247078c49fb_inner\" class=\"container flexible_section_inner\">\n\n   <div class=\"row no-gutters flexible_section_content adaptativeimage  bordertopvert\" id=\"textimagebanner_pow5f217247078c49fb\">\n\n   <div class=\"col-12 col-sm-7 order-2 order-sm-2 colonne colonne1 colonne1_pow5f217247078c49fb\">\n    <div class=\"colonne_inner text-left justify-content-start\">\n<h3><span>Todo Incluido<\/span><span>\u00a0<\/span><\/h3>\n<p><span>Desde 2021, el Groupe SOS ofrece una formaci\u00f3n para el puesto de auxiliar de enfermer\u00eda adaptada a personas con discapacidad: Todo incluido. Incluye un aprendizaje colectivo de habilidades b\u00e1sicas (franc\u00e9s, matem\u00e1ticas, digitalizaci\u00f3n&#8230;), conocimientos del sector (higiene, seguridad&#8230;<\/span><span>) y saber ser en el entorno profesional. Se ofrece una pr\u00e1ctica de 2 semanas en inmersi\u00f3n en nuestros establecimientos, que puede llevar a una oferta de alternancia en una estructura del Groupe SOS.<\/span><span>\u00a0<\/span><\/p>\n    <\/div>\n   <\/div>\n   <div class=\"col-12 col-sm-5 order-1 order-sm-1 colonne colonne2 colonne2_pow5f217247078c49fb\">\n   <\/div>\n  <\/div>\n\n <\/div>\n<\/div>\n\n\n<div id=\"field_pow80297b5399c14895\" class=\"container-fluid px-0 flexible_section block_adaptativetextandimage\">\n <div id=\"field_pow80297b5399c14895_inner\" class=\"container flexible_section_inner\">\n\n   <div class=\"row no-gutters flexible_section_content adaptativeimage  bordertoprouge bordertoprouge\" id=\"textimagebanner_pow80297b5399c14895\">\n\n   <div class=\"col-12 col-sm-6 order-2 order-sm-1 colonne colonne1 colonne1_pow80297b5399c14895\">\n    <div class=\"colonne_inner text-left justify-content-start\">\n<h3><span>La inclusi\u00f3n profesional en el Groupe SOS<\/span><span>\u00a0<\/span><\/h3>\n<p><span>El Groupe SOS es<\/span><span>t\u00e1 comprometido con la inclusi\u00f3n profesional de todos, independientemente de la edad, situaci\u00f3n administrativa, nacionalidad&#8230; <\/span><span>Nuestra <\/span><span>convicci\u00f3n<\/span><span>: el empleo es un excelente medio de integraci\u00f3n en la sociedad. <\/span><span>Porque ampl\u00eda nuestros c\u00edrculos de conocimiento, permite salir del aislamiento social y tambi\u00e9n es una forma de realizaci\u00f3n para muchas personas. Pero los obst\u00e1culos para el empleo son muchos: movilidad, situaci\u00f3n familiar, salud, acceso a una vivienda digna&#8230; En el Groupe SOS, ofrecemos un regreso s<\/span><span>ostenible al empleo, a trav\u00e9s de muchos dispositivos que act\u00faan en el entorno profesional y tambi\u00e9n ayudan a superar las barreras perif\u00e9ricas. Nuestros dispositivos garantizan un seguimiento individualizado, teniendo en cuenta las trayectorias, dificultade<\/span><span>s y, sobre todo, las cualidades humanas y profesionales de cada uno.<\/span><span>\u00a0<\/span><\/p>\n<p><a class=\"lightbluebutton\" href=\"https:\/\/www.groupe-sos.org\/es\/les-personnes-vulnerables\/personnes-eloignees-de-lemploi\/\" target=\"_blank\" rel=\"noopener\"><span>M\u00e1s informaci\u00f3n<\/span><\/a><\/p>\n    <\/div>\n   <\/div>\n   <div class=\"col-12 col-sm-6 order-1 order-sm-2 colonne colonne2 colonne2_pow80297b5399c14895\">\n   <\/div>\n  <\/div>\n\n <\/div>\n<\/div>\n\n\n<div id=\"field_pow6733eb4e2bef4df1\" class=\"container-fluid px-0 flexible_section block_innertemplate\">\n <div id=\"field_pow6733eb4e2bef4df1_inner\" class=\"container flexible_section_inner\">\n\n   <div class=\"row flexible_section_content\">\n\n  <\/div>\n\n <\/div>\n<\/div>\n","protected":false},"excerpt":{"rendered":"<p>Au Groupe SOS, nous proposons d\u2019accompagner les jeunes sans emploi ni formation gr\u00e2ce \u00e0 nos plateformes d\u2019accompagnement et des formations qualifiantes. <\/p>\n","protected":false},"author":1,"featured_media":0,"parent":187196,"menu_order":282,"comment_status":"closed","ping_status":"closed","template":"page-templates\/page-poles.php","meta":{"_acf_changed":false,"footnotes":""},"secteur":[],"class_list":["post-187148","page","type-page","status-publish","hentry"],"acf":[],"yoast_head":"<!-- This site is optimized with the Yoast SEO plugin v26.5 - https:\/\/yoast.com\/wordpress\/plugins\/seo\/ -->\n<title>J\u00f3venes sin empleo ni formaci\u00f3n\u00a0 - Groupe SOS<\/title>\n<meta name=\"description\" content=\"Au Groupe SOS, nous proposons d\u2019accompagner les jeunes sans emploi ni formation gr\u00e2ce \u00e0 nos plateformes d\u2019accompagnement et des formations qualifiantes.\" \/>\n<meta name=\"robots\" content=\"index, follow, max-snippet:-1, max-image-preview:large, max-video-preview:-1\" \/>\n<link rel=\"canonical\" href=\"https:\/\/www.groupe-sos.org\/es\/les-generations-futures\/jeunes-sans-emploi-ni-formation\/\" \/>\n<meta property=\"og:locale\" content=\"es_ES\" \/>\n<meta property=\"og:type\" content=\"article\" \/>\n<meta property=\"og:title\" content=\"J\u00f3venes sin empleo ni formaci\u00f3n\u00a0 - Groupe SOS\" \/>\n<meta property=\"og:description\" content=\"Au Groupe SOS, nous proposons d\u2019accompagner les jeunes sans emploi ni formation gr\u00e2ce \u00e0 nos plateformes d\u2019accompagnement et des formations qualifiantes.\" \/>\n<meta property=\"og:url\" content=\"https:\/\/www.groupe-sos.org\/es\/les-generations-futures\/jeunes-sans-emploi-ni-formation\/\" \/>\n<meta property=\"og:site_name\" content=\"Groupe SOS\" \/>\n<meta property=\"article:publisher\" content=\"https:\/\/www.facebook.com\/GroupeSOS\/\" \/>\n<meta property=\"article:modified_time\" content=\"2025-03-18T10:11:58+00:00\" \/>\n<meta name=\"twitter:card\" content=\"summary_large_image\" \/>\n<meta name=\"twitter:site\" content=\"@groupesos\" \/>\n<meta name=\"twitter:label1\" content=\"Tiempo de lectura\" \/>\n\t<meta name=\"twitter:data1\" content=\"3 minutos\" \/>\n<script type=\"application\/ld+json\" class=\"yoast-schema-graph\">{\"@context\":\"https:\/\/schema.org\",\"@graph\":[{\"@type\":\"WebPage\",\"@id\":\"https:\/\/www.groupe-sos.org\/es\/les-generations-futures\/jeunes-sans-emploi-ni-formation\/\",\"url\":\"https:\/\/www.groupe-sos.org\/es\/les-generations-futures\/jeunes-sans-emploi-ni-formation\/\",\"name\":\"J\u00f3venes sin empleo ni formaci\u00f3n\u00a0 - Groupe SOS\",\"isPartOf\":{\"@id\":\"https:\/\/www.groupe-sos.org\/es\/#website\"},\"datePublished\":\"2022-08-30T09:42:49+00:00\",\"dateModified\":\"2025-03-18T10:11:58+00:00\",\"description\":\"Au Groupe SOS, nous proposons d\u2019accompagner les jeunes sans emploi ni formation gr\u00e2ce \u00e0 nos plateformes d\u2019accompagnement et des formations qualifiantes.\",\"breadcrumb\":{\"@id\":\"https:\/\/www.groupe-sos.org\/es\/les-generations-futures\/jeunes-sans-emploi-ni-formation\/#breadcrumb\"},\"inLanguage\":\"es\",\"potentialAction\":[{\"@type\":\"ReadAction\",\"target\":[\"https:\/\/www.groupe-sos.org\/es\/les-generations-futures\/jeunes-sans-emploi-ni-formation\/\"]}]},{\"@type\":\"BreadcrumbList\",\"@id\":\"https:\/\/www.groupe-sos.org\/es\/les-generations-futures\/jeunes-sans-emploi-ni-formation\/#breadcrumb\",\"itemListElement\":[{\"@type\":\"ListItem\",\"position\":1,\"name\":\"Home\",\"item\":\"https:\/\/www.groupe-sos.org\/es\/\"},{\"@type\":\"ListItem\",\"position\":2,\"name\":\"Para las futuras generaciones\",\"item\":\"https:\/\/www.groupe-sos.org\/es\/les-generations-futures\/\"},{\"@type\":\"ListItem\",\"position\":3,\"name\":\"J\u00f3venes sin empleo ni formaci\u00f3n\u00a0\"}]},{\"@type\":\"WebSite\",\"@id\":\"https:\/\/www.groupe-sos.org\/es\/#website\",\"url\":\"https:\/\/www.groupe-sos.org\/es\/\",\"name\":\"Groupe SOS Entreprendre au profit de tous\",\"description\":\"Entreprendre au profit de tous\",\"publisher\":{\"@id\":\"https:\/\/www.groupe-sos.org\/es\/#organization\"},\"alternateName\":\"Groupe SOS\",\"potentialAction\":[{\"@type\":\"SearchAction\",\"target\":{\"@type\":\"EntryPoint\",\"urlTemplate\":\"https:\/\/www.groupe-sos.org\/es\/?s={search_term_string}\"},\"query-input\":{\"@type\":\"PropertyValueSpecification\",\"valueRequired\":true,\"valueName\":\"search_term_string\"}}],\"inLanguage\":\"es\"},{\"@type\":\"Organization\",\"@id\":\"https:\/\/www.groupe-sos.org\/es\/#organization\",\"name\":\"Groupe SOS\",\"alternateName\":\"Entreprendre au profit de tous\",\"url\":\"https:\/\/www.groupe-sos.org\/es\/\",\"logo\":{\"@type\":\"ImageObject\",\"inLanguage\":\"es\",\"@id\":\"https:\/\/www.groupe-sos.org\/es\/#\/schema\/logo\/image\/\",\"url\":\"https:\/\/www.groupe-sos.org\/wp-content\/uploads\/2022\/06\/groupe-sos-logo-1.png\",\"contentUrl\":\"https:\/\/www.groupe-sos.org\/wp-content\/uploads\/2022\/06\/groupe-sos-logo-1.png\",\"width\":300,\"height\":60,\"caption\":\"Groupe SOS\"},\"image\":{\"@id\":\"https:\/\/www.groupe-sos.org\/es\/#\/schema\/logo\/image\/\"},\"sameAs\":[\"https:\/\/www.facebook.com\/GroupeSOS\/\",\"https:\/\/x.com\/groupesos\",\"https:\/\/www.instagram.com\/groupe_sos\/\",\"https:\/\/www.linkedin.com\/company\/groupe-sos\/?originalSubdomain=fr\"]}]}<\/script>\n<!-- \/ Yoast SEO plugin. -->","yoast_head_json":{"title":"J\u00f3venes sin empleo ni formaci\u00f3n\u00a0 - Groupe SOS","description":"Au Groupe SOS, nous proposons d\u2019accompagner les jeunes sans emploi ni formation gr\u00e2ce \u00e0 nos plateformes d\u2019accompagnement et des formations qualifiantes.","robots":{"index":"index","follow":"follow","max-snippet":"max-snippet:-1","max-image-preview":"max-image-preview:large","max-video-preview":"max-video-preview:-1"},"canonical":"https:\/\/www.groupe-sos.org\/es\/les-generations-futures\/jeunes-sans-emploi-ni-formation\/","og_locale":"es_ES","og_type":"article","og_title":"J\u00f3venes sin empleo ni formaci\u00f3n\u00a0 - Groupe SOS","og_description":"Au Groupe SOS, nous proposons d\u2019accompagner les jeunes sans emploi ni formation gr\u00e2ce \u00e0 nos plateformes d\u2019accompagnement et des formations qualifiantes.","og_url":"https:\/\/www.groupe-sos.org\/es\/les-generations-futures\/jeunes-sans-emploi-ni-formation\/","og_site_name":"Groupe SOS","article_publisher":"https:\/\/www.facebook.com\/GroupeSOS\/","article_modified_time":"2025-03-18T10:11:58+00:00","twitter_card":"summary_large_image","twitter_site":"@groupesos","twitter_misc":{"Tiempo de lectura":"3 minutos"},"schema":{"@context":"https:\/\/schema.org","@graph":[{"@type":"WebPage","@id":"https:\/\/www.groupe-sos.org\/es\/les-generations-futures\/jeunes-sans-emploi-ni-formation\/","url":"https:\/\/www.groupe-sos.org\/es\/les-generations-futures\/jeunes-sans-emploi-ni-formation\/","name":"J\u00f3venes sin empleo ni formaci\u00f3n\u00a0 - Groupe SOS","isPartOf":{"@id":"https:\/\/www.groupe-sos.org\/es\/#website"},"datePublished":"2022-08-30T09:42:49+00:00","dateModified":"2025-03-18T10:11:58+00:00","description":"Au Groupe SOS, nous proposons d\u2019accompagner les jeunes sans emploi ni formation gr\u00e2ce \u00e0 nos plateformes d\u2019accompagnement et des formations qualifiantes.","breadcrumb":{"@id":"https:\/\/www.groupe-sos.org\/es\/les-generations-futures\/jeunes-sans-emploi-ni-formation\/#breadcrumb"},"inLanguage":"es","potentialAction":[{"@type":"ReadAction","target":["https:\/\/www.groupe-sos.org\/es\/les-generations-futures\/jeunes-sans-emploi-ni-formation\/"]}]},{"@type":"BreadcrumbList","@id":"https:\/\/www.groupe-sos.org\/es\/les-generations-futures\/jeunes-sans-emploi-ni-formation\/#breadcrumb","itemListElement":[{"@type":"ListItem","position":1,"name":"Home","item":"https:\/\/www.groupe-sos.org\/es\/"},{"@type":"ListItem","position":2,"name":"Para las futuras generaciones","item":"https:\/\/www.groupe-sos.org\/es\/les-generations-futures\/"},{"@type":"ListItem","position":3,"name":"J\u00f3venes sin empleo ni formaci\u00f3n\u00a0"}]},{"@type":"WebSite","@id":"https:\/\/www.groupe-sos.org\/es\/#website","url":"https:\/\/www.groupe-sos.org\/es\/","name":"Groupe SOS Entreprendre au profit de tous","description":"Entreprendre au profit de tous","publisher":{"@id":"https:\/\/www.groupe-sos.org\/es\/#organization"},"alternateName":"Groupe SOS","potentialAction":[{"@type":"SearchAction","target":{"@type":"EntryPoint","urlTemplate":"https:\/\/www.groupe-sos.org\/es\/?s={search_term_string}"},"query-input":{"@type":"PropertyValueSpecification","valueRequired":true,"valueName":"search_term_string"}}],"inLanguage":"es"},{"@type":"Organization","@id":"https:\/\/www.groupe-sos.org\/es\/#organization","name":"Groupe SOS","alternateName":"Entreprendre au profit de tous","url":"https:\/\/www.groupe-sos.org\/es\/","logo":{"@type":"ImageObject","inLanguage":"es","@id":"https:\/\/www.groupe-sos.org\/es\/#\/schema\/logo\/image\/","url":"https:\/\/www.groupe-sos.org\/wp-content\/uploads\/2022\/06\/groupe-sos-logo-1.png","contentUrl":"https:\/\/www.groupe-sos.org\/wp-content\/uploads\/2022\/06\/groupe-sos-logo-1.png","width":300,"height":60,"caption":"Groupe SOS"},"image":{"@id":"https:\/\/www.groupe-sos.org\/es\/#\/schema\/logo\/image\/"},"sameAs":["https:\/\/www.facebook.com\/GroupeSOS\/","https:\/\/x.com\/groupesos","https:\/\/www.instagram.com\/groupe_sos\/","https:\/\/www.linkedin.com\/company\/groupe-sos\/?originalSubdomain=fr"]}]}},"_links":{"self":[{"href":"https:\/\/www.groupe-sos.org\/es\/wp-json\/wp\/v2\/pages\/187148","targetHints":{"allow":["GET"]}}],"collection":[{"href":"https:\/\/www.groupe-sos.org\/es\/wp-json\/wp\/v2\/pages"}],"about":[{"href":"https:\/\/www.groupe-sos.org\/es\/wp-json\/wp\/v2\/types\/page"}],"author":[{"embeddable":true,"href":"https:\/\/www.groupe-sos.org\/es\/wp-json\/wp\/v2\/users\/1"}],"replies":[{"embeddable":true,"href":"https:\/\/www.groupe-sos.org\/es\/wp-json\/wp\/v2\/comments?post=187148"}],"version-history":[{"count":5,"href":"https:\/\/www.groupe-sos.org\/es\/wp-json\/wp\/v2\/pages\/187148\/revisions"}],"predecessor-version":[{"id":212139,"href":"https:\/\/www.groupe-sos.org\/es\/wp-json\/wp\/v2\/pages\/187148\/revisions\/212139"}],"up":[{"embeddable":true,"href":"https:\/\/www.groupe-sos.org\/es\/wp-json\/wp\/v2\/pages\/187196"}],"wp:attachment":[{"href":"https:\/\/www.groupe-sos.org\/es\/wp-json\/wp\/v2\/media?parent=187148"}],"wp:term":[{"taxonomy":"secteur","embeddable":true,"href":"https:\/\/www.groupe-sos.org\/es\/wp-json\/wp\/v2\/secteur?post=187148"}],"curies":[{"name":"wp","href":"https:\/\/api.w.org\/{rel}","templated":true}]}}