{"id":187157,"date":"2022-08-30T11:50:32","date_gmt":"2022-08-30T09:50:32","guid":{"rendered":"https:\/\/www.groupe-sos.org\/activites-de-conseil\/"},"modified":"2025-03-18T11:14:52","modified_gmt":"2025-03-18T10:14:52","slug":"activites-de-conseil","status":"publish","type":"page","link":"https:\/\/www.groupe-sos.org\/es\/les-generations-futures\/activites-de-conseil\/","title":{"rendered":"Asesoramiento"},"content":{"rendered":"<div id=\"field_pow618cafd67d114109\" class=\"container-fluid px-0 flexible_section heropages heropages block_hero\">\n  <div id=\"hero_pow618cafd67d114109\" class=\"hero_container px-0\">\n   <div class=\"hero_image_outer\">\n    <img decoding=\"async\" src=\"https:\/\/www.groupe-sos.org\/wp-content\/uploads\/2022\/12\/GF_1_Conseiller_les_acteurs_publics-et_prive_sur_lanticipation_de_lavenir1-1.jpg\" alt=\"\" class=\"heroimage \" \/>\n   <\/div>\n  <\/div>\n<\/div>\n\n\n<div id=\"field_pow854d2f90dfe04a2f\" class=\"container-fluid px-0 flexible_section block_columns\">\n <div id=\"field_pow854d2f90dfe04a2f_inner\" class=\"container flexible_section_inner\">\n\n   <div class=\"row flexible_section_content\">\n\n   <div class=\"p-5 col-sm-12 colonne colonne1\">\n    <div class=\"colonne_inner  text-left\">\n<h3><span>Emprender en beneficio de las futuras generaciones<\/span><span>\u00a0<\/span><\/h3>\n<h1><span>Asesorar a los actores p\u00fablicos y privados para anticiparse al futuro<\/span><span>\u00a0<\/span><\/h1>\n    <\/div>\n   <\/div>\n  <\/div>\n\n <\/div>\n<\/div>\n\n\n<div id=\"field_powd3e6a89f332c4d29\" class=\"container-fluid px-0 flexible_section block_breadcrumb\">\n <div id=\"field_powd3e6a89f332c4d29_inner\" class=\"container flexible_section_inner\">\n\n  <div class=\"row flexible_section_content\">\n\n   <div class=\"breadcrumb_outer\" id=\"breadcrumb_powd3e6a89f332c4d29\">\n\n   <nav aria-label=\"breadcrumb\" id=\"breadcrumb_powd3e6a89f332c4d29_nav\">\n    <ol class=\"breadcrumb\">\n<li class=\"breadcrumb-item\"><a href=\"https:\/\/www.groupe-sos.org\/es\/les-generations-futures\/\" class=\"Paralasfuturasgeneraciones \">Para las futuras generaciones<\/a><\/li>\n<li class=\"breadcrumb-item active\" aria-current=\"page\">Asesoramiento<\/li>\n      <\/ol>\n   <\/nav>\n\n   <\/div>\n\n  <\/div>\n\n <\/div>\n<\/div>\n\n\n<div id=\"field_pow31ec14cc4dd1480e\" class=\"container-fluid px-0 flexible_section block_columns\">\n <div id=\"field_pow31ec14cc4dd1480e_inner\" class=\"container flexible_section_inner\">\n\n   <div class=\"row flexible_section_content\">\n\n   <div class=\"mb-3 mb-sm-0 col-sm-6 colonne colonne1\">\n    <div class=\"colonne_inner  text-left\">\n<p><b><span>Para ayudar a los actores p\u00fablicos y privados a anticiparse al futuro y para ayudarles a tener un enfoque responsable, el Groupe SOS cuenta con varias organizaciones de consultor\u00eda que toman en cuenta los problemas sociales y ambientales actuales.<\/span><\/b><span>\u00a0<\/span><\/p>\n    <\/div>\n   <\/div>\n   <div class=\"col-sm-6 colonne colonne2\">\n    <div class=\"colonne_inner  text-left\">\n<p><span>Debido a la variedad de sus actividades en el \u00e1mbito de la econom\u00eda social y solidaria, contamos con una amplia gama de conocimientos especializados. Estos son puestos al servicio de las organizaciones para ayudarlas a adaptar sus estrategias a los desaf\u00edos sociales, societales y ambientales actuales.<\/span><span>\u00a0<\/span><\/p>\n    <\/div>\n   <\/div>\n  <\/div>\n\n <\/div>\n<\/div>\n\n\n<div id=\"field_pow6733eb4e2bef4df1\" class=\"container-fluid px-0 flexible_section block_innertemplate\">\n <div id=\"field_pow6733eb4e2bef4df1_inner\" class=\"container flexible_section_inner\">\n\n   <div class=\"row flexible_section_content\">\n\n  <\/div>\n\n <\/div>\n<\/div>\n\n\n<div id=\"field_pow9b691ff9e759455a\" class=\"container-fluid px-0 flexible_section block_adaptativetextandimage\">\n <div id=\"field_pow9b691ff9e759455a_inner\" class=\"container flexible_section_inner\">\n\n   <div class=\"row no-gutters flexible_section_content adaptativeimage  bordertoprouge bordertoprouge\" id=\"textimagebanner_pow9b691ff9e759455a\">\n\n   <div class=\"col-12 col-sm-7 order-2 order-sm-2 colonne colonne1 colonne1_pow9b691ff9e759455a\">\n    <div class=\"colonne_inner text-left justify-content-start\">\n<h3>Groupe SOS Consulting<\/h3>\n<p><span>El Groupe SOS Consulting re\u00fane toda nuestra \u00e1rea de experiencia en Francia y a nivel internacional. Esta entidad se destaca por su enfoque original que consiste en trabajar con expertos de terreno y consultores en el \u00e1mbito de la transici\u00f3n social y medioambiental. M\u00e1s que original, este punto fuerte le permite ayudar a las organizaciones a adaptar sus estrategias a los numerosos desaf\u00edos de nuestro tiempo.<\/span><span>\u00a0<\/span><\/p>\n<p><a class=\"lightbluebutton\" href=\"http:\/\/consulting.groupe-sos.org\/\" target=\"_blank\" rel=\"noopener\"><span>M\u00e1s informaci\u00f3n<\/span><\/a><\/p>\n<p>&nbsp;<\/p>\n    <\/div>\n   <\/div>\n   <div class=\"col-12 col-sm-5 order-1 order-sm-1 colonne colonne2 colonne2_pow9b691ff9e759455a\">\n   <\/div>\n  <\/div>\n\n <\/div>\n<\/div>\n\n\n<div id=\"field_pow0f4e3f0549f24bcc\" class=\"container-fluid px-0 flexible_section block_adaptativetextandimage\">\n <div id=\"field_pow0f4e3f0549f24bcc_inner\" class=\"container flexible_section_inner\">\n\n   <div class=\"row no-gutters flexible_section_content adaptativeimage  bordertopvert bordertopvert\" id=\"textimagebanner_pow0f4e3f0549f24bcc\">\n\n   <div class=\"col-12 col-sm-7 order-2 order-sm-1 colonne colonne1 colonne1_pow0f4e3f0549f24bcc\">\n    <div class=\"colonne_inner text-left justify-content-start\">\n<h3>Auxilia<\/h3>\n<p><span>Auxilia es una empresa de consultor\u00eda de transici\u00f3n socio-ecol\u00f3gica que acompa\u00f1a a las autoridades locales y empresas en su transici\u00f3n hacia un desarrollo sostenible y resiliente. Se basa en sus conocimientos en econom\u00eda circular, transporte y movilidad, energ\u00eda, agricultura, alimentaci\u00f3n, salud, adaptaci\u00f3n al cambio clim\u00e1tico y cambio de comportamientos.<\/span><span>\u00a0<\/span><\/p>\n<p><a class=\"lightbluebutton\" href=\"https:\/\/www.auxilia-conseil.com\/\" target=\"_blank\" rel=\"noopener\"><span>M\u00e1s informaci\u00f3n<\/span><\/a><\/p>\n    <\/div>\n   <\/div>\n   <div class=\"col-12 col-sm-5 order-1 order-sm-2 colonne colonne2 colonne2_pow0f4e3f0549f24bcc\">\n   <\/div>\n  <\/div>\n\n <\/div>\n<\/div>\n\n\n<div id=\"field_pow7ce5ef7bcf5047c3\" class=\"container-fluid px-0 flexible_section block_adaptativetextandimage\">\n <div id=\"field_pow7ce5ef7bcf5047c3_inner\" class=\"container flexible_section_inner\">\n\n   <div class=\"row no-gutters flexible_section_content adaptativeimage  bordertopjaune bordertopjaune\" id=\"textimagebanner_pow7ce5ef7bcf5047c3\">\n\n   <div class=\"col-12 col-sm-7 order-2 order-sm-2 colonne colonne1 colonne1_pow7ce5ef7bcf5047c3\">\n    <div class=\"colonne_inner text-left justify-content-start\">\n<h3>Impact Campus<\/h3>\n<p>Impact Campus c<span>onecta a las instituciones de educaci\u00f3n superior y a las empresas para permitir que los colaboradores y estudiantes trabajen juntos en proyectos con impacto positivo, enriquecedores para todos. El objetivo es desarrollar soluciones innovadoras utilizando la inmensa creatividad de las nuevas generaciones para abordar los desaf\u00edos de las transiciones econ\u00f3micas, digitales, ecol\u00f3gicas y sociales.<\/span><span>\u00a0<\/span><\/p>\n<p><a class=\"lightbluebutton\" href=\"https:\/\/impact-campus.com\/\" target=\"_blank\" rel=\"noopener\"><span>M\u00e1s informaci\u00f3n<\/span><\/a><\/p>\n    <\/div>\n   <\/div>\n   <div class=\"col-12 col-sm-5 order-1 order-sm-1 colonne colonne2 colonne2_pow7ce5ef7bcf5047c3\">\n   <\/div>\n  <\/div>\n\n <\/div>\n<\/div>\n\n\n<div id=\"field_pow5d9b6f12bbac4c1b\" class=\"container-fluid px-0 flexible_section block_adaptativetextandimage\">\n <div id=\"field_pow5d9b6f12bbac4c1b_inner\" class=\"container flexible_section_inner\">\n\n   <div class=\"row no-gutters flexible_section_content adaptativeimage  bordertopbleu bordertopbleu\" id=\"textimagebanner_pow5d9b6f12bbac4c1b\">\n\n   <div class=\"col-12 col-sm-7 order-2 order-sm-1 colonne colonne1 colonne1_pow5d9b6f12bbac4c1b\">\n    <div class=\"colonne_inner text-left justify-content-start\">\n<h3>Astr\u00e9es<\/h3>\n<p><span>La asociaci\u00f3n Astr\u00e9es analiza los cambios en el trabajo y el empleo, y difunde pr\u00e1cticas sociales innovadoras en Francia y Europa. Impulsa la creaci\u00f3n de comunidades que cuentan con actores del di\u00e1logo social para enfrentar los desaf\u00edos de las transiciones digitales y ecol\u00f3gicas. Astr\u00e9es promueve una manera de pensar abierta y sin l\u00edmites sobre temas clave de un di\u00e1logo social. Sus activitades se desarollan a nivel nacional y europeo, para garantizar la aceleraci\u00f3n de las transiciones sociales y ecol\u00f3gicas. Astr\u00e9es apoya a los colectivos creados para pasar a la acci\u00f3n a trav\u00e9s de procesos de experimentaci\u00f3n y formaci\u00f3n.<\/span><span>\u00a0<\/span><\/p>\n<p><a class=\"lightbluebutton\" href=\"https:\/\/astrees.org\/\" target=\"_blank\" rel=\"noopener\"><span>M\u00e1s informaci\u00f3n<\/span><\/a><\/p>\n    <\/div>\n   <\/div>\n   <div class=\"col-12 col-sm-5 order-1 order-sm-2 colonne colonne2 colonne2_pow5d9b6f12bbac4c1b\">\n   <\/div>\n  <\/div>\n\n <\/div>\n<\/div>\n","protected":false},"excerpt":{"rendered":"<p>Pour accompagner les acteurs publics et priv\u00e9s dans l\u2019anticipation de l\u2019avenir et pour les aider \u00e0 tendre vers une d\u00e9marche responsable, le Groupe SOS dispose de plusieurs organismes de conseils tenant compte des enjeux sociaux et environnementaux d\u2019aujourd\u2019hui.<\/p>\n","protected":false},"author":1,"featured_media":0,"parent":187196,"menu_order":288,"comment_status":"closed","ping_status":"closed","template":"page-templates\/page-poles.php","meta":{"_acf_changed":false,"footnotes":""},"secteur":[],"class_list":["post-187157","page","type-page","status-publish","hentry"],"acf":[],"yoast_head":"<!-- This site is optimized with the Yoast SEO plugin v27.4 - https:\/\/yoast.com\/product\/yoast-seo-wordpress\/ -->\n<title>Asesoramiento - Groupe SOS<\/title>\n<meta name=\"description\" content=\"Pour accompagner les acteurs publics et priv\u00e9s dans l\u2019anticipation de l\u2019avenir et pour les aider \u00e0 tendre vers une d\u00e9marche responsable, le Groupe SOS dispose de plusieurs organismes de conseils tenant compte des enjeux sociaux et environnementaux d\u2019aujourd\u2019hui.\" \/>\n<meta name=\"robots\" content=\"index, follow, max-snippet:-1, max-image-preview:large, max-video-preview:-1\" \/>\n<link rel=\"canonical\" href=\"https:\/\/www.groupe-sos.org\/es\/les-generations-futures\/activites-de-conseil\/\" \/>\n<meta property=\"og:locale\" content=\"es_ES\" \/>\n<meta property=\"og:type\" content=\"article\" \/>\n<meta property=\"og:title\" content=\"Asesoramiento - Groupe SOS\" \/>\n<meta property=\"og:description\" content=\"Pour accompagner les acteurs publics et priv\u00e9s dans l\u2019anticipation de l\u2019avenir et pour les aider \u00e0 tendre vers une d\u00e9marche responsable, le Groupe SOS dispose de plusieurs organismes de conseils tenant compte des enjeux sociaux et environnementaux d\u2019aujourd\u2019hui.\" \/>\n<meta property=\"og:url\" content=\"https:\/\/www.groupe-sos.org\/es\/les-generations-futures\/activites-de-conseil\/\" \/>\n<meta property=\"og:site_name\" content=\"Groupe SOS\" \/>\n<meta property=\"article:publisher\" content=\"https:\/\/www.facebook.com\/GroupeSOS\/\" \/>\n<meta property=\"article:modified_time\" content=\"2025-03-18T10:14:52+00:00\" \/>\n<meta name=\"twitter:card\" content=\"summary_large_image\" \/>\n<meta name=\"twitter:site\" content=\"@groupesos\" \/>\n<meta name=\"twitter:label1\" content=\"Tiempo de lectura\" \/>\n\t<meta name=\"twitter:data1\" content=\"3 minutos\" \/>\n<script type=\"application\/ld+json\" class=\"yoast-schema-graph\">{\"@context\":\"https:\\\/\\\/schema.org\",\"@graph\":[{\"@type\":\"WebPage\",\"@id\":\"https:\\\/\\\/www.groupe-sos.org\\\/es\\\/les-generations-futures\\\/activites-de-conseil\\\/\",\"url\":\"https:\\\/\\\/www.groupe-sos.org\\\/es\\\/les-generations-futures\\\/activites-de-conseil\\\/\",\"name\":\"Asesoramiento - Groupe SOS\",\"isPartOf\":{\"@id\":\"https:\\\/\\\/www.groupe-sos.org\\\/es\\\/#website\"},\"datePublished\":\"2022-08-30T09:50:32+00:00\",\"dateModified\":\"2025-03-18T10:14:52+00:00\",\"description\":\"Pour accompagner les acteurs publics et priv\u00e9s dans l\u2019anticipation de l\u2019avenir et pour les aider \u00e0 tendre vers une d\u00e9marche responsable, le Groupe SOS dispose de plusieurs organismes de conseils tenant compte des enjeux sociaux et environnementaux d\u2019aujourd\u2019hui.\",\"breadcrumb\":{\"@id\":\"https:\\\/\\\/www.groupe-sos.org\\\/es\\\/les-generations-futures\\\/activites-de-conseil\\\/#breadcrumb\"},\"inLanguage\":\"es\",\"potentialAction\":[{\"@type\":\"ReadAction\",\"target\":[\"https:\\\/\\\/www.groupe-sos.org\\\/es\\\/les-generations-futures\\\/activites-de-conseil\\\/\"]}]},{\"@type\":\"BreadcrumbList\",\"@id\":\"https:\\\/\\\/www.groupe-sos.org\\\/es\\\/les-generations-futures\\\/activites-de-conseil\\\/#breadcrumb\",\"itemListElement\":[{\"@type\":\"ListItem\",\"position\":1,\"name\":\"Home\",\"item\":\"https:\\\/\\\/www.groupe-sos.org\\\/es\\\/\"},{\"@type\":\"ListItem\",\"position\":2,\"name\":\"Para las futuras generaciones\",\"item\":\"https:\\\/\\\/www.groupe-sos.org\\\/es\\\/les-generations-futures\\\/\"},{\"@type\":\"ListItem\",\"position\":3,\"name\":\"Asesoramiento\"}]},{\"@type\":\"WebSite\",\"@id\":\"https:\\\/\\\/www.groupe-sos.org\\\/es\\\/#website\",\"url\":\"https:\\\/\\\/www.groupe-sos.org\\\/es\\\/\",\"name\":\"Groupe SOS Entreprendre au profit de tous\",\"description\":\"Entreprendre au profit de tous\",\"publisher\":{\"@id\":\"https:\\\/\\\/www.groupe-sos.org\\\/es\\\/#organization\"},\"alternateName\":\"Groupe SOS\",\"potentialAction\":[{\"@type\":\"SearchAction\",\"target\":{\"@type\":\"EntryPoint\",\"urlTemplate\":\"https:\\\/\\\/www.groupe-sos.org\\\/es\\\/?s={search_term_string}\"},\"query-input\":{\"@type\":\"PropertyValueSpecification\",\"valueRequired\":true,\"valueName\":\"search_term_string\"}}],\"inLanguage\":\"es\"},{\"@type\":\"Organization\",\"@id\":\"https:\\\/\\\/www.groupe-sos.org\\\/es\\\/#organization\",\"name\":\"Groupe SOS\",\"alternateName\":\"Entreprendre au profit de tous\",\"url\":\"https:\\\/\\\/www.groupe-sos.org\\\/es\\\/\",\"logo\":{\"@type\":\"ImageObject\",\"inLanguage\":\"es\",\"@id\":\"https:\\\/\\\/www.groupe-sos.org\\\/es\\\/#\\\/schema\\\/logo\\\/image\\\/\",\"url\":\"https:\\\/\\\/www.groupe-sos.org\\\/wp-content\\\/uploads\\\/2022\\\/06\\\/groupe-sos-logo-1.png\",\"contentUrl\":\"https:\\\/\\\/www.groupe-sos.org\\\/wp-content\\\/uploads\\\/2022\\\/06\\\/groupe-sos-logo-1.png\",\"width\":300,\"height\":60,\"caption\":\"Groupe SOS\"},\"image\":{\"@id\":\"https:\\\/\\\/www.groupe-sos.org\\\/es\\\/#\\\/schema\\\/logo\\\/image\\\/\"},\"sameAs\":[\"https:\\\/\\\/www.facebook.com\\\/GroupeSOS\\\/\",\"https:\\\/\\\/x.com\\\/groupesos\",\"https:\\\/\\\/www.instagram.com\\\/groupe_sos\\\/\",\"https:\\\/\\\/www.linkedin.com\\\/company\\\/groupe-sos\\\/?originalSubdomain=fr\"]}]}<\/script>\n<!-- \/ Yoast SEO plugin. -->","yoast_head_json":{"title":"Asesoramiento - Groupe SOS","description":"Pour accompagner les acteurs publics et priv\u00e9s dans l\u2019anticipation de l\u2019avenir et pour les aider \u00e0 tendre vers une d\u00e9marche responsable, le Groupe SOS dispose de plusieurs organismes de conseils tenant compte des enjeux sociaux et environnementaux d\u2019aujourd\u2019hui.","robots":{"index":"index","follow":"follow","max-snippet":"max-snippet:-1","max-image-preview":"max-image-preview:large","max-video-preview":"max-video-preview:-1"},"canonical":"https:\/\/www.groupe-sos.org\/es\/les-generations-futures\/activites-de-conseil\/","og_locale":"es_ES","og_type":"article","og_title":"Asesoramiento - Groupe SOS","og_description":"Pour accompagner les acteurs publics et priv\u00e9s dans l\u2019anticipation de l\u2019avenir et pour les aider \u00e0 tendre vers une d\u00e9marche responsable, le Groupe SOS dispose de plusieurs organismes de conseils tenant compte des enjeux sociaux et environnementaux d\u2019aujourd\u2019hui.","og_url":"https:\/\/www.groupe-sos.org\/es\/les-generations-futures\/activites-de-conseil\/","og_site_name":"Groupe SOS","article_publisher":"https:\/\/www.facebook.com\/GroupeSOS\/","article_modified_time":"2025-03-18T10:14:52+00:00","twitter_card":"summary_large_image","twitter_site":"@groupesos","twitter_misc":{"Tiempo de lectura":"3 minutos"},"schema":{"@context":"https:\/\/schema.org","@graph":[{"@type":"WebPage","@id":"https:\/\/www.groupe-sos.org\/es\/les-generations-futures\/activites-de-conseil\/","url":"https:\/\/www.groupe-sos.org\/es\/les-generations-futures\/activites-de-conseil\/","name":"Asesoramiento - Groupe SOS","isPartOf":{"@id":"https:\/\/www.groupe-sos.org\/es\/#website"},"datePublished":"2022-08-30T09:50:32+00:00","dateModified":"2025-03-18T10:14:52+00:00","description":"Pour accompagner les acteurs publics et priv\u00e9s dans l\u2019anticipation de l\u2019avenir et pour les aider \u00e0 tendre vers une d\u00e9marche responsable, le Groupe SOS dispose de plusieurs organismes de conseils tenant compte des enjeux sociaux et environnementaux d\u2019aujourd\u2019hui.","breadcrumb":{"@id":"https:\/\/www.groupe-sos.org\/es\/les-generations-futures\/activites-de-conseil\/#breadcrumb"},"inLanguage":"es","potentialAction":[{"@type":"ReadAction","target":["https:\/\/www.groupe-sos.org\/es\/les-generations-futures\/activites-de-conseil\/"]}]},{"@type":"BreadcrumbList","@id":"https:\/\/www.groupe-sos.org\/es\/les-generations-futures\/activites-de-conseil\/#breadcrumb","itemListElement":[{"@type":"ListItem","position":1,"name":"Home","item":"https:\/\/www.groupe-sos.org\/es\/"},{"@type":"ListItem","position":2,"name":"Para las futuras generaciones","item":"https:\/\/www.groupe-sos.org\/es\/les-generations-futures\/"},{"@type":"ListItem","position":3,"name":"Asesoramiento"}]},{"@type":"WebSite","@id":"https:\/\/www.groupe-sos.org\/es\/#website","url":"https:\/\/www.groupe-sos.org\/es\/","name":"Groupe SOS Entreprendre au profit de tous","description":"Entreprendre au profit de tous","publisher":{"@id":"https:\/\/www.groupe-sos.org\/es\/#organization"},"alternateName":"Groupe SOS","potentialAction":[{"@type":"SearchAction","target":{"@type":"EntryPoint","urlTemplate":"https:\/\/www.groupe-sos.org\/es\/?s={search_term_string}"},"query-input":{"@type":"PropertyValueSpecification","valueRequired":true,"valueName":"search_term_string"}}],"inLanguage":"es"},{"@type":"Organization","@id":"https:\/\/www.groupe-sos.org\/es\/#organization","name":"Groupe SOS","alternateName":"Entreprendre au profit de tous","url":"https:\/\/www.groupe-sos.org\/es\/","logo":{"@type":"ImageObject","inLanguage":"es","@id":"https:\/\/www.groupe-sos.org\/es\/#\/schema\/logo\/image\/","url":"https:\/\/www.groupe-sos.org\/wp-content\/uploads\/2022\/06\/groupe-sos-logo-1.png","contentUrl":"https:\/\/www.groupe-sos.org\/wp-content\/uploads\/2022\/06\/groupe-sos-logo-1.png","width":300,"height":60,"caption":"Groupe SOS"},"image":{"@id":"https:\/\/www.groupe-sos.org\/es\/#\/schema\/logo\/image\/"},"sameAs":["https:\/\/www.facebook.com\/GroupeSOS\/","https:\/\/x.com\/groupesos","https:\/\/www.instagram.com\/groupe_sos\/","https:\/\/www.linkedin.com\/company\/groupe-sos\/?originalSubdomain=fr"]}]}},"_links":{"self":[{"href":"https:\/\/www.groupe-sos.org\/es\/wp-json\/wp\/v2\/pages\/187157","targetHints":{"allow":["GET"]}}],"collection":[{"href":"https:\/\/www.groupe-sos.org\/es\/wp-json\/wp\/v2\/pages"}],"about":[{"href":"https:\/\/www.groupe-sos.org\/es\/wp-json\/wp\/v2\/types\/page"}],"author":[{"embeddable":true,"href":"https:\/\/www.groupe-sos.org\/es\/wp-json\/wp\/v2\/users\/1"}],"replies":[{"embeddable":true,"href":"https:\/\/www.groupe-sos.org\/es\/wp-json\/wp\/v2\/comments?post=187157"}],"version-history":[{"count":4,"href":"https:\/\/www.groupe-sos.org\/es\/wp-json\/wp\/v2\/pages\/187157\/revisions"}],"predecessor-version":[{"id":212140,"href":"https:\/\/www.groupe-sos.org\/es\/wp-json\/wp\/v2\/pages\/187157\/revisions\/212140"}],"up":[{"embeddable":true,"href":"https:\/\/www.groupe-sos.org\/es\/wp-json\/wp\/v2\/pages\/187196"}],"wp:attachment":[{"href":"https:\/\/www.groupe-sos.org\/es\/wp-json\/wp\/v2\/media?parent=187157"}],"wp:term":[{"taxonomy":"secteur","embeddable":true,"href":"https:\/\/www.groupe-sos.org\/es\/wp-json\/wp\/v2\/secteur?post=187157"}],"curies":[{"name":"wp","href":"https:\/\/api.w.org\/{rel}","templated":true}]}}