{"id":187196,"date":"2022-08-30T11:41:26","date_gmt":"2022-08-30T09:41:26","guid":{"rendered":"https:\/\/www.groupe-sos.org\/les-generations-futures\/"},"modified":"2024-01-05T10:16:19","modified_gmt":"2024-01-05T09:16:19","slug":"les-generations-futures","status":"publish","type":"page","link":"https:\/\/www.groupe-sos.org\/es\/les-generations-futures\/","title":{"rendered":"Para las futuras generaciones"},"content":{"rendered":"<div id=\"field_pow3cf0b396eaf5437f\" class=\"container-fluid px-0 flexible_section heropages heropages block_hero\">\n  <div id=\"hero_pow3cf0b396eaf5437f\" class=\"hero_container px-0\">\n   <div class=\"hero_image_outer\">\n    <img decoding=\"async\" src=\"https:\/\/www.groupe-sos.org\/wp-content\/uploads\/2023\/03\/39_BDH_20190405_900--scaled-e1678816297951.jpg\" alt=\"\" class=\"heroimage \" \/>\n   <\/div>\n  <\/div>\n<\/div>\n\n\n<div id=\"field_pow68948d55ef4f4d85\" class=\"container-fluid px-0 flexible_section block_columns\">\n <div id=\"field_pow68948d55ef4f4d85_inner\" class=\"container flexible_section_inner\">\n\n   <div class=\"row flexible_section_content\">\n\n   <div class=\"p-5 col-sm-12 colonne colonne1\">\n    <div class=\"colonne_inner  text-left\">\n<h3><span>Nuestras acciones<\/span><span>\u00a0<\/span><\/h3>\n<h1><span>Emprender para el beneficio de las futuras generaciones<\/span><span>\u00a0<\/span><\/h1>\n    <\/div>\n   <\/div>\n  <\/div>\n\n <\/div>\n<\/div>\n\n\n<div id=\"field_powd3e6a89f332c4d29\" class=\"container-fluid px-0 flexible_section block_breadcrumb\">\n <div id=\"field_powd3e6a89f332c4d29_inner\" class=\"container flexible_section_inner\">\n\n  <div class=\"row flexible_section_content\">\n\n   <div class=\"breadcrumb_outer\" id=\"breadcrumb_powd3e6a89f332c4d29\">\n\n   <nav aria-label=\"breadcrumb\" id=\"breadcrumb_powd3e6a89f332c4d29_nav\">\n    <ol class=\"breadcrumb\">\n<li class=\"breadcrumb-item active\" aria-current=\"page\">Para las futuras generaciones<\/li>\n      <\/ol>\n   <\/nav>\n\n   <\/div>\n\n  <\/div>\n\n <\/div>\n<\/div>\n\n\n<div id=\"field_powf7931a51aea844a7\" class=\"container-fluid px-0 flexible_section block_columns\">\n <div id=\"field_powf7931a51aea844a7_inner\" class=\"container flexible_section_inner\">\n\n   <div class=\"row flexible_section_content\">\n\n   <div class=\"mb-3 mb-sm-0 col-sm-6 colonne colonne1\">\n    <div class=\"colonne_inner  text-left\">\n<p><strong>Nadie nunca se encuentra en una situaci\u00f3n sin salida. Esta creencia inspira todas nuestras acciones. Ya sea a nivel individual, sin importar las dificultades que cada uno haya enfrentado ni las desigualdades que existan desde el nacimiento. O a nivel de la sociedad, donde la urgencia clim\u00e1tica y social se vuelve cada vez m\u00e1s alarmante.\u00a0<\/strong><\/p>\n    <\/div>\n   <\/div>\n   <div class=\"col-sm-6 colonne colonne2\">\n    <div class=\"colonne_inner  text-left\">\n<p><span>Garantizar que todos los ni\u00f1os, adolescentes o j\u00f3venes adultos tengan las mismas oportunidades; asesorar a las empresas para proveer para el futuro; acelerar la transici\u00f3n hacia modos de consumo y alimentaci\u00f3n m\u00e1s respetuosos de los seres humanos y la naturaleza; fomentar el pensamiento cr\u00edtico sobre los problemas de la sociedad: estamos actuando hoy para que las generaciones futuras puedan prosperar y vivir en un mundo m\u00e1s justo y sostenible ma\u00f1ana.<\/span><span>\u00a0<\/span><\/p>\n    <\/div>\n   <\/div>\n  <\/div>\n\n <\/div>\n<\/div>\n\n\n<div id=\"field_630e2ddac6805\" class=\"container-fluid px-0 flexible_section block_childrenpages\">\n <div id=\"field_630e2ddac6805_inner\" class=\"container flexible_section_inner polegrid\">\n\n  <div class=\"row flexible_section_title_container\"><div class=\"col-12 flexible_section_title_col\"><h2 class=\"flexible_section_title mb-5 text-left  \">Nuestras acciones<\/h2><\/div><\/div>\n<div class=\"container_full px-0\" id=\"grid_630e2ddac6805_outer\">\n<div class=\"container px-0\">\n  <div class=\"row row-cols-1 row-cols-md-2 row-cols-lg-2 flexible_section_content\" id=\"grid_630e2ddac6805\">\n   <div class=\"col-sm-12 col-md-6 col-lg-6  item mb-3 elem-1\">\n<div class=\"pole_child linkable item_pole_vert\" data-dest=\"https:\/\/www.groupe-sos.org\/es\/les-generations-futures\/petite-enfance\/\">\r\n<div class=\"pole_child_vignette\"><a href=\"https:\/\/www.groupe-sos.org\/es\/les-generations-futures\/petite-enfance\/\"><img decoding=\"async\" src=\"https:\/\/www.groupe-sos.org\/wp-content\/uploads\/2023\/03\/GF_1_Sepanouir_des_la_petite_enfance-aspect-ratio-4-3.jpg\" alt=\"Primera infancia\" \/><\/a><\/div>\r\n<div class=\"pole_child_description px-3\"><h3>Primera infancia<\/h3><\/div>\r\n<div class=\"pole_child_more customlink_no normal\"><a href=\"https:\/\/www.groupe-sos.org\/es\/les-generations-futures\/petite-enfance\/\" class=\"lightbluebutton\">M\u00e1s informaci\u00f3n<\/a><\/div>\r\n<div class=\"pole_child_more customlink_no external\"><a href=\"\" class=\"lightbluebutton\" target=\"_blank\">M\u00e1s informaci\u00f3n<\/a><\/div>\r\n<\/div>   <\/div>\n   <div class=\"col-sm-12 col-md-6 col-lg-6  item mb-3 elem-2\">\n<div class=\"pole_child linkable item_pole_bleu\" data-dest=\"https:\/\/www.groupe-sos.org\/es\/les-generations-futures\/enfants-en-difficultes\/\">\r\n<div class=\"pole_child_vignette\"><a href=\"https:\/\/www.groupe-sos.org\/es\/les-generations-futures\/enfants-en-difficultes\/\"><img decoding=\"async\" src=\"https:\/\/www.groupe-sos.org\/wp-content\/uploads\/2022\/12\/GF_1_Soutenir_les_enfants_en_danger_ou_difficulte-scaled-aspect-ratio-4-3-scaled.jpg\" alt=\"Ni\u00f1os en dificultades\u00a0\" \/><\/a><\/div>\r\n<div class=\"pole_child_description px-3\"><h3>Ni\u00f1os en dificultades\u00a0<\/h3><\/div>\r\n<div class=\"pole_child_more customlink_no normal\"><a href=\"https:\/\/www.groupe-sos.org\/es\/les-generations-futures\/enfants-en-difficultes\/\" class=\"lightbluebutton\">M\u00e1s informaci\u00f3n<\/a><\/div>\r\n<div class=\"pole_child_more customlink_no external\"><a href=\"\" class=\"lightbluebutton\" target=\"_blank\">M\u00e1s informaci\u00f3n<\/a><\/div>\r\n<\/div>   <\/div>\n   <div class=\"col-sm-12 col-md-6 col-lg-6  item mb-3 elem-3\">\n<div class=\"pole_child linkable item_pole_rouge\" data-dest=\"https:\/\/www.groupe-sos.org\/es\/les-generations-futures\/jeunes-sans-emploi-ni-formation\/\">\r\n<div class=\"pole_child_vignette\"><a href=\"https:\/\/www.groupe-sos.org\/es\/les-generations-futures\/jeunes-sans-emploi-ni-formation\/\"><img decoding=\"async\" src=\"https:\/\/www.groupe-sos.org\/wp-content\/uploads\/2022\/12\/GF_1_Accompagner_les_jeunes_sans_emploi_ni_formation-aspect-ratio-4-3-1.jpg\" alt=\"J\u00f3venes sin empleo ni formaci\u00f3n\u00a0\" \/><\/a><\/div>\r\n<div class=\"pole_child_description px-3\"><h3>J\u00f3venes sin empleo ni formaci\u00f3n\u00a0<\/h3><\/div>\r\n<div class=\"pole_child_more customlink_no normal\"><a href=\"https:\/\/www.groupe-sos.org\/es\/les-generations-futures\/jeunes-sans-emploi-ni-formation\/\" class=\"lightbluebutton\">M\u00e1s informaci\u00f3n<\/a><\/div>\r\n<div class=\"pole_child_more customlink_no external\"><a href=\"\" class=\"lightbluebutton\" target=\"_blank\">M\u00e1s informaci\u00f3n<\/a><\/div>\r\n<\/div>   <\/div>\n   <div class=\"col-sm-12 col-md-6 col-lg-6  item mb-3 elem-4\">\n<div class=\"pole_child linkable item_pole_jaune\" data-dest=\"https:\/\/www.groupe-sos.org\/es\/les-generations-futures\/activites-de-conseil\/\">\r\n<div class=\"pole_child_vignette\"><a href=\"https:\/\/www.groupe-sos.org\/es\/les-generations-futures\/activites-de-conseil\/\"><img decoding=\"async\" src=\"https:\/\/www.groupe-sos.org\/wp-content\/uploads\/2022\/12\/GF_1_Conseiller_les_acteurs_publics-et_prive_sur_lanticipation_de_lavenir-scaled-aspect-ratio-4-3-1-scaled.jpg\" alt=\"Asesoramiento\" \/><\/a><\/div>\r\n<div class=\"pole_child_description px-3\"><h3>Asesoramiento<\/h3><\/div>\r\n<div class=\"pole_child_more customlink_no normal\"><a href=\"https:\/\/www.groupe-sos.org\/es\/les-generations-futures\/activites-de-conseil\/\" class=\"lightbluebutton\">M\u00e1s informaci\u00f3n<\/a><\/div>\r\n<div class=\"pole_child_more customlink_no external\"><a href=\"\" class=\"lightbluebutton\" target=\"_blank\">M\u00e1s informaci\u00f3n<\/a><\/div>\r\n<\/div>   <\/div>\n   <div class=\"col-sm-12 col-md-6 col-lg-6  item mb-3 elem-5\">\n<div class=\"pole_child linkable item_pole_vert\" data-dest=\"https:\/\/www.groupe-sos.org\/es\/les-generations-futures\/activites-commerciales-eco-responsables\/\">\r\n<div class=\"pole_child_vignette\"><a href=\"https:\/\/www.groupe-sos.org\/es\/les-generations-futures\/activites-commerciales-eco-responsables\/\"><img decoding=\"async\" src=\"https:\/\/www.groupe-sos.org\/wp-content\/uploads\/2022\/12\/GF_1_Accelerer_le_passage_aux_modes_de_consommation_de_demain-scaled-aspect-ratio-4-3-scaled.jpg\" alt=\"Actividades comerciales ecoresponsables\u00a0\u00a0\" \/><\/a><\/div>\r\n<div class=\"pole_child_description px-3\"><h3>Actividades comerciales ecoresponsables\u00a0\u00a0<\/h3><\/div>\r\n<div class=\"pole_child_more customlink_no normal\"><a href=\"https:\/\/www.groupe-sos.org\/es\/les-generations-futures\/activites-commerciales-eco-responsables\/\" class=\"lightbluebutton\">M\u00e1s informaci\u00f3n<\/a><\/div>\r\n<div class=\"pole_child_more customlink_no external\"><a href=\"\" class=\"lightbluebutton\" target=\"_blank\">M\u00e1s informaci\u00f3n<\/a><\/div>\r\n<\/div>   <\/div>\n   <div class=\"col-sm-12 col-md-6 col-lg-6  item mb-3 elem-6\">\n<div class=\"pole_child linkable item_pole_bleu\" data-dest=\"https:\/\/www.groupe-sos.org\/es\/les-generations-futures\/ecoles-et-formations\/\">\r\n<div class=\"pole_child_vignette\"><a href=\"https:\/\/www.groupe-sos.org\/es\/les-generations-futures\/ecoles-et-formations\/\"><img decoding=\"async\" src=\"https:\/\/www.groupe-sos.org\/wp-content\/uploads\/2022\/12\/GF_1_Enseigner_apprendre_former_tout_au_long_de_la_vie-scaled-aspect-ratio-4-3-scaled.jpg\" alt=\"Escuelas y formaciones\u00a0\" \/><\/a><\/div>\r\n<div class=\"pole_child_description px-3\"><h3>Escuelas y formaciones\u00a0<\/h3><\/div>\r\n<div class=\"pole_child_more customlink_no normal\"><a href=\"https:\/\/www.groupe-sos.org\/es\/les-generations-futures\/ecoles-et-formations\/\" class=\"lightbluebutton\">M\u00e1s informaci\u00f3n<\/a><\/div>\r\n<div class=\"pole_child_more customlink_no external\"><a href=\"\" class=\"lightbluebutton\" target=\"_blank\">M\u00e1s informaci\u00f3n<\/a><\/div>\r\n<\/div>   <\/div>\n  <\/div>\n<\/div>\n<\/div>\n <\/div>\n<\/div>\n\n\n<div id=\"field_62d7d34f14fb7\" class=\"container-fluid px-0 flexible_section block_columns\">\n <div id=\"field_62d7d34f14fb7_inner\" class=\"container flexible_section_inner\">\n\n  <div class=\"row flexible_section_title_container\"><div class=\"col-12 flexible_section_title_col\"><h2 class=\"flexible_section_title mb-5 text-left  \">Carte des \u00e9tablissements et associations<\/h2><\/div><\/div>\n   <div class=\"row flexible_section_content\">\n\n   <div class=\"blockbutton mb-3 mb-sm-0 col-sm-4 colonne colonne1\">\n    <div class=\"colonne_inner h-100 text-left\">\n<h3>En el coraz\u00f3n de los territorios<\/h3>\n<p>Las necesidades emergen en todas partes, cada una con sus particularidades locales y territoriales. El Groue SOS est\u00e1 presente en m\u00e1s de 50 pa\u00edses para responder a las necesidades de los m\u00e1s vulnerables, de las generaciones futuras y de los territorios. El Groupe SOS trabaja sobre el terreno en colaboraci\u00f3n con los habitantes y los actores locales para encontrar soluciones a los problemas medioambientales y sociales.<br \/>\n<a class=\"lightbluebutton\" href=\"https:\/\/www.groupe-sos.org\/en\/le-groupe-sos\/our-international-projects\/\">Dar un vistazo<\/a><\/p>\n    <\/div>\n   <\/div>\n   <div class=\"col-sm-8 colonne colonne2\">\n    <div class=\"colonne_inner text-center d-flex align-items-center justify-content-center\">\n    <div class=\"colonne_inner_sub \">\n<p><img decoding=\"async\" class=\"alignright size-large wp-image-175956\" src=\"https:\/\/www.groupe-sos.org\/wp-content\/uploads\/2023\/06\/carte-internationale-juin-2023-1024x622.png\" alt=\"\" width=\"1024\" height=\"622\" srcset=\"https:\/\/www.groupe-sos.org\/wp-content\/uploads\/2023\/06\/carte-internationale-juin-2023-1024x622.png 1024w, https:\/\/www.groupe-sos.org\/wp-content\/uploads\/2023\/06\/carte-internationale-juin-2023-300x182.png 300w, https:\/\/www.groupe-sos.org\/wp-content\/uploads\/2023\/06\/carte-internationale-juin-2023-768x467.png 768w, https:\/\/www.groupe-sos.org\/wp-content\/uploads\/2023\/06\/carte-internationale-juin-2023.png 1114w\" sizes=\"(max-width: 1024px) 100vw, 1024px\" \/><\/p>\n    <\/div>\n    <\/div>\n   <\/div>\n  <\/div>\n\n <\/div>\n<\/div>\n\n\n","protected":false},"excerpt":{"rendered":"<p>Personne n\u2019est jamais au bout de son histoire. Cette conviction inspire toutes nos actions. Que ce soit \u00e0 titre individuel, o\u00f9 quelles que soient les \u00e9preuves pass\u00e9es par chacun et quelles que soient les in\u00e9galit\u00e9s qui existent d\u00e8s la naissance. <\/p>\n","protected":false},"author":1,"featured_media":0,"parent":0,"menu_order":270,"comment_status":"closed","ping_status":"closed","template":"page-templates\/page-poles.php","meta":{"_acf_changed":false,"footnotes":""},"secteur":[],"class_list":["post-187196","page","type-page","status-publish","hentry"],"acf":[],"yoast_head":"<!-- This site is optimized with the Yoast SEO plugin v27.4 - https:\/\/yoast.com\/product\/yoast-seo-wordpress\/ -->\n<title>Para las futuras generaciones - Groupe SOS<\/title>\n<meta name=\"description\" content=\"Personne n\u2019est jamais au bout de son histoire. Cette conviction inspire toutes nos actions. Que ce soit \u00e0 titre individuel, o\u00f9 quelles que soient les \u00e9preuves pass\u00e9es par chacun et quelles que soient les in\u00e9galit\u00e9s qui existent d\u00e8s la naissance.\" \/>\n<meta name=\"robots\" content=\"index, follow, max-snippet:-1, max-image-preview:large, max-video-preview:-1\" \/>\n<link rel=\"canonical\" href=\"https:\/\/www.groupe-sos.org\/es\/les-generations-futures\/\" \/>\n<meta property=\"og:locale\" content=\"es_ES\" \/>\n<meta property=\"og:type\" content=\"article\" \/>\n<meta property=\"og:title\" content=\"Para las futuras generaciones - Groupe SOS\" \/>\n<meta property=\"og:description\" content=\"Personne n\u2019est jamais au bout de son histoire. Cette conviction inspire toutes nos actions. Que ce soit \u00e0 titre individuel, o\u00f9 quelles que soient les \u00e9preuves pass\u00e9es par chacun et quelles que soient les in\u00e9galit\u00e9s qui existent d\u00e8s la naissance.\" \/>\n<meta property=\"og:url\" content=\"https:\/\/www.groupe-sos.org\/es\/les-generations-futures\/\" \/>\n<meta property=\"og:site_name\" content=\"Groupe SOS\" \/>\n<meta property=\"article:publisher\" content=\"https:\/\/www.facebook.com\/GroupeSOS\/\" \/>\n<meta property=\"article:modified_time\" content=\"2024-01-05T09:16:19+00:00\" \/>\n<meta name=\"twitter:card\" content=\"summary_large_image\" \/>\n<meta name=\"twitter:site\" content=\"@groupesos\" \/>\n<meta name=\"twitter:label1\" content=\"Tiempo de lectura\" \/>\n\t<meta name=\"twitter:data1\" content=\"3 minutos\" \/>\n<script type=\"application\/ld+json\" class=\"yoast-schema-graph\">{\"@context\":\"https:\\\/\\\/schema.org\",\"@graph\":[{\"@type\":\"WebPage\",\"@id\":\"https:\\\/\\\/www.groupe-sos.org\\\/es\\\/les-generations-futures\\\/\",\"url\":\"https:\\\/\\\/www.groupe-sos.org\\\/es\\\/les-generations-futures\\\/\",\"name\":\"Para las futuras generaciones - Groupe SOS\",\"isPartOf\":{\"@id\":\"https:\\\/\\\/www.groupe-sos.org\\\/es\\\/#website\"},\"datePublished\":\"2022-08-30T09:41:26+00:00\",\"dateModified\":\"2024-01-05T09:16:19+00:00\",\"description\":\"Personne n\u2019est jamais au bout de son histoire. Cette conviction inspire toutes nos actions. Que ce soit \u00e0 titre individuel, o\u00f9 quelles que soient les \u00e9preuves pass\u00e9es par chacun et quelles que soient les in\u00e9galit\u00e9s qui existent d\u00e8s la naissance.\",\"breadcrumb\":{\"@id\":\"https:\\\/\\\/www.groupe-sos.org\\\/es\\\/les-generations-futures\\\/#breadcrumb\"},\"inLanguage\":\"es\",\"potentialAction\":[{\"@type\":\"ReadAction\",\"target\":[\"https:\\\/\\\/www.groupe-sos.org\\\/es\\\/les-generations-futures\\\/\"]}]},{\"@type\":\"BreadcrumbList\",\"@id\":\"https:\\\/\\\/www.groupe-sos.org\\\/es\\\/les-generations-futures\\\/#breadcrumb\",\"itemListElement\":[{\"@type\":\"ListItem\",\"position\":1,\"name\":\"Home\",\"item\":\"https:\\\/\\\/www.groupe-sos.org\\\/es\\\/\"},{\"@type\":\"ListItem\",\"position\":2,\"name\":\"Para las futuras generaciones\"}]},{\"@type\":\"WebSite\",\"@id\":\"https:\\\/\\\/www.groupe-sos.org\\\/es\\\/#website\",\"url\":\"https:\\\/\\\/www.groupe-sos.org\\\/es\\\/\",\"name\":\"Groupe SOS Entreprendre au profit de tous\",\"description\":\"Entreprendre au profit de tous\",\"publisher\":{\"@id\":\"https:\\\/\\\/www.groupe-sos.org\\\/es\\\/#organization\"},\"alternateName\":\"Groupe SOS\",\"potentialAction\":[{\"@type\":\"SearchAction\",\"target\":{\"@type\":\"EntryPoint\",\"urlTemplate\":\"https:\\\/\\\/www.groupe-sos.org\\\/es\\\/?s={search_term_string}\"},\"query-input\":{\"@type\":\"PropertyValueSpecification\",\"valueRequired\":true,\"valueName\":\"search_term_string\"}}],\"inLanguage\":\"es\"},{\"@type\":\"Organization\",\"@id\":\"https:\\\/\\\/www.groupe-sos.org\\\/es\\\/#organization\",\"name\":\"Groupe SOS\",\"alternateName\":\"Entreprendre au profit de tous\",\"url\":\"https:\\\/\\\/www.groupe-sos.org\\\/es\\\/\",\"logo\":{\"@type\":\"ImageObject\",\"inLanguage\":\"es\",\"@id\":\"https:\\\/\\\/www.groupe-sos.org\\\/es\\\/#\\\/schema\\\/logo\\\/image\\\/\",\"url\":\"https:\\\/\\\/www.groupe-sos.org\\\/wp-content\\\/uploads\\\/2022\\\/06\\\/groupe-sos-logo-1.png\",\"contentUrl\":\"https:\\\/\\\/www.groupe-sos.org\\\/wp-content\\\/uploads\\\/2022\\\/06\\\/groupe-sos-logo-1.png\",\"width\":300,\"height\":60,\"caption\":\"Groupe SOS\"},\"image\":{\"@id\":\"https:\\\/\\\/www.groupe-sos.org\\\/es\\\/#\\\/schema\\\/logo\\\/image\\\/\"},\"sameAs\":[\"https:\\\/\\\/www.facebook.com\\\/GroupeSOS\\\/\",\"https:\\\/\\\/x.com\\\/groupesos\",\"https:\\\/\\\/www.instagram.com\\\/groupe_sos\\\/\",\"https:\\\/\\\/www.linkedin.com\\\/company\\\/groupe-sos\\\/?originalSubdomain=fr\"]}]}<\/script>\n<!-- \/ Yoast SEO plugin. -->","yoast_head_json":{"title":"Para las futuras generaciones - Groupe SOS","description":"Personne n\u2019est jamais au bout de son histoire. Cette conviction inspire toutes nos actions. Que ce soit \u00e0 titre individuel, o\u00f9 quelles que soient les \u00e9preuves pass\u00e9es par chacun et quelles que soient les in\u00e9galit\u00e9s qui existent d\u00e8s la naissance.","robots":{"index":"index","follow":"follow","max-snippet":"max-snippet:-1","max-image-preview":"max-image-preview:large","max-video-preview":"max-video-preview:-1"},"canonical":"https:\/\/www.groupe-sos.org\/es\/les-generations-futures\/","og_locale":"es_ES","og_type":"article","og_title":"Para las futuras generaciones - Groupe SOS","og_description":"Personne n\u2019est jamais au bout de son histoire. Cette conviction inspire toutes nos actions. Que ce soit \u00e0 titre individuel, o\u00f9 quelles que soient les \u00e9preuves pass\u00e9es par chacun et quelles que soient les in\u00e9galit\u00e9s qui existent d\u00e8s la naissance.","og_url":"https:\/\/www.groupe-sos.org\/es\/les-generations-futures\/","og_site_name":"Groupe SOS","article_publisher":"https:\/\/www.facebook.com\/GroupeSOS\/","article_modified_time":"2024-01-05T09:16:19+00:00","twitter_card":"summary_large_image","twitter_site":"@groupesos","twitter_misc":{"Tiempo de lectura":"3 minutos"},"schema":{"@context":"https:\/\/schema.org","@graph":[{"@type":"WebPage","@id":"https:\/\/www.groupe-sos.org\/es\/les-generations-futures\/","url":"https:\/\/www.groupe-sos.org\/es\/les-generations-futures\/","name":"Para las futuras generaciones - Groupe SOS","isPartOf":{"@id":"https:\/\/www.groupe-sos.org\/es\/#website"},"datePublished":"2022-08-30T09:41:26+00:00","dateModified":"2024-01-05T09:16:19+00:00","description":"Personne n\u2019est jamais au bout de son histoire. Cette conviction inspire toutes nos actions. Que ce soit \u00e0 titre individuel, o\u00f9 quelles que soient les \u00e9preuves pass\u00e9es par chacun et quelles que soient les in\u00e9galit\u00e9s qui existent d\u00e8s la naissance.","breadcrumb":{"@id":"https:\/\/www.groupe-sos.org\/es\/les-generations-futures\/#breadcrumb"},"inLanguage":"es","potentialAction":[{"@type":"ReadAction","target":["https:\/\/www.groupe-sos.org\/es\/les-generations-futures\/"]}]},{"@type":"BreadcrumbList","@id":"https:\/\/www.groupe-sos.org\/es\/les-generations-futures\/#breadcrumb","itemListElement":[{"@type":"ListItem","position":1,"name":"Home","item":"https:\/\/www.groupe-sos.org\/es\/"},{"@type":"ListItem","position":2,"name":"Para las futuras generaciones"}]},{"@type":"WebSite","@id":"https:\/\/www.groupe-sos.org\/es\/#website","url":"https:\/\/www.groupe-sos.org\/es\/","name":"Groupe SOS Entreprendre au profit de tous","description":"Entreprendre au profit de tous","publisher":{"@id":"https:\/\/www.groupe-sos.org\/es\/#organization"},"alternateName":"Groupe SOS","potentialAction":[{"@type":"SearchAction","target":{"@type":"EntryPoint","urlTemplate":"https:\/\/www.groupe-sos.org\/es\/?s={search_term_string}"},"query-input":{"@type":"PropertyValueSpecification","valueRequired":true,"valueName":"search_term_string"}}],"inLanguage":"es"},{"@type":"Organization","@id":"https:\/\/www.groupe-sos.org\/es\/#organization","name":"Groupe SOS","alternateName":"Entreprendre au profit de tous","url":"https:\/\/www.groupe-sos.org\/es\/","logo":{"@type":"ImageObject","inLanguage":"es","@id":"https:\/\/www.groupe-sos.org\/es\/#\/schema\/logo\/image\/","url":"https:\/\/www.groupe-sos.org\/wp-content\/uploads\/2022\/06\/groupe-sos-logo-1.png","contentUrl":"https:\/\/www.groupe-sos.org\/wp-content\/uploads\/2022\/06\/groupe-sos-logo-1.png","width":300,"height":60,"caption":"Groupe SOS"},"image":{"@id":"https:\/\/www.groupe-sos.org\/es\/#\/schema\/logo\/image\/"},"sameAs":["https:\/\/www.facebook.com\/GroupeSOS\/","https:\/\/x.com\/groupesos","https:\/\/www.instagram.com\/groupe_sos\/","https:\/\/www.linkedin.com\/company\/groupe-sos\/?originalSubdomain=fr"]}]}},"_links":{"self":[{"href":"https:\/\/www.groupe-sos.org\/es\/wp-json\/wp\/v2\/pages\/187196","targetHints":{"allow":["GET"]}}],"collection":[{"href":"https:\/\/www.groupe-sos.org\/es\/wp-json\/wp\/v2\/pages"}],"about":[{"href":"https:\/\/www.groupe-sos.org\/es\/wp-json\/wp\/v2\/types\/page"}],"author":[{"embeddable":true,"href":"https:\/\/www.groupe-sos.org\/es\/wp-json\/wp\/v2\/users\/1"}],"replies":[{"embeddable":true,"href":"https:\/\/www.groupe-sos.org\/es\/wp-json\/wp\/v2\/comments?post=187196"}],"version-history":[{"count":6,"href":"https:\/\/www.groupe-sos.org\/es\/wp-json\/wp\/v2\/pages\/187196\/revisions"}],"predecessor-version":[{"id":187849,"href":"https:\/\/www.groupe-sos.org\/es\/wp-json\/wp\/v2\/pages\/187196\/revisions\/187849"}],"wp:attachment":[{"href":"https:\/\/www.groupe-sos.org\/es\/wp-json\/wp\/v2\/media?parent=187196"}],"wp:term":[{"taxonomy":"secteur","embeddable":true,"href":"https:\/\/www.groupe-sos.org\/es\/wp-json\/wp\/v2\/secteur?post=187196"}],"curies":[{"name":"wp","href":"https:\/\/api.w.org\/{rel}","templated":true}]}}