{"id":187265,"date":"2022-08-30T11:34:38","date_gmt":"2022-08-30T09:34:38","guid":{"rendered":"https:\/\/www.groupe-sos.org\/les-personnes-vulnerables\/"},"modified":"2025-03-06T18:11:56","modified_gmt":"2025-03-06T17:11:56","slug":"les-personnes-vulnerables","status":"publish","type":"page","link":"https:\/\/www.groupe-sos.org\/es\/les-personnes-vulnerables\/","title":{"rendered":"Para las personas vulnerables"},"content":{"rendered":"<div id=\"field_powdd2ae77d4af04fc1\" class=\"container-fluid px-0 flexible_section heropages heropages block_hero\">\n  <div id=\"hero_powdd2ae77d4af04fc1\" class=\"hero_container px-0\">\n   <div class=\"hero_image_outer\">\n    <img decoding=\"async\" src=\"https:\/\/www.groupe-sos.org\/wp-content\/uploads\/2022\/12\/1.-Personnes-vulnerables-2-1.jpg\" alt=\"\" class=\"heroimage \" \/>\n   <\/div>\n  <\/div>\n<\/div>\n\n\n<div id=\"field_pow3a146423011845d2\" class=\"container-fluid px-0 flexible_section block_columns\">\n <div id=\"field_pow3a146423011845d2_inner\" class=\"container flexible_section_inner\">\n\n   <div class=\"row flexible_section_content\">\n\n   <div class=\"p-5 col-sm-12 colonne colonne1\">\n    <div class=\"colonne_inner  text-left\">\n<h3>Nuestras acciones<\/h3>\n<h1><span class=\"TextRun SCXW42157916 BCX0\" lang=\"FR-FR\" xml:lang=\"FR-FR\"><span class=\"NormalTextRun SCXW42157916 BCX0\">Emprender para el beneficio<\/span><\/span><\/h1>\n<h1><span class=\"TextRun SCXW42157916 BCX0\" lang=\"FR-FR\" xml:lang=\"FR-FR\"><span class=\"NormalTextRun SCXW42157916 BCX0\">de las personas vuln\u00e9rables<\/span><\/span><\/h1>\n    <\/div>\n   <\/div>\n  <\/div>\n\n <\/div>\n<\/div>\n\n\n<div id=\"field_powd3e6a89f332c4d29\" class=\"container-fluid px-0 flexible_section block_breadcrumb\">\n <div id=\"field_powd3e6a89f332c4d29_inner\" class=\"container flexible_section_inner\">\n\n  <div class=\"row flexible_section_content\">\n\n   <div class=\"breadcrumb_outer\" id=\"breadcrumb_powd3e6a89f332c4d29\">\n\n   <nav aria-label=\"breadcrumb\" id=\"breadcrumb_powd3e6a89f332c4d29_nav\">\n    <ol class=\"breadcrumb\">\n<li class=\"breadcrumb-item active\" aria-current=\"page\">Para las personas vulnerables<\/li>\n      <\/ol>\n   <\/nav>\n\n   <\/div>\n\n  <\/div>\n\n <\/div>\n<\/div>\n\n\n<div id=\"field_powab993c3b3b994607\" class=\"container-fluid px-0 flexible_section block_columns\">\n <div id=\"field_powab993c3b3b994607_inner\" class=\"container flexible_section_inner\">\n\n   <div class=\"row flexible_section_content\">\n\n   <div class=\"mb-3 mb-sm-0 col-sm-6 colonne colonne1\">\n    <div class=\"colonne_inner  text-left\">\n<p><strong>Nadie est\u00e1 nunca al final de su historia. Es esta convicci\u00f3n la que, desde su creaci\u00f3n en 1984 y durante los a\u00f1os del sida, ha alimentado e inspirado al Groupe<\/strong><strong>\u00a0SOS y a sus equipos.<\/strong><\/p>\n    <\/div>\n   <\/div>\n   <div class=\"col-sm-6 colonne colonne2\">\n    <div class=\"colonne_inner  text-left\">\n<p><strong>Hay muchas fracturas en nuestra sociedad, y cambian constantemente. Independientemente de los caminos que tomen y de los obst\u00e1culos a los que se enfrenten, apoyamos a las personas en situaci\u00f3n vulnerable en su camino hacia una vida digna, estable y feliz.<\/strong><\/p>\n    <\/div>\n   <\/div>\n  <\/div>\n\n <\/div>\n<\/div>\n\n\n<div id=\"field_630e2ddac6805\" class=\"container-fluid px-0 flexible_section block_childrenpages\">\n <div id=\"field_630e2ddac6805_inner\" class=\"container flexible_section_inner polegrid\">\n\n  <div class=\"row flexible_section_title_container\"><div class=\"col-12 flexible_section_title_col\"><h2 class=\"flexible_section_title mb-5 text-left  \">Nuestras acciones<\/h2><\/div><\/div>\n<div class=\"container_full px-0\" id=\"grid_630e2ddac6805_outer\">\n<div class=\"container px-0\">\n  <div class=\"row row-cols-1 row-cols-md-2 row-cols-lg-2 flexible_section_content\" id=\"grid_630e2ddac6805\">\n   <div class=\"col-sm-12 col-md-6 col-lg-6  item mb-3 elem-1\">\n<div class=\"pole_child linkable item_pole_vert\" data-dest=\"https:\/\/www.groupe-sos.org\/es\/les-personnes-vulnerables\/personnes-eloignees-de-lemploi\/\">\r\n<div class=\"pole_child_vignette\"><a href=\"https:\/\/www.groupe-sos.org\/es\/les-personnes-vulnerables\/personnes-eloignees-de-lemploi\/\"><img decoding=\"async\" src=\"https:\/\/www.groupe-sos.org\/wp-content\/uploads\/2022\/12\/PV_1_Personnes_eloignees_de_lemploi-vignette-aspect-ratio-4-3.jpg\" alt=\"Personas alejadas del empleo\u00a0\" \/><\/a><\/div>\r\n<div class=\"pole_child_description px-3\"><h3>Personas alejadas del empleo\u00a0<\/h3><\/div>\r\n<div class=\"pole_child_more customlink_no normal\"><a href=\"https:\/\/www.groupe-sos.org\/es\/les-personnes-vulnerables\/personnes-eloignees-de-lemploi\/\" class=\"lightbluebutton\">M\u00e1s informaci\u00f3n<\/a><\/div>\r\n<div class=\"pole_child_more customlink_no external\"><a href=\"\" class=\"lightbluebutton\" target=\"_blank\">M\u00e1s informaci\u00f3n<\/a><\/div>\r\n<\/div>   <\/div>\n   <div class=\"col-sm-12 col-md-6 col-lg-6  item mb-3 elem-2\">\n<div class=\"pole_child linkable item_pole_bleu\" data-dest=\"https:\/\/www.groupe-sos.org\/es\/les-personnes-vulnerables\/personnes-en-situation-dexil\/\">\r\n<div class=\"pole_child_vignette\"><a href=\"https:\/\/www.groupe-sos.org\/es\/les-personnes-vulnerables\/personnes-en-situation-dexil\/\"><img decoding=\"async\" src=\"https:\/\/www.groupe-sos.org\/wp-content\/uploads\/2022\/12\/PV_1_Personnes_en_situation_dexil-vignette-aspect-ratio-4-3.jpg\" alt=\"Personas en situaci\u00f3n de exilio\u00a0\" \/><\/a><\/div>\r\n<div class=\"pole_child_description px-3\"><h3>Personas en situaci\u00f3n de exilio\u00a0<\/h3><\/div>\r\n<div class=\"pole_child_more customlink_no normal\"><a href=\"https:\/\/www.groupe-sos.org\/es\/les-personnes-vulnerables\/personnes-en-situation-dexil\/\" class=\"lightbluebutton\">M\u00e1s informaci\u00f3n<\/a><\/div>\r\n<div class=\"pole_child_more customlink_no external\"><a href=\"\" class=\"lightbluebutton\" target=\"_blank\">M\u00e1s informaci\u00f3n<\/a><\/div>\r\n<\/div>   <\/div>\n   <div class=\"col-sm-12 col-md-6 col-lg-6  item mb-3 elem-3\">\n<div class=\"pole_child linkable item_pole_rouge\" data-dest=\"https:\/\/www.groupe-sos.org\/es\/les-personnes-vulnerables\/personnes-souffrant-daddictions\/\">\r\n<div class=\"pole_child_vignette\"><a href=\"https:\/\/www.groupe-sos.org\/es\/les-personnes-vulnerables\/personnes-souffrant-daddictions\/\"><img decoding=\"async\" src=\"https:\/\/www.groupe-sos.org\/wp-content\/uploads\/2022\/12\/PV_1_Personnes_souffrant_daddictions-vignette-aspect-ratio-4-3-1.jpg\" alt=\"Personas con adicciones\u00a0\" \/><\/a><\/div>\r\n<div class=\"pole_child_description px-3\"><h3>Personas con adicciones\u00a0<\/h3><\/div>\r\n<div class=\"pole_child_more customlink_no normal\"><a href=\"https:\/\/www.groupe-sos.org\/es\/les-personnes-vulnerables\/personnes-souffrant-daddictions\/\" class=\"lightbluebutton\">M\u00e1s informaci\u00f3n<\/a><\/div>\r\n<div class=\"pole_child_more customlink_no external\"><a href=\"\" class=\"lightbluebutton\" target=\"_blank\">M\u00e1s informaci\u00f3n<\/a><\/div>\r\n<\/div>   <\/div>\n   <div class=\"col-sm-12 col-md-6 col-lg-6  item mb-3 elem-4\">\n<div class=\"pole_child linkable item_pole_jaune\" data-dest=\"https:\/\/www.groupe-sos.org\/es\/les-personnes-vulnerables\/personnes-sous-lautorite-de-la-justice\/\">\r\n<div class=\"pole_child_vignette\"><a href=\"https:\/\/www.groupe-sos.org\/es\/les-personnes-vulnerables\/personnes-sous-lautorite-de-la-justice\/\"><img decoding=\"async\" src=\"https:\/\/www.groupe-sos.org\/wp-content\/uploads\/2022\/12\/PV_1_Personnes_sous_lautorite_de_la_justice-vignette-aspect-ratio-4-3.jpg\" alt=\"Individuos bajo la autoridad judicial\u00a0\" \/><\/a><\/div>\r\n<div class=\"pole_child_description px-3\"><h3>Individuos bajo la autoridad judicial\u00a0<\/h3><\/div>\r\n<div class=\"pole_child_more customlink_no normal\"><a href=\"https:\/\/www.groupe-sos.org\/es\/les-personnes-vulnerables\/personnes-sous-lautorite-de-la-justice\/\" class=\"lightbluebutton\">M\u00e1s informaci\u00f3n<\/a><\/div>\r\n<div class=\"pole_child_more customlink_no external\"><a href=\"\" class=\"lightbluebutton\" target=\"_blank\">M\u00e1s informaci\u00f3n<\/a><\/div>\r\n<\/div>   <\/div>\n   <div class=\"col-sm-12 col-md-6 col-lg-6  item mb-3 elem-5\">\n<div class=\"pole_child linkable item_pole_vert\" data-dest=\"https:\/\/www.groupe-sos.org\/es\/les-personnes-vulnerables\/personnes-sans-domicile-fixe\/\">\r\n<div class=\"pole_child_vignette\"><a href=\"https:\/\/www.groupe-sos.org\/es\/les-personnes-vulnerables\/personnes-sans-domicile-fixe\/\"><img decoding=\"async\" src=\"https:\/\/www.groupe-sos.org\/wp-content\/uploads\/2022\/12\/PV_1_Sans_abris-vignette-aspect-ratio-4-3.jpg\" alt=\"Personas sin hogar fijo\u00a0\" \/><\/a><\/div>\r\n<div class=\"pole_child_description px-3\"><h3>Personas sin hogar fijo\u00a0<\/h3><\/div>\r\n<div class=\"pole_child_more customlink_no normal\"><a href=\"https:\/\/www.groupe-sos.org\/es\/les-personnes-vulnerables\/personnes-sans-domicile-fixe\/\" class=\"lightbluebutton\">M\u00e1s informaci\u00f3n<\/a><\/div>\r\n<div class=\"pole_child_more customlink_no external\"><a href=\"\" class=\"lightbluebutton\" target=\"_blank\">M\u00e1s informaci\u00f3n<\/a><\/div>\r\n<\/div>   <\/div>\n   <div class=\"col-sm-12 col-md-6 col-lg-6  item mb-3 elem-6\">\n<div class=\"pole_child linkable item_pole_bleu\" data-dest=\"https:\/\/www.groupe-sos.org\/es\/les-personnes-vulnerables\/personnes-en-situation-de-handicap\/\">\r\n<div class=\"pole_child_vignette\"><a href=\"https:\/\/www.groupe-sos.org\/es\/les-personnes-vulnerables\/personnes-en-situation-de-handicap\/\"><img decoding=\"async\" src=\"https:\/\/www.groupe-sos.org\/wp-content\/uploads\/2022\/12\/PV_1_Personnes_en_situation_de_handicap-1-aspect-ratio-4-3.jpg\" alt=\"Personas con discapacidad\u00a0\" \/><\/a><\/div>\r\n<div class=\"pole_child_description px-3\"><h3>Personas con discapacidad\u00a0<\/h3><\/div>\r\n<div class=\"pole_child_more customlink_no normal\"><a href=\"https:\/\/www.groupe-sos.org\/es\/les-personnes-vulnerables\/personnes-en-situation-de-handicap\/\" class=\"lightbluebutton\">M\u00e1s informaci\u00f3n<\/a><\/div>\r\n<div class=\"pole_child_more customlink_no external\"><a href=\"\" class=\"lightbluebutton\" target=\"_blank\">M\u00e1s informaci\u00f3n<\/a><\/div>\r\n<\/div>   <\/div>\n   <div class=\"col-sm-12 col-md-6 col-lg-6  item mb-3 elem-7\">\n<div class=\"pole_child linkable item_pole_rouge\" data-dest=\"https:\/\/www.groupe-sos.org\/es\/les-personnes-vulnerables\/personnes-agees\/\">\r\n<div class=\"pole_child_vignette\"><a href=\"https:\/\/www.groupe-sos.org\/es\/les-personnes-vulnerables\/personnes-agees\/\"><img decoding=\"async\" src=\"https:\/\/www.groupe-sos.org\/wp-content\/uploads\/2022\/12\/PV_1_Personnes_agees-1-scaled-aspect-ratio-4-3-scaled.jpg\" alt=\"Personas mayores\u00a0\" \/><\/a><\/div>\r\n<div class=\"pole_child_description px-3\"><h3>Personas mayores\u00a0<\/h3><\/div>\r\n<div class=\"pole_child_more customlink_no normal\"><a href=\"https:\/\/www.groupe-sos.org\/es\/les-personnes-vulnerables\/personnes-agees\/\" class=\"lightbluebutton\">M\u00e1s informaci\u00f3n<\/a><\/div>\r\n<div class=\"pole_child_more customlink_no external\"><a href=\"\" class=\"lightbluebutton\" target=\"_blank\">M\u00e1s informaci\u00f3n<\/a><\/div>\r\n<\/div>   <\/div>\n   <div class=\"col-sm-12 col-md-6 col-lg-6  item mb-3 elem-8\">\n<div class=\"pole_child linkable item_pole_jaune\" data-dest=\"https:\/\/www.groupe-sos.org\/es\/les-personnes-vulnerables\/personnes-necessitant-des-soins\/\">\r\n<div class=\"pole_child_vignette\"><a href=\"https:\/\/www.groupe-sos.org\/es\/les-personnes-vulnerables\/personnes-necessitant-des-soins\/\"><img decoding=\"async\" src=\"https:\/\/www.groupe-sos.org\/wp-content\/uploads\/2022\/12\/PV_1_Personnes_necissitant_des_des_soins-vignette-aspect-ratio-4-3.jpg\" alt=\"Personas que requieren atenci\u00f3n m\u00e9dica\u00a0\" \/><\/a><\/div>\r\n<div class=\"pole_child_description px-3\"><h3>Personas que requieren atenci\u00f3n m\u00e9dica\u00a0<\/h3><\/div>\r\n<div class=\"pole_child_more customlink_no normal\"><a href=\"https:\/\/www.groupe-sos.org\/es\/les-personnes-vulnerables\/personnes-necessitant-des-soins\/\" class=\"lightbluebutton\">M\u00e1s informaci\u00f3n<\/a><\/div>\r\n<div class=\"pole_child_more customlink_no external\"><a href=\"\" class=\"lightbluebutton\" target=\"_blank\">M\u00e1s informaci\u00f3n<\/a><\/div>\r\n<\/div>   <\/div>\n  <\/div>\n<\/div>\n<\/div>\n <\/div>\n<\/div>\n\n\n<div id=\"field_pow91135c11e82c4f0d\" class=\"container-fluid px-0 flexible_section block_adaptativetextandimage\">\n <div id=\"field_pow91135c11e82c4f0d_inner\" class=\"container flexible_section_inner\">\n\n   <div class=\"row flexible_section_content adaptativeimage  bordertopbleu\" id=\"textimagebanner_pow91135c11e82c4f0d\">\n\n   <div class=\"col-12 col-sm-7 order-2 order-sm-2 colonne colonne1 colonne1_pow91135c11e82c4f0d\">\n    <div class=\"colonne_inner text-left justify-content-start\">\n<h3>Accesso a la cultura<\/h3>\n<p>En el Groupe SOS, creemos que la transmisi\u00f3n del conocimiento y de las pr\u00e1cticas art\u00edsticas es necesaria. La cultura, en efecto, nos permite ver m\u00e1s all\u00e1, estimula nuestras mentes y despierta nuestra interpretaci\u00f3n del mundo. Es fuente de accesibilidad, libertad e igualdad. Todos deben tener acceso a la cultura, sin\u00f3nimo de v\u00ednculos, caminos, relatos, historias e ideas. Esta directriz gu\u00eda diariamente nuestros campos de acci\u00f3n: nuestros espacios, nuestros programas de apoyo, nuestros medios, cine, patrimonio, ingenier\u00eda cultural, producci\u00f3n art\u00edstica, integraci\u00f3n, aceleraci\u00f3n empresarial\u2026 y nuestro deseo de transmitir conocimientos.<\/p>\n<p><a class=\"lightbluebutton\" href=\"https:\/\/www.groupe-sos.org\/es\/les-territoires\/acces-a-la-culture-pour-tous\/\">M\u00e1s informaci\u00f3n<\/a><\/p>\n    <\/div>\n   <\/div>\n   <div class=\"col-12 col-sm-5 order-1 order-sm-1 colonne colonne2 colonne2_pow91135c11e82c4f0d\">\n   <\/div>\n  <\/div>\n\n <\/div>\n<\/div>\n\n\n<div id=\"field_62d7d34f14fb7\" class=\"container-fluid px-0 flexible_section block_columns\">\n <div id=\"field_62d7d34f14fb7_inner\" class=\"container flexible_section_inner\">\n\n  <div class=\"row flexible_section_title_container\"><div class=\"col-12 flexible_section_title_col\"><h2 class=\"flexible_section_title mb-5 text-left  \">Carte des \u00e9tablissements et associations<\/h2><\/div><\/div>\n   <div class=\"row flexible_section_content\">\n\n   <div class=\"blockbutton mb-3 mb-sm-0 col-sm-4 colonne colonne1\">\n    <div class=\"colonne_inner h-100 text-left\">\n<h3>En el coraz\u00f3n de los territorios<\/h3>\n<p>Las necesidades emergen en todas partes, cada una con sus particularidades locales y territoriales. El Groue SOS est\u00e1 presente en m\u00e1s de 50 pa\u00edses para responder a las necesidades de los m\u00e1s vulnerables, de las generaciones futuras y de los territorios. El Groupe SOS trabaja sobre el terreno en colaboraci\u00f3n con los habitantes y los actores locales para encontrar soluciones a los problemas medioambientales y sociales.<br \/>\n<a class=\"lightbluebutton\" href=\"https:\/\/www.groupe-sos.org\/en\/le-groupe-sos\/our-international-projects\/\">Dar un vistazo<\/a><\/p>\n    <\/div>\n   <\/div>\n   <div class=\"col-sm-8 colonne colonne2\">\n    <div class=\"colonne_inner text-center d-flex align-items-center justify-content-center\">\n    <div class=\"colonne_inner_sub \">\n<p><img decoding=\"async\" class=\"alignright size-large wp-image-175956\" src=\"https:\/\/www.groupe-sos.org\/wp-content\/uploads\/2023\/06\/carte-internationale-juin-2023-1024x622.png\" alt=\"\" width=\"1024\" height=\"622\" srcset=\"https:\/\/www.groupe-sos.org\/wp-content\/uploads\/2023\/06\/carte-internationale-juin-2023-1024x622.png 1024w, https:\/\/www.groupe-sos.org\/wp-content\/uploads\/2023\/06\/carte-internationale-juin-2023-300x182.png 300w, https:\/\/www.groupe-sos.org\/wp-content\/uploads\/2023\/06\/carte-internationale-juin-2023-768x467.png 768w, https:\/\/www.groupe-sos.org\/wp-content\/uploads\/2023\/06\/carte-internationale-juin-2023.png 1114w\" sizes=\"(max-width: 1024px) 100vw, 1024px\" \/><\/p>\n    <\/div>\n    <\/div>\n   <\/div>\n  <\/div>\n\n <\/div>\n<\/div>\n\n\n","protected":false},"excerpt":{"rendered":"<p>Personne n\u2019est jamais au bout de son histoire. C\u2019est cette conviction qui, depuis sa cr\u00e9ation en 1984 et les ann\u00e9es sida, a nourrit et inspir\u00e9 le Groupe SOS et ses \u00e9quipes.<\/p>\n","protected":false},"author":1,"featured_media":0,"parent":0,"menu_order":208,"comment_status":"closed","ping_status":"closed","template":"page-templates\/page-poles.php","meta":{"_acf_changed":false,"footnotes":""},"secteur":[],"class_list":["post-187265","page","type-page","status-publish","hentry"],"acf":[],"yoast_head":"<!-- This site is optimized with the Yoast SEO plugin v27.4 - https:\/\/yoast.com\/product\/yoast-seo-wordpress\/ -->\n<title>Para las personas vulnerables - Groupe SOS<\/title>\n<meta name=\"description\" content=\"Personne n\u2019est jamais au bout de son histoire. C\u2019est cette conviction qui, depuis sa cr\u00e9ation en 1984 et les ann\u00e9es sida, a nourrit et inspir\u00e9 le Groupe SOS et ses \u00e9quipes.\" \/>\n<meta name=\"robots\" content=\"index, follow, max-snippet:-1, max-image-preview:large, max-video-preview:-1\" \/>\n<link rel=\"canonical\" href=\"https:\/\/www.groupe-sos.org\/es\/les-personnes-vulnerables\/\" \/>\n<meta property=\"og:locale\" content=\"es_ES\" \/>\n<meta property=\"og:type\" content=\"article\" \/>\n<meta property=\"og:title\" content=\"Para las personas vulnerables - Groupe SOS\" \/>\n<meta property=\"og:description\" content=\"Personne n\u2019est jamais au bout de son histoire. C\u2019est cette conviction qui, depuis sa cr\u00e9ation en 1984 et les ann\u00e9es sida, a nourrit et inspir\u00e9 le Groupe SOS et ses \u00e9quipes.\" \/>\n<meta property=\"og:url\" content=\"https:\/\/www.groupe-sos.org\/es\/les-personnes-vulnerables\/\" \/>\n<meta property=\"og:site_name\" content=\"Groupe SOS\" \/>\n<meta property=\"article:publisher\" content=\"https:\/\/www.facebook.com\/GroupeSOS\/\" \/>\n<meta property=\"article:modified_time\" content=\"2025-03-06T17:11:56+00:00\" \/>\n<meta name=\"twitter:card\" content=\"summary_large_image\" \/>\n<meta name=\"twitter:site\" content=\"@groupesos\" \/>\n<meta name=\"twitter:label1\" content=\"Tiempo de lectura\" \/>\n\t<meta name=\"twitter:data1\" content=\"4 minutos\" \/>\n<script type=\"application\/ld+json\" class=\"yoast-schema-graph\">{\"@context\":\"https:\\\/\\\/schema.org\",\"@graph\":[{\"@type\":\"WebPage\",\"@id\":\"https:\\\/\\\/www.groupe-sos.org\\\/es\\\/les-personnes-vulnerables\\\/\",\"url\":\"https:\\\/\\\/www.groupe-sos.org\\\/es\\\/les-personnes-vulnerables\\\/\",\"name\":\"Para las personas vulnerables - Groupe SOS\",\"isPartOf\":{\"@id\":\"https:\\\/\\\/www.groupe-sos.org\\\/es\\\/#website\"},\"datePublished\":\"2022-08-30T09:34:38+00:00\",\"dateModified\":\"2025-03-06T17:11:56+00:00\",\"description\":\"Personne n\u2019est jamais au bout de son histoire. C\u2019est cette conviction qui, depuis sa cr\u00e9ation en 1984 et les ann\u00e9es sida, a nourrit et inspir\u00e9 le Groupe SOS et ses \u00e9quipes.\",\"breadcrumb\":{\"@id\":\"https:\\\/\\\/www.groupe-sos.org\\\/es\\\/les-personnes-vulnerables\\\/#breadcrumb\"},\"inLanguage\":\"es\",\"potentialAction\":[{\"@type\":\"ReadAction\",\"target\":[\"https:\\\/\\\/www.groupe-sos.org\\\/es\\\/les-personnes-vulnerables\\\/\"]}]},{\"@type\":\"BreadcrumbList\",\"@id\":\"https:\\\/\\\/www.groupe-sos.org\\\/es\\\/les-personnes-vulnerables\\\/#breadcrumb\",\"itemListElement\":[{\"@type\":\"ListItem\",\"position\":1,\"name\":\"Home\",\"item\":\"https:\\\/\\\/www.groupe-sos.org\\\/es\\\/\"},{\"@type\":\"ListItem\",\"position\":2,\"name\":\"Para las personas vulnerables\"}]},{\"@type\":\"WebSite\",\"@id\":\"https:\\\/\\\/www.groupe-sos.org\\\/es\\\/#website\",\"url\":\"https:\\\/\\\/www.groupe-sos.org\\\/es\\\/\",\"name\":\"Groupe SOS Entreprendre au profit de tous\",\"description\":\"Entreprendre au profit de tous\",\"publisher\":{\"@id\":\"https:\\\/\\\/www.groupe-sos.org\\\/es\\\/#organization\"},\"alternateName\":\"Groupe SOS\",\"potentialAction\":[{\"@type\":\"SearchAction\",\"target\":{\"@type\":\"EntryPoint\",\"urlTemplate\":\"https:\\\/\\\/www.groupe-sos.org\\\/es\\\/?s={search_term_string}\"},\"query-input\":{\"@type\":\"PropertyValueSpecification\",\"valueRequired\":true,\"valueName\":\"search_term_string\"}}],\"inLanguage\":\"es\"},{\"@type\":\"Organization\",\"@id\":\"https:\\\/\\\/www.groupe-sos.org\\\/es\\\/#organization\",\"name\":\"Groupe SOS\",\"alternateName\":\"Entreprendre au profit de tous\",\"url\":\"https:\\\/\\\/www.groupe-sos.org\\\/es\\\/\",\"logo\":{\"@type\":\"ImageObject\",\"inLanguage\":\"es\",\"@id\":\"https:\\\/\\\/www.groupe-sos.org\\\/es\\\/#\\\/schema\\\/logo\\\/image\\\/\",\"url\":\"https:\\\/\\\/www.groupe-sos.org\\\/wp-content\\\/uploads\\\/2022\\\/06\\\/groupe-sos-logo-1.png\",\"contentUrl\":\"https:\\\/\\\/www.groupe-sos.org\\\/wp-content\\\/uploads\\\/2022\\\/06\\\/groupe-sos-logo-1.png\",\"width\":300,\"height\":60,\"caption\":\"Groupe SOS\"},\"image\":{\"@id\":\"https:\\\/\\\/www.groupe-sos.org\\\/es\\\/#\\\/schema\\\/logo\\\/image\\\/\"},\"sameAs\":[\"https:\\\/\\\/www.facebook.com\\\/GroupeSOS\\\/\",\"https:\\\/\\\/x.com\\\/groupesos\",\"https:\\\/\\\/www.instagram.com\\\/groupe_sos\\\/\",\"https:\\\/\\\/www.linkedin.com\\\/company\\\/groupe-sos\\\/?originalSubdomain=fr\"]}]}<\/script>\n<!-- \/ Yoast SEO plugin. -->","yoast_head_json":{"title":"Para las personas vulnerables - Groupe SOS","description":"Personne n\u2019est jamais au bout de son histoire. C\u2019est cette conviction qui, depuis sa cr\u00e9ation en 1984 et les ann\u00e9es sida, a nourrit et inspir\u00e9 le Groupe SOS et ses \u00e9quipes.","robots":{"index":"index","follow":"follow","max-snippet":"max-snippet:-1","max-image-preview":"max-image-preview:large","max-video-preview":"max-video-preview:-1"},"canonical":"https:\/\/www.groupe-sos.org\/es\/les-personnes-vulnerables\/","og_locale":"es_ES","og_type":"article","og_title":"Para las personas vulnerables - Groupe SOS","og_description":"Personne n\u2019est jamais au bout de son histoire. C\u2019est cette conviction qui, depuis sa cr\u00e9ation en 1984 et les ann\u00e9es sida, a nourrit et inspir\u00e9 le Groupe SOS et ses \u00e9quipes.","og_url":"https:\/\/www.groupe-sos.org\/es\/les-personnes-vulnerables\/","og_site_name":"Groupe SOS","article_publisher":"https:\/\/www.facebook.com\/GroupeSOS\/","article_modified_time":"2025-03-06T17:11:56+00:00","twitter_card":"summary_large_image","twitter_site":"@groupesos","twitter_misc":{"Tiempo de lectura":"4 minutos"},"schema":{"@context":"https:\/\/schema.org","@graph":[{"@type":"WebPage","@id":"https:\/\/www.groupe-sos.org\/es\/les-personnes-vulnerables\/","url":"https:\/\/www.groupe-sos.org\/es\/les-personnes-vulnerables\/","name":"Para las personas vulnerables - Groupe SOS","isPartOf":{"@id":"https:\/\/www.groupe-sos.org\/es\/#website"},"datePublished":"2022-08-30T09:34:38+00:00","dateModified":"2025-03-06T17:11:56+00:00","description":"Personne n\u2019est jamais au bout de son histoire. C\u2019est cette conviction qui, depuis sa cr\u00e9ation en 1984 et les ann\u00e9es sida, a nourrit et inspir\u00e9 le Groupe SOS et ses \u00e9quipes.","breadcrumb":{"@id":"https:\/\/www.groupe-sos.org\/es\/les-personnes-vulnerables\/#breadcrumb"},"inLanguage":"es","potentialAction":[{"@type":"ReadAction","target":["https:\/\/www.groupe-sos.org\/es\/les-personnes-vulnerables\/"]}]},{"@type":"BreadcrumbList","@id":"https:\/\/www.groupe-sos.org\/es\/les-personnes-vulnerables\/#breadcrumb","itemListElement":[{"@type":"ListItem","position":1,"name":"Home","item":"https:\/\/www.groupe-sos.org\/es\/"},{"@type":"ListItem","position":2,"name":"Para las personas vulnerables"}]},{"@type":"WebSite","@id":"https:\/\/www.groupe-sos.org\/es\/#website","url":"https:\/\/www.groupe-sos.org\/es\/","name":"Groupe SOS Entreprendre au profit de tous","description":"Entreprendre au profit de tous","publisher":{"@id":"https:\/\/www.groupe-sos.org\/es\/#organization"},"alternateName":"Groupe SOS","potentialAction":[{"@type":"SearchAction","target":{"@type":"EntryPoint","urlTemplate":"https:\/\/www.groupe-sos.org\/es\/?s={search_term_string}"},"query-input":{"@type":"PropertyValueSpecification","valueRequired":true,"valueName":"search_term_string"}}],"inLanguage":"es"},{"@type":"Organization","@id":"https:\/\/www.groupe-sos.org\/es\/#organization","name":"Groupe SOS","alternateName":"Entreprendre au profit de tous","url":"https:\/\/www.groupe-sos.org\/es\/","logo":{"@type":"ImageObject","inLanguage":"es","@id":"https:\/\/www.groupe-sos.org\/es\/#\/schema\/logo\/image\/","url":"https:\/\/www.groupe-sos.org\/wp-content\/uploads\/2022\/06\/groupe-sos-logo-1.png","contentUrl":"https:\/\/www.groupe-sos.org\/wp-content\/uploads\/2022\/06\/groupe-sos-logo-1.png","width":300,"height":60,"caption":"Groupe SOS"},"image":{"@id":"https:\/\/www.groupe-sos.org\/es\/#\/schema\/logo\/image\/"},"sameAs":["https:\/\/www.facebook.com\/GroupeSOS\/","https:\/\/x.com\/groupesos","https:\/\/www.instagram.com\/groupe_sos\/","https:\/\/www.linkedin.com\/company\/groupe-sos\/?originalSubdomain=fr"]}]}},"_links":{"self":[{"href":"https:\/\/www.groupe-sos.org\/es\/wp-json\/wp\/v2\/pages\/187265","targetHints":{"allow":["GET"]}}],"collection":[{"href":"https:\/\/www.groupe-sos.org\/es\/wp-json\/wp\/v2\/pages"}],"about":[{"href":"https:\/\/www.groupe-sos.org\/es\/wp-json\/wp\/v2\/types\/page"}],"author":[{"embeddable":true,"href":"https:\/\/www.groupe-sos.org\/es\/wp-json\/wp\/v2\/users\/1"}],"replies":[{"embeddable":true,"href":"https:\/\/www.groupe-sos.org\/es\/wp-json\/wp\/v2\/comments?post=187265"}],"version-history":[{"count":16,"href":"https:\/\/www.groupe-sos.org\/es\/wp-json\/wp\/v2\/pages\/187265\/revisions"}],"predecessor-version":[{"id":211381,"href":"https:\/\/www.groupe-sos.org\/es\/wp-json\/wp\/v2\/pages\/187265\/revisions\/211381"}],"wp:attachment":[{"href":"https:\/\/www.groupe-sos.org\/es\/wp-json\/wp\/v2\/media?parent=187265"}],"wp:term":[{"taxonomy":"secteur","embeddable":true,"href":"https:\/\/www.groupe-sos.org\/es\/wp-json\/wp\/v2\/secteur?post=187265"}],"curies":[{"name":"wp","href":"https:\/\/api.w.org\/{rel}","templated":true}]}}