{"id":187755,"date":"2022-06-10T11:40:02","date_gmt":"2022-06-10T09:40:02","guid":{"rendered":"https:\/\/www.groupe-sos.org\/contact\/"},"modified":"2025-03-06T18:19:20","modified_gmt":"2025-03-06T17:19:20","slug":"contact","status":"publish","type":"page","link":"https:\/\/www.groupe-sos.org\/es\/contact\/","title":{"rendered":"Contacto"},"content":{"rendered":"<div id=\"field_pow73fcc7032a114d6d\" class=\"container-fluid px-0 flexible_section heropages block_hero\">\n  <div id=\"hero_pow73fcc7032a114d6d\" class=\"hero_container px-0\">\n   <div class=\"hero_image_outer\">\n<picture class=\"skip-lazy\">\r\n\t\t\t\t\t<source srcset=\"https:\/\/www.groupe-sos.org\/wp-content\/uploads\/2022\/11\/GroupeSOS-home_lang.jpg\" media=\"(min-width: 578px)\" class=\"skip-lazy\">\r\n\t\t\t\t\t<img srcset=\"https:\/\/www.groupe-sos.org\/wp-content\/uploads\/2022\/11\/GroupeSOS-home_lang.jpg\" alt=\"\" class=\"heroimage \" \/>\r\n\t\t\t\t<\/picture>   <\/div>\n  <\/div>\n<\/div>\n\n\n<div id=\"field_pow086bc75f3bb742d3\" class=\"container-fluid px-0 flexible_section block_columns\">\n <div id=\"field_pow086bc75f3bb742d3_inner\" class=\"container flexible_section_inner\">\n\n   <div class=\"row flexible_section_content\">\n\n   <div class=\"p-5 col-sm-12 colonne colonne1\">\n    <div class=\"colonne_inner  text-left\">\n<h1>Cont\u00e1ctenos<\/h1>\n    <\/div>\n   <\/div>\n  <\/div>\n\n <\/div>\n<\/div>\n\n\n<div id=\"field_pow4cd33c0f8a024475\" class=\"container-fluid px-0 flexible_section block_columns\">\n <div id=\"field_pow4cd33c0f8a024475_inner\" class=\"container flexible_section_inner\">\n\n   <div class=\"row flexible_section_content\">\n\n   <div class=\"mb-3 mb-sm-0 col-sm-7 colonne colonne1\">\n    <div class=\"colonne_inner bordertopbleu text-left\">\n<p>&nbsp;<\/p>\n<p style=\"text-align: center\"><strong>Sede del Groupe SOS<\/strong><br \/>\n102C rue Amelot \u2013 75011 Paris<br \/>\n<a href=\"mailto:info@groupe-sos.org\">international@groupe-sos.org<\/a><br \/>\n01 58 30 55 55<\/p>\n    <\/div>\n   <\/div>\n   <div class=\"col-sm-5 colonne colonne2\">\n    <div class=\"colonne_inner bordertopvert text-left\">\n<p>&nbsp;<\/p>\n<p><strong>Medios de comunicaci\u00f3n<\/strong><\/p>\n<p>Nuestros equipos est\u00e1n a su disposici\u00f3n para responder a sus solicitudes de informaci\u00f3n, contenidos e im\u00e1genes, ponerle en contacto con nuestros expertos, organizar entrevistas y reportajes en nuestras instalaciones&#8230;<\/p>\n<p>Contacto : fiona.guitard@groupe-sos.org<\/p>\n    <\/div>\n   <\/div>\n  <\/div>\n\n <\/div>\n<\/div>\n","protected":false},"excerpt":{"rendered":"<p>Pour tout besoin d&#8217;informations sur le Groupe SOS ou sur l&#8217;une de nos structures, contactez-nous. Nos d\u00e9l\u00e9gu\u00e9s territoriaux sont \u00e9galement pr\u00e9sents pour r\u00e9pondre \u00e0 toutes vos questions ou si vous avez un projet au sein de votre r\u00e9gion.<\/p>\n","protected":false},"author":1,"featured_media":0,"parent":0,"menu_order":158,"comment_status":"closed","ping_status":"closed","template":"page-flexipow.php","meta":{"_acf_changed":false,"footnotes":""},"secteur":[],"class_list":["post-187755","page","type-page","status-publish","hentry"],"acf":[],"yoast_head":"<!-- This site is optimized with the Yoast SEO plugin v27.4 - https:\/\/yoast.com\/product\/yoast-seo-wordpress\/ -->\n<title>Contacto - Groupe SOS<\/title>\n<meta name=\"description\" content=\"Pour tout besoin d&#039;informations sur le Groupe SOS ou sur l&#039;une de nos structures, contactez-nous. Nos d\u00e9l\u00e9gu\u00e9s territoriaux sont \u00e9galement pr\u00e9sents pour r\u00e9pondre \u00e0 toutes vos questions ou si vous avez un projet au sein de votre r\u00e9gion.\" \/>\n<meta name=\"robots\" content=\"index, follow, max-snippet:-1, max-image-preview:large, max-video-preview:-1\" \/>\n<link rel=\"canonical\" href=\"https:\/\/www.groupe-sos.org\/es\/contact\/\" \/>\n<meta property=\"og:locale\" content=\"es_ES\" \/>\n<meta property=\"og:type\" content=\"article\" \/>\n<meta property=\"og:title\" content=\"Contacto - Groupe SOS\" \/>\n<meta property=\"og:description\" content=\"Pour tout besoin d&#039;informations sur le Groupe SOS ou sur l&#039;une de nos structures, contactez-nous. Nos d\u00e9l\u00e9gu\u00e9s territoriaux sont \u00e9galement pr\u00e9sents pour r\u00e9pondre \u00e0 toutes vos questions ou si vous avez un projet au sein de votre r\u00e9gion.\" \/>\n<meta property=\"og:url\" content=\"https:\/\/www.groupe-sos.org\/es\/contact\/\" \/>\n<meta property=\"og:site_name\" content=\"Groupe SOS\" \/>\n<meta property=\"article:publisher\" content=\"https:\/\/www.facebook.com\/GroupeSOS\/\" \/>\n<meta property=\"article:modified_time\" content=\"2025-03-06T17:19:20+00:00\" \/>\n<meta name=\"twitter:card\" content=\"summary_large_image\" \/>\n<meta name=\"twitter:site\" content=\"@groupesos\" \/>\n<meta name=\"twitter:label1\" content=\"Tiempo de lectura\" \/>\n\t<meta name=\"twitter:data1\" content=\"1 minuto\" \/>\n<script type=\"application\/ld+json\" class=\"yoast-schema-graph\">{\"@context\":\"https:\\\/\\\/schema.org\",\"@graph\":[{\"@type\":\"WebPage\",\"@id\":\"https:\\\/\\\/www.groupe-sos.org\\\/es\\\/contact\\\/\",\"url\":\"https:\\\/\\\/www.groupe-sos.org\\\/es\\\/contact\\\/\",\"name\":\"Contacto - Groupe SOS\",\"isPartOf\":{\"@id\":\"https:\\\/\\\/www.groupe-sos.org\\\/es\\\/#website\"},\"datePublished\":\"2022-06-10T09:40:02+00:00\",\"dateModified\":\"2025-03-06T17:19:20+00:00\",\"description\":\"Pour tout besoin d'informations sur le Groupe SOS ou sur l'une de nos structures, contactez-nous. Nos d\u00e9l\u00e9gu\u00e9s territoriaux sont \u00e9galement pr\u00e9sents pour r\u00e9pondre \u00e0 toutes vos questions ou si vous avez un projet au sein de votre r\u00e9gion.\",\"breadcrumb\":{\"@id\":\"https:\\\/\\\/www.groupe-sos.org\\\/es\\\/contact\\\/#breadcrumb\"},\"inLanguage\":\"es\",\"potentialAction\":[{\"@type\":\"ReadAction\",\"target\":[\"https:\\\/\\\/www.groupe-sos.org\\\/es\\\/contact\\\/\"]}]},{\"@type\":\"BreadcrumbList\",\"@id\":\"https:\\\/\\\/www.groupe-sos.org\\\/es\\\/contact\\\/#breadcrumb\",\"itemListElement\":[{\"@type\":\"ListItem\",\"position\":1,\"name\":\"Home\",\"item\":\"https:\\\/\\\/www.groupe-sos.org\\\/es\\\/\"},{\"@type\":\"ListItem\",\"position\":2,\"name\":\"Contacto\"}]},{\"@type\":\"WebSite\",\"@id\":\"https:\\\/\\\/www.groupe-sos.org\\\/es\\\/#website\",\"url\":\"https:\\\/\\\/www.groupe-sos.org\\\/es\\\/\",\"name\":\"Groupe SOS Entreprendre au profit de tous\",\"description\":\"Entreprendre au profit de tous\",\"publisher\":{\"@id\":\"https:\\\/\\\/www.groupe-sos.org\\\/es\\\/#organization\"},\"alternateName\":\"Groupe SOS\",\"potentialAction\":[{\"@type\":\"SearchAction\",\"target\":{\"@type\":\"EntryPoint\",\"urlTemplate\":\"https:\\\/\\\/www.groupe-sos.org\\\/es\\\/?s={search_term_string}\"},\"query-input\":{\"@type\":\"PropertyValueSpecification\",\"valueRequired\":true,\"valueName\":\"search_term_string\"}}],\"inLanguage\":\"es\"},{\"@type\":\"Organization\",\"@id\":\"https:\\\/\\\/www.groupe-sos.org\\\/es\\\/#organization\",\"name\":\"Groupe SOS\",\"alternateName\":\"Entreprendre au profit de tous\",\"url\":\"https:\\\/\\\/www.groupe-sos.org\\\/es\\\/\",\"logo\":{\"@type\":\"ImageObject\",\"inLanguage\":\"es\",\"@id\":\"https:\\\/\\\/www.groupe-sos.org\\\/es\\\/#\\\/schema\\\/logo\\\/image\\\/\",\"url\":\"https:\\\/\\\/www.groupe-sos.org\\\/wp-content\\\/uploads\\\/2022\\\/06\\\/groupe-sos-logo-1.png\",\"contentUrl\":\"https:\\\/\\\/www.groupe-sos.org\\\/wp-content\\\/uploads\\\/2022\\\/06\\\/groupe-sos-logo-1.png\",\"width\":300,\"height\":60,\"caption\":\"Groupe SOS\"},\"image\":{\"@id\":\"https:\\\/\\\/www.groupe-sos.org\\\/es\\\/#\\\/schema\\\/logo\\\/image\\\/\"},\"sameAs\":[\"https:\\\/\\\/www.facebook.com\\\/GroupeSOS\\\/\",\"https:\\\/\\\/x.com\\\/groupesos\",\"https:\\\/\\\/www.instagram.com\\\/groupe_sos\\\/\",\"https:\\\/\\\/www.linkedin.com\\\/company\\\/groupe-sos\\\/?originalSubdomain=fr\"]}]}<\/script>\n<!-- \/ Yoast SEO plugin. -->","yoast_head_json":{"title":"Contacto - Groupe SOS","description":"Pour tout besoin d'informations sur le Groupe SOS ou sur l'une de nos structures, contactez-nous. Nos d\u00e9l\u00e9gu\u00e9s territoriaux sont \u00e9galement pr\u00e9sents pour r\u00e9pondre \u00e0 toutes vos questions ou si vous avez un projet au sein de votre r\u00e9gion.","robots":{"index":"index","follow":"follow","max-snippet":"max-snippet:-1","max-image-preview":"max-image-preview:large","max-video-preview":"max-video-preview:-1"},"canonical":"https:\/\/www.groupe-sos.org\/es\/contact\/","og_locale":"es_ES","og_type":"article","og_title":"Contacto - Groupe SOS","og_description":"Pour tout besoin d'informations sur le Groupe SOS ou sur l'une de nos structures, contactez-nous. Nos d\u00e9l\u00e9gu\u00e9s territoriaux sont \u00e9galement pr\u00e9sents pour r\u00e9pondre \u00e0 toutes vos questions ou si vous avez un projet au sein de votre r\u00e9gion.","og_url":"https:\/\/www.groupe-sos.org\/es\/contact\/","og_site_name":"Groupe SOS","article_publisher":"https:\/\/www.facebook.com\/GroupeSOS\/","article_modified_time":"2025-03-06T17:19:20+00:00","twitter_card":"summary_large_image","twitter_site":"@groupesos","twitter_misc":{"Tiempo de lectura":"1 minuto"},"schema":{"@context":"https:\/\/schema.org","@graph":[{"@type":"WebPage","@id":"https:\/\/www.groupe-sos.org\/es\/contact\/","url":"https:\/\/www.groupe-sos.org\/es\/contact\/","name":"Contacto - Groupe SOS","isPartOf":{"@id":"https:\/\/www.groupe-sos.org\/es\/#website"},"datePublished":"2022-06-10T09:40:02+00:00","dateModified":"2025-03-06T17:19:20+00:00","description":"Pour tout besoin d'informations sur le Groupe SOS ou sur l'une de nos structures, contactez-nous. Nos d\u00e9l\u00e9gu\u00e9s territoriaux sont \u00e9galement pr\u00e9sents pour r\u00e9pondre \u00e0 toutes vos questions ou si vous avez un projet au sein de votre r\u00e9gion.","breadcrumb":{"@id":"https:\/\/www.groupe-sos.org\/es\/contact\/#breadcrumb"},"inLanguage":"es","potentialAction":[{"@type":"ReadAction","target":["https:\/\/www.groupe-sos.org\/es\/contact\/"]}]},{"@type":"BreadcrumbList","@id":"https:\/\/www.groupe-sos.org\/es\/contact\/#breadcrumb","itemListElement":[{"@type":"ListItem","position":1,"name":"Home","item":"https:\/\/www.groupe-sos.org\/es\/"},{"@type":"ListItem","position":2,"name":"Contacto"}]},{"@type":"WebSite","@id":"https:\/\/www.groupe-sos.org\/es\/#website","url":"https:\/\/www.groupe-sos.org\/es\/","name":"Groupe SOS Entreprendre au profit de tous","description":"Entreprendre au profit de tous","publisher":{"@id":"https:\/\/www.groupe-sos.org\/es\/#organization"},"alternateName":"Groupe SOS","potentialAction":[{"@type":"SearchAction","target":{"@type":"EntryPoint","urlTemplate":"https:\/\/www.groupe-sos.org\/es\/?s={search_term_string}"},"query-input":{"@type":"PropertyValueSpecification","valueRequired":true,"valueName":"search_term_string"}}],"inLanguage":"es"},{"@type":"Organization","@id":"https:\/\/www.groupe-sos.org\/es\/#organization","name":"Groupe SOS","alternateName":"Entreprendre au profit de tous","url":"https:\/\/www.groupe-sos.org\/es\/","logo":{"@type":"ImageObject","inLanguage":"es","@id":"https:\/\/www.groupe-sos.org\/es\/#\/schema\/logo\/image\/","url":"https:\/\/www.groupe-sos.org\/wp-content\/uploads\/2022\/06\/groupe-sos-logo-1.png","contentUrl":"https:\/\/www.groupe-sos.org\/wp-content\/uploads\/2022\/06\/groupe-sos-logo-1.png","width":300,"height":60,"caption":"Groupe SOS"},"image":{"@id":"https:\/\/www.groupe-sos.org\/es\/#\/schema\/logo\/image\/"},"sameAs":["https:\/\/www.facebook.com\/GroupeSOS\/","https:\/\/x.com\/groupesos","https:\/\/www.instagram.com\/groupe_sos\/","https:\/\/www.linkedin.com\/company\/groupe-sos\/?originalSubdomain=fr"]}]}},"_links":{"self":[{"href":"https:\/\/www.groupe-sos.org\/es\/wp-json\/wp\/v2\/pages\/187755","targetHints":{"allow":["GET"]}}],"collection":[{"href":"https:\/\/www.groupe-sos.org\/es\/wp-json\/wp\/v2\/pages"}],"about":[{"href":"https:\/\/www.groupe-sos.org\/es\/wp-json\/wp\/v2\/types\/page"}],"author":[{"embeddable":true,"href":"https:\/\/www.groupe-sos.org\/es\/wp-json\/wp\/v2\/users\/1"}],"replies":[{"embeddable":true,"href":"https:\/\/www.groupe-sos.org\/es\/wp-json\/wp\/v2\/comments?post=187755"}],"version-history":[{"count":4,"href":"https:\/\/www.groupe-sos.org\/es\/wp-json\/wp\/v2\/pages\/187755\/revisions"}],"predecessor-version":[{"id":211372,"href":"https:\/\/www.groupe-sos.org\/es\/wp-json\/wp\/v2\/pages\/187755\/revisions\/211372"}],"wp:attachment":[{"href":"https:\/\/www.groupe-sos.org\/es\/wp-json\/wp\/v2\/media?parent=187755"}],"wp:term":[{"taxonomy":"secteur","embeddable":true,"href":"https:\/\/www.groupe-sos.org\/es\/wp-json\/wp\/v2\/secteur?post=187755"}],"curies":[{"name":"wp","href":"https:\/\/api.w.org\/{rel}","templated":true}]}}