{"id":187786,"date":"2022-09-22T13:50:50","date_gmt":"2022-09-22T11:50:50","guid":{"rendered":"https:\/\/www.groupe-sos.org\/les-territoires\/acces-a-la-culture-pour-tous\/le-laboratoire-des-possibles\/"},"modified":"2025-03-18T11:20:51","modified_gmt":"2025-03-18T10:20:51","slug":"le-laboratoire-des-possibles","status":"publish","type":"page","link":"https:\/\/www.groupe-sos.org\/es\/les-territoires\/acces-a-la-culture-pour-tous\/le-laboratoire-des-possibles\/","title":{"rendered":"El laboratorio de posibilidades"},"content":{"rendered":"","protected":false},"excerpt":{"rendered":"<p>Le Laboratoire des Publics est pens\u00e9 comme un programme d&#8217;accompagnement qui favorise l&#8217;acc\u00e8s \u00e0 la cr\u00e9ation, \u00e0 la pratique artistique et aux \u0153uvres pour les publics les plus \u00e9loign\u00e9s de l&#8217;offre culturelle, dont font notamment partie les b\u00e9n\u00e9ficiaires des \u00e9tablissements du Groupe SOS.<\/p>\n","protected":false},"author":1,"featured_media":0,"parent":186215,"menu_order":313,"comment_status":"closed","ping_status":"closed","template":"page-templates\/page-poles.php","meta":{"_acf_changed":false,"footnotes":""},"secteur":[],"class_list":["post-187786","page","type-page","status-publish","hentry"],"acf":[],"yoast_head":"<!-- This site is optimized with the Yoast SEO plugin v27.4 - https:\/\/yoast.com\/product\/yoast-seo-wordpress\/ -->\n<title>El laboratorio de posibilidades - Groupe SOS<\/title>\n<meta name=\"description\" content=\"Le Laboratoire des Publics est pens\u00e9 comme un programme d&#039;accompagnement qui favorise l&#039;acc\u00e8s \u00e0 la cr\u00e9ation, \u00e0 la pratique artistique et aux \u0153uvres pour les publics les plus \u00e9loign\u00e9s de l&#039;offre culturelle, dont font notamment partie les b\u00e9n\u00e9ficiaires des \u00e9tablissements du Groupe SOS.\" \/>\n<meta name=\"robots\" content=\"index, follow, max-snippet:-1, max-image-preview:large, max-video-preview:-1\" \/>\n<link rel=\"canonical\" href=\"https:\/\/www.groupe-sos.org\/es\/les-territoires\/acces-a-la-culture-pour-tous\/le-laboratoire-des-possibles\/\" \/>\n<meta property=\"og:locale\" content=\"es_ES\" \/>\n<meta property=\"og:type\" content=\"article\" \/>\n<meta property=\"og:title\" content=\"El laboratorio de posibilidades - Groupe SOS\" \/>\n<meta property=\"og:description\" content=\"Le Laboratoire des Publics est pens\u00e9 comme un programme d&#039;accompagnement qui favorise l&#039;acc\u00e8s \u00e0 la cr\u00e9ation, \u00e0 la pratique artistique et aux \u0153uvres pour les publics les plus \u00e9loign\u00e9s de l&#039;offre culturelle, dont font notamment partie les b\u00e9n\u00e9ficiaires des \u00e9tablissements du Groupe SOS.\" \/>\n<meta property=\"og:url\" content=\"https:\/\/www.groupe-sos.org\/es\/les-territoires\/acces-a-la-culture-pour-tous\/le-laboratoire-des-possibles\/\" \/>\n<meta property=\"og:site_name\" content=\"Groupe SOS\" \/>\n<meta property=\"article:publisher\" content=\"https:\/\/www.facebook.com\/GroupeSOS\/\" \/>\n<meta property=\"article:modified_time\" content=\"2025-03-18T10:20:51+00:00\" \/>\n<meta name=\"twitter:card\" content=\"summary_large_image\" \/>\n<meta name=\"twitter:site\" content=\"@groupesos\" \/>\n<meta name=\"twitter:label1\" content=\"Tiempo de lectura\" \/>\n\t<meta name=\"twitter:data1\" content=\"1 minuto\" \/>\n<script type=\"application\/ld+json\" class=\"yoast-schema-graph\">{\"@context\":\"https:\\\/\\\/schema.org\",\"@graph\":[{\"@type\":\"WebPage\",\"@id\":\"https:\\\/\\\/www.groupe-sos.org\\\/es\\\/les-territoires\\\/acces-a-la-culture-pour-tous\\\/le-laboratoire-des-possibles\\\/\",\"url\":\"https:\\\/\\\/www.groupe-sos.org\\\/es\\\/les-territoires\\\/acces-a-la-culture-pour-tous\\\/le-laboratoire-des-possibles\\\/\",\"name\":\"El laboratorio de posibilidades - Groupe SOS\",\"isPartOf\":{\"@id\":\"https:\\\/\\\/www.groupe-sos.org\\\/es\\\/#website\"},\"datePublished\":\"2022-09-22T11:50:50+00:00\",\"dateModified\":\"2025-03-18T10:20:51+00:00\",\"description\":\"Le Laboratoire des Publics est pens\u00e9 comme un programme d'accompagnement qui favorise l'acc\u00e8s \u00e0 la cr\u00e9ation, \u00e0 la pratique artistique et aux \u0153uvres pour les publics les plus \u00e9loign\u00e9s de l'offre culturelle, dont font notamment partie les b\u00e9n\u00e9ficiaires des \u00e9tablissements du Groupe SOS.\",\"breadcrumb\":{\"@id\":\"https:\\\/\\\/www.groupe-sos.org\\\/es\\\/les-territoires\\\/acces-a-la-culture-pour-tous\\\/le-laboratoire-des-possibles\\\/#breadcrumb\"},\"inLanguage\":\"es\",\"potentialAction\":[{\"@type\":\"ReadAction\",\"target\":[\"https:\\\/\\\/www.groupe-sos.org\\\/es\\\/les-territoires\\\/acces-a-la-culture-pour-tous\\\/le-laboratoire-des-possibles\\\/\"]}]},{\"@type\":\"BreadcrumbList\",\"@id\":\"https:\\\/\\\/www.groupe-sos.org\\\/es\\\/les-territoires\\\/acces-a-la-culture-pour-tous\\\/le-laboratoire-des-possibles\\\/#breadcrumb\",\"itemListElement\":[{\"@type\":\"ListItem\",\"position\":1,\"name\":\"Home\",\"item\":\"https:\\\/\\\/www.groupe-sos.org\\\/es\\\/\"},{\"@type\":\"ListItem\",\"position\":2,\"name\":\"Para los territorios\",\"item\":\"https:\\\/\\\/www.groupe-sos.org\\\/es\\\/les-territoires\\\/\"},{\"@type\":\"ListItem\",\"position\":3,\"name\":\"Acceso a la cultura para todos\",\"item\":\"https:\\\/\\\/www.groupe-sos.org\\\/es\\\/les-territoires\\\/acces-a-la-culture-pour-tous\\\/\"},{\"@type\":\"ListItem\",\"position\":4,\"name\":\"El laboratorio de posibilidades\"}]},{\"@type\":\"WebSite\",\"@id\":\"https:\\\/\\\/www.groupe-sos.org\\\/es\\\/#website\",\"url\":\"https:\\\/\\\/www.groupe-sos.org\\\/es\\\/\",\"name\":\"Groupe SOS Entreprendre au profit de tous\",\"description\":\"Entreprendre au profit de tous\",\"publisher\":{\"@id\":\"https:\\\/\\\/www.groupe-sos.org\\\/es\\\/#organization\"},\"alternateName\":\"Groupe SOS\",\"potentialAction\":[{\"@type\":\"SearchAction\",\"target\":{\"@type\":\"EntryPoint\",\"urlTemplate\":\"https:\\\/\\\/www.groupe-sos.org\\\/es\\\/?s={search_term_string}\"},\"query-input\":{\"@type\":\"PropertyValueSpecification\",\"valueRequired\":true,\"valueName\":\"search_term_string\"}}],\"inLanguage\":\"es\"},{\"@type\":\"Organization\",\"@id\":\"https:\\\/\\\/www.groupe-sos.org\\\/es\\\/#organization\",\"name\":\"Groupe SOS\",\"alternateName\":\"Entreprendre au profit de tous\",\"url\":\"https:\\\/\\\/www.groupe-sos.org\\\/es\\\/\",\"logo\":{\"@type\":\"ImageObject\",\"inLanguage\":\"es\",\"@id\":\"https:\\\/\\\/www.groupe-sos.org\\\/es\\\/#\\\/schema\\\/logo\\\/image\\\/\",\"url\":\"https:\\\/\\\/www.groupe-sos.org\\\/wp-content\\\/uploads\\\/2022\\\/06\\\/groupe-sos-logo-1.png\",\"contentUrl\":\"https:\\\/\\\/www.groupe-sos.org\\\/wp-content\\\/uploads\\\/2022\\\/06\\\/groupe-sos-logo-1.png\",\"width\":300,\"height\":60,\"caption\":\"Groupe SOS\"},\"image\":{\"@id\":\"https:\\\/\\\/www.groupe-sos.org\\\/es\\\/#\\\/schema\\\/logo\\\/image\\\/\"},\"sameAs\":[\"https:\\\/\\\/www.facebook.com\\\/GroupeSOS\\\/\",\"https:\\\/\\\/x.com\\\/groupesos\",\"https:\\\/\\\/www.instagram.com\\\/groupe_sos\\\/\",\"https:\\\/\\\/www.linkedin.com\\\/company\\\/groupe-sos\\\/?originalSubdomain=fr\"]}]}<\/script>\n<!-- \/ Yoast SEO plugin. -->","yoast_head_json":{"title":"El laboratorio de posibilidades - Groupe SOS","description":"Le Laboratoire des Publics est pens\u00e9 comme un programme d'accompagnement qui favorise l'acc\u00e8s \u00e0 la cr\u00e9ation, \u00e0 la pratique artistique et aux \u0153uvres pour les publics les plus \u00e9loign\u00e9s de l'offre culturelle, dont font notamment partie les b\u00e9n\u00e9ficiaires des \u00e9tablissements du Groupe SOS.","robots":{"index":"index","follow":"follow","max-snippet":"max-snippet:-1","max-image-preview":"max-image-preview:large","max-video-preview":"max-video-preview:-1"},"canonical":"https:\/\/www.groupe-sos.org\/es\/les-territoires\/acces-a-la-culture-pour-tous\/le-laboratoire-des-possibles\/","og_locale":"es_ES","og_type":"article","og_title":"El laboratorio de posibilidades - Groupe SOS","og_description":"Le Laboratoire des Publics est pens\u00e9 comme un programme d'accompagnement qui favorise l'acc\u00e8s \u00e0 la cr\u00e9ation, \u00e0 la pratique artistique et aux \u0153uvres pour les publics les plus \u00e9loign\u00e9s de l'offre culturelle, dont font notamment partie les b\u00e9n\u00e9ficiaires des \u00e9tablissements du Groupe SOS.","og_url":"https:\/\/www.groupe-sos.org\/es\/les-territoires\/acces-a-la-culture-pour-tous\/le-laboratoire-des-possibles\/","og_site_name":"Groupe SOS","article_publisher":"https:\/\/www.facebook.com\/GroupeSOS\/","article_modified_time":"2025-03-18T10:20:51+00:00","twitter_card":"summary_large_image","twitter_site":"@groupesos","twitter_misc":{"Tiempo de lectura":"1 minuto"},"schema":{"@context":"https:\/\/schema.org","@graph":[{"@type":"WebPage","@id":"https:\/\/www.groupe-sos.org\/es\/les-territoires\/acces-a-la-culture-pour-tous\/le-laboratoire-des-possibles\/","url":"https:\/\/www.groupe-sos.org\/es\/les-territoires\/acces-a-la-culture-pour-tous\/le-laboratoire-des-possibles\/","name":"El laboratorio de posibilidades - Groupe SOS","isPartOf":{"@id":"https:\/\/www.groupe-sos.org\/es\/#website"},"datePublished":"2022-09-22T11:50:50+00:00","dateModified":"2025-03-18T10:20:51+00:00","description":"Le Laboratoire des Publics est pens\u00e9 comme un programme d'accompagnement qui favorise l'acc\u00e8s \u00e0 la cr\u00e9ation, \u00e0 la pratique artistique et aux \u0153uvres pour les publics les plus \u00e9loign\u00e9s de l'offre culturelle, dont font notamment partie les b\u00e9n\u00e9ficiaires des \u00e9tablissements du Groupe SOS.","breadcrumb":{"@id":"https:\/\/www.groupe-sos.org\/es\/les-territoires\/acces-a-la-culture-pour-tous\/le-laboratoire-des-possibles\/#breadcrumb"},"inLanguage":"es","potentialAction":[{"@type":"ReadAction","target":["https:\/\/www.groupe-sos.org\/es\/les-territoires\/acces-a-la-culture-pour-tous\/le-laboratoire-des-possibles\/"]}]},{"@type":"BreadcrumbList","@id":"https:\/\/www.groupe-sos.org\/es\/les-territoires\/acces-a-la-culture-pour-tous\/le-laboratoire-des-possibles\/#breadcrumb","itemListElement":[{"@type":"ListItem","position":1,"name":"Home","item":"https:\/\/www.groupe-sos.org\/es\/"},{"@type":"ListItem","position":2,"name":"Para los territorios","item":"https:\/\/www.groupe-sos.org\/es\/les-territoires\/"},{"@type":"ListItem","position":3,"name":"Acceso a la cultura para todos","item":"https:\/\/www.groupe-sos.org\/es\/les-territoires\/acces-a-la-culture-pour-tous\/"},{"@type":"ListItem","position":4,"name":"El laboratorio de posibilidades"}]},{"@type":"WebSite","@id":"https:\/\/www.groupe-sos.org\/es\/#website","url":"https:\/\/www.groupe-sos.org\/es\/","name":"Groupe SOS Entreprendre au profit de tous","description":"Entreprendre au profit de tous","publisher":{"@id":"https:\/\/www.groupe-sos.org\/es\/#organization"},"alternateName":"Groupe SOS","potentialAction":[{"@type":"SearchAction","target":{"@type":"EntryPoint","urlTemplate":"https:\/\/www.groupe-sos.org\/es\/?s={search_term_string}"},"query-input":{"@type":"PropertyValueSpecification","valueRequired":true,"valueName":"search_term_string"}}],"inLanguage":"es"},{"@type":"Organization","@id":"https:\/\/www.groupe-sos.org\/es\/#organization","name":"Groupe SOS","alternateName":"Entreprendre au profit de tous","url":"https:\/\/www.groupe-sos.org\/es\/","logo":{"@type":"ImageObject","inLanguage":"es","@id":"https:\/\/www.groupe-sos.org\/es\/#\/schema\/logo\/image\/","url":"https:\/\/www.groupe-sos.org\/wp-content\/uploads\/2022\/06\/groupe-sos-logo-1.png","contentUrl":"https:\/\/www.groupe-sos.org\/wp-content\/uploads\/2022\/06\/groupe-sos-logo-1.png","width":300,"height":60,"caption":"Groupe SOS"},"image":{"@id":"https:\/\/www.groupe-sos.org\/es\/#\/schema\/logo\/image\/"},"sameAs":["https:\/\/www.facebook.com\/GroupeSOS\/","https:\/\/x.com\/groupesos","https:\/\/www.instagram.com\/groupe_sos\/","https:\/\/www.linkedin.com\/company\/groupe-sos\/?originalSubdomain=fr"]}]}},"_links":{"self":[{"href":"https:\/\/www.groupe-sos.org\/es\/wp-json\/wp\/v2\/pages\/187786","targetHints":{"allow":["GET"]}}],"collection":[{"href":"https:\/\/www.groupe-sos.org\/es\/wp-json\/wp\/v2\/pages"}],"about":[{"href":"https:\/\/www.groupe-sos.org\/es\/wp-json\/wp\/v2\/types\/page"}],"author":[{"embeddable":true,"href":"https:\/\/www.groupe-sos.org\/es\/wp-json\/wp\/v2\/users\/1"}],"replies":[{"embeddable":true,"href":"https:\/\/www.groupe-sos.org\/es\/wp-json\/wp\/v2\/comments?post=187786"}],"version-history":[{"count":3,"href":"https:\/\/www.groupe-sos.org\/es\/wp-json\/wp\/v2\/pages\/187786\/revisions"}],"predecessor-version":[{"id":212145,"href":"https:\/\/www.groupe-sos.org\/es\/wp-json\/wp\/v2\/pages\/187786\/revisions\/212145"}],"up":[{"embeddable":true,"href":"https:\/\/www.groupe-sos.org\/es\/wp-json\/wp\/v2\/pages\/186215"}],"wp:attachment":[{"href":"https:\/\/www.groupe-sos.org\/es\/wp-json\/wp\/v2\/media?parent=187786"}],"wp:term":[{"taxonomy":"secteur","embeddable":true,"href":"https:\/\/www.groupe-sos.org\/es\/wp-json\/wp\/v2\/secteur?post=187786"}],"curies":[{"name":"wp","href":"https:\/\/api.w.org\/{rel}","templated":true}]}}