{"id":187906,"date":"2022-12-06T14:10:50","date_gmt":"2022-12-06T13:10:50","guid":{"rendered":"https:\/\/www.groupe-sos.org\/les-personnes-vulnerables\/personnes-necessitant-des-soins\/nos-hopitaux\/"},"modified":"2025-03-06T18:09:26","modified_gmt":"2025-03-06T17:09:26","slug":"nos-hopitaux","status":"publish","type":"page","link":"https:\/\/www.groupe-sos.org\/es\/les-personnes-vulnerables\/personnes-necessitant-des-soins\/nos-hopitaux\/","title":{"rendered":"Nuestros hospitales"},"content":{"rendered":"<div id=\"field_powaea5a00a92284cf9\" class=\"container-fluid px-0 flexible_section heropages heropages block_hero\">\n  <div id=\"hero_powaea5a00a92284cf9\" class=\"hero_container px-0\">\n   <div class=\"hero_image_outer\">\n    <img decoding=\"async\" src=\"https:\/\/www.groupe-sos.org\/wp-content\/uploads\/2022\/12\/PV_2_Nos_hopitaux1.jpg\" alt=\"\" class=\"heroimage \" \/>\n   <\/div>\n  <\/div>\n<\/div>\n\n\n<div id=\"field_powbbd87621225c4bbb\" class=\"container-fluid px-0 flexible_section block_columns\">\n <div id=\"field_powbbd87621225c4bbb_inner\" class=\"container flexible_section_inner\">\n\n   <div class=\"row flexible_section_content\">\n\n   <div class=\"p-5 col-sm-12 colonne colonne1\">\n    <div class=\"colonne_inner  text-left\">\n<h3>Personas que requieren atenci\u00f3n m\u00e9dica<\/h3>\n<h1>Nuestros hospitales<\/h1>\n    <\/div>\n   <\/div>\n  <\/div>\n\n <\/div>\n<\/div>\n\n\n<div id=\"field_powd3e6a89f332c4d29\" class=\"container-fluid px-0 flexible_section block_breadcrumb\">\n <div id=\"field_powd3e6a89f332c4d29_inner\" class=\"container flexible_section_inner\">\n\n  <div class=\"row flexible_section_content\">\n\n   <div class=\"breadcrumb_outer\" id=\"breadcrumb_powd3e6a89f332c4d29\">\n\n   <nav aria-label=\"breadcrumb\" id=\"breadcrumb_powd3e6a89f332c4d29_nav\">\n    <ol class=\"breadcrumb\">\n<li class=\"breadcrumb-item\"><a href=\"https:\/\/www.groupe-sos.org\/es\/les-personnes-vulnerables\/\" class=\"Paralaspersonasvulnerables \">Para las personas vulnerables<\/a><\/li>\n<li class=\"breadcrumb-item\"><a href=\"https:\/\/www.groupe-sos.org\/es\/les-personnes-vulnerables\/personnes-necessitant-des-soins\/\" class=\"Personasquerequierenatencinmdica \">Personas que requieren atenci\u00f3n m\u00e9dica\u00a0<\/a><\/li>\n<li class=\"breadcrumb-item active\" aria-current=\"page\">Nuestros hospitales<\/li>\n      <\/ol>\n   <\/nav>\n\n   <\/div>\n\n  <\/div>\n\n <\/div>\n<\/div>\n\n\n<div id=\"field_powa170e90b4e604e68\" class=\"container-fluid px-0 flexible_section block_columns\">\n <div id=\"field_powa170e90b4e604e68_inner\" class=\"container flexible_section_inner\">\n\n   <div class=\"row flexible_section_content\">\n\n   <div class=\"mb-3 mb-sm-0 col-sm-6 colonne colonne1\">\n    <div class=\"colonne_inner  text-left\">\n<p><strong>Con sus hospitales, el Groupe SOS complementa la oferta p\u00fablica y contribuye al mantenimiento de servicios m\u00e9dicos esenciales para la poblaci\u00f3n en \u00e1reas a veces amenazadas por el fen\u00f3meno de la \u00abdesertificaci\u00f3n m\u00e9dica\u00bb en varias regiones de Francia. Tambi\u00e9n abogamos por la revalorizaci\u00f3n de las profesiones m\u00e9dico-sociales.<\/strong><\/p>\n    <\/div>\n   <\/div>\n   <div class=\"col-sm-6 colonne colonne2\">\n    <div class=\"colonne_inner  text-left\">\n    <\/div>\n   <\/div>\n  <\/div>\n\n <\/div>\n<\/div>\n\n\n<div id=\"field_pow33e87feae2d242d0\" class=\"container-fluid px-0 flexible_section block_components\">\n <div id=\"field_pow33e87feae2d242d0_inner\" class=\"container flexible_section_inner\">\n\n   <div class=\"row flexible_section_content\">\n\n   <div class=\" col-sm-4 component component_1  \">\n    <div class=\"colonne_inner \">\n  <div class=\"counters row\" id=\"counter_pow33e87feae2d242d0_1_outer\">\n   <div id=\"counter_pow33e87feae2d242d0_1_0\" class=\"counters col-12 px-3\">\n    <div class=\"counters_inner \">\n<div class=\"compteur_nosactions bg-rose\">\r\n<div class=\"h2 text-center\"><span id=\"counter_pow33e87feae2d242d0_1_0_value\">0<\/span><\/div>\r\n<div class=\"text-center\">Establecimientos de salud<\/div>\r\n<\/div>    <\/div>\n   <\/div>\n  <\/div>\n\n    <\/div>\n   <\/div>\n   <div class=\" col-sm-4 component component_2  \">\n    <div class=\"colonne_inner \">\n  <div class=\"counters row\" id=\"counter_pow33e87feae2d242d0_2_outer\">\n   <div id=\"counter_pow33e87feae2d242d0_2_0\" class=\"counters col-12 px-3\">\n    <div class=\"counters_inner \">\n<div class=\"compteur_nosactions bg-rose\">\r\n<div class=\"h2 text-center\"><span id=\"counter_pow33e87feae2d242d0_2_0_value\">0<\/span><\/div>\r\n<div class=\"text-center\">Servicios de atenci\u00f3n m\u00e9dica a domicilio<\/div>\r\n<\/div>    <\/div>\n   <\/div>\n  <\/div>\n\n    <\/div>\n   <\/div>\n   <div class=\" col-sm-4 component component_3  \">\n    <div class=\"colonne_inner \">\n  <div class=\"counters row\" id=\"counter_pow33e87feae2d242d0_3_outer\">\n   <div id=\"counter_pow33e87feae2d242d0_3_0\" class=\"counters col-12 px-3\">\n    <div class=\"counters_inner \">\n<div class=\"compteur_nosactions bg-rose\">\r\n<div class=\"h2 text-center\"><span id=\"counter_pow33e87feae2d242d0_3_0_value\">0<\/span><\/div>\r\n<div class=\"text-center\">Institutos de formaci\u00f3n<\/div>\r\n<\/div>    <\/div>\n   <\/div>\n  <\/div>\n\n    <\/div>\n   <\/div>\n  <\/div>\n\n <\/div>\n<\/div>\n<script type=\"text\/javascript\">\r\n\t\t\t\tjQuery(document).ready(function() {\r\n\t\t\t\t\t\t\r\n\r\n\t\t\tjQuery('#counter_pow33e87feae2d242d0_1_outer').one('inview', function(event, isInView) {\r\n\t\t\t\tif (isInView) {\r\n\t\t\t\t\tjQuery('#counter_pow33e87feae2d242d0_1_0_value').numerator({ toValue: 11,\r\n\t\t\teasing: 'linear',\r\n\t\t\tduration: 2000,\r\n\t\t\trounding: 0\r\n\t\t});\n\r\n\t\t\t\t} \r\n\t\t\t});\r\n\r\n\t\t\tjQuery('#counter_pow33e87feae2d242d0_2_outer').one('inview', function(event, isInView) {\r\n\t\t\t\tif (isInView) {\r\n\t\t\t\t\tjQuery('#counter_pow33e87feae2d242d0_2_0_value').numerator({ toValue: 3,\r\n\t\t\teasing: 'linear',\r\n\t\t\tduration: 2000,\r\n\t\t\trounding: 0\r\n\t\t});\n\r\n\t\t\t\t} \r\n\t\t\t});\r\n\r\n\t\t\tjQuery('#counter_pow33e87feae2d242d0_3_outer').one('inview', function(event, isInView) {\r\n\t\t\t\tif (isInView) {\r\n\t\t\t\t\tjQuery('#counter_pow33e87feae2d242d0_3_0_value').numerator({ toValue: 5,\r\n\t\t\teasing: 'linear',\r\n\t\t\tduration: 2000,\r\n\t\t\trounding: 0\r\n\t\t});\n\r\n\t\t\t\t} \r\n\t\t\t});\n\r\n\t\t\t\t});\t\t\r\n\t\t\t<\/script>\n\n<div id=\"field_pow36c443bf1b994163\" class=\"container-fluid px-0 flexible_section block_adaptativetextandimage\">\n <div id=\"field_pow36c443bf1b994163_inner\" class=\"container flexible_section_inner\">\n\n   <div class=\"row no-gutters flexible_section_content adaptativeimage \" id=\"textimagebanner_pow36c443bf1b994163\">\n\n   <div class=\"col-12 col-sm-7 order-2 order-sm-2 colonne colonne1 colonne1_pow36c443bf1b994163\">\n    <div class=\"colonne_inner text-left justify-content-start\">\n<h3>Defensa de la salud<\/h3>\n<p>Los hospitales del Groupe SOS, ubicados principalmente en el Este y Norte de Francia, fueron fuertemente afectados por la crisis del Covid-19. Los equipos demostraron una tenacidad y capacidad de innovaci\u00f3n para adaptarse a circunstancias excepcionales y realizaron un trabajo destacado.<\/p>\n<p>Es hora de sacar conclusiones de esta crisis sanitaria, as\u00ed como de las debilidades del modelo hospitalario franc\u00e9s que ha revelado. Desde esta perspectiva, el Groupe SOS aboga por un sistema de salud m\u00e1s innovador, m\u00e1s eficiente y m\u00e1s atento a sus profesionales, usuarios y territorios.<\/p>\n    <\/div>\n   <\/div>\n   <div class=\"col-12 col-sm-5 order-1 order-sm-1 colonne colonne2 colonne2_pow36c443bf1b994163\">\n   <\/div>\n  <\/div>\n\n <\/div>\n<\/div>\n\n\n<div id=\"field_powa8ea567d254d490f\" class=\"container-fluid px-0 flexible_section block_adaptativetextandimage\">\n <div id=\"field_powa8ea567d254d490f_inner\" class=\"container flexible_section_inner\">\n\n   <div class=\"row no-gutters flexible_section_content adaptativeimage  bordertopbleu bordertopbleu\" id=\"textimagebanner_powa8ea567d254d490f\">\n\n   <div class=\"col-12 col-sm-7 order-2 order-sm-1 colonne colonne1 colonne1_powa8ea567d254d490f\">\n    <div class=\"colonne_inner text-left justify-content-start\">\n<h3>Adaptar la oferta de atenci\u00f3n m\u00e9dica a los territorios<\/h3>\n<p>Desde 2019, hemos establecido Centros de Sue\u00f1o en nuestros hospitales de Thionville (57), Ch\u00e2teau-Salins (57) y Par\u00eds (19e) para enfrentar esta enfermedad que afecta a uno de cada tres franceses y cuyo impacto va m\u00e1s all\u00e1 de simplemente no dormir bien. De esta manera, atendemos las necesidades de atenci\u00f3n m\u00e9dica local de la poblaci\u00f3n, siguiendo el ejemplo de lo que hicimos en 2018 al abrir 2 Centros de Obesidad en Mont-Saint-Martin (54) y en Creusot (71). Ese mismo a\u00f1o, el Hospital de Saint-Avold llen\u00f3 un vac\u00edo en las detecciones de c\u00e1ncer de pr\u00f3stata en esa regi\u00f3n de Moselle. M\u00e1s all\u00e1 de sus acciones preventivas habituales, fue uno de los primeros en Francia en adoptar una tecnolog\u00eda 3D que integra los beneficios de la resonancia magn\u00e9tica y la ecograf\u00eda para una intervenci\u00f3n temprana. Otra innovaci\u00f3n: en junio de 2019, el Hospital de Creusot se dot\u00f3 de un robot quir\u00fargico, siendo el primero en Sa\u00f4ne-et-Loire. Adem\u00e1s, el Centro de Rehabilitaci\u00f3n Funcional de Villiers-sur-Marne (94) atendi\u00f3 a un paciente con una mano amputada, acompa\u00f1\u00e1ndolo en su objetivo de equiparse con una pr\u00f3tesis mioel\u00e9ctrica, marcando un precedente para el centro.<\/p>\n<p>Por lo tanto, adem\u00e1s de cumplir con una misi\u00f3n local, nuestros hospitales se han destacado como referentes a nivel nacional en sus respectivas especialidades.<\/p>\n    <\/div>\n   <\/div>\n   <div class=\"col-12 col-sm-5 order-1 order-sm-2 colonne colonne2 colonne2_powa8ea567d254d490f\">\n   <\/div>\n  <\/div>\n\n <\/div>\n<\/div>\n","protected":false},"excerpt":{"rendered":"<p>Avec ses h\u00f4pitaux, le Groupe SOS compl\u00e8te l\u2019offre publique et contribue au maintien de services de soins utiles \u00e0 la population sur des territoires parfois menac\u00e9s par le ph\u00e9nom\u00e8ne de \u00ab d\u00e9sertification m\u00e9dicale \u00bb sur plusieurs territoires en France. <\/p>\n","protected":false},"author":1,"featured_media":0,"parent":186670,"menu_order":212,"comment_status":"closed","ping_status":"closed","template":"page-templates\/page-poles.php","meta":{"_acf_changed":false,"footnotes":""},"secteur":[],"class_list":["post-187906","page","type-page","status-publish","hentry"],"acf":[],"yoast_head":"<!-- This site is optimized with the Yoast SEO plugin v27.4 - https:\/\/yoast.com\/product\/yoast-seo-wordpress\/ -->\n<title>Nuestros hospitales - Groupe SOS<\/title>\n<meta name=\"description\" content=\"Avec ses h\u00f4pitaux, le Groupe SOS compl\u00e8te l\u2019offre publique et contribue au maintien de services de soins utiles \u00e0 la population sur des territoires parfois menac\u00e9s par le ph\u00e9nom\u00e8ne de \u00ab d\u00e9sertification m\u00e9dicale \u00bb sur plusieurs territoires en France.\" \/>\n<meta name=\"robots\" content=\"index, follow, max-snippet:-1, max-image-preview:large, max-video-preview:-1\" \/>\n<link rel=\"canonical\" href=\"https:\/\/www.groupe-sos.org\/es\/les-personnes-vulnerables\/personnes-necessitant-des-soins\/nos-hopitaux\/\" \/>\n<meta property=\"og:locale\" content=\"es_ES\" \/>\n<meta property=\"og:type\" content=\"article\" \/>\n<meta property=\"og:title\" content=\"Nuestros hospitales - Groupe SOS\" \/>\n<meta property=\"og:description\" content=\"Avec ses h\u00f4pitaux, le Groupe SOS compl\u00e8te l\u2019offre publique et contribue au maintien de services de soins utiles \u00e0 la population sur des territoires parfois menac\u00e9s par le ph\u00e9nom\u00e8ne de \u00ab d\u00e9sertification m\u00e9dicale \u00bb sur plusieurs territoires en France.\" \/>\n<meta property=\"og:url\" content=\"https:\/\/www.groupe-sos.org\/es\/les-personnes-vulnerables\/personnes-necessitant-des-soins\/nos-hopitaux\/\" \/>\n<meta property=\"og:site_name\" content=\"Groupe SOS\" \/>\n<meta property=\"article:publisher\" content=\"https:\/\/www.facebook.com\/GroupeSOS\/\" \/>\n<meta property=\"article:modified_time\" content=\"2025-03-06T17:09:26+00:00\" \/>\n<meta name=\"twitter:card\" content=\"summary_large_image\" \/>\n<meta name=\"twitter:site\" content=\"@groupesos\" \/>\n<meta name=\"twitter:label1\" content=\"Tiempo de lectura\" \/>\n\t<meta name=\"twitter:data1\" content=\"3 minutos\" \/>\n<script type=\"application\/ld+json\" class=\"yoast-schema-graph\">{\"@context\":\"https:\\\/\\\/schema.org\",\"@graph\":[{\"@type\":\"WebPage\",\"@id\":\"https:\\\/\\\/www.groupe-sos.org\\\/es\\\/les-personnes-vulnerables\\\/personnes-necessitant-des-soins\\\/nos-hopitaux\\\/\",\"url\":\"https:\\\/\\\/www.groupe-sos.org\\\/es\\\/les-personnes-vulnerables\\\/personnes-necessitant-des-soins\\\/nos-hopitaux\\\/\",\"name\":\"Nuestros hospitales - Groupe SOS\",\"isPartOf\":{\"@id\":\"https:\\\/\\\/www.groupe-sos.org\\\/es\\\/#website\"},\"datePublished\":\"2022-12-06T13:10:50+00:00\",\"dateModified\":\"2025-03-06T17:09:26+00:00\",\"description\":\"Avec ses h\u00f4pitaux, le Groupe SOS compl\u00e8te l\u2019offre publique et contribue au maintien de services de soins utiles \u00e0 la population sur des territoires parfois menac\u00e9s par le ph\u00e9nom\u00e8ne de \u00ab d\u00e9sertification m\u00e9dicale \u00bb sur plusieurs territoires en France.\",\"breadcrumb\":{\"@id\":\"https:\\\/\\\/www.groupe-sos.org\\\/es\\\/les-personnes-vulnerables\\\/personnes-necessitant-des-soins\\\/nos-hopitaux\\\/#breadcrumb\"},\"inLanguage\":\"es\",\"potentialAction\":[{\"@type\":\"ReadAction\",\"target\":[\"https:\\\/\\\/www.groupe-sos.org\\\/es\\\/les-personnes-vulnerables\\\/personnes-necessitant-des-soins\\\/nos-hopitaux\\\/\"]}]},{\"@type\":\"BreadcrumbList\",\"@id\":\"https:\\\/\\\/www.groupe-sos.org\\\/es\\\/les-personnes-vulnerables\\\/personnes-necessitant-des-soins\\\/nos-hopitaux\\\/#breadcrumb\",\"itemListElement\":[{\"@type\":\"ListItem\",\"position\":1,\"name\":\"Home\",\"item\":\"https:\\\/\\\/www.groupe-sos.org\\\/es\\\/\"},{\"@type\":\"ListItem\",\"position\":2,\"name\":\"Para las personas vulnerables\",\"item\":\"https:\\\/\\\/www.groupe-sos.org\\\/es\\\/les-personnes-vulnerables\\\/\"},{\"@type\":\"ListItem\",\"position\":3,\"name\":\"Personas que requieren atenci\u00f3n m\u00e9dica\u00a0\",\"item\":\"https:\\\/\\\/www.groupe-sos.org\\\/es\\\/personnes-necessitant-des-soins\\\/\"},{\"@type\":\"ListItem\",\"position\":4,\"name\":\"Nuestros hospitales\"}]},{\"@type\":\"WebSite\",\"@id\":\"https:\\\/\\\/www.groupe-sos.org\\\/es\\\/#website\",\"url\":\"https:\\\/\\\/www.groupe-sos.org\\\/es\\\/\",\"name\":\"Groupe SOS Entreprendre au profit de tous\",\"description\":\"Entreprendre au profit de tous\",\"publisher\":{\"@id\":\"https:\\\/\\\/www.groupe-sos.org\\\/es\\\/#organization\"},\"alternateName\":\"Groupe SOS\",\"potentialAction\":[{\"@type\":\"SearchAction\",\"target\":{\"@type\":\"EntryPoint\",\"urlTemplate\":\"https:\\\/\\\/www.groupe-sos.org\\\/es\\\/?s={search_term_string}\"},\"query-input\":{\"@type\":\"PropertyValueSpecification\",\"valueRequired\":true,\"valueName\":\"search_term_string\"}}],\"inLanguage\":\"es\"},{\"@type\":\"Organization\",\"@id\":\"https:\\\/\\\/www.groupe-sos.org\\\/es\\\/#organization\",\"name\":\"Groupe SOS\",\"alternateName\":\"Entreprendre au profit de tous\",\"url\":\"https:\\\/\\\/www.groupe-sos.org\\\/es\\\/\",\"logo\":{\"@type\":\"ImageObject\",\"inLanguage\":\"es\",\"@id\":\"https:\\\/\\\/www.groupe-sos.org\\\/es\\\/#\\\/schema\\\/logo\\\/image\\\/\",\"url\":\"https:\\\/\\\/www.groupe-sos.org\\\/wp-content\\\/uploads\\\/2022\\\/06\\\/groupe-sos-logo-1.png\",\"contentUrl\":\"https:\\\/\\\/www.groupe-sos.org\\\/wp-content\\\/uploads\\\/2022\\\/06\\\/groupe-sos-logo-1.png\",\"width\":300,\"height\":60,\"caption\":\"Groupe SOS\"},\"image\":{\"@id\":\"https:\\\/\\\/www.groupe-sos.org\\\/es\\\/#\\\/schema\\\/logo\\\/image\\\/\"},\"sameAs\":[\"https:\\\/\\\/www.facebook.com\\\/GroupeSOS\\\/\",\"https:\\\/\\\/x.com\\\/groupesos\",\"https:\\\/\\\/www.instagram.com\\\/groupe_sos\\\/\",\"https:\\\/\\\/www.linkedin.com\\\/company\\\/groupe-sos\\\/?originalSubdomain=fr\"]}]}<\/script>\n<!-- \/ Yoast SEO plugin. -->","yoast_head_json":{"title":"Nuestros hospitales - Groupe SOS","description":"Avec ses h\u00f4pitaux, le Groupe SOS compl\u00e8te l\u2019offre publique et contribue au maintien de services de soins utiles \u00e0 la population sur des territoires parfois menac\u00e9s par le ph\u00e9nom\u00e8ne de \u00ab d\u00e9sertification m\u00e9dicale \u00bb sur plusieurs territoires en France.","robots":{"index":"index","follow":"follow","max-snippet":"max-snippet:-1","max-image-preview":"max-image-preview:large","max-video-preview":"max-video-preview:-1"},"canonical":"https:\/\/www.groupe-sos.org\/es\/les-personnes-vulnerables\/personnes-necessitant-des-soins\/nos-hopitaux\/","og_locale":"es_ES","og_type":"article","og_title":"Nuestros hospitales - Groupe SOS","og_description":"Avec ses h\u00f4pitaux, le Groupe SOS compl\u00e8te l\u2019offre publique et contribue au maintien de services de soins utiles \u00e0 la population sur des territoires parfois menac\u00e9s par le ph\u00e9nom\u00e8ne de \u00ab d\u00e9sertification m\u00e9dicale \u00bb sur plusieurs territoires en France.","og_url":"https:\/\/www.groupe-sos.org\/es\/les-personnes-vulnerables\/personnes-necessitant-des-soins\/nos-hopitaux\/","og_site_name":"Groupe SOS","article_publisher":"https:\/\/www.facebook.com\/GroupeSOS\/","article_modified_time":"2025-03-06T17:09:26+00:00","twitter_card":"summary_large_image","twitter_site":"@groupesos","twitter_misc":{"Tiempo de lectura":"3 minutos"},"schema":{"@context":"https:\/\/schema.org","@graph":[{"@type":"WebPage","@id":"https:\/\/www.groupe-sos.org\/es\/les-personnes-vulnerables\/personnes-necessitant-des-soins\/nos-hopitaux\/","url":"https:\/\/www.groupe-sos.org\/es\/les-personnes-vulnerables\/personnes-necessitant-des-soins\/nos-hopitaux\/","name":"Nuestros hospitales - Groupe SOS","isPartOf":{"@id":"https:\/\/www.groupe-sos.org\/es\/#website"},"datePublished":"2022-12-06T13:10:50+00:00","dateModified":"2025-03-06T17:09:26+00:00","description":"Avec ses h\u00f4pitaux, le Groupe SOS compl\u00e8te l\u2019offre publique et contribue au maintien de services de soins utiles \u00e0 la population sur des territoires parfois menac\u00e9s par le ph\u00e9nom\u00e8ne de \u00ab d\u00e9sertification m\u00e9dicale \u00bb sur plusieurs territoires en France.","breadcrumb":{"@id":"https:\/\/www.groupe-sos.org\/es\/les-personnes-vulnerables\/personnes-necessitant-des-soins\/nos-hopitaux\/#breadcrumb"},"inLanguage":"es","potentialAction":[{"@type":"ReadAction","target":["https:\/\/www.groupe-sos.org\/es\/les-personnes-vulnerables\/personnes-necessitant-des-soins\/nos-hopitaux\/"]}]},{"@type":"BreadcrumbList","@id":"https:\/\/www.groupe-sos.org\/es\/les-personnes-vulnerables\/personnes-necessitant-des-soins\/nos-hopitaux\/#breadcrumb","itemListElement":[{"@type":"ListItem","position":1,"name":"Home","item":"https:\/\/www.groupe-sos.org\/es\/"},{"@type":"ListItem","position":2,"name":"Para las personas vulnerables","item":"https:\/\/www.groupe-sos.org\/es\/les-personnes-vulnerables\/"},{"@type":"ListItem","position":3,"name":"Personas que requieren atenci\u00f3n m\u00e9dica\u00a0","item":"https:\/\/www.groupe-sos.org\/es\/personnes-necessitant-des-soins\/"},{"@type":"ListItem","position":4,"name":"Nuestros hospitales"}]},{"@type":"WebSite","@id":"https:\/\/www.groupe-sos.org\/es\/#website","url":"https:\/\/www.groupe-sos.org\/es\/","name":"Groupe SOS Entreprendre au profit de tous","description":"Entreprendre au profit de tous","publisher":{"@id":"https:\/\/www.groupe-sos.org\/es\/#organization"},"alternateName":"Groupe SOS","potentialAction":[{"@type":"SearchAction","target":{"@type":"EntryPoint","urlTemplate":"https:\/\/www.groupe-sos.org\/es\/?s={search_term_string}"},"query-input":{"@type":"PropertyValueSpecification","valueRequired":true,"valueName":"search_term_string"}}],"inLanguage":"es"},{"@type":"Organization","@id":"https:\/\/www.groupe-sos.org\/es\/#organization","name":"Groupe SOS","alternateName":"Entreprendre au profit de tous","url":"https:\/\/www.groupe-sos.org\/es\/","logo":{"@type":"ImageObject","inLanguage":"es","@id":"https:\/\/www.groupe-sos.org\/es\/#\/schema\/logo\/image\/","url":"https:\/\/www.groupe-sos.org\/wp-content\/uploads\/2022\/06\/groupe-sos-logo-1.png","contentUrl":"https:\/\/www.groupe-sos.org\/wp-content\/uploads\/2022\/06\/groupe-sos-logo-1.png","width":300,"height":60,"caption":"Groupe SOS"},"image":{"@id":"https:\/\/www.groupe-sos.org\/es\/#\/schema\/logo\/image\/"},"sameAs":["https:\/\/www.facebook.com\/GroupeSOS\/","https:\/\/x.com\/groupesos","https:\/\/www.instagram.com\/groupe_sos\/","https:\/\/www.linkedin.com\/company\/groupe-sos\/?originalSubdomain=fr"]}]}},"_links":{"self":[{"href":"https:\/\/www.groupe-sos.org\/es\/wp-json\/wp\/v2\/pages\/187906","targetHints":{"allow":["GET"]}}],"collection":[{"href":"https:\/\/www.groupe-sos.org\/es\/wp-json\/wp\/v2\/pages"}],"about":[{"href":"https:\/\/www.groupe-sos.org\/es\/wp-json\/wp\/v2\/types\/page"}],"author":[{"embeddable":true,"href":"https:\/\/www.groupe-sos.org\/es\/wp-json\/wp\/v2\/users\/1"}],"replies":[{"embeddable":true,"href":"https:\/\/www.groupe-sos.org\/es\/wp-json\/wp\/v2\/comments?post=187906"}],"version-history":[{"count":3,"href":"https:\/\/www.groupe-sos.org\/es\/wp-json\/wp\/v2\/pages\/187906\/revisions"}],"predecessor-version":[{"id":211383,"href":"https:\/\/www.groupe-sos.org\/es\/wp-json\/wp\/v2\/pages\/187906\/revisions\/211383"}],"up":[{"embeddable":true,"href":"https:\/\/www.groupe-sos.org\/es\/wp-json\/wp\/v2\/pages\/186670"}],"wp:attachment":[{"href":"https:\/\/www.groupe-sos.org\/es\/wp-json\/wp\/v2\/media?parent=187906"}],"wp:term":[{"taxonomy":"secteur","embeddable":true,"href":"https:\/\/www.groupe-sos.org\/es\/wp-json\/wp\/v2\/secteur?post=187906"}],"curies":[{"name":"wp","href":"https:\/\/api.w.org\/{rel}","templated":true}]}}