{"id":187915,"date":"2022-12-06T14:11:27","date_gmt":"2022-12-06T13:11:27","guid":{"rendered":"https:\/\/www.groupe-sos.org\/les-personnes-vulnerables\/personnes-necessitant-des-soins\/soins-a-domicile\/"},"modified":"2025-03-06T18:08:12","modified_gmt":"2025-03-06T17:08:12","slug":"soins-a-domicile","status":"publish","type":"page","link":"https:\/\/www.groupe-sos.org\/es\/les-personnes-vulnerables\/personnes-necessitant-des-soins\/soins-a-domicile\/","title":{"rendered":"Atenci\u00f3n domiciliaria"},"content":{"rendered":"<div id=\"field_pow04208eda59fd4515\" class=\"container-fluid px-0 flexible_section heropages heropages block_hero\">\n  <div id=\"hero_pow04208eda59fd4515\" class=\"hero_container px-0\">\n   <div class=\"hero_image_outer\">\n    <img decoding=\"async\" src=\"https:\/\/www.groupe-sos.org\/wp-content\/uploads\/2022\/12\/PV_2_Soins_a_domicile-3.jpg\" alt=\"\" class=\"heroimage \" \/>\n   <\/div>\n  <\/div>\n<\/div>\n\n\n<div id=\"field_pow768679533a55410a\" class=\"container-fluid px-0 flexible_section block_columns\">\n <div id=\"field_pow768679533a55410a_inner\" class=\"container flexible_section_inner\">\n\n   <div class=\"row flexible_section_content\">\n\n   <div class=\"p-5 col-sm-12 colonne colonne1\">\n    <div class=\"colonne_inner  text-left\">\n<h3>Personas que requieren atenci\u00f3n m\u00e9dica<\/h3>\n<h1>Atenci\u00f3n domiciliaria<\/h1>\n    <\/div>\n   <\/div>\n  <\/div>\n\n <\/div>\n<\/div>\n\n\n<div id=\"field_powd3e6a89f332c4d29\" class=\"container-fluid px-0 flexible_section block_breadcrumb\">\n <div id=\"field_powd3e6a89f332c4d29_inner\" class=\"container flexible_section_inner\">\n\n  <div class=\"row flexible_section_content\">\n\n   <div class=\"breadcrumb_outer\" id=\"breadcrumb_powd3e6a89f332c4d29\">\n\n   <nav aria-label=\"breadcrumb\" id=\"breadcrumb_powd3e6a89f332c4d29_nav\">\n    <ol class=\"breadcrumb\">\n<li class=\"breadcrumb-item\"><a href=\"https:\/\/www.groupe-sos.org\/es\/les-personnes-vulnerables\/\" class=\"Paralaspersonasvulnerables \">Para las personas vulnerables<\/a><\/li>\n<li class=\"breadcrumb-item\"><a href=\"https:\/\/www.groupe-sos.org\/es\/les-personnes-vulnerables\/personnes-necessitant-des-soins\/\" class=\"Personasquerequierenatencinmdica \">Personas que requieren atenci\u00f3n m\u00e9dica\u00a0<\/a><\/li>\n<li class=\"breadcrumb-item active\" aria-current=\"page\">Atenci\u00f3n domiciliaria<\/li>\n      <\/ol>\n   <\/nav>\n\n   <\/div>\n\n  <\/div>\n\n <\/div>\n<\/div>\n\n\n<div id=\"field_powa8d425c9113b497b\" class=\"container-fluid px-0 flexible_section block_columns\">\n <div id=\"field_powa8d425c9113b497b_inner\" class=\"container flexible_section_inner\">\n\n   <div class=\"row flexible_section_content\">\n\n   <div class=\"mb-3 mb-sm-0 col-sm-6 colonne colonne1\">\n    <div class=\"colonne_inner  text-left\">\n<p><strong>El Groupe SOS posee amplia experiencia en asistencia m\u00e9dico-social a domicilio. Mediante nuestros Servicios de Atenci\u00f3n de Enfermer\u00eda a Domicilio (SAED), proporcionamos cuidados de enfermer\u00eda, que abarcan tanto procedimientos t\u00e9cnicos (como inyecciones y curas) como atenciones b\u00e1sicas y de relaci\u00f3n (como asistencia en higiene personal o en movilidad).<\/strong><\/p>\n    <\/div>\n   <\/div>\n   <div class=\"col-sm-6 colonne colonne2\">\n    <div class=\"colonne_inner  text-left\">\n<p><strong>Este servicio se pone en marcha a partir de una indicaci\u00f3n m\u00e9dica y despu\u00e9s de una valoraci\u00f3n por parte del servicio, con una duraci\u00f3n de tres meses, siendo renovable. En algunos casos, esto puede contribuir a evitar o posponer la hospitalizaci\u00f3n o el ingreso a un centro residencial.<\/strong><\/p>\n    <\/div>\n   <\/div>\n  <\/div>\n\n <\/div>\n<\/div>\n\n\n<div id=\"field_powe75d778f58624816\" class=\"container-fluid px-0 flexible_section block_adaptativetextandimage\">\n <div id=\"field_powe75d778f58624816_inner\" class=\"container flexible_section_inner\">\n\n   <div class=\"row no-gutters flexible_section_content adaptativeimage  bordertopvert\" id=\"textimagebanner_powe75d778f58624816\">\n\n   <div class=\"col-12 col-sm-7 order-2 order-sm-2 colonne colonne1 colonne1_powe75d778f58624816\">\n    <div class=\"colonne_inner text-left justify-content-start\">\n<h3>Innovar en la atenci\u00f3n domiciliaria: el ejemplo de los trastornos mentales<\/h3>\n<p>La condici\u00f3n de quienes padecen trastornos psicol\u00f3gicos en Francia es alarmante: el 15% de los j\u00f3venes de 10 a 20 a\u00f1os requieren atenci\u00f3n o supervisi\u00f3n psiqui\u00e1trica. Los trastornos mentales son el costo principal para el seguro general de salud por enfermedad, y la necesidad de atenci\u00f3n sigue creciendo. Frente a este escenario, el Groupe SOS y el GCSMS Coordinaci\u00f3n Marsellesa Salud Mental y Vivienda han lanzado un proyecto piloto, denominado Seguimiento Intensivo para la Inclusi\u00f3n Social (SIIS) &#8211; Salud Mental, respaldado por la CNAM y la ARS. La idea central: brindar soporte y atenci\u00f3n en el hogar para potenciar el cuidado. Es una iniciativa pionera en Francia que, a futuro, tambi\u00e9n podr\u00eda contribuir a liberar plazas hospitalarias y disminuir los gastos de rehabilitaci\u00f3n.<\/p>\n    <\/div>\n   <\/div>\n   <div class=\"col-12 col-sm-5 order-1 order-sm-1 colonne colonne2 colonne2_powe75d778f58624816\">\n   <\/div>\n  <\/div>\n\n <\/div>\n<\/div>\n","protected":false},"excerpt":{"rendered":"<p>Le Groupe SOS a d\u00e9velopp\u00e9 une expertise solide d\u2019aide m\u00e9dico-sociale \u00e0 domicile. \u00c0 travers nos Services de soins infirmiers \u00e0 domicile (SSIAD), nous assurons une prestation de soins infirmiers int\u00e9grant des soins techniques (injections, pansements\u2026) et des soins de base et relationnels (aide \u00e0 la toilette, aide \u00e0 la mobilisation\u2026). <\/p>\n","protected":false},"author":1,"featured_media":0,"parent":186670,"menu_order":216,"comment_status":"closed","ping_status":"closed","template":"page-templates\/page-poles.php","meta":{"_acf_changed":false,"footnotes":""},"secteur":[],"class_list":["post-187915","page","type-page","status-publish","hentry"],"acf":[],"yoast_head":"<!-- This site is optimized with the Yoast SEO plugin v27.4 - https:\/\/yoast.com\/product\/yoast-seo-wordpress\/ -->\n<title>Atenci\u00f3n domiciliaria - Groupe SOS<\/title>\n<meta name=\"description\" content=\"Le Groupe SOS a d\u00e9velopp\u00e9 une expertise solide d\u2019aide m\u00e9dico-sociale \u00e0 domicile. \u00c0 travers nos Services de soins infirmiers \u00e0 domicile (SSIAD), nous assurons une prestation de soins infirmiers int\u00e9grant des soins techniques (injections, pansements\u2026) et des soins de base et relationnels (aide \u00e0 la toilette, aide \u00e0 la mobilisation\u2026).\" \/>\n<meta name=\"robots\" content=\"index, follow, max-snippet:-1, max-image-preview:large, max-video-preview:-1\" \/>\n<link rel=\"canonical\" href=\"https:\/\/www.groupe-sos.org\/es\/les-personnes-vulnerables\/personnes-necessitant-des-soins\/soins-a-domicile\/\" \/>\n<meta property=\"og:locale\" content=\"es_ES\" \/>\n<meta property=\"og:type\" content=\"article\" \/>\n<meta property=\"og:title\" content=\"Atenci\u00f3n domiciliaria - Groupe SOS\" \/>\n<meta property=\"og:description\" content=\"Le Groupe SOS a d\u00e9velopp\u00e9 une expertise solide d\u2019aide m\u00e9dico-sociale \u00e0 domicile. \u00c0 travers nos Services de soins infirmiers \u00e0 domicile (SSIAD), nous assurons une prestation de soins infirmiers int\u00e9grant des soins techniques (injections, pansements\u2026) et des soins de base et relationnels (aide \u00e0 la toilette, aide \u00e0 la mobilisation\u2026).\" \/>\n<meta property=\"og:url\" content=\"https:\/\/www.groupe-sos.org\/es\/les-personnes-vulnerables\/personnes-necessitant-des-soins\/soins-a-domicile\/\" \/>\n<meta property=\"og:site_name\" content=\"Groupe SOS\" \/>\n<meta property=\"article:publisher\" content=\"https:\/\/www.facebook.com\/GroupeSOS\/\" \/>\n<meta property=\"article:modified_time\" content=\"2025-03-06T17:08:12+00:00\" \/>\n<meta name=\"twitter:card\" content=\"summary_large_image\" \/>\n<meta name=\"twitter:site\" content=\"@groupesos\" \/>\n<meta name=\"twitter:label1\" content=\"Tiempo de lectura\" \/>\n\t<meta name=\"twitter:data1\" content=\"2 minutos\" \/>\n<script type=\"application\/ld+json\" class=\"yoast-schema-graph\">{\"@context\":\"https:\\\/\\\/schema.org\",\"@graph\":[{\"@type\":\"WebPage\",\"@id\":\"https:\\\/\\\/www.groupe-sos.org\\\/es\\\/les-personnes-vulnerables\\\/personnes-necessitant-des-soins\\\/soins-a-domicile\\\/\",\"url\":\"https:\\\/\\\/www.groupe-sos.org\\\/es\\\/les-personnes-vulnerables\\\/personnes-necessitant-des-soins\\\/soins-a-domicile\\\/\",\"name\":\"Atenci\u00f3n domiciliaria - Groupe SOS\",\"isPartOf\":{\"@id\":\"https:\\\/\\\/www.groupe-sos.org\\\/es\\\/#website\"},\"datePublished\":\"2022-12-06T13:11:27+00:00\",\"dateModified\":\"2025-03-06T17:08:12+00:00\",\"description\":\"Le Groupe SOS a d\u00e9velopp\u00e9 une expertise solide d\u2019aide m\u00e9dico-sociale \u00e0 domicile. \u00c0 travers nos Services de soins infirmiers \u00e0 domicile (SSIAD), nous assurons une prestation de soins infirmiers int\u00e9grant des soins techniques (injections, pansements\u2026) et des soins de base et relationnels (aide \u00e0 la toilette, aide \u00e0 la mobilisation\u2026).\",\"breadcrumb\":{\"@id\":\"https:\\\/\\\/www.groupe-sos.org\\\/es\\\/les-personnes-vulnerables\\\/personnes-necessitant-des-soins\\\/soins-a-domicile\\\/#breadcrumb\"},\"inLanguage\":\"es\",\"potentialAction\":[{\"@type\":\"ReadAction\",\"target\":[\"https:\\\/\\\/www.groupe-sos.org\\\/es\\\/les-personnes-vulnerables\\\/personnes-necessitant-des-soins\\\/soins-a-domicile\\\/\"]}]},{\"@type\":\"BreadcrumbList\",\"@id\":\"https:\\\/\\\/www.groupe-sos.org\\\/es\\\/les-personnes-vulnerables\\\/personnes-necessitant-des-soins\\\/soins-a-domicile\\\/#breadcrumb\",\"itemListElement\":[{\"@type\":\"ListItem\",\"position\":1,\"name\":\"Home\",\"item\":\"https:\\\/\\\/www.groupe-sos.org\\\/es\\\/\"},{\"@type\":\"ListItem\",\"position\":2,\"name\":\"Para las personas vulnerables\",\"item\":\"https:\\\/\\\/www.groupe-sos.org\\\/es\\\/les-personnes-vulnerables\\\/\"},{\"@type\":\"ListItem\",\"position\":3,\"name\":\"Personas que requieren atenci\u00f3n m\u00e9dica\u00a0\",\"item\":\"https:\\\/\\\/www.groupe-sos.org\\\/es\\\/personnes-necessitant-des-soins\\\/\"},{\"@type\":\"ListItem\",\"position\":4,\"name\":\"Atenci\u00f3n domiciliaria\"}]},{\"@type\":\"WebSite\",\"@id\":\"https:\\\/\\\/www.groupe-sos.org\\\/es\\\/#website\",\"url\":\"https:\\\/\\\/www.groupe-sos.org\\\/es\\\/\",\"name\":\"Groupe SOS Entreprendre au profit de tous\",\"description\":\"Entreprendre au profit de tous\",\"publisher\":{\"@id\":\"https:\\\/\\\/www.groupe-sos.org\\\/es\\\/#organization\"},\"alternateName\":\"Groupe SOS\",\"potentialAction\":[{\"@type\":\"SearchAction\",\"target\":{\"@type\":\"EntryPoint\",\"urlTemplate\":\"https:\\\/\\\/www.groupe-sos.org\\\/es\\\/?s={search_term_string}\"},\"query-input\":{\"@type\":\"PropertyValueSpecification\",\"valueRequired\":true,\"valueName\":\"search_term_string\"}}],\"inLanguage\":\"es\"},{\"@type\":\"Organization\",\"@id\":\"https:\\\/\\\/www.groupe-sos.org\\\/es\\\/#organization\",\"name\":\"Groupe SOS\",\"alternateName\":\"Entreprendre au profit de tous\",\"url\":\"https:\\\/\\\/www.groupe-sos.org\\\/es\\\/\",\"logo\":{\"@type\":\"ImageObject\",\"inLanguage\":\"es\",\"@id\":\"https:\\\/\\\/www.groupe-sos.org\\\/es\\\/#\\\/schema\\\/logo\\\/image\\\/\",\"url\":\"https:\\\/\\\/www.groupe-sos.org\\\/wp-content\\\/uploads\\\/2022\\\/06\\\/groupe-sos-logo-1.png\",\"contentUrl\":\"https:\\\/\\\/www.groupe-sos.org\\\/wp-content\\\/uploads\\\/2022\\\/06\\\/groupe-sos-logo-1.png\",\"width\":300,\"height\":60,\"caption\":\"Groupe SOS\"},\"image\":{\"@id\":\"https:\\\/\\\/www.groupe-sos.org\\\/es\\\/#\\\/schema\\\/logo\\\/image\\\/\"},\"sameAs\":[\"https:\\\/\\\/www.facebook.com\\\/GroupeSOS\\\/\",\"https:\\\/\\\/x.com\\\/groupesos\",\"https:\\\/\\\/www.instagram.com\\\/groupe_sos\\\/\",\"https:\\\/\\\/www.linkedin.com\\\/company\\\/groupe-sos\\\/?originalSubdomain=fr\"]}]}<\/script>\n<!-- \/ Yoast SEO plugin. -->","yoast_head_json":{"title":"Atenci\u00f3n domiciliaria - Groupe SOS","description":"Le Groupe SOS a d\u00e9velopp\u00e9 une expertise solide d\u2019aide m\u00e9dico-sociale \u00e0 domicile. \u00c0 travers nos Services de soins infirmiers \u00e0 domicile (SSIAD), nous assurons une prestation de soins infirmiers int\u00e9grant des soins techniques (injections, pansements\u2026) et des soins de base et relationnels (aide \u00e0 la toilette, aide \u00e0 la mobilisation\u2026).","robots":{"index":"index","follow":"follow","max-snippet":"max-snippet:-1","max-image-preview":"max-image-preview:large","max-video-preview":"max-video-preview:-1"},"canonical":"https:\/\/www.groupe-sos.org\/es\/les-personnes-vulnerables\/personnes-necessitant-des-soins\/soins-a-domicile\/","og_locale":"es_ES","og_type":"article","og_title":"Atenci\u00f3n domiciliaria - Groupe SOS","og_description":"Le Groupe SOS a d\u00e9velopp\u00e9 une expertise solide d\u2019aide m\u00e9dico-sociale \u00e0 domicile. \u00c0 travers nos Services de soins infirmiers \u00e0 domicile (SSIAD), nous assurons une prestation de soins infirmiers int\u00e9grant des soins techniques (injections, pansements\u2026) et des soins de base et relationnels (aide \u00e0 la toilette, aide \u00e0 la mobilisation\u2026).","og_url":"https:\/\/www.groupe-sos.org\/es\/les-personnes-vulnerables\/personnes-necessitant-des-soins\/soins-a-domicile\/","og_site_name":"Groupe SOS","article_publisher":"https:\/\/www.facebook.com\/GroupeSOS\/","article_modified_time":"2025-03-06T17:08:12+00:00","twitter_card":"summary_large_image","twitter_site":"@groupesos","twitter_misc":{"Tiempo de lectura":"2 minutos"},"schema":{"@context":"https:\/\/schema.org","@graph":[{"@type":"WebPage","@id":"https:\/\/www.groupe-sos.org\/es\/les-personnes-vulnerables\/personnes-necessitant-des-soins\/soins-a-domicile\/","url":"https:\/\/www.groupe-sos.org\/es\/les-personnes-vulnerables\/personnes-necessitant-des-soins\/soins-a-domicile\/","name":"Atenci\u00f3n domiciliaria - Groupe SOS","isPartOf":{"@id":"https:\/\/www.groupe-sos.org\/es\/#website"},"datePublished":"2022-12-06T13:11:27+00:00","dateModified":"2025-03-06T17:08:12+00:00","description":"Le Groupe SOS a d\u00e9velopp\u00e9 une expertise solide d\u2019aide m\u00e9dico-sociale \u00e0 domicile. \u00c0 travers nos Services de soins infirmiers \u00e0 domicile (SSIAD), nous assurons une prestation de soins infirmiers int\u00e9grant des soins techniques (injections, pansements\u2026) et des soins de base et relationnels (aide \u00e0 la toilette, aide \u00e0 la mobilisation\u2026).","breadcrumb":{"@id":"https:\/\/www.groupe-sos.org\/es\/les-personnes-vulnerables\/personnes-necessitant-des-soins\/soins-a-domicile\/#breadcrumb"},"inLanguage":"es","potentialAction":[{"@type":"ReadAction","target":["https:\/\/www.groupe-sos.org\/es\/les-personnes-vulnerables\/personnes-necessitant-des-soins\/soins-a-domicile\/"]}]},{"@type":"BreadcrumbList","@id":"https:\/\/www.groupe-sos.org\/es\/les-personnes-vulnerables\/personnes-necessitant-des-soins\/soins-a-domicile\/#breadcrumb","itemListElement":[{"@type":"ListItem","position":1,"name":"Home","item":"https:\/\/www.groupe-sos.org\/es\/"},{"@type":"ListItem","position":2,"name":"Para las personas vulnerables","item":"https:\/\/www.groupe-sos.org\/es\/les-personnes-vulnerables\/"},{"@type":"ListItem","position":3,"name":"Personas que requieren atenci\u00f3n m\u00e9dica\u00a0","item":"https:\/\/www.groupe-sos.org\/es\/personnes-necessitant-des-soins\/"},{"@type":"ListItem","position":4,"name":"Atenci\u00f3n domiciliaria"}]},{"@type":"WebSite","@id":"https:\/\/www.groupe-sos.org\/es\/#website","url":"https:\/\/www.groupe-sos.org\/es\/","name":"Groupe SOS Entreprendre au profit de tous","description":"Entreprendre au profit de tous","publisher":{"@id":"https:\/\/www.groupe-sos.org\/es\/#organization"},"alternateName":"Groupe SOS","potentialAction":[{"@type":"SearchAction","target":{"@type":"EntryPoint","urlTemplate":"https:\/\/www.groupe-sos.org\/es\/?s={search_term_string}"},"query-input":{"@type":"PropertyValueSpecification","valueRequired":true,"valueName":"search_term_string"}}],"inLanguage":"es"},{"@type":"Organization","@id":"https:\/\/www.groupe-sos.org\/es\/#organization","name":"Groupe SOS","alternateName":"Entreprendre au profit de tous","url":"https:\/\/www.groupe-sos.org\/es\/","logo":{"@type":"ImageObject","inLanguage":"es","@id":"https:\/\/www.groupe-sos.org\/es\/#\/schema\/logo\/image\/","url":"https:\/\/www.groupe-sos.org\/wp-content\/uploads\/2022\/06\/groupe-sos-logo-1.png","contentUrl":"https:\/\/www.groupe-sos.org\/wp-content\/uploads\/2022\/06\/groupe-sos-logo-1.png","width":300,"height":60,"caption":"Groupe SOS"},"image":{"@id":"https:\/\/www.groupe-sos.org\/es\/#\/schema\/logo\/image\/"},"sameAs":["https:\/\/www.facebook.com\/GroupeSOS\/","https:\/\/x.com\/groupesos","https:\/\/www.instagram.com\/groupe_sos\/","https:\/\/www.linkedin.com\/company\/groupe-sos\/?originalSubdomain=fr"]}]}},"_links":{"self":[{"href":"https:\/\/www.groupe-sos.org\/es\/wp-json\/wp\/v2\/pages\/187915","targetHints":{"allow":["GET"]}}],"collection":[{"href":"https:\/\/www.groupe-sos.org\/es\/wp-json\/wp\/v2\/pages"}],"about":[{"href":"https:\/\/www.groupe-sos.org\/es\/wp-json\/wp\/v2\/types\/page"}],"author":[{"embeddable":true,"href":"https:\/\/www.groupe-sos.org\/es\/wp-json\/wp\/v2\/users\/1"}],"replies":[{"embeddable":true,"href":"https:\/\/www.groupe-sos.org\/es\/wp-json\/wp\/v2\/comments?post=187915"}],"version-history":[{"count":3,"href":"https:\/\/www.groupe-sos.org\/es\/wp-json\/wp\/v2\/pages\/187915\/revisions"}],"predecessor-version":[{"id":211385,"href":"https:\/\/www.groupe-sos.org\/es\/wp-json\/wp\/v2\/pages\/187915\/revisions\/211385"}],"up":[{"embeddable":true,"href":"https:\/\/www.groupe-sos.org\/es\/wp-json\/wp\/v2\/pages\/186670"}],"wp:attachment":[{"href":"https:\/\/www.groupe-sos.org\/es\/wp-json\/wp\/v2\/media?parent=187915"}],"wp:term":[{"taxonomy":"secteur","embeddable":true,"href":"https:\/\/www.groupe-sos.org\/es\/wp-json\/wp\/v2\/secteur?post=187915"}],"curies":[{"name":"wp","href":"https:\/\/api.w.org\/{rel}","templated":true}]}}