{"id":187923,"date":"2022-12-06T14:12:11","date_gmt":"2022-12-06T13:12:11","guid":{"rendered":"https:\/\/www.groupe-sos.org\/les-personnes-vulnerables\/personnes-necessitant-des-soins\/soins-avec-hebergement-temporaire\/"},"modified":"2024-01-05T16:04:02","modified_gmt":"2024-01-05T15:04:02","slug":"soins-avec-hebergement-temporaire","status":"publish","type":"page","link":"https:\/\/www.groupe-sos.org\/es\/les-personnes-vulnerables\/personnes-necessitant-des-soins\/soins-avec-hebergement-temporaire\/","title":{"rendered":"Cuidados con alojamiento temporal"},"content":{"rendered":"<div id=\"field_pow6371ba1ec9444cd0\" class=\"container-fluid px-0 flexible_section heropages heropages block_hero\">\n  <div id=\"hero_pow6371ba1ec9444cd0\" class=\"hero_container px-0\">\n   <div class=\"hero_image_outer\">\n    <img decoding=\"async\" src=\"https:\/\/www.groupe-sos.org\/wp-content\/uploads\/2022\/12\/PV_2_Soins_avec_hebergement_temporaire1.jpg\" alt=\"\" class=\"heroimage \" \/>\n   <\/div>\n  <\/div>\n<\/div>\n\n\n<div id=\"field_powa1a64a8b2b384476\" class=\"container-fluid px-0 flexible_section block_columns\">\n <div id=\"field_powa1a64a8b2b384476_inner\" class=\"container flexible_section_inner\">\n\n   <div class=\"row flexible_section_content\">\n\n   <div class=\"p-5 col-sm-12 colonne colonne1\">\n    <div class=\"colonne_inner  text-left\">\n<h3>Personas que requieren atenci\u00f3n m\u00e9dica<\/h3>\n<h1>Cuidados con alojamiento temporal<\/h1>\n    <\/div>\n   <\/div>\n  <\/div>\n\n <\/div>\n<\/div>\n\n\n<div id=\"field_powd3e6a89f332c4d29\" class=\"container-fluid px-0 flexible_section block_breadcrumb\">\n <div id=\"field_powd3e6a89f332c4d29_inner\" class=\"container flexible_section_inner\">\n\n  <div class=\"row flexible_section_content\">\n\n   <div class=\"breadcrumb_outer\" id=\"breadcrumb_powd3e6a89f332c4d29\">\n\n   <nav aria-label=\"breadcrumb\" id=\"breadcrumb_powd3e6a89f332c4d29_nav\">\n    <ol class=\"breadcrumb\">\n<li class=\"breadcrumb-item\"><a href=\"https:\/\/www.groupe-sos.org\/es\/les-personnes-vulnerables\/\" class=\"Paralaspersonasvulnerables \">Para las personas vulnerables<\/a><\/li>\n<li class=\"breadcrumb-item\"><a href=\"https:\/\/www.groupe-sos.org\/es\/les-personnes-vulnerables\/personnes-necessitant-des-soins\/\" class=\"Personasquerequierenatencinmdica \">Personas que requieren atenci\u00f3n m\u00e9dica\u00a0<\/a><\/li>\n<li class=\"breadcrumb-item active\" aria-current=\"page\">Cuidados con alojamiento temporal<\/li>\n      <\/ol>\n   <\/nav>\n\n   <\/div>\n\n  <\/div>\n\n <\/div>\n<\/div>\n\n\n<div id=\"field_powd7587f05bf90495f\" class=\"container-fluid px-0 flexible_section block_columns\">\n <div id=\"field_powd7587f05bf90495f_inner\" class=\"container flexible_section_inner\">\n\n   <div class=\"row flexible_section_content\">\n\n   <div class=\"mb-3 mb-sm-0 col-sm-6 colonne colonne1\">\n    <div class=\"colonne_inner  text-left\">\n<p>Recibir atenci\u00f3n m\u00e9dica en buenas condiciones es un derecho fundamental. Para ciertos grupos, en situaci\u00f3n de fragilidad, el acceso a la atenci\u00f3n puede ser dif\u00edcil y puede resultar en retrasos en el diagn\u00f3stico, tratamiento o interrupciones en el tratamiento&#8230;<\/p>\n    <\/div>\n   <\/div>\n   <div class=\"col-sm-6 colonne colonne2\">\n    <div class=\"colonne_inner  text-left\">\n<p>Ofrecemos a las personas en situaciones de aislamiento y precariedad soluciones de alojamiento para prevenir el empeoramiento de su salud y hacer posible la coordinaci\u00f3n de cuidados.<\/p>\n    <\/div>\n   <\/div>\n  <\/div>\n\n <\/div>\n<\/div>\n\n\n<div id=\"field_pow33e87feae2d242d0\" class=\"container-fluid px-0 flexible_section block_components\">\n <div id=\"field_pow33e87feae2d242d0_inner\" class=\"container flexible_section_inner\">\n\n   <div class=\"row flexible_section_content\">\n\n   <div class=\" col-sm-4 component component_1  \">\n    <div class=\"colonne_inner \">\n  <div class=\"counters row\" id=\"counter_pow33e87feae2d242d0_1_outer\">\n   <div id=\"counter_pow33e87feae2d242d0_1_0\" class=\"counters col-12 px-3\">\n    <div class=\"counters_inner \">\n<div class=\"compteur_nosactions bg-rose\">\r\n<div class=\"h2 text-center\"><span id=\"counter_pow33e87feae2d242d0_1_0_value\">0<\/span><\/div>\r\n<div class=\"text-center\">Establecimientos<\/div>\r\n<\/div>    <\/div>\n   <\/div>\n  <\/div>\n\n    <\/div>\n   <\/div>\n   <div class=\" col-sm-4 component component_2  \">\n    <div class=\"colonne_inner \">\n  <div class=\"counters row\" id=\"counter_pow33e87feae2d242d0_2_outer\">\n   <div id=\"counter_pow33e87feae2d242d0_2_0\" class=\"counters col-12 px-3\">\n    <div class=\"counters_inner \">\n<div class=\"compteur_nosactions bg-rose\">\r\n<div class=\"h2 text-center\"><span id=\"counter_pow33e87feae2d242d0_2_0_value\">0<\/span><\/div>\r\n<div class=\"text-center\">Beneficiarios<\/div>\r\n<\/div>    <\/div>\n   <\/div>\n  <\/div>\n\n    <\/div>\n   <\/div>\n   <div class=\" col-sm-4 component component_3  \">\n    <div class=\"colonne_inner \">\n  <div class=\"counters row\" id=\"counter_pow33e87feae2d242d0_3_outer\">\n   <div id=\"counter_pow33e87feae2d242d0_3_0\" class=\"counters col-12 px-3\">\n    <div class=\"counters_inner \">\n<div class=\"compteur_nosactions bg-rose\">\r\n<div class=\"h2 text-center\"><span id=\"counter_pow33e87feae2d242d0_3_0_value\">0<\/span><\/div>\r\n<div class=\"text-center\">Plazas de alojamiento<\/div>\r\n<\/div>    <\/div>\n   <\/div>\n  <\/div>\n\n    <\/div>\n   <\/div>\n  <\/div>\n\n <\/div>\n<\/div>\n<script type=\"text\/javascript\">\r\n\t\t\t\tjQuery(document).ready(function() {\r\n\t\t\t\t\t\t\r\n\r\n\t\t\tjQuery('#counter_pow33e87feae2d242d0_1_outer').one('inview', function(event, isInView) {\r\n\t\t\t\tif (isInView) {\r\n\t\t\t\t\tjQuery('#counter_pow33e87feae2d242d0_1_0_value').numerator({ toValue: 28,\r\n\t\t\teasing: 'linear',\r\n\t\t\tduration: 2000,\r\n\t\t\trounding: 0\r\n\t\t});\n\r\n\t\t\t\t} \r\n\t\t\t});\r\n\r\n\t\t\tjQuery('#counter_pow33e87feae2d242d0_2_outer').one('inview', function(event, isInView) {\r\n\t\t\t\tif (isInView) {\r\n\t\t\t\t\tjQuery('#counter_pow33e87feae2d242d0_2_0_value').numerator({ toValue: 1168,\r\n\t\t\teasing: 'linear',\r\n\t\t\tduration: 2000,\r\n\t\t\trounding: 0\r\n\t\t});\n\r\n\t\t\t\t} \r\n\t\t\t});\r\n\r\n\t\t\tjQuery('#counter_pow33e87feae2d242d0_3_outer').one('inview', function(event, isInView) {\r\n\t\t\t\tif (isInView) {\r\n\t\t\t\t\tjQuery('#counter_pow33e87feae2d242d0_3_0_value').numerator({ toValue: 791,\r\n\t\t\teasing: 'linear',\r\n\t\t\tduration: 2000,\r\n\t\t\trounding: 0\r\n\t\t});\n\r\n\t\t\t\t} \r\n\t\t\t});\n\r\n\t\t\t\t});\t\t\r\n\t\t\t<\/script>\n\n<div id=\"field_pow838f77c571494b8e\" class=\"container-fluid px-0 flexible_section block_adaptativetextandimage\">\n <div id=\"field_pow838f77c571494b8e_inner\" class=\"container flexible_section_inner\">\n\n   <div class=\"row no-gutters flexible_section_content adaptativeimage  bordertopjaune bordertopjaune\" id=\"textimagebanner_pow838f77c571494b8e\">\n\n   <div class=\"col-12 col-sm-7 order-2 order-sm-2 colonne colonne1 colonne1_pow838f77c571494b8e\">\n    <div class=\"colonne_inner text-left justify-content-start\">\n<h3>Nuestros dispositivos<\/h3>\n<p class=\"Body\">Gestionamos tres dispositivos complementarios: los Apartamentos de Coordinaci\u00f3n Terap\u00e9utica (ACT) para personas con enfermedades cr\u00f3nicas severas, algunos de ellos especializados en adicciones, pediatr\u00eda o para personas reci\u00e9n liberadas de prisi\u00f3n; las Camas de Atenci\u00f3n y Salud (CASS) dedicadas a personas sin hogar que necesitan cuidados de enfermer\u00eda agudos a corto plazo; y las Camas de Acogida Medicalizadas (CAM), para personas sin hogar, con enfermedades cr\u00f3nicas severas y cuya situaci\u00f3n social no permite, a corto plazo, garantizar un tipo de alojamiento y atenci\u00f3n adecuada.<\/p>\n<p class=\"Body\">Tambi\u00e9n promovemos la innovaci\u00f3n para atender a todo el p\u00fablico en una l\u00f3gica de \u00abacercarse a\u00bb, como con la creaci\u00f3n de ACT pedi\u00e1tricos, ACT a domicilio, y CASS fuera de las instalaciones<\/p>\n    <\/div>\n   <\/div>\n   <div class=\"col-12 col-sm-5 order-1 order-sm-1 colonne colonne2 colonne2_pow838f77c571494b8e\">\n   <\/div>\n  <\/div>\n\n <\/div>\n<\/div>\n","protected":false},"excerpt":{"rendered":"<p>\u00catre soign\u00e9 dans de bonnes conditions est un droit fondamental. Pour certains publics, en situation de fragilit\u00e9, l\u2019acc\u00e8s aux soins peut \u00eatre difficile et avoir pour cons\u00e9quence des retards de diagnostic, de traitement ou des ruptures de parcours\u2026 Nous proposons aux personnes en situation d\u2019isolement et de pr\u00e9carit\u00e9 des solutions d\u2019h\u00e9bergement afin de pr\u00e9venir l\u2019aggravation de leur \u00e9tat de sant\u00e9 et de rendre possible la coordination des soins. <\/p>\n","protected":false},"author":1,"featured_media":0,"parent":186670,"menu_order":223,"comment_status":"closed","ping_status":"closed","template":"page-templates\/page-poles.php","meta":{"_acf_changed":false,"footnotes":""},"secteur":[],"class_list":["post-187923","page","type-page","status-publish","hentry"],"acf":[],"yoast_head":"<!-- This site is optimized with the Yoast SEO plugin v27.4 - https:\/\/yoast.com\/product\/yoast-seo-wordpress\/ -->\n<title>Cuidados con alojamiento temporal - Groupe SOS<\/title>\n<meta name=\"description\" content=\"\u00catre soign\u00e9 dans de bonnes conditions est un droit fondamental. Pour certains publics, en situation de fragilit\u00e9, l\u2019acc\u00e8s aux soins peut \u00eatre difficile et avoir pour cons\u00e9quence des retards de diagnostic, de traitement ou des ruptures de parcours\u2026 Nous proposons aux personnes en situation d\u2019isolement et de pr\u00e9carit\u00e9 des solutions d\u2019h\u00e9bergement afin de pr\u00e9venir l\u2019aggravation de leur \u00e9tat de sant\u00e9 et de rendre possible la coordination des soins.\" \/>\n<meta name=\"robots\" content=\"index, follow, max-snippet:-1, max-image-preview:large, max-video-preview:-1\" \/>\n<link rel=\"canonical\" href=\"https:\/\/www.groupe-sos.org\/es\/les-personnes-vulnerables\/personnes-necessitant-des-soins\/soins-avec-hebergement-temporaire\/\" \/>\n<meta property=\"og:locale\" content=\"es_ES\" \/>\n<meta property=\"og:type\" content=\"article\" \/>\n<meta property=\"og:title\" content=\"Cuidados con alojamiento temporal - Groupe SOS\" \/>\n<meta property=\"og:description\" content=\"\u00catre soign\u00e9 dans de bonnes conditions est un droit fondamental. Pour certains publics, en situation de fragilit\u00e9, l\u2019acc\u00e8s aux soins peut \u00eatre difficile et avoir pour cons\u00e9quence des retards de diagnostic, de traitement ou des ruptures de parcours\u2026 Nous proposons aux personnes en situation d\u2019isolement et de pr\u00e9carit\u00e9 des solutions d\u2019h\u00e9bergement afin de pr\u00e9venir l\u2019aggravation de leur \u00e9tat de sant\u00e9 et de rendre possible la coordination des soins.\" \/>\n<meta property=\"og:url\" content=\"https:\/\/www.groupe-sos.org\/es\/les-personnes-vulnerables\/personnes-necessitant-des-soins\/soins-avec-hebergement-temporaire\/\" \/>\n<meta property=\"og:site_name\" content=\"Groupe SOS\" \/>\n<meta property=\"article:publisher\" content=\"https:\/\/www.facebook.com\/GroupeSOS\/\" \/>\n<meta property=\"article:modified_time\" content=\"2024-01-05T15:04:02+00:00\" \/>\n<meta name=\"twitter:card\" content=\"summary_large_image\" \/>\n<meta name=\"twitter:site\" content=\"@groupesos\" \/>\n<meta name=\"twitter:label1\" content=\"Tiempo de lectura\" \/>\n\t<meta name=\"twitter:data1\" content=\"2 minutos\" \/>\n<script type=\"application\/ld+json\" class=\"yoast-schema-graph\">{\"@context\":\"https:\\\/\\\/schema.org\",\"@graph\":[{\"@type\":\"WebPage\",\"@id\":\"https:\\\/\\\/www.groupe-sos.org\\\/es\\\/les-personnes-vulnerables\\\/personnes-necessitant-des-soins\\\/soins-avec-hebergement-temporaire\\\/\",\"url\":\"https:\\\/\\\/www.groupe-sos.org\\\/es\\\/les-personnes-vulnerables\\\/personnes-necessitant-des-soins\\\/soins-avec-hebergement-temporaire\\\/\",\"name\":\"Cuidados con alojamiento temporal - Groupe SOS\",\"isPartOf\":{\"@id\":\"https:\\\/\\\/www.groupe-sos.org\\\/es\\\/#website\"},\"datePublished\":\"2022-12-06T13:12:11+00:00\",\"dateModified\":\"2024-01-05T15:04:02+00:00\",\"description\":\"\u00catre soign\u00e9 dans de bonnes conditions est un droit fondamental. Pour certains publics, en situation de fragilit\u00e9, l\u2019acc\u00e8s aux soins peut \u00eatre difficile et avoir pour cons\u00e9quence des retards de diagnostic, de traitement ou des ruptures de parcours\u2026 Nous proposons aux personnes en situation d\u2019isolement et de pr\u00e9carit\u00e9 des solutions d\u2019h\u00e9bergement afin de pr\u00e9venir l\u2019aggravation de leur \u00e9tat de sant\u00e9 et de rendre possible la coordination des soins.\",\"breadcrumb\":{\"@id\":\"https:\\\/\\\/www.groupe-sos.org\\\/es\\\/les-personnes-vulnerables\\\/personnes-necessitant-des-soins\\\/soins-avec-hebergement-temporaire\\\/#breadcrumb\"},\"inLanguage\":\"es\",\"potentialAction\":[{\"@type\":\"ReadAction\",\"target\":[\"https:\\\/\\\/www.groupe-sos.org\\\/es\\\/les-personnes-vulnerables\\\/personnes-necessitant-des-soins\\\/soins-avec-hebergement-temporaire\\\/\"]}]},{\"@type\":\"BreadcrumbList\",\"@id\":\"https:\\\/\\\/www.groupe-sos.org\\\/es\\\/les-personnes-vulnerables\\\/personnes-necessitant-des-soins\\\/soins-avec-hebergement-temporaire\\\/#breadcrumb\",\"itemListElement\":[{\"@type\":\"ListItem\",\"position\":1,\"name\":\"Home\",\"item\":\"https:\\\/\\\/www.groupe-sos.org\\\/es\\\/\"},{\"@type\":\"ListItem\",\"position\":2,\"name\":\"Para las personas vulnerables\",\"item\":\"https:\\\/\\\/www.groupe-sos.org\\\/es\\\/les-personnes-vulnerables\\\/\"},{\"@type\":\"ListItem\",\"position\":3,\"name\":\"Personas que requieren atenci\u00f3n m\u00e9dica\u00a0\",\"item\":\"https:\\\/\\\/www.groupe-sos.org\\\/es\\\/personnes-necessitant-des-soins\\\/\"},{\"@type\":\"ListItem\",\"position\":4,\"name\":\"Cuidados con alojamiento temporal\"}]},{\"@type\":\"WebSite\",\"@id\":\"https:\\\/\\\/www.groupe-sos.org\\\/es\\\/#website\",\"url\":\"https:\\\/\\\/www.groupe-sos.org\\\/es\\\/\",\"name\":\"Groupe SOS Entreprendre au profit de tous\",\"description\":\"Entreprendre au profit de tous\",\"publisher\":{\"@id\":\"https:\\\/\\\/www.groupe-sos.org\\\/es\\\/#organization\"},\"alternateName\":\"Groupe SOS\",\"potentialAction\":[{\"@type\":\"SearchAction\",\"target\":{\"@type\":\"EntryPoint\",\"urlTemplate\":\"https:\\\/\\\/www.groupe-sos.org\\\/es\\\/?s={search_term_string}\"},\"query-input\":{\"@type\":\"PropertyValueSpecification\",\"valueRequired\":true,\"valueName\":\"search_term_string\"}}],\"inLanguage\":\"es\"},{\"@type\":\"Organization\",\"@id\":\"https:\\\/\\\/www.groupe-sos.org\\\/es\\\/#organization\",\"name\":\"Groupe SOS\",\"alternateName\":\"Entreprendre au profit de tous\",\"url\":\"https:\\\/\\\/www.groupe-sos.org\\\/es\\\/\",\"logo\":{\"@type\":\"ImageObject\",\"inLanguage\":\"es\",\"@id\":\"https:\\\/\\\/www.groupe-sos.org\\\/es\\\/#\\\/schema\\\/logo\\\/image\\\/\",\"url\":\"https:\\\/\\\/www.groupe-sos.org\\\/wp-content\\\/uploads\\\/2022\\\/06\\\/groupe-sos-logo-1.png\",\"contentUrl\":\"https:\\\/\\\/www.groupe-sos.org\\\/wp-content\\\/uploads\\\/2022\\\/06\\\/groupe-sos-logo-1.png\",\"width\":300,\"height\":60,\"caption\":\"Groupe SOS\"},\"image\":{\"@id\":\"https:\\\/\\\/www.groupe-sos.org\\\/es\\\/#\\\/schema\\\/logo\\\/image\\\/\"},\"sameAs\":[\"https:\\\/\\\/www.facebook.com\\\/GroupeSOS\\\/\",\"https:\\\/\\\/x.com\\\/groupesos\",\"https:\\\/\\\/www.instagram.com\\\/groupe_sos\\\/\",\"https:\\\/\\\/www.linkedin.com\\\/company\\\/groupe-sos\\\/?originalSubdomain=fr\"]}]}<\/script>\n<!-- \/ Yoast SEO plugin. -->","yoast_head_json":{"title":"Cuidados con alojamiento temporal - Groupe SOS","description":"\u00catre soign\u00e9 dans de bonnes conditions est un droit fondamental. Pour certains publics, en situation de fragilit\u00e9, l\u2019acc\u00e8s aux soins peut \u00eatre difficile et avoir pour cons\u00e9quence des retards de diagnostic, de traitement ou des ruptures de parcours\u2026 Nous proposons aux personnes en situation d\u2019isolement et de pr\u00e9carit\u00e9 des solutions d\u2019h\u00e9bergement afin de pr\u00e9venir l\u2019aggravation de leur \u00e9tat de sant\u00e9 et de rendre possible la coordination des soins.","robots":{"index":"index","follow":"follow","max-snippet":"max-snippet:-1","max-image-preview":"max-image-preview:large","max-video-preview":"max-video-preview:-1"},"canonical":"https:\/\/www.groupe-sos.org\/es\/les-personnes-vulnerables\/personnes-necessitant-des-soins\/soins-avec-hebergement-temporaire\/","og_locale":"es_ES","og_type":"article","og_title":"Cuidados con alojamiento temporal - Groupe SOS","og_description":"\u00catre soign\u00e9 dans de bonnes conditions est un droit fondamental. Pour certains publics, en situation de fragilit\u00e9, l\u2019acc\u00e8s aux soins peut \u00eatre difficile et avoir pour cons\u00e9quence des retards de diagnostic, de traitement ou des ruptures de parcours\u2026 Nous proposons aux personnes en situation d\u2019isolement et de pr\u00e9carit\u00e9 des solutions d\u2019h\u00e9bergement afin de pr\u00e9venir l\u2019aggravation de leur \u00e9tat de sant\u00e9 et de rendre possible la coordination des soins.","og_url":"https:\/\/www.groupe-sos.org\/es\/les-personnes-vulnerables\/personnes-necessitant-des-soins\/soins-avec-hebergement-temporaire\/","og_site_name":"Groupe SOS","article_publisher":"https:\/\/www.facebook.com\/GroupeSOS\/","article_modified_time":"2024-01-05T15:04:02+00:00","twitter_card":"summary_large_image","twitter_site":"@groupesos","twitter_misc":{"Tiempo de lectura":"2 minutos"},"schema":{"@context":"https:\/\/schema.org","@graph":[{"@type":"WebPage","@id":"https:\/\/www.groupe-sos.org\/es\/les-personnes-vulnerables\/personnes-necessitant-des-soins\/soins-avec-hebergement-temporaire\/","url":"https:\/\/www.groupe-sos.org\/es\/les-personnes-vulnerables\/personnes-necessitant-des-soins\/soins-avec-hebergement-temporaire\/","name":"Cuidados con alojamiento temporal - Groupe SOS","isPartOf":{"@id":"https:\/\/www.groupe-sos.org\/es\/#website"},"datePublished":"2022-12-06T13:12:11+00:00","dateModified":"2024-01-05T15:04:02+00:00","description":"\u00catre soign\u00e9 dans de bonnes conditions est un droit fondamental. Pour certains publics, en situation de fragilit\u00e9, l\u2019acc\u00e8s aux soins peut \u00eatre difficile et avoir pour cons\u00e9quence des retards de diagnostic, de traitement ou des ruptures de parcours\u2026 Nous proposons aux personnes en situation d\u2019isolement et de pr\u00e9carit\u00e9 des solutions d\u2019h\u00e9bergement afin de pr\u00e9venir l\u2019aggravation de leur \u00e9tat de sant\u00e9 et de rendre possible la coordination des soins.","breadcrumb":{"@id":"https:\/\/www.groupe-sos.org\/es\/les-personnes-vulnerables\/personnes-necessitant-des-soins\/soins-avec-hebergement-temporaire\/#breadcrumb"},"inLanguage":"es","potentialAction":[{"@type":"ReadAction","target":["https:\/\/www.groupe-sos.org\/es\/les-personnes-vulnerables\/personnes-necessitant-des-soins\/soins-avec-hebergement-temporaire\/"]}]},{"@type":"BreadcrumbList","@id":"https:\/\/www.groupe-sos.org\/es\/les-personnes-vulnerables\/personnes-necessitant-des-soins\/soins-avec-hebergement-temporaire\/#breadcrumb","itemListElement":[{"@type":"ListItem","position":1,"name":"Home","item":"https:\/\/www.groupe-sos.org\/es\/"},{"@type":"ListItem","position":2,"name":"Para las personas vulnerables","item":"https:\/\/www.groupe-sos.org\/es\/les-personnes-vulnerables\/"},{"@type":"ListItem","position":3,"name":"Personas que requieren atenci\u00f3n m\u00e9dica\u00a0","item":"https:\/\/www.groupe-sos.org\/es\/personnes-necessitant-des-soins\/"},{"@type":"ListItem","position":4,"name":"Cuidados con alojamiento temporal"}]},{"@type":"WebSite","@id":"https:\/\/www.groupe-sos.org\/es\/#website","url":"https:\/\/www.groupe-sos.org\/es\/","name":"Groupe SOS Entreprendre au profit de tous","description":"Entreprendre au profit de tous","publisher":{"@id":"https:\/\/www.groupe-sos.org\/es\/#organization"},"alternateName":"Groupe SOS","potentialAction":[{"@type":"SearchAction","target":{"@type":"EntryPoint","urlTemplate":"https:\/\/www.groupe-sos.org\/es\/?s={search_term_string}"},"query-input":{"@type":"PropertyValueSpecification","valueRequired":true,"valueName":"search_term_string"}}],"inLanguage":"es"},{"@type":"Organization","@id":"https:\/\/www.groupe-sos.org\/es\/#organization","name":"Groupe SOS","alternateName":"Entreprendre au profit de tous","url":"https:\/\/www.groupe-sos.org\/es\/","logo":{"@type":"ImageObject","inLanguage":"es","@id":"https:\/\/www.groupe-sos.org\/es\/#\/schema\/logo\/image\/","url":"https:\/\/www.groupe-sos.org\/wp-content\/uploads\/2022\/06\/groupe-sos-logo-1.png","contentUrl":"https:\/\/www.groupe-sos.org\/wp-content\/uploads\/2022\/06\/groupe-sos-logo-1.png","width":300,"height":60,"caption":"Groupe SOS"},"image":{"@id":"https:\/\/www.groupe-sos.org\/es\/#\/schema\/logo\/image\/"},"sameAs":["https:\/\/www.facebook.com\/GroupeSOS\/","https:\/\/x.com\/groupesos","https:\/\/www.instagram.com\/groupe_sos\/","https:\/\/www.linkedin.com\/company\/groupe-sos\/?originalSubdomain=fr"]}]}},"_links":{"self":[{"href":"https:\/\/www.groupe-sos.org\/es\/wp-json\/wp\/v2\/pages\/187923","targetHints":{"allow":["GET"]}}],"collection":[{"href":"https:\/\/www.groupe-sos.org\/es\/wp-json\/wp\/v2\/pages"}],"about":[{"href":"https:\/\/www.groupe-sos.org\/es\/wp-json\/wp\/v2\/types\/page"}],"author":[{"embeddable":true,"href":"https:\/\/www.groupe-sos.org\/es\/wp-json\/wp\/v2\/users\/1"}],"replies":[{"embeddable":true,"href":"https:\/\/www.groupe-sos.org\/es\/wp-json\/wp\/v2\/comments?post=187923"}],"version-history":[{"count":3,"href":"https:\/\/www.groupe-sos.org\/es\/wp-json\/wp\/v2\/pages\/187923\/revisions"}],"predecessor-version":[{"id":187933,"href":"https:\/\/www.groupe-sos.org\/es\/wp-json\/wp\/v2\/pages\/187923\/revisions\/187933"}],"up":[{"embeddable":true,"href":"https:\/\/www.groupe-sos.org\/es\/wp-json\/wp\/v2\/pages\/186670"}],"wp:attachment":[{"href":"https:\/\/www.groupe-sos.org\/es\/wp-json\/wp\/v2\/media?parent=187923"}],"wp:term":[{"taxonomy":"secteur","embeddable":true,"href":"https:\/\/www.groupe-sos.org\/es\/wp-json\/wp\/v2\/secteur?post=187923"}],"curies":[{"name":"wp","href":"https:\/\/api.w.org\/{rel}","templated":true}]}}